{"id":4179,"date":"2024-09-21T12:15:48","date_gmt":"2024-09-21T12:15:48","guid":{"rendered":"https:\/\/legitgrams.com\/?post_type=product&#038;p=4179"},"modified":"2025-04-04T05:22:07","modified_gmt":"2025-04-04T05:22:07","slug":"charas-hash","status":"publish","type":"product","link":"https:\/\/legitgrams.com\/pl\/produkt\/charas-hash\/","title":{"rendered":"Kup Charas Hash Online"},"content":{"rendered":"<h2>Hash Charas na sprzeda\u017c<\/h2>\n<p>Zakup<a href=\"https:\/\/legitgrams.com\/pl\/produkt\/charas-hash\/\"> Charas Hash Online<\/a>. generowane przez delikatne g\u0142askanie \u017ce\u0144skich p\u0105k\u00f3w mi\u0119dzy d\u0142o\u0144mi. Przed transportem, smo\u0142a jest kompresowana do typowych kawa\u0142k\u00f3w i rozprowadzana jako kulki haszyszowe. Cieniowanie: Ciemne, czarne na zewn\u0105trz lub jasnozielone w \u015brodku. Zapach: Gor\u0105cy do bardzo pikantnego. Niepowtarzalny zapach. Smak: W przeciwie\u0144stwie do Afghani, jest odrobin\u0119 szorstki dla gard\u0142a i bardzo pikantny. Konsystencja: Jest niesamowicie mi\u0119kki i mo\u017cna go odpowiednio masowa\u0107, podobnie jak Afghani. Czasami bardzo drobny, ale zawsze g\u0119sty. Wp\u0142yw: radosny i do\u015b\u0107 intensywny. po\u0142\u0105czony z m\u00f3zgiem. Si\u0142a: Wyj\u0105tkowo pot\u0119\u017cny i silny. <a href=\"https:\/\/www.google.com\/search?q=Kup+Charas+Hash+Online&amp;sca_esv=eddefdb7b92e7545&amp;sxsrf=AHTn8zqyhUzvtH0SezSrgEcwYflgFriZPQ1743744735868&amp;ei=327vZ-bdNMbw0PEP_LXP8AM&amp;ved=0ahUKEwimyb2s072MAxVGODQIHfzaEz4Q4dUDCBA&amp;uact=5&amp;oq=Kup+Charas+Hash+Online&amp;gs_lp=Egxnd3Mtd2l6LXNlcnAiFkt1cCBDaGFyYXMgSGFzaCBPbmxpbmUyBRAhGKABMgUQIRigATIFECEYoAEyBRAhGKABMgUQIRigATIFECEYqwJIuwRQAFgAcAB4AJABAJgB-QKgAfkCqgEDMy0xuAEDyAEA-AEC-AEBmAIBoAL-ApgDAJIHAzMtMaAHzQSyBwMzLTG4B_4C&amp;sclient=gws-wiz-serp\">Charas<\/a> jest cz\u0119sto \u015bwietnym dymem, podobnie jak nepalski. (10\u201326% THC) Dost\u0119pno\u015b\u0107: niezwykle rzadka; tylko bardzo ma\u0142e ilo\u015bci s\u0105 okresowo udost\u0119pniane. Wi\u0119kszo\u015b\u0107 tego rodzaju jest importowana przez turyst\u00f3w prywatnych. haszyszu do Indii. Oczywi\u015bcie Koszt jest wyg\u00f3rowany w por\u00f3wnaniu do nepalskiego. <a href=\"https:\/\/www.bing.com\/search?q=KupCharasHashOnline&amp;qs=n&amp;form=QBRE&amp;sp=-1&amp;lq=0&amp;pq=kupcharashashonline&amp;sc=4-22&amp;sk=&amp;cvid=E8AC0F9D00B448B2B2033240A1D420C0&amp;ghsh=0&amp;ghacc=0&amp;ghpl=\">Charas<\/a> is usually sold as a hash piece called a &#8220;finger,&#8221; which resembles a hotdog. <a href=\"https:\/\/legitgrams.com\/pl\/\">LegitGrams<\/a><\/p>\n<p>Kup Charas Hash Online \u2013 Kup Hash, Kup Charas Hash, Kup <a href=\"https:\/\/en.wikipedia.org\/wiki\/Charas\">Charas<\/a> Hash, Gdzie kupi\u0107 Charas Hash, Kup Charas Hash na sprzeda\u017c, Kup Charas Hash w USA, Kanadzie, Wielkiej Brytanii, Kup online, Dostawcy, Bezpieczna dostawa, Kupuj online, <a href=\"https:\/\/duckduckgo.com\/?q=Kup+Charas+Hash+Online&amp;t=h_\">Charas Hash<\/a> jest nadal dost\u0119pny; mo\u017cesz sprawdzi\u0107 jego legalno\u015b\u0107 w USA, naby\u0107 go online i sprawdzi\u0107, czy jest legalny w Kanadzie.<\/p>","protected":false},"excerpt":{"rendered":"<p>Hash Charas for Sale Purchase Charas Hash online. generated by gently stroking the female buds between your palms. Prior to transportation, the pitch is compressed into the typical pieces and distributed as hash balls. Shading: Dark, black on the outside, or light green inside. Scent: Hot to very tangy. A unique scent. Taste: Unlike Afghani, &hellip;<\/p>\n<p class=\"read-more\"> <a class=\"\" href=\"https:\/\/legitgrams.com\/pl\/produkt\/charas-hash\/\"> <span class=\"screen-reader-text\">Kup Charas Hash Online<\/span> Czytaj wi\u0119cej \"<\/a><\/p>","protected":false},"featured_media":5372,"comment_status":"open","ping_status":"closed","template":"","meta":{"_uag_custom_page_level_css":"","site-sidebar-layout":"default","site-content-layout":"default","ast-global-header-display":"","ast-main-header-display":"","ast-hfb-above-header-display":"","ast-hfb-below-header-display":"","ast-hfb-mobile-header-display":"","site-post-title":"","ast-breadcrumbs-content":"","ast-featured-img":"","footer-sml-layout":"","theme-transparent-header-meta":"default","adv-header-id-meta":"","stick-header-meta":"default","header-above-stick-meta":"","header-main-stick-meta":"","header-below-stick-meta":"","_joinchat":[]},"product_brand":[],"product_cat":[605],"product_tag":[2532,2522,617,2514,2513,2517,2516,2524,2515,2525,2527,2534,2535,2533,2530,2529,2526,2521,2519,2531,2528,625,2520,2523,2518],"class_list":{"0":"post-4179","1":"product","2":"type-product","3":"status-publish","4":"has-post-thumbnail","6":"product_cat-hash-hashish","7":"product_tag-best-cheap-price-charas-hash","8":"product_tag-best-place-to-buy-charas-hash","9":"product_tag-bulk-online","10":"product_tag-buy-charas-hash","11":"product_tag-charas-hash","12":"product_tag-charas-hash-charas-hash-supplier","13":"product_tag-charas-hash-for-sale","14":"product_tag-charas-hash-legally","15":"product_tag-charas-hash-online","16":"product_tag-charas-hash-price","17":"product_tag-charas-hash-store","18":"product_tag-charas-hash-use","19":"product_tag-charas-hash-wiki","20":"product_tag-charas-hash-worldwide","21":"product_tag-charas-hashs","22":"product_tag-cheap-charas-hash","23":"product_tag-high-quality-charas-hash","24":"product_tag-how-to-buy-charas-hash","25":"product_tag-order-charas-hash","26":"product_tag-purcharse-charas-hash","27":"product_tag-shop-charas-hash","28":"product_tag-top-quality","29":"product_tag-where-to-buy-charas-hash","30":"product_tag-where-to-order-charas-hash","31":"product_tag-wholesale-charas-hash","32":"desktop-align-left","33":"tablet-align-left","34":"mobile-align-left","35":"ast-product-gallery-layout-horizontal","36":"ast-product-gallery-with-no-image","37":"ast-product-single-variable","38":"ast-product-tabs-layout-horizontal","39":"ast-qv-on-image","41":"first","42":"instock","43":"featured","44":"shipping-taxable","45":"purchasable","46":"product-type-variable"},"yoast_head":"<!-- This site is optimized with the Yoast SEO plugin v25.9 - https:\/\/yoast.com\/wordpress\/plugins\/seo\/ -->\n<title>Charas Hash for Sale - Buy Charas Hash Online - Order Hash<\/title>\n<meta name=\"description\" content=\"Looking for a reliable source to buy Charas Hash online? Your search ends here. Order Charas Hash online from our trusted store and enjoy a seamless buying process tailored for your research needs.\" \/>\n<meta name=\"robots\" content=\"index, follow, max-snippet:-1, max-image-preview:large, max-video-preview:-1\" \/>\n<link rel=\"canonical\" href=\"https:\/\/legitgrams.com\/pl\/produkt\/charas-hash\/\" \/>\n<meta property=\"og:locale\" content=\"pl_PL\" \/>\n<meta property=\"og:type\" content=\"article\" \/>\n<meta property=\"og:title\" content=\"Charas Hash for Sale - Buy Charas Hash Online - Order Hash\" \/>\n<meta property=\"og:description\" content=\"Looking for a reliable source to buy Charas Hash online? Your search ends here. Order Charas Hash online from our trusted store and enjoy a seamless buying process tailored for your research needs.\" \/>\n<meta property=\"og:url\" content=\"https:\/\/legitgrams.com\/pl\/produkt\/charas-hash\/\" \/>\n<meta property=\"og:site_name\" content=\"Legit Grams\" \/>\n<meta property=\"article:modified_time\" content=\"2025-04-04T05:22:07+00:00\" \/>\n<meta property=\"og:image\" content=\"https:\/\/legitgrams.com\/wp-content\/uploads\/2024\/09\/Buy-Charas-Hash-Online.jpg\" \/>\n\t<meta property=\"og:image:width\" content=\"600\" \/>\n\t<meta property=\"og:image:height\" content=\"600\" \/>\n\t<meta property=\"og:image:type\" content=\"image\/jpeg\" \/>\n<meta name=\"twitter:card\" content=\"summary_large_image\" \/>\n<meta name=\"twitter:label1\" content=\"Szacowany czas czytania\" \/>\n\t<meta name=\"twitter:data1\" content=\"2 minuty\" \/>\n<script type=\"application\/ld+json\" class=\"yoast-schema-graph\">{\"@context\":\"https:\/\/schema.org\",\"@graph\":[{\"@type\":\"WebPage\",\"@id\":\"https:\/\/legitgrams.com\/product\/charas-hash\/\",\"url\":\"https:\/\/legitgrams.com\/product\/charas-hash\/\",\"name\":\"Charas Hash for Sale - Buy Charas Hash Online - Order Hash\",\"isPartOf\":{\"@id\":\"https:\/\/legitgrams.com\/#website\"},\"primaryImageOfPage\":{\"@id\":\"https:\/\/legitgrams.com\/product\/charas-hash\/#primaryimage\"},\"image\":{\"@id\":\"https:\/\/legitgrams.com\/product\/charas-hash\/#primaryimage\"},\"thumbnailUrl\":\"https:\/\/legitgrams.com\/wp-content\/uploads\/2024\/09\/Buy-Charas-Hash-Online.jpg\",\"datePublished\":\"2024-09-21T12:15:48+00:00\",\"dateModified\":\"2025-04-04T05:22:07+00:00\",\"description\":\"Looking for a reliable source to buy Charas Hash online? Your search ends here. Order Charas Hash online from our trusted store and enjoy a seamless buying process tailored for your research needs.\",\"breadcrumb\":{\"@id\":\"https:\/\/legitgrams.com\/product\/charas-hash\/#breadcrumb\"},\"inLanguage\":\"pl-PL\",\"potentialAction\":[{\"@type\":\"ReadAction\",\"target\":[\"https:\/\/legitgrams.com\/product\/charas-hash\/\"]}]},{\"@type\":\"ImageObject\",\"inLanguage\":\"pl-PL\",\"@id\":\"https:\/\/legitgrams.com\/product\/charas-hash\/#primaryimage\",\"url\":\"https:\/\/legitgrams.com\/wp-content\/uploads\/2024\/09\/Buy-Charas-Hash-Online.jpg\",\"contentUrl\":\"https:\/\/legitgrams.com\/wp-content\/uploads\/2024\/09\/Buy-Charas-Hash-Online.jpg\",\"width\":600,\"height\":600,\"caption\":\"Charas Hash for Sale\"},{\"@type\":\"BreadcrumbList\",\"@id\":\"https:\/\/legitgrams.com\/product\/charas-hash\/#breadcrumb\",\"itemListElement\":[{\"@type\":\"ListItem\",\"position\":1,\"name\":\"Home\",\"item\":\"https:\/\/legitgrams.com\/\"},{\"@type\":\"ListItem\",\"position\":2,\"name\":\"Shop\",\"item\":\"https:\/\/legitgrams.com\/shop\/\"},{\"@type\":\"ListItem\",\"position\":3,\"name\":\"Buy Charas Hash Online\"}]},{\"@type\":\"WebSite\",\"@id\":\"https:\/\/legitgrams.com\/#website\",\"url\":\"https:\/\/legitgrams.com\/\",\"name\":\"Legit Grams\",\"description\":\"My WordPress Blog\",\"publisher\":{\"@id\":\"https:\/\/legitgrams.com\/#organization\"},\"potentialAction\":[{\"@type\":\"SearchAction\",\"target\":{\"@type\":\"EntryPoint\",\"urlTemplate\":\"https:\/\/legitgrams.com\/?s={search_term_string}\"},\"query-input\":{\"@type\":\"PropertyValueSpecification\",\"valueRequired\":true,\"valueName\":\"search_term_string\"}}],\"inLanguage\":\"pl-PL\"},{\"@type\":\"Organization\",\"@id\":\"https:\/\/legitgrams.com\/#organization\",\"name\":\"Legit Grams\",\"url\":\"https:\/\/legitgrams.com\/\",\"logo\":{\"@type\":\"ImageObject\",\"inLanguage\":\"pl-PL\",\"@id\":\"https:\/\/legitgrams.com\/#\/schema\/logo\/image\/\",\"url\":\"https:\/\/legitgrams.com\/wp-content\/uploads\/2024\/09\/main-logo.png\",\"contentUrl\":\"https:\/\/legitgrams.com\/wp-content\/uploads\/2024\/09\/main-logo.png\",\"width\":270,\"height\":75,\"caption\":\"Legit Grams\"},\"image\":{\"@id\":\"https:\/\/legitgrams.com\/#\/schema\/logo\/image\/\"}}]}<\/script>\n<!-- \/ Yoast SEO plugin. -->","yoast_head_json":{"title":"Charas Hash na sprzeda\u017c - Kup Charas Hash online - Zam\u00f3w Hash","description":"Szukasz wiarygodnego \u017ar\u00f3d\u0142a, aby kupi\u0107 Charas Hash online? Twoje poszukiwania ko\u0144cz\u0105 si\u0119 tutaj. Zam\u00f3w Charas Hash online w naszym zaufanym sklepie i ciesz si\u0119 p\u0142ynnym procesem zakupu dostosowanym do Twoich potrzeb badawczych.","robots":{"index":"index","follow":"follow","max-snippet":"max-snippet:-1","max-image-preview":"max-image-preview:large","max-video-preview":"max-video-preview:-1"},"canonical":"https:\/\/legitgrams.com\/pl\/produkt\/charas-hash\/","og_locale":"pl_PL","og_type":"article","og_title":"Charas Hash for Sale - Buy Charas Hash Online - Order Hash","og_description":"Looking for a reliable source to buy Charas Hash online? Your search ends here. Order Charas Hash online from our trusted store and enjoy a seamless buying process tailored for your research needs.","og_url":"https:\/\/legitgrams.com\/pl\/produkt\/charas-hash\/","og_site_name":"Legit Grams","article_modified_time":"2025-04-04T05:22:07+00:00","og_image":[{"width":600,"height":600,"url":"https:\/\/legitgrams.com\/wp-content\/uploads\/2024\/09\/Buy-Charas-Hash-Online.jpg","type":"image\/jpeg"}],"twitter_card":"summary_large_image","twitter_misc":{"Szacowany czas czytania":"2 minuty"},"schema":{"@context":"https:\/\/schema.org","@graph":[{"@type":"WebPage","@id":"https:\/\/legitgrams.com\/product\/charas-hash\/","url":"https:\/\/legitgrams.com\/product\/charas-hash\/","name":"Charas Hash na sprzeda\u017c - Kup Charas Hash online - Zam\u00f3w Hash","isPartOf":{"@id":"https:\/\/legitgrams.com\/#website"},"primaryImageOfPage":{"@id":"https:\/\/legitgrams.com\/product\/charas-hash\/#primaryimage"},"image":{"@id":"https:\/\/legitgrams.com\/product\/charas-hash\/#primaryimage"},"thumbnailUrl":"https:\/\/legitgrams.com\/wp-content\/uploads\/2024\/09\/Buy-Charas-Hash-Online.jpg","datePublished":"2024-09-21T12:15:48+00:00","dateModified":"2025-04-04T05:22:07+00:00","description":"Szukasz wiarygodnego \u017ar\u00f3d\u0142a, aby kupi\u0107 Charas Hash online? Twoje poszukiwania ko\u0144cz\u0105 si\u0119 tutaj. Zam\u00f3w Charas Hash online w naszym zaufanym sklepie i ciesz si\u0119 p\u0142ynnym procesem zakupu dostosowanym do Twoich potrzeb badawczych.","breadcrumb":{"@id":"https:\/\/legitgrams.com\/product\/charas-hash\/#breadcrumb"},"inLanguage":"pl-PL","potentialAction":[{"@type":"ReadAction","target":["https:\/\/legitgrams.com\/product\/charas-hash\/"]}]},{"@type":"ImageObject","inLanguage":"pl-PL","@id":"https:\/\/legitgrams.com\/product\/charas-hash\/#primaryimage","url":"https:\/\/legitgrams.com\/wp-content\/uploads\/2024\/09\/Buy-Charas-Hash-Online.jpg","contentUrl":"https:\/\/legitgrams.com\/wp-content\/uploads\/2024\/09\/Buy-Charas-Hash-Online.jpg","width":600,"height":600,"caption":"Charas Hash for Sale"},{"@type":"BreadcrumbList","@id":"https:\/\/legitgrams.com\/product\/charas-hash\/#breadcrumb","itemListElement":[{"@type":"ListItem","position":1,"name":"Home","item":"https:\/\/legitgrams.com\/"},{"@type":"ListItem","position":2,"name":"Shop","item":"https:\/\/legitgrams.com\/shop\/"},{"@type":"ListItem","position":3,"name":"Buy Charas Hash Online"}]},{"@type":"WebSite","@id":"https:\/\/legitgrams.com\/#website","url":"https:\/\/legitgrams.com\/","name":"Legit Grams","description":"M\u00f3j blog WordPress","publisher":{"@id":"https:\/\/legitgrams.com\/#organization"},"potentialAction":[{"@type":"SearchAction","target":{"@type":"EntryPoint","urlTemplate":"https:\/\/legitgrams.com\/?s={search_term_string}"},"query-input":{"@type":"PropertyValueSpecification","valueRequired":true,"valueName":"search_term_string"}}],"inLanguage":"pl-PL"},{"@type":"Organization","@id":"https:\/\/legitgrams.com\/#organization","name":"Legit Grams","url":"https:\/\/legitgrams.com\/","logo":{"@type":"ImageObject","inLanguage":"pl-PL","@id":"https:\/\/legitgrams.com\/#\/schema\/logo\/image\/","url":"https:\/\/legitgrams.com\/wp-content\/uploads\/2024\/09\/main-logo.png","contentUrl":"https:\/\/legitgrams.com\/wp-content\/uploads\/2024\/09\/main-logo.png","width":270,"height":75,"caption":"Legit Grams"},"image":{"@id":"https:\/\/legitgrams.com\/#\/schema\/logo\/image\/"}}]}},"uagb_featured_image_src":{"full":["https:\/\/legitgrams.com\/wp-content\/uploads\/2024\/09\/Buy-Charas-Hash-Online.jpg",600,600,false],"thumbnail":["https:\/\/legitgrams.com\/wp-content\/uploads\/2024\/09\/Buy-Charas-Hash-Online-150x150.jpg",150,150,true],"medium":["https:\/\/legitgrams.com\/wp-content\/uploads\/2024\/09\/Buy-Charas-Hash-Online-300x300.jpg",300,300,true],"medium_large":["https:\/\/legitgrams.com\/wp-content\/uploads\/2024\/09\/Buy-Charas-Hash-Online.jpg",600,600,false],"large":["https:\/\/legitgrams.com\/wp-content\/uploads\/2024\/09\/Buy-Charas-Hash-Online.jpg",600,600,false],"1536x1536":["https:\/\/legitgrams.com\/wp-content\/uploads\/2024\/09\/Buy-Charas-Hash-Online.jpg",600,600,false],"2048x2048":["https:\/\/legitgrams.com\/wp-content\/uploads\/2024\/09\/Buy-Charas-Hash-Online.jpg",600,600,false],"trp-custom-language-flag":["https:\/\/legitgrams.com\/wp-content\/uploads\/2024\/09\/Buy-Charas-Hash-Online-12x12.jpg",12,12,true],"woocommerce_thumbnail":["https:\/\/legitgrams.com\/wp-content\/uploads\/2024\/09\/Buy-Charas-Hash-Online-300x300.jpg",300,300,true],"woocommerce_single":["https:\/\/legitgrams.com\/wp-content\/uploads\/2024\/09\/Buy-Charas-Hash-Online.jpg",600,600,false],"woocommerce_gallery_thumbnail":["https:\/\/legitgrams.com\/wp-content\/uploads\/2024\/09\/Buy-Charas-Hash-Online-100x100.jpg",100,100,true]},"uagb_author_info":{"display_name":"cokeblog18","author_link":"https:\/\/legitgrams.com\/pl\/author\/"},"uagb_comment_info":0,"uagb_excerpt":"Hash Charas for Sale Purchase Charas Hash online. generated by gently stroking the female buds between your palms. Prior to transportation, the pitch is compressed into the typical pieces and distributed as hash balls. Shading: Dark, black on the outside, or light green inside. Scent: Hot to very tangy. A unique scent. Taste: Unlike Afghani,&hellip;","_links":{"self":[{"href":"https:\/\/legitgrams.com\/pl\/wp-json\/wp\/v2\/product\/4179","targetHints":{"allow":["GET"]}}],"collection":[{"href":"https:\/\/legitgrams.com\/pl\/wp-json\/wp\/v2\/product"}],"about":[{"href":"https:\/\/legitgrams.com\/pl\/wp-json\/wp\/v2\/types\/product"}],"replies":[{"embeddable":true,"href":"https:\/\/legitgrams.com\/pl\/wp-json\/wp\/v2\/comments?post=4179"}],"wp:featuredmedia":[{"embeddable":true,"href":"https:\/\/legitgrams.com\/pl\/wp-json\/wp\/v2\/media\/5372"}],"wp:attachment":[{"href":"https:\/\/legitgrams.com\/pl\/wp-json\/wp\/v2\/media?parent=4179"}],"wp:term":[{"taxonomy":"product_brand","embeddable":true,"href":"https:\/\/legitgrams.com\/pl\/wp-json\/wp\/v2\/product_brand?post=4179"},{"taxonomy":"product_cat","embeddable":true,"href":"https:\/\/legitgrams.com\/pl\/wp-json\/wp\/v2\/product_cat?post=4179"},{"taxonomy":"product_tag","embeddable":true,"href":"https:\/\/legitgrams.com\/pl\/wp-json\/wp\/v2\/product_tag?post=4179"}],"curies":[{"name":"wp","href":"https:\/\/api.w.org\/{rel}","templated":true}]}}