{"id":4189,"date":"2024-09-21T12:41:57","date_gmt":"2024-09-21T12:41:57","guid":{"rendered":"https:\/\/legitgrams.com\/?post_type=product&#038;p=4189"},"modified":"2025-04-03T19:20:46","modified_gmt":"2025-04-03T19:20:46","slug":"zloty-nauczyciel","status":"publish","type":"product","link":"https:\/\/legitgrams.com\/pl\/produkt\/zloty-nauczyciel\/","title":{"rendered":"Kup Golden Teacher online"},"content":{"rendered":"<h2>Kup Golden Teacher Online<\/h2>\n<p><a href=\"https:\/\/legitgrams.com\/pl\/produkt\/zloty-nauczyciel\/\">Z\u0142oci nauczyciele<\/a> wierzy\u0107, \u017ce <a href=\"https:\/\/en.wikipedia.org\/wiki\/Psilocybe_cubensis\">psilocybe cubensis<\/a> jest szczeg\u00f3lnym rodzajem grzyba, chocia\u017c dopiero niedawno, w latach 80. XX wieku, sta\u0142 si\u0119 popularny jako grzyb magiczny. <a href=\"https:\/\/www.bing.com\/search?q=Buy%20Golden%20Teacher%20Online&amp;qs=n&amp;form=QBRE&amp;sp=-1&amp;lq=0&amp;pq=buy%20golden%20teacher%20online&amp;sc=11-25&amp;sk=&amp;cvid=162DB480EB1D46FEA660EC0D3BA8E423&amp;ghsh=0&amp;ghacc=0&amp;ghpl=\">Z\u0142oty nauczyciel<\/a> is often more potent than many other strains of psilocybin cubensis since it does not grow as quickly.<br \/>\nHodowcy uwielbiaj\u0105 uprawia\u0107 kultury Golden Teachers, poniewa\u017c generuj\u0105 one du\u017ce plony i wysokie plony. Pomimo powolnego wzrostu, nadrabiaj\u0105 to obfitymi zbiorami i przyci\u0105gaj\u0105cym wzrok z\u0142otym kolorem. Ten rodzaj Psilocybe cubensis ma dwa sk\u0142adniki aktywne: psylocybin\u0119 i psylocyn\u0119. <a href=\"https:\/\/legitgrams.com\/pl\/\">LegitGrams<\/a><\/p>\n<p>Tak naprawd\u0119 fizjologia tych grzyb\u00f3w jest podobna.<\/p>\n<p>to their cousins in the Cubensis family. MMJDirect provides dried mushrooms that have superior long-term storage. For a constant flow of psychedelic experiences, <a href=\"https:\/\/www.google.com\/search?q=Kup+Golden+Teacher+Online&amp;sca_esv=eddefdb7b92e7545&amp;sxsrf=AHTn8zpzHzxAedwplNgFxobWShshv-K7tA1743708220075&amp;ei=PODuZ6WxBL2U0PEPro2egAk&amp;ved=0ahUKEwilv7Koy7yMAxU9CjQIHa6GB5AQ4dUDCBA&amp;uact=5&amp;oq=Kup+Golden+Teacher+Online&amp;gs_lp=Egxnd3Mtd2l6LXNlcnAiGUt1cCBHb2xkZW4gVGVhY2hlciBPbmxpbmUyBRAhGKABMgUQIRigAUiBBVAAWABwAHgAkAEAmAGBA6ABgQOqAQMzLTG4AQPIAQD4AQL4AQGYAgGgAooDmAMAkgcDMy0xoAepArIHAzMtMbgHigM&amp;sclient=gws-wiz-serp\">buy Golden Teachers<\/a> ze strony kanadyjskiej!<\/p>\n<h3>Rzeczywiste efekty dzia\u0142ania grzyb\u00f3w Golden Teachers<\/h3>\n<p><a href=\"https:\/\/www.google.com\/search?q=Kup+Golden+Teacher+Online&amp;sca_esv=eddefdb7b92e7545&amp;sxsrf=AHTn8zpzHzxAedwplNgFxobWShshv-K7tA1743708220075&amp;ei=PODuZ6WxBL2U0PEPro2egAk&amp;ved=0ahUKEwilv7Koy7yMAxU9CjQIHa6GB5AQ4dUDCBA&amp;uact=5&amp;oq=Kup+Golden+Teacher+Online&amp;gs_lp=Egxnd3Mtd2l6LXNlcnAiGUt1cCBHb2xkZW4gVGVhY2hlciBPbmxpbmUyBRAhGKABMgUQIRigAUiBBVAAWABwAHgAkAEAmAGBA6ABgQOqAQMzLTG4AQPIAQD4AQL4AQGYAgGgAooDmAMAkgcDMy0xoAepArIHAzMtMbgHigM&amp;sclient=gws-wiz-serp\">Z\u0142oci nauczyciele<\/a> is a great option for people who are new to psychedelics and mushrooms. It has a mild-to-high psychoactive impact that most people can handle, even at higher dosages. Conversely, Golden Teachers are entirely metaphysical and spiritual. You are shown a portal that goes to the deepest recesses of your spirituality and a bridge that connects you to the most remote regions of the Universe. Legit Grams<\/p>\n<p>Wi\u0119kszo\u015b\u0107 konsument\u00f3w twierdzi, \u017ce odczuli wi\u0119\u017a ze \u015bwiatem przyrody i \u015brodowiskiem. Mo\u017cna to por\u00f3wna\u0107 do \u0142\u0105czenia si\u0119 w ten spos\u00f3b z rdzeniem \u015bwiata w swojej \u015bwiadomo\u015bci, zwi\u0119kszaj\u0105c swoj\u0105 wra\u017cliwo\u015b\u0107 na jego rezonanse i zmiany. Nast\u0119pnie powiniene\u015b pozwoli\u0107, aby to uczucie ca\u0142kowitej wolno\u015bci i wewn\u0119trznego o\u015bwiecenia zmieni\u0142o ci\u0119 od wewn\u0105trz na zewn\u0105trz. Przez nast\u0119pne trzy do sze\u015bciu godzin b\u0119dziesz delektowa\u0107 si\u0119 jedno\u015bci\u0105 z natur\u0105 i \u015bwiatem.<\/p>\n<p>Inne efekty obejmuj\u0105 wra\u017cenia zniekszta\u0142cenia czasu, kiedy odczuwasz, \u017ce czas p\u0142ynie wolniej ni\u017c zwykle. Na przyk\u0142ad min\u0119\u0142o zaledwie dwadzie\u015bcia minut, chocia\u017c mo\u017ce ci si\u0119 wydawa\u0107, \u017ce min\u0119\u0142y dwie godziny od za\u017cycia Golden Teachers Canada. Z drugiej strony, psylocybina zwykle powoduje dylatacj\u0119 czasu, co skutkuje przysz\u0142ymi przeskokami czasowymi.<\/p>\n<h3>Rzeczy, kt\u00f3re nale\u017cy wzi\u0105\u0107 pod uwag\u0119 przed skorzystaniem z Golden Teachers<\/h3>\n<p>Bez przydatnych rekomendacji <a href=\"https:\/\/duckduckgo.com\/?q=Kup+Golden+Teacher+Online&amp;t=h_&amp;ia=web\">Z\u0142oci nauczyciele<\/a> recenzja nie by\u0142aby kompletna bez praktycznych porad, jak si\u0119 odpowiednio przygotowa\u0107 przed spo\u017cyciem. Przede wszystkim, zawsze powiniene\u015b mie\u0107 kogo\u015b, kto b\u0119dzie ci\u0119 obserwowa\u0142, je\u015bli po raz pierwszy spo\u017cywasz grzyby psychodeliczne. Podobnie, je\u015bli planujesz przyj\u0105\u0107 wi\u0119ksz\u0105 dawk\u0119, zorganizuj opiekuna podr\u00f3\u017cy, aby upewni\u0107 si\u0119, \u017ce nic z\u0142ego nie wydarzy si\u0119 podczas twojego do\u015bwiadczenia psychodelicznego. W razie nag\u0142ego wypadku trze\u017awy opiekun podr\u00f3\u017cy b\u0119dzie gotowy udzieli\u0107 terminowej pomocy.<\/p>\n<p>W przypadku, gdy spo\u017cy\u0142e\u015b zbyt wiele Golden Teachers, znane \u015brodki psychodeliczne to jedzenie, woda i witamina C. Jednak przed ustaleniem w\u0142asnych dawek powiniene\u015b skonsultowa\u0107 si\u0119 ze specjalist\u0105. Alternatywnie mo\u017cesz spr\u00f3bowa\u0107 sam i stopniowo zwi\u0119ksza\u0107 dawk\u0119, a\u017c znajdziesz tak\u0105, kt\u00f3ra najbardziej ci odpowiada.W przypadku, gdy spo\u017cy\u0142e\u015b zbyt wiele Golden Teachers, znane \u015brodki psychodeliczne to jedzenie, woda i witamina C. Jednak przed ustaleniem w\u0142asnych dawek powiniene\u015b skonsultowa\u0107 si\u0119 ze specjalist\u0105. Alternatywnie mo\u017cesz spr\u00f3bowa\u0107 sam i stopniowo zwi\u0119ksza\u0107 dawk\u0119, a\u017c znajdziesz tak\u0105, kt\u00f3ra najbardziej ci odpowiada.<\/p>\n<h3>Dlaczego serial nazywa si\u0119 \u201eZ\u0142oci Nauczyciele\u201d?<\/h3>\n<p>S\u0142owo \u201ez\u0142oty\u201d opisuje \u017c\u00f3\u0142to-z\u0142oty odcie\u0144 grzyba. Mo\u017cesz by\u0107 pewien, \u017ce grzyb jest w pe\u0142ni wyro\u015bni\u0119ty i jadalny w tym momencie. Wysuszone grzyby nadal b\u0119d\u0105 mia\u0142y z\u0142ote odcienie kapeluszy, co \u015bwiadczy o ich jako\u015bci i potencjale do efekt\u00f3w psychodelicznych.<\/p>\n<p>Je\u015bli chodzi o szama\u0144skie i duchowe w\u0142a\u015bciwo\u015bci tego konkretnego grzyba, termin \u201enauczyciel\u201d ma wiele interpretacji. Spo\u017cywanie wi\u0119kszej jego ilo\u015bci mo\u017ce dos\u0142ownie da\u0107 ci zupe\u0142nie now\u0105 perspektyw\u0119 na \u015bwiat. By\u0107 mo\u017ce zyskasz nowe zrozumienie kosmosu i siebie. Ten rodzaj nauczania koncentruje si\u0119 na g\u0142\u0119bszym znaczeniu natury i jest ca\u0142kowicie jedyny w swoim rodzaju i niezast\u0105piony dla ka\u017cdego klienta.<\/p>\n<p>Transcendencja i, w najbardziej ekstremalnym przypadku, \u015bmier\u0107 ego s\u0105 ostatecznymi interpretacjami Golden Teachers. To ca\u0142kowicie obudzi twoje ukryte duchowe tendencje i zapewni ci nowe spojrzenie na tajemnice natury. Ten grzyb psylocybinowy jest szama\u0144skim przewodnikiem, kt\u00f3ry pomaga ci zrozumie\u0107 twoje miejsce we wszech\u015bwiecie na znacznie g\u0142\u0119bszym poziomie. Sprawd\u017a to sam, kupuj\u0105c Golden Teachers w kanadyjskim sklepie internetowym!<\/p>","protected":false},"excerpt":{"rendered":"<p>Purchase Golden Teacher Online Golden Teachers believe that psilocybe cubensis is a special kind of mushroom, even though it only recently became popular as a magical mushroom in the 1980s. The Golden Teacher is often more potent than many other strains of psilocybin cubensis since it does not grow as quickly. Growers love growing cultures &hellip;<\/p>\n<p class=\"read-more\"> <a class=\"\" href=\"https:\/\/legitgrams.com\/pl\/produkt\/zloty-nauczyciel\/\"> <span class=\"screen-reader-text\">Kup Golden Teacher online<\/span> Czytaj wi\u0119cej \"<\/a><\/p>","protected":false},"featured_media":5240,"comment_status":"open","ping_status":"closed","template":"","meta":{"_uag_custom_page_level_css":"","site-sidebar-layout":"default","site-content-layout":"default","ast-global-header-display":"","ast-main-header-display":"","ast-hfb-above-header-display":"","ast-hfb-below-header-display":"","ast-hfb-mobile-header-display":"","site-post-title":"","ast-breadcrumbs-content":"","ast-featured-img":"","footer-sml-layout":"","theme-transparent-header-meta":"default","adv-header-id-meta":"","stick-header-meta":"default","header-above-stick-meta":"","header-main-stick-meta":"","header-below-stick-meta":"","_joinchat":[]},"product_brand":[],"product_cat":[599],"product_tag":[2348,2338,617,2330,2345,2329,2332,2333,2340,2331,2343,2350,2351,2349,2341,2346,2342,2337,2335,2347,2344,625,2336,2339,2334],"class_list":{"0":"post-4189","1":"product","2":"type-product","3":"status-publish","4":"has-post-thumbnail","6":"product_cat-psilocybin-or-magic-mushrooms","7":"product_tag-best-cheap-price-golden-teacher","8":"product_tag-best-place-to-buy-golden-teacher","9":"product_tag-bulk-online","10":"product_tag-buy-golden-teacher","11":"product_tag-cheap-golden-teacher","12":"product_tag-golden-teacher","13":"product_tag-golden-teacher-for-sale","14":"product_tag-golden-teacher-golden-teacher-supplier","15":"product_tag-golden-teacher-legally","16":"product_tag-golden-teacher-online","17":"product_tag-golden-teacher-store","18":"product_tag-golden-teacher-use","19":"product_tag-golden-teacher-wiki","20":"product_tag-golden-teacher-worldwide","21":"product_tag-golden-teacherprice","22":"product_tag-golden-teachers","23":"product_tag-high-quality-golden-teacher","24":"product_tag-how-to-buy-golden-teacher","25":"product_tag-order-golden-teacher","26":"product_tag-purcharse-golden-teacher","27":"product_tag-shop-golden-teacher","28":"product_tag-top-quality","29":"product_tag-where-to-buy-golden-teacher","30":"product_tag-where-to-order-golden-teacher","31":"product_tag-wholesale-golden-teacher","32":"desktop-align-left","33":"tablet-align-left","34":"mobile-align-left","35":"ast-product-gallery-layout-horizontal","36":"ast-product-gallery-with-no-image","37":"ast-product-single-variable","38":"ast-product-tabs-layout-horizontal","39":"ast-qv-on-image","41":"first","42":"instock","43":"shipping-taxable","44":"purchasable","45":"product-type-variable"},"yoast_head":"<!-- This site is optimized with the Yoast SEO plugin v25.9 - https:\/\/yoast.com\/wordpress\/plugins\/seo\/ -->\n<title>Golden Teacher Psilocybin for Sale - Order Golden Teacher Online<\/title>\n<meta name=\"description\" content=\"At our Legitgrams, you can get Golden Teacher for sale at cheap rates. We deal with A-grade quality products only. Buy Golden Teacher online from our store now with fast &amp; secure shipping service.\" \/>\n<meta name=\"robots\" content=\"index, follow, max-snippet:-1, max-image-preview:large, max-video-preview:-1\" \/>\n<link rel=\"canonical\" href=\"https:\/\/legitgrams.com\/pl\/produkt\/zloty-nauczyciel\/\" \/>\n<meta property=\"og:locale\" content=\"pl_PL\" \/>\n<meta property=\"og:type\" content=\"article\" \/>\n<meta property=\"og:title\" content=\"Golden Teacher Psilocybin for Sale - Order Golden Teacher Online\" \/>\n<meta property=\"og:description\" content=\"At our Legitgrams, you can get Golden Teacher for sale at cheap rates. We deal with A-grade quality products only. Buy Golden Teacher online from our store now with fast &amp; secure shipping service.\" \/>\n<meta property=\"og:url\" content=\"https:\/\/legitgrams.com\/pl\/produkt\/zloty-nauczyciel\/\" \/>\n<meta property=\"og:site_name\" content=\"Legit Grams\" \/>\n<meta property=\"article:modified_time\" content=\"2025-04-03T19:20:46+00:00\" \/>\n<meta property=\"og:image\" content=\"https:\/\/legitgrams.com\/wp-content\/uploads\/2024\/09\/golden-teacherpsilocybin-or-magic-mushrooms.jpg\" \/>\n\t<meta property=\"og:image:width\" content=\"430\" \/>\n\t<meta property=\"og:image:height\" content=\"430\" \/>\n\t<meta property=\"og:image:type\" content=\"image\/jpeg\" \/>\n<meta name=\"twitter:card\" content=\"summary_large_image\" \/>\n<meta name=\"twitter:label1\" content=\"Szacowany czas czytania\" \/>\n\t<meta name=\"twitter:data1\" content=\"4 minuty\" \/>\n<script type=\"application\/ld+json\" class=\"yoast-schema-graph\">{\"@context\":\"https:\/\/schema.org\",\"@graph\":[{\"@type\":\"WebPage\",\"@id\":\"https:\/\/legitgrams.com\/product\/golden-teacher\/\",\"url\":\"https:\/\/legitgrams.com\/product\/golden-teacher\/\",\"name\":\"Golden Teacher Psilocybin for Sale - Order Golden Teacher Online\",\"isPartOf\":{\"@id\":\"https:\/\/legitgrams.com\/#website\"},\"primaryImageOfPage\":{\"@id\":\"https:\/\/legitgrams.com\/product\/golden-teacher\/#primaryimage\"},\"image\":{\"@id\":\"https:\/\/legitgrams.com\/product\/golden-teacher\/#primaryimage\"},\"thumbnailUrl\":\"https:\/\/legitgrams.com\/wp-content\/uploads\/2024\/09\/golden-teacherpsilocybin-or-magic-mushrooms.jpg\",\"datePublished\":\"2024-09-21T12:41:57+00:00\",\"dateModified\":\"2025-04-03T19:20:46+00:00\",\"description\":\"At our Legitgrams, you can get Golden Teacher for sale at cheap rates. We deal with A-grade quality products only. Buy Golden Teacher online from our store now with fast & secure shipping service.\",\"breadcrumb\":{\"@id\":\"https:\/\/legitgrams.com\/product\/golden-teacher\/#breadcrumb\"},\"inLanguage\":\"pl-PL\",\"potentialAction\":[{\"@type\":\"ReadAction\",\"target\":[\"https:\/\/legitgrams.com\/product\/golden-teacher\/\"]}]},{\"@type\":\"ImageObject\",\"inLanguage\":\"pl-PL\",\"@id\":\"https:\/\/legitgrams.com\/product\/golden-teacher\/#primaryimage\",\"url\":\"https:\/\/legitgrams.com\/wp-content\/uploads\/2024\/09\/golden-teacherpsilocybin-or-magic-mushrooms.jpg\",\"contentUrl\":\"https:\/\/legitgrams.com\/wp-content\/uploads\/2024\/09\/golden-teacherpsilocybin-or-magic-mushrooms.jpg\",\"width\":430,\"height\":430,\"caption\":\"Golden Teacher Psilocybin for Sale\"},{\"@type\":\"BreadcrumbList\",\"@id\":\"https:\/\/legitgrams.com\/product\/golden-teacher\/#breadcrumb\",\"itemListElement\":[{\"@type\":\"ListItem\",\"position\":1,\"name\":\"Home\",\"item\":\"https:\/\/legitgrams.com\/\"},{\"@type\":\"ListItem\",\"position\":2,\"name\":\"Shop\",\"item\":\"https:\/\/legitgrams.com\/shop\/\"},{\"@type\":\"ListItem\",\"position\":3,\"name\":\"Buy Golden Teacher Online\"}]},{\"@type\":\"WebSite\",\"@id\":\"https:\/\/legitgrams.com\/#website\",\"url\":\"https:\/\/legitgrams.com\/\",\"name\":\"Legit Grams\",\"description\":\"My WordPress Blog\",\"publisher\":{\"@id\":\"https:\/\/legitgrams.com\/#organization\"},\"potentialAction\":[{\"@type\":\"SearchAction\",\"target\":{\"@type\":\"EntryPoint\",\"urlTemplate\":\"https:\/\/legitgrams.com\/?s={search_term_string}\"},\"query-input\":{\"@type\":\"PropertyValueSpecification\",\"valueRequired\":true,\"valueName\":\"search_term_string\"}}],\"inLanguage\":\"pl-PL\"},{\"@type\":\"Organization\",\"@id\":\"https:\/\/legitgrams.com\/#organization\",\"name\":\"Legit Grams\",\"url\":\"https:\/\/legitgrams.com\/\",\"logo\":{\"@type\":\"ImageObject\",\"inLanguage\":\"pl-PL\",\"@id\":\"https:\/\/legitgrams.com\/#\/schema\/logo\/image\/\",\"url\":\"https:\/\/legitgrams.com\/wp-content\/uploads\/2024\/09\/main-logo.png\",\"contentUrl\":\"https:\/\/legitgrams.com\/wp-content\/uploads\/2024\/09\/main-logo.png\",\"width\":270,\"height\":75,\"caption\":\"Legit Grams\"},\"image\":{\"@id\":\"https:\/\/legitgrams.com\/#\/schema\/logo\/image\/\"}}]}<\/script>\n<!-- \/ Yoast SEO plugin. -->","yoast_head_json":{"title":"Golden Teacher Psilocybin na sprzeda\u017c - Zam\u00f3w Golden Teacher online","description":"W naszym Legitgrams mo\u017cesz kupi\u0107 Golden Teacher na sprzeda\u017c po niskich cenach. Zajmujemy si\u0119 wy\u0142\u0105cznie produktami o jako\u015bci A. Kup Golden Teacher online w naszym sklepie teraz z szybk\u0105 i bezpieczn\u0105 wysy\u0142k\u0105.","robots":{"index":"index","follow":"follow","max-snippet":"max-snippet:-1","max-image-preview":"max-image-preview:large","max-video-preview":"max-video-preview:-1"},"canonical":"https:\/\/legitgrams.com\/pl\/produkt\/zloty-nauczyciel\/","og_locale":"pl_PL","og_type":"article","og_title":"Golden Teacher Psilocybin for Sale - Order Golden Teacher Online","og_description":"At our Legitgrams, you can get Golden Teacher for sale at cheap rates. We deal with A-grade quality products only. Buy Golden Teacher online from our store now with fast & secure shipping service.","og_url":"https:\/\/legitgrams.com\/pl\/produkt\/zloty-nauczyciel\/","og_site_name":"Legit Grams","article_modified_time":"2025-04-03T19:20:46+00:00","og_image":[{"width":430,"height":430,"url":"https:\/\/legitgrams.com\/wp-content\/uploads\/2024\/09\/golden-teacherpsilocybin-or-magic-mushrooms.jpg","type":"image\/jpeg"}],"twitter_card":"summary_large_image","twitter_misc":{"Szacowany czas czytania":"4 minuty"},"schema":{"@context":"https:\/\/schema.org","@graph":[{"@type":"WebPage","@id":"https:\/\/legitgrams.com\/product\/golden-teacher\/","url":"https:\/\/legitgrams.com\/product\/golden-teacher\/","name":"Golden Teacher Psilocybin na sprzeda\u017c - Zam\u00f3w Golden Teacher online","isPartOf":{"@id":"https:\/\/legitgrams.com\/#website"},"primaryImageOfPage":{"@id":"https:\/\/legitgrams.com\/product\/golden-teacher\/#primaryimage"},"image":{"@id":"https:\/\/legitgrams.com\/product\/golden-teacher\/#primaryimage"},"thumbnailUrl":"https:\/\/legitgrams.com\/wp-content\/uploads\/2024\/09\/golden-teacherpsilocybin-or-magic-mushrooms.jpg","datePublished":"2024-09-21T12:41:57+00:00","dateModified":"2025-04-03T19:20:46+00:00","description":"W naszym Legitgrams mo\u017cesz kupi\u0107 Golden Teacher na sprzeda\u017c po niskich cenach. Zajmujemy si\u0119 wy\u0142\u0105cznie produktami o jako\u015bci A. Kup Golden Teacher online w naszym sklepie teraz z szybk\u0105 i bezpieczn\u0105 wysy\u0142k\u0105.","breadcrumb":{"@id":"https:\/\/legitgrams.com\/product\/golden-teacher\/#breadcrumb"},"inLanguage":"pl-PL","potentialAction":[{"@type":"ReadAction","target":["https:\/\/legitgrams.com\/product\/golden-teacher\/"]}]},{"@type":"ImageObject","inLanguage":"pl-PL","@id":"https:\/\/legitgrams.com\/product\/golden-teacher\/#primaryimage","url":"https:\/\/legitgrams.com\/wp-content\/uploads\/2024\/09\/golden-teacherpsilocybin-or-magic-mushrooms.jpg","contentUrl":"https:\/\/legitgrams.com\/wp-content\/uploads\/2024\/09\/golden-teacherpsilocybin-or-magic-mushrooms.jpg","width":430,"height":430,"caption":"Golden Teacher Psilocybin for Sale"},{"@type":"BreadcrumbList","@id":"https:\/\/legitgrams.com\/product\/golden-teacher\/#breadcrumb","itemListElement":[{"@type":"ListItem","position":1,"name":"Home","item":"https:\/\/legitgrams.com\/"},{"@type":"ListItem","position":2,"name":"Shop","item":"https:\/\/legitgrams.com\/shop\/"},{"@type":"ListItem","position":3,"name":"Buy Golden Teacher Online"}]},{"@type":"WebSite","@id":"https:\/\/legitgrams.com\/#website","url":"https:\/\/legitgrams.com\/","name":"Legit Grams","description":"M\u00f3j blog WordPress","publisher":{"@id":"https:\/\/legitgrams.com\/#organization"},"potentialAction":[{"@type":"SearchAction","target":{"@type":"EntryPoint","urlTemplate":"https:\/\/legitgrams.com\/?s={search_term_string}"},"query-input":{"@type":"PropertyValueSpecification","valueRequired":true,"valueName":"search_term_string"}}],"inLanguage":"pl-PL"},{"@type":"Organization","@id":"https:\/\/legitgrams.com\/#organization","name":"Legit Grams","url":"https:\/\/legitgrams.com\/","logo":{"@type":"ImageObject","inLanguage":"pl-PL","@id":"https:\/\/legitgrams.com\/#\/schema\/logo\/image\/","url":"https:\/\/legitgrams.com\/wp-content\/uploads\/2024\/09\/main-logo.png","contentUrl":"https:\/\/legitgrams.com\/wp-content\/uploads\/2024\/09\/main-logo.png","width":270,"height":75,"caption":"Legit Grams"},"image":{"@id":"https:\/\/legitgrams.com\/#\/schema\/logo\/image\/"}}]}},"uagb_featured_image_src":{"full":["https:\/\/legitgrams.com\/wp-content\/uploads\/2024\/09\/golden-teacherpsilocybin-or-magic-mushrooms.jpg",430,430,false],"thumbnail":["https:\/\/legitgrams.com\/wp-content\/uploads\/2024\/09\/golden-teacherpsilocybin-or-magic-mushrooms-150x150.jpg",150,150,true],"medium":["https:\/\/legitgrams.com\/wp-content\/uploads\/2024\/09\/golden-teacherpsilocybin-or-magic-mushrooms-300x300.jpg",300,300,true],"medium_large":["https:\/\/legitgrams.com\/wp-content\/uploads\/2024\/09\/golden-teacherpsilocybin-or-magic-mushrooms.jpg",430,430,false],"large":["https:\/\/legitgrams.com\/wp-content\/uploads\/2024\/09\/golden-teacherpsilocybin-or-magic-mushrooms.jpg",430,430,false],"1536x1536":["https:\/\/legitgrams.com\/wp-content\/uploads\/2024\/09\/golden-teacherpsilocybin-or-magic-mushrooms.jpg",430,430,false],"2048x2048":["https:\/\/legitgrams.com\/wp-content\/uploads\/2024\/09\/golden-teacherpsilocybin-or-magic-mushrooms.jpg",430,430,false],"trp-custom-language-flag":["https:\/\/legitgrams.com\/wp-content\/uploads\/2024\/09\/golden-teacherpsilocybin-or-magic-mushrooms-12x12.jpg",12,12,true],"woocommerce_thumbnail":["https:\/\/legitgrams.com\/wp-content\/uploads\/2024\/09\/golden-teacherpsilocybin-or-magic-mushrooms-300x300.jpg",300,300,true],"woocommerce_single":["https:\/\/legitgrams.com\/wp-content\/uploads\/2024\/09\/golden-teacherpsilocybin-or-magic-mushrooms.jpg",430,430,false],"woocommerce_gallery_thumbnail":["https:\/\/legitgrams.com\/wp-content\/uploads\/2024\/09\/golden-teacherpsilocybin-or-magic-mushrooms-100x100.jpg",100,100,true]},"uagb_author_info":{"display_name":"cokeblog18","author_link":"https:\/\/legitgrams.com\/pl\/author\/"},"uagb_comment_info":0,"uagb_excerpt":"Purchase Golden Teacher Online Golden Teachers believe that psilocybe cubensis is a special kind of mushroom, even though it only recently became popular as a magical mushroom in the 1980s. The Golden Teacher is often more potent than many other strains of psilocybin cubensis since it does not grow as quickly. Growers love growing cultures&hellip;","_links":{"self":[{"href":"https:\/\/legitgrams.com\/pl\/wp-json\/wp\/v2\/product\/4189","targetHints":{"allow":["GET"]}}],"collection":[{"href":"https:\/\/legitgrams.com\/pl\/wp-json\/wp\/v2\/product"}],"about":[{"href":"https:\/\/legitgrams.com\/pl\/wp-json\/wp\/v2\/types\/product"}],"replies":[{"embeddable":true,"href":"https:\/\/legitgrams.com\/pl\/wp-json\/wp\/v2\/comments?post=4189"}],"wp:featuredmedia":[{"embeddable":true,"href":"https:\/\/legitgrams.com\/pl\/wp-json\/wp\/v2\/media\/5240"}],"wp:attachment":[{"href":"https:\/\/legitgrams.com\/pl\/wp-json\/wp\/v2\/media?parent=4189"}],"wp:term":[{"taxonomy":"product_brand","embeddable":true,"href":"https:\/\/legitgrams.com\/pl\/wp-json\/wp\/v2\/product_brand?post=4189"},{"taxonomy":"product_cat","embeddable":true,"href":"https:\/\/legitgrams.com\/pl\/wp-json\/wp\/v2\/product_cat?post=4189"},{"taxonomy":"product_tag","embeddable":true,"href":"https:\/\/legitgrams.com\/pl\/wp-json\/wp\/v2\/product_tag?post=4189"}],"curies":[{"name":"wp","href":"https:\/\/api.w.org\/{rel}","templated":true}]}}