{"id":4190,"date":"2024-09-21T12:39:23","date_gmt":"2024-09-21T12:39:23","guid":{"rendered":"https:\/\/legitgrams.com\/?post_type=product&#038;p=4190"},"modified":"2025-01-14T07:17:02","modified_gmt":"2025-01-14T07:17:02","slug":"marihuana-khalifa-kush","status":"publish","type":"product","link":"https:\/\/legitgrams.com\/pl\/produkt\/marihuana-khalifa-kush\/","title":{"rendered":"Marihuana Khalifa Kush"},"content":{"rendered":"<h2>Efekty zakupu Khalifa Kush Cannabis online:<\/h2>\n<p>Spokojny, kreatywny, euforyczny i m\u00f3zgowy; mo\u017ce \u0142agodzi\u0107 zesp\u00f3\u0142 stresu pourazowego, przewlek\u0142y b\u00f3l, zapalenie staw\u00f3w, depresj\u0119, zm\u0119czenie, b\u00f3le g\u0142owy, nudno\u015bci, migreny i znu\u017cenie.<br \/>\nAr\u00f4mes : Agrumes, Citron, Sucr\u00e9 et Pin<\/p>\n<p><a href=\"https:\/\/legitgrams.com\/pl\/produkt\/marihuana-khalifa-kush\/\">Marihuana Khalifa Kush<\/a> : kupno Kush Cannabis, kupno Khalifa Kush Cannabis, kupno Kush Cannabis online, Mo\u017cna znale\u017a\u0107 nast\u0119puj\u0105ce informacje: gdzie kupi\u0107 marihuan\u0119 Khalifa Kush, marihuana Khalifa Kush na sprzeda\u017c, marihuana Kush na sprzeda\u017c, gdzie kupi\u0107 marihuan\u0119 Khalifa Kush online, gdzie kupi\u0107 marihuan\u0119 Khalifa Kush online, dostawcy, bezpieczna dostawa, Cannabis, w tym Khalifa Kush, jest nadal dost\u0119pny. Czy mo\u017cna kupi\u0107 Khalifa Kush cannabis w USA? Jak mog\u0119 uzyska\u0107 marihuan\u0119 z <a href=\"https:\/\/en.wikipedia.org\/wiki\/Wiz_Khalifa\">Khalifa Kush<\/a>Czy USA maj\u0105 do niego dost\u0119p? <a href=\"https:\/\/legitgrams.com\/pl\/\">LegitGrams<\/a><\/p>\n<h2><\/h2>\n<h2><\/h2>\n<p>&nbsp;<\/p>","protected":false},"excerpt":{"rendered":"<p>Effects of Online Khalifa Kush Cannabis Purchase: Calm, creative, euphoric, and cerebral; may reduce post-traumatic stress disorder, chronic pain, arthritis, depression, fatigue, headaches, nausea, migraines, and weariness. Flavors: Citrus, Lemon, Sweet, and Pine Khalifa Kush Marijuana : buying Kush Cannabis, buying Khalifa Kush Cannabis, buying Kush Cannabis online, The following information can be found: where &hellip;<\/p>\n<p class=\"read-more\"> <a class=\"\" href=\"https:\/\/legitgrams.com\/pl\/produkt\/marihuana-khalifa-kush\/\"> <span class=\"screen-reader-text\">Marihuana Khalifa Kush<\/span> Czytaj wi\u0119cej \"<\/a><\/p>","protected":false},"featured_media":5409,"comment_status":"open","ping_status":"closed","template":"","meta":{"_uag_custom_page_level_css":"","site-sidebar-layout":"default","site-content-layout":"default","ast-global-header-display":"","ast-main-header-display":"","ast-hfb-above-header-display":"","ast-hfb-below-header-display":"","ast-hfb-mobile-header-display":"","site-post-title":"","ast-breadcrumbs-content":"","ast-featured-img":"","footer-sml-layout":"","theme-transparent-header-meta":"default","adv-header-id-meta":"","stick-header-meta":"default","header-above-stick-meta":"","header-main-stick-meta":"","header-below-stick-meta":"","_joinchat":[]},"product_brand":[],"product_cat":[607],"product_tag":[2371,2361,617,2353,2368,2365,2360,2352,2355,2356,2363,2354,2366,2373,2374,2372,2364,2369,2358,2370,2367,625,2359,2362,2357],"class_list":{"0":"post-4190","1":"product","2":"type-product","3":"status-publish","4":"has-post-thumbnail","6":"product_cat-marijuana-cannabis","7":"product_tag-best-cheap-price-khalifa-kush-marijuana","8":"product_tag-best-place-to-buy-khalifa-kush-marijuana","9":"product_tag-bulk-online","10":"product_tag-buy-khalifa-kush-marijuana","11":"product_tag-cheap-khalifa-kush-marijuana","12":"product_tag-high-quality-khalifa-kush-marijuana","13":"product_tag-how-to-buy-khalifa-kush-marijuana","14":"product_tag-khalifa-kush-marijuana","15":"product_tag-khalifa-kush-marijuana-for-sale","16":"product_tag-khalifa-kush-marijuana-khalifa-kush-marijuana-supplier","17":"product_tag-khalifa-kush-marijuana-legally","18":"product_tag-khalifa-kush-marijuana-online","19":"product_tag-khalifa-kush-marijuana-store","20":"product_tag-khalifa-kush-marijuana-use","21":"product_tag-khalifa-kush-marijuana-wiki","22":"product_tag-khalifa-kush-marijuana-worldwide","23":"product_tag-khalifa-kush-marijuanaprice","24":"product_tag-khalifa-kush-marijuanas","25":"product_tag-order-khalifa-kush-marijuana","26":"product_tag-purcharse-khalifa-kush-marijuana","27":"product_tag-shop-khalifa-kush-marijuana","28":"product_tag-top-quality","29":"product_tag-where-to-buy-khalifa-kush-marijuana","30":"product_tag-where-to-order-khalifa-kush-marijuana","31":"product_tag-wholesale-khalifa-kush-marijuana","32":"desktop-align-left","33":"tablet-align-left","34":"mobile-align-left","35":"ast-product-gallery-layout-horizontal","36":"ast-product-gallery-with-no-image","37":"ast-product-single-variable","38":"ast-product-tabs-layout-horizontal","39":"ast-qv-on-image","41":"first","42":"instock","43":"shipping-taxable","44":"purchasable","45":"product-type-variable"},"yoast_head":"<!-- This site is optimized with the Yoast SEO plugin v25.9 - https:\/\/yoast.com\/wordpress\/plugins\/seo\/ -->\n<title>Khalifa Kush Marijuana for Sale - Buy Khalifa Kush Marijuana Online<\/title>\n<meta name=\"description\" content=\"Your requirement to buy Khalifa Kush Marijuana can be fulfilled at our online Legitgrams store as we are having Khalifa Kush Marijuana for sale here. Place your order and get affordable deals every day.\" \/>\n<meta name=\"robots\" content=\"index, follow, max-snippet:-1, max-image-preview:large, max-video-preview:-1\" \/>\n<link rel=\"canonical\" href=\"https:\/\/legitgrams.com\/pl\/produkt\/marihuana-khalifa-kush\/\" \/>\n<meta property=\"og:locale\" content=\"pl_PL\" \/>\n<meta property=\"og:type\" content=\"article\" \/>\n<meta property=\"og:title\" content=\"Khalifa Kush Marijuana for Sale - Buy Khalifa Kush Marijuana Online\" \/>\n<meta property=\"og:description\" content=\"Your requirement to buy Khalifa Kush Marijuana can be fulfilled at our online Legitgrams store as we are having Khalifa Kush Marijuana for sale here. Place your order and get affordable deals every day.\" \/>\n<meta property=\"og:url\" content=\"https:\/\/legitgrams.com\/pl\/produkt\/marihuana-khalifa-kush\/\" \/>\n<meta property=\"og:site_name\" content=\"Legit Grams\" \/>\n<meta property=\"article:modified_time\" content=\"2025-01-14T07:17:02+00:00\" \/>\n<meta property=\"og:image\" content=\"https:\/\/legitgrams.com\/wp-content\/uploads\/2024\/09\/Buy-Khalifa-Kush-Marijuana-Online.jpg\" \/>\n\t<meta property=\"og:image:width\" content=\"600\" \/>\n\t<meta property=\"og:image:height\" content=\"600\" \/>\n\t<meta property=\"og:image:type\" content=\"image\/jpeg\" \/>\n<meta name=\"twitter:card\" content=\"summary_large_image\" \/>\n<meta name=\"twitter:label1\" content=\"Szacowany czas czytania\" \/>\n\t<meta name=\"twitter:data1\" content=\"1 minuta\" \/>\n<script type=\"application\/ld+json\" class=\"yoast-schema-graph\">{\"@context\":\"https:\/\/schema.org\",\"@graph\":[{\"@type\":\"WebPage\",\"@id\":\"https:\/\/legitgrams.com\/product\/khalifa-kush-marijuana\/\",\"url\":\"https:\/\/legitgrams.com\/product\/khalifa-kush-marijuana\/\",\"name\":\"Khalifa Kush Marijuana for Sale - Buy Khalifa Kush Marijuana Online\",\"isPartOf\":{\"@id\":\"https:\/\/legitgrams.com\/#website\"},\"primaryImageOfPage\":{\"@id\":\"https:\/\/legitgrams.com\/product\/khalifa-kush-marijuana\/#primaryimage\"},\"image\":{\"@id\":\"https:\/\/legitgrams.com\/product\/khalifa-kush-marijuana\/#primaryimage\"},\"thumbnailUrl\":\"https:\/\/legitgrams.com\/wp-content\/uploads\/2024\/09\/Buy-Khalifa-Kush-Marijuana-Online.jpg\",\"datePublished\":\"2024-09-21T12:39:23+00:00\",\"dateModified\":\"2025-01-14T07:17:02+00:00\",\"description\":\"Your requirement to buy Khalifa Kush Marijuana can be fulfilled at our online Legitgrams store as we are having Khalifa Kush Marijuana for sale here. Place your order and get affordable deals every day.\",\"breadcrumb\":{\"@id\":\"https:\/\/legitgrams.com\/product\/khalifa-kush-marijuana\/#breadcrumb\"},\"inLanguage\":\"pl-PL\",\"potentialAction\":[{\"@type\":\"ReadAction\",\"target\":[\"https:\/\/legitgrams.com\/product\/khalifa-kush-marijuana\/\"]}]},{\"@type\":\"ImageObject\",\"inLanguage\":\"pl-PL\",\"@id\":\"https:\/\/legitgrams.com\/product\/khalifa-kush-marijuana\/#primaryimage\",\"url\":\"https:\/\/legitgrams.com\/wp-content\/uploads\/2024\/09\/Buy-Khalifa-Kush-Marijuana-Online.jpg\",\"contentUrl\":\"https:\/\/legitgrams.com\/wp-content\/uploads\/2024\/09\/Buy-Khalifa-Kush-Marijuana-Online.jpg\",\"width\":600,\"height\":600,\"caption\":\"Khalifa Kush Marijuana for Sale\"},{\"@type\":\"BreadcrumbList\",\"@id\":\"https:\/\/legitgrams.com\/product\/khalifa-kush-marijuana\/#breadcrumb\",\"itemListElement\":[{\"@type\":\"ListItem\",\"position\":1,\"name\":\"Home\",\"item\":\"https:\/\/legitgrams.com\/\"},{\"@type\":\"ListItem\",\"position\":2,\"name\":\"Shop\",\"item\":\"https:\/\/legitgrams.com\/shop\/\"},{\"@type\":\"ListItem\",\"position\":3,\"name\":\"Khalifa Kush Marijuana\"}]},{\"@type\":\"WebSite\",\"@id\":\"https:\/\/legitgrams.com\/#website\",\"url\":\"https:\/\/legitgrams.com\/\",\"name\":\"Legit Grams\",\"description\":\"My WordPress Blog\",\"publisher\":{\"@id\":\"https:\/\/legitgrams.com\/#organization\"},\"potentialAction\":[{\"@type\":\"SearchAction\",\"target\":{\"@type\":\"EntryPoint\",\"urlTemplate\":\"https:\/\/legitgrams.com\/?s={search_term_string}\"},\"query-input\":{\"@type\":\"PropertyValueSpecification\",\"valueRequired\":true,\"valueName\":\"search_term_string\"}}],\"inLanguage\":\"pl-PL\"},{\"@type\":\"Organization\",\"@id\":\"https:\/\/legitgrams.com\/#organization\",\"name\":\"Legit Grams\",\"url\":\"https:\/\/legitgrams.com\/\",\"logo\":{\"@type\":\"ImageObject\",\"inLanguage\":\"pl-PL\",\"@id\":\"https:\/\/legitgrams.com\/#\/schema\/logo\/image\/\",\"url\":\"https:\/\/legitgrams.com\/wp-content\/uploads\/2024\/09\/main-logo.png\",\"contentUrl\":\"https:\/\/legitgrams.com\/wp-content\/uploads\/2024\/09\/main-logo.png\",\"width\":270,\"height\":75,\"caption\":\"Legit Grams\"},\"image\":{\"@id\":\"https:\/\/legitgrams.com\/#\/schema\/logo\/image\/\"}}]}<\/script>\n<!-- \/ Yoast SEO plugin. -->","yoast_head_json":{"title":"India Charas Black Hash na sprzeda\u017c - Kup India Charas Black Online","description":"Twoje wymagania dotycz\u0105ce zakupu Khalifa Kush Marijuana mog\u0105 zosta\u0107 spe\u0142nione w naszym sklepie internetowym Legitgrams, poniewa\u017c mamy tutaj na sprzeda\u017c Khalifa Kush Marijuana. Z\u0142\u00f3\u017c zam\u00f3wienie i uzyskaj przyst\u0119pne oferty ka\u017cdego dnia.","robots":{"index":"index","follow":"follow","max-snippet":"max-snippet:-1","max-image-preview":"max-image-preview:large","max-video-preview":"max-video-preview:-1"},"canonical":"https:\/\/legitgrams.com\/pl\/produkt\/marihuana-khalifa-kush\/","og_locale":"pl_PL","og_type":"article","og_title":"Khalifa Kush Marijuana for Sale - Buy Khalifa Kush Marijuana Online","og_description":"Your requirement to buy Khalifa Kush Marijuana can be fulfilled at our online Legitgrams store as we are having Khalifa Kush Marijuana for sale here. Place your order and get affordable deals every day.","og_url":"https:\/\/legitgrams.com\/pl\/produkt\/marihuana-khalifa-kush\/","og_site_name":"Legit Grams","article_modified_time":"2025-01-14T07:17:02+00:00","og_image":[{"width":600,"height":600,"url":"https:\/\/legitgrams.com\/wp-content\/uploads\/2024\/09\/Buy-Khalifa-Kush-Marijuana-Online.jpg","type":"image\/jpeg"}],"twitter_card":"summary_large_image","twitter_misc":{"Szacowany czas czytania":"1 minuta"},"schema":{"@context":"https:\/\/schema.org","@graph":[{"@type":"WebPage","@id":"https:\/\/legitgrams.com\/product\/khalifa-kush-marijuana\/","url":"https:\/\/legitgrams.com\/product\/khalifa-kush-marijuana\/","name":"India Charas Black Hash na sprzeda\u017c - Kup India Charas Black Online","isPartOf":{"@id":"https:\/\/legitgrams.com\/#website"},"primaryImageOfPage":{"@id":"https:\/\/legitgrams.com\/product\/khalifa-kush-marijuana\/#primaryimage"},"image":{"@id":"https:\/\/legitgrams.com\/product\/khalifa-kush-marijuana\/#primaryimage"},"thumbnailUrl":"https:\/\/legitgrams.com\/wp-content\/uploads\/2024\/09\/Buy-Khalifa-Kush-Marijuana-Online.jpg","datePublished":"2024-09-21T12:39:23+00:00","dateModified":"2025-01-14T07:17:02+00:00","description":"Twoje wymagania dotycz\u0105ce zakupu Khalifa Kush Marijuana mog\u0105 zosta\u0107 spe\u0142nione w naszym sklepie internetowym Legitgrams, poniewa\u017c mamy tutaj na sprzeda\u017c Khalifa Kush Marijuana. Z\u0142\u00f3\u017c zam\u00f3wienie i uzyskaj przyst\u0119pne oferty ka\u017cdego dnia.","breadcrumb":{"@id":"https:\/\/legitgrams.com\/product\/khalifa-kush-marijuana\/#breadcrumb"},"inLanguage":"pl-PL","potentialAction":[{"@type":"ReadAction","target":["https:\/\/legitgrams.com\/product\/khalifa-kush-marijuana\/"]}]},{"@type":"ImageObject","inLanguage":"pl-PL","@id":"https:\/\/legitgrams.com\/product\/khalifa-kush-marijuana\/#primaryimage","url":"https:\/\/legitgrams.com\/wp-content\/uploads\/2024\/09\/Buy-Khalifa-Kush-Marijuana-Online.jpg","contentUrl":"https:\/\/legitgrams.com\/wp-content\/uploads\/2024\/09\/Buy-Khalifa-Kush-Marijuana-Online.jpg","width":600,"height":600,"caption":"Khalifa Kush Marijuana for Sale"},{"@type":"BreadcrumbList","@id":"https:\/\/legitgrams.com\/product\/khalifa-kush-marijuana\/#breadcrumb","itemListElement":[{"@type":"ListItem","position":1,"name":"Home","item":"https:\/\/legitgrams.com\/"},{"@type":"ListItem","position":2,"name":"Shop","item":"https:\/\/legitgrams.com\/shop\/"},{"@type":"ListItem","position":3,"name":"Khalifa Kush Marijuana"}]},{"@type":"WebSite","@id":"https:\/\/legitgrams.com\/#website","url":"https:\/\/legitgrams.com\/","name":"Legit Grams","description":"M\u00f3j blog WordPress","publisher":{"@id":"https:\/\/legitgrams.com\/#organization"},"potentialAction":[{"@type":"SearchAction","target":{"@type":"EntryPoint","urlTemplate":"https:\/\/legitgrams.com\/?s={search_term_string}"},"query-input":{"@type":"PropertyValueSpecification","valueRequired":true,"valueName":"search_term_string"}}],"inLanguage":"pl-PL"},{"@type":"Organization","@id":"https:\/\/legitgrams.com\/#organization","name":"Legit Grams","url":"https:\/\/legitgrams.com\/","logo":{"@type":"ImageObject","inLanguage":"pl-PL","@id":"https:\/\/legitgrams.com\/#\/schema\/logo\/image\/","url":"https:\/\/legitgrams.com\/wp-content\/uploads\/2024\/09\/main-logo.png","contentUrl":"https:\/\/legitgrams.com\/wp-content\/uploads\/2024\/09\/main-logo.png","width":270,"height":75,"caption":"Legit Grams"},"image":{"@id":"https:\/\/legitgrams.com\/#\/schema\/logo\/image\/"}}]}},"uagb_featured_image_src":{"full":["https:\/\/legitgrams.com\/wp-content\/uploads\/2024\/09\/Buy-Khalifa-Kush-Marijuana-Online.jpg",600,600,false],"thumbnail":["https:\/\/legitgrams.com\/wp-content\/uploads\/2024\/09\/Buy-Khalifa-Kush-Marijuana-Online-150x150.jpg",150,150,true],"medium":["https:\/\/legitgrams.com\/wp-content\/uploads\/2024\/09\/Buy-Khalifa-Kush-Marijuana-Online-300x300.jpg",300,300,true],"medium_large":["https:\/\/legitgrams.com\/wp-content\/uploads\/2024\/09\/Buy-Khalifa-Kush-Marijuana-Online.jpg",600,600,false],"large":["https:\/\/legitgrams.com\/wp-content\/uploads\/2024\/09\/Buy-Khalifa-Kush-Marijuana-Online.jpg",600,600,false],"1536x1536":["https:\/\/legitgrams.com\/wp-content\/uploads\/2024\/09\/Buy-Khalifa-Kush-Marijuana-Online.jpg",600,600,false],"2048x2048":["https:\/\/legitgrams.com\/wp-content\/uploads\/2024\/09\/Buy-Khalifa-Kush-Marijuana-Online.jpg",600,600,false],"trp-custom-language-flag":["https:\/\/legitgrams.com\/wp-content\/uploads\/2024\/09\/Buy-Khalifa-Kush-Marijuana-Online-12x12.jpg",12,12,true],"woocommerce_thumbnail":["https:\/\/legitgrams.com\/wp-content\/uploads\/2024\/09\/Buy-Khalifa-Kush-Marijuana-Online-300x300.jpg",300,300,true],"woocommerce_single":["https:\/\/legitgrams.com\/wp-content\/uploads\/2024\/09\/Buy-Khalifa-Kush-Marijuana-Online.jpg",600,600,false],"woocommerce_gallery_thumbnail":["https:\/\/legitgrams.com\/wp-content\/uploads\/2024\/09\/Buy-Khalifa-Kush-Marijuana-Online-100x100.jpg",100,100,true]},"uagb_author_info":{"display_name":"cokeblog18","author_link":"https:\/\/legitgrams.com\/pl\/author\/"},"uagb_comment_info":0,"uagb_excerpt":"Effects of Online Khalifa Kush Cannabis Purchase: Calm, creative, euphoric, and cerebral; may reduce post-traumatic stress disorder, chronic pain, arthritis, depression, fatigue, headaches, nausea, migraines, and weariness. Flavors: Citrus, Lemon, Sweet, and Pine Khalifa Kush Marijuana : buying Kush Cannabis, buying Khalifa Kush Cannabis, buying Kush Cannabis online, The following information can be found: where&hellip;","_links":{"self":[{"href":"https:\/\/legitgrams.com\/pl\/wp-json\/wp\/v2\/product\/4190","targetHints":{"allow":["GET"]}}],"collection":[{"href":"https:\/\/legitgrams.com\/pl\/wp-json\/wp\/v2\/product"}],"about":[{"href":"https:\/\/legitgrams.com\/pl\/wp-json\/wp\/v2\/types\/product"}],"replies":[{"embeddable":true,"href":"https:\/\/legitgrams.com\/pl\/wp-json\/wp\/v2\/comments?post=4190"}],"wp:featuredmedia":[{"embeddable":true,"href":"https:\/\/legitgrams.com\/pl\/wp-json\/wp\/v2\/media\/5409"}],"wp:attachment":[{"href":"https:\/\/legitgrams.com\/pl\/wp-json\/wp\/v2\/media?parent=4190"}],"wp:term":[{"taxonomy":"product_brand","embeddable":true,"href":"https:\/\/legitgrams.com\/pl\/wp-json\/wp\/v2\/product_brand?post=4190"},{"taxonomy":"product_cat","embeddable":true,"href":"https:\/\/legitgrams.com\/pl\/wp-json\/wp\/v2\/product_cat?post=4190"},{"taxonomy":"product_tag","embeddable":true,"href":"https:\/\/legitgrams.com\/pl\/wp-json\/wp\/v2\/product_tag?post=4190"}],"curies":[{"name":"wp","href":"https:\/\/api.w.org\/{rel}","templated":true}]}}