{"id":4193,"date":"2024-09-21T12:36:06","date_gmt":"2024-09-21T12:36:06","guid":{"rendered":"https:\/\/legitgrams.com\/?post_type=product&#038;p=4193"},"modified":"2025-01-14T06:26:21","modified_gmt":"2025-01-14T06:26:21","slug":"india-charas-black-hash","status":"publish","type":"product","link":"https:\/\/legitgrams.com\/pl\/produkt\/india-charas-black-hash\/","title":{"rendered":"India Charas Black Hash"},"content":{"rendered":"<h2>Zakup India Charas Black Hash Online<\/h2>\n<p>Kup <a href=\"https:\/\/legitgrams.com\/pl\/produkt\/india-charas-black-hash\/\">Black Hash India Charas<\/a> Indie. generowany przez delikatne g\u0142askanie \u017ce\u0144skich p\u0105k\u00f3w mi\u0119dzy d\u0142o\u0144mi. Przed transportem, smo\u0142a jest kompresowana do typowych kawa\u0142k\u00f3w i rozprowadzana jako kulki haszyszowe. Cieniowanie: Ciemne, czarne na zewn\u0105trz lub jasnozielone w \u015brodku. Zapach: Gor\u0105cy do bardzo pikantnego. Niepowtarzalny zapach. Smak: W przeciwie\u0144stwie do Afghani, jest odrobin\u0119 szorstki w gardle i bardzo pikantny. Konsystencja: Jest niesamowicie mi\u0119kki i mo\u017cna go odpowiednio masowa\u0107, podobnie jak Afghani. Czasami bardzo drobny, ale zawsze g\u0119sty. Wp\u0142yw: radosny i do\u015b\u0107 intensywny. po\u0142\u0105czony z m\u00f3zgiem. Moc: Wyj\u0105tkowo mocny i silny. Charas jest cz\u0119sto \u015bwietnym dymem, podobnie jak Nepali. (10\u201326% THC) Dost\u0119pno\u015b\u0107: niezwykle rzadki; tylko bardzo ma\u0142e ilo\u015bci s\u0105 okresowo udost\u0119pniane. Wi\u0119kszo\u015b\u0107 prywatnych podr\u00f3\u017cnych importuje wje\u017cd\u017caj\u0105c do Indii tego rodzaju haszysz. Koszt jest oczywi\u015bcie wysoki wed\u0142ug nepalskich standard\u00f3w. Charas jest zwykle sprzedawany jako kawa\u0142ek haszyszu zwany \u201epalcem\u201d, kt\u00f3ry przypomina hotdoga. <a href=\"https:\/\/legitgrams.com\/pl\/\">LegitGrams<\/a><\/p>\n<p>Kup India Charas Black Hash: kup Black Hash, kup Charas Black Hash, kup India Charas Black Hash online, gdzie kupi\u0107 India <a href=\"https:\/\/en.wikipedia.org\/wiki\/Charas\">Charas<\/a> Black Hash, gdzie kupi\u0107 India Charas Black Hash, gdzie kupi\u0107 India Charas Black Hash, jak kupi\u0107 India Charas Black Hash, jak kupi\u0107 India Charas Black Hash online, kup India Charas Black Hash online, kup India Charas Black Hash online, kup India Charas Black Hash online, kup India Charas Black Hash online, kup India Charas Black Hash online, kup India Charas Black Hash online, kupuj India Charas Black Hash online, kupuj online, dostawcy, bezpieczna dostawa, India Charas Black Hash jest nadal dost\u0119pny do kupienia. Ponadto mo\u017cesz dowiedzie\u0107 si\u0119, jak go zam\u00f3wi\u0107, czy jest legalny w USA i czy mo\u017cna go kupi\u0107 online<\/p>\n<h2><\/h2>\n<h2><\/h2>\n<p>&nbsp;<\/p>","protected":false},"excerpt":{"rendered":"<p>Purchase of India Charas Black Hash Online Buy Black Hash India Charas India. generated by gently stroking the female buds between your palms. Prior to transportation, the pitch is compressed into the typical pieces and distributed as hash balls. Shading: Dark, black on the outside, or light green inside. Scent: Hot to very tangy. A &hellip;<\/p>\n<p class=\"read-more\"> <a class=\"\" href=\"https:\/\/legitgrams.com\/pl\/produkt\/india-charas-black-hash\/\"> <span class=\"screen-reader-text\">India Charas Black Hash<\/span> Czytaj wi\u0119cej \"<\/a><\/p>","protected":false},"featured_media":5376,"comment_status":"open","ping_status":"closed","template":"","meta":{"_uag_custom_page_level_css":"","site-sidebar-layout":"default","site-content-layout":"default","ast-global-header-display":"","ast-main-header-display":"","ast-hfb-above-header-display":"","ast-hfb-below-header-display":"","ast-hfb-mobile-header-display":"","site-post-title":"","ast-breadcrumbs-content":"","ast-featured-img":"","footer-sml-layout":"","theme-transparent-header-meta":"default","adv-header-id-meta":"","stick-header-meta":"default","header-above-stick-meta":"","header-main-stick-meta":"","header-below-stick-meta":"","_joinchat":[]},"product_brand":[],"product_cat":[605],"product_tag":[2440,2430,617,2422,2437,2434,2429,2421,2424,2425,2432,2423,2435,2442,2443,2441,2433,2438,2427,2439,2436,625,2428,2431,2426],"class_list":{"0":"post-4193","1":"product","2":"type-product","3":"status-publish","4":"has-post-thumbnail","6":"product_cat-hash-hashish","7":"product_tag-best-cheap-price-india-charas-black-hash","8":"product_tag-best-place-to-buy-india-charas-black-hash","9":"product_tag-bulk-online","10":"product_tag-buy-india-charas-black-hash","11":"product_tag-cheap-india-charas-black-hash","12":"product_tag-high-quality-india-charas-black-hash","13":"product_tag-how-to-buy-india-charas-black-hash","14":"product_tag-india-charas-black-hash","15":"product_tag-india-charas-black-hash-for-sale","16":"product_tag-india-charas-black-hash-india-charas-black-hash-supplier","17":"product_tag-india-charas-black-hash-legally","18":"product_tag-india-charas-black-hash-online","19":"product_tag-india-charas-black-hash-store","20":"product_tag-india-charas-black-hash-use","21":"product_tag-india-charas-black-hash-wiki","22":"product_tag-india-charas-black-hash-worldwide","23":"product_tag-india-charas-black-hashprice","24":"product_tag-india-charas-black-hashs","25":"product_tag-order-india-charas-black-hash","26":"product_tag-purcharse-india-charas-black-hash","27":"product_tag-shop-india-charas-black-hash","28":"product_tag-top-quality","29":"product_tag-where-to-buy-india-charas-black-hash","30":"product_tag-where-to-order-india-charas-black-hash","31":"product_tag-wholesale-india-charas-black-hash","32":"desktop-align-left","33":"tablet-align-left","34":"mobile-align-left","35":"ast-product-gallery-layout-horizontal","36":"ast-product-gallery-with-no-image","37":"ast-product-single-variable","38":"ast-product-tabs-layout-horizontal","39":"ast-qv-on-image","41":"first","42":"instock","43":"shipping-taxable","44":"purchasable","45":"product-type-variable"},"yoast_head":"<!-- This site is optimized with the Yoast SEO plugin v25.9 - https:\/\/yoast.com\/wordpress\/plugins\/seo\/ -->\n<title>India Charas Black Hash for Sale - Buy India Charas Black Online<\/title>\n<meta name=\"description\" content=\"At our Legitgrams, you can get India Charas Black Hash for sale at cheap rates. We deal with A-grade quality products only. Buy India Charas Black Hash online from our store now with fast &amp; secure shipping service.\" \/>\n<meta name=\"robots\" content=\"index, follow, max-snippet:-1, max-image-preview:large, max-video-preview:-1\" \/>\n<link rel=\"canonical\" href=\"https:\/\/legitgrams.com\/pl\/produkt\/india-charas-black-hash\/\" \/>\n<meta property=\"og:locale\" content=\"pl_PL\" \/>\n<meta property=\"og:type\" content=\"article\" \/>\n<meta property=\"og:title\" content=\"India Charas Black Hash for Sale - Buy India Charas Black Online\" \/>\n<meta property=\"og:description\" content=\"At our Legitgrams, you can get India Charas Black Hash for sale at cheap rates. We deal with A-grade quality products only. Buy India Charas Black Hash online from our store now with fast &amp; secure shipping service.\" \/>\n<meta property=\"og:url\" content=\"https:\/\/legitgrams.com\/pl\/produkt\/india-charas-black-hash\/\" \/>\n<meta property=\"og:site_name\" content=\"Legit Grams\" \/>\n<meta property=\"article:modified_time\" content=\"2025-01-14T06:26:21+00:00\" \/>\n<meta property=\"og:image\" content=\"https:\/\/legitgrams.com\/wp-content\/uploads\/2024\/09\/Buy-India-Charas-Black-Hash.jpg\" \/>\n\t<meta property=\"og:image:width\" content=\"600\" \/>\n\t<meta property=\"og:image:height\" content=\"600\" \/>\n\t<meta property=\"og:image:type\" content=\"image\/jpeg\" \/>\n<meta name=\"twitter:card\" content=\"summary_large_image\" \/>\n<meta name=\"twitter:label1\" content=\"Szacowany czas czytania\" \/>\n\t<meta name=\"twitter:data1\" content=\"2 minuty\" \/>\n<script type=\"application\/ld+json\" class=\"yoast-schema-graph\">{\"@context\":\"https:\/\/schema.org\",\"@graph\":[{\"@type\":\"WebPage\",\"@id\":\"https:\/\/legitgrams.com\/product\/india-charas-black-hash\/\",\"url\":\"https:\/\/legitgrams.com\/product\/india-charas-black-hash\/\",\"name\":\"India Charas Black Hash for Sale - Buy India Charas Black Online\",\"isPartOf\":{\"@id\":\"https:\/\/legitgrams.com\/#website\"},\"primaryImageOfPage\":{\"@id\":\"https:\/\/legitgrams.com\/product\/india-charas-black-hash\/#primaryimage\"},\"image\":{\"@id\":\"https:\/\/legitgrams.com\/product\/india-charas-black-hash\/#primaryimage\"},\"thumbnailUrl\":\"https:\/\/legitgrams.com\/wp-content\/uploads\/2024\/09\/Buy-India-Charas-Black-Hash.jpg\",\"datePublished\":\"2024-09-21T12:36:06+00:00\",\"dateModified\":\"2025-01-14T06:26:21+00:00\",\"description\":\"At our Legitgrams, you can get India Charas Black Hash for sale at cheap rates. We deal with A-grade quality products only. Buy India Charas Black Hash online from our store now with fast & secure shipping service.\",\"breadcrumb\":{\"@id\":\"https:\/\/legitgrams.com\/product\/india-charas-black-hash\/#breadcrumb\"},\"inLanguage\":\"pl-PL\",\"potentialAction\":[{\"@type\":\"ReadAction\",\"target\":[\"https:\/\/legitgrams.com\/product\/india-charas-black-hash\/\"]}]},{\"@type\":\"ImageObject\",\"inLanguage\":\"pl-PL\",\"@id\":\"https:\/\/legitgrams.com\/product\/india-charas-black-hash\/#primaryimage\",\"url\":\"https:\/\/legitgrams.com\/wp-content\/uploads\/2024\/09\/Buy-India-Charas-Black-Hash.jpg\",\"contentUrl\":\"https:\/\/legitgrams.com\/wp-content\/uploads\/2024\/09\/Buy-India-Charas-Black-Hash.jpg\",\"width\":600,\"height\":600,\"caption\":\"India Charas Black Hash for Sale\"},{\"@type\":\"BreadcrumbList\",\"@id\":\"https:\/\/legitgrams.com\/product\/india-charas-black-hash\/#breadcrumb\",\"itemListElement\":[{\"@type\":\"ListItem\",\"position\":1,\"name\":\"Home\",\"item\":\"https:\/\/legitgrams.com\/\"},{\"@type\":\"ListItem\",\"position\":2,\"name\":\"Shop\",\"item\":\"https:\/\/legitgrams.com\/shop\/\"},{\"@type\":\"ListItem\",\"position\":3,\"name\":\"India Charas Black Hash\"}]},{\"@type\":\"WebSite\",\"@id\":\"https:\/\/legitgrams.com\/#website\",\"url\":\"https:\/\/legitgrams.com\/\",\"name\":\"Legit Grams\",\"description\":\"My WordPress Blog\",\"publisher\":{\"@id\":\"https:\/\/legitgrams.com\/#organization\"},\"potentialAction\":[{\"@type\":\"SearchAction\",\"target\":{\"@type\":\"EntryPoint\",\"urlTemplate\":\"https:\/\/legitgrams.com\/?s={search_term_string}\"},\"query-input\":{\"@type\":\"PropertyValueSpecification\",\"valueRequired\":true,\"valueName\":\"search_term_string\"}}],\"inLanguage\":\"pl-PL\"},{\"@type\":\"Organization\",\"@id\":\"https:\/\/legitgrams.com\/#organization\",\"name\":\"Legit Grams\",\"url\":\"https:\/\/legitgrams.com\/\",\"logo\":{\"@type\":\"ImageObject\",\"inLanguage\":\"pl-PL\",\"@id\":\"https:\/\/legitgrams.com\/#\/schema\/logo\/image\/\",\"url\":\"https:\/\/legitgrams.com\/wp-content\/uploads\/2024\/09\/main-logo.png\",\"contentUrl\":\"https:\/\/legitgrams.com\/wp-content\/uploads\/2024\/09\/main-logo.png\",\"width\":270,\"height\":75,\"caption\":\"Legit Grams\"},\"image\":{\"@id\":\"https:\/\/legitgrams.com\/#\/schema\/logo\/image\/\"}}]}<\/script>\n<!-- \/ Yoast SEO plugin. -->","yoast_head_json":{"title":"India Charas Black Hash na sprzeda\u017c - Kup India Charas Black Online","description":"W naszym Legitgrams mo\u017cesz kupi\u0107 India Charas Black Hash na sprzeda\u017c po niskich cenach. Zajmujemy si\u0119 wy\u0142\u0105cznie produktami o jako\u015bci A. Kup teraz India Charas Black Hash online w naszym sklepie z szybk\u0105 i bezpieczn\u0105 wysy\u0142k\u0105.","robots":{"index":"index","follow":"follow","max-snippet":"max-snippet:-1","max-image-preview":"max-image-preview:large","max-video-preview":"max-video-preview:-1"},"canonical":"https:\/\/legitgrams.com\/pl\/produkt\/india-charas-black-hash\/","og_locale":"pl_PL","og_type":"article","og_title":"India Charas Black Hash for Sale - Buy India Charas Black Online","og_description":"At our Legitgrams, you can get India Charas Black Hash for sale at cheap rates. We deal with A-grade quality products only. Buy India Charas Black Hash online from our store now with fast & secure shipping service.","og_url":"https:\/\/legitgrams.com\/pl\/produkt\/india-charas-black-hash\/","og_site_name":"Legit Grams","article_modified_time":"2025-01-14T06:26:21+00:00","og_image":[{"width":600,"height":600,"url":"https:\/\/legitgrams.com\/wp-content\/uploads\/2024\/09\/Buy-India-Charas-Black-Hash.jpg","type":"image\/jpeg"}],"twitter_card":"summary_large_image","twitter_misc":{"Szacowany czas czytania":"2 minuty"},"schema":{"@context":"https:\/\/schema.org","@graph":[{"@type":"WebPage","@id":"https:\/\/legitgrams.com\/product\/india-charas-black-hash\/","url":"https:\/\/legitgrams.com\/product\/india-charas-black-hash\/","name":"India Charas Black Hash na sprzeda\u017c - Kup India Charas Black Online","isPartOf":{"@id":"https:\/\/legitgrams.com\/#website"},"primaryImageOfPage":{"@id":"https:\/\/legitgrams.com\/product\/india-charas-black-hash\/#primaryimage"},"image":{"@id":"https:\/\/legitgrams.com\/product\/india-charas-black-hash\/#primaryimage"},"thumbnailUrl":"https:\/\/legitgrams.com\/wp-content\/uploads\/2024\/09\/Buy-India-Charas-Black-Hash.jpg","datePublished":"2024-09-21T12:36:06+00:00","dateModified":"2025-01-14T06:26:21+00:00","description":"W naszym Legitgrams mo\u017cesz kupi\u0107 India Charas Black Hash na sprzeda\u017c po niskich cenach. Zajmujemy si\u0119 wy\u0142\u0105cznie produktami o jako\u015bci A. Kup teraz India Charas Black Hash online w naszym sklepie z szybk\u0105 i bezpieczn\u0105 wysy\u0142k\u0105.","breadcrumb":{"@id":"https:\/\/legitgrams.com\/product\/india-charas-black-hash\/#breadcrumb"},"inLanguage":"pl-PL","potentialAction":[{"@type":"ReadAction","target":["https:\/\/legitgrams.com\/product\/india-charas-black-hash\/"]}]},{"@type":"ImageObject","inLanguage":"pl-PL","@id":"https:\/\/legitgrams.com\/product\/india-charas-black-hash\/#primaryimage","url":"https:\/\/legitgrams.com\/wp-content\/uploads\/2024\/09\/Buy-India-Charas-Black-Hash.jpg","contentUrl":"https:\/\/legitgrams.com\/wp-content\/uploads\/2024\/09\/Buy-India-Charas-Black-Hash.jpg","width":600,"height":600,"caption":"India Charas Black Hash for Sale"},{"@type":"BreadcrumbList","@id":"https:\/\/legitgrams.com\/product\/india-charas-black-hash\/#breadcrumb","itemListElement":[{"@type":"ListItem","position":1,"name":"Home","item":"https:\/\/legitgrams.com\/"},{"@type":"ListItem","position":2,"name":"Shop","item":"https:\/\/legitgrams.com\/shop\/"},{"@type":"ListItem","position":3,"name":"India Charas Black Hash"}]},{"@type":"WebSite","@id":"https:\/\/legitgrams.com\/#website","url":"https:\/\/legitgrams.com\/","name":"Legit Grams","description":"M\u00f3j blog WordPress","publisher":{"@id":"https:\/\/legitgrams.com\/#organization"},"potentialAction":[{"@type":"SearchAction","target":{"@type":"EntryPoint","urlTemplate":"https:\/\/legitgrams.com\/?s={search_term_string}"},"query-input":{"@type":"PropertyValueSpecification","valueRequired":true,"valueName":"search_term_string"}}],"inLanguage":"pl-PL"},{"@type":"Organization","@id":"https:\/\/legitgrams.com\/#organization","name":"Legit Grams","url":"https:\/\/legitgrams.com\/","logo":{"@type":"ImageObject","inLanguage":"pl-PL","@id":"https:\/\/legitgrams.com\/#\/schema\/logo\/image\/","url":"https:\/\/legitgrams.com\/wp-content\/uploads\/2024\/09\/main-logo.png","contentUrl":"https:\/\/legitgrams.com\/wp-content\/uploads\/2024\/09\/main-logo.png","width":270,"height":75,"caption":"Legit Grams"},"image":{"@id":"https:\/\/legitgrams.com\/#\/schema\/logo\/image\/"}}]}},"uagb_featured_image_src":{"full":["https:\/\/legitgrams.com\/wp-content\/uploads\/2024\/09\/Buy-India-Charas-Black-Hash.jpg",600,600,false],"thumbnail":["https:\/\/legitgrams.com\/wp-content\/uploads\/2024\/09\/Buy-India-Charas-Black-Hash-150x150.jpg",150,150,true],"medium":["https:\/\/legitgrams.com\/wp-content\/uploads\/2024\/09\/Buy-India-Charas-Black-Hash-300x300.jpg",300,300,true],"medium_large":["https:\/\/legitgrams.com\/wp-content\/uploads\/2024\/09\/Buy-India-Charas-Black-Hash.jpg",600,600,false],"large":["https:\/\/legitgrams.com\/wp-content\/uploads\/2024\/09\/Buy-India-Charas-Black-Hash.jpg",600,600,false],"1536x1536":["https:\/\/legitgrams.com\/wp-content\/uploads\/2024\/09\/Buy-India-Charas-Black-Hash.jpg",600,600,false],"2048x2048":["https:\/\/legitgrams.com\/wp-content\/uploads\/2024\/09\/Buy-India-Charas-Black-Hash.jpg",600,600,false],"trp-custom-language-flag":["https:\/\/legitgrams.com\/wp-content\/uploads\/2024\/09\/Buy-India-Charas-Black-Hash-12x12.jpg",12,12,true],"woocommerce_thumbnail":["https:\/\/legitgrams.com\/wp-content\/uploads\/2024\/09\/Buy-India-Charas-Black-Hash-300x300.jpg",300,300,true],"woocommerce_single":["https:\/\/legitgrams.com\/wp-content\/uploads\/2024\/09\/Buy-India-Charas-Black-Hash.jpg",600,600,false],"woocommerce_gallery_thumbnail":["https:\/\/legitgrams.com\/wp-content\/uploads\/2024\/09\/Buy-India-Charas-Black-Hash-100x100.jpg",100,100,true]},"uagb_author_info":{"display_name":"cokeblog18","author_link":"https:\/\/legitgrams.com\/pl\/author\/"},"uagb_comment_info":0,"uagb_excerpt":"Purchase of India Charas Black Hash Online Buy Black Hash India Charas India. generated by gently stroking the female buds between your palms. Prior to transportation, the pitch is compressed into the typical pieces and distributed as hash balls. Shading: Dark, black on the outside, or light green inside. Scent: Hot to very tangy. A&hellip;","_links":{"self":[{"href":"https:\/\/legitgrams.com\/pl\/wp-json\/wp\/v2\/product\/4193","targetHints":{"allow":["GET"]}}],"collection":[{"href":"https:\/\/legitgrams.com\/pl\/wp-json\/wp\/v2\/product"}],"about":[{"href":"https:\/\/legitgrams.com\/pl\/wp-json\/wp\/v2\/types\/product"}],"replies":[{"embeddable":true,"href":"https:\/\/legitgrams.com\/pl\/wp-json\/wp\/v2\/comments?post=4193"}],"wp:featuredmedia":[{"embeddable":true,"href":"https:\/\/legitgrams.com\/pl\/wp-json\/wp\/v2\/media\/5376"}],"wp:attachment":[{"href":"https:\/\/legitgrams.com\/pl\/wp-json\/wp\/v2\/media?parent=4193"}],"wp:term":[{"taxonomy":"product_brand","embeddable":true,"href":"https:\/\/legitgrams.com\/pl\/wp-json\/wp\/v2\/product_brand?post=4193"},{"taxonomy":"product_cat","embeddable":true,"href":"https:\/\/legitgrams.com\/pl\/wp-json\/wp\/v2\/product_cat?post=4193"},{"taxonomy":"product_tag","embeddable":true,"href":"https:\/\/legitgrams.com\/pl\/wp-json\/wp\/v2\/product_tag?post=4193"}],"curies":[{"name":"wp","href":"https:\/\/api.w.org\/{rel}","templated":true}]}}