{"id":4195,"date":"2024-09-21T12:34:38","date_gmt":"2024-09-21T12:34:38","guid":{"rendered":"https:\/\/legitgrams.com\/?post_type=product&#038;p=4195"},"modified":"2025-03-07T04:42:23","modified_gmt":"2025-03-07T04:42:23","slug":"miodowy-marokanski-haszysz-blond","status":"publish","type":"product","link":"https:\/\/legitgrams.com\/pl\/produkt\/miodowy-marokanski-haszysz-blond\/","title":{"rendered":"Kup mi\u00f3d maroka\u0144ski Blonde Hash online"},"content":{"rendered":"<h2>Kupuj Maroka\u0144ski Blond Haszysz z Miodem Online<\/h2>\n<p>Tak cz\u0119sto jak <a href=\"https:\/\/www.bing.com\/search?q=KupHoneyMoroccanBlondeHashOnline&amp;qs=n&amp;form=QBRE&amp;sp=-1&amp;lq=0&amp;pq=kuphoneymoroccanblondehashonline&amp;sc=0-37&amp;sk=&amp;cvid=2595BBBFF9EF45C29C0CAABDFDC1504E&amp;ghsh=0&amp;ghacc=0&amp;ghpl=\">mo\u017cliwy<\/a>, s\u0142owo \u201ekif\u201d jest u\u017cywane w Maroku w odniesieniu do kwiat\u00f3w, w tym haszyszu. Na Zachodzie nazwa \u201ekif\u201d jest cz\u0119sto u\u017cywana do opisu niezwyk\u0142ego maroka\u0144skiego blond haszyszu. Po Mary Jane jest on obecnie klasyfikowany jako \u201e<a href=\"https:\/\/www.google.com\/search?q=Kup+Honey+Moroccan+Blonde+Hash+Online&amp;sca_esv=eddefdb7b92e7545&amp;sxsrf=AHTn8zpz4KLEN5FvWJ431Rn0ssHdG9oGqA1743743562102&amp;ei=SmrvZ6f-Befy0PEP5c7x-Ak&amp;ved=0ahUKEwiny-T8zr2MAxVnOTQIHWVnHJ8Q4dUDCBA&amp;uact=5&amp;oq=Kup+Honey+Moroccan+Blonde+Hash+Online&amp;gs_lp=Egxnd3Mtd2l6LXNlcnAiJUt1cCBIb25leSBNb3JvY2NhbiBCbG9uZGUgSGFzaCBPbmxpbmUyBRAhGKABMgUQIRigATIFECEYoAEyBRAhGKABMgUQIRirAkjgDlAAWABwAHgAkAEAmAH-AqAB_gKqAQMzLTG4AQPIAQD4AQL4AQGYAgGgAoQDmAMAkgcDMy0xoAfQBLIHAzMtMbgHhAM&amp;sclient=gws-wiz-serp\">habisha<\/a>\u201dgdy wykorzystuje si\u0119 bardziej mi\u0119kkie li\u015bcie. Szacuje si\u0119, \u017ce generacja Maroka obejmuje 600 km2, generuj\u0105c 2 miliardy dolar\u00f3w rocznie i zwi\u0119kszaj\u0105c si\u0119 do 6% PKB (cho\u0107 du\u017ca cz\u0119\u015b\u0107 tych pieni\u0119dzy nie jest wliczana do oficjalnego PKB). Dost\u0119pne s\u0105 zakupy haszyszu online. Mo\u017cesz r\u00f3wnie\u017c kupi\u0107 konopie online. <a href=\"https:\/\/legitgrams.com\/pl\/\">LegitGrams<\/a><\/p>\n<p><strong>kupi\u0107 <a href=\"https:\/\/legitgrams.com\/pl\/produkt\/miodowy-marokanski-haszysz-blond\/\">Honey Moroccan Blonde Hash<\/a>:<\/strong> kup honey Moroccan blonde hash online, kup honey Moroccan blonde hash, gdzie mog\u0119 kupi\u0107 honey Moroccan Hash, Blonde? Czy mo\u017cna kupi\u0107 Honey Moroccan Blonde Hash online? <a href=\"https:\/\/duckduckgo.com\/?q=Kup+Honey+Moroccan+Blonde+Hash+Online&amp;t=h_\">Honey Moroccan Blonde Hash<\/a> jest dost\u0119pny do kupienia online od dostawc\u00f3w w USA, Kanadzie i Wielkiej Brytanii, z bezpieczn\u0105 wysy\u0142k\u0105. Nadal mo\u017cesz kupi\u0107 Honey Moroccan Blonde Hash. Czy kupowanie Honey Moroccan Blonde Hash w USA ma status prawny? Jakie s\u0105 kroki, aby zam\u00f3wi\u0107 Honey Moroccan Blonde Hash? Czy Kanada zezwala na Honey Moroccan Blonde <a href=\"https:\/\/en.wikipedia.org\/wiki\/Hashish\">Hash<\/a>?<\/p>\n<h2><\/h2>\n<h2><\/h2>\n<p>&nbsp;<\/p>","protected":false},"excerpt":{"rendered":"<p>Purchase Moroccan Blonde Hash with Honey Online As often as possible, the word &#8220;kif&#8221; is used in Morocco to refer to flowers, including hashish. In the West, the name &#8220;kif&#8221; is frequently used to describe the remarkable Moroccan blonde hashish. Following Mary Jane, this is currently classified as &#8220;habisha&#8221; when the softer leaves are utilized. &hellip;<\/p>\n<p class=\"read-more\"> <a class=\"\" href=\"https:\/\/legitgrams.com\/pl\/produkt\/miodowy-marokanski-haszysz-blond\/\"> <span class=\"screen-reader-text\">Kup mi\u00f3d maroka\u0144ski Blonde Hash online<\/span> Czytaj wi\u0119cej \"<\/a><\/p>","protected":false},"featured_media":5374,"comment_status":"open","ping_status":"closed","template":"","meta":{"_uag_custom_page_level_css":"","site-sidebar-layout":"default","site-content-layout":"default","ast-global-header-display":"","ast-main-header-display":"","ast-hfb-above-header-display":"","ast-hfb-below-header-display":"","ast-hfb-mobile-header-display":"","site-post-title":"","ast-breadcrumbs-content":"","ast-featured-img":"","footer-sml-layout":"","theme-transparent-header-meta":"default","adv-header-id-meta":"","stick-header-meta":"default","header-above-stick-meta":"","header-main-stick-meta":"","header-below-stick-meta":"","_joinchat":[]},"product_brand":[],"product_cat":[605],"product_tag":[2486,2476,617,2468,2483,2480,2467,2470,2471,2478,2469,2481,2488,2489,2487,2479,2484,2475,2473,2485,2482,625,2474,2477,2472],"class_list":{"0":"post-4195","1":"product","2":"type-product","3":"status-publish","4":"has-post-thumbnail","6":"product_cat-hash-hashish","7":"product_tag-best-cheap-price-honey-moroccan-blonde-hash","8":"product_tag-best-place-to-buy-honey-moroccan-blonde-hash","9":"product_tag-bulk-online","10":"product_tag-buy-honey-moroccan-blonde-hash","11":"product_tag-cheap-honey-moroccan-blonde-hash","12":"product_tag-high-quality-honey-moroccan-blonde-hash","13":"product_tag-honey-moroccan-blonde-hash","14":"product_tag-honey-moroccan-blonde-hash-for-sale","15":"product_tag-honey-moroccan-blonde-hash-honey-moroccan-blonde-hash-supplier","16":"product_tag-honey-moroccan-blonde-hash-legally","17":"product_tag-honey-moroccan-blonde-hash-online","18":"product_tag-honey-moroccan-blonde-hash-store","19":"product_tag-honey-moroccan-blonde-hash-use","20":"product_tag-honey-moroccan-blonde-hash-wiki","21":"product_tag-honey-moroccan-blonde-hash-worldwide","22":"product_tag-honey-moroccan-blonde-hashprice","23":"product_tag-honey-moroccan-blonde-hashs","24":"product_tag-how-to-buy-honey-moroccan-blonde-hash","25":"product_tag-order-honey-moroccan-blonde-hash","26":"product_tag-purcharse-honey-moroccan-blonde-hash","27":"product_tag-shop-honey-moroccan-blonde-hash","28":"product_tag-top-quality","29":"product_tag-where-to-buy-honey-moroccan-blonde-hash","30":"product_tag-where-to-order-honey-moroccan-blonde-hash","31":"product_tag-wholesale-honey-moroccan-blonde-hash","32":"desktop-align-left","33":"tablet-align-left","34":"mobile-align-left","35":"ast-product-gallery-layout-horizontal","36":"ast-product-gallery-with-no-image","37":"ast-product-single-variable","38":"ast-product-tabs-layout-horizontal","39":"ast-qv-on-image","41":"first","42":"instock","43":"shipping-taxable","44":"purchasable","45":"product-type-variable"},"yoast_head":"<!-- This site is optimized with the Yoast SEO plugin v25.9 - https:\/\/yoast.com\/wordpress\/plugins\/seo\/ -->\n<title>Honey Moroccan Blonde Hash for Sale @ best Rate | LegitGrams<\/title>\n<meta name=\"description\" content=\"Get Honey Moroccan Blonde Hash for sale at one of the best online stores. We will help you buy Honey Moroccan Blonde Hash online of high quality. Don&#039;t delay to place your order and take advantage of the newest discounts!\" \/>\n<meta name=\"robots\" content=\"index, follow, max-snippet:-1, max-image-preview:large, max-video-preview:-1\" \/>\n<link rel=\"canonical\" href=\"https:\/\/legitgrams.com\/pl\/produkt\/miodowy-marokanski-haszysz-blond\/\" \/>\n<meta property=\"og:locale\" content=\"pl_PL\" \/>\n<meta property=\"og:type\" content=\"article\" \/>\n<meta property=\"og:title\" content=\"Honey Moroccan Blonde Hash for Sale @ best Rate | LegitGrams\" \/>\n<meta property=\"og:description\" content=\"Get Honey Moroccan Blonde Hash for sale at one of the best online stores. We will help you buy Honey Moroccan Blonde Hash online of high quality. Don&#039;t delay to place your order and take advantage of the newest discounts!\" \/>\n<meta property=\"og:url\" content=\"https:\/\/legitgrams.com\/pl\/produkt\/miodowy-marokanski-haszysz-blond\/\" \/>\n<meta property=\"og:site_name\" content=\"Legit Grams\" \/>\n<meta property=\"article:modified_time\" content=\"2025-03-07T04:42:23+00:00\" \/>\n<meta property=\"og:image\" content=\"https:\/\/legitgrams.com\/wp-content\/uploads\/2024\/09\/Buy-Honey-Moroccan-Blonde-Hash.jpg\" \/>\n\t<meta property=\"og:image:width\" content=\"600\" \/>\n\t<meta property=\"og:image:height\" content=\"600\" \/>\n\t<meta property=\"og:image:type\" content=\"image\/jpeg\" \/>\n<meta name=\"twitter:card\" content=\"summary_large_image\" \/>\n<meta name=\"twitter:label1\" content=\"Szacowany czas czytania\" \/>\n\t<meta name=\"twitter:data1\" content=\"2 minuty\" \/>\n<script type=\"application\/ld+json\" class=\"yoast-schema-graph\">{\"@context\":\"https:\/\/schema.org\",\"@graph\":[{\"@type\":\"WebPage\",\"@id\":\"https:\/\/legitgrams.com\/product\/honey-moroccan-blonde-hash\/\",\"url\":\"https:\/\/legitgrams.com\/product\/honey-moroccan-blonde-hash\/\",\"name\":\"Honey Moroccan Blonde Hash for Sale @ best Rate | LegitGrams\",\"isPartOf\":{\"@id\":\"https:\/\/legitgrams.com\/#website\"},\"primaryImageOfPage\":{\"@id\":\"https:\/\/legitgrams.com\/product\/honey-moroccan-blonde-hash\/#primaryimage\"},\"image\":{\"@id\":\"https:\/\/legitgrams.com\/product\/honey-moroccan-blonde-hash\/#primaryimage\"},\"thumbnailUrl\":\"https:\/\/legitgrams.com\/wp-content\/uploads\/2024\/09\/Buy-Honey-Moroccan-Blonde-Hash.jpg\",\"datePublished\":\"2024-09-21T12:34:38+00:00\",\"dateModified\":\"2025-03-07T04:42:23+00:00\",\"description\":\"Get Honey Moroccan Blonde Hash for sale at one of the best online stores. We will help you buy Honey Moroccan Blonde Hash online of high quality. Don't delay to place your order and take advantage of the newest discounts!\",\"breadcrumb\":{\"@id\":\"https:\/\/legitgrams.com\/product\/honey-moroccan-blonde-hash\/#breadcrumb\"},\"inLanguage\":\"pl-PL\",\"potentialAction\":[{\"@type\":\"ReadAction\",\"target\":[\"https:\/\/legitgrams.com\/product\/honey-moroccan-blonde-hash\/\"]}]},{\"@type\":\"ImageObject\",\"inLanguage\":\"pl-PL\",\"@id\":\"https:\/\/legitgrams.com\/product\/honey-moroccan-blonde-hash\/#primaryimage\",\"url\":\"https:\/\/legitgrams.com\/wp-content\/uploads\/2024\/09\/Buy-Honey-Moroccan-Blonde-Hash.jpg\",\"contentUrl\":\"https:\/\/legitgrams.com\/wp-content\/uploads\/2024\/09\/Buy-Honey-Moroccan-Blonde-Hash.jpg\",\"width\":600,\"height\":600,\"caption\":\"Honey Moroccan Blonde Hash for Sale\"},{\"@type\":\"BreadcrumbList\",\"@id\":\"https:\/\/legitgrams.com\/product\/honey-moroccan-blonde-hash\/#breadcrumb\",\"itemListElement\":[{\"@type\":\"ListItem\",\"position\":1,\"name\":\"Home\",\"item\":\"https:\/\/legitgrams.com\/\"},{\"@type\":\"ListItem\",\"position\":2,\"name\":\"Shop\",\"item\":\"https:\/\/legitgrams.com\/shop\/\"},{\"@type\":\"ListItem\",\"position\":3,\"name\":\"Buy Honey Moroccan Blonde Hash Online\"}]},{\"@type\":\"WebSite\",\"@id\":\"https:\/\/legitgrams.com\/#website\",\"url\":\"https:\/\/legitgrams.com\/\",\"name\":\"Legit Grams\",\"description\":\"My WordPress Blog\",\"publisher\":{\"@id\":\"https:\/\/legitgrams.com\/#organization\"},\"potentialAction\":[{\"@type\":\"SearchAction\",\"target\":{\"@type\":\"EntryPoint\",\"urlTemplate\":\"https:\/\/legitgrams.com\/?s={search_term_string}\"},\"query-input\":{\"@type\":\"PropertyValueSpecification\",\"valueRequired\":true,\"valueName\":\"search_term_string\"}}],\"inLanguage\":\"pl-PL\"},{\"@type\":\"Organization\",\"@id\":\"https:\/\/legitgrams.com\/#organization\",\"name\":\"Legit Grams\",\"url\":\"https:\/\/legitgrams.com\/\",\"logo\":{\"@type\":\"ImageObject\",\"inLanguage\":\"pl-PL\",\"@id\":\"https:\/\/legitgrams.com\/#\/schema\/logo\/image\/\",\"url\":\"https:\/\/legitgrams.com\/wp-content\/uploads\/2024\/09\/main-logo.png\",\"contentUrl\":\"https:\/\/legitgrams.com\/wp-content\/uploads\/2024\/09\/main-logo.png\",\"width\":270,\"height\":75,\"caption\":\"Legit Grams\"},\"image\":{\"@id\":\"https:\/\/legitgrams.com\/#\/schema\/logo\/image\/\"}}]}<\/script>\n<!-- \/ Yoast SEO plugin. -->","yoast_head_json":{"title":"Honey Moroccan Blonde Hash na sprzeda\u017c w najlepszej cenie | LegitGrams","description":"Pobierz Honey Moroccan Blonde Hash na sprzeda\u017c w jednym z najlepszych sklep\u00f3w internetowych. Pomo\u017cemy Ci kupi\u0107 Honey Moroccan Blonde Hash online wysokiej jako\u015bci. Nie zwlekaj ze z\u0142o\u017ceniem zam\u00f3wienia i skorzystaj z najnowszych rabat\u00f3w!","robots":{"index":"index","follow":"follow","max-snippet":"max-snippet:-1","max-image-preview":"max-image-preview:large","max-video-preview":"max-video-preview:-1"},"canonical":"https:\/\/legitgrams.com\/pl\/produkt\/miodowy-marokanski-haszysz-blond\/","og_locale":"pl_PL","og_type":"article","og_title":"Honey Moroccan Blonde Hash for Sale @ best Rate | LegitGrams","og_description":"Get Honey Moroccan Blonde Hash for sale at one of the best online stores. We will help you buy Honey Moroccan Blonde Hash online of high quality. Don't delay to place your order and take advantage of the newest discounts!","og_url":"https:\/\/legitgrams.com\/pl\/produkt\/miodowy-marokanski-haszysz-blond\/","og_site_name":"Legit Grams","article_modified_time":"2025-03-07T04:42:23+00:00","og_image":[{"width":600,"height":600,"url":"https:\/\/legitgrams.com\/wp-content\/uploads\/2024\/09\/Buy-Honey-Moroccan-Blonde-Hash.jpg","type":"image\/jpeg"}],"twitter_card":"summary_large_image","twitter_misc":{"Szacowany czas czytania":"2 minuty"},"schema":{"@context":"https:\/\/schema.org","@graph":[{"@type":"WebPage","@id":"https:\/\/legitgrams.com\/product\/honey-moroccan-blonde-hash\/","url":"https:\/\/legitgrams.com\/product\/honey-moroccan-blonde-hash\/","name":"Honey Moroccan Blonde Hash na sprzeda\u017c w najlepszej cenie | LegitGrams","isPartOf":{"@id":"https:\/\/legitgrams.com\/#website"},"primaryImageOfPage":{"@id":"https:\/\/legitgrams.com\/product\/honey-moroccan-blonde-hash\/#primaryimage"},"image":{"@id":"https:\/\/legitgrams.com\/product\/honey-moroccan-blonde-hash\/#primaryimage"},"thumbnailUrl":"https:\/\/legitgrams.com\/wp-content\/uploads\/2024\/09\/Buy-Honey-Moroccan-Blonde-Hash.jpg","datePublished":"2024-09-21T12:34:38+00:00","dateModified":"2025-03-07T04:42:23+00:00","description":"Pobierz Honey Moroccan Blonde Hash na sprzeda\u017c w jednym z najlepszych sklep\u00f3w internetowych. Pomo\u017cemy Ci kupi\u0107 Honey Moroccan Blonde Hash online wysokiej jako\u015bci. Nie zwlekaj ze z\u0142o\u017ceniem zam\u00f3wienia i skorzystaj z najnowszych rabat\u00f3w!","breadcrumb":{"@id":"https:\/\/legitgrams.com\/product\/honey-moroccan-blonde-hash\/#breadcrumb"},"inLanguage":"pl-PL","potentialAction":[{"@type":"ReadAction","target":["https:\/\/legitgrams.com\/product\/honey-moroccan-blonde-hash\/"]}]},{"@type":"ImageObject","inLanguage":"pl-PL","@id":"https:\/\/legitgrams.com\/product\/honey-moroccan-blonde-hash\/#primaryimage","url":"https:\/\/legitgrams.com\/wp-content\/uploads\/2024\/09\/Buy-Honey-Moroccan-Blonde-Hash.jpg","contentUrl":"https:\/\/legitgrams.com\/wp-content\/uploads\/2024\/09\/Buy-Honey-Moroccan-Blonde-Hash.jpg","width":600,"height":600,"caption":"Honey Moroccan Blonde Hash for Sale"},{"@type":"BreadcrumbList","@id":"https:\/\/legitgrams.com\/product\/honey-moroccan-blonde-hash\/#breadcrumb","itemListElement":[{"@type":"ListItem","position":1,"name":"Home","item":"https:\/\/legitgrams.com\/"},{"@type":"ListItem","position":2,"name":"Shop","item":"https:\/\/legitgrams.com\/shop\/"},{"@type":"ListItem","position":3,"name":"Buy Honey Moroccan Blonde Hash Online"}]},{"@type":"WebSite","@id":"https:\/\/legitgrams.com\/#website","url":"https:\/\/legitgrams.com\/","name":"Legit Grams","description":"M\u00f3j blog WordPress","publisher":{"@id":"https:\/\/legitgrams.com\/#organization"},"potentialAction":[{"@type":"SearchAction","target":{"@type":"EntryPoint","urlTemplate":"https:\/\/legitgrams.com\/?s={search_term_string}"},"query-input":{"@type":"PropertyValueSpecification","valueRequired":true,"valueName":"search_term_string"}}],"inLanguage":"pl-PL"},{"@type":"Organization","@id":"https:\/\/legitgrams.com\/#organization","name":"Legit Grams","url":"https:\/\/legitgrams.com\/","logo":{"@type":"ImageObject","inLanguage":"pl-PL","@id":"https:\/\/legitgrams.com\/#\/schema\/logo\/image\/","url":"https:\/\/legitgrams.com\/wp-content\/uploads\/2024\/09\/main-logo.png","contentUrl":"https:\/\/legitgrams.com\/wp-content\/uploads\/2024\/09\/main-logo.png","width":270,"height":75,"caption":"Legit Grams"},"image":{"@id":"https:\/\/legitgrams.com\/#\/schema\/logo\/image\/"}}]}},"uagb_featured_image_src":{"full":["https:\/\/legitgrams.com\/wp-content\/uploads\/2024\/09\/Buy-Honey-Moroccan-Blonde-Hash.jpg",600,600,false],"thumbnail":["https:\/\/legitgrams.com\/wp-content\/uploads\/2024\/09\/Buy-Honey-Moroccan-Blonde-Hash-150x150.jpg",150,150,true],"medium":["https:\/\/legitgrams.com\/wp-content\/uploads\/2024\/09\/Buy-Honey-Moroccan-Blonde-Hash-300x300.jpg",300,300,true],"medium_large":["https:\/\/legitgrams.com\/wp-content\/uploads\/2024\/09\/Buy-Honey-Moroccan-Blonde-Hash.jpg",600,600,false],"large":["https:\/\/legitgrams.com\/wp-content\/uploads\/2024\/09\/Buy-Honey-Moroccan-Blonde-Hash.jpg",600,600,false],"1536x1536":["https:\/\/legitgrams.com\/wp-content\/uploads\/2024\/09\/Buy-Honey-Moroccan-Blonde-Hash.jpg",600,600,false],"2048x2048":["https:\/\/legitgrams.com\/wp-content\/uploads\/2024\/09\/Buy-Honey-Moroccan-Blonde-Hash.jpg",600,600,false],"trp-custom-language-flag":["https:\/\/legitgrams.com\/wp-content\/uploads\/2024\/09\/Buy-Honey-Moroccan-Blonde-Hash-12x12.jpg",12,12,true],"woocommerce_thumbnail":["https:\/\/legitgrams.com\/wp-content\/uploads\/2024\/09\/Buy-Honey-Moroccan-Blonde-Hash-300x300.jpg",300,300,true],"woocommerce_single":["https:\/\/legitgrams.com\/wp-content\/uploads\/2024\/09\/Buy-Honey-Moroccan-Blonde-Hash.jpg",600,600,false],"woocommerce_gallery_thumbnail":["https:\/\/legitgrams.com\/wp-content\/uploads\/2024\/09\/Buy-Honey-Moroccan-Blonde-Hash-100x100.jpg",100,100,true]},"uagb_author_info":{"display_name":"cokeblog18","author_link":"https:\/\/legitgrams.com\/pl\/author\/"},"uagb_comment_info":0,"uagb_excerpt":"Purchase Moroccan Blonde Hash with Honey Online As often as possible, the word &#8220;kif&#8221; is used in Morocco to refer to flowers, including hashish. In the West, the name &#8220;kif&#8221; is frequently used to describe the remarkable Moroccan blonde hashish. Following Mary Jane, this is currently classified as &#8220;habisha&#8221; when the softer leaves are utilized.&hellip;","_links":{"self":[{"href":"https:\/\/legitgrams.com\/pl\/wp-json\/wp\/v2\/product\/4195","targetHints":{"allow":["GET"]}}],"collection":[{"href":"https:\/\/legitgrams.com\/pl\/wp-json\/wp\/v2\/product"}],"about":[{"href":"https:\/\/legitgrams.com\/pl\/wp-json\/wp\/v2\/types\/product"}],"replies":[{"embeddable":true,"href":"https:\/\/legitgrams.com\/pl\/wp-json\/wp\/v2\/comments?post=4195"}],"wp:featuredmedia":[{"embeddable":true,"href":"https:\/\/legitgrams.com\/pl\/wp-json\/wp\/v2\/media\/5374"}],"wp:attachment":[{"href":"https:\/\/legitgrams.com\/pl\/wp-json\/wp\/v2\/media?parent=4195"}],"wp:term":[{"taxonomy":"product_brand","embeddable":true,"href":"https:\/\/legitgrams.com\/pl\/wp-json\/wp\/v2\/product_brand?post=4195"},{"taxonomy":"product_cat","embeddable":true,"href":"https:\/\/legitgrams.com\/pl\/wp-json\/wp\/v2\/product_cat?post=4195"},{"taxonomy":"product_tag","embeddable":true,"href":"https:\/\/legitgrams.com\/pl\/wp-json\/wp\/v2\/product_tag?post=4195"}],"curies":[{"name":"wp","href":"https:\/\/api.w.org\/{rel}","templated":true}]}}