{"id":4196,"date":"2024-09-21T12:43:39","date_gmt":"2024-09-21T12:43:39","guid":{"rendered":"https:\/\/legitgrams.com\/?post_type=product&#038;p=4196"},"modified":"2025-01-11T10:29:49","modified_gmt":"2025-01-11T10:29:49","slug":"2c-e-research-chemical","status":"publish","type":"product","link":"https:\/\/legitgrams.com\/pl\/produkt\/2c-e-research-chemical\/","title":{"rendered":"2C-E Research Chemical"},"content":{"rendered":"<h2>Sprzeda\u017c 2C-E Research Chemical<\/h2>\n<p>2C supplier, <a href=\"https:\/\/legitgrams.com\/pl\/produkt\/2c-e-research-chemical\/\">2CE chemical analysis<\/a>, 2C acquisition, and 2C sale<br \/>\n4, 2-Dimetoksy-Etylofenetyloamina<br \/>\nGrupa 2,5-fenetyloamin, powszechnie znana jako 2C, ma w\u0142a\u015bciwo\u015bci psychotropowe i jest czasami klasyfikowana jako substancje nielegalne. Formalna reprezentacja 2C-E to 2,5-dimetoksy-4-etylofenetyloamina. Podobnie jak inne 2C, 2C-E jest inhibitorem monoaminooksydazy, kt\u00f3ry hamuje rozk\u0142ad dopaminy, ale nie serotoniny ani noradrenaliny (szacunki IC wynosz\u0105ce odpowiednio 72 i 89 \u03bcM). Opisano jego trawienie.2. Oczekujemy, \u017ce ten element b\u0119dzie u\u017cywany w aplikacjach, kt\u00f3re mo\u017cna zmierzy\u0107.<\/p>\n<p>Je\u015bli to dla Ciebie w porz\u0105dku, prosimy o przyj\u0119cie do wiadomo\u015bci, \u017ce dostarczamy <a href=\"https:\/\/en.wikipedia.org\/wiki\/2C-E\">2C-E<\/a> i inne przedmioty testowe z wyra\u017anymi wytycznymi, aby u\u017cywa\u0107 ich tylko do odpowiednich, racjonalnych bada\u0144 w bezpiecznym, regulowanym otoczeniu zgodnie z odpowiednimi prawami i regulacjami obowi\u0105zuj\u0105cymi w s\u0105siedztwie klienta. U\u017cywanie naszych produkt\u00f3w przez ludzi jest surowo zabronione, bez \u017cadnych wyj\u0105tk\u00f3w.<\/p>\n<p>Wy\u015blemy Twoj\u0105 paczk\u0119 w dowolne miejsce w Stanach Zjednoczonych, Europie lub na \u015bwiecie, je\u015bli dokonasz transakcji ju\u017c dzi\u015b. Aby rozwija\u0107 RC, nasza firma wsp\u00f3\u0142pracuje bezpo\u015brednio z wieloma dynamicznymi mi\u0119dzynarodowymi laboratoriami, a pozyskiwanie najlepszych odkry\u0107 jest jednym z naszych g\u0142\u00f3wnych cel\u00f3w. Twoja pro\u015bba jest z tego powodu naprawd\u0119 wa\u017cna. Nasz sprzedawca ma siedzib\u0119 w Stanach Zjednoczonych i prowadzi dzia\u0142alno\u015b\u0107 na ca\u0142ym \u015bwiecie. W Internecie klienci mog\u0105 szybko potwierdzi\u0107 dost\u0119pno\u015b\u0107 i wycen\u0119 RC. Aby dowiedzie\u0107 si\u0119, jak z\u0142o\u017cy\u0107 pro\u015bb\u0119, skontaktuj si\u0119 z nasz\u0105 pomocn\u0105 i wieloj\u0119zyczn\u0105 obs\u0142ug\u0105 klienta. W dziwnym przypadku, gdy chcesz zam\u00f3wi\u0107 kombinacj\u0119 substancji lub po obni\u017conej cenie, skontaktuj si\u0119 z nami, aby uzyska\u0107 wi\u0119cej szczeg\u00f3\u0142\u00f3w. Cenimy naszych klient\u00f3w, wi\u0119c je\u015bli potrzebujesz pomocy w wyborze idealnego przedmiotu, nie b\u00f3j si\u0119 skontaktowa\u0107 z nami. Podczas pozyskiwania chemikali\u00f3w do bada\u0144 jako\u015b\u0107 jest niezb\u0119dna. Ka\u017cdego dnia lista przekazanych przedmiot\u00f3w staje si\u0119 d\u0142u\u017csza. Zapewnienie klientom d\u0142ugoterminowej oceny jako\u015bci, rozwoju i udoskonalenia jest zawsze naszym celem. Ka\u017cdy klient ma najwy\u017csze zaufanie do wszystkich dostarczanych materia\u0142\u00f3w. U nas mo\u017cesz kupi\u0107 RC i dowiedzie\u0107 si\u0119 wszystkiego, co musisz o nich wiedzie\u0107, jakie maj\u0105 zalety i jakie s\u0105 odpowiednie leki syntetyczne. <a href=\"https:\/\/legitgrams.com\/pl\/\">LegitGrams<\/a><\/p>\n<p>Dwa badania dotycz\u0105ce chemikali\u00f3w<\/p>\n<p>4, 2-Dimetoksy-Etylofenetyloamina<\/p>\n<p>Zmiana st\u0119\u017ce\u0144 2,5-fenetyloaminy,<\/p>\n<p>Grupa substancji okre\u015blana jako 2,5-fenetyloaminy lub 2Cs, cz\u0119sto klasyfikowana jako nielegalne narkotyki, klasa cz\u0105steczek znanych jako 2,5-fenetyloaminy lub w skr\u00f3cie 2Cs, uwa\u017ca si\u0119 za wywo\u0142uj\u0105c\u0105 efekty psychodeliczne. Formalnie 2,5-dimetoksy-4-etylofenetyloamina jest u\u017cywana do reprezentowania 2C\u2013E. Podobnie jak inne 2Cs, 2C-E hamuje monoaminooksydaz\u0119, kt\u00f3ra zatrzymuje rozk\u0142ad dopaminy, ale nie serotoniny lub noradrenaliny (warto\u015bci IC odpowiednio 72 i 89 \u03bcM). Opisano jej wch\u0142anianie.2. Jest to powszechne w przypadku mierzalnych zastosowa\u0144.<\/p>\n<p>Je\u015bli nadal nie masz pewno\u015bci, zezwalamy na u\u017cywanie 2C-E i innych element\u00f3w oceny wy\u0142\u0105cznie w przypadku certyfikowanych, legalnych dochodze\u0144, kt\u00f3re s\u0105 przeprowadzane w bezpiecznym, kontrolowanym otoczeniu zgodnie z obowi\u0105zuj\u0105cymi przepisami lokalnymi, stanowymi i federalnymi. Korzystanie z naszych produkt\u00f3w przez ludzi jest surowo zabronione, bez wyj\u0105tku.<\/p>\n<p>Zaplanuj z wyprzedzeniem, a my wy\u015blemy Twoj\u0105 paczk\u0119 na dowolny adres w Stanach Zjednoczonych, Europie lub na \u015bwiecie. Nasza firma wsp\u00f3\u0142pracuje z wieloma najlepszymi laboratoriami na ca\u0142ym \u015bwiecie, aby rozwija\u0107 RC, i pilnie potrzebujemy wyprodukowanych efekt\u00f3w ubocznych o wyj\u0105tkowej jako\u015bci, aby sprosta\u0107 temu zapotrzebowaniu. Twoje \u017cyczenie jest zatem w najwy\u017cszym stopniu uzasadnione. Nasz dostawca obs\u0142uguje klient\u00f3w na ca\u0142ym \u015bwiecie i ma siedzib\u0119 w Stanach Zjednoczonych. W Internecie klienci mog\u0105 \u0142atwo potwierdzi\u0107 dost\u0119pno\u015b\u0107 i ocen\u0119 RC. Po prostu skontaktuj si\u0119 z nasz\u0105 przyjazn\u0105, wieloj\u0119zyczn\u0105 obs\u0142ug\u0105 klienta, aby dowiedzie\u0107 si\u0119, jak z\u0142o\u017cy\u0107 wniosek. Je\u015bli chcesz porozmawia\u0107 o mieszanych lekach lub og\u00f3lnie, skontaktuj si\u0119 z nami w dowolnym momencie, aby uzyska\u0107 dodatkowe informacje o zwrocie koszt\u00f3w. Nie wahaj si\u0119 skontaktowa\u0107 z nami, aby uzyska\u0107 pomoc, je\u015bli masz trudno\u015bci ze znalezieniem idealnego produktu, poniewa\u017c dbamy o naszych klient\u00f3w. Jako\u015b\u0107 jest najwa\u017cniejszym czynnikiem przy omawianiu chemikali\u00f3w do bada\u0144. Lista oferowanych rzeczy stale ro\u015bnie. Musimy stale ocenia\u0107 b\u00f3l, post\u0119p i popraw\u0119 jako\u015bci dla naszych klient\u00f3w. Najwy\u017cszy poziom pewno\u015bci co do ca\u0142kowitej ilo\u015bci dostarczonego materia\u0142u jest przyznawany ka\u017cdemu klientowi. Nie tylko sprzedajemy RC, ale tak\u017ce dostarczamy wszystkie cz\u0119sto pomijane szczeg\u00f3\u0142y na ich temat, w tym ich zalety i starannie opracowane receptury.<\/p>\n<p>Gdzie mog\u0119 kupi\u0107 2C-E research chemical? Gdzie mog\u0119 kupi\u0107 2C-E research chemical na sprzeda\u017c? Gdzie mog\u0119 kupi\u0107 2C-E research chemical online? \u2013 Zakup chemikali\u00f3w, zakup 2C-E research chemical, zakup chemikali\u00f3w online<\/p>","protected":false},"excerpt":{"rendered":"<p>Sale of 2C-E Research Chemical 2C supplier, 2CE chemical analysis, 2C acquisition, and 2C sale 4, 2-Dimethoxy-Ethylphenethylamine A group of 2,5-phenethylamines, commonly known as 2Cs, have psychotropic properties and are sometimes categorized as illicit substances. The formal representation of 2C-E is 2,5-dimethoxy-4-ethylphenethylamine. Like other 2Cs, 2C-E is a monoamine oxidase inhibitor that inhibits the breakdown &hellip;<\/p>\n<p class=\"read-more\"> <a class=\"\" href=\"https:\/\/legitgrams.com\/pl\/produkt\/2c-e-research-chemical\/\"> <span class=\"screen-reader-text\">2C-E Research Chemical<\/span> Czytaj wi\u0119cej \"<\/a><\/p>","protected":false},"featured_media":5254,"comment_status":"open","ping_status":"closed","template":"","meta":{"_uag_custom_page_level_css":"","site-sidebar-layout":"default","site-content-layout":"default","ast-global-header-display":"","ast-main-header-display":"","ast-hfb-above-header-display":"","ast-hfb-below-header-display":"","ast-hfb-mobile-header-display":"","site-post-title":"","ast-breadcrumbs-content":"","ast-featured-img":"","footer-sml-layout":"","theme-transparent-header-meta":"default","adv-header-id-meta":"","stick-header-meta":"default","header-above-stick-meta":"","header-main-stick-meta":"","header-below-stick-meta":"","_joinchat":[]},"product_brand":[],"product_cat":[600],"product_tag":[2260,2264,2263,2271,2262,2274,2281,2282,2280,2272,2277,2279,2269,617,2261,2276,2273,2268,2266,2278,2275,625,2267,2270,2265],"class_list":{"0":"post-4196","1":"product","2":"type-product","3":"status-publish","4":"has-post-thumbnail","6":"product_cat-research-chemicals-and-bath-salt","7":"product_tag-2c-e-research-chemical","8":"product_tag-2c-e-research-chemical-2c-e-research-chemical-supplier","9":"product_tag-2c-e-research-chemical-for-sale","10":"product_tag-2c-e-research-chemical-legally","11":"product_tag-2c-e-research-chemical-online","12":"product_tag-2c-e-research-chemical-store","13":"product_tag-2c-e-research-chemical-use","14":"product_tag-2c-e-research-chemical-wiki","15":"product_tag-2c-e-research-chemical-worldwide","16":"product_tag-2c-e-research-chemicalprice","17":"product_tag-2c-e-research-chemicals","18":"product_tag-best-cheap-price-2c-e-research-chemical","19":"product_tag-best-place-to-buy-2c-e-research-chemical","20":"product_tag-bulk-online","21":"product_tag-buy-2c-e-research-chemical","22":"product_tag-cheap-2c-e-research-chemical","23":"product_tag-high-quality-2c-e-research-chemical","24":"product_tag-how-to-buy-2c-e-research-chemical","25":"product_tag-order-2c-e-research-chemical","26":"product_tag-purcharse-2c-e-research-chemical","27":"product_tag-shop-2c-e-research-chemical","28":"product_tag-top-quality","29":"product_tag-where-to-buy-2c-e-research-chemical","30":"product_tag-where-to-order-2c-e-research-chemical","31":"product_tag-wholesale-2c-e-research-chemical","32":"desktop-align-left","33":"tablet-align-left","34":"mobile-align-left","35":"ast-product-gallery-layout-horizontal","36":"ast-product-gallery-with-no-image","37":"ast-product-single-variable","38":"ast-product-tabs-layout-horizontal","39":"ast-qv-on-image","41":"first","42":"instock","43":"shipping-taxable","44":"purchasable","45":"product-type-variable"},"yoast_head":"<!-- This site is optimized with the Yoast SEO plugin v25.9 - https:\/\/yoast.com\/wordpress\/plugins\/seo\/ -->\n<title>2C-E for Sale - Order 2C-E Research Chemical Powder Online<\/title>\n<meta name=\"description\" content=\"You can get 2C-E for sale at our LegitGrams store and get it at your doorstep without any hassle. We help you buy 2C-E online with unlock exclusive discounts on products. Limited offer, act fast!\" \/>\n<meta name=\"robots\" content=\"index, follow, max-snippet:-1, max-image-preview:large, max-video-preview:-1\" \/>\n<link rel=\"canonical\" href=\"https:\/\/legitgrams.com\/pl\/produkt\/2c-e-research-chemical\/\" \/>\n<meta property=\"og:locale\" content=\"pl_PL\" \/>\n<meta property=\"og:type\" content=\"article\" \/>\n<meta property=\"og:title\" content=\"2C-E for Sale - Order 2C-E Research Chemical Powder Online\" \/>\n<meta property=\"og:description\" content=\"You can get 2C-E for sale at our LegitGrams store and get it at your doorstep without any hassle. We help you buy 2C-E online with unlock exclusive discounts on products. Limited offer, act fast!\" \/>\n<meta property=\"og:url\" content=\"https:\/\/legitgrams.com\/pl\/produkt\/2c-e-research-chemical\/\" \/>\n<meta property=\"og:site_name\" content=\"Legit Grams\" \/>\n<meta property=\"article:modified_time\" content=\"2025-01-11T10:29:49+00:00\" \/>\n<meta property=\"og:image\" content=\"https:\/\/legitgrams.com\/wp-content\/uploads\/2024\/09\/buy-etizolam-powder-online.jpg\" \/>\n\t<meta property=\"og:image:width\" content=\"600\" \/>\n\t<meta property=\"og:image:height\" content=\"600\" \/>\n\t<meta property=\"og:image:type\" content=\"image\/jpeg\" \/>\n<meta name=\"twitter:card\" content=\"summary_large_image\" \/>\n<meta name=\"twitter:label1\" content=\"Szacowany czas czytania\" \/>\n\t<meta name=\"twitter:data1\" content=\"4 minuty\" \/>\n<script type=\"application\/ld+json\" class=\"yoast-schema-graph\">{\"@context\":\"https:\/\/schema.org\",\"@graph\":[{\"@type\":\"WebPage\",\"@id\":\"https:\/\/legitgrams.com\/product\/2c-e-research-chemical\/\",\"url\":\"https:\/\/legitgrams.com\/product\/2c-e-research-chemical\/\",\"name\":\"2C-E for Sale - Order 2C-E Research Chemical Powder Online\",\"isPartOf\":{\"@id\":\"https:\/\/legitgrams.com\/#website\"},\"primaryImageOfPage\":{\"@id\":\"https:\/\/legitgrams.com\/product\/2c-e-research-chemical\/#primaryimage\"},\"image\":{\"@id\":\"https:\/\/legitgrams.com\/product\/2c-e-research-chemical\/#primaryimage\"},\"thumbnailUrl\":\"https:\/\/legitgrams.com\/wp-content\/uploads\/2024\/09\/buy-etizolam-powder-online.jpg\",\"datePublished\":\"2024-09-21T12:43:39+00:00\",\"dateModified\":\"2025-01-11T10:29:49+00:00\",\"description\":\"You can get 2C-E for sale at our LegitGrams store and get it at your doorstep without any hassle. We help you buy 2C-E online with unlock exclusive discounts on products. Limited offer, act fast!\",\"breadcrumb\":{\"@id\":\"https:\/\/legitgrams.com\/product\/2c-e-research-chemical\/#breadcrumb\"},\"inLanguage\":\"pl-PL\",\"potentialAction\":[{\"@type\":\"ReadAction\",\"target\":[\"https:\/\/legitgrams.com\/product\/2c-e-research-chemical\/\"]}]},{\"@type\":\"ImageObject\",\"inLanguage\":\"pl-PL\",\"@id\":\"https:\/\/legitgrams.com\/product\/2c-e-research-chemical\/#primaryimage\",\"url\":\"https:\/\/legitgrams.com\/wp-content\/uploads\/2024\/09\/buy-etizolam-powder-online.jpg\",\"contentUrl\":\"https:\/\/legitgrams.com\/wp-content\/uploads\/2024\/09\/buy-etizolam-powder-online.jpg\",\"width\":600,\"height\":600,\"caption\":\"2C-E for Sale\"},{\"@type\":\"BreadcrumbList\",\"@id\":\"https:\/\/legitgrams.com\/product\/2c-e-research-chemical\/#breadcrumb\",\"itemListElement\":[{\"@type\":\"ListItem\",\"position\":1,\"name\":\"Home\",\"item\":\"https:\/\/legitgrams.com\/\"},{\"@type\":\"ListItem\",\"position\":2,\"name\":\"Shop\",\"item\":\"https:\/\/legitgrams.com\/shop\/\"},{\"@type\":\"ListItem\",\"position\":3,\"name\":\"2C-E Research Chemical\"}]},{\"@type\":\"WebSite\",\"@id\":\"https:\/\/legitgrams.com\/#website\",\"url\":\"https:\/\/legitgrams.com\/\",\"name\":\"Legit Grams\",\"description\":\"My WordPress Blog\",\"publisher\":{\"@id\":\"https:\/\/legitgrams.com\/#organization\"},\"potentialAction\":[{\"@type\":\"SearchAction\",\"target\":{\"@type\":\"EntryPoint\",\"urlTemplate\":\"https:\/\/legitgrams.com\/?s={search_term_string}\"},\"query-input\":{\"@type\":\"PropertyValueSpecification\",\"valueRequired\":true,\"valueName\":\"search_term_string\"}}],\"inLanguage\":\"pl-PL\"},{\"@type\":\"Organization\",\"@id\":\"https:\/\/legitgrams.com\/#organization\",\"name\":\"Legit Grams\",\"url\":\"https:\/\/legitgrams.com\/\",\"logo\":{\"@type\":\"ImageObject\",\"inLanguage\":\"pl-PL\",\"@id\":\"https:\/\/legitgrams.com\/#\/schema\/logo\/image\/\",\"url\":\"https:\/\/legitgrams.com\/wp-content\/uploads\/2024\/09\/main-logo.png\",\"contentUrl\":\"https:\/\/legitgrams.com\/wp-content\/uploads\/2024\/09\/main-logo.png\",\"width\":270,\"height\":75,\"caption\":\"Legit Grams\"},\"image\":{\"@id\":\"https:\/\/legitgrams.com\/#\/schema\/logo\/image\/\"}}]}<\/script>\n<!-- \/ Yoast SEO plugin. -->","yoast_head_json":{"title":"2C-E na sprzeda\u017c - Zam\u00f3w proszek chemiczny do bada\u0144 2C-E online","description":"Mo\u017cesz dosta\u0107 2C-E na sprzeda\u017c w naszym sklepie LegitGrams i otrzyma\u0107 go na wyci\u0105gni\u0119cie r\u0119ki bez \u017cadnych k\u0142opot\u00f3w. Pomagamy kupi\u0107 2C-E online z odblokowaniem ekskluzywnych rabat\u00f3w na produkty. Oferta ograniczona, dzia\u0142aj szybko!","robots":{"index":"index","follow":"follow","max-snippet":"max-snippet:-1","max-image-preview":"max-image-preview:large","max-video-preview":"max-video-preview:-1"},"canonical":"https:\/\/legitgrams.com\/pl\/produkt\/2c-e-research-chemical\/","og_locale":"pl_PL","og_type":"article","og_title":"2C-E for Sale - Order 2C-E Research Chemical Powder Online","og_description":"You can get 2C-E for sale at our LegitGrams store and get it at your doorstep without any hassle. We help you buy 2C-E online with unlock exclusive discounts on products. Limited offer, act fast!","og_url":"https:\/\/legitgrams.com\/pl\/produkt\/2c-e-research-chemical\/","og_site_name":"Legit Grams","article_modified_time":"2025-01-11T10:29:49+00:00","og_image":[{"width":600,"height":600,"url":"https:\/\/legitgrams.com\/wp-content\/uploads\/2024\/09\/buy-etizolam-powder-online.jpg","type":"image\/jpeg"}],"twitter_card":"summary_large_image","twitter_misc":{"Szacowany czas czytania":"4 minuty"},"schema":{"@context":"https:\/\/schema.org","@graph":[{"@type":"WebPage","@id":"https:\/\/legitgrams.com\/product\/2c-e-research-chemical\/","url":"https:\/\/legitgrams.com\/product\/2c-e-research-chemical\/","name":"2C-E na sprzeda\u017c - Zam\u00f3w proszek chemiczny do bada\u0144 2C-E online","isPartOf":{"@id":"https:\/\/legitgrams.com\/#website"},"primaryImageOfPage":{"@id":"https:\/\/legitgrams.com\/product\/2c-e-research-chemical\/#primaryimage"},"image":{"@id":"https:\/\/legitgrams.com\/product\/2c-e-research-chemical\/#primaryimage"},"thumbnailUrl":"https:\/\/legitgrams.com\/wp-content\/uploads\/2024\/09\/buy-etizolam-powder-online.jpg","datePublished":"2024-09-21T12:43:39+00:00","dateModified":"2025-01-11T10:29:49+00:00","description":"Mo\u017cesz dosta\u0107 2C-E na sprzeda\u017c w naszym sklepie LegitGrams i otrzyma\u0107 go na wyci\u0105gni\u0119cie r\u0119ki bez \u017cadnych k\u0142opot\u00f3w. Pomagamy kupi\u0107 2C-E online z odblokowaniem ekskluzywnych rabat\u00f3w na produkty. Oferta ograniczona, dzia\u0142aj szybko!","breadcrumb":{"@id":"https:\/\/legitgrams.com\/product\/2c-e-research-chemical\/#breadcrumb"},"inLanguage":"pl-PL","potentialAction":[{"@type":"ReadAction","target":["https:\/\/legitgrams.com\/product\/2c-e-research-chemical\/"]}]},{"@type":"ImageObject","inLanguage":"pl-PL","@id":"https:\/\/legitgrams.com\/product\/2c-e-research-chemical\/#primaryimage","url":"https:\/\/legitgrams.com\/wp-content\/uploads\/2024\/09\/buy-etizolam-powder-online.jpg","contentUrl":"https:\/\/legitgrams.com\/wp-content\/uploads\/2024\/09\/buy-etizolam-powder-online.jpg","width":600,"height":600,"caption":"2C-E for Sale"},{"@type":"BreadcrumbList","@id":"https:\/\/legitgrams.com\/product\/2c-e-research-chemical\/#breadcrumb","itemListElement":[{"@type":"ListItem","position":1,"name":"Home","item":"https:\/\/legitgrams.com\/"},{"@type":"ListItem","position":2,"name":"Shop","item":"https:\/\/legitgrams.com\/shop\/"},{"@type":"ListItem","position":3,"name":"2C-E Research Chemical"}]},{"@type":"WebSite","@id":"https:\/\/legitgrams.com\/#website","url":"https:\/\/legitgrams.com\/","name":"Legit Grams","description":"M\u00f3j blog WordPress","publisher":{"@id":"https:\/\/legitgrams.com\/#organization"},"potentialAction":[{"@type":"SearchAction","target":{"@type":"EntryPoint","urlTemplate":"https:\/\/legitgrams.com\/?s={search_term_string}"},"query-input":{"@type":"PropertyValueSpecification","valueRequired":true,"valueName":"search_term_string"}}],"inLanguage":"pl-PL"},{"@type":"Organization","@id":"https:\/\/legitgrams.com\/#organization","name":"Legit Grams","url":"https:\/\/legitgrams.com\/","logo":{"@type":"ImageObject","inLanguage":"pl-PL","@id":"https:\/\/legitgrams.com\/#\/schema\/logo\/image\/","url":"https:\/\/legitgrams.com\/wp-content\/uploads\/2024\/09\/main-logo.png","contentUrl":"https:\/\/legitgrams.com\/wp-content\/uploads\/2024\/09\/main-logo.png","width":270,"height":75,"caption":"Legit Grams"},"image":{"@id":"https:\/\/legitgrams.com\/#\/schema\/logo\/image\/"}}]}},"uagb_featured_image_src":{"full":["https:\/\/legitgrams.com\/wp-content\/uploads\/2024\/09\/buy-etizolam-powder-online.jpg",600,600,false],"thumbnail":["https:\/\/legitgrams.com\/wp-content\/uploads\/2024\/09\/buy-etizolam-powder-online-150x150.jpg",150,150,true],"medium":["https:\/\/legitgrams.com\/wp-content\/uploads\/2024\/09\/buy-etizolam-powder-online-300x300.jpg",300,300,true],"medium_large":["https:\/\/legitgrams.com\/wp-content\/uploads\/2024\/09\/buy-etizolam-powder-online.jpg",600,600,false],"large":["https:\/\/legitgrams.com\/wp-content\/uploads\/2024\/09\/buy-etizolam-powder-online.jpg",600,600,false],"1536x1536":["https:\/\/legitgrams.com\/wp-content\/uploads\/2024\/09\/buy-etizolam-powder-online.jpg",600,600,false],"2048x2048":["https:\/\/legitgrams.com\/wp-content\/uploads\/2024\/09\/buy-etizolam-powder-online.jpg",600,600,false],"trp-custom-language-flag":["https:\/\/legitgrams.com\/wp-content\/uploads\/2024\/09\/buy-etizolam-powder-online-12x12.jpg",12,12,true],"woocommerce_thumbnail":["https:\/\/legitgrams.com\/wp-content\/uploads\/2024\/09\/buy-etizolam-powder-online-300x300.jpg",300,300,true],"woocommerce_single":["https:\/\/legitgrams.com\/wp-content\/uploads\/2024\/09\/buy-etizolam-powder-online.jpg",600,600,false],"woocommerce_gallery_thumbnail":["https:\/\/legitgrams.com\/wp-content\/uploads\/2024\/09\/buy-etizolam-powder-online-100x100.jpg",100,100,true]},"uagb_author_info":{"display_name":"cokeblog18","author_link":"https:\/\/legitgrams.com\/pl\/author\/"},"uagb_comment_info":0,"uagb_excerpt":"Sale of 2C-E Research Chemical 2C supplier, 2CE chemical analysis, 2C acquisition, and 2C sale 4, 2-Dimethoxy-Ethylphenethylamine A group of 2,5-phenethylamines, commonly known as 2Cs, have psychotropic properties and are sometimes categorized as illicit substances. The formal representation of 2C-E is 2,5-dimethoxy-4-ethylphenethylamine. Like other 2Cs, 2C-E is a monoamine oxidase inhibitor that inhibits the breakdown&hellip;","_links":{"self":[{"href":"https:\/\/legitgrams.com\/pl\/wp-json\/wp\/v2\/product\/4196","targetHints":{"allow":["GET"]}}],"collection":[{"href":"https:\/\/legitgrams.com\/pl\/wp-json\/wp\/v2\/product"}],"about":[{"href":"https:\/\/legitgrams.com\/pl\/wp-json\/wp\/v2\/types\/product"}],"replies":[{"embeddable":true,"href":"https:\/\/legitgrams.com\/pl\/wp-json\/wp\/v2\/comments?post=4196"}],"wp:featuredmedia":[{"embeddable":true,"href":"https:\/\/legitgrams.com\/pl\/wp-json\/wp\/v2\/media\/5254"}],"wp:attachment":[{"href":"https:\/\/legitgrams.com\/pl\/wp-json\/wp\/v2\/media?parent=4196"}],"wp:term":[{"taxonomy":"product_brand","embeddable":true,"href":"https:\/\/legitgrams.com\/pl\/wp-json\/wp\/v2\/product_brand?post=4196"},{"taxonomy":"product_cat","embeddable":true,"href":"https:\/\/legitgrams.com\/pl\/wp-json\/wp\/v2\/product_cat?post=4196"},{"taxonomy":"product_tag","embeddable":true,"href":"https:\/\/legitgrams.com\/pl\/wp-json\/wp\/v2\/product_tag?post=4196"}],"curies":[{"name":"wp","href":"https:\/\/api.w.org\/{rel}","templated":true}]}}