{"id":4198,"date":"2024-09-22T06:00:25","date_gmt":"2024-09-22T06:00:25","guid":{"rendered":"https:\/\/legitgrams.com\/?post_type=product&#038;p=4198"},"modified":"2025-01-13T09:14:14","modified_gmt":"2025-01-13T09:14:14","slug":"al-lad-10-mg-proszek","status":"publish","type":"product","link":"https:\/\/legitgrams.com\/pl\/produkt\/al-lad-10-mg-proszek\/","title":{"rendered":"AL-LAD 10 mg proszek"},"content":{"rendered":"<h2>Sprzeda\u017c proszku AL-LAD 10 mg<br \/>\nWe\u017a bloker AL-LAD w dawce 150 mg.<\/h2>\n<p>Kup sto pi\u0119\u0107dziesi\u0105t miligram\u00f3w <a href=\"https:\/\/legitgrams.com\/pl\/produkt\/al-lad-10-mg-proszek\/\">AL-LAD<\/a>Pierwsze blottery zosta\u0142y wymy\u015blone i wyprodukowane przez japo\u0144ski zesp\u00f3\u0142 badawczy w latach 70. XX wieku.<\/p>\n<p>szeroko znany jako wynik ksi\u0105\u017cki TiHKAL autorstwa Alexandra Shulgina. Od czasu, gdy AL-LAD zosta\u0142 po raz pierwszy udost\u0119pniony na RC w 2013 r.<\/p>\n<p>rynku, znacznie zyska\u0142 na popularno\u015bci i jest promowany jako jeden z najwi\u0119kszych.<\/p>\n<h3>Czym jest blotter AL-LAD 150 mg?<\/h3>\n<p>Bibu\u0142a AL-LAD Dietyloamid (kwas 6-allilo-6-nor-lizergowy) jest silnym agonist\u0105 receptor\u00f3w 5-HT2A w dawce 150 mcg.<\/p>\n<p>Receptory dan s\u0105 podobno aktywne w zakresie 80\u2013160 mikrogram\u00f3w. Na szczeg\u00f3ln\u0105 uwag\u0119 zas\u0142uguje nasz AL-LAD Blotter<\/p>\n<p>P\u0142ytki o masie 150 g pokryto cienk\u0105 warstw\u0105 1,5 mg\/blotter 2-hydroksypropylo-B-cyklodekstryny (cyklodekstryny).<\/p>\n<p>zapewnia wi\u0119ksz\u0105 ochron\u0119 przed tlenem. <a href=\"https:\/\/legitgrams.com\/pl\/\">LegitGrams<\/a><\/p>\n<h3>Le buvard AL-LAD USA est disponible.<\/h3>\n<p>Kupuj tylko towary wysokiej jako\u015bci. Zakupy online to najlepsza opcja na zakup czystego proszku AL-LAD 10 mg. Kup 10 mg czystej jako\u015bci <a href=\"https:\/\/en.wikipedia.org\/wiki\/AL-LAD\">AL-LAD<\/a> proszek w USA. Zakup online proszku AL-LAD 10 mg w USA: Gdzie mog\u0119 znale\u017a\u0107 czysty, najwy\u017cszej jako\u015bci proszek AL-LAD 10 mg? 10 miligram\u00f3w czystego proszku AL-LAD jest dost\u0119pnych do kupienia. Proszek AL-LAD 10 mg dost\u0119pny lokalnie; kup premium Kupuj czysty proszek AL-LAD 10 mg online w swojej okolicy. Gdzie mog\u0119 znale\u017a\u0107 czysty proszek AL-LAD 10 mg online? Czysty proszek AL-LAD 10 mg jest nadal dost\u0119pny. Czy zakup czystego proszku AL-LAD 10 mg w USA jest legalny? Online mo\u017cesz kupi\u0107 oryginalny proszek AL-LAD 10 mg. Dostawcy: Wielka Brytania, Kanada i USA.<\/p>","protected":false},"excerpt":{"rendered":"<p>Sale of 10 mg powder of AL-LAD Get a 150 mg blocker of AL-LAD. Buy one hundred and fifty milligrams of AL-LAD. The first blotters were conceived and produced by a Japanese research team in the 1970s. widely known as a result of the book TiHKAL by Alexander Shulgin. Ever since AL-LAD was first made &hellip;<\/p>\n<p class=\"read-more\"> <a class=\"\" href=\"https:\/\/legitgrams.com\/pl\/produkt\/al-lad-10-mg-proszek\/\"> <span class=\"screen-reader-text\">AL-LAD 10 mg proszek<\/span> Czytaj wi\u0119cej \"<\/a><\/p>","protected":false},"featured_media":5302,"comment_status":"open","ping_status":"closed","template":"","meta":{"_uag_custom_page_level_css":"","site-sidebar-layout":"default","site-content-layout":"default","ast-global-header-display":"","ast-main-header-display":"","ast-hfb-above-header-display":"","ast-hfb-below-header-display":"","ast-hfb-mobile-header-display":"","site-post-title":"","ast-breadcrumbs-content":"","ast-featured-img":"","footer-sml-layout":"","theme-transparent-header-meta":"default","adv-header-id-meta":"","stick-header-meta":"default","header-above-stick-meta":"","header-main-stick-meta":"","header-below-stick-meta":"","_joinchat":[]},"product_brand":[],"product_cat":[600],"product_tag":[2053,2057,2056,2064,2055,2067,2074,2075,2073,2065,2070,2072,2062,617,2054,2069,2066,2061,2059,2071,2068,625,2060,2063,2058],"class_list":{"0":"post-4198","1":"product","2":"type-product","3":"status-publish","4":"has-post-thumbnail","6":"product_cat-research-chemicals-and-bath-salt","7":"product_tag-al-lad-10-mg-powder","8":"product_tag-al-lad-10-mg-powder-al-lad-10-mg-powder-supplier","9":"product_tag-al-lad-10-mg-powder-for-sale","10":"product_tag-al-lad-10-mg-powder-legally","11":"product_tag-al-lad-10-mg-powder-online","12":"product_tag-al-lad-10-mg-powder-store","13":"product_tag-al-lad-10-mg-powder-use","14":"product_tag-al-lad-10-mg-powder-wiki","15":"product_tag-al-lad-10-mg-powder-worldwide","16":"product_tag-al-lad-10-mg-powderprice","17":"product_tag-al-lad-10-mg-powders","18":"product_tag-best-cheap-price-al-lad-10-mg-powder","19":"product_tag-best-place-to-buy-al-lad-10-mg-powder","20":"product_tag-bulk-online","21":"product_tag-buy-al-lad-10-mg-powder","22":"product_tag-cheap-al-lad-10-mg-powder","23":"product_tag-high-quality-al-lad-10-mg-powder","24":"product_tag-how-to-buy-al-lad-10-mg-powder","25":"product_tag-order-al-lad-10-mg-powder","26":"product_tag-purcharse-al-lad-10-mg-powder","27":"product_tag-shop-al-lad-10-mg-powder","28":"product_tag-top-quality","29":"product_tag-where-to-buy-al-lad-10-mg-powder","30":"product_tag-where-to-order-al-lad-10-mg-powder","31":"product_tag-wholesale-al-lad-10-mg-powder","32":"desktop-align-left","33":"tablet-align-left","34":"mobile-align-left","35":"ast-product-gallery-layout-horizontal","36":"ast-product-gallery-with-no-image","37":"ast-product-single-variable","38":"ast-product-tabs-layout-horizontal","39":"ast-qv-on-image","41":"first","42":"instock","43":"shipping-taxable","44":"purchasable","45":"product-type-variable"},"yoast_head":"<!-- This site is optimized with the Yoast SEO plugin v25.9 - https:\/\/yoast.com\/wordpress\/plugins\/seo\/ -->\n<title>AL-LAD 10mg for sale - Order AL-LAD 10mg Powder Online | LG<\/title>\n<meta name=\"description\" content=\"If you want to buy al-lad 10mg online, then visit our online store LegitGrams. We have high-quality products like al-lad 10mg for sale. Order Today with Best Deal on AL-LAD 10mg!\" \/>\n<meta name=\"robots\" content=\"index, follow, max-snippet:-1, max-image-preview:large, max-video-preview:-1\" \/>\n<link rel=\"canonical\" href=\"https:\/\/legitgrams.com\/pl\/produkt\/al-lad-10-mg-proszek\/\" \/>\n<meta property=\"og:locale\" content=\"pl_PL\" \/>\n<meta property=\"og:type\" content=\"article\" \/>\n<meta property=\"og:title\" content=\"AL-LAD 10mg for sale - Order AL-LAD 10mg Powder Online | LG\" \/>\n<meta property=\"og:description\" content=\"If you want to buy al-lad 10mg online, then visit our online store LegitGrams. We have high-quality products like al-lad 10mg for sale. Order Today with Best Deal on AL-LAD 10mg!\" \/>\n<meta property=\"og:url\" content=\"https:\/\/legitgrams.com\/pl\/produkt\/al-lad-10-mg-proszek\/\" \/>\n<meta property=\"og:site_name\" content=\"Legit Grams\" \/>\n<meta property=\"article:modified_time\" content=\"2025-01-13T09:14:14+00:00\" \/>\n<meta property=\"og:image\" content=\"https:\/\/legitgrams.com\/wp-content\/uploads\/2024\/09\/buy-pure-quality-al-lad-10-mg-powder-online.jpg\" \/>\n\t<meta property=\"og:image:width\" content=\"600\" \/>\n\t<meta property=\"og:image:height\" content=\"600\" \/>\n\t<meta property=\"og:image:type\" content=\"image\/jpeg\" \/>\n<meta name=\"twitter:card\" content=\"summary_large_image\" \/>\n<meta name=\"twitter:label1\" content=\"Szacowany czas czytania\" \/>\n\t<meta name=\"twitter:data1\" content=\"2 minuty\" \/>\n<script type=\"application\/ld+json\" class=\"yoast-schema-graph\">{\"@context\":\"https:\/\/schema.org\",\"@graph\":[{\"@type\":\"WebPage\",\"@id\":\"https:\/\/legitgrams.com\/product\/al-lad-10-mg-powder\/\",\"url\":\"https:\/\/legitgrams.com\/product\/al-lad-10-mg-powder\/\",\"name\":\"AL-LAD 10mg for sale - Order AL-LAD 10mg Powder Online | LG\",\"isPartOf\":{\"@id\":\"https:\/\/legitgrams.com\/#website\"},\"primaryImageOfPage\":{\"@id\":\"https:\/\/legitgrams.com\/product\/al-lad-10-mg-powder\/#primaryimage\"},\"image\":{\"@id\":\"https:\/\/legitgrams.com\/product\/al-lad-10-mg-powder\/#primaryimage\"},\"thumbnailUrl\":\"https:\/\/legitgrams.com\/wp-content\/uploads\/2024\/09\/buy-pure-quality-al-lad-10-mg-powder-online.jpg\",\"datePublished\":\"2024-09-22T06:00:25+00:00\",\"dateModified\":\"2025-01-13T09:14:14+00:00\",\"description\":\"If you want to buy al-lad 10mg online, then visit our online store LegitGrams. We have high-quality products like al-lad 10mg for sale. Order Today with Best Deal on AL-LAD 10mg!\",\"breadcrumb\":{\"@id\":\"https:\/\/legitgrams.com\/product\/al-lad-10-mg-powder\/#breadcrumb\"},\"inLanguage\":\"pl-PL\",\"potentialAction\":[{\"@type\":\"ReadAction\",\"target\":[\"https:\/\/legitgrams.com\/product\/al-lad-10-mg-powder\/\"]}]},{\"@type\":\"ImageObject\",\"inLanguage\":\"pl-PL\",\"@id\":\"https:\/\/legitgrams.com\/product\/al-lad-10-mg-powder\/#primaryimage\",\"url\":\"https:\/\/legitgrams.com\/wp-content\/uploads\/2024\/09\/buy-pure-quality-al-lad-10-mg-powder-online.jpg\",\"contentUrl\":\"https:\/\/legitgrams.com\/wp-content\/uploads\/2024\/09\/buy-pure-quality-al-lad-10-mg-powder-online.jpg\",\"width\":600,\"height\":600,\"caption\":\"AL-LAD 10 mg powder for Sale\"},{\"@type\":\"BreadcrumbList\",\"@id\":\"https:\/\/legitgrams.com\/product\/al-lad-10-mg-powder\/#breadcrumb\",\"itemListElement\":[{\"@type\":\"ListItem\",\"position\":1,\"name\":\"Home\",\"item\":\"https:\/\/legitgrams.com\/\"},{\"@type\":\"ListItem\",\"position\":2,\"name\":\"Shop\",\"item\":\"https:\/\/legitgrams.com\/shop\/\"},{\"@type\":\"ListItem\",\"position\":3,\"name\":\"AL-LAD 10 mg powder\"}]},{\"@type\":\"WebSite\",\"@id\":\"https:\/\/legitgrams.com\/#website\",\"url\":\"https:\/\/legitgrams.com\/\",\"name\":\"Legit Grams\",\"description\":\"My WordPress Blog\",\"publisher\":{\"@id\":\"https:\/\/legitgrams.com\/#organization\"},\"potentialAction\":[{\"@type\":\"SearchAction\",\"target\":{\"@type\":\"EntryPoint\",\"urlTemplate\":\"https:\/\/legitgrams.com\/?s={search_term_string}\"},\"query-input\":{\"@type\":\"PropertyValueSpecification\",\"valueRequired\":true,\"valueName\":\"search_term_string\"}}],\"inLanguage\":\"pl-PL\"},{\"@type\":\"Organization\",\"@id\":\"https:\/\/legitgrams.com\/#organization\",\"name\":\"Legit Grams\",\"url\":\"https:\/\/legitgrams.com\/\",\"logo\":{\"@type\":\"ImageObject\",\"inLanguage\":\"pl-PL\",\"@id\":\"https:\/\/legitgrams.com\/#\/schema\/logo\/image\/\",\"url\":\"https:\/\/legitgrams.com\/wp-content\/uploads\/2024\/09\/main-logo.png\",\"contentUrl\":\"https:\/\/legitgrams.com\/wp-content\/uploads\/2024\/09\/main-logo.png\",\"width\":270,\"height\":75,\"caption\":\"Legit Grams\"},\"image\":{\"@id\":\"https:\/\/legitgrams.com\/#\/schema\/logo\/image\/\"}}]}<\/script>\n<!-- \/ Yoast SEO plugin. -->","yoast_head_json":{"title":"AL-LAD 10mg na sprzeda\u017c - Zam\u00f3w AL-LAD 10mg Proszek Online | LG","description":"Je\u015bli chcesz kupi\u0107 al-lad 10mg online, odwied\u017a nasz sklep internetowy LegitGrams. Mamy na sprzeda\u017c wysokiej jako\u015bci produkty, takie jak al-lad 10mg. Zam\u00f3w ju\u017c dzi\u015b z najlepsz\u0105 ofert\u0105 na AL-LAD 10mg!","robots":{"index":"index","follow":"follow","max-snippet":"max-snippet:-1","max-image-preview":"max-image-preview:large","max-video-preview":"max-video-preview:-1"},"canonical":"https:\/\/legitgrams.com\/pl\/produkt\/al-lad-10-mg-proszek\/","og_locale":"pl_PL","og_type":"article","og_title":"AL-LAD 10mg for sale - Order AL-LAD 10mg Powder Online | LG","og_description":"If you want to buy al-lad 10mg online, then visit our online store LegitGrams. We have high-quality products like al-lad 10mg for sale. Order Today with Best Deal on AL-LAD 10mg!","og_url":"https:\/\/legitgrams.com\/pl\/produkt\/al-lad-10-mg-proszek\/","og_site_name":"Legit Grams","article_modified_time":"2025-01-13T09:14:14+00:00","og_image":[{"width":600,"height":600,"url":"https:\/\/legitgrams.com\/wp-content\/uploads\/2024\/09\/buy-pure-quality-al-lad-10-mg-powder-online.jpg","type":"image\/jpeg"}],"twitter_card":"summary_large_image","twitter_misc":{"Szacowany czas czytania":"2 minuty"},"schema":{"@context":"https:\/\/schema.org","@graph":[{"@type":"WebPage","@id":"https:\/\/legitgrams.com\/product\/al-lad-10-mg-powder\/","url":"https:\/\/legitgrams.com\/product\/al-lad-10-mg-powder\/","name":"AL-LAD 10mg na sprzeda\u017c - Zam\u00f3w AL-LAD 10mg Proszek Online | LG","isPartOf":{"@id":"https:\/\/legitgrams.com\/#website"},"primaryImageOfPage":{"@id":"https:\/\/legitgrams.com\/product\/al-lad-10-mg-powder\/#primaryimage"},"image":{"@id":"https:\/\/legitgrams.com\/product\/al-lad-10-mg-powder\/#primaryimage"},"thumbnailUrl":"https:\/\/legitgrams.com\/wp-content\/uploads\/2024\/09\/buy-pure-quality-al-lad-10-mg-powder-online.jpg","datePublished":"2024-09-22T06:00:25+00:00","dateModified":"2025-01-13T09:14:14+00:00","description":"Je\u015bli chcesz kupi\u0107 al-lad 10mg online, odwied\u017a nasz sklep internetowy LegitGrams. Mamy na sprzeda\u017c wysokiej jako\u015bci produkty, takie jak al-lad 10mg. Zam\u00f3w ju\u017c dzi\u015b z najlepsz\u0105 ofert\u0105 na AL-LAD 10mg!","breadcrumb":{"@id":"https:\/\/legitgrams.com\/product\/al-lad-10-mg-powder\/#breadcrumb"},"inLanguage":"pl-PL","potentialAction":[{"@type":"ReadAction","target":["https:\/\/legitgrams.com\/product\/al-lad-10-mg-powder\/"]}]},{"@type":"ImageObject","inLanguage":"pl-PL","@id":"https:\/\/legitgrams.com\/product\/al-lad-10-mg-powder\/#primaryimage","url":"https:\/\/legitgrams.com\/wp-content\/uploads\/2024\/09\/buy-pure-quality-al-lad-10-mg-powder-online.jpg","contentUrl":"https:\/\/legitgrams.com\/wp-content\/uploads\/2024\/09\/buy-pure-quality-al-lad-10-mg-powder-online.jpg","width":600,"height":600,"caption":"AL-LAD 10 mg powder for Sale"},{"@type":"BreadcrumbList","@id":"https:\/\/legitgrams.com\/product\/al-lad-10-mg-powder\/#breadcrumb","itemListElement":[{"@type":"ListItem","position":1,"name":"Home","item":"https:\/\/legitgrams.com\/"},{"@type":"ListItem","position":2,"name":"Shop","item":"https:\/\/legitgrams.com\/shop\/"},{"@type":"ListItem","position":3,"name":"AL-LAD 10 mg powder"}]},{"@type":"WebSite","@id":"https:\/\/legitgrams.com\/#website","url":"https:\/\/legitgrams.com\/","name":"Legit Grams","description":"M\u00f3j blog WordPress","publisher":{"@id":"https:\/\/legitgrams.com\/#organization"},"potentialAction":[{"@type":"SearchAction","target":{"@type":"EntryPoint","urlTemplate":"https:\/\/legitgrams.com\/?s={search_term_string}"},"query-input":{"@type":"PropertyValueSpecification","valueRequired":true,"valueName":"search_term_string"}}],"inLanguage":"pl-PL"},{"@type":"Organization","@id":"https:\/\/legitgrams.com\/#organization","name":"Legit Grams","url":"https:\/\/legitgrams.com\/","logo":{"@type":"ImageObject","inLanguage":"pl-PL","@id":"https:\/\/legitgrams.com\/#\/schema\/logo\/image\/","url":"https:\/\/legitgrams.com\/wp-content\/uploads\/2024\/09\/main-logo.png","contentUrl":"https:\/\/legitgrams.com\/wp-content\/uploads\/2024\/09\/main-logo.png","width":270,"height":75,"caption":"Legit Grams"},"image":{"@id":"https:\/\/legitgrams.com\/#\/schema\/logo\/image\/"}}]}},"uagb_featured_image_src":{"full":["https:\/\/legitgrams.com\/wp-content\/uploads\/2024\/09\/buy-pure-quality-al-lad-10-mg-powder-online.jpg",600,600,false],"thumbnail":["https:\/\/legitgrams.com\/wp-content\/uploads\/2024\/09\/buy-pure-quality-al-lad-10-mg-powder-online-150x150.jpg",150,150,true],"medium":["https:\/\/legitgrams.com\/wp-content\/uploads\/2024\/09\/buy-pure-quality-al-lad-10-mg-powder-online-300x300.jpg",300,300,true],"medium_large":["https:\/\/legitgrams.com\/wp-content\/uploads\/2024\/09\/buy-pure-quality-al-lad-10-mg-powder-online.jpg",600,600,false],"large":["https:\/\/legitgrams.com\/wp-content\/uploads\/2024\/09\/buy-pure-quality-al-lad-10-mg-powder-online.jpg",600,600,false],"1536x1536":["https:\/\/legitgrams.com\/wp-content\/uploads\/2024\/09\/buy-pure-quality-al-lad-10-mg-powder-online.jpg",600,600,false],"2048x2048":["https:\/\/legitgrams.com\/wp-content\/uploads\/2024\/09\/buy-pure-quality-al-lad-10-mg-powder-online.jpg",600,600,false],"trp-custom-language-flag":["https:\/\/legitgrams.com\/wp-content\/uploads\/2024\/09\/buy-pure-quality-al-lad-10-mg-powder-online-12x12.jpg",12,12,true],"woocommerce_thumbnail":["https:\/\/legitgrams.com\/wp-content\/uploads\/2024\/09\/buy-pure-quality-al-lad-10-mg-powder-online-300x300.jpg",300,300,true],"woocommerce_single":["https:\/\/legitgrams.com\/wp-content\/uploads\/2024\/09\/buy-pure-quality-al-lad-10-mg-powder-online.jpg",600,600,false],"woocommerce_gallery_thumbnail":["https:\/\/legitgrams.com\/wp-content\/uploads\/2024\/09\/buy-pure-quality-al-lad-10-mg-powder-online-100x100.jpg",100,100,true]},"uagb_author_info":{"display_name":"cokeblog18","author_link":"https:\/\/legitgrams.com\/pl\/author\/"},"uagb_comment_info":0,"uagb_excerpt":"Sale of 10 mg powder of AL-LAD Get a 150 mg blocker of AL-LAD. Buy one hundred and fifty milligrams of AL-LAD. The first blotters were conceived and produced by a Japanese research team in the 1970s. widely known as a result of the book TiHKAL by Alexander Shulgin. Ever since AL-LAD was first made&hellip;","_links":{"self":[{"href":"https:\/\/legitgrams.com\/pl\/wp-json\/wp\/v2\/product\/4198","targetHints":{"allow":["GET"]}}],"collection":[{"href":"https:\/\/legitgrams.com\/pl\/wp-json\/wp\/v2\/product"}],"about":[{"href":"https:\/\/legitgrams.com\/pl\/wp-json\/wp\/v2\/types\/product"}],"replies":[{"embeddable":true,"href":"https:\/\/legitgrams.com\/pl\/wp-json\/wp\/v2\/comments?post=4198"}],"wp:featuredmedia":[{"embeddable":true,"href":"https:\/\/legitgrams.com\/pl\/wp-json\/wp\/v2\/media\/5302"}],"wp:attachment":[{"href":"https:\/\/legitgrams.com\/pl\/wp-json\/wp\/v2\/media?parent=4198"}],"wp:term":[{"taxonomy":"product_brand","embeddable":true,"href":"https:\/\/legitgrams.com\/pl\/wp-json\/wp\/v2\/product_brand?post=4198"},{"taxonomy":"product_cat","embeddable":true,"href":"https:\/\/legitgrams.com\/pl\/wp-json\/wp\/v2\/product_cat?post=4198"},{"taxonomy":"product_tag","embeddable":true,"href":"https:\/\/legitgrams.com\/pl\/wp-json\/wp\/v2\/product_tag?post=4198"}],"curies":[{"name":"wp","href":"https:\/\/api.w.org\/{rel}","templated":true}]}}