{"id":4200,"date":"2024-09-22T05:48:26","date_gmt":"2024-09-22T05:48:26","guid":{"rendered":"https:\/\/legitgrams.com\/?post_type=product&#038;p=4200"},"modified":"2025-01-14T10:47:35","modified_gmt":"2025-01-14T10:47:35","slug":"psilocybe-cyanescens","status":"publish","type":"product","link":"https:\/\/legitgrams.com\/pl\/produkt\/psilocybe-cyanescens\/","title":{"rendered":"Psilocybe Cyanescens"},"content":{"rendered":"<h2>Kup online Psilocybe Cyanescens<\/h2>\n<p>Grzyb Psilocybe Azurescens, jeden ze 180 gatunk\u00f3w w rodzaju Psilocybe, dobrze ro\u015bnie w r\u00f3\u017cnych \u015brodowiskach. Flying Saucers, Indigo Psilocybe, Azzies i Blue Angels to inne nazwy Psilocybe Azurscens.<\/p>\n<p>Badacze napisali wiele na temat tego odkrycia od czasu jego dokonania w 1979 r. Na przyk\u0142ad, gatunkowi nada\u0142 nazw\u0119 Azurescens Paul Stamets w swojej ksi\u0105\u017cce z 1996 r. \u201ePsilocybin shrooms of the world\u201d. B\u0142\u0119kitny lub niebieski kolor grzyba mo\u017cna z grubsza przet\u0142umaczy\u0107 jako \u201eAzurescens\u201d.<\/p>\n<p>Grzyb zawiera 1.8% psylocybiny, 0.5% psylocyny i 0.4% baeocystyny. Jest to najpot\u0119\u017cniejszy gatunek w syntezie tryptaminy. Dla przyk\u0142adu, gatunek ten ma trzykrotnie silniejsze dzia\u0142anie ni\u017c <a href=\"https:\/\/legitgrams.com\/pl\/produkt\/psilocybe-cyanescens\/\">Psilocybe Cyanscens<\/a> i Psilocybe Cubensis \u0142\u0105cznie.<\/p>\n<p>Dok\u0142adniejsze zbadanie tego grzyba ujawnia unikalne, niespotykane cechy. W\u015br\u00f3d atrybut\u00f3w s\u0105 nast\u0119puj\u0105ce:<\/p>\n<p>Zarodniki: Grzyb ten ma dwie r\u00f3\u017cne odmiany kolorystyczne zarodnik\u00f3w: ciemnofioletowo-br\u0105zow\u0105 i fioletowo-czarn\u0105. R\u00f3\u017cni\u0105 si\u0119 one od innych grzyb\u00f3w z tego samego rodzaju ze wzgl\u0119du na sw\u00f3j elipsoidalny kszta\u0142t. <a href=\"https:\/\/legitgrams.com\/pl\/\">LegitGrams<\/a><\/p>\n<p>Pileus: Sto\u017ckowy lub wypuk\u0142y kszta\u0142t kapelusza grzyba okre\u015blany jest jako piloseus. Kiedy grzyb jest jeszcze m\u0142ody, ma br\u0105zowy lub karmelowy odcie\u0144. G\u0142\u0119boki ciemny obszar w tym miejscu staje si\u0119 jasnos\u0142omkowy, a\u017c do ca\u0142kowitego wyschni\u0119cia, gdy grzyby zaczynaj\u0105 blakn\u0105\u0107.<\/p>\n<p>Trzon: Trzon grzyba, kt\u00f3ry ma zakrzywiony wygl\u0105d i pogrubia si\u0119 wok\u00f3\u0142 podstawy. Z wygl\u0105du jedwabi\u015bcie bia\u0142a, ostatecznie zmienia kolor na niebiesko-indygo z powodu wysokiego st\u0119\u017cenia indolu.<\/p>\n<p>Blaszki: Te dwupoziomowe struktury s\u0105 r\u00f3wnie\u017c okre\u015blane jako skrzela grzyba. Lamela nabiera karmelowego lub kasztanowobr\u0105zowego odcienia, gdy jest \u015bwie\u017ca.<\/p>\n<h3>Opis grzyba Psilocybe Azurescens Magic Mushroom<\/h3>\n<p>Jak wspomniano wcze\u015bniej, Psilocybe Azeruscens nale\u017cy do 180 gatunk\u00f3w z rodzaju Psilocybe. R\u00f3\u017cne gatunki rozwijaj\u0105 si\u0119 w r\u00f3\u017cnych \u015brodowiskach o r\u00f3\u017cnych poziomach wilgotno\u015bci. Na przyk\u0142ad, ten konkretny gatunek dobrze ro\u015bnie na zewn\u0105trz.<\/p>\n<p>Aby w pe\u0142ni wykorzysta\u0107 dzia\u0142anie tego grzyba, potrzebne s\u0105 substancje biochemiczne psilocybiny, baeocystyny i psylocyny, kt\u00f3re s\u0105 bardzo silne. W obr\u0119bie tego rodzaju znajduj\u0105 si\u0119 dwa inne cenne gatunki: Psilocybe Cubensis i <a href=\"https:\/\/en.wikipedia.org\/wiki\/Psilocybe_cyanescens\">Psilocybe Cyanescens<\/a>. Grzyb ten jest bardzo popularny na p\u00f3\u0142nocno-zachodnim Pacyfiku w Stanach Zjednoczonych.<\/p>\n<p>Histori\u0119 tego grzyba mo\u017cemy prze\u015bledzi\u0107 do 1979 roku, kiedy to odkryli go harcerze z Oregonu. Odkryli, \u017ce grzyby te s\u0105 psychotropowe po bli\u017cszym przyjrzeniu si\u0119 im. Paul Stamets nazwa\u0142 go p\u00f3\u017aniej Psilocybe Azurescens w 1996 roku. Wed\u0142ug artyku\u0142u Stametsa, niebieski odcie\u0144 trzonu by\u0142 tematem Azurescens. Niekt\u00f3rzy twierdz\u0105, \u017ce nazwa zosta\u0142a zainspirowana przez jego syna, kt\u00f3ry nosi\u0142 podobne imi\u0119.<\/p>\n<h3>Dzia\u0142anie grzyb\u00f3w Psilocybe Azurescens<\/h3>\n<p>Substancje psychoaktywne, takie jak psylocybina, baeocystyna i psylocyna, s\u0105 bogate w azerolactus. Sk\u0142adniki chemiczne tego gatunku Psilocybe nadaj\u0105 grzybom w\u0142a\u015bciwo\u015bci halucynogenne. Dr\u0119twienie ko\u0144czyn jest cech\u0105 charakterystyczn\u0105 efekt\u00f3w psychodelicznych. Niemniej jednak podniecenie i halucynacje przewa\u017caj\u0105 nad tym efektem. Jedzenie grzyb\u00f3w mo\u017ce sprawi\u0107, \u017ce poczujesz si\u0119 bardziej sk\u0142onny do interakcji z lud\u017ami i brania udzia\u0142u w r\u00f3\u017cnych zaj\u0119ciach.<\/p>\n<h3>Informacje na temat wzrostu Psilocybe Azurscens Magic Shroom<\/h3>\n<p>Ze wzgl\u0119du na obfito\u015b\u0107 zdrewnia\u0142ego materia\u0142u, P. azurscens jest \u0142atwiejszy do znalezienia na brzegach wody ni\u017c w innych miejscach. Wzd\u0142u\u017c linii brzegowych ro\u015bnie r\u00f3wnie\u017c trawa wydmowa, kt\u00f3ra tworzy dywan podtrzymuj\u0105cy s\u0142abe grzyby.<\/p>\n<p>Azurscens mo\u017ce r\u00f3wnie\u017c wytrzyma\u0107 bardzo niskie temperatury, co pomaga mu rozwija\u0107 si\u0119 na obszarach o surowych zimach. Ponadto grzyby mog\u0105 rozwija\u0107 si\u0119 na nieco wilgotnym drewnie li\u015bciastym. Gatunek ten jest cz\u0119sto obserwowany w\u015br\u00f3d je\u017cyn i w zaro\u015blach.<\/p>\n<h3>Zastosowanie grzyba Psilocybe Azurscens w medycynie<\/h3>\n<p>Wysokie st\u0119\u017cenie psilocybiny w tym grzybie ma szereg korzy\u015bci terapeutycznych. Efekty wysokiej zawarto\u015bci mog\u0105 pom\u00f3c w leczeniu zaburze\u0144 l\u0119kowych. Sk\u0142adnik chemiczny pomaga r\u00f3wnie\u017c w leczeniu depresji, l\u0119ku, zespo\u0142u nadpobudliwo\u015bci psychoruchowej z deficytem uwagi (ADHD) i zaburze\u0144 obsesyjno-kompulsywnych (OCD).<\/p>\n<h3>Osoby fizyczne<\/h3>\n<p>Osoby zmagaj\u0105ce si\u0119 z alkoholizmem i uzale\u017cnieniem od palenia mog\u0105 r\u00f3wnie\u017c odnie\u015b\u0107 korzy\u015bci z u\u017cywania grzyb\u00f3w jako formy leczenia swoich chor\u00f3b. Psilocybina obni\u017ca \u0142aknienie, co wed\u0142ug bada\u0144 jest \u015bwietn\u0105 metod\u0105 leczenia uzale\u017cnie\u0144. P. azurscens jest zalecany przez lekarzy pacjentom z zaburzeniami mowy, poniewa\u017c zwi\u0119ksza pewno\u015b\u0107 siebie.<\/p>\n<h3>Skutki uboczne Psilocybe Azurscens Magic Mushrooms<\/h3>\n<p>Ekspozycja na grzyba magicznego P. azurscens mo\u017ce skutkowa\u0107 r\u00f3\u017cnymi negatywnymi skutkami. Niekt\u00f3re z nich mog\u0105 by\u0107 \u015bmiertelne, nawet je\u015bli wi\u0119kszo\u015b\u0107 z nich trwa kr\u00f3tko. Najcz\u0119stsze dzia\u0142ania niepo\u017c\u0105dane to rozstr\u00f3j \u017co\u0142\u0105dka, napady wymiot\u00f3w i ataki paniki. W powa\u017cnych sytuacjach podwy\u017cszone ci\u015bnienie krwi i t\u0119tno mog\u0105 prowadzi\u0107 do zawa\u0142u serca.<\/p>\n<h3>Podsumowuj\u0105c<\/h3>\n<p>Azurscens mo\u017ce wkr\u00f3tce zaj\u0105\u0107 pierwsze miejsce, je\u015bli chodzi o korzy\u015bci rekreacyjne i terapeutyczne. Ich zdolno\u015b\u0107 adaptacji i niskie wymagania dotycz\u0105ce wzrostu sprawiaj\u0105, \u017ce s\u0105 idealne zar\u00f3wno dla do\u015bwiadczonych, jak i niedo\u015bwiadczonych hodowc\u00f3w.<\/p>\n<p>S\u0105 najlepsz\u0105 opcj\u0105, je\u015bli potrzebujesz pomocy w radzeniu sobie z r\u00f3\u017cnymi stanami psychicznymi i przezwyci\u0119\u017ceniu uzale\u017cnienia. Zamiast za\u017cywa\u0107 narkotyki w celu uzyskania haju, zdecyduj si\u0119 na proste, ale skuteczne rozwi\u0105zanie. Ciesz\u0105c si\u0119 zaletami tego grzyba, nale\u017cy pami\u0119ta\u0107 o towarzysz\u0105cych mu dzia\u0142aniach niepo\u017c\u0105danych.<\/p>\n<p>Psilocybe Cyanescens: Zakup online<\/p>\n<p>Na sprzeda\u017c: Psilocybe Cyanescens<\/p>","protected":false},"excerpt":{"rendered":"<p>Purchase Online Psilocybe Cyanescens The Psilocybe Azurescens mushroom, one of the 180 species in the Psilocybe genus, thrives in a range of environments. Flying Saucers, Indigo Psilocybe, Azzies, and Blue Angels are some other names for Psilocybe Azurscens. Researchers have written a great deal about the discovery since it was first made in 1979. For &hellip;<\/p>\n<p class=\"read-more\"> <a class=\"\" href=\"https:\/\/legitgrams.com\/pl\/produkt\/psilocybe-cyanescens\/\"> <span class=\"screen-reader-text\">Psilocybe Cyanescens<\/span> Czytaj wi\u0119cej \"<\/a><\/p>","protected":false},"featured_media":5245,"comment_status":"open","ping_status":"closed","template":"","meta":{"_uag_custom_page_level_css":"","site-sidebar-layout":"default","site-content-layout":"default","ast-global-header-display":"","ast-main-header-display":"","ast-hfb-above-header-display":"","ast-hfb-below-header-display":"","ast-hfb-mobile-header-display":"","site-post-title":"","ast-breadcrumbs-content":"","ast-featured-img":"","footer-sml-layout":"","theme-transparent-header-meta":"default","adv-header-id-meta":"","stick-header-meta":"default","header-above-stick-meta":"","header-main-stick-meta":"","header-below-stick-meta":"","_joinchat":[]},"product_brand":[],"product_cat":[599],"product_tag":[2118,2108,617,2100,2115,2112,2107,2105,2099,2102,2110,2101,2103,2113,2120,2121,2119,2111,2116,2117,2114,625,2106,2109,2104],"class_list":{"0":"post-4200","1":"product","2":"type-product","3":"status-publish","4":"has-post-thumbnail","6":"product_cat-psilocybin-or-magic-mushrooms","7":"product_tag-best-cheap-price-psilocybe-cyanescens","8":"product_tag-best-place-to-buy-psilocybe-cyanescens","9":"product_tag-bulk-online","10":"product_tag-buy-psilocybe-cyanescens","11":"product_tag-cheap-psilocybe-cyanescens","12":"product_tag-high-quality-psilocybe-cyanescens","13":"product_tag-how-to-buy-psilocybe-cyanescens","14":"product_tag-order-psilocybe-cyanescens","15":"product_tag-psilocybe-cyanescens","16":"product_tag-psilocybe-cyanescens-for-sale","17":"product_tag-psilocybe-cyanescens-legally","18":"product_tag-psilocybe-cyanescens-online","19":"product_tag-psilocybe-cyanescens-psilocybe-cyanescens-supplier","20":"product_tag-psilocybe-cyanescens-store","21":"product_tag-psilocybe-cyanescens-use","22":"product_tag-psilocybe-cyanescens-wiki","23":"product_tag-psilocybe-cyanescens-worldwide","24":"product_tag-psilocybe-cyanescensprice","25":"product_tag-psilocybe-cyanescenss","26":"product_tag-purcharse-psilocybe-cyanescens","27":"product_tag-shop-psilocybe-cyanescens","28":"product_tag-top-quality","29":"product_tag-where-to-buy-psilocybe-cyanescens","30":"product_tag-where-to-order-psilocybe-cyanescens","31":"product_tag-wholesale-psilocybe-cyanescens","32":"desktop-align-left","33":"tablet-align-left","34":"mobile-align-left","35":"ast-product-gallery-layout-horizontal","36":"ast-product-gallery-with-no-image","37":"ast-product-single-variable","38":"ast-product-tabs-layout-horizontal","39":"ast-qv-on-image","41":"first","42":"instock","43":"shipping-taxable","44":"purchasable","45":"product-type-variable"},"yoast_head":"<!-- This site is optimized with the Yoast SEO plugin v25.9 - https:\/\/yoast.com\/wordpress\/plugins\/seo\/ -->\n<title>Psilocybe Cyanescens for Sale - Buy Psilocybe Cyanescens Online<\/title>\n<meta name=\"description\" content=\"If you want to buy psilocybe cyanescens online and looking for a reliable online store, then buy here. We offer only high-quality psilocybe cyanescens for sale at an affordable price. Order Psilocybe Cyanescens Now!\" \/>\n<meta name=\"robots\" content=\"index, follow, max-snippet:-1, max-image-preview:large, max-video-preview:-1\" \/>\n<link rel=\"canonical\" href=\"https:\/\/legitgrams.com\/pl\/produkt\/psilocybe-cyanescens\/\" \/>\n<meta property=\"og:locale\" content=\"pl_PL\" \/>\n<meta property=\"og:type\" content=\"article\" \/>\n<meta property=\"og:title\" content=\"Psilocybe Cyanescens for Sale - Buy Psilocybe Cyanescens Online\" \/>\n<meta property=\"og:description\" content=\"If you want to buy psilocybe cyanescens online and looking for a reliable online store, then buy here. We offer only high-quality psilocybe cyanescens for sale at an affordable price. Order Psilocybe Cyanescens Now!\" \/>\n<meta property=\"og:url\" content=\"https:\/\/legitgrams.com\/pl\/produkt\/psilocybe-cyanescens\/\" \/>\n<meta property=\"og:site_name\" content=\"Legit Grams\" \/>\n<meta property=\"article:modified_time\" content=\"2025-01-14T10:47:35+00:00\" \/>\n<meta property=\"og:image\" content=\"https:\/\/legitgrams.com\/wp-content\/uploads\/2024\/09\/psilocybe-cyanescenshome.jpg\" \/>\n\t<meta property=\"og:image:width\" content=\"430\" \/>\n\t<meta property=\"og:image:height\" content=\"430\" \/>\n\t<meta property=\"og:image:type\" content=\"image\/jpeg\" \/>\n<meta name=\"twitter:card\" content=\"summary_large_image\" \/>\n<meta name=\"twitter:label1\" content=\"Szacowany czas czytania\" \/>\n\t<meta name=\"twitter:data1\" content=\"4 minuty\" \/>\n<script type=\"application\/ld+json\" class=\"yoast-schema-graph\">{\"@context\":\"https:\/\/schema.org\",\"@graph\":[{\"@type\":\"WebPage\",\"@id\":\"https:\/\/legitgrams.com\/product\/psilocybe-cyanescens\/\",\"url\":\"https:\/\/legitgrams.com\/product\/psilocybe-cyanescens\/\",\"name\":\"Psilocybe Cyanescens for Sale - Buy Psilocybe Cyanescens Online\",\"isPartOf\":{\"@id\":\"https:\/\/legitgrams.com\/#website\"},\"primaryImageOfPage\":{\"@id\":\"https:\/\/legitgrams.com\/product\/psilocybe-cyanescens\/#primaryimage\"},\"image\":{\"@id\":\"https:\/\/legitgrams.com\/product\/psilocybe-cyanescens\/#primaryimage\"},\"thumbnailUrl\":\"https:\/\/legitgrams.com\/wp-content\/uploads\/2024\/09\/psilocybe-cyanescenshome.jpg\",\"datePublished\":\"2024-09-22T05:48:26+00:00\",\"dateModified\":\"2025-01-14T10:47:35+00:00\",\"description\":\"If you want to buy psilocybe cyanescens online and looking for a reliable online store, then buy here. We offer only high-quality psilocybe cyanescens for sale at an affordable price. Order Psilocybe Cyanescens Now!\",\"breadcrumb\":{\"@id\":\"https:\/\/legitgrams.com\/product\/psilocybe-cyanescens\/#breadcrumb\"},\"inLanguage\":\"pl-PL\",\"potentialAction\":[{\"@type\":\"ReadAction\",\"target\":[\"https:\/\/legitgrams.com\/product\/psilocybe-cyanescens\/\"]}]},{\"@type\":\"ImageObject\",\"inLanguage\":\"pl-PL\",\"@id\":\"https:\/\/legitgrams.com\/product\/psilocybe-cyanescens\/#primaryimage\",\"url\":\"https:\/\/legitgrams.com\/wp-content\/uploads\/2024\/09\/psilocybe-cyanescenshome.jpg\",\"contentUrl\":\"https:\/\/legitgrams.com\/wp-content\/uploads\/2024\/09\/psilocybe-cyanescenshome.jpg\",\"width\":430,\"height\":430,\"caption\":\"Psilocybe Cyanescens for Sale\"},{\"@type\":\"BreadcrumbList\",\"@id\":\"https:\/\/legitgrams.com\/product\/psilocybe-cyanescens\/#breadcrumb\",\"itemListElement\":[{\"@type\":\"ListItem\",\"position\":1,\"name\":\"Home\",\"item\":\"https:\/\/legitgrams.com\/\"},{\"@type\":\"ListItem\",\"position\":2,\"name\":\"Shop\",\"item\":\"https:\/\/legitgrams.com\/shop\/\"},{\"@type\":\"ListItem\",\"position\":3,\"name\":\"Psilocybe Cyanescens\"}]},{\"@type\":\"WebSite\",\"@id\":\"https:\/\/legitgrams.com\/#website\",\"url\":\"https:\/\/legitgrams.com\/\",\"name\":\"Legit Grams\",\"description\":\"My WordPress Blog\",\"publisher\":{\"@id\":\"https:\/\/legitgrams.com\/#organization\"},\"potentialAction\":[{\"@type\":\"SearchAction\",\"target\":{\"@type\":\"EntryPoint\",\"urlTemplate\":\"https:\/\/legitgrams.com\/?s={search_term_string}\"},\"query-input\":{\"@type\":\"PropertyValueSpecification\",\"valueRequired\":true,\"valueName\":\"search_term_string\"}}],\"inLanguage\":\"pl-PL\"},{\"@type\":\"Organization\",\"@id\":\"https:\/\/legitgrams.com\/#organization\",\"name\":\"Legit Grams\",\"url\":\"https:\/\/legitgrams.com\/\",\"logo\":{\"@type\":\"ImageObject\",\"inLanguage\":\"pl-PL\",\"@id\":\"https:\/\/legitgrams.com\/#\/schema\/logo\/image\/\",\"url\":\"https:\/\/legitgrams.com\/wp-content\/uploads\/2024\/09\/main-logo.png\",\"contentUrl\":\"https:\/\/legitgrams.com\/wp-content\/uploads\/2024\/09\/main-logo.png\",\"width\":270,\"height\":75,\"caption\":\"Legit Grams\"},\"image\":{\"@id\":\"https:\/\/legitgrams.com\/#\/schema\/logo\/image\/\"}}]}<\/script>\n<!-- \/ Yoast SEO plugin. -->","yoast_head_json":{"title":"Psilocybe Cyanescens na sprzeda\u017c - Kup Psilocybe Cyanescens online","description":"Je\u015bli chcesz kupi\u0107 psilocybe cyanescens online i szukasz niezawodnego sklepu internetowego, kup tutaj. Oferujemy tylko wysokiej jako\u015bci psilocybe cyanescens na sprzeda\u017c w przyst\u0119pnej cenie. Zam\u00f3w Psilocybe cyanescens ju\u017c teraz!","robots":{"index":"index","follow":"follow","max-snippet":"max-snippet:-1","max-image-preview":"max-image-preview:large","max-video-preview":"max-video-preview:-1"},"canonical":"https:\/\/legitgrams.com\/pl\/produkt\/psilocybe-cyanescens\/","og_locale":"pl_PL","og_type":"article","og_title":"Psilocybe Cyanescens for Sale - Buy Psilocybe Cyanescens Online","og_description":"If you want to buy psilocybe cyanescens online and looking for a reliable online store, then buy here. We offer only high-quality psilocybe cyanescens for sale at an affordable price. Order Psilocybe Cyanescens Now!","og_url":"https:\/\/legitgrams.com\/pl\/produkt\/psilocybe-cyanescens\/","og_site_name":"Legit Grams","article_modified_time":"2025-01-14T10:47:35+00:00","og_image":[{"width":430,"height":430,"url":"https:\/\/legitgrams.com\/wp-content\/uploads\/2024\/09\/psilocybe-cyanescenshome.jpg","type":"image\/jpeg"}],"twitter_card":"summary_large_image","twitter_misc":{"Szacowany czas czytania":"4 minuty"},"schema":{"@context":"https:\/\/schema.org","@graph":[{"@type":"WebPage","@id":"https:\/\/legitgrams.com\/product\/psilocybe-cyanescens\/","url":"https:\/\/legitgrams.com\/product\/psilocybe-cyanescens\/","name":"Psilocybe Cyanescens na sprzeda\u017c - Kup Psilocybe Cyanescens online","isPartOf":{"@id":"https:\/\/legitgrams.com\/#website"},"primaryImageOfPage":{"@id":"https:\/\/legitgrams.com\/product\/psilocybe-cyanescens\/#primaryimage"},"image":{"@id":"https:\/\/legitgrams.com\/product\/psilocybe-cyanescens\/#primaryimage"},"thumbnailUrl":"https:\/\/legitgrams.com\/wp-content\/uploads\/2024\/09\/psilocybe-cyanescenshome.jpg","datePublished":"2024-09-22T05:48:26+00:00","dateModified":"2025-01-14T10:47:35+00:00","description":"Je\u015bli chcesz kupi\u0107 psilocybe cyanescens online i szukasz niezawodnego sklepu internetowego, kup tutaj. Oferujemy tylko wysokiej jako\u015bci psilocybe cyanescens na sprzeda\u017c w przyst\u0119pnej cenie. Zam\u00f3w Psilocybe cyanescens ju\u017c teraz!","breadcrumb":{"@id":"https:\/\/legitgrams.com\/product\/psilocybe-cyanescens\/#breadcrumb"},"inLanguage":"pl-PL","potentialAction":[{"@type":"ReadAction","target":["https:\/\/legitgrams.com\/product\/psilocybe-cyanescens\/"]}]},{"@type":"ImageObject","inLanguage":"pl-PL","@id":"https:\/\/legitgrams.com\/product\/psilocybe-cyanescens\/#primaryimage","url":"https:\/\/legitgrams.com\/wp-content\/uploads\/2024\/09\/psilocybe-cyanescenshome.jpg","contentUrl":"https:\/\/legitgrams.com\/wp-content\/uploads\/2024\/09\/psilocybe-cyanescenshome.jpg","width":430,"height":430,"caption":"Psilocybe Cyanescens for Sale"},{"@type":"BreadcrumbList","@id":"https:\/\/legitgrams.com\/product\/psilocybe-cyanescens\/#breadcrumb","itemListElement":[{"@type":"ListItem","position":1,"name":"Home","item":"https:\/\/legitgrams.com\/"},{"@type":"ListItem","position":2,"name":"Shop","item":"https:\/\/legitgrams.com\/shop\/"},{"@type":"ListItem","position":3,"name":"Psilocybe Cyanescens"}]},{"@type":"WebSite","@id":"https:\/\/legitgrams.com\/#website","url":"https:\/\/legitgrams.com\/","name":"Legit Grams","description":"M\u00f3j blog WordPress","publisher":{"@id":"https:\/\/legitgrams.com\/#organization"},"potentialAction":[{"@type":"SearchAction","target":{"@type":"EntryPoint","urlTemplate":"https:\/\/legitgrams.com\/?s={search_term_string}"},"query-input":{"@type":"PropertyValueSpecification","valueRequired":true,"valueName":"search_term_string"}}],"inLanguage":"pl-PL"},{"@type":"Organization","@id":"https:\/\/legitgrams.com\/#organization","name":"Legit Grams","url":"https:\/\/legitgrams.com\/","logo":{"@type":"ImageObject","inLanguage":"pl-PL","@id":"https:\/\/legitgrams.com\/#\/schema\/logo\/image\/","url":"https:\/\/legitgrams.com\/wp-content\/uploads\/2024\/09\/main-logo.png","contentUrl":"https:\/\/legitgrams.com\/wp-content\/uploads\/2024\/09\/main-logo.png","width":270,"height":75,"caption":"Legit Grams"},"image":{"@id":"https:\/\/legitgrams.com\/#\/schema\/logo\/image\/"}}]}},"uagb_featured_image_src":{"full":["https:\/\/legitgrams.com\/wp-content\/uploads\/2024\/09\/psilocybe-cyanescenshome.jpg",430,430,false],"thumbnail":["https:\/\/legitgrams.com\/wp-content\/uploads\/2024\/09\/psilocybe-cyanescenshome-150x150.jpg",150,150,true],"medium":["https:\/\/legitgrams.com\/wp-content\/uploads\/2024\/09\/psilocybe-cyanescenshome-300x300.jpg",300,300,true],"medium_large":["https:\/\/legitgrams.com\/wp-content\/uploads\/2024\/09\/psilocybe-cyanescenshome.jpg",430,430,false],"large":["https:\/\/legitgrams.com\/wp-content\/uploads\/2024\/09\/psilocybe-cyanescenshome.jpg",430,430,false],"1536x1536":["https:\/\/legitgrams.com\/wp-content\/uploads\/2024\/09\/psilocybe-cyanescenshome.jpg",430,430,false],"2048x2048":["https:\/\/legitgrams.com\/wp-content\/uploads\/2024\/09\/psilocybe-cyanescenshome.jpg",430,430,false],"trp-custom-language-flag":["https:\/\/legitgrams.com\/wp-content\/uploads\/2024\/09\/psilocybe-cyanescenshome-12x12.jpg",12,12,true],"woocommerce_thumbnail":["https:\/\/legitgrams.com\/wp-content\/uploads\/2024\/09\/psilocybe-cyanescenshome-300x300.jpg",300,300,true],"woocommerce_single":["https:\/\/legitgrams.com\/wp-content\/uploads\/2024\/09\/psilocybe-cyanescenshome.jpg",430,430,false],"woocommerce_gallery_thumbnail":["https:\/\/legitgrams.com\/wp-content\/uploads\/2024\/09\/psilocybe-cyanescenshome-100x100.jpg",100,100,true]},"uagb_author_info":{"display_name":"cokeblog18","author_link":"https:\/\/legitgrams.com\/pl\/author\/"},"uagb_comment_info":0,"uagb_excerpt":"Purchase Online Psilocybe Cyanescens The Psilocybe Azurescens mushroom, one of the 180 species in the Psilocybe genus, thrives in a range of environments. Flying Saucers, Indigo Psilocybe, Azzies, and Blue Angels are some other names for Psilocybe Azurscens. Researchers have written a great deal about the discovery since it was first made in 1979. For&hellip;","_links":{"self":[{"href":"https:\/\/legitgrams.com\/pl\/wp-json\/wp\/v2\/product\/4200","targetHints":{"allow":["GET"]}}],"collection":[{"href":"https:\/\/legitgrams.com\/pl\/wp-json\/wp\/v2\/product"}],"about":[{"href":"https:\/\/legitgrams.com\/pl\/wp-json\/wp\/v2\/types\/product"}],"replies":[{"embeddable":true,"href":"https:\/\/legitgrams.com\/pl\/wp-json\/wp\/v2\/comments?post=4200"}],"wp:featuredmedia":[{"embeddable":true,"href":"https:\/\/legitgrams.com\/pl\/wp-json\/wp\/v2\/media\/5245"}],"wp:attachment":[{"href":"https:\/\/legitgrams.com\/pl\/wp-json\/wp\/v2\/media?parent=4200"}],"wp:term":[{"taxonomy":"product_brand","embeddable":true,"href":"https:\/\/legitgrams.com\/pl\/wp-json\/wp\/v2\/product_brand?post=4200"},{"taxonomy":"product_cat","embeddable":true,"href":"https:\/\/legitgrams.com\/pl\/wp-json\/wp\/v2\/product_cat?post=4200"},{"taxonomy":"product_tag","embeddable":true,"href":"https:\/\/legitgrams.com\/pl\/wp-json\/wp\/v2\/product_tag?post=4200"}],"curies":[{"name":"wp","href":"https:\/\/api.w.org\/{rel}","templated":true}]}}