{"id":4211,"date":"2024-09-22T05:22:44","date_gmt":"2024-09-22T05:22:44","guid":{"rendered":"https:\/\/legitgrams.com\/?post_type=product&#038;p=4211"},"modified":"2025-04-03T12:30:56","modified_gmt":"2025-04-03T12:30:56","slug":"al-lad-blotters","status":"publish","type":"product","link":"https:\/\/legitgrams.com\/pl\/produkt\/al-lad-blotters\/","title":{"rendered":"Kup AL Lad Blotters online"},"content":{"rendered":"<h2>Tanio Al Ld Blotters na sprzeda\u017c<\/h2>\n<p>Otrzymaj 150mcg premium <a href=\"https:\/\/legitgrams.com\/pl\/produkt\/al-lad-blotters\/\">Bibu\u0142y AL-LAD<\/a> online po obni\u017conej cenie.<\/p>\n<h3>AL-LAD: Co to jest?<\/h3>\n<p>6-allilo-6-norLSD, znany r\u00f3wnie\u017c jako <a href=\"https:\/\/en.wikipedia.org\/wiki\/AL-LAD\">AL-LAD<\/a>, jest psychodelicznym narkotykiem podobnym do dietyloamidu kwasu lizergowego (LSD). Kiedy zosta\u0142 po raz pierwszy zsyntetyzowany w 1976 r., zyska\u0142 uznanie jako \u015brodek zaradczy na rynkach \u201enowych substancji psychoaktywnych\u201d i \u201esubstancji chemicznych do bada\u0144\u201d. <a href=\"https:\/\/www.bing.com\/search?q=KupALLadBlottersonline&amp;qs=n&amp;form=QBRE&amp;sp=-1&amp;ghc=1&amp;lq=0&amp;pq=kupalladblottersonline&amp;sc=12-26&amp;sk=&amp;cvid=2FB59016C4A747548C14AFEEB6E2B18D&amp;ghsh=0&amp;ghacc=0&amp;ghpl=\">AL-LAD<\/a> wywo\u0142uje psychoaktywny \u201epodr\u00f3\u017c\u201d uderzaj\u0105co podobn\u0105 do do\u015bwiadczenia po LSD.<\/p>\n<p>AL-LAD zyska\u0142 popularno\u015b\u0107 w celach rekreacyjnych w Wielkiej Brytanii i Irlandii. W swojej ksi\u0105\u017cce z 1997 r. TIHKAL (Tryptamines I Have Known And Loved) Alexander Shulgin wspomnia\u0142 o nim. W rezultacie reputacja leku wzros\u0142a na arenie mi\u0119dzynarodowej. Obecnie lek jest eksperymentowany na ca\u0142ym \u015bwiecie, w tym w Stanach Zjednoczonych.<\/p>\n<p>Nie jest jasne, co dok\u0142adnie <a href=\"https:\/\/www.google.com\/search?q=Buy+AL+Lad+Blotters+Online&amp;num=10&amp;sca_esv=1a2a07081c7891bb&amp;rlz=1C1RXQR_enIN1098IN1098&amp;sxsrf=AHTn8zrQ09rbT77U3-bBTxxLn2TehM5CkA%3A1741410493205&amp;ei=vdDLZ7KSDKadseMPzIXs4AI&amp;ved=0ahUKEwjy5OvO2_mLAxWmTmwGHcwCGywQ4dUDCBI&amp;uact=5&amp;oq=Buy+AL+Lad+Blotters+Online&amp;gs_lp=Egxnd3Mtd2l6LXNlcnAiGkJ1eSBBTCBMYWQgQmxvdHRlcnMgT25saW5lMgUQIRigATIFECEYoAEyBRAhGKABSLoHUJQDWJQDcAJ4AJABAJgBwwGgAcMBqgEDMC4xuAEDyAEA-AEC-AEBmAIDoALVAcICDhAAGIAEGLADGIYDGIoFmAMAiAYBkAYBkgcFMi4wLjGgB-0C&amp;sclient=gws-wiz-serp\">AL-LAD\u2019s<\/a> Su estatus legal es... El gobierno federal de Estados Unidos no tiene intenci\u00f3n de regularlo. Sin embargo, al ser un an\u00e1logo del LSD, podr\u00eda ser procesado bajo la Ley Federal de An\u00e1logos si lo vende o lo posee con la intenci\u00f3n de usarlo con otros. <a href=\"https:\/\/legitgrams.com\/pl\/\">LegitGrams<\/a><\/p>\n<p>Do\u015bwiadczenia AL-LAD s\u0105 podobne do trip\u00f3w LSD pod wieloma wzgl\u0119dami. U\u017cytkownicy cz\u0119sto wykorzystuj\u0105 bibu\u0142ki, aby przyjmowa\u0107 narkotyk doustnie. W rezultacie efekty cz\u0119sto pojawiaj\u0105 si\u0119 20 do 60 minut po spo\u017cyciu. U\u017cytkownicy do\u015bwiadcz\u0105:<\/p>\n<p>Zwi\u0119kszona witalno\u015b\u0107 lub uczucie podniecenia, euforii, mrowienia lub dr\u0119twienia ko\u0144czyn, wzmo\u017cona czujno\u015b\u0107, oraz z\u0142udzenia zniekszta\u0142ce\u0144 wzrokowych.<\/p>\n<p>The use of <a href=\"https:\/\/duckduckgo.com\/?q=Kup+AL+Lad+Blotters+online&amp;t=h_&amp;ia=web\">AL-LAD<\/a> mo\u017ce powodowa\u0107 nast\u0119puj\u0105ce dzia\u0142ania niepo\u017c\u0105dane: niezdolno\u015b\u0107 do skupienia si\u0119 lub jasnego my\u015blenia, przyspieszone bicie serca, wahania temperatury cia\u0142a podczas wymiot\u00f3w, negatywne wzorce my\u015blowe i z\u0142udzenia, zw\u0119\u017cenie naczy\u0144 krwiono\u015bnych, drgawki<\/p>\n<p>LSD nale\u017cy do psychodelik\u00f3w, kt\u00f3re zosta\u0142y zbadane najbardziej. Nawet teraz AL-LAD nie by\u0142 przedmiotem wielu dog\u0142\u0119bnych bada\u0144 naukowych, pomimo \u017ce jest okre\u015blany jako \u201enarkotyk badawczy\u201d. Sugeruje to, \u017ce lista kr\u00f3tkoterminowych efekt\u00f3w nie mo\u017ce by\u0107 wyczerpuj\u0105ca. Ponadto przeprowadzono niewiele lub \u017cadnych bada\u0144 na temat d\u0142ugoterminowych konsekwencji leku.<\/p>\n<p>Nadu\u017cywanie halucynogen\u00f3w przez d\u0142u\u017cszy okres czasu mo\u017ce mie\u0107 szereg szkodliwych skutk\u00f3w ubocznych. Uporczywe zaburzenie percepcji halucynogennej (HPPD) to stan powoduj\u0105cy nag\u0142e retrospekcje zniekszta\u0142ce\u0144 wzrokowych lub halucynacji. Wykazano, \u017ce du\u017ca liczba u\u017cytkownik\u00f3w halucynogen\u00f3w, w tym tych, kt\u00f3rzy przyjmowali DMT, LSD i grzyby, do\u015bwiadcza tej przewlek\u0142ej choroby.<\/p>\n<h3>Kupuj niedrogie, wysokiej jako\u015bci bibu\u0142ki AL-LAD online<\/h3>\n<p>Kup Premium AL-LAD Blotters Online ze zni\u017ck\u0105 \u2013 Kup niedrogie blottery, Premium AL-LAD blotters, Online AL-LAD blotters, Gdzie mog\u0119 kupi\u0107 wysokiej jako\u015bci blotters AL-LAD? Gdzie mog\u0119 znale\u017a\u0107 tanie blotters AL-LAD na sprzeda\u017c? Gdzie mog\u0119 kupi\u0107 wysokiej jako\u015bci blotters AL-LAD online? Dostawcy, bezpieczna wysy\u0142ka i rozs\u0105dne ceny, premium AL-LAD blotters na sprzeda\u017c w USA, Kanadzie i Wielkiej Brytanii Czy zakup wysokiej jako\u015bci blotters AL-LAD jest legalny w Stanach Zjednoczonych? Jak mog\u0119 kupi\u0107 wysokiej jako\u015bci blotters AL-LAD tanio? Czy mo\u017cna je kupi\u0107 w Kanadzie?<\/p>","protected":false},"excerpt":{"rendered":"<p>Cheap Al Ld Blotters for Sale Get 150mcg of premium AL-LAD blotters online at a discounted price. AL-LAD: What Is It? 6-allyl-6-norLSD, also known as AL-LAD, is a psychedelic drug that is similar to lysergic acid diethylamide (LSD). When it was first synthesized in 1976, it gained favor as a remedy in the markets for &hellip;<\/p>\n<p class=\"read-more\"> <a class=\"\" href=\"https:\/\/legitgrams.com\/pl\/produkt\/al-lad-blotters\/\"> <span class=\"screen-reader-text\">Kup AL Lad Blotters online<\/span> Czytaj wi\u0119cej \"<\/a><\/p>","protected":false},"featured_media":5186,"comment_status":"open","ping_status":"closed","template":"","meta":{"_uag_custom_page_level_css":"","site-sidebar-layout":"default","site-content-layout":"default","ast-global-header-display":"","ast-main-header-display":"","ast-hfb-above-header-display":"","ast-hfb-below-header-display":"","ast-hfb-mobile-header-display":"","site-post-title":"","ast-breadcrumbs-content":"","ast-featured-img":"","footer-sml-layout":"","theme-transparent-header-meta":"default","adv-header-id-meta":"","stick-header-meta":"default","header-above-stick-meta":"","header-main-stick-meta":"","header-below-stick-meta":"","_joinchat":[]},"product_brand":[],"product_cat":[595],"product_tag":[2214,2218,2217,2225,2216,2228,2235,2236,2234,2226,2231,2233,2223,617,2215,2230,2227,2222,2220,2232,2229,625,2221,2224,2219],"class_list":{"0":"post-4211","1":"product","2":"type-product","3":"status-publish","4":"has-post-thumbnail","6":"product_cat-psychedelic-drugs","7":"product_tag-al-lad-blotters","8":"product_tag-al-lad-blotters-al-lad-blotters-supplier","9":"product_tag-al-lad-blotters-for-sale","10":"product_tag-al-lad-blotters-legally","11":"product_tag-al-lad-blotters-online","12":"product_tag-al-lad-blotters-store","13":"product_tag-al-lad-blotters-use","14":"product_tag-al-lad-blotters-wiki","15":"product_tag-al-lad-blotters-worldwide","16":"product_tag-al-lad-blottersprice","17":"product_tag-al-lad-blotterss","18":"product_tag-best-cheap-price-al-lad-blotters","19":"product_tag-best-place-to-buy-al-lad-blotters","20":"product_tag-bulk-online","21":"product_tag-buy-al-lad-blotters","22":"product_tag-cheap-al-lad-blotters","23":"product_tag-high-quality-al-lad-blotters","24":"product_tag-how-to-buy-al-lad-blotters","25":"product_tag-order-al-lad-blotters","26":"product_tag-purcharse-al-lad-blotters","27":"product_tag-shop-al-lad-blotters","28":"product_tag-top-quality","29":"product_tag-where-to-buy-al-lad-blotters","30":"product_tag-where-to-order-al-lad-blotters","31":"product_tag-wholesale-al-lad-blotters","32":"desktop-align-left","33":"tablet-align-left","34":"mobile-align-left","35":"ast-product-gallery-layout-horizontal","36":"ast-product-gallery-with-no-image","37":"ast-product-single-variable","38":"ast-product-tabs-layout-horizontal","39":"ast-qv-on-image","41":"first","42":"instock","43":"shipping-taxable","44":"purchasable","45":"product-type-variable"},"yoast_head":"<!-- This site is optimized with the Yoast SEO plugin v25.9 - https:\/\/yoast.com\/wordpress\/plugins\/seo\/ -->\n<title>AL Lad Blotters for Sale - Buy AL Lad Blotters Online | LegitGrams<\/title>\n<meta name=\"description\" content=\"At our LegitGrams online store, we have AL Lad Blotters for sale. You can easily buy AL Lad Blotters online of top quality from us available at the best prices. Order now!\" \/>\n<meta name=\"robots\" content=\"index, follow, max-snippet:-1, max-image-preview:large, max-video-preview:-1\" \/>\n<link rel=\"canonical\" href=\"https:\/\/legitgrams.com\/pl\/produkt\/al-lad-blotters\/\" \/>\n<meta property=\"og:locale\" content=\"pl_PL\" \/>\n<meta property=\"og:type\" content=\"article\" \/>\n<meta property=\"og:title\" content=\"AL Lad Blotters for Sale - Buy AL Lad Blotters Online | LegitGrams\" \/>\n<meta property=\"og:description\" content=\"At our LegitGrams online store, we have AL Lad Blotters for sale. You can easily buy AL Lad Blotters online of top quality from us available at the best prices. Order now!\" \/>\n<meta property=\"og:url\" content=\"https:\/\/legitgrams.com\/pl\/produkt\/al-lad-blotters\/\" \/>\n<meta property=\"og:site_name\" content=\"Legit Grams\" \/>\n<meta property=\"article:modified_time\" content=\"2025-04-03T12:30:56+00:00\" \/>\n<meta property=\"og:image\" content=\"https:\/\/legitgrams.com\/wp-content\/uploads\/2024\/09\/Buy-Quality-AL-LAD-blotters-Cheap-Online.jpg\" \/>\n\t<meta property=\"og:image:width\" content=\"600\" \/>\n\t<meta property=\"og:image:height\" content=\"600\" \/>\n\t<meta property=\"og:image:type\" content=\"image\/jpeg\" \/>\n<meta name=\"twitter:card\" content=\"summary_large_image\" \/>\n<meta name=\"twitter:label1\" content=\"Szacowany czas czytania\" \/>\n\t<meta name=\"twitter:data1\" content=\"3 minuty\" \/>\n<script type=\"application\/ld+json\" class=\"yoast-schema-graph\">{\"@context\":\"https:\/\/schema.org\",\"@graph\":[{\"@type\":\"WebPage\",\"@id\":\"https:\/\/legitgrams.com\/product\/al-lad-blotters\/\",\"url\":\"https:\/\/legitgrams.com\/product\/al-lad-blotters\/\",\"name\":\"AL Lad Blotters for Sale - Buy AL Lad Blotters Online | LegitGrams\",\"isPartOf\":{\"@id\":\"https:\/\/legitgrams.com\/#website\"},\"primaryImageOfPage\":{\"@id\":\"https:\/\/legitgrams.com\/product\/al-lad-blotters\/#primaryimage\"},\"image\":{\"@id\":\"https:\/\/legitgrams.com\/product\/al-lad-blotters\/#primaryimage\"},\"thumbnailUrl\":\"https:\/\/legitgrams.com\/wp-content\/uploads\/2024\/09\/Buy-Quality-AL-LAD-blotters-Cheap-Online.jpg\",\"datePublished\":\"2024-09-22T05:22:44+00:00\",\"dateModified\":\"2025-04-03T12:30:56+00:00\",\"description\":\"At our LegitGrams online store, we have AL Lad Blotters for sale. You can easily buy AL Lad Blotters online of top quality from us available at the best prices. Order now!\",\"breadcrumb\":{\"@id\":\"https:\/\/legitgrams.com\/product\/al-lad-blotters\/#breadcrumb\"},\"inLanguage\":\"pl-PL\",\"potentialAction\":[{\"@type\":\"ReadAction\",\"target\":[\"https:\/\/legitgrams.com\/product\/al-lad-blotters\/\"]}]},{\"@type\":\"ImageObject\",\"inLanguage\":\"pl-PL\",\"@id\":\"https:\/\/legitgrams.com\/product\/al-lad-blotters\/#primaryimage\",\"url\":\"https:\/\/legitgrams.com\/wp-content\/uploads\/2024\/09\/Buy-Quality-AL-LAD-blotters-Cheap-Online.jpg\",\"contentUrl\":\"https:\/\/legitgrams.com\/wp-content\/uploads\/2024\/09\/Buy-Quality-AL-LAD-blotters-Cheap-Online.jpg\",\"width\":600,\"height\":600,\"caption\":\"Al Ld Blotters Cheap for Sale\"},{\"@type\":\"BreadcrumbList\",\"@id\":\"https:\/\/legitgrams.com\/product\/al-lad-blotters\/#breadcrumb\",\"itemListElement\":[{\"@type\":\"ListItem\",\"position\":1,\"name\":\"Home\",\"item\":\"https:\/\/legitgrams.com\/\"},{\"@type\":\"ListItem\",\"position\":2,\"name\":\"Shop\",\"item\":\"https:\/\/legitgrams.com\/shop\/\"},{\"@type\":\"ListItem\",\"position\":3,\"name\":\"Buy AL Lad Blotters Online\"}]},{\"@type\":\"WebSite\",\"@id\":\"https:\/\/legitgrams.com\/#website\",\"url\":\"https:\/\/legitgrams.com\/\",\"name\":\"Legit Grams\",\"description\":\"My WordPress Blog\",\"publisher\":{\"@id\":\"https:\/\/legitgrams.com\/#organization\"},\"potentialAction\":[{\"@type\":\"SearchAction\",\"target\":{\"@type\":\"EntryPoint\",\"urlTemplate\":\"https:\/\/legitgrams.com\/?s={search_term_string}\"},\"query-input\":{\"@type\":\"PropertyValueSpecification\",\"valueRequired\":true,\"valueName\":\"search_term_string\"}}],\"inLanguage\":\"pl-PL\"},{\"@type\":\"Organization\",\"@id\":\"https:\/\/legitgrams.com\/#organization\",\"name\":\"Legit Grams\",\"url\":\"https:\/\/legitgrams.com\/\",\"logo\":{\"@type\":\"ImageObject\",\"inLanguage\":\"pl-PL\",\"@id\":\"https:\/\/legitgrams.com\/#\/schema\/logo\/image\/\",\"url\":\"https:\/\/legitgrams.com\/wp-content\/uploads\/2024\/09\/main-logo.png\",\"contentUrl\":\"https:\/\/legitgrams.com\/wp-content\/uploads\/2024\/09\/main-logo.png\",\"width\":270,\"height\":75,\"caption\":\"Legit Grams\"},\"image\":{\"@id\":\"https:\/\/legitgrams.com\/#\/schema\/logo\/image\/\"}}]}<\/script>\n<!-- \/ Yoast SEO plugin. -->","yoast_head_json":{"title":"AL Lad Blotters na sprzeda\u017c - Kup AL Lad Blotters online | LegitGrams","description":"W naszym sklepie internetowym LegitGrams mamy na sprzeda\u017c AL Lad Blotters. Mo\u017cesz \u0142atwo kupi\u0107 AL Lad Blotters online w najlepszej jako\u015bci i najlepszej cenie. Zam\u00f3w teraz!","robots":{"index":"index","follow":"follow","max-snippet":"max-snippet:-1","max-image-preview":"max-image-preview:large","max-video-preview":"max-video-preview:-1"},"canonical":"https:\/\/legitgrams.com\/pl\/produkt\/al-lad-blotters\/","og_locale":"pl_PL","og_type":"article","og_title":"AL Lad Blotters for Sale - Buy AL Lad Blotters Online | LegitGrams","og_description":"At our LegitGrams online store, we have AL Lad Blotters for sale. You can easily buy AL Lad Blotters online of top quality from us available at the best prices. Order now!","og_url":"https:\/\/legitgrams.com\/pl\/produkt\/al-lad-blotters\/","og_site_name":"Legit Grams","article_modified_time":"2025-04-03T12:30:56+00:00","og_image":[{"width":600,"height":600,"url":"https:\/\/legitgrams.com\/wp-content\/uploads\/2024\/09\/Buy-Quality-AL-LAD-blotters-Cheap-Online.jpg","type":"image\/jpeg"}],"twitter_card":"summary_large_image","twitter_misc":{"Szacowany czas czytania":"3 minuty"},"schema":{"@context":"https:\/\/schema.org","@graph":[{"@type":"WebPage","@id":"https:\/\/legitgrams.com\/product\/al-lad-blotters\/","url":"https:\/\/legitgrams.com\/product\/al-lad-blotters\/","name":"AL Lad Blotters na sprzeda\u017c - Kup AL Lad Blotters online | LegitGrams","isPartOf":{"@id":"https:\/\/legitgrams.com\/#website"},"primaryImageOfPage":{"@id":"https:\/\/legitgrams.com\/product\/al-lad-blotters\/#primaryimage"},"image":{"@id":"https:\/\/legitgrams.com\/product\/al-lad-blotters\/#primaryimage"},"thumbnailUrl":"https:\/\/legitgrams.com\/wp-content\/uploads\/2024\/09\/Buy-Quality-AL-LAD-blotters-Cheap-Online.jpg","datePublished":"2024-09-22T05:22:44+00:00","dateModified":"2025-04-03T12:30:56+00:00","description":"W naszym sklepie internetowym LegitGrams mamy na sprzeda\u017c AL Lad Blotters. Mo\u017cesz \u0142atwo kupi\u0107 AL Lad Blotters online w najlepszej jako\u015bci i najlepszej cenie. Zam\u00f3w teraz!","breadcrumb":{"@id":"https:\/\/legitgrams.com\/product\/al-lad-blotters\/#breadcrumb"},"inLanguage":"pl-PL","potentialAction":[{"@type":"ReadAction","target":["https:\/\/legitgrams.com\/product\/al-lad-blotters\/"]}]},{"@type":"ImageObject","inLanguage":"pl-PL","@id":"https:\/\/legitgrams.com\/product\/al-lad-blotters\/#primaryimage","url":"https:\/\/legitgrams.com\/wp-content\/uploads\/2024\/09\/Buy-Quality-AL-LAD-blotters-Cheap-Online.jpg","contentUrl":"https:\/\/legitgrams.com\/wp-content\/uploads\/2024\/09\/Buy-Quality-AL-LAD-blotters-Cheap-Online.jpg","width":600,"height":600,"caption":"Al Ld Blotters Cheap for Sale"},{"@type":"BreadcrumbList","@id":"https:\/\/legitgrams.com\/product\/al-lad-blotters\/#breadcrumb","itemListElement":[{"@type":"ListItem","position":1,"name":"Home","item":"https:\/\/legitgrams.com\/"},{"@type":"ListItem","position":2,"name":"Shop","item":"https:\/\/legitgrams.com\/shop\/"},{"@type":"ListItem","position":3,"name":"Buy AL Lad Blotters Online"}]},{"@type":"WebSite","@id":"https:\/\/legitgrams.com\/#website","url":"https:\/\/legitgrams.com\/","name":"Legit Grams","description":"M\u00f3j blog WordPress","publisher":{"@id":"https:\/\/legitgrams.com\/#organization"},"potentialAction":[{"@type":"SearchAction","target":{"@type":"EntryPoint","urlTemplate":"https:\/\/legitgrams.com\/?s={search_term_string}"},"query-input":{"@type":"PropertyValueSpecification","valueRequired":true,"valueName":"search_term_string"}}],"inLanguage":"pl-PL"},{"@type":"Organization","@id":"https:\/\/legitgrams.com\/#organization","name":"Legit Grams","url":"https:\/\/legitgrams.com\/","logo":{"@type":"ImageObject","inLanguage":"pl-PL","@id":"https:\/\/legitgrams.com\/#\/schema\/logo\/image\/","url":"https:\/\/legitgrams.com\/wp-content\/uploads\/2024\/09\/main-logo.png","contentUrl":"https:\/\/legitgrams.com\/wp-content\/uploads\/2024\/09\/main-logo.png","width":270,"height":75,"caption":"Legit Grams"},"image":{"@id":"https:\/\/legitgrams.com\/#\/schema\/logo\/image\/"}}]}},"uagb_featured_image_src":{"full":["https:\/\/legitgrams.com\/wp-content\/uploads\/2024\/09\/Buy-Quality-AL-LAD-blotters-Cheap-Online.jpg",600,600,false],"thumbnail":["https:\/\/legitgrams.com\/wp-content\/uploads\/2024\/09\/Buy-Quality-AL-LAD-blotters-Cheap-Online-150x150.jpg",150,150,true],"medium":["https:\/\/legitgrams.com\/wp-content\/uploads\/2024\/09\/Buy-Quality-AL-LAD-blotters-Cheap-Online-300x300.jpg",300,300,true],"medium_large":["https:\/\/legitgrams.com\/wp-content\/uploads\/2024\/09\/Buy-Quality-AL-LAD-blotters-Cheap-Online.jpg",600,600,false],"large":["https:\/\/legitgrams.com\/wp-content\/uploads\/2024\/09\/Buy-Quality-AL-LAD-blotters-Cheap-Online.jpg",600,600,false],"1536x1536":["https:\/\/legitgrams.com\/wp-content\/uploads\/2024\/09\/Buy-Quality-AL-LAD-blotters-Cheap-Online.jpg",600,600,false],"2048x2048":["https:\/\/legitgrams.com\/wp-content\/uploads\/2024\/09\/Buy-Quality-AL-LAD-blotters-Cheap-Online.jpg",600,600,false],"trp-custom-language-flag":["https:\/\/legitgrams.com\/wp-content\/uploads\/2024\/09\/Buy-Quality-AL-LAD-blotters-Cheap-Online-12x12.jpg",12,12,true],"woocommerce_thumbnail":["https:\/\/legitgrams.com\/wp-content\/uploads\/2024\/09\/Buy-Quality-AL-LAD-blotters-Cheap-Online-300x300.jpg",300,300,true],"woocommerce_single":["https:\/\/legitgrams.com\/wp-content\/uploads\/2024\/09\/Buy-Quality-AL-LAD-blotters-Cheap-Online.jpg",600,600,false],"woocommerce_gallery_thumbnail":["https:\/\/legitgrams.com\/wp-content\/uploads\/2024\/09\/Buy-Quality-AL-LAD-blotters-Cheap-Online-100x100.jpg",100,100,true]},"uagb_author_info":{"display_name":"cokeblog18","author_link":"https:\/\/legitgrams.com\/pl\/author\/"},"uagb_comment_info":0,"uagb_excerpt":"Cheap Al Ld Blotters for Sale Get 150mcg of premium AL-LAD blotters online at a discounted price. AL-LAD: What Is It? 6-allyl-6-norLSD, also known as AL-LAD, is a psychedelic drug that is similar to lysergic acid diethylamide (LSD). When it was first synthesized in 1976, it gained favor as a remedy in the markets for&hellip;","_links":{"self":[{"href":"https:\/\/legitgrams.com\/pl\/wp-json\/wp\/v2\/product\/4211","targetHints":{"allow":["GET"]}}],"collection":[{"href":"https:\/\/legitgrams.com\/pl\/wp-json\/wp\/v2\/product"}],"about":[{"href":"https:\/\/legitgrams.com\/pl\/wp-json\/wp\/v2\/types\/product"}],"replies":[{"embeddable":true,"href":"https:\/\/legitgrams.com\/pl\/wp-json\/wp\/v2\/comments?post=4211"}],"wp:featuredmedia":[{"embeddable":true,"href":"https:\/\/legitgrams.com\/pl\/wp-json\/wp\/v2\/media\/5186"}],"wp:attachment":[{"href":"https:\/\/legitgrams.com\/pl\/wp-json\/wp\/v2\/media?parent=4211"}],"wp:term":[{"taxonomy":"product_brand","embeddable":true,"href":"https:\/\/legitgrams.com\/pl\/wp-json\/wp\/v2\/product_brand?post=4211"},{"taxonomy":"product_cat","embeddable":true,"href":"https:\/\/legitgrams.com\/pl\/wp-json\/wp\/v2\/product_cat?post=4211"},{"taxonomy":"product_tag","embeddable":true,"href":"https:\/\/legitgrams.com\/pl\/wp-json\/wp\/v2\/product_tag?post=4211"}],"curies":[{"name":"wp","href":"https:\/\/api.w.org\/{rel}","templated":true}]}}