{"id":4213,"date":"2024-09-22T05:40:13","date_gmt":"2024-09-22T05:40:13","guid":{"rendered":"https:\/\/legitgrams.com\/?post_type=product&#038;p=4213"},"modified":"2026-01-08T15:18:32","modified_gmt":"2026-01-08T15:18:32","slug":"pigulki-metamfetaminy","status":"publish","type":"product","link":"https:\/\/legitgrams.com\/pl\/produkt\/pigulki-metamfetaminy\/","title":{"rendered":"Pigu\u0142ki metamfetaminy"},"content":{"rendered":"<h2>Tabletki Crystal Meth na sprzeda\u017c online<\/h2>\n<p><a href=\"https:\/\/legitgrams.com\/pl\/produkt\/pigulki-metamfetaminy\/\">Krystaliczna metamfetamina<\/a> jest stymulantem, kt\u00f3ry bezpo\u015brednio oddzia\u0142uje na o\u015brodkowy uk\u0142ad nerwowy ludzkiego m\u00f3zgu. Jest to silnie uzale\u017cniaj\u0105cy narkotyk, kt\u00f3ry ma kilka pozytywnych zastosowa\u0144. Ten stymulant znajduje si\u0119 na li\u015bcie syntetycznych stymulant\u00f3w.<\/p>\n<p>Podczas II wojny \u015bwiatowej opracowano pierwszy narkotyk metamfetamin\u0119, aby wesprze\u0107 wojsko. U\u017cywano go, aby utrzyma\u0107 je w stanie czuwania i u\u015bmierzy\u0107 b\u00f3l spowodowany przez kul\u0119. Niemniej jednak jest on obecnie cz\u0119sto u\u017cywany i sta\u0142 si\u0119 dobrze znany na ca\u0142ym \u015bwiecie. W zale\u017cno\u015bci od tego, czego potrzebuje ich cia\u0142o, ludzie u\u017cywaj\u0105 go poprzez palenie, chrapanie lub wstrzykiwanie bezpo\u015brednio.<\/p>\n<h3>Metamfetamina krystaliczna kontra metamfetamina<\/h3>\n<p>Jedn\u0105 z licznych zalet metamfetaminy jest to, \u017ce mo\u017ce ona podnie\u015b\u0107 na duchu kogo\u015b, kto czuje si\u0119 przygn\u0119biony. z powodu jego problem\u00f3w. Ze wzgl\u0119du na t\u0119 cech\u0119 zaczyna zyskiwa\u0107 popularno\u015b\u0107 w klubach i barach tanecznych, gdzie klienci u\u017cywaj\u0105 jej, aby si\u0119 zrelaksowa\u0107.<\/p>\n<p>Centralny uk\u0142ad nerwowy jest stymulowany przez metamfetamin\u0119, kt\u00f3ra pozwala m\u00f3zgowi wyobrazi\u0107 sobie szcz\u0119\u015bliwe, typowe \u015brodowisko, w kt\u00f3rym mo\u017ce si\u0119 rozwija\u0107. To wyja\u015bnia, dlaczego jest cz\u0119sto nazywany narkotykiem imprezowym. <a href=\"https:\/\/legitgrams.com\/pl\/\">LegitGrams<\/a><\/p>\n<p>U\u017cytkownik tego pro-narkotyku czuje si\u0119 r\u00f3wnie\u017c bardzo pewnie, \u017ce mo\u017ce przetrwa\u0107 w ka\u017cdych okoliczno\u015bciach. U\u017cywaj\u0105 go r\u00f3wnie\u017c ci, kt\u00f3rzy wspinali si\u0119 na wysokie g\u00f3ry, aby zwi\u0119kszy\u0107 sw\u00f3j poziom energii. Ponadto metamfetamina pozwala im przetrwa\u0107 w tak niebezpiecznych warunkach.<\/p>\n<p><strong>Przyjmowanie metamfetaminy w celach medycznych<\/strong><\/p>\n<p>Opr\u00f3cz u\u017cywania metamfetaminy do u\u017cytku osobistego, ludzie u\u017cywaj\u0105 jej r\u00f3wnie\u017c zgodnie z zaleceniami medycznymi. Lekarze przepisuj\u0105 leki wykonane z metamfetaminy.<\/p>\n<p>podczas anga\u017cowania si\u0119 w osoby, kt\u00f3re s\u0105 w depresji i potrzebuj\u0105 szybkiej ulgi. Ludzie zg\u0142aszaj\u0105, \u017ce czuj\u0105 si\u0119 niesamowicie zrelaksowani i pe\u0142ni energii po jego u\u017cyciu.<\/p>\n<p>Niemniej jednak jest to bardzo korzystny prolek dla ludzi. Jednak nadmierne lub nieuregulowane u\u017cywanie metamfetaminy ma szereg wad. Metamfetamin\u0119 nale\u017cy stosowa\u0107 rzadko ze wzgl\u0119du na jej d\u0142ugotrwa\u0142e dzia\u0142anie na organizm cz\u0142owieka.<\/p>\n<p>W naszym sklepie internetowym oferujemy metamfetamin\u0119 krystaliczn\u0105 w niezwykle przyst\u0119pnych cenach, a tak\u017ce szybk\u0105 dostaw\u0119 produktu prosto do Twojego domu.<\/p>\n<p>Kup kryszta\u0142ow\u0105 metamfetamin\u0119 online i otrzymaj tani\u0105 lodow\u0105 metamfetamin\u0119.<\/p>\n<p>Kup tani\u0105 met\u0119 lodow\u0105 tutaj. Mo\u017cesz przeczyta\u0107 nasze recenzje online na, a wiele os\u00f3b wyrazi\u0142o nam swoj\u0105 aprobat\u0119. wybitni sprzedawcy. Wi\u0119kszo\u015b\u0107 naszych klient\u00f3w jest zadowolona. Opr\u00f3cz metamfetaminy kryszta\u0142owej oferujemy inne narkotyki, takie jak heroina i kokaina, do sprzeda\u017cy online. Metamfetamina jest zwykle sprzedawana jako bia\u0142y, krystaliczny proszek, kt\u00f3ry szybko rozpuszcza si\u0119 w wodzie lub alkoholu, nie ma smaku i zapachu.<\/p>\n<p>Skutki uboczne metamfetaminy?<\/p>\n<p>Utrata apetytu, podwy\u017cszona temperatura cia\u0142a, ci\u015bnienie krwi, t\u0119tno i rozszerzenie \u017arenic, nieregularne wzorce snu, wymioty, dziwne, nieprzewidywalne i czasami gwa\u0142towne zachowanie, nadpobudliwo\u015b\u0107, dra\u017cliwo\u015b\u0107, halucynacje, strach i szale\u0144stwo to niekt\u00f3re z efekt\u00f3w ubocznych metamfetaminy. Nadmierne dawki mog\u0105 powodowa\u0107 drgawki, konwulsje, a nawet \u015bmier\u0107.<\/p>\n<p>Kup <a href=\"https:\/\/en.wikipedia.org\/wiki\/Methamphetamine\">Kryszta\u0142owa metamfetamina<\/a> Online \u2013 Kup Crystal, Kup Crystal Meth Online, Kup Crystal Pills Online, Gdzie kupi\u0107 Crystal Meth Pills: Online, dostawcy, bezpieczna dostawa, USA, Kanada, Wielka Brytania na sprzeda\u017c, gdzie kupi\u0107 Crystal Meth Pills online, tabletki na sprzeda\u017c i tabletki do kupienia Tabletki Crystal Meth s\u0105 nadal dost\u0119pne. Mo\u017cesz sprawdzi\u0107, czy s\u0105 legalne w Kanadzie, jak z\u0142o\u017cy\u0107 zam\u00f3wienie przez Internet i czy s\u0105 legalne w Stanach Zjednoczonych.<\/p>","protected":false},"excerpt":{"rendered":"<p>Crystal Meth Pills for Sale Online Crystal meth is a stimulant that directly impacts the central nervous system of the human brain. It is a highly addictive drug that has several positive applications. This stimulant is in the list of synthetic stimulants. During World War II, the first crystal meth drug was developed to support &hellip;<\/p>\n<p class=\"read-more\"> <a class=\"\" href=\"https:\/\/legitgrams.com\/pl\/produkt\/pigulki-metamfetaminy\/\"> <span class=\"screen-reader-text\">Pigu\u0142ki metamfetaminy<\/span> Czytaj wi\u0119cej \"<\/a><\/p>","protected":false},"featured_media":5181,"comment_status":"open","ping_status":"closed","template":"","meta":{"_uag_custom_page_level_css":"","site-sidebar-layout":"default","site-content-layout":"default","ast-global-header-display":"","ast-main-header-display":"","ast-hfb-above-header-display":"","ast-hfb-below-header-display":"","ast-hfb-mobile-header-display":"","site-post-title":"","ast-breadcrumbs-content":"","ast-featured-img":"","footer-sml-layout":"","theme-transparent-header-meta":"default","adv-header-id-meta":"","stick-header-meta":"default","header-above-stick-meta":"","header-main-stick-meta":"","header-below-stick-meta":"","_joinchat":[]},"product_brand":[],"product_cat":[595],"product_tag":[2187,2177,617,2169,2184,2168,2172,2171,2179,2170,2182,2189,2190,2188,2180,2185,2181,2176,2174,2186,2183,625,2175,2178,2173],"class_list":{"0":"post-4213","1":"product","2":"type-product","3":"status-publish","4":"has-post-thumbnail","6":"product_cat-psychedelic-drugs","7":"product_tag-best-cheap-price-crystal-meth-pills","8":"product_tag-best-place-to-buy-crystal-meth-pills","9":"product_tag-bulk-online","10":"product_tag-buy-crystal-meth-pills","11":"product_tag-cheap-crystal-meth-pills","12":"product_tag-crystal-meth-pills","13":"product_tag-crystal-meth-pills-crystal-meth-pills-supplier","14":"product_tag-crystal-meth-pills-for-sale","15":"product_tag-crystal-meth-pills-legally","16":"product_tag-crystal-meth-pills-online","17":"product_tag-crystal-meth-pills-store","18":"product_tag-crystal-meth-pills-use","19":"product_tag-crystal-meth-pills-wiki","20":"product_tag-crystal-meth-pills-worldwide","21":"product_tag-crystal-meth-pillsprice","22":"product_tag-crystal-meth-pillss","23":"product_tag-high-quality-crystal-meth-pills","24":"product_tag-how-to-buy-crystal-meth-pills","25":"product_tag-order-crystal-meth-pills","26":"product_tag-purcharse-crystal-meth-pills","27":"product_tag-shop-crystal-meth-pills","28":"product_tag-top-quality","29":"product_tag-where-to-buy-crystal-meth-pills","30":"product_tag-where-to-order-crystal-meth-pills","31":"product_tag-wholesale-crystal-meth-pills","32":"desktop-align-left","33":"tablet-align-left","34":"mobile-align-left","35":"ast-product-gallery-layout-horizontal","36":"ast-product-gallery-with-no-image","37":"ast-product-single-variable","38":"ast-product-tabs-layout-horizontal","39":"ast-qv-on-image","41":"first","42":"instock","43":"shipping-taxable","44":"purchasable","45":"product-type-variable"},"yoast_head":"<!-- This site is optimized with the Yoast SEO plugin v25.9 - https:\/\/yoast.com\/wordpress\/plugins\/seo\/ -->\n<title>Crystal Meth Pills for Sale - Buy Crystal Meth Pills Online<\/title>\n<meta name=\"description\" content=\"Your requirement to buy Crystal Meth Pills online can be fulfilled at our online store as we have Crystal Meth Pills for sale here. Place your order and get affordable deals every day. Order Now!\" \/>\n<meta name=\"robots\" content=\"index, follow, max-snippet:-1, max-image-preview:large, max-video-preview:-1\" \/>\n<link rel=\"canonical\" href=\"https:\/\/legitgrams.com\/pl\/produkt\/pigulki-metamfetaminy\/\" \/>\n<meta property=\"og:locale\" content=\"pl_PL\" \/>\n<meta property=\"og:type\" content=\"article\" \/>\n<meta property=\"og:title\" content=\"Crystal Meth Pills for Sale - Buy Crystal Meth Pills Online\" \/>\n<meta property=\"og:description\" content=\"Your requirement to buy Crystal Meth Pills online can be fulfilled at our online store as we have Crystal Meth Pills for sale here. Place your order and get affordable deals every day. Order Now!\" \/>\n<meta property=\"og:url\" content=\"https:\/\/legitgrams.com\/pl\/produkt\/pigulki-metamfetaminy\/\" \/>\n<meta property=\"og:site_name\" content=\"Legit Grams\" \/>\n<meta property=\"article:modified_time\" content=\"2026-01-08T15:18:32+00:00\" \/>\n<meta property=\"og:image\" content=\"https:\/\/legitgrams.com\/wp-content\/uploads\/2024\/09\/crystal-meth-online.jpg\" \/>\n\t<meta property=\"og:image:width\" content=\"600\" \/>\n\t<meta property=\"og:image:height\" content=\"600\" \/>\n\t<meta property=\"og:image:type\" content=\"image\/jpeg\" \/>\n<meta name=\"twitter:card\" content=\"summary_large_image\" \/>\n<meta name=\"twitter:label1\" content=\"Szacowany czas czytania\" \/>\n\t<meta name=\"twitter:data1\" content=\"3 minuty\" \/>\n<script type=\"application\/ld+json\" class=\"yoast-schema-graph\">{\"@context\":\"https:\/\/schema.org\",\"@graph\":[{\"@type\":\"WebPage\",\"@id\":\"https:\/\/legitgrams.com\/product\/crystal-meth-pills\/\",\"url\":\"https:\/\/legitgrams.com\/product\/crystal-meth-pills\/\",\"name\":\"Crystal Meth Pills for Sale - Buy Crystal Meth Pills Online\",\"isPartOf\":{\"@id\":\"https:\/\/legitgrams.com\/#website\"},\"primaryImageOfPage\":{\"@id\":\"https:\/\/legitgrams.com\/product\/crystal-meth-pills\/#primaryimage\"},\"image\":{\"@id\":\"https:\/\/legitgrams.com\/product\/crystal-meth-pills\/#primaryimage\"},\"thumbnailUrl\":\"https:\/\/legitgrams.com\/wp-content\/uploads\/2024\/09\/crystal-meth-online.jpg\",\"datePublished\":\"2024-09-22T05:40:13+00:00\",\"dateModified\":\"2026-01-08T15:18:32+00:00\",\"description\":\"Your requirement to buy Crystal Meth Pills online can be fulfilled at our online store as we have Crystal Meth Pills for sale here. Place your order and get affordable deals every day. Order Now!\",\"breadcrumb\":{\"@id\":\"https:\/\/legitgrams.com\/product\/crystal-meth-pills\/#breadcrumb\"},\"inLanguage\":\"pl-PL\",\"potentialAction\":[{\"@type\":\"ReadAction\",\"target\":[\"https:\/\/legitgrams.com\/product\/crystal-meth-pills\/\"]}]},{\"@type\":\"ImageObject\",\"inLanguage\":\"pl-PL\",\"@id\":\"https:\/\/legitgrams.com\/product\/crystal-meth-pills\/#primaryimage\",\"url\":\"https:\/\/legitgrams.com\/wp-content\/uploads\/2024\/09\/crystal-meth-online.jpg\",\"contentUrl\":\"https:\/\/legitgrams.com\/wp-content\/uploads\/2024\/09\/crystal-meth-online.jpg\",\"width\":600,\"height\":600,\"caption\":\"Crystal Meth Online Pills for sale\"},{\"@type\":\"BreadcrumbList\",\"@id\":\"https:\/\/legitgrams.com\/product\/crystal-meth-pills\/#breadcrumb\",\"itemListElement\":[{\"@type\":\"ListItem\",\"position\":1,\"name\":\"Home\",\"item\":\"https:\/\/legitgrams.com\/\"},{\"@type\":\"ListItem\",\"position\":2,\"name\":\"Shop\",\"item\":\"https:\/\/legitgrams.com\/shop\/\"},{\"@type\":\"ListItem\",\"position\":3,\"name\":\"Crystal Meth Pills\"}]},{\"@type\":\"WebSite\",\"@id\":\"https:\/\/legitgrams.com\/#website\",\"url\":\"https:\/\/legitgrams.com\/\",\"name\":\"Legit Grams\",\"description\":\"My WordPress Blog\",\"publisher\":{\"@id\":\"https:\/\/legitgrams.com\/#organization\"},\"potentialAction\":[{\"@type\":\"SearchAction\",\"target\":{\"@type\":\"EntryPoint\",\"urlTemplate\":\"https:\/\/legitgrams.com\/?s={search_term_string}\"},\"query-input\":{\"@type\":\"PropertyValueSpecification\",\"valueRequired\":true,\"valueName\":\"search_term_string\"}}],\"inLanguage\":\"pl-PL\"},{\"@type\":\"Organization\",\"@id\":\"https:\/\/legitgrams.com\/#organization\",\"name\":\"Legit Grams\",\"url\":\"https:\/\/legitgrams.com\/\",\"logo\":{\"@type\":\"ImageObject\",\"inLanguage\":\"pl-PL\",\"@id\":\"https:\/\/legitgrams.com\/#\/schema\/logo\/image\/\",\"url\":\"https:\/\/legitgrams.com\/wp-content\/uploads\/2024\/09\/main-logo.png\",\"contentUrl\":\"https:\/\/legitgrams.com\/wp-content\/uploads\/2024\/09\/main-logo.png\",\"width\":270,\"height\":75,\"caption\":\"Legit Grams\"},\"image\":{\"@id\":\"https:\/\/legitgrams.com\/#\/schema\/logo\/image\/\"}}]}<\/script>\n<!-- \/ Yoast SEO plugin. -->","yoast_head_json":{"title":"Pigu\u0142ki metamfetaminy na sprzeda\u017c - Kup pigu\u0142ki metamfetaminy online","description":"Twoje wymagania dotycz\u0105ce zakupu Crystal Meth Pills online mog\u0105 zosta\u0107 spe\u0142nione w naszym sklepie internetowym, poniewa\u017c mamy tutaj Crystal Meth Pills na sprzeda\u017c. Z\u0142\u00f3\u017c zam\u00f3wienie i uzyskaj przyst\u0119pne oferty ka\u017cdego dnia. Zam\u00f3w teraz!","robots":{"index":"index","follow":"follow","max-snippet":"max-snippet:-1","max-image-preview":"max-image-preview:large","max-video-preview":"max-video-preview:-1"},"canonical":"https:\/\/legitgrams.com\/pl\/produkt\/pigulki-metamfetaminy\/","og_locale":"pl_PL","og_type":"article","og_title":"Crystal Meth Pills for Sale - Buy Crystal Meth Pills Online","og_description":"Your requirement to buy Crystal Meth Pills online can be fulfilled at our online store as we have Crystal Meth Pills for sale here. Place your order and get affordable deals every day. Order Now!","og_url":"https:\/\/legitgrams.com\/pl\/produkt\/pigulki-metamfetaminy\/","og_site_name":"Legit Grams","article_modified_time":"2026-01-08T15:18:32+00:00","og_image":[{"width":600,"height":600,"url":"https:\/\/legitgrams.com\/wp-content\/uploads\/2024\/09\/crystal-meth-online.jpg","type":"image\/jpeg"}],"twitter_card":"summary_large_image","twitter_misc":{"Szacowany czas czytania":"3 minuty"},"schema":{"@context":"https:\/\/schema.org","@graph":[{"@type":"WebPage","@id":"https:\/\/legitgrams.com\/product\/crystal-meth-pills\/","url":"https:\/\/legitgrams.com\/product\/crystal-meth-pills\/","name":"Pigu\u0142ki metamfetaminy na sprzeda\u017c - Kup pigu\u0142ki metamfetaminy online","isPartOf":{"@id":"https:\/\/legitgrams.com\/#website"},"primaryImageOfPage":{"@id":"https:\/\/legitgrams.com\/product\/crystal-meth-pills\/#primaryimage"},"image":{"@id":"https:\/\/legitgrams.com\/product\/crystal-meth-pills\/#primaryimage"},"thumbnailUrl":"https:\/\/legitgrams.com\/wp-content\/uploads\/2024\/09\/crystal-meth-online.jpg","datePublished":"2024-09-22T05:40:13+00:00","dateModified":"2026-01-08T15:18:32+00:00","description":"Twoje wymagania dotycz\u0105ce zakupu Crystal Meth Pills online mog\u0105 zosta\u0107 spe\u0142nione w naszym sklepie internetowym, poniewa\u017c mamy tutaj Crystal Meth Pills na sprzeda\u017c. Z\u0142\u00f3\u017c zam\u00f3wienie i uzyskaj przyst\u0119pne oferty ka\u017cdego dnia. Zam\u00f3w teraz!","breadcrumb":{"@id":"https:\/\/legitgrams.com\/product\/crystal-meth-pills\/#breadcrumb"},"inLanguage":"pl-PL","potentialAction":[{"@type":"ReadAction","target":["https:\/\/legitgrams.com\/product\/crystal-meth-pills\/"]}]},{"@type":"ImageObject","inLanguage":"pl-PL","@id":"https:\/\/legitgrams.com\/product\/crystal-meth-pills\/#primaryimage","url":"https:\/\/legitgrams.com\/wp-content\/uploads\/2024\/09\/crystal-meth-online.jpg","contentUrl":"https:\/\/legitgrams.com\/wp-content\/uploads\/2024\/09\/crystal-meth-online.jpg","width":600,"height":600,"caption":"Crystal Meth Online Pills for sale"},{"@type":"BreadcrumbList","@id":"https:\/\/legitgrams.com\/product\/crystal-meth-pills\/#breadcrumb","itemListElement":[{"@type":"ListItem","position":1,"name":"Home","item":"https:\/\/legitgrams.com\/"},{"@type":"ListItem","position":2,"name":"Shop","item":"https:\/\/legitgrams.com\/shop\/"},{"@type":"ListItem","position":3,"name":"Crystal Meth Pills"}]},{"@type":"WebSite","@id":"https:\/\/legitgrams.com\/#website","url":"https:\/\/legitgrams.com\/","name":"Legit Grams","description":"M\u00f3j blog WordPress","publisher":{"@id":"https:\/\/legitgrams.com\/#organization"},"potentialAction":[{"@type":"SearchAction","target":{"@type":"EntryPoint","urlTemplate":"https:\/\/legitgrams.com\/?s={search_term_string}"},"query-input":{"@type":"PropertyValueSpecification","valueRequired":true,"valueName":"search_term_string"}}],"inLanguage":"pl-PL"},{"@type":"Organization","@id":"https:\/\/legitgrams.com\/#organization","name":"Legit Grams","url":"https:\/\/legitgrams.com\/","logo":{"@type":"ImageObject","inLanguage":"pl-PL","@id":"https:\/\/legitgrams.com\/#\/schema\/logo\/image\/","url":"https:\/\/legitgrams.com\/wp-content\/uploads\/2024\/09\/main-logo.png","contentUrl":"https:\/\/legitgrams.com\/wp-content\/uploads\/2024\/09\/main-logo.png","width":270,"height":75,"caption":"Legit Grams"},"image":{"@id":"https:\/\/legitgrams.com\/#\/schema\/logo\/image\/"}}]}},"uagb_featured_image_src":{"full":["https:\/\/legitgrams.com\/wp-content\/uploads\/2024\/09\/crystal-meth-online.jpg",600,600,false],"thumbnail":["https:\/\/legitgrams.com\/wp-content\/uploads\/2024\/09\/crystal-meth-online-150x150.jpg",150,150,true],"medium":["https:\/\/legitgrams.com\/wp-content\/uploads\/2024\/09\/crystal-meth-online-300x300.jpg",300,300,true],"medium_large":["https:\/\/legitgrams.com\/wp-content\/uploads\/2024\/09\/crystal-meth-online.jpg",600,600,false],"large":["https:\/\/legitgrams.com\/wp-content\/uploads\/2024\/09\/crystal-meth-online.jpg",600,600,false],"1536x1536":["https:\/\/legitgrams.com\/wp-content\/uploads\/2024\/09\/crystal-meth-online.jpg",600,600,false],"2048x2048":["https:\/\/legitgrams.com\/wp-content\/uploads\/2024\/09\/crystal-meth-online.jpg",600,600,false],"trp-custom-language-flag":["https:\/\/legitgrams.com\/wp-content\/uploads\/2024\/09\/crystal-meth-online-12x12.jpg",12,12,true],"woocommerce_thumbnail":["https:\/\/legitgrams.com\/wp-content\/uploads\/2024\/09\/crystal-meth-online-300x300.jpg",300,300,true],"woocommerce_single":["https:\/\/legitgrams.com\/wp-content\/uploads\/2024\/09\/crystal-meth-online.jpg",600,600,false],"woocommerce_gallery_thumbnail":["https:\/\/legitgrams.com\/wp-content\/uploads\/2024\/09\/crystal-meth-online-100x100.jpg",100,100,true]},"uagb_author_info":{"display_name":"cokeblog18","author_link":"https:\/\/legitgrams.com\/pl\/author\/"},"uagb_comment_info":2,"uagb_excerpt":"Crystal Meth Pills for Sale Online Crystal meth is a stimulant that directly impacts the central nervous system of the human brain. It is a highly addictive drug that has several positive applications. This stimulant is in the list of synthetic stimulants. During World War II, the first crystal meth drug was developed to support&hellip;","_links":{"self":[{"href":"https:\/\/legitgrams.com\/pl\/wp-json\/wp\/v2\/product\/4213","targetHints":{"allow":["GET"]}}],"collection":[{"href":"https:\/\/legitgrams.com\/pl\/wp-json\/wp\/v2\/product"}],"about":[{"href":"https:\/\/legitgrams.com\/pl\/wp-json\/wp\/v2\/types\/product"}],"replies":[{"embeddable":true,"href":"https:\/\/legitgrams.com\/pl\/wp-json\/wp\/v2\/comments?post=4213"}],"wp:featuredmedia":[{"embeddable":true,"href":"https:\/\/legitgrams.com\/pl\/wp-json\/wp\/v2\/media\/5181"}],"wp:attachment":[{"href":"https:\/\/legitgrams.com\/pl\/wp-json\/wp\/v2\/media?parent=4213"}],"wp:term":[{"taxonomy":"product_brand","embeddable":true,"href":"https:\/\/legitgrams.com\/pl\/wp-json\/wp\/v2\/product_brand?post=4213"},{"taxonomy":"product_cat","embeddable":true,"href":"https:\/\/legitgrams.com\/pl\/wp-json\/wp\/v2\/product_cat?post=4213"},{"taxonomy":"product_tag","embeddable":true,"href":"https:\/\/legitgrams.com\/pl\/wp-json\/wp\/v2\/product_tag?post=4213"}],"curies":[{"name":"wp","href":"https:\/\/api.w.org\/{rel}","templated":true}]}}