{"id":4214,"date":"2024-09-22T05:41:53","date_gmt":"2024-09-22T05:41:53","guid":{"rendered":"https:\/\/legitgrams.com\/?post_type=product&#038;p=4214"},"modified":"2025-04-03T11:28:24","modified_gmt":"2025-04-03T11:28:24","slug":"tani-plynny-lsd","status":"publish","type":"product","link":"https:\/\/legitgrams.com\/pl\/produkt\/tani-plynny-lsd\/","title":{"rendered":"Kup tanio p\u0142ynne LSD online"},"content":{"rendered":"<h2>Tani p\u0142ynny LSD do kupienia<\/h2>\n<p>Acid to szczep nazwany na cze\u015b\u0107 nieco silniejszego narkotyku, podobnego do <a href=\"https:\/\/www.bing.com\/search?q=KuptaniopynneLSDonline&amp;qs=n&amp;form=QBRE&amp;sp=-1&amp;lq=0&amp;pq=kuptaniopynnelsdonline&amp;sc=0-27&amp;sk=&amp;cvid=A0AC70FD1C2F4ADCA1957A81AAC20F93&amp;ghsh=0&amp;ghacc=0&amp;ghpl=\">Zielony Crack<\/a> (which is not to be confused with <a href=\"https:\/\/en.wikipedia.org\/wiki\/LSD\">LSD<\/a>). Bior\u0105c wszystko pod uwag\u0119, Acid jest mocny, oferuj\u0105c zar\u00f3wno myl\u0105cy zapach, jak i zr\u00f3wnowa\u017cone efekty. Acid powstaje z genetyki najpopularniejszego w okolicy New York Sour Diesel i jest produkowany przez Paradise Seeds, t\u0119 sam\u0105 firm\u0119, kt\u00f3ra da\u0142a nam Delahaze i Sensi Star. Ze wzgl\u0119du na sw\u00f3j urok zaj\u0105\u0142 trzecie miejsce w kategorii Najlepszy Kwiat Uprawiany w Pomieszczeniach w Hiszpanii w 2016 roku w Copa THC Valencia. Wed\u0142ug szacunk\u00f3w, Corrosive zawiera od 16% do 23% THC.<\/p>\n<p>Corrosive ol\u015bniewa szacowanymi kwiatami, kt\u00f3rych wielko\u015b\u0107 waha si\u0119 od \u015bredniej do ogromnej i utrzymuje przegubow\u0105 struktur\u0119 przypominaj\u0105c\u0105 \u0142opat\u0119, jak miniaturowe wersje typowych choinek, kt\u00f3re staj\u0105 si\u0119 cia\u015bniejsze od szerokiej, zaokr\u0105glonej podstawy z ostrym czubkiem. \u015acis\u0142a, gruba struktura tych p\u0105k\u00f3w wyra\u017anie wskazuje, \u017ce s\u0105 to g\u0142\u00f3wnie indica. Li\u015bcie s\u0105 przeplatane s\u0142upkami w kolorze ziemi i maj\u0105 przero\u015bni\u0119ty, matowozielony odcie\u0144, ciasno skr\u0119cony do wewn\u0105trz w kierunku ich \u015brodkowych \u0142odyg. Na koniec, zewn\u0119trzna i wewn\u0119trzna powierzchnia kwiat\u00f3w Acid jest pokryta b\u0142yszcz\u0105cymi bia\u0142ymi trichomami. Silny efekt Acid przypisuje si\u0119 tym trichomom, kt\u00f3re r\u00f3wnie\u017c sprawiaj\u0105, \u017ce niezwykle trudno jest oddzieli\u0107 p\u0105ki bez procesora.<\/p>\n<p>Acid niew\u0105tpliwie pachnie lekko kwa\u015bno w odpowiednim momencie, z ostrym cytrusowym smakiem. Ponadto wyst\u0119puj\u0105 pi\u017cmowe, ziemiste podtony, kt\u00f3re przypominaj\u0105 wilgotny brud i kadzid\u0142o. Oddzielenie lub zmielenie tych ci\u0119\u017ckich bry\u0142ek podczas oczekiwania uwalnia dobrze znan\u0105 i agresywn\u0105 odmian\u0119 macierzyst\u0105 New York Tannic gas exhaust jest \u017ar\u00f3d\u0142em kwa\u015bnego oleju nap\u0119dowego. <a href=\"https:\/\/www.google.com\/search?q=Buy+Cheap+Liquid+LSD+Online&amp;num=10&amp;sca_esv=1a2a07081c7891bb&amp;rlz=1C1RXQR_enIN1098IN1098&amp;sxsrf=AHTn8zqh1zJy4rS6yMm0-ReR-8i-f2LMGg%3A1741771896069&amp;ei=eFTRZ8r2A8zE4-EPhLbS6Ac&amp;ved=0ahUKEwjKkpT5nYSMAxVM4jgGHQSbFH0Q4dUDCBA&amp;uact=5&amp;oq=Buy+Cheap+Liquid+LSD+Online&amp;gs_lp=Egxnd3Mtd2l6LXNlcnAiG0J1eSBDaGVhcCBMaXF1aWQgTFNEIE9ubGluZUjyBVCJA1iJA3ACeACQAQCYAfkBoAH5AaoBAzItMbgBA8gBAPgBAvgBAZgCAKACAJgDAIgGAZIHAKAHTw&amp;sclient=gws-wiz-serp\">Acid<\/a> produces a nice, smooth smoke that is easy to inhale when it ignites in a line or joint. This heavy smoke loses its diesel and lemon notes as it is exhaled.<\/p>\n<p>Wra\u017cenie palacza na temat jego zewn\u0119trznych ulepsze\u0144 jest zniekszta\u0142cone przez stopniowe narastanie haju Corrosive. Pewne d\u017awi\u0119ki, jakby by\u0142y wytwarzane w komorze pog\u0142osowej, mog\u0105 by\u0107 wzmacniane. \u017bywe o\u015bwietlenie i charakterystyczne tony mog\u0105 r\u00f3wnie\u017c zyska\u0107 wi\u0119ksz\u0105 si\u0142\u0119 przyci\u0105gania. Bardziej intensywne cuda psychodeliczne, takie jak wewn\u0119trzne skr\u0119ty cia\u0142a i namacalne poczucie wyd\u0142u\u017cenia czasu, zaczynaj\u0105 si\u0119 manifestowa\u0107, gdy te namacalne efekty osi\u0105gaj\u0105 punkt kulminacyjny. W ko\u0144cu palacze mog\u0105 wyczu\u0107 celowy ci\u0119\u017car otaczaj\u0105cy ich narz\u0105dy limfatyczne i skronie, a tak\u017ce niewielki wzrost wydzielania \u015bliny. Fale rozpl\u0105tywania si\u0119 formuj\u0105 si\u0119 z tych dreszczy, przesuwaj\u0105c si\u0119 w d\u00f3\u0142 plec\u00f3w i na zewn\u0105trz do \u015brodka i ko\u0144czyn. Chocia\u017c te uspokajaj\u0105ce efekty mog\u0105 nie ca\u0142kowicie unieruchomi\u0107 jednostki, mog\u0105 zach\u0119ci\u0107 je do odpr\u0119\u017cenia si\u0119 w mo\u017cliwie najbardziej komfortowym otoczeniu.<\/p>\n<p>Innym objawem \u017cr\u0105cego haju jest stan psychiczny, w kt\u00f3rym palacz mo\u017ce przywi\u0105zywa\u0107 si\u0119 do dziwnych idei lub my\u015bli, uznaj\u0105c je za bardziej fascynuj\u0105ce ni\u017c s\u0105 w rzeczywisto\u015bci. Takie otwarte my\u015blenie mo\u017ce by\u0107 u\u017cyteczn\u0105 strategi\u0105 rozwi\u0105zywania pewnych zada\u0144 w pracy lub opracowywania oryginalnych odpowiedzi na trudne problemy. Psychologiczne efekty kwasu staj\u0105 si\u0119 bardziej niezwyk\u0142e ni\u017c widoczne z czasem lub w miar\u0119 przed\u0142u\u017cania si\u0119 pomiaru, neguj\u0105c jak\u0105kolwiek wcze\u015bniejsz\u0105 skuteczno\u015b\u0107 i bezcelowo\u015b\u0107. Ten szczep najlepiej smakuje p\u00f3\u017anym wieczorem lub w nocy ze wzgl\u0119du na jego powolny spadek mocy. <a href=\"https:\/\/legitgrams.com\/pl\/\">LegitGrams<\/a><\/p>\n<p>Kup LSD, kwas, p\u0142ynne LSD 200 ug\/kropl\u0119, p\u0142ynny kwas LSD, sklep z p\u0142ynnym LSD, p\u0142ynne LSD online i produkty z p\u0142ynnym LSD online.<\/p>\n<p><a href=\"https:\/\/legitgrams.com\/pl\/produkt\/tani-plynny-lsd\/\">Kupno taniego p\u0142ynnego LSD<\/a> Online: Kup LSD, Kup tanie p\u0142ynne LSD, Kup p\u0142ynne LSD online, Gdzie kupi\u0107 tanie LSD online, Tanie LSD na sprzeda\u017c i Tanie p\u0142ynne LSD Gdzie kupi\u0107 tanie p\u0142ynne LSD, Tanie p\u0142ynne LSD na sprzeda\u017c w USA, Kanadzie i Wielkiej Brytanii, Kup online, Dostawcy, Bezpieczna dostawa, Jak zam\u00f3wi\u0107 tanie p\u0142ynne LSD jest nadal mo\u017cliwe. Czy tanie p\u0142ynne LSD ma status prawny w Kanadzie? LSD jest legalne w Stanach Zjednoczonych, <a href=\"https:\/\/duckduckgo.com\/?q=Kup+tanio+pynne+LSD+online&amp;t=h_\">Kup tanio p\u0142ynne LSD online<\/a> w Stanach Zjednoczonych.<\/p>","protected":false},"excerpt":{"rendered":"<p>Low-Cost Liquid LSD for Purchase Acid is a strain named after a little more potent narcotic, much like Green Crack (which is not to be confused with LSD). All things considered, Acid is strong, offering both a confusing smell and counterbalanced effects. Acid is made from the genetics of the most well-liked New York Sour &hellip;<\/p>\n<p class=\"read-more\"> <a class=\"\" href=\"https:\/\/legitgrams.com\/pl\/produkt\/tani-plynny-lsd\/\"> <span class=\"screen-reader-text\">Kup tanio p\u0142ynne LSD online<\/span> Czytaj wi\u0119cej \"<\/a><\/p>","protected":false},"featured_media":5179,"comment_status":"open","ping_status":"closed","template":"","meta":{"_uag_custom_page_level_css":"","site-sidebar-layout":"default","site-content-layout":"default","ast-global-header-display":"","ast-main-header-display":"","ast-hfb-above-header-display":"","ast-hfb-below-header-display":"","ast-hfb-mobile-header-display":"","site-post-title":"","ast-breadcrumbs-content":"","ast-featured-img":"","footer-sml-layout":"","theme-transparent-header-meta":"default","adv-header-id-meta":"","stick-header-meta":"default","header-above-stick-meta":"","header-main-stick-meta":"","header-below-stick-meta":"","_joinchat":[]},"product_brand":[],"product_cat":[595],"product_tag":[2164,2154,617,2146,2161,2145,2149,2148,2156,2147,2159,2166,2167,2165,2157,2162,2158,2153,2151,2163,2160,625,2152,2155,2150],"class_list":{"0":"post-4214","1":"product","2":"type-product","3":"status-publish","4":"has-post-thumbnail","6":"product_cat-psychedelic-drugs","7":"product_tag-best-cheap-price-cheap-liquid-lsd","8":"product_tag-best-place-to-buy-cheap-liquid-lsd","9":"product_tag-bulk-online","10":"product_tag-buy-cheap-liquid-lsd","11":"product_tag-cheap-cheap-liquid-lsd","12":"product_tag-cheap-liquid-lsd","13":"product_tag-cheap-liquid-lsd-cheap-liquid-lsd-supplier","14":"product_tag-cheap-liquid-lsd-for-sale","15":"product_tag-cheap-liquid-lsd-legally","16":"product_tag-cheap-liquid-lsd-online","17":"product_tag-cheap-liquid-lsd-store","18":"product_tag-cheap-liquid-lsd-use","19":"product_tag-cheap-liquid-lsd-wiki","20":"product_tag-cheap-liquid-lsd-worldwide","21":"product_tag-cheap-liquid-lsdprice","22":"product_tag-cheap-liquid-lsds","23":"product_tag-high-quality-cheap-liquid-lsd","24":"product_tag-how-to-buy-cheap-liquid-lsd","25":"product_tag-order-cheap-liquid-lsd","26":"product_tag-purcharse-cheap-liquid-lsd","27":"product_tag-shop-cheap-liquid-lsd","28":"product_tag-top-quality","29":"product_tag-where-to-buy-cheap-liquid-lsd","30":"product_tag-where-to-order-cheap-liquid-lsd","31":"product_tag-wholesale-cheap-liquid-lsd","32":"desktop-align-left","33":"tablet-align-left","34":"mobile-align-left","35":"ast-product-gallery-layout-horizontal","36":"ast-product-gallery-with-no-image","37":"ast-product-single-variable","38":"ast-product-tabs-layout-horizontal","39":"ast-qv-on-image","41":"first","42":"instock","43":"shipping-taxable","44":"purchasable","45":"product-type-variable"},"yoast_head":"<!-- This site is optimized with the Yoast SEO plugin v25.9 - https:\/\/yoast.com\/wordpress\/plugins\/seo\/ -->\n<title>Liquid LSD for Sale - Buy Liquid LSD Online at Best Price<\/title>\n<meta name=\"description\" content=\"Looking to Buy Liquid LSD Online? Discover a seamless platform at our online store where you can buy Liquid LSD , ensuring top-grade quality for your research needs.\" \/>\n<meta name=\"robots\" content=\"index, follow, max-snippet:-1, max-image-preview:large, max-video-preview:-1\" \/>\n<link rel=\"canonical\" href=\"https:\/\/legitgrams.com\/pl\/produkt\/tani-plynny-lsd\/\" \/>\n<meta property=\"og:locale\" content=\"pl_PL\" \/>\n<meta property=\"og:type\" content=\"article\" \/>\n<meta property=\"og:title\" content=\"Liquid LSD for Sale - Buy Liquid LSD Online at Best Price\" \/>\n<meta property=\"og:description\" content=\"Looking to Buy Liquid LSD Online? Discover a seamless platform at our online store where you can buy Liquid LSD , ensuring top-grade quality for your research needs.\" \/>\n<meta property=\"og:url\" content=\"https:\/\/legitgrams.com\/pl\/produkt\/tani-plynny-lsd\/\" \/>\n<meta property=\"og:site_name\" content=\"Legit Grams\" \/>\n<meta property=\"article:modified_time\" content=\"2025-04-03T11:28:24+00:00\" \/>\n<meta property=\"og:image\" content=\"https:\/\/legitgrams.com\/wp-content\/uploads\/2024\/09\/buy-cheap-liquid-lsd-online.jpg\" \/>\n\t<meta property=\"og:image:width\" content=\"600\" \/>\n\t<meta property=\"og:image:height\" content=\"600\" \/>\n\t<meta property=\"og:image:type\" content=\"image\/jpeg\" \/>\n<meta name=\"twitter:card\" content=\"summary_large_image\" \/>\n<meta name=\"twitter:label1\" content=\"Szacowany czas czytania\" \/>\n\t<meta name=\"twitter:data1\" content=\"3 minuty\" \/>\n<script type=\"application\/ld+json\" class=\"yoast-schema-graph\">{\"@context\":\"https:\/\/schema.org\",\"@graph\":[{\"@type\":\"WebPage\",\"@id\":\"https:\/\/legitgrams.com\/product\/cheap-liquid-lsd\/\",\"url\":\"https:\/\/legitgrams.com\/product\/cheap-liquid-lsd\/\",\"name\":\"Liquid LSD for Sale - Buy Liquid LSD Online at Best Price\",\"isPartOf\":{\"@id\":\"https:\/\/legitgrams.com\/#website\"},\"primaryImageOfPage\":{\"@id\":\"https:\/\/legitgrams.com\/product\/cheap-liquid-lsd\/#primaryimage\"},\"image\":{\"@id\":\"https:\/\/legitgrams.com\/product\/cheap-liquid-lsd\/#primaryimage\"},\"thumbnailUrl\":\"https:\/\/legitgrams.com\/wp-content\/uploads\/2024\/09\/buy-cheap-liquid-lsd-online.jpg\",\"datePublished\":\"2024-09-22T05:41:53+00:00\",\"dateModified\":\"2025-04-03T11:28:24+00:00\",\"description\":\"Looking to Buy Liquid LSD Online? Discover a seamless platform at our online store where you can buy Liquid LSD , ensuring top-grade quality for your research needs.\",\"breadcrumb\":{\"@id\":\"https:\/\/legitgrams.com\/product\/cheap-liquid-lsd\/#breadcrumb\"},\"inLanguage\":\"pl-PL\",\"potentialAction\":[{\"@type\":\"ReadAction\",\"target\":[\"https:\/\/legitgrams.com\/product\/cheap-liquid-lsd\/\"]}]},{\"@type\":\"ImageObject\",\"inLanguage\":\"pl-PL\",\"@id\":\"https:\/\/legitgrams.com\/product\/cheap-liquid-lsd\/#primaryimage\",\"url\":\"https:\/\/legitgrams.com\/wp-content\/uploads\/2024\/09\/buy-cheap-liquid-lsd-online.jpg\",\"contentUrl\":\"https:\/\/legitgrams.com\/wp-content\/uploads\/2024\/09\/buy-cheap-liquid-lsd-online.jpg\",\"width\":600,\"height\":600,\"caption\":\"Cheap Liquid LSD for Sale\"},{\"@type\":\"BreadcrumbList\",\"@id\":\"https:\/\/legitgrams.com\/product\/cheap-liquid-lsd\/#breadcrumb\",\"itemListElement\":[{\"@type\":\"ListItem\",\"position\":1,\"name\":\"Home\",\"item\":\"https:\/\/legitgrams.com\/\"},{\"@type\":\"ListItem\",\"position\":2,\"name\":\"Shop\",\"item\":\"https:\/\/legitgrams.com\/shop\/\"},{\"@type\":\"ListItem\",\"position\":3,\"name\":\"Buy Cheap Liquid LSD Online\"}]},{\"@type\":\"WebSite\",\"@id\":\"https:\/\/legitgrams.com\/#website\",\"url\":\"https:\/\/legitgrams.com\/\",\"name\":\"Legit Grams\",\"description\":\"My WordPress Blog\",\"publisher\":{\"@id\":\"https:\/\/legitgrams.com\/#organization\"},\"potentialAction\":[{\"@type\":\"SearchAction\",\"target\":{\"@type\":\"EntryPoint\",\"urlTemplate\":\"https:\/\/legitgrams.com\/?s={search_term_string}\"},\"query-input\":{\"@type\":\"PropertyValueSpecification\",\"valueRequired\":true,\"valueName\":\"search_term_string\"}}],\"inLanguage\":\"pl-PL\"},{\"@type\":\"Organization\",\"@id\":\"https:\/\/legitgrams.com\/#organization\",\"name\":\"Legit Grams\",\"url\":\"https:\/\/legitgrams.com\/\",\"logo\":{\"@type\":\"ImageObject\",\"inLanguage\":\"pl-PL\",\"@id\":\"https:\/\/legitgrams.com\/#\/schema\/logo\/image\/\",\"url\":\"https:\/\/legitgrams.com\/wp-content\/uploads\/2024\/09\/main-logo.png\",\"contentUrl\":\"https:\/\/legitgrams.com\/wp-content\/uploads\/2024\/09\/main-logo.png\",\"width\":270,\"height\":75,\"caption\":\"Legit Grams\"},\"image\":{\"@id\":\"https:\/\/legitgrams.com\/#\/schema\/logo\/image\/\"}}]}<\/script>\n<!-- \/ Yoast SEO plugin. -->","yoast_head_json":{"title":"Liquid LSD na sprzeda\u017c - Kup Liquid LSD online w najlepszej cenie","description":"Chcesz kupi\u0107 Liquid LSD online? Odkryj bezproblemow\u0105 platform\u0119 w naszym sklepie internetowym, gdzie mo\u017cesz kupi\u0107 Liquid LSD, zapewniaj\u0105c najwy\u017csz\u0105 jako\u015b\u0107 dla swoich potrzeb badawczych.","robots":{"index":"index","follow":"follow","max-snippet":"max-snippet:-1","max-image-preview":"max-image-preview:large","max-video-preview":"max-video-preview:-1"},"canonical":"https:\/\/legitgrams.com\/pl\/produkt\/tani-plynny-lsd\/","og_locale":"pl_PL","og_type":"article","og_title":"Liquid LSD for Sale - Buy Liquid LSD Online at Best Price","og_description":"Looking to Buy Liquid LSD Online? Discover a seamless platform at our online store where you can buy Liquid LSD , ensuring top-grade quality for your research needs.","og_url":"https:\/\/legitgrams.com\/pl\/produkt\/tani-plynny-lsd\/","og_site_name":"Legit Grams","article_modified_time":"2025-04-03T11:28:24+00:00","og_image":[{"width":600,"height":600,"url":"https:\/\/legitgrams.com\/wp-content\/uploads\/2024\/09\/buy-cheap-liquid-lsd-online.jpg","type":"image\/jpeg"}],"twitter_card":"summary_large_image","twitter_misc":{"Szacowany czas czytania":"3 minuty"},"schema":{"@context":"https:\/\/schema.org","@graph":[{"@type":"WebPage","@id":"https:\/\/legitgrams.com\/product\/cheap-liquid-lsd\/","url":"https:\/\/legitgrams.com\/product\/cheap-liquid-lsd\/","name":"Liquid LSD na sprzeda\u017c - Kup Liquid LSD online w najlepszej cenie","isPartOf":{"@id":"https:\/\/legitgrams.com\/#website"},"primaryImageOfPage":{"@id":"https:\/\/legitgrams.com\/product\/cheap-liquid-lsd\/#primaryimage"},"image":{"@id":"https:\/\/legitgrams.com\/product\/cheap-liquid-lsd\/#primaryimage"},"thumbnailUrl":"https:\/\/legitgrams.com\/wp-content\/uploads\/2024\/09\/buy-cheap-liquid-lsd-online.jpg","datePublished":"2024-09-22T05:41:53+00:00","dateModified":"2025-04-03T11:28:24+00:00","description":"Chcesz kupi\u0107 Liquid LSD online? Odkryj bezproblemow\u0105 platform\u0119 w naszym sklepie internetowym, gdzie mo\u017cesz kupi\u0107 Liquid LSD, zapewniaj\u0105c najwy\u017csz\u0105 jako\u015b\u0107 dla swoich potrzeb badawczych.","breadcrumb":{"@id":"https:\/\/legitgrams.com\/product\/cheap-liquid-lsd\/#breadcrumb"},"inLanguage":"pl-PL","potentialAction":[{"@type":"ReadAction","target":["https:\/\/legitgrams.com\/product\/cheap-liquid-lsd\/"]}]},{"@type":"ImageObject","inLanguage":"pl-PL","@id":"https:\/\/legitgrams.com\/product\/cheap-liquid-lsd\/#primaryimage","url":"https:\/\/legitgrams.com\/wp-content\/uploads\/2024\/09\/buy-cheap-liquid-lsd-online.jpg","contentUrl":"https:\/\/legitgrams.com\/wp-content\/uploads\/2024\/09\/buy-cheap-liquid-lsd-online.jpg","width":600,"height":600,"caption":"Cheap Liquid LSD for Sale"},{"@type":"BreadcrumbList","@id":"https:\/\/legitgrams.com\/product\/cheap-liquid-lsd\/#breadcrumb","itemListElement":[{"@type":"ListItem","position":1,"name":"Home","item":"https:\/\/legitgrams.com\/"},{"@type":"ListItem","position":2,"name":"Shop","item":"https:\/\/legitgrams.com\/shop\/"},{"@type":"ListItem","position":3,"name":"Buy Cheap Liquid LSD Online"}]},{"@type":"WebSite","@id":"https:\/\/legitgrams.com\/#website","url":"https:\/\/legitgrams.com\/","name":"Legit Grams","description":"M\u00f3j blog WordPress","publisher":{"@id":"https:\/\/legitgrams.com\/#organization"},"potentialAction":[{"@type":"SearchAction","target":{"@type":"EntryPoint","urlTemplate":"https:\/\/legitgrams.com\/?s={search_term_string}"},"query-input":{"@type":"PropertyValueSpecification","valueRequired":true,"valueName":"search_term_string"}}],"inLanguage":"pl-PL"},{"@type":"Organization","@id":"https:\/\/legitgrams.com\/#organization","name":"Legit Grams","url":"https:\/\/legitgrams.com\/","logo":{"@type":"ImageObject","inLanguage":"pl-PL","@id":"https:\/\/legitgrams.com\/#\/schema\/logo\/image\/","url":"https:\/\/legitgrams.com\/wp-content\/uploads\/2024\/09\/main-logo.png","contentUrl":"https:\/\/legitgrams.com\/wp-content\/uploads\/2024\/09\/main-logo.png","width":270,"height":75,"caption":"Legit Grams"},"image":{"@id":"https:\/\/legitgrams.com\/#\/schema\/logo\/image\/"}}]}},"uagb_featured_image_src":{"full":["https:\/\/legitgrams.com\/wp-content\/uploads\/2024\/09\/buy-cheap-liquid-lsd-online.jpg",600,600,false],"thumbnail":["https:\/\/legitgrams.com\/wp-content\/uploads\/2024\/09\/buy-cheap-liquid-lsd-online-150x150.jpg",150,150,true],"medium":["https:\/\/legitgrams.com\/wp-content\/uploads\/2024\/09\/buy-cheap-liquid-lsd-online-300x300.jpg",300,300,true],"medium_large":["https:\/\/legitgrams.com\/wp-content\/uploads\/2024\/09\/buy-cheap-liquid-lsd-online.jpg",600,600,false],"large":["https:\/\/legitgrams.com\/wp-content\/uploads\/2024\/09\/buy-cheap-liquid-lsd-online.jpg",600,600,false],"1536x1536":["https:\/\/legitgrams.com\/wp-content\/uploads\/2024\/09\/buy-cheap-liquid-lsd-online.jpg",600,600,false],"2048x2048":["https:\/\/legitgrams.com\/wp-content\/uploads\/2024\/09\/buy-cheap-liquid-lsd-online.jpg",600,600,false],"trp-custom-language-flag":["https:\/\/legitgrams.com\/wp-content\/uploads\/2024\/09\/buy-cheap-liquid-lsd-online-12x12.jpg",12,12,true],"woocommerce_thumbnail":["https:\/\/legitgrams.com\/wp-content\/uploads\/2024\/09\/buy-cheap-liquid-lsd-online-300x300.jpg",300,300,true],"woocommerce_single":["https:\/\/legitgrams.com\/wp-content\/uploads\/2024\/09\/buy-cheap-liquid-lsd-online.jpg",600,600,false],"woocommerce_gallery_thumbnail":["https:\/\/legitgrams.com\/wp-content\/uploads\/2024\/09\/buy-cheap-liquid-lsd-online-100x100.jpg",100,100,true]},"uagb_author_info":{"display_name":"cokeblog18","author_link":"https:\/\/legitgrams.com\/pl\/author\/"},"uagb_comment_info":0,"uagb_excerpt":"Low-Cost Liquid LSD for Purchase Acid is a strain named after a little more potent narcotic, much like Green Crack (which is not to be confused with LSD). All things considered, Acid is strong, offering both a confusing smell and counterbalanced effects. Acid is made from the genetics of the most well-liked New York Sour&hellip;","_links":{"self":[{"href":"https:\/\/legitgrams.com\/pl\/wp-json\/wp\/v2\/product\/4214","targetHints":{"allow":["GET"]}}],"collection":[{"href":"https:\/\/legitgrams.com\/pl\/wp-json\/wp\/v2\/product"}],"about":[{"href":"https:\/\/legitgrams.com\/pl\/wp-json\/wp\/v2\/types\/product"}],"replies":[{"embeddable":true,"href":"https:\/\/legitgrams.com\/pl\/wp-json\/wp\/v2\/comments?post=4214"}],"wp:featuredmedia":[{"embeddable":true,"href":"https:\/\/legitgrams.com\/pl\/wp-json\/wp\/v2\/media\/5179"}],"wp:attachment":[{"href":"https:\/\/legitgrams.com\/pl\/wp-json\/wp\/v2\/media?parent=4214"}],"wp:term":[{"taxonomy":"product_brand","embeddable":true,"href":"https:\/\/legitgrams.com\/pl\/wp-json\/wp\/v2\/product_brand?post=4214"},{"taxonomy":"product_cat","embeddable":true,"href":"https:\/\/legitgrams.com\/pl\/wp-json\/wp\/v2\/product_cat?post=4214"},{"taxonomy":"product_tag","embeddable":true,"href":"https:\/\/legitgrams.com\/pl\/wp-json\/wp\/v2\/product_tag?post=4214"}],"curies":[{"name":"wp","href":"https:\/\/api.w.org\/{rel}","templated":true}]}}