{"id":4218,"date":"2024-09-22T06:05:19","date_gmt":"2024-09-22T06:05:19","guid":{"rendered":"https:\/\/legitgrams.com\/?post_type=product&#038;p=4218"},"modified":"2025-04-03T10:49:23","modified_gmt":"2025-04-03T10:49:23","slug":"psilocybe-azurescens","status":"publish","type":"product","link":"https:\/\/legitgrams.com\/pl\/produkt\/psilocybe-azurescens\/","title":{"rendered":"Kup Psilocybe Azurescens online"},"content":{"rendered":"<h2>Kup Psilocybe Azurescens online<\/h2>\n<h3>Na sprzeda\u017c: Psilocybe Azurescens<\/h3>\n<p>W\u015br\u00f3d 180 gatunk\u00f3w grzyb\u00f3w z rodzaju Psilocybe, <a href=\"https:\/\/legitgrams.com\/pl\/produkt\/psilocybe-azurescens\/\">Psilocybe Azurescens<\/a> grows in a variety of habitats. Other names for <a href=\"https:\/\/www.bing.com\/search?q=KupPsilocybeAzurescensonline&amp;qs=n&amp;form=QBRE&amp;sp=-1&amp;ghc=1&amp;lq=0&amp;pq=kuppsilocybeazurescensonline&amp;sc=12-31&amp;sk=&amp;cvid=7F88922FC51E4487A7FDF0978C4CBFF9&amp;ghsh=0&amp;ghacc=0&amp;ghpl=\">Psilocybe<\/a> Do odmian Azurscens zaliczaj\u0105 si\u0119 Flying Saucers, Indigo Psilocybe, Azzies i Blue Angels.<\/p>\n<p>Od czasu pocz\u0105tkowego odkrycia w 1979 roku, naukowcy opublikowali wiele artyku\u0142\u00f3w na ten temat. Na przyk\u0142ad Paul Stamets nazwa\u0142 gatunek Azurescens w swojej ksi\u0105\u017cce z 1996 roku \"Grzyby psilocybinowe \u015bwiata\". Termin Azurescens pochodzi od przybli\u017conego t\u0142umaczenia lazurowego lub niebieskiego koloru grzyba.<\/p>\n<p>Grzyb zawiera 1.8% psylocybiny, 0.5% psylocyny i 0.4% baeocystyny. Jest to najpot\u0119\u017cniejszy gatunek w syntezie tryptaminy. Gatunek ten, na przyk\u0142ad, ma trzykrotnie wi\u0119ksz\u0105 moc ni\u017c <a href=\"https:\/\/en.wikipedia.org\/wiki\/Psilocybe_cubensis\">Psilocybe Cubensis<\/a> i Cyanscens psilocybe.<\/p>\n<p>Dok\u0142adniejsze zbadanie tego grzyba ujawnia unikalne, niespotykane cechy. W\u015br\u00f3d atrybut\u00f3w s\u0105 nast\u0119puj\u0105ce:<\/p>\n<p>Zarodniki: Grzyb ten ma dwie r\u00f3\u017cne odmiany kolorystyczne zarodnik\u00f3w: ciemnofioletowo-br\u0105zow\u0105 i fioletowo-czarn\u0105. R\u00f3\u017cni\u0105 si\u0119 one od innych grzyb\u00f3w z tego samego rodzaju ze wzgl\u0119du na sw\u00f3j elipsoidalny kszta\u0142t. <a href=\"https:\/\/legitgrams.com\/pl\/\">LegitGrams<\/a><\/p>\n<p>Pileus: Termin \u201epileus\u201d odnosi si\u0119 do sto\u017ckowatego lub wypuk\u0142ego kszta\u0142tu kapeluszy grzyb\u00f3w. Gdy pileus jest m\u0142ody, przybiera br\u0105zowy lub karmelowy kolor. Jednak gdy grzyby zaczynaj\u0105 blakn\u0105\u0107, g\u0142\u0119boki, ciemny obszar miejsca staje si\u0119 jasnos\u0142omkowy, a\u017c do ca\u0142kowitego wyschni\u0119cia.<\/p>\n<p>Zakrzywiony trzon grzyba, kt\u00f3ry pogrubia si\u0119 w pobli\u017cu podstawy, nazywany jest trzonem. Zwi\u0119kszona zawarto\u015b\u0107 indolu powoduje, \u017ce g\u0142adki bia\u0142y trzon staje si\u0119 niebiesko-indygo.<\/p>\n<p>Blaszki: Blaszki grzyba to inna nazwa tych dwupoziomowych struktur. Gdy blaszka jest \u015bwie\u017ca, przybiera karmelowy lub kasztanowobr\u0105zowy kolor.<\/p>\n<h3>Opis grzyba magicznego Psilocybe Azurescens<\/h3>\n<p><a href=\"https:\/\/www.google.com\/search?q=Kup+Psilocybe+Azurescens+online&amp;sca_esv=eddefdb7b92e7545&amp;sxsrf=AHTn8zoBVIi6PVVDmEq8wCpZ7v_zwrhQrA1743678364657&amp;ei=nGvuZ-3sJ73P0PEPiuSYoQc&amp;ved=0ahUKEwjtqpyM3LuMAxW9JzQIHQoyJnQQ4dUDCBA&amp;uact=5&amp;oq=Kup+Psilocybe+Azurescens+online&amp;gs_lp=Egxnd3Mtd2l6LXNlcnAiH0t1cCBQc2lsb2N5YmUgQXp1cmVzY2VucyBvbmxpbmUyBRAhGKABMgUQIRigAUjWBFAAWABwAHgAkAEAmAH-AqAB_gKqAQMzLTG4AQPIAQD4AQL4AQGYAgGgAoIDmAMAkgcDMy0xoAe7ArIHAzMtMbgHggM&amp;sclient=gws-wiz-serp\">\u0141ysiczka azurescens<\/a> nale\u017cy do 180-gatunkowego rodzaju Psilocybe, jak wspomniano wcze\u015bniej. R\u00f3\u017cne gatunki wykorzystuj\u0105 r\u00f3\u017cne siedliska o zr\u00f3\u017cnicowanym poziomie wilgotno\u015bci do rozwoju. Ten konkretny gatunek, na przyk\u0142ad, dobrze ro\u015bnie na zewn\u0105trz.<\/p>\n<p>Aby do\u015bwiadczy\u0107 pe\u0142nych efekt\u00f3w grzyba, potrzebujesz wyj\u0105tkowo silnych biochemikali\u00f3w psylocybiny, baeocystyny \u200b\u200bi psylocyny. Psilocybe Cubensis i <a href=\"https:\/\/duckduckgo.com\/?q=Kup+Psilocybe+Azurescens+online&amp;t=h_\">Psilocybe Cyanescens<\/a> to dwa kolejne cenne gatunki wyst\u0119puj\u0105ce w tym rodzaju. W p\u00f3\u0142nocno-zachodniej cz\u0119\u015bci Pacyfiku w Stanach Zjednoczonych grzyb ten jest bardzo popularny.<\/p>\n<p>Harcerze wprowadzili tego grzyba w 1979 roku. Identyfikacja tego grzyba rozpocz\u0119\u0142a si\u0119 w 1979 roku, kiedy harcerze znale\u017ali go w Oregonie. Po dalszych badaniach naukowcy odkryli, \u017ce te grzyby maj\u0105 w\u0142a\u015bciwo\u015bci psychoaktywne. Paul Stamets zmieni\u0142 nazw\u0119 na Psilocybe Azurescens w 1996 roku. Niebieski odcie\u0144 trzonu by\u0142 g\u0142\u00f3wnym tematem Azurescens na podstawie publikacji Stametsa. Inni twierdz\u0105, \u017ce nazwa zosta\u0142a zainspirowana przez niego, poniewa\u017c jego dziecko mia\u0142o takie samo imi\u0119.s<\/p>\n<h3>Efekty Psilocybe Azurescens na grzyby<\/h3>\n<p>Azurescens zawiera r\u00f3\u017cnorodne zwi\u0105zki psychoaktywne, w tym psylocybin\u0119, baeocystyn\u0119 i psylocyn\u0119. Sk\u0142adniki chemiczne, kt\u00f3re nadaj\u0105 grzybom halucynogenne w\u0142a\u015bciwo\u015bci, s\u0105 obecne w tym gatunku psilocybe. Jedn\u0105 z cech do\u015bwiadcze\u0144 psychodelicznych jest dr\u0119twienie ko\u0144czyn. Efekt ten jest jednak r\u00f3wnowa\u017cony przez ekscytacj\u0119 i halucynacje. Przyjmowanie grzyb\u00f3w mo\u017ce sprawi\u0107, \u017ce b\u0119d\u0105 chcieli anga\u017cowa\u0107 si\u0119 w wi\u0119cej interakcji spo\u0142ecznych i szereg aktywno\u015bci.<\/p>\n<p>Szczeg\u00f3\u0142y dotycz\u0105ce wzrostu grzyb\u00f3w magicznych Psilocybe Azurscens. Azurscens \u0142atwiej znale\u017a\u0107 na brzegach w\u00f3d ni\u017c gdzie indziej ze wzgl\u0119du na dost\u0119pno\u015b\u0107 materia\u0142u drzewnego. Ponadto trawa wydmowa rozwija si\u0119 wzd\u0142u\u017c linii brzegowych, tworz\u0105c dywan, kt\u00f3ry utrzymuje s\u0142abe grzyby w pozycji pionowej.<\/p>\n<p><strong>Kropidlak z\u0142ocisty<\/strong><\/p>\n<p>W regionach o surowych zimach azaurscens dobrze si\u0119 rozwija ze wzgl\u0119du na swoj\u0105 zdolno\u015b\u0107 do tolerowania ekstremalnie niskich temperatur. Ponadto grzyby mog\u0105 rosn\u0105\u0107 na drewnie li\u015bciastym, kt\u00f3re jest nieco wilgotne. Cz\u0119sto mo\u017cna zobaczy\u0107 ten gatunek rosn\u0105cy w zaro\u015blach i w\u015br\u00f3d je\u017cyn.<\/p>\n<h3>Zastosowania grzyba Psilocybe Azurscens w medycynie<\/h3>\n<p>Wysoka zawarto\u015b\u0107 psylocybiny w tym grzybie ma kilka zalet leczniczych. Zaburzenia l\u0119kowe mog\u0105 skorzysta\u0107 z efekt\u00f3w high head. Ponadto lek mo\u017ce leczy\u0107 zaburzenia obsesyjno-kompulsywne (OCD), depresj\u0119, l\u0119k i zesp\u00f3\u0142 nadpobudliwo\u015bci psychoruchowej z deficytem uwagi (ADHD).<\/p>\n<p>Mo\u017ce by\u0107 r\u00f3wnie\u017c korzystne dla os\u00f3b zmagaj\u0105cych si\u0119 z alkoholizmem i uzale\u017cnieniem od palenia, aby u\u017cywa\u0107 grzyb\u00f3w jako lekarstwa na swoje dolegliwo\u015bci. Psylocybina jest doskona\u0142ym sposobem na zmniejszenie g\u0142odu. Badania pokazuj\u0105, \u017ce mo\u017ce by\u0107 stosowana w leczeniu uzale\u017cnienia. Poniewa\u017c P. Azurscens zwi\u0119ksza pewno\u015b\u0107 siebie w kontaktach spo\u0142ecznych, lekarze zalecaj\u0105 j\u0105 osobom z problemami z mow\u0105.<\/p>\n<h3>Efekty uboczne grzyba Psilocybe Azurescens Magic Mushroom<\/h3>\n<p>Liczne negatywne konsekwencje mog\u0105 wynika\u0107 z nara\u017cenia na grzyby magiczne P. Azurscens. Podczas gdy wi\u0119kszo\u015b\u0107 z nich trwa tylko kilka minut, niekt\u00f3re z nich mog\u0105 by\u0107 \u015bmiertelne. Najcz\u0119stszymi skutkami ubocznymi s\u0105 ataki paniki, wymioty i rozstr\u00f3j \u017co\u0142\u0105dka. Podwy\u017cszone ci\u015bnienie krwi i t\u0119tno mog\u0105 w skrajnych przypadkach powodowa\u0107 zawa\u0142y serca.<\/p>\n<h3>Podsumowuj\u0105c<\/h3>\n<p>Je\u015bli chodzi o korzy\u015bci terapeutyczne i rekreacyjne, azurscens mo\u017ce wkr\u00f3tce prze\u015bcign\u0105\u0107 wszystkie inne. Ich wszechstronno\u015b\u0107 i niskie wymagania wzrostowe sprawiaj\u0105, \u017ce s\u0105 idealne zar\u00f3wno dla pocz\u0105tkuj\u0105cych, jak i do\u015bwiadczonych hodowc\u00f3w.<\/p>\n<p>S\u0105 najlepszym wyborem, je\u015bli s\u0105 najlepszym wyborem, je\u015bli potrzebujesz pomocy w przezwyci\u0119\u017caniu uzale\u017cnienia i radzeniu sobie z innymi problemami ze zdrowiem psychicznym. Wybierz prost\u0105, ale skuteczn\u0105 metod\u0119, aby si\u0119 na\u0107pa\u0107 zamiast za\u017cywa\u0107 narkotyki. Ciesz\u0105c si\u0119 korzy\u015bciami p\u0142yn\u0105cymi z tego grzyba, b\u0105d\u017a \u015bwiadomy potencjalnych skutk\u00f3w ubocznych.<br \/>\nNa sprzeda\u017c: Psilocybe Azurescens<br \/>\nPsilocybe Azurescens Spores na sprzeda\u017c<br \/>\nSprzedajemy suszone grzyby Psilocybe azurescens.<\/p>","protected":false},"excerpt":{"rendered":"<p>Purchase Psilocybe Azurescens Online For Sale: Psilocybe Azurescens Among the 180 species of mushrooms in the Psilocybe genus, Psilocybe Azurescens grows in a variety of habitats. Other names for Psilocybe Azurscens include Flying Saucers, Indigo Psilocybe, Azzies, and Blue Angels. Since the initial finding was made in 1979, numerous articles about it have been published &hellip;<\/p>\n<p class=\"read-more\"> <a class=\"\" href=\"https:\/\/legitgrams.com\/pl\/produkt\/psilocybe-azurescens\/\"> <span class=\"screen-reader-text\">Kup Psilocybe Azurescens online<\/span> Czytaj wi\u0119cej \"<\/a><\/p>","protected":false},"featured_media":5242,"comment_status":"open","ping_status":"closed","template":"","meta":{"_uag_custom_page_level_css":"","site-sidebar-layout":"default","site-content-layout":"default","ast-global-header-display":"","ast-main-header-display":"","ast-hfb-above-header-display":"","ast-hfb-below-header-display":"","ast-hfb-mobile-header-display":"","site-post-title":"","ast-breadcrumbs-content":"","ast-featured-img":"","footer-sml-layout":"","theme-transparent-header-meta":"default","adv-header-id-meta":"","stick-header-meta":"default","header-above-stick-meta":"","header-main-stick-meta":"","header-below-stick-meta":"","_joinchat":[]},"product_brand":[],"product_cat":[599],"product_tag":[2049,2039,617,2031,2046,2043,2038,2036,2030,2033,2041,2032,2034,2044,2051,2052,2050,2042,2047,2048,2045,625,2037,2040,2035],"class_list":{"0":"post-4218","1":"product","2":"type-product","3":"status-publish","4":"has-post-thumbnail","6":"product_cat-psilocybin-or-magic-mushrooms","7":"product_tag-best-cheap-price-psilocybe-azurescens","8":"product_tag-best-place-to-buy-psilocybe-azurescens","9":"product_tag-bulk-online","10":"product_tag-buy-psilocybe-azurescens","11":"product_tag-cheap-psilocybe-azurescens","12":"product_tag-high-quality-psilocybe-azurescens","13":"product_tag-how-to-buy-psilocybe-azurescens","14":"product_tag-order-psilocybe-azurescens","15":"product_tag-psilocybe-azurescens","16":"product_tag-psilocybe-azurescens-for-sale","17":"product_tag-psilocybe-azurescens-legally","18":"product_tag-psilocybe-azurescens-online","19":"product_tag-psilocybe-azurescens-psilocybe-azurescens-supplier","20":"product_tag-psilocybe-azurescens-store","21":"product_tag-psilocybe-azurescens-use","22":"product_tag-psilocybe-azurescens-wiki","23":"product_tag-psilocybe-azurescens-worldwide","24":"product_tag-psilocybe-azurescensprice","25":"product_tag-psilocybe-azurescenss","26":"product_tag-purcharse-psilocybe-azurescens","27":"product_tag-shop-psilocybe-azurescens","28":"product_tag-top-quality","29":"product_tag-where-to-buy-psilocybe-azurescens","30":"product_tag-where-to-order-psilocybe-azurescens","31":"product_tag-wholesale-psilocybe-azurescens","32":"desktop-align-left","33":"tablet-align-left","34":"mobile-align-left","35":"ast-product-gallery-layout-horizontal","36":"ast-product-gallery-with-no-image","37":"ast-product-single-variable","38":"ast-product-tabs-layout-horizontal","39":"ast-qv-on-image","41":"first","42":"instock","43":"shipping-taxable","44":"purchasable","45":"product-type-variable"},"yoast_head":"<!-- This site is optimized with the Yoast SEO plugin v25.9 - https:\/\/yoast.com\/wordpress\/plugins\/seo\/ -->\n<title>Psilocybe Azurescens for Sale - Buy Psilocybe Azurescens Online<\/title>\n<meta name=\"description\" content=\"If you want to buy Psilocybe Azurescens online and looking for a reliable online shop, then buy here. We offer only high-quality Psilocybe Azurescens for sale at an affordable price. Order Psilocybe Azurescens Now!\" \/>\n<meta name=\"robots\" content=\"index, follow, max-snippet:-1, max-image-preview:large, max-video-preview:-1\" \/>\n<link rel=\"canonical\" href=\"https:\/\/legitgrams.com\/pl\/produkt\/psilocybe-azurescens\/\" \/>\n<meta property=\"og:locale\" content=\"pl_PL\" \/>\n<meta property=\"og:type\" content=\"article\" \/>\n<meta property=\"og:title\" content=\"Psilocybe Azurescens for Sale - Buy Psilocybe Azurescens Online\" \/>\n<meta property=\"og:description\" content=\"If you want to buy Psilocybe Azurescens online and looking for a reliable online shop, then buy here. We offer only high-quality Psilocybe Azurescens for sale at an affordable price. Order Psilocybe Azurescens Now!\" \/>\n<meta property=\"og:url\" content=\"https:\/\/legitgrams.com\/pl\/produkt\/psilocybe-azurescens\/\" \/>\n<meta property=\"og:site_name\" content=\"Legit Grams\" \/>\n<meta property=\"article:modified_time\" content=\"2025-04-03T10:49:23+00:00\" \/>\n<meta property=\"og:image\" content=\"https:\/\/legitgrams.com\/wp-content\/uploads\/2024\/09\/psilocybe-azurescens-onlinepsilocybin-or-magic-mushrooms.jpg\" \/>\n\t<meta property=\"og:image:width\" content=\"430\" \/>\n\t<meta property=\"og:image:height\" content=\"430\" \/>\n\t<meta property=\"og:image:type\" content=\"image\/jpeg\" \/>\n<meta name=\"twitter:card\" content=\"summary_large_image\" \/>\n<meta name=\"twitter:label1\" content=\"Szacowany czas czytania\" \/>\n\t<meta name=\"twitter:data1\" content=\"4 minuty\" \/>\n<script type=\"application\/ld+json\" class=\"yoast-schema-graph\">{\"@context\":\"https:\/\/schema.org\",\"@graph\":[{\"@type\":\"WebPage\",\"@id\":\"https:\/\/legitgrams.com\/product\/psilocybe-azurescens\/\",\"url\":\"https:\/\/legitgrams.com\/product\/psilocybe-azurescens\/\",\"name\":\"Psilocybe Azurescens for Sale - Buy Psilocybe Azurescens Online\",\"isPartOf\":{\"@id\":\"https:\/\/legitgrams.com\/#website\"},\"primaryImageOfPage\":{\"@id\":\"https:\/\/legitgrams.com\/product\/psilocybe-azurescens\/#primaryimage\"},\"image\":{\"@id\":\"https:\/\/legitgrams.com\/product\/psilocybe-azurescens\/#primaryimage\"},\"thumbnailUrl\":\"https:\/\/legitgrams.com\/wp-content\/uploads\/2024\/09\/psilocybe-azurescens-onlinepsilocybin-or-magic-mushrooms.jpg\",\"datePublished\":\"2024-09-22T06:05:19+00:00\",\"dateModified\":\"2025-04-03T10:49:23+00:00\",\"description\":\"If you want to buy Psilocybe Azurescens online and looking for a reliable online shop, then buy here. We offer only high-quality Psilocybe Azurescens for sale at an affordable price. Order Psilocybe Azurescens Now!\",\"breadcrumb\":{\"@id\":\"https:\/\/legitgrams.com\/product\/psilocybe-azurescens\/#breadcrumb\"},\"inLanguage\":\"pl-PL\",\"potentialAction\":[{\"@type\":\"ReadAction\",\"target\":[\"https:\/\/legitgrams.com\/product\/psilocybe-azurescens\/\"]}]},{\"@type\":\"ImageObject\",\"inLanguage\":\"pl-PL\",\"@id\":\"https:\/\/legitgrams.com\/product\/psilocybe-azurescens\/#primaryimage\",\"url\":\"https:\/\/legitgrams.com\/wp-content\/uploads\/2024\/09\/psilocybe-azurescens-onlinepsilocybin-or-magic-mushrooms.jpg\",\"contentUrl\":\"https:\/\/legitgrams.com\/wp-content\/uploads\/2024\/09\/psilocybe-azurescens-onlinepsilocybin-or-magic-mushrooms.jpg\",\"width\":430,\"height\":430,\"caption\":\"Psilocybe Azurescens for Sale\"},{\"@type\":\"BreadcrumbList\",\"@id\":\"https:\/\/legitgrams.com\/product\/psilocybe-azurescens\/#breadcrumb\",\"itemListElement\":[{\"@type\":\"ListItem\",\"position\":1,\"name\":\"Home\",\"item\":\"https:\/\/legitgrams.com\/\"},{\"@type\":\"ListItem\",\"position\":2,\"name\":\"Shop\",\"item\":\"https:\/\/legitgrams.com\/shop\/\"},{\"@type\":\"ListItem\",\"position\":3,\"name\":\"Buy Psilocybe Azurescens Online\"}]},{\"@type\":\"WebSite\",\"@id\":\"https:\/\/legitgrams.com\/#website\",\"url\":\"https:\/\/legitgrams.com\/\",\"name\":\"Legit Grams\",\"description\":\"My WordPress Blog\",\"publisher\":{\"@id\":\"https:\/\/legitgrams.com\/#organization\"},\"potentialAction\":[{\"@type\":\"SearchAction\",\"target\":{\"@type\":\"EntryPoint\",\"urlTemplate\":\"https:\/\/legitgrams.com\/?s={search_term_string}\"},\"query-input\":{\"@type\":\"PropertyValueSpecification\",\"valueRequired\":true,\"valueName\":\"search_term_string\"}}],\"inLanguage\":\"pl-PL\"},{\"@type\":\"Organization\",\"@id\":\"https:\/\/legitgrams.com\/#organization\",\"name\":\"Legit Grams\",\"url\":\"https:\/\/legitgrams.com\/\",\"logo\":{\"@type\":\"ImageObject\",\"inLanguage\":\"pl-PL\",\"@id\":\"https:\/\/legitgrams.com\/#\/schema\/logo\/image\/\",\"url\":\"https:\/\/legitgrams.com\/wp-content\/uploads\/2024\/09\/main-logo.png\",\"contentUrl\":\"https:\/\/legitgrams.com\/wp-content\/uploads\/2024\/09\/main-logo.png\",\"width\":270,\"height\":75,\"caption\":\"Legit Grams\"},\"image\":{\"@id\":\"https:\/\/legitgrams.com\/#\/schema\/logo\/image\/\"}}]}<\/script>\n<!-- \/ Yoast SEO plugin. -->","yoast_head_json":{"title":"Psilocybe Azurescens na sprzeda\u017c - Kup Psilocybe Azurescens online","description":"Je\u015bli chcesz kupi\u0107 Psilocybe Azurescens online i szukasz niezawodnego sklepu internetowego, kup tutaj. Oferujemy tylko wysokiej jako\u015bci Psilocybe Azurescens na sprzeda\u017c w przyst\u0119pnej cenie. Zam\u00f3w Psilocybe Azurescens ju\u017c teraz!","robots":{"index":"index","follow":"follow","max-snippet":"max-snippet:-1","max-image-preview":"max-image-preview:large","max-video-preview":"max-video-preview:-1"},"canonical":"https:\/\/legitgrams.com\/pl\/produkt\/psilocybe-azurescens\/","og_locale":"pl_PL","og_type":"article","og_title":"Psilocybe Azurescens for Sale - Buy Psilocybe Azurescens Online","og_description":"If you want to buy Psilocybe Azurescens online and looking for a reliable online shop, then buy here. We offer only high-quality Psilocybe Azurescens for sale at an affordable price. Order Psilocybe Azurescens Now!","og_url":"https:\/\/legitgrams.com\/pl\/produkt\/psilocybe-azurescens\/","og_site_name":"Legit Grams","article_modified_time":"2025-04-03T10:49:23+00:00","og_image":[{"width":430,"height":430,"url":"https:\/\/legitgrams.com\/wp-content\/uploads\/2024\/09\/psilocybe-azurescens-onlinepsilocybin-or-magic-mushrooms.jpg","type":"image\/jpeg"}],"twitter_card":"summary_large_image","twitter_misc":{"Szacowany czas czytania":"4 minuty"},"schema":{"@context":"https:\/\/schema.org","@graph":[{"@type":"WebPage","@id":"https:\/\/legitgrams.com\/product\/psilocybe-azurescens\/","url":"https:\/\/legitgrams.com\/product\/psilocybe-azurescens\/","name":"Psilocybe Azurescens na sprzeda\u017c - Kup Psilocybe Azurescens online","isPartOf":{"@id":"https:\/\/legitgrams.com\/#website"},"primaryImageOfPage":{"@id":"https:\/\/legitgrams.com\/product\/psilocybe-azurescens\/#primaryimage"},"image":{"@id":"https:\/\/legitgrams.com\/product\/psilocybe-azurescens\/#primaryimage"},"thumbnailUrl":"https:\/\/legitgrams.com\/wp-content\/uploads\/2024\/09\/psilocybe-azurescens-onlinepsilocybin-or-magic-mushrooms.jpg","datePublished":"2024-09-22T06:05:19+00:00","dateModified":"2025-04-03T10:49:23+00:00","description":"Je\u015bli chcesz kupi\u0107 Psilocybe Azurescens online i szukasz niezawodnego sklepu internetowego, kup tutaj. Oferujemy tylko wysokiej jako\u015bci Psilocybe Azurescens na sprzeda\u017c w przyst\u0119pnej cenie. Zam\u00f3w Psilocybe Azurescens ju\u017c teraz!","breadcrumb":{"@id":"https:\/\/legitgrams.com\/product\/psilocybe-azurescens\/#breadcrumb"},"inLanguage":"pl-PL","potentialAction":[{"@type":"ReadAction","target":["https:\/\/legitgrams.com\/product\/psilocybe-azurescens\/"]}]},{"@type":"ImageObject","inLanguage":"pl-PL","@id":"https:\/\/legitgrams.com\/product\/psilocybe-azurescens\/#primaryimage","url":"https:\/\/legitgrams.com\/wp-content\/uploads\/2024\/09\/psilocybe-azurescens-onlinepsilocybin-or-magic-mushrooms.jpg","contentUrl":"https:\/\/legitgrams.com\/wp-content\/uploads\/2024\/09\/psilocybe-azurescens-onlinepsilocybin-or-magic-mushrooms.jpg","width":430,"height":430,"caption":"Psilocybe Azurescens for Sale"},{"@type":"BreadcrumbList","@id":"https:\/\/legitgrams.com\/product\/psilocybe-azurescens\/#breadcrumb","itemListElement":[{"@type":"ListItem","position":1,"name":"Home","item":"https:\/\/legitgrams.com\/"},{"@type":"ListItem","position":2,"name":"Shop","item":"https:\/\/legitgrams.com\/shop\/"},{"@type":"ListItem","position":3,"name":"Buy Psilocybe Azurescens Online"}]},{"@type":"WebSite","@id":"https:\/\/legitgrams.com\/#website","url":"https:\/\/legitgrams.com\/","name":"Legit Grams","description":"M\u00f3j blog WordPress","publisher":{"@id":"https:\/\/legitgrams.com\/#organization"},"potentialAction":[{"@type":"SearchAction","target":{"@type":"EntryPoint","urlTemplate":"https:\/\/legitgrams.com\/?s={search_term_string}"},"query-input":{"@type":"PropertyValueSpecification","valueRequired":true,"valueName":"search_term_string"}}],"inLanguage":"pl-PL"},{"@type":"Organization","@id":"https:\/\/legitgrams.com\/#organization","name":"Legit Grams","url":"https:\/\/legitgrams.com\/","logo":{"@type":"ImageObject","inLanguage":"pl-PL","@id":"https:\/\/legitgrams.com\/#\/schema\/logo\/image\/","url":"https:\/\/legitgrams.com\/wp-content\/uploads\/2024\/09\/main-logo.png","contentUrl":"https:\/\/legitgrams.com\/wp-content\/uploads\/2024\/09\/main-logo.png","width":270,"height":75,"caption":"Legit Grams"},"image":{"@id":"https:\/\/legitgrams.com\/#\/schema\/logo\/image\/"}}]}},"uagb_featured_image_src":{"full":["https:\/\/legitgrams.com\/wp-content\/uploads\/2024\/09\/psilocybe-azurescens-onlinepsilocybin-or-magic-mushrooms.jpg",430,430,false],"thumbnail":["https:\/\/legitgrams.com\/wp-content\/uploads\/2024\/09\/psilocybe-azurescens-onlinepsilocybin-or-magic-mushrooms-150x150.jpg",150,150,true],"medium":["https:\/\/legitgrams.com\/wp-content\/uploads\/2024\/09\/psilocybe-azurescens-onlinepsilocybin-or-magic-mushrooms-300x300.jpg",300,300,true],"medium_large":["https:\/\/legitgrams.com\/wp-content\/uploads\/2024\/09\/psilocybe-azurescens-onlinepsilocybin-or-magic-mushrooms.jpg",430,430,false],"large":["https:\/\/legitgrams.com\/wp-content\/uploads\/2024\/09\/psilocybe-azurescens-onlinepsilocybin-or-magic-mushrooms.jpg",430,430,false],"1536x1536":["https:\/\/legitgrams.com\/wp-content\/uploads\/2024\/09\/psilocybe-azurescens-onlinepsilocybin-or-magic-mushrooms.jpg",430,430,false],"2048x2048":["https:\/\/legitgrams.com\/wp-content\/uploads\/2024\/09\/psilocybe-azurescens-onlinepsilocybin-or-magic-mushrooms.jpg",430,430,false],"trp-custom-language-flag":["https:\/\/legitgrams.com\/wp-content\/uploads\/2024\/09\/psilocybe-azurescens-onlinepsilocybin-or-magic-mushrooms-12x12.jpg",12,12,true],"woocommerce_thumbnail":["https:\/\/legitgrams.com\/wp-content\/uploads\/2024\/09\/psilocybe-azurescens-onlinepsilocybin-or-magic-mushrooms-300x300.jpg",300,300,true],"woocommerce_single":["https:\/\/legitgrams.com\/wp-content\/uploads\/2024\/09\/psilocybe-azurescens-onlinepsilocybin-or-magic-mushrooms.jpg",430,430,false],"woocommerce_gallery_thumbnail":["https:\/\/legitgrams.com\/wp-content\/uploads\/2024\/09\/psilocybe-azurescens-onlinepsilocybin-or-magic-mushrooms-100x100.jpg",100,100,true]},"uagb_author_info":{"display_name":"cokeblog18","author_link":"https:\/\/legitgrams.com\/pl\/author\/"},"uagb_comment_info":0,"uagb_excerpt":"Purchase Psilocybe Azurescens Online For Sale: Psilocybe Azurescens Among the 180 species of mushrooms in the Psilocybe genus, Psilocybe Azurescens grows in a variety of habitats. Other names for Psilocybe Azurscens include Flying Saucers, Indigo Psilocybe, Azzies, and Blue Angels. Since the initial finding was made in 1979, numerous articles about it have been published&hellip;","_links":{"self":[{"href":"https:\/\/legitgrams.com\/pl\/wp-json\/wp\/v2\/product\/4218","targetHints":{"allow":["GET"]}}],"collection":[{"href":"https:\/\/legitgrams.com\/pl\/wp-json\/wp\/v2\/product"}],"about":[{"href":"https:\/\/legitgrams.com\/pl\/wp-json\/wp\/v2\/types\/product"}],"replies":[{"embeddable":true,"href":"https:\/\/legitgrams.com\/pl\/wp-json\/wp\/v2\/comments?post=4218"}],"wp:featuredmedia":[{"embeddable":true,"href":"https:\/\/legitgrams.com\/pl\/wp-json\/wp\/v2\/media\/5242"}],"wp:attachment":[{"href":"https:\/\/legitgrams.com\/pl\/wp-json\/wp\/v2\/media?parent=4218"}],"wp:term":[{"taxonomy":"product_brand","embeddable":true,"href":"https:\/\/legitgrams.com\/pl\/wp-json\/wp\/v2\/product_brand?post=4218"},{"taxonomy":"product_cat","embeddable":true,"href":"https:\/\/legitgrams.com\/pl\/wp-json\/wp\/v2\/product_cat?post=4218"},{"taxonomy":"product_tag","embeddable":true,"href":"https:\/\/legitgrams.com\/pl\/wp-json\/wp\/v2\/product_tag?post=4218"}],"curies":[{"name":"wp","href":"https:\/\/api.w.org\/{rel}","templated":true}]}}