{"id":4219,"date":"2024-09-22T06:06:09","date_gmt":"2024-09-22T06:06:09","guid":{"rendered":"https:\/\/legitgrams.com\/?post_type=product&#038;p=4219"},"modified":"2025-04-03T10:48:50","modified_gmt":"2025-04-03T10:48:50","slug":"3-fma-hcl","status":"publish","type":"product","link":"https:\/\/legitgrams.com\/pl\/produkt\/3-fma-hcl\/","title":{"rendered":"Kup 3-FMA HCL online"},"content":{"rendered":"<h2>3. Sprzeda\u017c FMA HCL<br \/>\n3. FMA: Co to jest?<\/h2>\n<p><a href=\"https:\/\/legitgrams.com\/pl\/produkt\/3-fma-hcl\/\">3-FMA<\/a> jest badan\u0105 cz\u0105steczk\u0105 zaliczan\u0105 do kategorii chemicznych substytut\u00f3w amfetaminy. <a href=\"https:\/\/www.bing.com\/search?q=Kup3-FMAHCLonline&amp;qs=n&amp;form=QBRE&amp;sp=-1&amp;lq=0&amp;pq=kup3-fmahclonline&amp;sc=0-20&amp;sk=&amp;cvid=C737BB7E32114C6F89833EAD1CFB1B6D&amp;ghsh=0&amp;ghacc=0&amp;ghpl=\">3-FMA<\/a>, 2-FMA, 3-FA, 4-FMA i 4-FA maj\u0105 podobne struktury chemiczne. 3-Fluorometamfetamin\u0119 mo\u017cna skr\u00f3ci\u0107 do 3-FMA. Nie ma wielu raport\u00f3w na temat wynik\u00f3w eksperymentalnych tego badanego zwi\u0105zku chemicznego, poniewa\u017c jest on wci\u0105\u017c stosunkowo nowy. Dlatego musisz zachowa\u0107 ostro\u017cno\u015b\u0107, je\u015bli planujesz go bada\u0107.<\/p>\n<p>Jednak\u017ce wst\u0119pne wyniki wykaza\u0142y, \u017ce <a href=\"https:\/\/duckduckgo.com\/?q=Kup+3-FMA+HCL+online&amp;t=h_&amp;ia=web\">3-FMA<\/a> wywo\u0142a\u0142o nast\u0119puj\u0105ce efekty: stymulacja, pobudzenie, poprawa dotyku, zwi\u0119kszona motywacja, euforia poznawcza, zniekszta\u0142cenie czasu i przyspieszenie poznawcze. Podczas nauki 3-FMA nale\u017cy nosi\u0107 okulary ochronne.<\/p>\n<h3>Kt\u00f3ry sklep sprzedaje 3-FMA?<\/h3>\n<p>W Chemical Planet oferujemy jedne z najlepszych <a href=\"https:\/\/en.wikipedia.org\/wiki\/3-Fluoromethamphetamine\">3-FMA<\/a> na rynku. Generalnie nasz 3-FMA jest dostarczany w formie proszku. Jednak zazwyczaj mamy przygotowane plany zapasowe. Dlatego nie wahaj si\u0119 skontaktowa\u0107 z nami, je\u015bli chcesz naby\u0107 3-FMA w innym formacie.<\/p>\n<p>Musisz mie\u0107 co najmniej osiemna\u015bcie lat i w pe\u0142ni przestrzega\u0107 wszystkich obowi\u0105zuj\u0105cych przepis\u00f3w w swoim kraju, aby naby\u0107 od nas 3-FMA. Akceptujemy wszystkie g\u0142\u00f3wne karty kredytowe i bitcoiny, aby zapewni\u0107 ca\u0142kowit\u0105 dyskrecj\u0119. Dostawa tego samego dnia jest mo\u017cliwa w wielu krajach. Tag produktu tego produktu to \u201ebuy-zopiclone-7-5mg-tablets-next-day-delivery\u201d. <a href=\"https:\/\/legitgrams.com\/pl\/\">LegitGrams<\/a><\/p>\n<h3>3. Legalno\u015b\u0107 FMA<\/h3>\n<p><a href=\"https:\/\/www.google.com\/search?q=Kup+3-FMA+HCL+online&amp;sca_esv=eddefdb7b92e7545&amp;sxsrf=AHTn8zoB0abgdZTYsoKYDbbYpLgSkkPIag1743677565477&amp;ei=fWjuZ7DyHMSr0PEP1r-6mQQ&amp;ved=0ahUKEwjwpJKP2buMAxXEFTQIHdafLkMQ4dUDCBA&amp;uact=5&amp;oq=Kup+3-FMA+HCL+online&amp;gs_lp=Egxnd3Mtd2l6LXNlcnAiFEt1cCAzLUZNQSBIQ0wgb25saW5lMgUQIRigATIFECEYoAEyBRAhGKABMgUQIRigATIFECEYoAFIoAlQxARYxARwAXgAkAEAmAGAA6ABgAOqAQMzLTG4AQPIAQD4AQL4AQGYAgGgAoUDmAMAiAYBkgcDMy0xoAeHBLIHAzMtMbgHhQM&amp;sclient=gws-wiz-serp\">3-FMA<\/a> jest prawdopodobnie nielegalny w USA, poniewa\u017c jest homologiem amfetaminy. 3. W Wielkiej Brytanii FMA jest uwa\u017cany za narkotyk klasy A. 3. W Kanadzie FMA jest klasyfikowany jako substancja z Wykazu 1. 3. FMA jest wykorzystywany w Chinach.<\/p>","protected":false},"excerpt":{"rendered":"<p>3. Sale of FMA HCL 3. FMA: What is it? 3-FMA is a study molecule that falls within the category of chemical amphetamine substitutes. 3-FMA, 2-FMA, 3-FA, 4-FMA, and 4-FA all have similar chemical structures. 3-Fluoromethamphetamine can be shortened to 3-FMA. There aren&#8217;t many reports on the experimental results of this study chemical because it&#8217;s &hellip;<\/p>\n<p class=\"read-more\"> <a class=\"\" href=\"https:\/\/legitgrams.com\/pl\/produkt\/3-fma-hcl\/\"> <span class=\"screen-reader-text\">Kup 3-FMA HCL online<\/span> Czytaj wi\u0119cej \"<\/a><\/p>","protected":false},"featured_media":5435,"comment_status":"open","ping_status":"closed","template":"","meta":{"_uag_custom_page_level_css":"","site-sidebar-layout":"default","site-content-layout":"default","ast-global-header-display":"","ast-main-header-display":"","ast-hfb-above-header-display":"","ast-hfb-below-header-display":"","ast-hfb-mobile-header-display":"","site-post-title":"","ast-breadcrumbs-content":"","ast-featured-img":"","footer-sml-layout":"","theme-transparent-header-meta":"default","adv-header-id-meta":"","stick-header-meta":"default","header-above-stick-meta":"","header-main-stick-meta":"","header-below-stick-meta":"","_joinchat":[]},"product_brand":[],"product_cat":[598],"product_tag":[2007,2011,2010,2018,2009,2021,2028,2029,2027,2019,2024,2026,2016,617,2008,2023,2020,2015,2013,2025,2022,625,2014,2017,2012],"class_list":{"0":"post-4219","1":"product","2":"type-product","3":"status-publish","4":"has-post-thumbnail","6":"product_cat-stimulants","7":"product_tag-3-fma-hcl","8":"product_tag-3-fma-hcl-3-fma-hcl-supplier","9":"product_tag-3-fma-hcl-for-sale","10":"product_tag-3-fma-hcl-legally","11":"product_tag-3-fma-hcl-online","12":"product_tag-3-fma-hcl-store","13":"product_tag-3-fma-hcl-use","14":"product_tag-3-fma-hcl-wiki","15":"product_tag-3-fma-hcl-worldwide","16":"product_tag-3-fma-hclprice","17":"product_tag-3-fma-hcls","18":"product_tag-best-cheap-price-3-fma-hcl","19":"product_tag-best-place-to-buy-3-fma-hcl","20":"product_tag-bulk-online","21":"product_tag-buy-3-fma-hcl","22":"product_tag-cheap-3-fma-hcl","23":"product_tag-high-quality-3-fma-hcl","24":"product_tag-how-to-buy-3-fma-hcl","25":"product_tag-order-3-fma-hcl","26":"product_tag-purcharse-3-fma-hcl","27":"product_tag-shop-3-fma-hcl","28":"product_tag-top-quality","29":"product_tag-where-to-buy-3-fma-hcl","30":"product_tag-where-to-order-3-fma-hcl","31":"product_tag-wholesale-3-fma-hcl","32":"desktop-align-left","33":"tablet-align-left","34":"mobile-align-left","35":"ast-product-gallery-layout-horizontal","36":"ast-product-gallery-with-no-image","37":"ast-product-single-variable","38":"ast-product-tabs-layout-horizontal","39":"ast-qv-on-image","41":"first","42":"instock","43":"shipping-taxable","44":"purchasable","45":"product-type-variable"},"yoast_head":"<!-- This site is optimized with the Yoast SEO plugin v25.9 - https:\/\/yoast.com\/wordpress\/plugins\/seo\/ -->\n<title>3-FMA HCL Powder for Sale - Order 3-FMA HCL Online<\/title>\n<meta name=\"description\" content=\"We are the leading store available with 3-fma hcl for sale. If you wish to buy 3-fma hcl online, contact us right away and get the order delivered. Grab limited-Time Offers Now!\" \/>\n<meta name=\"robots\" content=\"index, follow, max-snippet:-1, max-image-preview:large, max-video-preview:-1\" \/>\n<link rel=\"canonical\" href=\"https:\/\/legitgrams.com\/pl\/produkt\/3-fma-hcl\/\" \/>\n<meta property=\"og:locale\" content=\"pl_PL\" \/>\n<meta property=\"og:type\" content=\"article\" \/>\n<meta property=\"og:title\" content=\"3-FMA HCL Powder for Sale - Order 3-FMA HCL Online\" \/>\n<meta property=\"og:description\" content=\"We are the leading store available with 3-fma hcl for sale. If you wish to buy 3-fma hcl online, contact us right away and get the order delivered. Grab limited-Time Offers Now!\" \/>\n<meta property=\"og:url\" content=\"https:\/\/legitgrams.com\/pl\/produkt\/3-fma-hcl\/\" \/>\n<meta property=\"og:site_name\" content=\"Legit Grams\" \/>\n<meta property=\"article:modified_time\" content=\"2025-04-03T10:48:50+00:00\" \/>\n<meta property=\"og:image\" content=\"https:\/\/legitgrams.com\/wp-content\/uploads\/2024\/09\/buy-3fma-hcl-online.jpg\" \/>\n\t<meta property=\"og:image:width\" content=\"800\" \/>\n\t<meta property=\"og:image:height\" content=\"800\" \/>\n\t<meta property=\"og:image:type\" content=\"image\/jpeg\" \/>\n<meta name=\"twitter:card\" content=\"summary_large_image\" \/>\n<meta name=\"twitter:label1\" content=\"Szacowany czas czytania\" \/>\n\t<meta name=\"twitter:data1\" content=\"2 minuty\" \/>\n<script type=\"application\/ld+json\" class=\"yoast-schema-graph\">{\"@context\":\"https:\/\/schema.org\",\"@graph\":[{\"@type\":\"WebPage\",\"@id\":\"https:\/\/legitgrams.com\/product\/3-fma-hcl\/\",\"url\":\"https:\/\/legitgrams.com\/product\/3-fma-hcl\/\",\"name\":\"3-FMA HCL Powder for Sale - Order 3-FMA HCL Online\",\"isPartOf\":{\"@id\":\"https:\/\/legitgrams.com\/#website\"},\"primaryImageOfPage\":{\"@id\":\"https:\/\/legitgrams.com\/product\/3-fma-hcl\/#primaryimage\"},\"image\":{\"@id\":\"https:\/\/legitgrams.com\/product\/3-fma-hcl\/#primaryimage\"},\"thumbnailUrl\":\"https:\/\/legitgrams.com\/wp-content\/uploads\/2024\/09\/buy-3fma-hcl-online.jpg\",\"datePublished\":\"2024-09-22T06:06:09+00:00\",\"dateModified\":\"2025-04-03T10:48:50+00:00\",\"description\":\"We are the leading store available with 3-fma hcl for sale. If you wish to buy 3-fma hcl online, contact us right away and get the order delivered. Grab limited-Time Offers Now!\",\"breadcrumb\":{\"@id\":\"https:\/\/legitgrams.com\/product\/3-fma-hcl\/#breadcrumb\"},\"inLanguage\":\"pl-PL\",\"potentialAction\":[{\"@type\":\"ReadAction\",\"target\":[\"https:\/\/legitgrams.com\/product\/3-fma-hcl\/\"]}]},{\"@type\":\"ImageObject\",\"inLanguage\":\"pl-PL\",\"@id\":\"https:\/\/legitgrams.com\/product\/3-fma-hcl\/#primaryimage\",\"url\":\"https:\/\/legitgrams.com\/wp-content\/uploads\/2024\/09\/buy-3fma-hcl-online.jpg\",\"contentUrl\":\"https:\/\/legitgrams.com\/wp-content\/uploads\/2024\/09\/buy-3fma-hcl-online.jpg\",\"width\":800,\"height\":800,\"caption\":\"3-FMA HCL for Sale\"},{\"@type\":\"BreadcrumbList\",\"@id\":\"https:\/\/legitgrams.com\/product\/3-fma-hcl\/#breadcrumb\",\"itemListElement\":[{\"@type\":\"ListItem\",\"position\":1,\"name\":\"Home\",\"item\":\"https:\/\/legitgrams.com\/\"},{\"@type\":\"ListItem\",\"position\":2,\"name\":\"Shop\",\"item\":\"https:\/\/legitgrams.com\/shop\/\"},{\"@type\":\"ListItem\",\"position\":3,\"name\":\"Buy 3-FMA HCL Online\"}]},{\"@type\":\"WebSite\",\"@id\":\"https:\/\/legitgrams.com\/#website\",\"url\":\"https:\/\/legitgrams.com\/\",\"name\":\"Legit Grams\",\"description\":\"My WordPress Blog\",\"publisher\":{\"@id\":\"https:\/\/legitgrams.com\/#organization\"},\"potentialAction\":[{\"@type\":\"SearchAction\",\"target\":{\"@type\":\"EntryPoint\",\"urlTemplate\":\"https:\/\/legitgrams.com\/?s={search_term_string}\"},\"query-input\":{\"@type\":\"PropertyValueSpecification\",\"valueRequired\":true,\"valueName\":\"search_term_string\"}}],\"inLanguage\":\"pl-PL\"},{\"@type\":\"Organization\",\"@id\":\"https:\/\/legitgrams.com\/#organization\",\"name\":\"Legit Grams\",\"url\":\"https:\/\/legitgrams.com\/\",\"logo\":{\"@type\":\"ImageObject\",\"inLanguage\":\"pl-PL\",\"@id\":\"https:\/\/legitgrams.com\/#\/schema\/logo\/image\/\",\"url\":\"https:\/\/legitgrams.com\/wp-content\/uploads\/2024\/09\/main-logo.png\",\"contentUrl\":\"https:\/\/legitgrams.com\/wp-content\/uploads\/2024\/09\/main-logo.png\",\"width\":270,\"height\":75,\"caption\":\"Legit Grams\"},\"image\":{\"@id\":\"https:\/\/legitgrams.com\/#\/schema\/logo\/image\/\"}}]}<\/script>\n<!-- \/ Yoast SEO plugin. -->","yoast_head_json":{"title":"3-FMA HCL w proszku na sprzeda\u017c - Zam\u00f3w 3-FMA HCL online","description":"Jeste\u015bmy wiod\u0105cym sklepem dost\u0119pnym z 3-fma hcl na sprzeda\u017c. Je\u015bli chcesz kupi\u0107 3-fma hcl online, skontaktuj si\u0119 z nami od razu i otrzymaj zam\u00f3wienie. Skorzystaj z ograniczonych czasowo ofert ju\u017c teraz!","robots":{"index":"index","follow":"follow","max-snippet":"max-snippet:-1","max-image-preview":"max-image-preview:large","max-video-preview":"max-video-preview:-1"},"canonical":"https:\/\/legitgrams.com\/pl\/produkt\/3-fma-hcl\/","og_locale":"pl_PL","og_type":"article","og_title":"3-FMA HCL Powder for Sale - Order 3-FMA HCL Online","og_description":"We are the leading store available with 3-fma hcl for sale. If you wish to buy 3-fma hcl online, contact us right away and get the order delivered. Grab limited-Time Offers Now!","og_url":"https:\/\/legitgrams.com\/pl\/produkt\/3-fma-hcl\/","og_site_name":"Legit Grams","article_modified_time":"2025-04-03T10:48:50+00:00","og_image":[{"width":800,"height":800,"url":"https:\/\/legitgrams.com\/wp-content\/uploads\/2024\/09\/buy-3fma-hcl-online.jpg","type":"image\/jpeg"}],"twitter_card":"summary_large_image","twitter_misc":{"Szacowany czas czytania":"2 minuty"},"schema":{"@context":"https:\/\/schema.org","@graph":[{"@type":"WebPage","@id":"https:\/\/legitgrams.com\/product\/3-fma-hcl\/","url":"https:\/\/legitgrams.com\/product\/3-fma-hcl\/","name":"3-FMA HCL w proszku na sprzeda\u017c - Zam\u00f3w 3-FMA HCL online","isPartOf":{"@id":"https:\/\/legitgrams.com\/#website"},"primaryImageOfPage":{"@id":"https:\/\/legitgrams.com\/product\/3-fma-hcl\/#primaryimage"},"image":{"@id":"https:\/\/legitgrams.com\/product\/3-fma-hcl\/#primaryimage"},"thumbnailUrl":"https:\/\/legitgrams.com\/wp-content\/uploads\/2024\/09\/buy-3fma-hcl-online.jpg","datePublished":"2024-09-22T06:06:09+00:00","dateModified":"2025-04-03T10:48:50+00:00","description":"Jeste\u015bmy wiod\u0105cym sklepem dost\u0119pnym z 3-fma hcl na sprzeda\u017c. Je\u015bli chcesz kupi\u0107 3-fma hcl online, skontaktuj si\u0119 z nami od razu i otrzymaj zam\u00f3wienie. Skorzystaj z ograniczonych czasowo ofert ju\u017c teraz!","breadcrumb":{"@id":"https:\/\/legitgrams.com\/product\/3-fma-hcl\/#breadcrumb"},"inLanguage":"pl-PL","potentialAction":[{"@type":"ReadAction","target":["https:\/\/legitgrams.com\/product\/3-fma-hcl\/"]}]},{"@type":"ImageObject","inLanguage":"pl-PL","@id":"https:\/\/legitgrams.com\/product\/3-fma-hcl\/#primaryimage","url":"https:\/\/legitgrams.com\/wp-content\/uploads\/2024\/09\/buy-3fma-hcl-online.jpg","contentUrl":"https:\/\/legitgrams.com\/wp-content\/uploads\/2024\/09\/buy-3fma-hcl-online.jpg","width":800,"height":800,"caption":"3-FMA HCL for Sale"},{"@type":"BreadcrumbList","@id":"https:\/\/legitgrams.com\/product\/3-fma-hcl\/#breadcrumb","itemListElement":[{"@type":"ListItem","position":1,"name":"Home","item":"https:\/\/legitgrams.com\/"},{"@type":"ListItem","position":2,"name":"Shop","item":"https:\/\/legitgrams.com\/shop\/"},{"@type":"ListItem","position":3,"name":"Buy 3-FMA HCL Online"}]},{"@type":"WebSite","@id":"https:\/\/legitgrams.com\/#website","url":"https:\/\/legitgrams.com\/","name":"Legit Grams","description":"M\u00f3j blog WordPress","publisher":{"@id":"https:\/\/legitgrams.com\/#organization"},"potentialAction":[{"@type":"SearchAction","target":{"@type":"EntryPoint","urlTemplate":"https:\/\/legitgrams.com\/?s={search_term_string}"},"query-input":{"@type":"PropertyValueSpecification","valueRequired":true,"valueName":"search_term_string"}}],"inLanguage":"pl-PL"},{"@type":"Organization","@id":"https:\/\/legitgrams.com\/#organization","name":"Legit Grams","url":"https:\/\/legitgrams.com\/","logo":{"@type":"ImageObject","inLanguage":"pl-PL","@id":"https:\/\/legitgrams.com\/#\/schema\/logo\/image\/","url":"https:\/\/legitgrams.com\/wp-content\/uploads\/2024\/09\/main-logo.png","contentUrl":"https:\/\/legitgrams.com\/wp-content\/uploads\/2024\/09\/main-logo.png","width":270,"height":75,"caption":"Legit Grams"},"image":{"@id":"https:\/\/legitgrams.com\/#\/schema\/logo\/image\/"}}]}},"uagb_featured_image_src":{"full":["https:\/\/legitgrams.com\/wp-content\/uploads\/2024\/09\/buy-3fma-hcl-online.jpg",800,800,false],"thumbnail":["https:\/\/legitgrams.com\/wp-content\/uploads\/2024\/09\/buy-3fma-hcl-online-150x150.jpg",150,150,true],"medium":["https:\/\/legitgrams.com\/wp-content\/uploads\/2024\/09\/buy-3fma-hcl-online-300x300.jpg",300,300,true],"medium_large":["https:\/\/legitgrams.com\/wp-content\/uploads\/2024\/09\/buy-3fma-hcl-online-768x768.jpg",768,768,true],"large":["https:\/\/legitgrams.com\/wp-content\/uploads\/2024\/09\/buy-3fma-hcl-online.jpg",800,800,false],"1536x1536":["https:\/\/legitgrams.com\/wp-content\/uploads\/2024\/09\/buy-3fma-hcl-online.jpg",800,800,false],"2048x2048":["https:\/\/legitgrams.com\/wp-content\/uploads\/2024\/09\/buy-3fma-hcl-online.jpg",800,800,false],"trp-custom-language-flag":["https:\/\/legitgrams.com\/wp-content\/uploads\/2024\/09\/buy-3fma-hcl-online-12x12.jpg",12,12,true],"woocommerce_thumbnail":["https:\/\/legitgrams.com\/wp-content\/uploads\/2024\/09\/buy-3fma-hcl-online-300x300.jpg",300,300,true],"woocommerce_single":["https:\/\/legitgrams.com\/wp-content\/uploads\/2024\/09\/buy-3fma-hcl-online-600x600.jpg",600,600,true],"woocommerce_gallery_thumbnail":["https:\/\/legitgrams.com\/wp-content\/uploads\/2024\/09\/buy-3fma-hcl-online-100x100.jpg",100,100,true]},"uagb_author_info":{"display_name":"cokeblog18","author_link":"https:\/\/legitgrams.com\/pl\/author\/"},"uagb_comment_info":0,"uagb_excerpt":"3. Sale of FMA HCL 3. FMA: What is it? 3-FMA is a study molecule that falls within the category of chemical amphetamine substitutes. 3-FMA, 2-FMA, 3-FA, 4-FMA, and 4-FA all have similar chemical structures. 3-Fluoromethamphetamine can be shortened to 3-FMA. There aren&#8217;t many reports on the experimental results of this study chemical because it&#8217;s&hellip;","_links":{"self":[{"href":"https:\/\/legitgrams.com\/pl\/wp-json\/wp\/v2\/product\/4219","targetHints":{"allow":["GET"]}}],"collection":[{"href":"https:\/\/legitgrams.com\/pl\/wp-json\/wp\/v2\/product"}],"about":[{"href":"https:\/\/legitgrams.com\/pl\/wp-json\/wp\/v2\/types\/product"}],"replies":[{"embeddable":true,"href":"https:\/\/legitgrams.com\/pl\/wp-json\/wp\/v2\/comments?post=4219"}],"wp:featuredmedia":[{"embeddable":true,"href":"https:\/\/legitgrams.com\/pl\/wp-json\/wp\/v2\/media\/5435"}],"wp:attachment":[{"href":"https:\/\/legitgrams.com\/pl\/wp-json\/wp\/v2\/media?parent=4219"}],"wp:term":[{"taxonomy":"product_brand","embeddable":true,"href":"https:\/\/legitgrams.com\/pl\/wp-json\/wp\/v2\/product_brand?post=4219"},{"taxonomy":"product_cat","embeddable":true,"href":"https:\/\/legitgrams.com\/pl\/wp-json\/wp\/v2\/product_cat?post=4219"},{"taxonomy":"product_tag","embeddable":true,"href":"https:\/\/legitgrams.com\/pl\/wp-json\/wp\/v2\/product_tag?post=4219"}],"curies":[{"name":"wp","href":"https:\/\/api.w.org\/{rel}","templated":true}]}}