{"id":4226,"date":"2024-09-22T06:41:05","date_gmt":"2024-09-22T06:41:05","guid":{"rendered":"https:\/\/legitgrams.com\/?post_type=product&#038;p=4226"},"modified":"2025-04-03T08:58:31","modified_gmt":"2025-04-03T08:58:31","slug":"metizolam-w-proszku","status":"publish","type":"product","link":"https:\/\/legitgrams.com\/pl\/produkt\/metizolam-w-proszku\/","title":{"rendered":"Kup metizolam w proszku online"},"content":{"rendered":"<h2>Kup Metizolam w proszku online<\/h2>\n<p>API, aktywne sk\u0142adniki farmaceutyczne, produkty po\u015brednie, DMF, FDA, US Drug Master Files, dokumentacja i certyfikacja dla proszku etizolamu s\u0105 produkowane i dostarczane globalnie przez Dandy Drugs. Oferujemy zakup najwy\u017cszej jako\u015bci \u017ar\u00f3de\u0142 z odpowiednimi pakietami technicznymi zgodnie ze standardami komercjalizacji lub RND\/Development. Dystrybutor etizolamu z Chin. producenci etizolamu. Kup proszek etizolamu. dostawcy proszku etizolamu. <a href=\"https:\/\/www.bing.com\/search?q=KupMetizolamPowderOnline&amp;qs=n&amp;form=QBRE&amp;sp=-1&amp;lq=0&amp;pq=kupmetizolampowderonline&amp;sc=0-27&amp;sk=&amp;cvid=E69187D300AD484995A2E94D47CA1805&amp;ghsh=0&amp;ghacc=0&amp;ghpl=\">powdered Metizolam in bulk<\/a>.<\/p>\n<p>Nasze produkty s\u0105 aktywnym sk\u0142adnikiem farmaceutycznym wykorzystywanym w przemy\u015ble farmaceutycznym i s\u0105 wytwarzane w zak\u0142adzie zgodnym z normami cGMP. Aby uzyska\u0107 wi\u0119cej szczeg\u00f3\u0142\u00f3w, w tym aktualny status DMF produktu, prosimy o kontakt. Czekamy na wsp\u00f3\u0142prac\u0119 z Pa\u0144stwem w zakresie projekt\u00f3w badawczo-rozwojowych.<\/p>\n<p><a href=\"https:\/\/www.google.com\/search?q=Kup+Metizolam+Powder+Online&amp;sca_esv=eddefdb7b92e7545&amp;sxsrf=AHTn8zp_J7m7oILW2XwGCH4Vg181prp_8Q1743671578059&amp;ei=GlHuZ_-1A5yC0PEP4rS74QI&amp;ved=0ahUKEwj_qo_owruMAxUcATQIHWLaLiwQ4dUDCBA&amp;uact=5&amp;oq=Kup+Metizolam+Powder+Online&amp;gs_lp=Egxnd3Mtd2l6LXNlcnAiG0t1cCBNZXRpem9sYW0gUG93ZGVyIE9ubGluZUiPBVAAWABwAHgAkAEAmAH8AqAB_AKqAQMzLTG4AQPIAQD4AQL4AQGYAgCgAgCYAwDiAwUSATEgQJIHAKAHzgGyBwC4BwA&amp;sclient=gws-wiz-serp\">Metizolam<\/a> jest analogiem benzodiazepiny sprzedawanym pod nazw\u0105 etizolam, znanym r\u00f3wnie\u017c jako metilaam, metizola, Sedekopan, <a href=\"https:\/\/duckduckgo.com\/?q=Kup+Metizolam+proszek+online&amp;t=h_\">metizest<\/a>, Pasaden, lub Depas, jest analogiem benzodiazepiny. Benzodiazepina nie jest tym samym co ta substancja. Poniewa\u017c pier\u015bcie\u0144 triazolowy uleg\u0142 stopieniu, a pier\u015bcie\u0144 tiofenowy zast\u0105pi\u0142 pier\u015bcie\u0144 benzenowy, lek jest teraz tienotriazolodiazepin\u0105. Zawiera on w\u0142a\u015bciwo\u015bci zwiotczaj\u0105ce mi\u0119\u015bnie szkieletowe, hipnotyczne, uspokajaj\u0105ce, przeciwdrgawkowe, amnezyjne i przeciwl\u0119kowe.<\/p>\n<h3>Dlaczego my?<\/h3>\n<p>Wiarygodne \u017ar\u00f3d\u0142o Po wyprodukowaniu i przetestowaniu w celu zapewnienia identyfikowalno\u015bci pomiar\u00f3w materia\u0142y zgodne z normami ISO17025 i Przewodnikiem 34 s\u0105 badane na certyfikowanym sprz\u0119cie przy u\u017cyciu autoryzowanych metod analitycznych. produkt stworzony z my\u015bl\u0105 o zastosowaniach badawczych i kryminalistycznych.<\/p>\n<p>Dandy Drugs to indyjska firma farmaceutyczna, kt\u00f3ra ma bezpo\u015brednie po\u0142\u0105czenia z chi\u0144skimi dostawcami i innymi firmami w Indiach. Dostarczamy naszym klientom tylko najlepsze produkty. To samo, do czego przyzwyczaili\u015bmy si\u0119, gdy dokonujemy zakupu.<\/p>\n<p>Ka\u017cdy produkt jest najwy\u017cszej jako\u015bci i prosimy wszystkich klient\u00f3w o GC\/MS ich zakup\u00f3w, aby zapewni\u0107 dok\u0142adno\u015b\u0107 i autentyczno\u015b\u0107. Satysfakcja naszych klient\u00f3w i zapewnienie, \u017ce otrzymaj\u0105 to, co obiecano, to nasze najwy\u017csze priorytety.<\/p>\n<p>Przetrwanie naszego <a href=\"https:\/\/legitgrams.com\/pl\/\">company<\/a> zale\u017cy od naszej zdolno\u015bci do uko\u0144czenia transakcji ca\u0142kowicie i zgodnie z harmonogramem za ka\u017cdym razem. Naszym celem jest zawsze rozwi\u0105zywanie problem\u00f3w i dostarczanie najlepszej jako\u015bci w najbardziej przyst\u0119pnej cenie.<\/p>\n<p>Przetrwanie naszej firmy zale\u017cy od naszej zdolno\u015bci do uko\u0144czenia transakcji w ca\u0142o\u015bci i zgodnie z harmonogramem za ka\u017cdym razem. Naszym celem jest zawsze rozwi\u0105zywanie problem\u00f3w i dostarczanie najlepszej jako\u015bci w najbardziej przyst\u0119pnej cenie.<\/p>\n<p>As soon as your product ships, you will obtain tracking numbers so you can keep tabs on its progress. <a href=\"https:\/\/legitgrams.com\/pl\/produkt\/metizolam-w-proszku\/\">Acquire etizolam powder<\/a> najlepszym miejscem do zakupu proszku etizolamu online, a tak\u017ce r\u00f3\u017cnych analog\u00f3w proszku etizolamu, jest Dandy Drugs, je\u015bli szukasz. Proszek etizolamu mo\u017cna wygodnie i bezpiecznie zam\u00f3wi\u0107 poczt\u0105. Oferujemy \u0142atwy w u\u017cyciu internetowy rynek, na kt\u00f3rym mo\u017cna kupi\u0107 tani proszek etizolamu w cenach hurtowych od dostawc\u00f3w i producent\u00f3w w Chinach i Indiach. Potrafimy dyskretnie i potajemnie wysy\u0142a\u0107 do Stan\u00f3w Zjednoczonych, Kanady, Wielkiej Brytanii, Australii i innych kraj\u00f3w. Upewnij si\u0119, \u017ce rozumiesz zastosowania, skutki uboczne i potencjalne reperkusje prawne zakupu etizolamu przed z\u0142o\u017ceniem zam\u00f3wienia na proszek online w swoim stanie bez recepty. - Mamy solidn\u0105 reputacj\u0119 jako dostawca chemikali\u00f3w badawczych. Dost\u0119pny czat na \u017cywo 24\/7Je\u015bli nie jeste\u015b pewien czego\u015b, zadaj pytania. Istnieje wiele opcji p\u0142atno\u015bci, kt\u00f3re spe\u0142ni\u0105 Twoje wymagania.<\/p>\n<h3>Zam\u00f3w sproszkowany metizolam online.<\/h3>\n<p>Etizolam, znany r\u00f3wnie\u017c jako Desmethyletizolam, to syntetyczny tienodiazepinowy lek chemiczny klasy depresyjnej i psychoaktywnej. M\u00f3wi si\u0119, \u017ce zapewnia efekty podobne do etizolamu, takie jak odhamowanie, senno\u015b\u0107, ukrywanie pami\u0119ci, ukrywanie nieprzyjemno\u015bci i odpoczynek mi\u0119\u015bni. W por\u00f3wnaniu do etizolamu jest o po\u0142ow\u0119 mniej intensywny i ma okres p\u00f3\u0142trwania d\u0142u\u017cszy o 60%.<\/p>\n<p>Metizolam was granted a prescription by a Japanese organization in 1995 to treat anxiety. Apart from that, no human use is known to have occurred until September 2015, when internet retailers delivered it as an unclear situation study material.<\/p>\n<p>Jednym z podstawowych cz\u0142onk\u00f3w rodziny benzodiazepin jest etizolam. Etizolam, znany r\u00f3wnie\u017c jako Depas, Etizolam i Etilaam, jest podstawowym cz\u0142onkiem rodziny benzodiazepin, kt\u00f3ry jest powszechnie sprzedawany. Chocia\u017c niewiele wiadomo na temat tego materia\u0142u badawczego, kilka bada\u0144 sugeruje, \u017ce ma on w\u0142a\u015bciwo\u015bci uspokajaj\u0105ce, rozlu\u017aniaj\u0105ce mi\u0119\u015bnie szkieletowe, n\u0119c\u0105ce, przeciwl\u0119kowe i przeciwdrgawkowe.<\/p>\n<p>Etizolam jest \u0142atwo dost\u0119pny do zakupu online w postaci tabletek, kapsu\u0142ek i proszku. Bior\u0105c pod uwag\u0119 fakt, \u017ce mo\u017cna go \u0142atwo kupi\u0107 online za mniejsze pieni\u0105dze, ma on du\u017cy potencja\u0142 do stosowania w trudnych warunkach zamiast przepisanych benzodiazepin. W chwili obecnej logiczne pisanie wymaga fundamentalnego zrozumienia metizolamu, takiego jak jego dok\u0142adne badanie i spos\u00f3b, w jaki lek rozprasza si\u0119 i jest metabolizowany w organizmie. Chocia\u017c grupy narkotykowe zgromadzi\u0142y t\u0119 substancj\u0119, obecnie ma ona status prawny tylko w Wielkiej Brytanii, Szwecji i Kanadzie, gdzie produkcja lub dostarczanie tego narkotyku jest nielegalne. <a href=\"https:\/\/legitgrams.com\/pl\/\">LegitGrams<\/a><\/p>\n<p>Etizolam zosta\u0142 po raz pierwszy wypromowany przez japo\u0144sk\u0105 firm\u0119 jako rywal lek\u00f3w przeciwl\u0119kowych, ale niewiele wiadomo o tej substancji badawczej. Niezale\u017cnie od tego, kilka bada\u0144 klinicznych potwierdza koncepcj\u0119, \u017ce metamfetamina dzia\u0142a jako \u015brodek zwiotczaj\u0105cy mi\u0119\u015bnie, narkotyczny i depresyjny.<\/p>\n<p>Pier\u015bcie\u0144 tiofenowy jest spleciony z pier\u015bcieniem diazepinowym, tworz\u0105c <a href=\"https:\/\/en.wikipedia.org\/wiki\/Metizolam\">metizolam<\/a>. Chocia\u017c jego pier\u015bcie\u0144 triazolowy nie zawiera obecnie podstawy metylowej, co zasadniczo r\u00f3\u017cni go od postrzeganego zwi\u0105zku etizolamu, oba maj\u0105 podobny podstawowy kszta\u0142t, co sugeruje, \u017ce metizolam ma podobn\u0105 zdolno\u015b\u0107 do wp\u0142ywania na sprawno\u015b\u0107 intelektualn\u0105, opr\u00f3cz pomagania pacjentom z niedoborem snu. Aby okre\u015bli\u0107 dok\u0142adn\u0105 odpowied\u017a, eksperci i badacze musz\u0105 przyjrze\u0107 si\u0119 roli metizolamu w braku przeciwnego snu. Laboratoria badawcze powinny kupowa\u0107 wysokiej jako\u015bci proszki wi\u0119zienne online ze stron internetowych, kt\u00f3re rozwa\u017caj\u0105 dostawc\u00f3w zwi\u0105zk\u00f3w w celu uzyskania ich absurdalnych syntetycznych substancji premium, metizolamu i etizolamu. Mog\u0142oby to pom\u00f3c im okre\u015bli\u0107 przydatno\u015b\u0107, a tak\u017ce zrozumie\u0107, w jaki spos\u00f3b te dwie mieszanki wp\u0142ywaj\u0105 na osoby pozbawione snu.<\/p>\n<p>Zakup Metizolam Proszek Online - Zakup Proszek, Zakup Metizolam Proszek USA, Zakup Metizolam Proszek Online USA, Metizolam Proszek na sprzeda\u017c, Zakup Metizolam Proszek Blisko Mnie, Zakup Metizolam Proszek Online, Zakup Metizolam Proszek Online, Zakup Metizolam Proszek Online, USA, Kanada, Wielka Brytania, zakup, online, dostawcy, bezpieczna dostawa, dost\u0119pny jest jeszcze Metizolam Proszek. Czy sproszkowany metizolam jest dozwolony w USA, gdzie kupi\u0107 Metizolam Powder, jak z\u0142o\u017cy\u0107 zam\u00f3wienie na Metizolam Powder i czy jest dozwolony w Kanadzie.<\/p>","protected":false},"excerpt":{"rendered":"<p>Purchase Powdered Metizolam Online API, active pharmaceutical ingredients, intermediates, DMF, FDA, US Drug Master Files, documentation, and certification for etizolam powder are all produced and supplied globally by Dandy Drugs. We offer to purchase top-notch sources with corresponding technical packages in accordance with commercialization or RND\/Development standards. Etizolam distributor from China. manufacturers of etizolam. Purchase &hellip;<\/p>\n<p class=\"read-more\"> <a class=\"\" href=\"https:\/\/legitgrams.com\/pl\/produkt\/metizolam-w-proszku\/\"> <span class=\"screen-reader-text\">Kup metizolam w proszku online<\/span> Czytaj wi\u0119cej \"<\/a><\/p>","protected":false},"featured_media":5291,"comment_status":"open","ping_status":"closed","template":"","meta":{"_uag_custom_page_level_css":"","site-sidebar-layout":"default","site-content-layout":"default","ast-global-header-display":"","ast-main-header-display":"","ast-hfb-above-header-display":"","ast-hfb-below-header-display":"","ast-hfb-mobile-header-display":"","site-post-title":"","ast-breadcrumbs-content":"","ast-featured-img":"","footer-sml-layout":"","theme-transparent-header-meta":"default","adv-header-id-meta":"","stick-header-meta":"default","header-above-stick-meta":"","header-main-stick-meta":"","header-below-stick-meta":"","_joinchat":[]},"product_brand":[],"product_cat":[600],"product_tag":[1819,1809,617,1801,1816,1813,1808,1800,1803,1811,1804,1802,1814,1821,1822,1820,1812,1817,1806,1818,1815,625,1807,1810,1805],"class_list":{"0":"post-4226","1":"product","2":"type-product","3":"status-publish","4":"has-post-thumbnail","6":"product_cat-research-chemicals-and-bath-salt","7":"product_tag-best-cheap-price-metizolam-powder","8":"product_tag-best-place-to-buy-metizolam-powder","9":"product_tag-bulk-online","10":"product_tag-buy-metizolam-powder","11":"product_tag-cheap-metizolam-powder","12":"product_tag-high-quality-metizolam-powder","13":"product_tag-how-to-buy-metizolam-powder","14":"product_tag-metizolam-powder","15":"product_tag-metizolam-powder-for-sale","16":"product_tag-metizolam-powder-legally","17":"product_tag-metizolam-powder-metizolam-powder-supplier","18":"product_tag-metizolam-powder-online","19":"product_tag-metizolam-powder-store","20":"product_tag-metizolam-powder-use","21":"product_tag-metizolam-powder-wiki","22":"product_tag-metizolam-powder-worldwide","23":"product_tag-metizolam-powderprice","24":"product_tag-metizolam-powders","25":"product_tag-order-metizolam-powder","26":"product_tag-purcharse-metizolam-powder","27":"product_tag-shop-metizolam-powder","28":"product_tag-top-quality","29":"product_tag-where-to-buy-metizolam-powder","30":"product_tag-where-to-order-metizolam-powder","31":"product_tag-wholesale-metizolam-powder","32":"desktop-align-left","33":"tablet-align-left","34":"mobile-align-left","35":"ast-product-gallery-layout-horizontal","36":"ast-product-gallery-with-no-image","37":"ast-product-single-variable","38":"ast-product-tabs-layout-horizontal","39":"ast-qv-on-image","41":"first","42":"instock","43":"shipping-taxable","44":"purchasable","45":"product-type-variable"},"yoast_head":"<!-- This site is optimized with the Yoast SEO plugin v25.9 - https:\/\/yoast.com\/wordpress\/plugins\/seo\/ -->\n<title>Metizolam Powder for Sale - Buy Metizolam Powder Online | LG<\/title>\n<meta name=\"description\" content=\"Looking to buy Metizolam Powder online at a reasonable price? Visit our reputable Legitgrams online store and get Metizolam Powder for sale today. Place an order now!\" \/>\n<meta name=\"robots\" content=\"index, follow, max-snippet:-1, max-image-preview:large, max-video-preview:-1\" \/>\n<link rel=\"canonical\" href=\"https:\/\/legitgrams.com\/pl\/produkt\/metizolam-w-proszku\/\" \/>\n<meta property=\"og:locale\" content=\"pl_PL\" \/>\n<meta property=\"og:type\" content=\"article\" \/>\n<meta property=\"og:title\" content=\"Metizolam Powder for Sale - Buy Metizolam Powder Online | LG\" \/>\n<meta property=\"og:description\" content=\"Looking to buy Metizolam Powder online at a reasonable price? Visit our reputable Legitgrams online store and get Metizolam Powder for sale today. Place an order now!\" \/>\n<meta property=\"og:url\" content=\"https:\/\/legitgrams.com\/pl\/produkt\/metizolam-w-proszku\/\" \/>\n<meta property=\"og:site_name\" content=\"Legit Grams\" \/>\n<meta property=\"article:modified_time\" content=\"2025-04-03T08:58:31+00:00\" \/>\n<meta property=\"og:image\" content=\"https:\/\/legitgrams.com\/wp-content\/uploads\/2024\/09\/buy-metizolam-powder-online-1.jpg\" \/>\n\t<meta property=\"og:image:width\" content=\"600\" \/>\n\t<meta property=\"og:image:height\" content=\"600\" \/>\n\t<meta property=\"og:image:type\" content=\"image\/jpeg\" \/>\n<meta name=\"twitter:card\" content=\"summary_large_image\" \/>\n<meta name=\"twitter:label1\" content=\"Szacowany czas czytania\" \/>\n\t<meta name=\"twitter:data1\" content=\"5 minut\" \/>\n<script type=\"application\/ld+json\" class=\"yoast-schema-graph\">{\"@context\":\"https:\/\/schema.org\",\"@graph\":[{\"@type\":\"WebPage\",\"@id\":\"https:\/\/legitgrams.com\/product\/metizolam-powder\/\",\"url\":\"https:\/\/legitgrams.com\/product\/metizolam-powder\/\",\"name\":\"Metizolam Powder for Sale - Buy Metizolam Powder Online | LG\",\"isPartOf\":{\"@id\":\"https:\/\/legitgrams.com\/#website\"},\"primaryImageOfPage\":{\"@id\":\"https:\/\/legitgrams.com\/product\/metizolam-powder\/#primaryimage\"},\"image\":{\"@id\":\"https:\/\/legitgrams.com\/product\/metizolam-powder\/#primaryimage\"},\"thumbnailUrl\":\"https:\/\/legitgrams.com\/wp-content\/uploads\/2024\/09\/buy-metizolam-powder-online-1.jpg\",\"datePublished\":\"2024-09-22T06:41:05+00:00\",\"dateModified\":\"2025-04-03T08:58:31+00:00\",\"description\":\"Looking to buy Metizolam Powder online at a reasonable price? Visit our reputable Legitgrams online store and get Metizolam Powder for sale today. Place an order now!\",\"breadcrumb\":{\"@id\":\"https:\/\/legitgrams.com\/product\/metizolam-powder\/#breadcrumb\"},\"inLanguage\":\"pl-PL\",\"potentialAction\":[{\"@type\":\"ReadAction\",\"target\":[\"https:\/\/legitgrams.com\/product\/metizolam-powder\/\"]}]},{\"@type\":\"ImageObject\",\"inLanguage\":\"pl-PL\",\"@id\":\"https:\/\/legitgrams.com\/product\/metizolam-powder\/#primaryimage\",\"url\":\"https:\/\/legitgrams.com\/wp-content\/uploads\/2024\/09\/buy-metizolam-powder-online-1.jpg\",\"contentUrl\":\"https:\/\/legitgrams.com\/wp-content\/uploads\/2024\/09\/buy-metizolam-powder-online-1.jpg\",\"width\":600,\"height\":600,\"caption\":\"Metizolam Powder for Sale\"},{\"@type\":\"BreadcrumbList\",\"@id\":\"https:\/\/legitgrams.com\/product\/metizolam-powder\/#breadcrumb\",\"itemListElement\":[{\"@type\":\"ListItem\",\"position\":1,\"name\":\"Home\",\"item\":\"https:\/\/legitgrams.com\/\"},{\"@type\":\"ListItem\",\"position\":2,\"name\":\"Shop\",\"item\":\"https:\/\/legitgrams.com\/shop\/\"},{\"@type\":\"ListItem\",\"position\":3,\"name\":\"Buy Metizolam Powder Online\"}]},{\"@type\":\"WebSite\",\"@id\":\"https:\/\/legitgrams.com\/#website\",\"url\":\"https:\/\/legitgrams.com\/\",\"name\":\"Legit Grams\",\"description\":\"My WordPress Blog\",\"publisher\":{\"@id\":\"https:\/\/legitgrams.com\/#organization\"},\"potentialAction\":[{\"@type\":\"SearchAction\",\"target\":{\"@type\":\"EntryPoint\",\"urlTemplate\":\"https:\/\/legitgrams.com\/?s={search_term_string}\"},\"query-input\":{\"@type\":\"PropertyValueSpecification\",\"valueRequired\":true,\"valueName\":\"search_term_string\"}}],\"inLanguage\":\"pl-PL\"},{\"@type\":\"Organization\",\"@id\":\"https:\/\/legitgrams.com\/#organization\",\"name\":\"Legit Grams\",\"url\":\"https:\/\/legitgrams.com\/\",\"logo\":{\"@type\":\"ImageObject\",\"inLanguage\":\"pl-PL\",\"@id\":\"https:\/\/legitgrams.com\/#\/schema\/logo\/image\/\",\"url\":\"https:\/\/legitgrams.com\/wp-content\/uploads\/2024\/09\/main-logo.png\",\"contentUrl\":\"https:\/\/legitgrams.com\/wp-content\/uploads\/2024\/09\/main-logo.png\",\"width\":270,\"height\":75,\"caption\":\"Legit Grams\"},\"image\":{\"@id\":\"https:\/\/legitgrams.com\/#\/schema\/logo\/image\/\"}}]}<\/script>\n<!-- \/ Yoast SEO plugin. -->","yoast_head_json":{"title":"Metizolam w proszku na sprzeda\u017c - Kup Metizolam w proszku online | LG","description":"Chcesz kupi\u0107 Metizolam Powder online w rozs\u0105dnej cenie? Odwied\u017a nasz renomowany sklep internetowy Legitgrams i zdob\u0105d\u017a Metizolam Powder na sprzeda\u017c ju\u017c dzi\u015b. Z\u0142\u00f3\u017c zam\u00f3wienie ju\u017c teraz!","robots":{"index":"index","follow":"follow","max-snippet":"max-snippet:-1","max-image-preview":"max-image-preview:large","max-video-preview":"max-video-preview:-1"},"canonical":"https:\/\/legitgrams.com\/pl\/produkt\/metizolam-w-proszku\/","og_locale":"pl_PL","og_type":"article","og_title":"Metizolam Powder for Sale - Buy Metizolam Powder Online | LG","og_description":"Looking to buy Metizolam Powder online at a reasonable price? Visit our reputable Legitgrams online store and get Metizolam Powder for sale today. Place an order now!","og_url":"https:\/\/legitgrams.com\/pl\/produkt\/metizolam-w-proszku\/","og_site_name":"Legit Grams","article_modified_time":"2025-04-03T08:58:31+00:00","og_image":[{"width":600,"height":600,"url":"https:\/\/legitgrams.com\/wp-content\/uploads\/2024\/09\/buy-metizolam-powder-online-1.jpg","type":"image\/jpeg"}],"twitter_card":"summary_large_image","twitter_misc":{"Szacowany czas czytania":"5 minut"},"schema":{"@context":"https:\/\/schema.org","@graph":[{"@type":"WebPage","@id":"https:\/\/legitgrams.com\/product\/metizolam-powder\/","url":"https:\/\/legitgrams.com\/product\/metizolam-powder\/","name":"Metizolam w proszku na sprzeda\u017c - Kup Metizolam w proszku online | LG","isPartOf":{"@id":"https:\/\/legitgrams.com\/#website"},"primaryImageOfPage":{"@id":"https:\/\/legitgrams.com\/product\/metizolam-powder\/#primaryimage"},"image":{"@id":"https:\/\/legitgrams.com\/product\/metizolam-powder\/#primaryimage"},"thumbnailUrl":"https:\/\/legitgrams.com\/wp-content\/uploads\/2024\/09\/buy-metizolam-powder-online-1.jpg","datePublished":"2024-09-22T06:41:05+00:00","dateModified":"2025-04-03T08:58:31+00:00","description":"Chcesz kupi\u0107 Metizolam Powder online w rozs\u0105dnej cenie? Odwied\u017a nasz renomowany sklep internetowy Legitgrams i zdob\u0105d\u017a Metizolam Powder na sprzeda\u017c ju\u017c dzi\u015b. Z\u0142\u00f3\u017c zam\u00f3wienie ju\u017c teraz!","breadcrumb":{"@id":"https:\/\/legitgrams.com\/product\/metizolam-powder\/#breadcrumb"},"inLanguage":"pl-PL","potentialAction":[{"@type":"ReadAction","target":["https:\/\/legitgrams.com\/product\/metizolam-powder\/"]}]},{"@type":"ImageObject","inLanguage":"pl-PL","@id":"https:\/\/legitgrams.com\/product\/metizolam-powder\/#primaryimage","url":"https:\/\/legitgrams.com\/wp-content\/uploads\/2024\/09\/buy-metizolam-powder-online-1.jpg","contentUrl":"https:\/\/legitgrams.com\/wp-content\/uploads\/2024\/09\/buy-metizolam-powder-online-1.jpg","width":600,"height":600,"caption":"Metizolam Powder for Sale"},{"@type":"BreadcrumbList","@id":"https:\/\/legitgrams.com\/product\/metizolam-powder\/#breadcrumb","itemListElement":[{"@type":"ListItem","position":1,"name":"Home","item":"https:\/\/legitgrams.com\/"},{"@type":"ListItem","position":2,"name":"Shop","item":"https:\/\/legitgrams.com\/shop\/"},{"@type":"ListItem","position":3,"name":"Buy Metizolam Powder Online"}]},{"@type":"WebSite","@id":"https:\/\/legitgrams.com\/#website","url":"https:\/\/legitgrams.com\/","name":"Legit Grams","description":"M\u00f3j blog WordPress","publisher":{"@id":"https:\/\/legitgrams.com\/#organization"},"potentialAction":[{"@type":"SearchAction","target":{"@type":"EntryPoint","urlTemplate":"https:\/\/legitgrams.com\/?s={search_term_string}"},"query-input":{"@type":"PropertyValueSpecification","valueRequired":true,"valueName":"search_term_string"}}],"inLanguage":"pl-PL"},{"@type":"Organization","@id":"https:\/\/legitgrams.com\/#organization","name":"Legit Grams","url":"https:\/\/legitgrams.com\/","logo":{"@type":"ImageObject","inLanguage":"pl-PL","@id":"https:\/\/legitgrams.com\/#\/schema\/logo\/image\/","url":"https:\/\/legitgrams.com\/wp-content\/uploads\/2024\/09\/main-logo.png","contentUrl":"https:\/\/legitgrams.com\/wp-content\/uploads\/2024\/09\/main-logo.png","width":270,"height":75,"caption":"Legit Grams"},"image":{"@id":"https:\/\/legitgrams.com\/#\/schema\/logo\/image\/"}}]}},"uagb_featured_image_src":{"full":["https:\/\/legitgrams.com\/wp-content\/uploads\/2024\/09\/buy-metizolam-powder-online-1.jpg",600,600,false],"thumbnail":["https:\/\/legitgrams.com\/wp-content\/uploads\/2024\/09\/buy-metizolam-powder-online-1-150x150.jpg",150,150,true],"medium":["https:\/\/legitgrams.com\/wp-content\/uploads\/2024\/09\/buy-metizolam-powder-online-1-300x300.jpg",300,300,true],"medium_large":["https:\/\/legitgrams.com\/wp-content\/uploads\/2024\/09\/buy-metizolam-powder-online-1.jpg",600,600,false],"large":["https:\/\/legitgrams.com\/wp-content\/uploads\/2024\/09\/buy-metizolam-powder-online-1.jpg",600,600,false],"1536x1536":["https:\/\/legitgrams.com\/wp-content\/uploads\/2024\/09\/buy-metizolam-powder-online-1.jpg",600,600,false],"2048x2048":["https:\/\/legitgrams.com\/wp-content\/uploads\/2024\/09\/buy-metizolam-powder-online-1.jpg",600,600,false],"trp-custom-language-flag":["https:\/\/legitgrams.com\/wp-content\/uploads\/2024\/09\/buy-metizolam-powder-online-1-12x12.jpg",12,12,true],"woocommerce_thumbnail":["https:\/\/legitgrams.com\/wp-content\/uploads\/2024\/09\/buy-metizolam-powder-online-1-300x300.jpg",300,300,true],"woocommerce_single":["https:\/\/legitgrams.com\/wp-content\/uploads\/2024\/09\/buy-metizolam-powder-online-1.jpg",600,600,false],"woocommerce_gallery_thumbnail":["https:\/\/legitgrams.com\/wp-content\/uploads\/2024\/09\/buy-metizolam-powder-online-1-100x100.jpg",100,100,true]},"uagb_author_info":{"display_name":"cokeblog18","author_link":"https:\/\/legitgrams.com\/pl\/author\/"},"uagb_comment_info":0,"uagb_excerpt":"Purchase Powdered Metizolam Online API, active pharmaceutical ingredients, intermediates, DMF, FDA, US Drug Master Files, documentation, and certification for etizolam powder are all produced and supplied globally by Dandy Drugs. We offer to purchase top-notch sources with corresponding technical packages in accordance with commercialization or RND\/Development standards. Etizolam distributor from China. manufacturers of etizolam. Purchase&hellip;","_links":{"self":[{"href":"https:\/\/legitgrams.com\/pl\/wp-json\/wp\/v2\/product\/4226","targetHints":{"allow":["GET"]}}],"collection":[{"href":"https:\/\/legitgrams.com\/pl\/wp-json\/wp\/v2\/product"}],"about":[{"href":"https:\/\/legitgrams.com\/pl\/wp-json\/wp\/v2\/types\/product"}],"replies":[{"embeddable":true,"href":"https:\/\/legitgrams.com\/pl\/wp-json\/wp\/v2\/comments?post=4226"}],"wp:featuredmedia":[{"embeddable":true,"href":"https:\/\/legitgrams.com\/pl\/wp-json\/wp\/v2\/media\/5291"}],"wp:attachment":[{"href":"https:\/\/legitgrams.com\/pl\/wp-json\/wp\/v2\/media?parent=4226"}],"wp:term":[{"taxonomy":"product_brand","embeddable":true,"href":"https:\/\/legitgrams.com\/pl\/wp-json\/wp\/v2\/product_brand?post=4226"},{"taxonomy":"product_cat","embeddable":true,"href":"https:\/\/legitgrams.com\/pl\/wp-json\/wp\/v2\/product_cat?post=4226"},{"taxonomy":"product_tag","embeddable":true,"href":"https:\/\/legitgrams.com\/pl\/wp-json\/wp\/v2\/product_tag?post=4226"}],"curies":[{"name":"wp","href":"https:\/\/api.w.org\/{rel}","templated":true}]}}