{"id":4227,"date":"2024-09-22T06:40:50","date_gmt":"2024-09-22T06:40:50","guid":{"rendered":"https:\/\/legitgrams.com\/?post_type=product&#038;p=4227"},"modified":"2025-01-14T04:14:41","modified_gmt":"2025-01-14T04:14:41","slug":"proszek-efedryny","status":"publish","type":"product","link":"https:\/\/legitgrams.com\/pl\/produkt\/proszek-efedryny\/","title":{"rendered":"Efedryna w proszku"},"content":{"rendered":"<h2>Sprzeda\u017c czystego taniego proszku efenidyny<\/h2>\n<p><a href=\"https:\/\/legitgrams.com\/pl\/produkt\/proszek-efedryny\/\">Efedryna<\/a>, cz\u0119sto znany jako NEDPA, jest stosunkowo nowoczesnym i ma\u0142o znanym dysocjuj\u0105cym lekiem z klasy diaryetyloamin. Kup testowany proszek ephenidiny i 50 g ephenidiny ze zni\u017ck\u0105 online.<\/p>\n<p>Efenidyna, maj\u0105ca struktur\u0119 podobn\u0105 do diaryloetyloamin, takich jak difenidyna i metofenidyna, jest antagonist\u0105 receptora NMDA.s<\/p>\n<p>Badania nad leczeniem uszkodze\u0144 neurotoksycznych u ludzi przy u\u017cyciu efenidyny i podobnej diaryloetyloaminy <a href=\"https:\/\/legitgrams.com\/pl\/\">LegitGrams<\/a><\/p>\n<p>Kupowanie Czystej Tanio\u015bci <a href=\"https:\/\/en.wikipedia.org\/wiki\/Ephenidine\">Efedryna<\/a> Powder Online: Kupowanie Pure Cheap Ephenidine Powder online, kupowanie Pure Cheap Ephenidine Powder w USA, gdzie kupi\u0107 Pure Cheap Ephenidine Powder, gdzie kupi\u0107 Pure Cheap Ephenidine Powder na sprzeda\u017c, gdzie kupi\u0107 Pure Cheap Ephenidine Powder online w pobli\u017cu mnie, gdzie kupi\u0107 Pure Cheap Ephenidine Powder na sprzeda\u017c w USA, Kanadzie i innych krajach Wielkiej Brytanii; zakup, internet, sprzedawcy, bezpieczna wysy\u0142ka Proszek Ephenidine, kt\u00f3ry jest czysty i niedrogi, nadal mo\u017cna znale\u017a\u0107. Ponadto mo\u017cesz dowiedzie\u0107 si\u0119, czy jest legalny w Kanadzie, Stanach Zjednoczonych i jak zdoby\u0107 Pure Cheap Ephenidine Powder.<\/p>","protected":false},"excerpt":{"rendered":"<p>Sale of Pure Cheap Ephenidine Powder Ephenidine, often known as NEDPA, is a relatively modern and obscure dissociative drug in the diaryethylamine class. Buy tested ephenidine powder and 50 g of ephenidine at a discount online. Similar in structure to diaryletylamines such as diphenidine and metophenidine, ephenidine is an antagonist of the NMDA receptor. Research &hellip;<\/p>\n<p class=\"read-more\"> <a class=\"\" href=\"https:\/\/legitgrams.com\/pl\/produkt\/proszek-efedryny\/\"> <span class=\"screen-reader-text\">Efedryna w proszku<\/span> Czytaj wi\u0119cej \"<\/a><\/p>","protected":false},"featured_media":5298,"comment_status":"open","ping_status":"closed","template":"","meta":{"_uag_custom_page_level_css":"","site-sidebar-layout":"default","site-content-layout":"default","ast-global-header-display":"","ast-main-header-display":"","ast-hfb-above-header-display":"","ast-hfb-below-header-display":"","ast-hfb-mobile-header-display":"","site-post-title":"","ast-breadcrumbs-content":"","ast-featured-img":"","footer-sml-layout":"","theme-transparent-header-meta":"default","adv-header-id-meta":"","stick-header-meta":"default","header-above-stick-meta":"","header-main-stick-meta":"","header-below-stick-meta":"","_joinchat":[]},"product_brand":[],"product_cat":[600],"product_tag":[1842,1832,617,1824,1839,1823,1827,1826,1834,1825,1837,1844,1845,1843,1835,1840,1836,1831,1829,1841,1838,625,1830,1833,1828],"class_list":{"0":"post-4227","1":"product","2":"type-product","3":"status-publish","4":"has-post-thumbnail","6":"product_cat-research-chemicals-and-bath-salt","7":"product_tag-best-cheap-price-ephenidine-powder","8":"product_tag-best-place-to-buy-ephenidine-powder","9":"product_tag-bulk-online","10":"product_tag-buy-ephenidine-powder","11":"product_tag-cheap-ephenidine-powder","12":"product_tag-ephenidine-powder","13":"product_tag-ephenidine-powder-ephenidine-powder-supplier","14":"product_tag-ephenidine-powder-for-sale","15":"product_tag-ephenidine-powder-legally","16":"product_tag-ephenidine-powder-online","17":"product_tag-ephenidine-powder-store","18":"product_tag-ephenidine-powder-use","19":"product_tag-ephenidine-powder-wiki","20":"product_tag-ephenidine-powder-worldwide","21":"product_tag-ephenidine-powderprice","22":"product_tag-ephenidine-powders","23":"product_tag-high-quality-ephenidine-powder","24":"product_tag-how-to-buy-ephenidine-powder","25":"product_tag-order-ephenidine-powder","26":"product_tag-purcharse-ephenidine-powder","27":"product_tag-shop-ephenidine-powder","28":"product_tag-top-quality","29":"product_tag-where-to-buy-ephenidine-powder","30":"product_tag-where-to-order-ephenidine-powder","31":"product_tag-wholesale-ephenidine-powder","32":"desktop-align-left","33":"tablet-align-left","34":"mobile-align-left","35":"ast-product-gallery-layout-horizontal","36":"ast-product-gallery-with-no-image","37":"ast-product-single-variable","38":"ast-product-tabs-layout-horizontal","39":"ast-qv-on-image","41":"first","42":"instock","43":"shipping-taxable","44":"purchasable","45":"product-type-variable"},"yoast_head":"<!-- This site is optimized with the Yoast SEO plugin v25.9 - https:\/\/yoast.com\/wordpress\/plugins\/seo\/ -->\n<title>Ephenidine Powder for Sale - Order Ephenidine Powder Online<\/title>\n<meta name=\"description\" content=\"If you wish to buy Ephenidine Powder online so our Legitgrams store can help. We have Ephenidine Powder for sale at the best rates here. Place your order now!\" \/>\n<meta name=\"robots\" content=\"index, follow, max-snippet:-1, max-image-preview:large, max-video-preview:-1\" \/>\n<link rel=\"canonical\" href=\"https:\/\/legitgrams.com\/pl\/produkt\/proszek-efedryny\/\" \/>\n<meta property=\"og:locale\" content=\"pl_PL\" \/>\n<meta property=\"og:type\" content=\"article\" \/>\n<meta property=\"og:title\" content=\"Ephenidine Powder for Sale - Order Ephenidine Powder Online\" \/>\n<meta property=\"og:description\" content=\"If you wish to buy Ephenidine Powder online so our Legitgrams store can help. We have Ephenidine Powder for sale at the best rates here. Place your order now!\" \/>\n<meta property=\"og:url\" content=\"https:\/\/legitgrams.com\/pl\/produkt\/proszek-efedryny\/\" \/>\n<meta property=\"og:site_name\" content=\"Legit Grams\" \/>\n<meta property=\"article:modified_time\" content=\"2025-01-14T04:14:41+00:00\" \/>\n<meta property=\"og:image\" content=\"https:\/\/legitgrams.com\/wp-content\/uploads\/2024\/09\/buy-pure-cheap-ephenidine-powder-online.jpg\" \/>\n\t<meta property=\"og:image:width\" content=\"600\" \/>\n\t<meta property=\"og:image:height\" content=\"600\" \/>\n\t<meta property=\"og:image:type\" content=\"image\/jpeg\" \/>\n<meta name=\"twitter:card\" content=\"summary_large_image\" \/>\n<meta name=\"twitter:label1\" content=\"Szacowany czas czytania\" \/>\n\t<meta name=\"twitter:data1\" content=\"1 minuta\" \/>\n<script type=\"application\/ld+json\" class=\"yoast-schema-graph\">{\"@context\":\"https:\/\/schema.org\",\"@graph\":[{\"@type\":\"WebPage\",\"@id\":\"https:\/\/legitgrams.com\/product\/ephenidine-powder\/\",\"url\":\"https:\/\/legitgrams.com\/product\/ephenidine-powder\/\",\"name\":\"Ephenidine Powder for Sale - Order Ephenidine Powder Online\",\"isPartOf\":{\"@id\":\"https:\/\/legitgrams.com\/#website\"},\"primaryImageOfPage\":{\"@id\":\"https:\/\/legitgrams.com\/product\/ephenidine-powder\/#primaryimage\"},\"image\":{\"@id\":\"https:\/\/legitgrams.com\/product\/ephenidine-powder\/#primaryimage\"},\"thumbnailUrl\":\"https:\/\/legitgrams.com\/wp-content\/uploads\/2024\/09\/buy-pure-cheap-ephenidine-powder-online.jpg\",\"datePublished\":\"2024-09-22T06:40:50+00:00\",\"dateModified\":\"2025-01-14T04:14:41+00:00\",\"description\":\"If you wish to buy Ephenidine Powder online so our Legitgrams store can help. We have Ephenidine Powder for sale at the best rates here. Place your order now!\",\"breadcrumb\":{\"@id\":\"https:\/\/legitgrams.com\/product\/ephenidine-powder\/#breadcrumb\"},\"inLanguage\":\"pl-PL\",\"potentialAction\":[{\"@type\":\"ReadAction\",\"target\":[\"https:\/\/legitgrams.com\/product\/ephenidine-powder\/\"]}]},{\"@type\":\"ImageObject\",\"inLanguage\":\"pl-PL\",\"@id\":\"https:\/\/legitgrams.com\/product\/ephenidine-powder\/#primaryimage\",\"url\":\"https:\/\/legitgrams.com\/wp-content\/uploads\/2024\/09\/buy-pure-cheap-ephenidine-powder-online.jpg\",\"contentUrl\":\"https:\/\/legitgrams.com\/wp-content\/uploads\/2024\/09\/buy-pure-cheap-ephenidine-powder-online.jpg\",\"width\":600,\"height\":600,\"caption\":\"Ephenidine Powder for sale\"},{\"@type\":\"BreadcrumbList\",\"@id\":\"https:\/\/legitgrams.com\/product\/ephenidine-powder\/#breadcrumb\",\"itemListElement\":[{\"@type\":\"ListItem\",\"position\":1,\"name\":\"Home\",\"item\":\"https:\/\/legitgrams.com\/\"},{\"@type\":\"ListItem\",\"position\":2,\"name\":\"Shop\",\"item\":\"https:\/\/legitgrams.com\/shop\/\"},{\"@type\":\"ListItem\",\"position\":3,\"name\":\"Ephenidine Powder\"}]},{\"@type\":\"WebSite\",\"@id\":\"https:\/\/legitgrams.com\/#website\",\"url\":\"https:\/\/legitgrams.com\/\",\"name\":\"Legit Grams\",\"description\":\"My WordPress Blog\",\"publisher\":{\"@id\":\"https:\/\/legitgrams.com\/#organization\"},\"potentialAction\":[{\"@type\":\"SearchAction\",\"target\":{\"@type\":\"EntryPoint\",\"urlTemplate\":\"https:\/\/legitgrams.com\/?s={search_term_string}\"},\"query-input\":{\"@type\":\"PropertyValueSpecification\",\"valueRequired\":true,\"valueName\":\"search_term_string\"}}],\"inLanguage\":\"pl-PL\"},{\"@type\":\"Organization\",\"@id\":\"https:\/\/legitgrams.com\/#organization\",\"name\":\"Legit Grams\",\"url\":\"https:\/\/legitgrams.com\/\",\"logo\":{\"@type\":\"ImageObject\",\"inLanguage\":\"pl-PL\",\"@id\":\"https:\/\/legitgrams.com\/#\/schema\/logo\/image\/\",\"url\":\"https:\/\/legitgrams.com\/wp-content\/uploads\/2024\/09\/main-logo.png\",\"contentUrl\":\"https:\/\/legitgrams.com\/wp-content\/uploads\/2024\/09\/main-logo.png\",\"width\":270,\"height\":75,\"caption\":\"Legit Grams\"},\"image\":{\"@id\":\"https:\/\/legitgrams.com\/#\/schema\/logo\/image\/\"}}]}<\/script>\n<!-- \/ Yoast SEO plugin. -->","yoast_head_json":{"title":"Ephenidine Powder na sprzeda\u017c - Zam\u00f3w Ephenidine Powder online","description":"Je\u015bli chcesz kupi\u0107 Ephenidine Powder online, nasz sklep Legitgrams mo\u017ce pom\u00f3c. Mamy Ephenidine Powder na sprzeda\u017c w najlepszych cenach tutaj. Z\u0142\u00f3\u017c zam\u00f3wienie teraz!","robots":{"index":"index","follow":"follow","max-snippet":"max-snippet:-1","max-image-preview":"max-image-preview:large","max-video-preview":"max-video-preview:-1"},"canonical":"https:\/\/legitgrams.com\/pl\/produkt\/proszek-efedryny\/","og_locale":"pl_PL","og_type":"article","og_title":"Ephenidine Powder for Sale - Order Ephenidine Powder Online","og_description":"If you wish to buy Ephenidine Powder online so our Legitgrams store can help. We have Ephenidine Powder for sale at the best rates here. Place your order now!","og_url":"https:\/\/legitgrams.com\/pl\/produkt\/proszek-efedryny\/","og_site_name":"Legit Grams","article_modified_time":"2025-01-14T04:14:41+00:00","og_image":[{"width":600,"height":600,"url":"https:\/\/legitgrams.com\/wp-content\/uploads\/2024\/09\/buy-pure-cheap-ephenidine-powder-online.jpg","type":"image\/jpeg"}],"twitter_card":"summary_large_image","twitter_misc":{"Szacowany czas czytania":"1 minuta"},"schema":{"@context":"https:\/\/schema.org","@graph":[{"@type":"WebPage","@id":"https:\/\/legitgrams.com\/product\/ephenidine-powder\/","url":"https:\/\/legitgrams.com\/product\/ephenidine-powder\/","name":"Ephenidine Powder na sprzeda\u017c - Zam\u00f3w Ephenidine Powder online","isPartOf":{"@id":"https:\/\/legitgrams.com\/#website"},"primaryImageOfPage":{"@id":"https:\/\/legitgrams.com\/product\/ephenidine-powder\/#primaryimage"},"image":{"@id":"https:\/\/legitgrams.com\/product\/ephenidine-powder\/#primaryimage"},"thumbnailUrl":"https:\/\/legitgrams.com\/wp-content\/uploads\/2024\/09\/buy-pure-cheap-ephenidine-powder-online.jpg","datePublished":"2024-09-22T06:40:50+00:00","dateModified":"2025-01-14T04:14:41+00:00","description":"Je\u015bli chcesz kupi\u0107 Ephenidine Powder online, nasz sklep Legitgrams mo\u017ce pom\u00f3c. Mamy Ephenidine Powder na sprzeda\u017c w najlepszych cenach tutaj. Z\u0142\u00f3\u017c zam\u00f3wienie teraz!","breadcrumb":{"@id":"https:\/\/legitgrams.com\/product\/ephenidine-powder\/#breadcrumb"},"inLanguage":"pl-PL","potentialAction":[{"@type":"ReadAction","target":["https:\/\/legitgrams.com\/product\/ephenidine-powder\/"]}]},{"@type":"ImageObject","inLanguage":"pl-PL","@id":"https:\/\/legitgrams.com\/product\/ephenidine-powder\/#primaryimage","url":"https:\/\/legitgrams.com\/wp-content\/uploads\/2024\/09\/buy-pure-cheap-ephenidine-powder-online.jpg","contentUrl":"https:\/\/legitgrams.com\/wp-content\/uploads\/2024\/09\/buy-pure-cheap-ephenidine-powder-online.jpg","width":600,"height":600,"caption":"Ephenidine Powder for sale"},{"@type":"BreadcrumbList","@id":"https:\/\/legitgrams.com\/product\/ephenidine-powder\/#breadcrumb","itemListElement":[{"@type":"ListItem","position":1,"name":"Home","item":"https:\/\/legitgrams.com\/"},{"@type":"ListItem","position":2,"name":"Shop","item":"https:\/\/legitgrams.com\/shop\/"},{"@type":"ListItem","position":3,"name":"Ephenidine Powder"}]},{"@type":"WebSite","@id":"https:\/\/legitgrams.com\/#website","url":"https:\/\/legitgrams.com\/","name":"Legit Grams","description":"M\u00f3j blog WordPress","publisher":{"@id":"https:\/\/legitgrams.com\/#organization"},"potentialAction":[{"@type":"SearchAction","target":{"@type":"EntryPoint","urlTemplate":"https:\/\/legitgrams.com\/?s={search_term_string}"},"query-input":{"@type":"PropertyValueSpecification","valueRequired":true,"valueName":"search_term_string"}}],"inLanguage":"pl-PL"},{"@type":"Organization","@id":"https:\/\/legitgrams.com\/#organization","name":"Legit Grams","url":"https:\/\/legitgrams.com\/","logo":{"@type":"ImageObject","inLanguage":"pl-PL","@id":"https:\/\/legitgrams.com\/#\/schema\/logo\/image\/","url":"https:\/\/legitgrams.com\/wp-content\/uploads\/2024\/09\/main-logo.png","contentUrl":"https:\/\/legitgrams.com\/wp-content\/uploads\/2024\/09\/main-logo.png","width":270,"height":75,"caption":"Legit Grams"},"image":{"@id":"https:\/\/legitgrams.com\/#\/schema\/logo\/image\/"}}]}},"uagb_featured_image_src":{"full":["https:\/\/legitgrams.com\/wp-content\/uploads\/2024\/09\/buy-pure-cheap-ephenidine-powder-online.jpg",600,600,false],"thumbnail":["https:\/\/legitgrams.com\/wp-content\/uploads\/2024\/09\/buy-pure-cheap-ephenidine-powder-online-150x150.jpg",150,150,true],"medium":["https:\/\/legitgrams.com\/wp-content\/uploads\/2024\/09\/buy-pure-cheap-ephenidine-powder-online-300x300.jpg",300,300,true],"medium_large":["https:\/\/legitgrams.com\/wp-content\/uploads\/2024\/09\/buy-pure-cheap-ephenidine-powder-online.jpg",600,600,false],"large":["https:\/\/legitgrams.com\/wp-content\/uploads\/2024\/09\/buy-pure-cheap-ephenidine-powder-online.jpg",600,600,false],"1536x1536":["https:\/\/legitgrams.com\/wp-content\/uploads\/2024\/09\/buy-pure-cheap-ephenidine-powder-online.jpg",600,600,false],"2048x2048":["https:\/\/legitgrams.com\/wp-content\/uploads\/2024\/09\/buy-pure-cheap-ephenidine-powder-online.jpg",600,600,false],"trp-custom-language-flag":["https:\/\/legitgrams.com\/wp-content\/uploads\/2024\/09\/buy-pure-cheap-ephenidine-powder-online-12x12.jpg",12,12,true],"woocommerce_thumbnail":["https:\/\/legitgrams.com\/wp-content\/uploads\/2024\/09\/buy-pure-cheap-ephenidine-powder-online-300x300.jpg",300,300,true],"woocommerce_single":["https:\/\/legitgrams.com\/wp-content\/uploads\/2024\/09\/buy-pure-cheap-ephenidine-powder-online.jpg",600,600,false],"woocommerce_gallery_thumbnail":["https:\/\/legitgrams.com\/wp-content\/uploads\/2024\/09\/buy-pure-cheap-ephenidine-powder-online-100x100.jpg",100,100,true]},"uagb_author_info":{"display_name":"cokeblog18","author_link":"https:\/\/legitgrams.com\/pl\/author\/"},"uagb_comment_info":0,"uagb_excerpt":"Sale of Pure Cheap Ephenidine Powder Ephenidine, often known as NEDPA, is a relatively modern and obscure dissociative drug in the diaryethylamine class. Buy tested ephenidine powder and 50 g of ephenidine at a discount online. Similar in structure to diaryletylamines such as diphenidine and metophenidine, ephenidine is an antagonist of the NMDA receptor. Research&hellip;","_links":{"self":[{"href":"https:\/\/legitgrams.com\/pl\/wp-json\/wp\/v2\/product\/4227","targetHints":{"allow":["GET"]}}],"collection":[{"href":"https:\/\/legitgrams.com\/pl\/wp-json\/wp\/v2\/product"}],"about":[{"href":"https:\/\/legitgrams.com\/pl\/wp-json\/wp\/v2\/types\/product"}],"replies":[{"embeddable":true,"href":"https:\/\/legitgrams.com\/pl\/wp-json\/wp\/v2\/comments?post=4227"}],"wp:featuredmedia":[{"embeddable":true,"href":"https:\/\/legitgrams.com\/pl\/wp-json\/wp\/v2\/media\/5298"}],"wp:attachment":[{"href":"https:\/\/legitgrams.com\/pl\/wp-json\/wp\/v2\/media?parent=4227"}],"wp:term":[{"taxonomy":"product_brand","embeddable":true,"href":"https:\/\/legitgrams.com\/pl\/wp-json\/wp\/v2\/product_brand?post=4227"},{"taxonomy":"product_cat","embeddable":true,"href":"https:\/\/legitgrams.com\/pl\/wp-json\/wp\/v2\/product_cat?post=4227"},{"taxonomy":"product_tag","embeddable":true,"href":"https:\/\/legitgrams.com\/pl\/wp-json\/wp\/v2\/product_tag?post=4227"}],"curies":[{"name":"wp","href":"https:\/\/api.w.org\/{rel}","templated":true}]}}