{"id":4232,"date":"2024-09-22T06:37:50","date_gmt":"2024-09-22T06:37:50","guid":{"rendered":"https:\/\/legitgrams.com\/?post_type=product&#038;p=4232"},"modified":"2025-01-14T10:54:04","modified_gmt":"2025-01-14T10:54:04","slug":"pirazolam-0-5-mg-granulki","status":"publish","type":"product","link":"https:\/\/legitgrams.com\/pl\/produkt\/pirazolam-0-5-mg-granulki\/","title":{"rendered":"Pyrazolam 0,5 mg granulki"},"content":{"rendered":"<h2>Kup 0,5 mg granulek Pyrazolamu online.<br \/>\nDlaczego stosuje si\u0119 pirazolam?<\/h2>\n<p>El alprazolam, un miembro b\u00e1sico de la clase de sustancias qu\u00edmicas de las benzodiazepinas, es otro compuesto sint\u00e9tico que se est\u00e1 estudiando. Se cree que, debido a su estructura, se unir\u00eda alost\u00e9ricamente al receptor GABA de una manera comparable a la del flubromazepam y el etizolam, pero con una mayor afinidad y una vida media de medio d\u00eda. Es razonable suponer, bas\u00e1ndose en la estructura, que el pirazolam causa menos ataxia y act\u00faa m\u00e1s como un ansiol\u00edtico que como un narc\u00f3tico. Sin embargo, esto es solo informaci\u00f3n hipot\u00e9tica, en el caso de que el pirazolam se autorice para la investigaci\u00f3n in vivo (en un organismo vivo). Muchos investigadores que utilizan etizolam pueden descubrir pirazolam, un ligando incre\u00edblemente cercano, tanto en sus pruebas de acoplamiento como en el examen de referencia general.<\/p>\n<h3>W jakim celu stosuje si\u0119 pirazolam?<\/h3>\n<p><a href=\"https:\/\/en.wikipedia.org\/wiki\/Pyrazolam\">Pyrazolam<\/a> mo\u017ce by\u0107 dobrym ligandem do rozpocz\u0119cia autorytatywnych i powa\u017cnych bada\u0144 nad ograniczeniem receptora GABA, poniewa\u017c jest to zwi\u0105zek eksploracyjny, kt\u00f3ry jest dozwolony tylko do stosowania in vitro (zewn\u0119trzny \u017cywy organizm). Naukowcy mogli ca\u0142kowicie sprofilowa\u0107 sk\u0142onno\u015b\u0107 do sprz\u0119gania i prze\u017cywalno\u015b\u0107 pirazolamu za pomoc\u0105 syntetycznego filmu nasyconego receptorami GABA. Poniewa\u017c pirazolam rozpuszcza si\u0119 w wodzie, mo\u017ce by\u0107 r\u00f3wnie\u017c stosowany, rozcie\u0144czony, w roztworze na bazie wody dla wi\u0119kszo\u015bci ekstremalnej powierzchni. Pirazolam jest niesamowitym lekiem eksploracyjnym, kt\u00f3ry mo\u017cna \u0142\u0105czy\u0107 z innymi syntetycznymi lekami na bazie benzodiazepin, takimi jak flubromazepam.<br \/>\nSyntetyczne biblioteki referencyjne, kt\u00f3re kompiluj\u0105 dane dotycz\u0105ce bada\u0144 substancji dla ka\u017cdego nowego zwi\u0105zku, mog\u0105 wykorzystywa\u0107 pirazolam. Pyrazolam mo\u017ce by\u0107 stosowany jako \u017ar\u00f3d\u0142o punktu widzenia dla analiz FTIR, NMR, HPLC i GC\/MS. Pyrazolam ma r\u00f3wnie\u017c zastosowanie do podstawowych niezb\u0119dnych test\u00f3w odczynnik\u00f3w. <a href=\"https:\/\/legitgrams.com\/pl\/\">LegitGrams<\/a><\/p>\n<p>Stearynian magnezu i celuloza mikrokrystaliczna, kt\u00f3re s\u0105 u\u017cywane w cyklu granulowania, s\u0105 obecne w naszych granulkach pyrazolamu. Poniewa\u017c niewielka ilo\u015b\u0107 tego syntetyku jest tak dynamiczna, zdecydowali\u015bmy si\u0119 na granulowanie naszego pyrazolamu, aby umo\u017cliwi\u0107 naukowcom dok\u0142adne zmierzenie po prostu wykorzystania rodzaju substancji. Mniej ryzykowne jest r\u00f3wnie\u017c umieszczenie zwi\u0105zku w zabezpieczonym granulacie, aby unikn\u0105\u0107 przypadkowego rozlania lub potencjalnego wdychania.<\/p>\n<p>Gdzie kupi\u0107 Pyrazolam? Kup Pyrazolam 0,5 mg granulki online - kup <a href=\"https:\/\/legitgrams.com\/pl\/produkt\/pirazolam-0-5-mg-granulki\/\">Pyrazolam<\/a> 0,5 mg granulki, kupi\u0107 Pyrazolam 0,5 mg granulki usa, kupi\u0107 Pyrazolam 0,5 mg granulki online USA dosta\u0107 Pyrazolam 0,5 mg granulki online blisko mnie, gdzie kupi\u0107 Pyrazolam 0,5 mg granulki online, Pyrazolam 0.5 mg na sprzeda\u017c w USA, Kanadzie i Wielkiej Brytanii, kupi\u0107, online, dostawcy, bezpieczna dostawa, 0,5 mg granulki, Pyrazolam 0,5 mg granulki na sprzeda\u017c, Pyrazolam 0,5 mg granulki na sprzeda\u017c blisko mnie, Nadal mo\u017cna uzyska\u0107 Pyrazolam 0,5 mg granulki. Mo\u017cesz r\u00f3wnie\u017c dowiedzie\u0107 si\u0119, czy granulki Pyrazolam 0,5 mg s\u0105 legalne w Stanach Zjednoczonych, jak zam\u00f3wi\u0107 granulki Pyrazolam 0,5 mg i czy s\u0105 one legalne w Kanadzie.<\/p>","protected":false},"excerpt":{"rendered":"<p>Purchase 0.5 mg pellets of Pyrazolam online. Why is pyrazolam used? Alprazolam, a basic member of the benzodiazepine class of chemicals, is another synthetic that is being studied. It is thought that because of its structure, it would allosterically bind to the GABA receptor in a way that is comparable to that of flubromazepam and &hellip;<\/p>\n<p class=\"read-more\"> <a class=\"\" href=\"https:\/\/legitgrams.com\/pl\/produkt\/pirazolam-0-5-mg-granulki\/\"> <span class=\"screen-reader-text\">Pyrazolam 0,5 mg granulki<\/span> Czytaj wi\u0119cej \"<\/a><\/p>","protected":false},"featured_media":5309,"comment_status":"open","ping_status":"closed","template":"","meta":{"_uag_custom_page_level_css":"","site-sidebar-layout":"default","site-content-layout":"default","ast-global-header-display":"","ast-main-header-display":"","ast-hfb-above-header-display":"","ast-hfb-below-header-display":"","ast-hfb-mobile-header-display":"","site-post-title":"","ast-breadcrumbs-content":"","ast-featured-img":"","footer-sml-layout":"","theme-transparent-header-meta":"default","adv-header-id-meta":"","stick-header-meta":"default","header-above-stick-meta":"","header-main-stick-meta":"","header-below-stick-meta":"","_joinchat":[]},"product_brand":[],"product_cat":[600],"product_tag":[1957,1947,617,1939,1954,1951,1946,1944,1956,1938,1941,1949,1940,1942,1952,1959,1960,1958,1950,1955,1953,625,1945,1948,1943],"class_list":{"0":"post-4232","1":"product","2":"type-product","3":"status-publish","4":"has-post-thumbnail","6":"product_cat-research-chemicals-and-bath-salt","7":"product_tag-best-cheap-price-pyrazolam-0-5-mg-pellets","8":"product_tag-best-place-to-buy-pyrazolam-0-5-mg-pellets","9":"product_tag-bulk-online","10":"product_tag-buy-pyrazolam-0-5-mg-pellets","11":"product_tag-cheap-pyrazolam-0-5-mg-pellets","12":"product_tag-high-quality-pyrazolam-0-5-mg-pellets","13":"product_tag-how-to-buy-pyrazolam-0-5-mg-pellets","14":"product_tag-order-pyrazolam-0-5-mg-pellets","15":"product_tag-purcharse-pyrazolam-0-5-mg-pellets","16":"product_tag-pyrazolam-0-5-mg-pellets","17":"product_tag-pyrazolam-0-5-mg-pellets-for-sale","18":"product_tag-pyrazolam-0-5-mg-pellets-legally","19":"product_tag-pyrazolam-0-5-mg-pellets-online","20":"product_tag-pyrazolam-0-5-mg-pellets-pyrazolam-0-5-mg-pellets-supplier","21":"product_tag-pyrazolam-0-5-mg-pellets-store","22":"product_tag-pyrazolam-0-5-mg-pellets-use","23":"product_tag-pyrazolam-0-5-mg-pellets-wiki","24":"product_tag-pyrazolam-0-5-mg-pellets-worldwide","25":"product_tag-pyrazolam-0-5-mg-pelletsprice","26":"product_tag-pyrazolam-0-5-mg-pelletss","27":"product_tag-shop-pyrazolam-0-5-mg-pellets","28":"product_tag-top-quality","29":"product_tag-where-to-buy-pyrazolam-0-5-mg-pellets","30":"product_tag-where-to-order-pyrazolam-0-5-mg-pellets","31":"product_tag-wholesale-pyrazolam-0-5-mg-pellets","32":"desktop-align-left","33":"tablet-align-left","34":"mobile-align-left","35":"ast-product-gallery-layout-horizontal","36":"ast-product-gallery-with-no-image","37":"ast-product-single-variable","38":"ast-product-tabs-layout-horizontal","39":"ast-qv-on-image","41":"first","42":"instock","43":"shipping-taxable","44":"purchasable","45":"product-type-variable"},"yoast_head":"<!-- This site is optimized with the Yoast SEO plugin v25.9 - https:\/\/yoast.com\/wordpress\/plugins\/seo\/ -->\n<title>Order Pyrazolam 0.5mg Pellets Online @ Best Price | LegitGrams<\/title>\n<meta name=\"description\" content=\"Looking to further your research? Buy pyrazolam 0.5mg pellets conveniently and securely online, with a straightforward ordering process for pyrazolam 0.5mg pellets for sale. Order Now with Fast and Discreet Shipping!\" \/>\n<meta name=\"robots\" content=\"index, follow, max-snippet:-1, max-image-preview:large, max-video-preview:-1\" \/>\n<link rel=\"canonical\" href=\"https:\/\/legitgrams.com\/pl\/produkt\/pirazolam-0-5-mg-granulki\/\" \/>\n<meta property=\"og:locale\" content=\"pl_PL\" \/>\n<meta property=\"og:type\" content=\"article\" \/>\n<meta property=\"og:title\" content=\"Order Pyrazolam 0.5mg Pellets Online @ Best Price | LegitGrams\" \/>\n<meta property=\"og:description\" content=\"Looking to further your research? Buy pyrazolam 0.5mg pellets conveniently and securely online, with a straightforward ordering process for pyrazolam 0.5mg pellets for sale. Order Now with Fast and Discreet Shipping!\" \/>\n<meta property=\"og:url\" content=\"https:\/\/legitgrams.com\/pl\/produkt\/pirazolam-0-5-mg-granulki\/\" \/>\n<meta property=\"og:site_name\" content=\"Legit Grams\" \/>\n<meta property=\"article:modified_time\" content=\"2025-01-14T10:54:04+00:00\" \/>\n<meta property=\"og:image\" content=\"https:\/\/legitgrams.com\/wp-content\/uploads\/2024\/09\/buy-pyrazolam-0-5-mg-pellets-online.jpg\" \/>\n\t<meta property=\"og:image:width\" content=\"600\" \/>\n\t<meta property=\"og:image:height\" content=\"600\" \/>\n\t<meta property=\"og:image:type\" content=\"image\/jpeg\" \/>\n<meta name=\"twitter:card\" content=\"summary_large_image\" \/>\n<meta name=\"twitter:label1\" content=\"Szacowany czas czytania\" \/>\n\t<meta name=\"twitter:data1\" content=\"3 minuty\" \/>\n<script type=\"application\/ld+json\" class=\"yoast-schema-graph\">{\"@context\":\"https:\/\/schema.org\",\"@graph\":[{\"@type\":\"WebPage\",\"@id\":\"https:\/\/legitgrams.com\/product\/pyrazolam-0-5-mg-pellets\/\",\"url\":\"https:\/\/legitgrams.com\/product\/pyrazolam-0-5-mg-pellets\/\",\"name\":\"Order Pyrazolam 0.5mg Pellets Online @ Best Price | LegitGrams\",\"isPartOf\":{\"@id\":\"https:\/\/legitgrams.com\/#website\"},\"primaryImageOfPage\":{\"@id\":\"https:\/\/legitgrams.com\/product\/pyrazolam-0-5-mg-pellets\/#primaryimage\"},\"image\":{\"@id\":\"https:\/\/legitgrams.com\/product\/pyrazolam-0-5-mg-pellets\/#primaryimage\"},\"thumbnailUrl\":\"https:\/\/legitgrams.com\/wp-content\/uploads\/2024\/09\/buy-pyrazolam-0-5-mg-pellets-online.jpg\",\"datePublished\":\"2024-09-22T06:37:50+00:00\",\"dateModified\":\"2025-01-14T10:54:04+00:00\",\"description\":\"Looking to further your research? Buy pyrazolam 0.5mg pellets conveniently and securely online, with a straightforward ordering process for pyrazolam 0.5mg pellets for sale. Order Now with Fast and Discreet Shipping!\",\"breadcrumb\":{\"@id\":\"https:\/\/legitgrams.com\/product\/pyrazolam-0-5-mg-pellets\/#breadcrumb\"},\"inLanguage\":\"pl-PL\",\"potentialAction\":[{\"@type\":\"ReadAction\",\"target\":[\"https:\/\/legitgrams.com\/product\/pyrazolam-0-5-mg-pellets\/\"]}]},{\"@type\":\"ImageObject\",\"inLanguage\":\"pl-PL\",\"@id\":\"https:\/\/legitgrams.com\/product\/pyrazolam-0-5-mg-pellets\/#primaryimage\",\"url\":\"https:\/\/legitgrams.com\/wp-content\/uploads\/2024\/09\/buy-pyrazolam-0-5-mg-pellets-online.jpg\",\"contentUrl\":\"https:\/\/legitgrams.com\/wp-content\/uploads\/2024\/09\/buy-pyrazolam-0-5-mg-pellets-online.jpg\",\"width\":600,\"height\":600,\"caption\":\"Pyrazolam 0.5mg Pellets for Sale\"},{\"@type\":\"BreadcrumbList\",\"@id\":\"https:\/\/legitgrams.com\/product\/pyrazolam-0-5-mg-pellets\/#breadcrumb\",\"itemListElement\":[{\"@type\":\"ListItem\",\"position\":1,\"name\":\"Home\",\"item\":\"https:\/\/legitgrams.com\/\"},{\"@type\":\"ListItem\",\"position\":2,\"name\":\"Shop\",\"item\":\"https:\/\/legitgrams.com\/shop\/\"},{\"@type\":\"ListItem\",\"position\":3,\"name\":\"Pyrazolam 0.5 mg pellets\"}]},{\"@type\":\"WebSite\",\"@id\":\"https:\/\/legitgrams.com\/#website\",\"url\":\"https:\/\/legitgrams.com\/\",\"name\":\"Legit Grams\",\"description\":\"My WordPress Blog\",\"publisher\":{\"@id\":\"https:\/\/legitgrams.com\/#organization\"},\"potentialAction\":[{\"@type\":\"SearchAction\",\"target\":{\"@type\":\"EntryPoint\",\"urlTemplate\":\"https:\/\/legitgrams.com\/?s={search_term_string}\"},\"query-input\":{\"@type\":\"PropertyValueSpecification\",\"valueRequired\":true,\"valueName\":\"search_term_string\"}}],\"inLanguage\":\"pl-PL\"},{\"@type\":\"Organization\",\"@id\":\"https:\/\/legitgrams.com\/#organization\",\"name\":\"Legit Grams\",\"url\":\"https:\/\/legitgrams.com\/\",\"logo\":{\"@type\":\"ImageObject\",\"inLanguage\":\"pl-PL\",\"@id\":\"https:\/\/legitgrams.com\/#\/schema\/logo\/image\/\",\"url\":\"https:\/\/legitgrams.com\/wp-content\/uploads\/2024\/09\/main-logo.png\",\"contentUrl\":\"https:\/\/legitgrams.com\/wp-content\/uploads\/2024\/09\/main-logo.png\",\"width\":270,\"height\":75,\"caption\":\"Legit Grams\"},\"image\":{\"@id\":\"https:\/\/legitgrams.com\/#\/schema\/logo\/image\/\"}}]}<\/script>\n<!-- \/ Yoast SEO plugin. -->","yoast_head_json":{"title":"Zam\u00f3w Pyrazolam 0.5mg Pellets Online @ Najlepsza cena | LegitGrams","description":"Chcesz pog\u0142\u0119bi\u0107 swoje badania? Kup pyrazolam 0,5 mg w wygodnej i bezpiecznej formie online, z prostym procesem zamawiania pyrazolamu 0,5 mg na sprzeda\u017c. Zam\u00f3w teraz z szybk\u0105 i dyskretn\u0105 wysy\u0142k\u0105!","robots":{"index":"index","follow":"follow","max-snippet":"max-snippet:-1","max-image-preview":"max-image-preview:large","max-video-preview":"max-video-preview:-1"},"canonical":"https:\/\/legitgrams.com\/pl\/produkt\/pirazolam-0-5-mg-granulki\/","og_locale":"pl_PL","og_type":"article","og_title":"Order Pyrazolam 0.5mg Pellets Online @ Best Price | LegitGrams","og_description":"Looking to further your research? Buy pyrazolam 0.5mg pellets conveniently and securely online, with a straightforward ordering process for pyrazolam 0.5mg pellets for sale. Order Now with Fast and Discreet Shipping!","og_url":"https:\/\/legitgrams.com\/pl\/produkt\/pirazolam-0-5-mg-granulki\/","og_site_name":"Legit Grams","article_modified_time":"2025-01-14T10:54:04+00:00","og_image":[{"width":600,"height":600,"url":"https:\/\/legitgrams.com\/wp-content\/uploads\/2024\/09\/buy-pyrazolam-0-5-mg-pellets-online.jpg","type":"image\/jpeg"}],"twitter_card":"summary_large_image","twitter_misc":{"Szacowany czas czytania":"3 minuty"},"schema":{"@context":"https:\/\/schema.org","@graph":[{"@type":"WebPage","@id":"https:\/\/legitgrams.com\/product\/pyrazolam-0-5-mg-pellets\/","url":"https:\/\/legitgrams.com\/product\/pyrazolam-0-5-mg-pellets\/","name":"Zam\u00f3w Pyrazolam 0.5mg Pellets Online @ Najlepsza cena | LegitGrams","isPartOf":{"@id":"https:\/\/legitgrams.com\/#website"},"primaryImageOfPage":{"@id":"https:\/\/legitgrams.com\/product\/pyrazolam-0-5-mg-pellets\/#primaryimage"},"image":{"@id":"https:\/\/legitgrams.com\/product\/pyrazolam-0-5-mg-pellets\/#primaryimage"},"thumbnailUrl":"https:\/\/legitgrams.com\/wp-content\/uploads\/2024\/09\/buy-pyrazolam-0-5-mg-pellets-online.jpg","datePublished":"2024-09-22T06:37:50+00:00","dateModified":"2025-01-14T10:54:04+00:00","description":"Chcesz pog\u0142\u0119bi\u0107 swoje badania? Kup pyrazolam 0,5 mg w wygodnej i bezpiecznej formie online, z prostym procesem zamawiania pyrazolamu 0,5 mg na sprzeda\u017c. Zam\u00f3w teraz z szybk\u0105 i dyskretn\u0105 wysy\u0142k\u0105!","breadcrumb":{"@id":"https:\/\/legitgrams.com\/product\/pyrazolam-0-5-mg-pellets\/#breadcrumb"},"inLanguage":"pl-PL","potentialAction":[{"@type":"ReadAction","target":["https:\/\/legitgrams.com\/product\/pyrazolam-0-5-mg-pellets\/"]}]},{"@type":"ImageObject","inLanguage":"pl-PL","@id":"https:\/\/legitgrams.com\/product\/pyrazolam-0-5-mg-pellets\/#primaryimage","url":"https:\/\/legitgrams.com\/wp-content\/uploads\/2024\/09\/buy-pyrazolam-0-5-mg-pellets-online.jpg","contentUrl":"https:\/\/legitgrams.com\/wp-content\/uploads\/2024\/09\/buy-pyrazolam-0-5-mg-pellets-online.jpg","width":600,"height":600,"caption":"Pyrazolam 0.5mg Pellets for Sale"},{"@type":"BreadcrumbList","@id":"https:\/\/legitgrams.com\/product\/pyrazolam-0-5-mg-pellets\/#breadcrumb","itemListElement":[{"@type":"ListItem","position":1,"name":"Home","item":"https:\/\/legitgrams.com\/"},{"@type":"ListItem","position":2,"name":"Shop","item":"https:\/\/legitgrams.com\/shop\/"},{"@type":"ListItem","position":3,"name":"Pyrazolam 0.5 mg pellets"}]},{"@type":"WebSite","@id":"https:\/\/legitgrams.com\/#website","url":"https:\/\/legitgrams.com\/","name":"Legit Grams","description":"M\u00f3j blog WordPress","publisher":{"@id":"https:\/\/legitgrams.com\/#organization"},"potentialAction":[{"@type":"SearchAction","target":{"@type":"EntryPoint","urlTemplate":"https:\/\/legitgrams.com\/?s={search_term_string}"},"query-input":{"@type":"PropertyValueSpecification","valueRequired":true,"valueName":"search_term_string"}}],"inLanguage":"pl-PL"},{"@type":"Organization","@id":"https:\/\/legitgrams.com\/#organization","name":"Legit Grams","url":"https:\/\/legitgrams.com\/","logo":{"@type":"ImageObject","inLanguage":"pl-PL","@id":"https:\/\/legitgrams.com\/#\/schema\/logo\/image\/","url":"https:\/\/legitgrams.com\/wp-content\/uploads\/2024\/09\/main-logo.png","contentUrl":"https:\/\/legitgrams.com\/wp-content\/uploads\/2024\/09\/main-logo.png","width":270,"height":75,"caption":"Legit Grams"},"image":{"@id":"https:\/\/legitgrams.com\/#\/schema\/logo\/image\/"}}]}},"uagb_featured_image_src":{"full":["https:\/\/legitgrams.com\/wp-content\/uploads\/2024\/09\/buy-pyrazolam-0-5-mg-pellets-online.jpg",600,600,false],"thumbnail":["https:\/\/legitgrams.com\/wp-content\/uploads\/2024\/09\/buy-pyrazolam-0-5-mg-pellets-online-150x150.jpg",150,150,true],"medium":["https:\/\/legitgrams.com\/wp-content\/uploads\/2024\/09\/buy-pyrazolam-0-5-mg-pellets-online-300x300.jpg",300,300,true],"medium_large":["https:\/\/legitgrams.com\/wp-content\/uploads\/2024\/09\/buy-pyrazolam-0-5-mg-pellets-online.jpg",600,600,false],"large":["https:\/\/legitgrams.com\/wp-content\/uploads\/2024\/09\/buy-pyrazolam-0-5-mg-pellets-online.jpg",600,600,false],"1536x1536":["https:\/\/legitgrams.com\/wp-content\/uploads\/2024\/09\/buy-pyrazolam-0-5-mg-pellets-online.jpg",600,600,false],"2048x2048":["https:\/\/legitgrams.com\/wp-content\/uploads\/2024\/09\/buy-pyrazolam-0-5-mg-pellets-online.jpg",600,600,false],"trp-custom-language-flag":["https:\/\/legitgrams.com\/wp-content\/uploads\/2024\/09\/buy-pyrazolam-0-5-mg-pellets-online-12x12.jpg",12,12,true],"woocommerce_thumbnail":["https:\/\/legitgrams.com\/wp-content\/uploads\/2024\/09\/buy-pyrazolam-0-5-mg-pellets-online-300x300.jpg",300,300,true],"woocommerce_single":["https:\/\/legitgrams.com\/wp-content\/uploads\/2024\/09\/buy-pyrazolam-0-5-mg-pellets-online.jpg",600,600,false],"woocommerce_gallery_thumbnail":["https:\/\/legitgrams.com\/wp-content\/uploads\/2024\/09\/buy-pyrazolam-0-5-mg-pellets-online-100x100.jpg",100,100,true]},"uagb_author_info":{"display_name":"cokeblog18","author_link":"https:\/\/legitgrams.com\/pl\/author\/"},"uagb_comment_info":0,"uagb_excerpt":"Purchase 0.5 mg pellets of Pyrazolam online. Why is pyrazolam used? Alprazolam, a basic member of the benzodiazepine class of chemicals, is another synthetic that is being studied. It is thought that because of its structure, it would allosterically bind to the GABA receptor in a way that is comparable to that of flubromazepam and&hellip;","_links":{"self":[{"href":"https:\/\/legitgrams.com\/pl\/wp-json\/wp\/v2\/product\/4232","targetHints":{"allow":["GET"]}}],"collection":[{"href":"https:\/\/legitgrams.com\/pl\/wp-json\/wp\/v2\/product"}],"about":[{"href":"https:\/\/legitgrams.com\/pl\/wp-json\/wp\/v2\/types\/product"}],"replies":[{"embeddable":true,"href":"https:\/\/legitgrams.com\/pl\/wp-json\/wp\/v2\/comments?post=4232"}],"wp:featuredmedia":[{"embeddable":true,"href":"https:\/\/legitgrams.com\/pl\/wp-json\/wp\/v2\/media\/5309"}],"wp:attachment":[{"href":"https:\/\/legitgrams.com\/pl\/wp-json\/wp\/v2\/media?parent=4232"}],"wp:term":[{"taxonomy":"product_brand","embeddable":true,"href":"https:\/\/legitgrams.com\/pl\/wp-json\/wp\/v2\/product_brand?post=4232"},{"taxonomy":"product_cat","embeddable":true,"href":"https:\/\/legitgrams.com\/pl\/wp-json\/wp\/v2\/product_cat?post=4232"},{"taxonomy":"product_tag","embeddable":true,"href":"https:\/\/legitgrams.com\/pl\/wp-json\/wp\/v2\/product_tag?post=4232"}],"curies":[{"name":"wp","href":"https:\/\/api.w.org\/{rel}","templated":true}]}}