{"id":4250,"date":"2024-09-22T07:10:45","date_gmt":"2024-09-22T07:10:45","guid":{"rendered":"https:\/\/legitgrams.com\/?post_type=product&#038;p=4250"},"modified":"2025-01-14T08:14:53","modified_gmt":"2025-01-14T08:14:53","slug":"kropla-plynnego-lsd","status":"publish","type":"product","link":"https:\/\/legitgrams.com\/pl\/produkt\/kropla-plynnego-lsd\/","title":{"rendered":"ciek\u0142y LSD Drop"},"content":{"rendered":"<h2>Kup p\u0142ynny LSD 200ug Drop online: Czym jest p\u0142ynny LSD?<\/h2>\n<p>Grzyby \u017cytnie zawieraj\u0105 substancj\u0119 chemiczn\u0105, kt\u00f3ra jest u\u017cywana do produkcji halucynogennego narkotyku znanego jako LSD, czyli dietyloamid kwasu lizergowego. Jego najbardziej znane zastosowanie mia\u0142o miejsce w kontrkulturze lat 60., a p\u00f3\u017aniejszy zakaz nadszarpn\u0105\u0142 jego reputacj\u0119.<\/p>\n<p>LSD zosta\u0142o wyprodukowane w 1938 roku przez szwajcarskiego naukowca Alberta Hofmanna w jego laboratorium w Zurychu w Szwajcarii. Przypadkowo odkry\u0142 jego halucynogenne w\u0142a\u015bciwo\u015bci w 1943 roku, gdy odrobina dosta\u0142a si\u0119 na jego sk\u00f3r\u0119.<\/p>\n<p>Kup LSD. LSD, jeden z najsilniejszych halucynogen\u00f3w na rynku, ma szeroki zakres zastosowa\u0144 kulturowych, duchowych i terapeutycznych.<\/p>\n<h3>Farmakologia: Kup tanio 200 ug Liquid LSD &amp; Drop Online<\/h3>\n<p>Gdy <a href=\"https:\/\/legitgrams.com\/pl\/produkt\/kropla-plynnego-lsd\/\">LSD<\/a> jest spo\u017cywany, aktywuje receptor 5-HT (serotoniny), co powoduje znaczny wzrost poprzez hamowanie uk\u0142ad\u00f3w reguluj\u0105cych poziom serotoniny w m\u00f3zgu. Kup 200 ug p\u0142ynnego LSD po obni\u017conej cenie online. Cena 200 ug p\u0142ynnego LSD Spo\u015br\u00f3d 15 r\u00f3\u017cnych receptor\u00f3w serotoniny w m\u00f3zgu, LSD preferuje przede wszystkim podtyp 2A (5-HT2A). Receptor 5-HT2A bierze udzia\u0142 w procesach poznawczych w korze przedczo\u0142owej. Bior\u0105c pod uwag\u0119, \u017ce wiele zalet LSD pochodzi z kory przedczo\u0142owej, jest to wa\u017cny aspekt. <a href=\"https:\/\/legitgrams.com\/pl\/\">LegitGrams<\/a><\/p>\n<h3>Jak produkuje si\u0119 LSD?<\/h3>\n<p>Dog\u0142\u0119bna znajomo\u015b\u0107 chemii organicznej, w pe\u0142ni funkcjonalne laboratorium (z dost\u0119pem do ciemni i mo\u017cliwo\u015bci\u0105 sterylizacji sprz\u0119tu) oraz pewne zwi\u0105zki, kt\u00f3re s\u0105 obecnie niedost\u0119pne lub kt\u00f3rych sprzeda\u017c jest \u015bci\u015ble regulowana, aby m\u00f3c produkowa\u0107 <a href=\"https:\/\/en.wikipedia.org\/wiki\/LSD\">LSD<\/a>wymagana jest Agencja ds. Zwalczania Narkotyk\u00f3w (DEA).<\/p>\n<p>W przeciwie\u0144stwie do sk\u0142adnik\u00f3w niezb\u0119dnych do wytworzenia metamfetaminy, sk\u0142adnik\u00f3w tych nie ma w wi\u0119kszo\u015bci przedmiot\u00f3w codziennego u\u017cytku dost\u0119pnych w gospodarstwach domowych.<\/p>\n<p>Uwa\u017ca si\u0119, \u017ce kora przedczo\u0142owa bierze udzia\u0142 w podejmowaniu decyzji, z\u0142o\u017conym planowaniu zachowa\u0144 poznawczych, regulacji zachowa\u0144 spo\u0142ecznych i ekspresji osobowo\u015bci. Kup 200 ug p\u0142ynnego LSD po obni\u017conej cenie online. R\u00f3wnie wa\u017cna jest zdolno\u015b\u0107 do odbierania informacji z innych uk\u0142ad\u00f3w m\u00f3zgowych i stosowania ich do podejmowania decyzji zorientowanych na cel.<\/p>\n<p>Kup p\u0142ynny LSD 200ug Drop online: Kup p\u0142ynny LSD, kup p\u0142ynny LSD 200ug Drop, kup p\u0142ynny LSD online, Gdzie mog\u0119 kupi\u0107 p\u0142ynny LSD 200ug Drop?, Kup p\u0142ynny LSD 200ug Drop, Kup p\u0142ynny LSD 200ug, Kup p\u0142ynny LSD 200ug, Kup 200ug p\u0142ynnego LSD, Kup 200ug p\u0142ynnego LSD, Kup 200ug p\u0142ynnego LSD Drop w USA, Kanadzie i Wielkiej Brytanii, Kup online, Dostawcy, Bezpieczna dostawa, Nadal dost\u0119pne s\u0105 krople 200 ug p\u0142ynnego LSD. Jak zam\u00f3wi\u0107 kropl\u0119 200 ug p\u0142ynnego LSD Czy mog\u0119 kupi\u0107 tabletki p\u0142ynnego LSD 200ug Drop online w USA? Czy zakup p\u0142ynnego LSD 200ug Drop w Kanadzie jest legalny?<\/p>\n<h2><\/h2>\n<h2><\/h2>\n<p>&nbsp;<\/p>","protected":false},"excerpt":{"rendered":"<p>Purchase liquid LSD 200ug Drop Online: What is LSD liquid? Rye mushrooms contain a chemical that is used to make the hallucinogenic drug known as LSD, or lysergic acid diethylamide. Its most well-known use was during the counterculture of the 1960s, and the subsequent ban damaged its reputation. LSD was produced in 1938 by Swiss &hellip;<\/p>\n<p class=\"read-more\"> <a class=\"\" href=\"https:\/\/legitgrams.com\/pl\/produkt\/kropla-plynnego-lsd\/\"> <span class=\"screen-reader-text\">ciek\u0142y LSD Drop<\/span> Czytaj wi\u0119cej \"<\/a><\/p>","protected":false},"featured_media":5184,"comment_status":"open","ping_status":"closed","template":"","meta":{"_uag_custom_page_level_css":"","site-sidebar-layout":"default","site-content-layout":"default","ast-global-header-display":"","ast-main-header-display":"","ast-hfb-above-header-display":"","ast-hfb-below-header-display":"","ast-hfb-mobile-header-display":"","site-post-title":"","ast-breadcrumbs-content":"","ast-featured-img":"","footer-sml-layout":"","theme-transparent-header-meta":"default","adv-header-id-meta":"","stick-header-meta":"default","header-above-stick-meta":"","header-main-stick-meta":"","header-below-stick-meta":"","_joinchat":[]},"product_brand":[],"product_cat":[595],"product_tag":[1637,1627,617,1619,1634,1631,1626,1618,1621,1629,1622,1620,1632,1639,1640,1638,1630,1635,1624,1636,1633,625,1625,1628,1623],"class_list":{"0":"post-4250","1":"product","2":"type-product","3":"status-publish","4":"has-post-thumbnail","6":"product_cat-psychedelic-drugs","7":"product_tag-best-cheap-price-liquid-lsd-drop","8":"product_tag-best-place-to-buy-liquid-lsd-drop","9":"product_tag-bulk-online","10":"product_tag-buy-liquid-lsd-drop","11":"product_tag-cheap-liquid-lsd-drop","12":"product_tag-high-quality-liquid-lsd-drop","13":"product_tag-how-to-buy-liquid-lsd-drop","14":"product_tag-liquid-lsd-drop","15":"product_tag-liquid-lsd-drop-for-sale","16":"product_tag-liquid-lsd-drop-legally","17":"product_tag-liquid-lsd-drop-liquid-lsd-drop-supplier","18":"product_tag-liquid-lsd-drop-online","19":"product_tag-liquid-lsd-drop-store","20":"product_tag-liquid-lsd-drop-use","21":"product_tag-liquid-lsd-drop-wiki","22":"product_tag-liquid-lsd-drop-worldwide","23":"product_tag-liquid-lsd-dropprice","24":"product_tag-liquid-lsd-drops","25":"product_tag-order-liquid-lsd-drop","26":"product_tag-purcharse-liquid-lsd-drop","27":"product_tag-shop-liquid-lsd-drop","28":"product_tag-top-quality","29":"product_tag-where-to-buy-liquid-lsd-drop","30":"product_tag-where-to-order-liquid-lsd-drop","31":"product_tag-wholesale-liquid-lsd-drop","32":"desktop-align-left","33":"tablet-align-left","34":"mobile-align-left","35":"ast-product-gallery-layout-horizontal","36":"ast-product-gallery-with-no-image","37":"ast-product-single-variable","38":"ast-product-tabs-layout-horizontal","39":"ast-qv-on-image","41":"first","42":"instock","43":"shipping-taxable","44":"purchasable","45":"product-type-variable"},"yoast_head":"<!-- This site is optimized with the Yoast SEO plugin v25.9 - https:\/\/yoast.com\/wordpress\/plugins\/seo\/ -->\n<title>liquid LSD Drop for Sale - Buy liquid LSD Drop Online | LegitGrams<\/title>\n<meta name=\"description\" content=\"Explore our online store for liquid LSD Drop for sale, offering high-quality liquid LSD Drop. Buy liquid LSD Drop online securely and embark on your research journey with confidence.\" \/>\n<meta name=\"robots\" content=\"index, follow, max-snippet:-1, max-image-preview:large, max-video-preview:-1\" \/>\n<link rel=\"canonical\" href=\"https:\/\/legitgrams.com\/pl\/produkt\/kropla-plynnego-lsd\/\" \/>\n<meta property=\"og:locale\" content=\"pl_PL\" \/>\n<meta property=\"og:type\" content=\"article\" \/>\n<meta property=\"og:title\" content=\"liquid LSD Drop for Sale - Buy liquid LSD Drop Online | LegitGrams\" \/>\n<meta property=\"og:description\" content=\"Explore our online store for liquid LSD Drop for sale, offering high-quality liquid LSD Drop. Buy liquid LSD Drop online securely and embark on your research journey with confidence.\" \/>\n<meta property=\"og:url\" content=\"https:\/\/legitgrams.com\/pl\/produkt\/kropla-plynnego-lsd\/\" \/>\n<meta property=\"og:site_name\" content=\"Legit Grams\" \/>\n<meta property=\"article:modified_time\" content=\"2025-01-14T08:14:53+00:00\" \/>\n<meta property=\"og:image\" content=\"https:\/\/legitgrams.com\/wp-content\/uploads\/2024\/09\/Buy-liquid-lsd-200ug-drop-Online-Cheap.jpg\" \/>\n\t<meta property=\"og:image:width\" content=\"600\" \/>\n\t<meta property=\"og:image:height\" content=\"600\" \/>\n\t<meta property=\"og:image:type\" content=\"image\/jpeg\" \/>\n<meta name=\"twitter:card\" content=\"summary_large_image\" \/>\n<meta name=\"twitter:label1\" content=\"Szacowany czas czytania\" \/>\n\t<meta name=\"twitter:data1\" content=\"4 minuty\" \/>\n<script type=\"application\/ld+json\" class=\"yoast-schema-graph\">{\"@context\":\"https:\/\/schema.org\",\"@graph\":[{\"@type\":\"WebPage\",\"@id\":\"https:\/\/legitgrams.com\/product\/liquid-lsd-drop\/\",\"url\":\"https:\/\/legitgrams.com\/product\/liquid-lsd-drop\/\",\"name\":\"liquid LSD Drop for Sale - Buy liquid LSD Drop Online | LegitGrams\",\"isPartOf\":{\"@id\":\"https:\/\/legitgrams.com\/#website\"},\"primaryImageOfPage\":{\"@id\":\"https:\/\/legitgrams.com\/product\/liquid-lsd-drop\/#primaryimage\"},\"image\":{\"@id\":\"https:\/\/legitgrams.com\/product\/liquid-lsd-drop\/#primaryimage\"},\"thumbnailUrl\":\"https:\/\/legitgrams.com\/wp-content\/uploads\/2024\/09\/Buy-liquid-lsd-200ug-drop-Online-Cheap.jpg\",\"datePublished\":\"2024-09-22T07:10:45+00:00\",\"dateModified\":\"2025-01-14T08:14:53+00:00\",\"description\":\"Explore our online store for liquid LSD Drop for sale, offering high-quality liquid LSD Drop. Buy liquid LSD Drop online securely and embark on your research journey with confidence.\",\"breadcrumb\":{\"@id\":\"https:\/\/legitgrams.com\/product\/liquid-lsd-drop\/#breadcrumb\"},\"inLanguage\":\"pl-PL\",\"potentialAction\":[{\"@type\":\"ReadAction\",\"target\":[\"https:\/\/legitgrams.com\/product\/liquid-lsd-drop\/\"]}]},{\"@type\":\"ImageObject\",\"inLanguage\":\"pl-PL\",\"@id\":\"https:\/\/legitgrams.com\/product\/liquid-lsd-drop\/#primaryimage\",\"url\":\"https:\/\/legitgrams.com\/wp-content\/uploads\/2024\/09\/Buy-liquid-lsd-200ug-drop-Online-Cheap.jpg\",\"contentUrl\":\"https:\/\/legitgrams.com\/wp-content\/uploads\/2024\/09\/Buy-liquid-lsd-200ug-drop-Online-Cheap.jpg\",\"width\":600,\"height\":600,\"caption\":\"liquid LSD Drop for Sale\"},{\"@type\":\"BreadcrumbList\",\"@id\":\"https:\/\/legitgrams.com\/product\/liquid-lsd-drop\/#breadcrumb\",\"itemListElement\":[{\"@type\":\"ListItem\",\"position\":1,\"name\":\"Home\",\"item\":\"https:\/\/legitgrams.com\/\"},{\"@type\":\"ListItem\",\"position\":2,\"name\":\"Shop\",\"item\":\"https:\/\/legitgrams.com\/shop\/\"},{\"@type\":\"ListItem\",\"position\":3,\"name\":\"liquid LSD Drop\"}]},{\"@type\":\"WebSite\",\"@id\":\"https:\/\/legitgrams.com\/#website\",\"url\":\"https:\/\/legitgrams.com\/\",\"name\":\"Legit Grams\",\"description\":\"My WordPress Blog\",\"publisher\":{\"@id\":\"https:\/\/legitgrams.com\/#organization\"},\"potentialAction\":[{\"@type\":\"SearchAction\",\"target\":{\"@type\":\"EntryPoint\",\"urlTemplate\":\"https:\/\/legitgrams.com\/?s={search_term_string}\"},\"query-input\":{\"@type\":\"PropertyValueSpecification\",\"valueRequired\":true,\"valueName\":\"search_term_string\"}}],\"inLanguage\":\"pl-PL\"},{\"@type\":\"Organization\",\"@id\":\"https:\/\/legitgrams.com\/#organization\",\"name\":\"Legit Grams\",\"url\":\"https:\/\/legitgrams.com\/\",\"logo\":{\"@type\":\"ImageObject\",\"inLanguage\":\"pl-PL\",\"@id\":\"https:\/\/legitgrams.com\/#\/schema\/logo\/image\/\",\"url\":\"https:\/\/legitgrams.com\/wp-content\/uploads\/2024\/09\/main-logo.png\",\"contentUrl\":\"https:\/\/legitgrams.com\/wp-content\/uploads\/2024\/09\/main-logo.png\",\"width\":270,\"height\":75,\"caption\":\"Legit Grams\"},\"image\":{\"@id\":\"https:\/\/legitgrams.com\/#\/schema\/logo\/image\/\"}}]}<\/script>\n<!-- \/ Yoast SEO plugin. -->","yoast_head_json":{"title":"Liquid LSD Drop na sprzeda\u017c - Kup Liquid LSD Drop online | LegitGrams","description":"Zapoznaj si\u0119 z naszym sklepem internetowym Liquid LSD Drop na sprzeda\u017c, oferuj\u0105cym wysokiej jako\u015bci Liquid LSD Drop. Kupuj bezpiecznie LSD Drop w p\u0142ynie online i rozpocznij swoj\u0105 podr\u00f3\u017c badawcz\u0105 z pewno\u015bci\u0105 siebie.","robots":{"index":"index","follow":"follow","max-snippet":"max-snippet:-1","max-image-preview":"max-image-preview:large","max-video-preview":"max-video-preview:-1"},"canonical":"https:\/\/legitgrams.com\/pl\/produkt\/kropla-plynnego-lsd\/","og_locale":"pl_PL","og_type":"article","og_title":"liquid LSD Drop for Sale - Buy liquid LSD Drop Online | LegitGrams","og_description":"Explore our online store for liquid LSD Drop for sale, offering high-quality liquid LSD Drop. Buy liquid LSD Drop online securely and embark on your research journey with confidence.","og_url":"https:\/\/legitgrams.com\/pl\/produkt\/kropla-plynnego-lsd\/","og_site_name":"Legit Grams","article_modified_time":"2025-01-14T08:14:53+00:00","og_image":[{"width":600,"height":600,"url":"https:\/\/legitgrams.com\/wp-content\/uploads\/2024\/09\/Buy-liquid-lsd-200ug-drop-Online-Cheap.jpg","type":"image\/jpeg"}],"twitter_card":"summary_large_image","twitter_misc":{"Szacowany czas czytania":"4 minuty"},"schema":{"@context":"https:\/\/schema.org","@graph":[{"@type":"WebPage","@id":"https:\/\/legitgrams.com\/product\/liquid-lsd-drop\/","url":"https:\/\/legitgrams.com\/product\/liquid-lsd-drop\/","name":"Liquid LSD Drop na sprzeda\u017c - Kup Liquid LSD Drop online | LegitGrams","isPartOf":{"@id":"https:\/\/legitgrams.com\/#website"},"primaryImageOfPage":{"@id":"https:\/\/legitgrams.com\/product\/liquid-lsd-drop\/#primaryimage"},"image":{"@id":"https:\/\/legitgrams.com\/product\/liquid-lsd-drop\/#primaryimage"},"thumbnailUrl":"https:\/\/legitgrams.com\/wp-content\/uploads\/2024\/09\/Buy-liquid-lsd-200ug-drop-Online-Cheap.jpg","datePublished":"2024-09-22T07:10:45+00:00","dateModified":"2025-01-14T08:14:53+00:00","description":"Zapoznaj si\u0119 z naszym sklepem internetowym Liquid LSD Drop na sprzeda\u017c, oferuj\u0105cym wysokiej jako\u015bci Liquid LSD Drop. Kupuj bezpiecznie LSD Drop w p\u0142ynie online i rozpocznij swoj\u0105 podr\u00f3\u017c badawcz\u0105 z pewno\u015bci\u0105 siebie.","breadcrumb":{"@id":"https:\/\/legitgrams.com\/product\/liquid-lsd-drop\/#breadcrumb"},"inLanguage":"pl-PL","potentialAction":[{"@type":"ReadAction","target":["https:\/\/legitgrams.com\/product\/liquid-lsd-drop\/"]}]},{"@type":"ImageObject","inLanguage":"pl-PL","@id":"https:\/\/legitgrams.com\/product\/liquid-lsd-drop\/#primaryimage","url":"https:\/\/legitgrams.com\/wp-content\/uploads\/2024\/09\/Buy-liquid-lsd-200ug-drop-Online-Cheap.jpg","contentUrl":"https:\/\/legitgrams.com\/wp-content\/uploads\/2024\/09\/Buy-liquid-lsd-200ug-drop-Online-Cheap.jpg","width":600,"height":600,"caption":"liquid LSD Drop for Sale"},{"@type":"BreadcrumbList","@id":"https:\/\/legitgrams.com\/product\/liquid-lsd-drop\/#breadcrumb","itemListElement":[{"@type":"ListItem","position":1,"name":"Home","item":"https:\/\/legitgrams.com\/"},{"@type":"ListItem","position":2,"name":"Shop","item":"https:\/\/legitgrams.com\/shop\/"},{"@type":"ListItem","position":3,"name":"liquid LSD Drop"}]},{"@type":"WebSite","@id":"https:\/\/legitgrams.com\/#website","url":"https:\/\/legitgrams.com\/","name":"Legit Grams","description":"M\u00f3j blog WordPress","publisher":{"@id":"https:\/\/legitgrams.com\/#organization"},"potentialAction":[{"@type":"SearchAction","target":{"@type":"EntryPoint","urlTemplate":"https:\/\/legitgrams.com\/?s={search_term_string}"},"query-input":{"@type":"PropertyValueSpecification","valueRequired":true,"valueName":"search_term_string"}}],"inLanguage":"pl-PL"},{"@type":"Organization","@id":"https:\/\/legitgrams.com\/#organization","name":"Legit Grams","url":"https:\/\/legitgrams.com\/","logo":{"@type":"ImageObject","inLanguage":"pl-PL","@id":"https:\/\/legitgrams.com\/#\/schema\/logo\/image\/","url":"https:\/\/legitgrams.com\/wp-content\/uploads\/2024\/09\/main-logo.png","contentUrl":"https:\/\/legitgrams.com\/wp-content\/uploads\/2024\/09\/main-logo.png","width":270,"height":75,"caption":"Legit Grams"},"image":{"@id":"https:\/\/legitgrams.com\/#\/schema\/logo\/image\/"}}]}},"uagb_featured_image_src":{"full":["https:\/\/legitgrams.com\/wp-content\/uploads\/2024\/09\/Buy-liquid-lsd-200ug-drop-Online-Cheap.jpg",600,600,false],"thumbnail":["https:\/\/legitgrams.com\/wp-content\/uploads\/2024\/09\/Buy-liquid-lsd-200ug-drop-Online-Cheap-150x150.jpg",150,150,true],"medium":["https:\/\/legitgrams.com\/wp-content\/uploads\/2024\/09\/Buy-liquid-lsd-200ug-drop-Online-Cheap-300x300.jpg",300,300,true],"medium_large":["https:\/\/legitgrams.com\/wp-content\/uploads\/2024\/09\/Buy-liquid-lsd-200ug-drop-Online-Cheap.jpg",600,600,false],"large":["https:\/\/legitgrams.com\/wp-content\/uploads\/2024\/09\/Buy-liquid-lsd-200ug-drop-Online-Cheap.jpg",600,600,false],"1536x1536":["https:\/\/legitgrams.com\/wp-content\/uploads\/2024\/09\/Buy-liquid-lsd-200ug-drop-Online-Cheap.jpg",600,600,false],"2048x2048":["https:\/\/legitgrams.com\/wp-content\/uploads\/2024\/09\/Buy-liquid-lsd-200ug-drop-Online-Cheap.jpg",600,600,false],"trp-custom-language-flag":["https:\/\/legitgrams.com\/wp-content\/uploads\/2024\/09\/Buy-liquid-lsd-200ug-drop-Online-Cheap-12x12.jpg",12,12,true],"woocommerce_thumbnail":["https:\/\/legitgrams.com\/wp-content\/uploads\/2024\/09\/Buy-liquid-lsd-200ug-drop-Online-Cheap-300x300.jpg",300,300,true],"woocommerce_single":["https:\/\/legitgrams.com\/wp-content\/uploads\/2024\/09\/Buy-liquid-lsd-200ug-drop-Online-Cheap.jpg",600,600,false],"woocommerce_gallery_thumbnail":["https:\/\/legitgrams.com\/wp-content\/uploads\/2024\/09\/Buy-liquid-lsd-200ug-drop-Online-Cheap-100x100.jpg",100,100,true]},"uagb_author_info":{"display_name":"cokeblog18","author_link":"https:\/\/legitgrams.com\/pl\/author\/"},"uagb_comment_info":0,"uagb_excerpt":"Purchase liquid LSD 200ug Drop Online: What is LSD liquid? Rye mushrooms contain a chemical that is used to make the hallucinogenic drug known as LSD, or lysergic acid diethylamide. Its most well-known use was during the counterculture of the 1960s, and the subsequent ban damaged its reputation. LSD was produced in 1938 by Swiss&hellip;","_links":{"self":[{"href":"https:\/\/legitgrams.com\/pl\/wp-json\/wp\/v2\/product\/4250","targetHints":{"allow":["GET"]}}],"collection":[{"href":"https:\/\/legitgrams.com\/pl\/wp-json\/wp\/v2\/product"}],"about":[{"href":"https:\/\/legitgrams.com\/pl\/wp-json\/wp\/v2\/types\/product"}],"replies":[{"embeddable":true,"href":"https:\/\/legitgrams.com\/pl\/wp-json\/wp\/v2\/comments?post=4250"}],"wp:featuredmedia":[{"embeddable":true,"href":"https:\/\/legitgrams.com\/pl\/wp-json\/wp\/v2\/media\/5184"}],"wp:attachment":[{"href":"https:\/\/legitgrams.com\/pl\/wp-json\/wp\/v2\/media?parent=4250"}],"wp:term":[{"taxonomy":"product_brand","embeddable":true,"href":"https:\/\/legitgrams.com\/pl\/wp-json\/wp\/v2\/product_brand?post=4250"},{"taxonomy":"product_cat","embeddable":true,"href":"https:\/\/legitgrams.com\/pl\/wp-json\/wp\/v2\/product_cat?post=4250"},{"taxonomy":"product_tag","embeddable":true,"href":"https:\/\/legitgrams.com\/pl\/wp-json\/wp\/v2\/product_tag?post=4250"}],"curies":[{"name":"wp","href":"https:\/\/api.w.org\/{rel}","templated":true}]}}