{"id":4251,"date":"2024-09-22T07:18:59","date_gmt":"2024-09-22T07:18:59","guid":{"rendered":"https:\/\/legitgrams.com\/?post_type=product&#038;p=4251"},"modified":"2025-03-05T09:21:49","modified_gmt":"2025-03-05T09:21:49","slug":"k2-kadzidlo-w-sprayu-przyprawa","status":"publish","type":"product","link":"https:\/\/legitgrams.com\/pl\/produkt\/k2-kadzidlo-w-sprayu-przyprawa\/","title":{"rendered":"Kup K2 Incense Spray (SPICE) online"},"content":{"rendered":"<h2>K2 Incense Spray: Kup online<\/h2>\n<p><a href=\"https:\/\/www.bing.com\/search?q=KupK2IncenseSpray(SPICE)online&amp;qs=n&amp;form=QBRE&amp;sp=-1&amp;ghc=1&amp;lq=0&amp;pq=kupk2incensespray(spice)online&amp;sc=12-35&amp;sk=&amp;cvid=DDFC6F05A4CE47B2828E695F475681B6&amp;ghsh=0&amp;ghacc=0&amp;ghpl=\">Kup K2 Incense Spray<\/a>: We also sell <a href=\"https:\/\/legitgrams.com\/pl\/produkt\/k2-kadzidlo-w-sprayu-przyprawa\/\">Papier K2<\/a>. Dost\u0119pne s\u0105 bezbarwne i bezwonne rodzaje sprayu K2. Potrzeba 25 ml, aby spryska\u0107 ca\u0142\u0105 kartk\u0119 papieru A4. K2 Incense Spray (SPICE) mo\u017cna kupi\u0107 online.<\/p>\n<p>Dwa g\u0142\u00f3wne s\u0142owa u\u017cywane do opisu syntetycznej marihuany to \u201esmak\u201d i \u201eK2\u201d. Powstaj\u0105 one poprzez wstrzykiwanie suszonego materia\u0142u ro\u015blinnego z zaprojektowanym kannabinoidem. Podobnie jak Delta9-tetrahydrokannabinol (THC), g\u0142\u00f3wny sk\u0142adnik nadaj\u0105cy marihuanie jej dzia\u0142anie, zaprojektowane kannabinoidy to syntetyczne mieszanki, kt\u00f3re wspomagaj\u0105 receptory kannabinoidowe m\u00f3zgu. U\u017cytkownicy Spice twierdz\u0105, \u017ce mieli efekty podobne do tych po marihuanie, ro\u015blinie zawieraj\u0105cej kilka kannabinoid\u00f3w. <a href=\"https:\/\/www.google.com\/search?q=Kup+K2+Incense+Spray+SPICE+online&amp;sca_esv=eddefdb7b92e7545&amp;sxsrf=AHTn8zpTk-KWktjF_E8nWP0vhJc6LF-Qqg1743665782819&amp;ei=djruZ-jhMfCC0PEP6arwmQ4&amp;ved=0ahUKEwjo9N2crbuMAxVwATQIHWkVPOMQ4dUDCBA&amp;uact=5&amp;oq=Kup+K2+Incense+Spray+SPICE+online&amp;gs_lp=Egxnd3Mtd2l6LXNlcnAiI0t1cCBLMiBJbmNlbnNlIFNwcmF5IChTUElDRSkgb25saW5lSIIFUABYAHAAeACQAQCYAbsDoAG7A6oBAzQtMbgBA8gBAPgBAvgBAZgCAKACAJgDAJIHAKAHV7IHALgHAA&amp;sclient=gws-wiz-serp\">K2<\/a> i flavor to dwa s\u0142owa odnosz\u0105ce si\u0119 do zbioru lek\u00f3w na recept\u0119 zwanych \u201ein\u017cynierowanymi\u201d lub \u201estworzonymi\u201d konopiami. S\u0105 one wykonane z odwodnionych cz\u0119\u015bci ro\u015blin, kt\u00f3re zosta\u0142y spryskane syntetycznymi zwi\u0105zkami, kt\u00f3re maj\u0105 zdolno\u015b\u0107 zmieniania ludzkich umys\u0142\u00f3w. Te syntetyzowane leki by\u0142y pocz\u0105tkowo przygotowywane przez analityk\u00f3w w celach testowych. <a href=\"https:\/\/legitgrams.com\/pl\/\">LegitGrams<\/a><\/p>\n<h3>Kadzide\u0142ka w sprayu K2 (SPICE) mo\u017cna kupi\u0107 online.<\/h3>\n<p>Ponadto K2 mo\u017cna kupi\u0107 w postaci p\u0142ynnej do stosowania w papierosach elektronicznych. Mo\u017cna go r\u00f3wnie\u017c pali\u0107 w fajkach, jointach lub robi\u0107 z niego herbat\u0119. Nast\u0119pnie K2 rozpyla p\u0142ynne w\u0142\u00f3kna, papier i ro\u015bliny. G\u0142\u00f3wnymi powodami, dla kt\u00f3rych ludzie pal\u0105 Spice, s\u0105 jego dobrze znane cechy i skromno\u015b\u0107, nawet je\u015bli mo\u017ce mie\u0107 podobne efekty do marihuany. Substancja ta jest zazwyczaj sprzedawana jako produkt ro\u015blinny. Mimo to zapewniamy wyj\u0105tkowy smak K2, a ka\u017cda z naszych spersonalizowanych mieszanek jest zgodna z obowi\u0105zuj\u0105cymi przepisami. Mocne zio\u0142owe kadzid\u0142o K2 pobudzaj\u0105ce zmys\u0142y: Kupuj zio\u0142owe kadzid\u0142o online! W przeciwie\u0144stwie do innych sprzedawc\u00f3w, kt\u00f3rzy oferuj\u0105 pozbawione \u017cycia mieszanki bez \u017cadnych mocnych podr\u00f3bek, nasza jako\u015b\u0107 m\u00f3wi sama za siebie, gdy kupujesz od nas K2 bez \u017cadnych problem\u00f3w! Wyr\u00f3\u017cniamy si\u0119 na tle innych sprzedawc\u00f3w zio\u0142owych kadzide\u0142, oferuj\u0105c wysokiej jako\u015bci zio\u0142owe kadzid\u0142o. Aromat, znany r\u00f3wnie\u017c jako syntetyczna marihuana, syntetyczne zio\u0142o lub K2, to wyprodukowany spray kadzid\u0142owy, kt\u00f3ry zawiera wiele sztucznych aromat\u00f3w i chemikali\u00f3w. <a href=\"https:\/\/duckduckgo.com\/?q=Kup+K2+Incense+Spray+(SPICE)+online&amp;t=h_&amp;ia=web\">K2 p\u0142ynny na papierze<\/a>. Kupuj p\u0142ynne kadzid\u0142o i spray K2 online. Otrzymaj najwy\u017cszej jako\u015bci papier K2 zing do swojego domu, sk\u0142adaj\u0105c zam\u00f3wienie online. Jeste\u015b we w\u0142a\u015bciwym sklepie. aby zorganizowa\u0107 dystrybucj\u0119 online E-Liquids posypki i lokalne p\u0142yny kadzid\u0142owe K2. Dostarczamy lokalne dominatory p\u0142ynu K2 w najbardziej przyst\u0119pnej cenie, aby zaspokoi\u0107 potrzeby ka\u017cdego klienta w USA i na ca\u0142ym \u015bwiecie. Innym godnym uwagi zastosowaniem jest stworzenie prysznica K2; dlatego zwykle b\u0119dzie stosowany miejscowo. Jest naprawd\u0119 niezb\u0119dny. \u201eFlavor\u201d lub \u201eK2\u201d to inne nazwy produkowanych kannabinoid\u00f3w, kt\u00f3re po raz pierwszy udost\u0119pniono w Stanach Zjednoczonych w latach 2000. autentyczny dokument K2 High Spice. Najlepszy mieszany papier K2 dost\u0119pny online to to, co zapewniamy. Zdob\u0105d\u017a to od razu. Czym jest K2, Spice lub produkowane kannabinoidy, inna nazwa syntetycznej marihuany? Mamy najlepsze lokalne kadzid\u0142o online.<\/p>\n<p>Kup K2 <a href=\"https:\/\/en.wikipedia.org\/wiki\/Incense\">Kadzid\u0142o<\/a> Spray, K2, p\u0142yn K2 w wi\u0119zieniach, kadzid\u0142o zio\u0142owe Bizarro i kadzid\u0142o w p\u0142ynie K2. Kup K2 Spice Spray, narkotyk K2, syntetyczny cannabis, syntetyczna marihuana, Gdzie kupi\u0107 krople K2 liquid, K2 liquid spice i jak nak\u0142ada\u0107 p\u0142ynny K2 na papier Gdzie mog\u0119 kupi\u0107 spray K2, e-liquid K2, p\u0142ynny spray K2 i kadzid\u0142o Bizarro? Zakupy online Bizarro K2 Liquid Spray K2 Weed, K2 Chemical, K2 Spray, K2 Incense, K2 Spray na papierze, K2 Spray na sprzeda\u017c i K2 Liquid Bizarro K2 spray na papierze, p\u0142ynne kadzid\u0142o Diablo, kadzid\u0142o zio\u0142owe Diablo, kadzid\u0142o zio\u0142owe Diablo na sprzeda\u017c, kup, kup, bezpiecznie, online, Diablo, K2 weed, K2 spray, K2, Diablo K2, K2 na sprzeda\u017c, syntetyczna marihuana.<\/p>\n<p>&nbsp;<\/p>","protected":false},"excerpt":{"rendered":"<p>K2 Incense Spray: Purchase Online Purchase K2 Incense Spray: We also sell K2 paper. There are colorless and odorless types of K2 spray available. It takes 25ml to spray a whole A4 sheet of paper. K2 Incense Spray (SPICE) can be bought online. The two main words used to describe synthetic marijuana are taste and &hellip;<\/p>\n<p class=\"read-more\"> <a class=\"\" href=\"https:\/\/legitgrams.com\/pl\/produkt\/k2-kadzidlo-w-sprayu-przyprawa\/\"> <span class=\"screen-reader-text\">Kup K2 Incense Spray (SPICE) online<\/span> Czytaj wi\u0119cej \"<\/a><\/p>","protected":false},"featured_media":5341,"comment_status":"open","ping_status":"closed","template":"","meta":{"_uag_custom_page_level_css":"","site-sidebar-layout":"default","site-content-layout":"default","ast-global-header-display":"","ast-main-header-display":"","ast-hfb-above-header-display":"","ast-hfb-below-header-display":"","ast-hfb-mobile-header-display":"","site-post-title":"","ast-breadcrumbs-content":"","ast-featured-img":"","footer-sml-layout":"","theme-transparent-header-meta":"default","adv-header-id-meta":"","stick-header-meta":"default","header-above-stick-meta":"","header-main-stick-meta":"","header-below-stick-meta":"","_joinchat":[]},"product_brand":[],"product_cat":[602],"product_tag":[1614,1604,617,1596,1611,1608,1603,1595,1598,1599,1606,1597,1609,1616,1617,1615,1607,1612,1601,1613,1610,625,1602,1605,1600],"class_list":{"0":"post-4251","1":"product","2":"type-product","3":"status-publish","4":"has-post-thumbnail","6":"product_cat-k2-paper-and-spray","7":"product_tag-best-cheap-price-k2-incense-spray-spice","8":"product_tag-best-place-to-buy-k2-incense-spray-spice","9":"product_tag-bulk-online","10":"product_tag-buy-k2-incense-spray-spice","11":"product_tag-cheap-k2-incense-spray-spice","12":"product_tag-high-quality-k2-incense-spray-spice","13":"product_tag-how-to-buy-k2-incense-spray-spice","14":"product_tag-k2-incense-spray-spice","15":"product_tag-k2-incense-spray-spice-for-sale","16":"product_tag-k2-incense-spray-spice-k2-incense-spray-spice-supplier","17":"product_tag-k2-incense-spray-spice-legally","18":"product_tag-k2-incense-spray-spice-online","19":"product_tag-k2-incense-spray-spice-store","20":"product_tag-k2-incense-spray-spice-use","21":"product_tag-k2-incense-spray-spice-wiki","22":"product_tag-k2-incense-spray-spice-worldwide","23":"product_tag-k2-incense-spray-spiceprice","24":"product_tag-k2-incense-spray-spices","25":"product_tag-order-k2-incense-spray-spice","26":"product_tag-purcharse-k2-incense-spray-spice","27":"product_tag-shop-k2-incense-spray-spice","28":"product_tag-top-quality","29":"product_tag-where-to-buy-k2-incense-spray-spice","30":"product_tag-where-to-order-k2-incense-spray-spice","31":"product_tag-wholesale-k2-incense-spray-spice","32":"desktop-align-left","33":"tablet-align-left","34":"mobile-align-left","35":"ast-product-gallery-layout-horizontal","36":"ast-product-gallery-with-no-image","37":"ast-product-single-variable","38":"ast-product-tabs-layout-horizontal","39":"ast-qv-on-image","41":"first","42":"instock","43":"featured","44":"shipping-taxable","45":"purchasable","46":"product-type-variable"},"yoast_head":"<!-- This site is optimized with the Yoast SEO plugin v25.9 - https:\/\/yoast.com\/wordpress\/plugins\/seo\/ -->\n<title>K2 Incense Spray for Sale - Order K2 Incense Spray Online | LG<\/title>\n<meta name=\"description\" content=\"At our Legitgrams, you can get K2 Incense Spray for sale at cheap rates. We deal with A-grade quality products only. Buy K2 Incense Spray online from our store now with fast &amp; secure shipping service.\" \/>\n<meta name=\"robots\" content=\"index, follow, max-snippet:-1, max-image-preview:large, max-video-preview:-1\" \/>\n<link rel=\"canonical\" href=\"https:\/\/legitgrams.com\/pl\/produkt\/k2-kadzidlo-w-sprayu-przyprawa\/\" \/>\n<meta property=\"og:locale\" content=\"pl_PL\" \/>\n<meta property=\"og:type\" content=\"article\" \/>\n<meta property=\"og:title\" content=\"K2 Incense Spray for Sale - Order K2 Incense Spray Online | LG\" \/>\n<meta property=\"og:description\" content=\"At our Legitgrams, you can get K2 Incense Spray for sale at cheap rates. We deal with A-grade quality products only. Buy K2 Incense Spray online from our store now with fast &amp; secure shipping service.\" \/>\n<meta property=\"og:url\" content=\"https:\/\/legitgrams.com\/pl\/produkt\/k2-kadzidlo-w-sprayu-przyprawa\/\" \/>\n<meta property=\"og:site_name\" content=\"Legit Grams\" \/>\n<meta property=\"article:modified_time\" content=\"2025-03-05T09:21:49+00:00\" \/>\n<meta property=\"og:image\" content=\"https:\/\/legitgrams.com\/wp-content\/uploads\/2024\/09\/buy-k2-incense-spray-spice.jpg\" \/>\n\t<meta property=\"og:image:width\" content=\"600\" \/>\n\t<meta property=\"og:image:height\" content=\"600\" \/>\n\t<meta property=\"og:image:type\" content=\"image\/jpeg\" \/>\n<meta name=\"twitter:card\" content=\"summary_large_image\" \/>\n<meta name=\"twitter:label1\" content=\"Szacowany czas czytania\" \/>\n\t<meta name=\"twitter:data1\" content=\"3 minuty\" \/>\n<script type=\"application\/ld+json\" class=\"yoast-schema-graph\">{\"@context\":\"https:\/\/schema.org\",\"@graph\":[{\"@type\":\"WebPage\",\"@id\":\"https:\/\/legitgrams.com\/product\/k2-incense-spray-spice\/\",\"url\":\"https:\/\/legitgrams.com\/product\/k2-incense-spray-spice\/\",\"name\":\"K2 Incense Spray for Sale - Order K2 Incense Spray Online | LG\",\"isPartOf\":{\"@id\":\"https:\/\/legitgrams.com\/#website\"},\"primaryImageOfPage\":{\"@id\":\"https:\/\/legitgrams.com\/product\/k2-incense-spray-spice\/#primaryimage\"},\"image\":{\"@id\":\"https:\/\/legitgrams.com\/product\/k2-incense-spray-spice\/#primaryimage\"},\"thumbnailUrl\":\"https:\/\/legitgrams.com\/wp-content\/uploads\/2024\/09\/buy-k2-incense-spray-spice.jpg\",\"datePublished\":\"2024-09-22T07:18:59+00:00\",\"dateModified\":\"2025-03-05T09:21:49+00:00\",\"description\":\"At our Legitgrams, you can get K2 Incense Spray for sale at cheap rates. We deal with A-grade quality products only. Buy K2 Incense Spray online from our store now with fast & secure shipping service.\",\"breadcrumb\":{\"@id\":\"https:\/\/legitgrams.com\/product\/k2-incense-spray-spice\/#breadcrumb\"},\"inLanguage\":\"pl-PL\",\"potentialAction\":[{\"@type\":\"ReadAction\",\"target\":[\"https:\/\/legitgrams.com\/product\/k2-incense-spray-spice\/\"]}]},{\"@type\":\"ImageObject\",\"inLanguage\":\"pl-PL\",\"@id\":\"https:\/\/legitgrams.com\/product\/k2-incense-spray-spice\/#primaryimage\",\"url\":\"https:\/\/legitgrams.com\/wp-content\/uploads\/2024\/09\/buy-k2-incense-spray-spice.jpg\",\"contentUrl\":\"https:\/\/legitgrams.com\/wp-content\/uploads\/2024\/09\/buy-k2-incense-spray-spice.jpg\",\"width\":600,\"height\":600,\"caption\":\"K2 Incense Spray for Sale\"},{\"@type\":\"BreadcrumbList\",\"@id\":\"https:\/\/legitgrams.com\/product\/k2-incense-spray-spice\/#breadcrumb\",\"itemListElement\":[{\"@type\":\"ListItem\",\"position\":1,\"name\":\"Home\",\"item\":\"https:\/\/legitgrams.com\/\"},{\"@type\":\"ListItem\",\"position\":2,\"name\":\"Shop\",\"item\":\"https:\/\/legitgrams.com\/shop\/\"},{\"@type\":\"ListItem\",\"position\":3,\"name\":\"Buy K2 Incense Spray (SPICE) Online\"}]},{\"@type\":\"WebSite\",\"@id\":\"https:\/\/legitgrams.com\/#website\",\"url\":\"https:\/\/legitgrams.com\/\",\"name\":\"Legit Grams\",\"description\":\"My WordPress Blog\",\"publisher\":{\"@id\":\"https:\/\/legitgrams.com\/#organization\"},\"potentialAction\":[{\"@type\":\"SearchAction\",\"target\":{\"@type\":\"EntryPoint\",\"urlTemplate\":\"https:\/\/legitgrams.com\/?s={search_term_string}\"},\"query-input\":{\"@type\":\"PropertyValueSpecification\",\"valueRequired\":true,\"valueName\":\"search_term_string\"}}],\"inLanguage\":\"pl-PL\"},{\"@type\":\"Organization\",\"@id\":\"https:\/\/legitgrams.com\/#organization\",\"name\":\"Legit Grams\",\"url\":\"https:\/\/legitgrams.com\/\",\"logo\":{\"@type\":\"ImageObject\",\"inLanguage\":\"pl-PL\",\"@id\":\"https:\/\/legitgrams.com\/#\/schema\/logo\/image\/\",\"url\":\"https:\/\/legitgrams.com\/wp-content\/uploads\/2024\/09\/main-logo.png\",\"contentUrl\":\"https:\/\/legitgrams.com\/wp-content\/uploads\/2024\/09\/main-logo.png\",\"width\":270,\"height\":75,\"caption\":\"Legit Grams\"},\"image\":{\"@id\":\"https:\/\/legitgrams.com\/#\/schema\/logo\/image\/\"}}]}<\/script>\n<!-- \/ Yoast SEO plugin. -->","yoast_head_json":{"title":"K2 Incense Spray na sprzeda\u017c - Zam\u00f3w K2 Incense Spray online | LG","description":"W naszym Legitgrams mo\u017cesz dosta\u0107 K2 Incense Spray na sprzeda\u017c po niskich cenach. Zajmujemy si\u0119 wy\u0142\u0105cznie produktami o jako\u015bci A. Kup K2 Incense Spray online w naszym sklepie z szybk\u0105 i bezpieczn\u0105 wysy\u0142k\u0105.","robots":{"index":"index","follow":"follow","max-snippet":"max-snippet:-1","max-image-preview":"max-image-preview:large","max-video-preview":"max-video-preview:-1"},"canonical":"https:\/\/legitgrams.com\/pl\/produkt\/k2-kadzidlo-w-sprayu-przyprawa\/","og_locale":"pl_PL","og_type":"article","og_title":"K2 Incense Spray for Sale - Order K2 Incense Spray Online | LG","og_description":"At our Legitgrams, you can get K2 Incense Spray for sale at cheap rates. We deal with A-grade quality products only. Buy K2 Incense Spray online from our store now with fast & secure shipping service.","og_url":"https:\/\/legitgrams.com\/pl\/produkt\/k2-kadzidlo-w-sprayu-przyprawa\/","og_site_name":"Legit Grams","article_modified_time":"2025-03-05T09:21:49+00:00","og_image":[{"width":600,"height":600,"url":"https:\/\/legitgrams.com\/wp-content\/uploads\/2024\/09\/buy-k2-incense-spray-spice.jpg","type":"image\/jpeg"}],"twitter_card":"summary_large_image","twitter_misc":{"Szacowany czas czytania":"3 minuty"},"schema":{"@context":"https:\/\/schema.org","@graph":[{"@type":"WebPage","@id":"https:\/\/legitgrams.com\/product\/k2-incense-spray-spice\/","url":"https:\/\/legitgrams.com\/product\/k2-incense-spray-spice\/","name":"K2 Incense Spray na sprzeda\u017c - Zam\u00f3w K2 Incense Spray online | LG","isPartOf":{"@id":"https:\/\/legitgrams.com\/#website"},"primaryImageOfPage":{"@id":"https:\/\/legitgrams.com\/product\/k2-incense-spray-spice\/#primaryimage"},"image":{"@id":"https:\/\/legitgrams.com\/product\/k2-incense-spray-spice\/#primaryimage"},"thumbnailUrl":"https:\/\/legitgrams.com\/wp-content\/uploads\/2024\/09\/buy-k2-incense-spray-spice.jpg","datePublished":"2024-09-22T07:18:59+00:00","dateModified":"2025-03-05T09:21:49+00:00","description":"W naszym Legitgrams mo\u017cesz dosta\u0107 K2 Incense Spray na sprzeda\u017c po niskich cenach. Zajmujemy si\u0119 wy\u0142\u0105cznie produktami o jako\u015bci A. Kup K2 Incense Spray online w naszym sklepie z szybk\u0105 i bezpieczn\u0105 wysy\u0142k\u0105.","breadcrumb":{"@id":"https:\/\/legitgrams.com\/product\/k2-incense-spray-spice\/#breadcrumb"},"inLanguage":"pl-PL","potentialAction":[{"@type":"ReadAction","target":["https:\/\/legitgrams.com\/product\/k2-incense-spray-spice\/"]}]},{"@type":"ImageObject","inLanguage":"pl-PL","@id":"https:\/\/legitgrams.com\/product\/k2-incense-spray-spice\/#primaryimage","url":"https:\/\/legitgrams.com\/wp-content\/uploads\/2024\/09\/buy-k2-incense-spray-spice.jpg","contentUrl":"https:\/\/legitgrams.com\/wp-content\/uploads\/2024\/09\/buy-k2-incense-spray-spice.jpg","width":600,"height":600,"caption":"K2 Incense Spray for Sale"},{"@type":"BreadcrumbList","@id":"https:\/\/legitgrams.com\/product\/k2-incense-spray-spice\/#breadcrumb","itemListElement":[{"@type":"ListItem","position":1,"name":"Home","item":"https:\/\/legitgrams.com\/"},{"@type":"ListItem","position":2,"name":"Shop","item":"https:\/\/legitgrams.com\/shop\/"},{"@type":"ListItem","position":3,"name":"Buy K2 Incense Spray (SPICE) Online"}]},{"@type":"WebSite","@id":"https:\/\/legitgrams.com\/#website","url":"https:\/\/legitgrams.com\/","name":"Legit Grams","description":"M\u00f3j blog WordPress","publisher":{"@id":"https:\/\/legitgrams.com\/#organization"},"potentialAction":[{"@type":"SearchAction","target":{"@type":"EntryPoint","urlTemplate":"https:\/\/legitgrams.com\/?s={search_term_string}"},"query-input":{"@type":"PropertyValueSpecification","valueRequired":true,"valueName":"search_term_string"}}],"inLanguage":"pl-PL"},{"@type":"Organization","@id":"https:\/\/legitgrams.com\/#organization","name":"Legit Grams","url":"https:\/\/legitgrams.com\/","logo":{"@type":"ImageObject","inLanguage":"pl-PL","@id":"https:\/\/legitgrams.com\/#\/schema\/logo\/image\/","url":"https:\/\/legitgrams.com\/wp-content\/uploads\/2024\/09\/main-logo.png","contentUrl":"https:\/\/legitgrams.com\/wp-content\/uploads\/2024\/09\/main-logo.png","width":270,"height":75,"caption":"Legit Grams"},"image":{"@id":"https:\/\/legitgrams.com\/#\/schema\/logo\/image\/"}}]}},"uagb_featured_image_src":{"full":["https:\/\/legitgrams.com\/wp-content\/uploads\/2024\/09\/buy-k2-incense-spray-spice.jpg",600,600,false],"thumbnail":["https:\/\/legitgrams.com\/wp-content\/uploads\/2024\/09\/buy-k2-incense-spray-spice-150x150.jpg",150,150,true],"medium":["https:\/\/legitgrams.com\/wp-content\/uploads\/2024\/09\/buy-k2-incense-spray-spice-300x300.jpg",300,300,true],"medium_large":["https:\/\/legitgrams.com\/wp-content\/uploads\/2024\/09\/buy-k2-incense-spray-spice.jpg",600,600,false],"large":["https:\/\/legitgrams.com\/wp-content\/uploads\/2024\/09\/buy-k2-incense-spray-spice.jpg",600,600,false],"1536x1536":["https:\/\/legitgrams.com\/wp-content\/uploads\/2024\/09\/buy-k2-incense-spray-spice.jpg",600,600,false],"2048x2048":["https:\/\/legitgrams.com\/wp-content\/uploads\/2024\/09\/buy-k2-incense-spray-spice.jpg",600,600,false],"trp-custom-language-flag":["https:\/\/legitgrams.com\/wp-content\/uploads\/2024\/09\/buy-k2-incense-spray-spice-12x12.jpg",12,12,true],"woocommerce_thumbnail":["https:\/\/legitgrams.com\/wp-content\/uploads\/2024\/09\/buy-k2-incense-spray-spice-300x300.jpg",300,300,true],"woocommerce_single":["https:\/\/legitgrams.com\/wp-content\/uploads\/2024\/09\/buy-k2-incense-spray-spice.jpg",600,600,false],"woocommerce_gallery_thumbnail":["https:\/\/legitgrams.com\/wp-content\/uploads\/2024\/09\/buy-k2-incense-spray-spice-100x100.jpg",100,100,true]},"uagb_author_info":{"display_name":"cokeblog18","author_link":"https:\/\/legitgrams.com\/pl\/author\/"},"uagb_comment_info":0,"uagb_excerpt":"K2 Incense Spray: Purchase Online Purchase K2 Incense Spray: We also sell K2 paper. There are colorless and odorless types of K2 spray available. It takes 25ml to spray a whole A4 sheet of paper. K2 Incense Spray (SPICE) can be bought online. The two main words used to describe synthetic marijuana are taste and&hellip;","_links":{"self":[{"href":"https:\/\/legitgrams.com\/pl\/wp-json\/wp\/v2\/product\/4251","targetHints":{"allow":["GET"]}}],"collection":[{"href":"https:\/\/legitgrams.com\/pl\/wp-json\/wp\/v2\/product"}],"about":[{"href":"https:\/\/legitgrams.com\/pl\/wp-json\/wp\/v2\/types\/product"}],"replies":[{"embeddable":true,"href":"https:\/\/legitgrams.com\/pl\/wp-json\/wp\/v2\/comments?post=4251"}],"wp:featuredmedia":[{"embeddable":true,"href":"https:\/\/legitgrams.com\/pl\/wp-json\/wp\/v2\/media\/5341"}],"wp:attachment":[{"href":"https:\/\/legitgrams.com\/pl\/wp-json\/wp\/v2\/media?parent=4251"}],"wp:term":[{"taxonomy":"product_brand","embeddable":true,"href":"https:\/\/legitgrams.com\/pl\/wp-json\/wp\/v2\/product_brand?post=4251"},{"taxonomy":"product_cat","embeddable":true,"href":"https:\/\/legitgrams.com\/pl\/wp-json\/wp\/v2\/product_cat?post=4251"},{"taxonomy":"product_tag","embeddable":true,"href":"https:\/\/legitgrams.com\/pl\/wp-json\/wp\/v2\/product_tag?post=4251"}],"curies":[{"name":"wp","href":"https:\/\/api.w.org\/{rel}","templated":true}]}}