{"id":4255,"date":"2024-09-22T07:36:52","date_gmt":"2024-09-22T07:36:52","guid":{"rendered":"https:\/\/legitgrams.com\/?post_type=product&#038;p=4255"},"modified":"2025-01-14T10:46:43","modified_gmt":"2025-01-14T10:46:43","slug":"psilocybe-baeocystis","status":"publish","type":"product","link":"https:\/\/legitgrams.com\/pl\/produkt\/psilocybe-baeocystis\/","title":{"rendered":"Psilocybe Baeocystis"},"content":{"rendered":"<h2>Kup Psilocybe Baeocystis online<\/h2>\n<p>Podsumowuj\u0105c, <a href=\"https:\/\/legitgrams.com\/pl\/produkt\/psilocybe-baeocystis\/\">Psilocybe baeocystis<\/a> Jego nazwa pochodzi od charakterystycznej faluj\u0105cej korony; s\u0142owo baeo-cystis oznacza \"ma\u0142y p\u0119cherz\", tak w\u0142a\u015bnie wygl\u0105da grzyb, gdy jest m\u0142ody. Kup psilocybe baeocystis online. Cz\u0119\u015bciej mo\u017cna go znale\u017a\u0107 pod nazwami \"kapsle do butelek\", \"garbate wierzcho\u0142ki\", \"niebieskie dzwonki\" lub \"oliwkowe kapsle\", kt\u00f3re s\u0105 aluzjami do r\u00f3\u017cnych cech kapsli. Po obr\u00f3bce lub starzeniu kapsel szybko zmienia kolor z oliwkowo-zielonego, kasztanowo-br\u0105zowego na b\u0142yszcz\u0105cy ciemnoniebieski, wraz z falistymi zmarszczkami. <a href=\"https:\/\/legitgrams.com\/pl\/\">LegitGrams<\/a><\/p>\n<p>Gatunek ten jest wzgl\u0119dn\u0105 anomali\u0105, poniewa\u017c jego moc jest znacznie silniejsza, gdy jest \u015bwie\u017cy i cz\u0119sto spada o co najmniej po\u0142ow\u0119 po wysuszeniu. Przyczyn\u0105 tego mo\u017ce by\u0107 niezwykle wysokie st\u0119\u017cenie halucynogennego prekursora psilocybiny - baeocystyny.<\/p>\n<p>Mi\u0119dzynarodowa wysy\u0142ka magicznych grzyb\u00f3w i psychodelik\u00f3w. dodatkowe informacje<\/p>\n<h3>KUP PSILOCYBE BAEOCYSTIS I GRZYBY MAGICZNE ONLINE<\/h3>\n<p>Grzyb, kt\u00f3ry jako pierwszy zosta\u0142 zidentyfikowany i odnotowany w tym rodzaju, jest \u017ar\u00f3d\u0142em nazwy tego zwi\u0105zku. Chocia\u017c zwykle wyst\u0119puje w znacznie ni\u017cszych dawkach, jest lubiany w spo\u0142eczno\u015bci psilocybe.<\/p>\n<p>Cz\u0105steczka o tej samej nazwie, P. baeocystis, r\u00f3wnie\u017c wykazuje poziomy psylocyny, kt\u00f3re s\u0105 jednymi z trzech najlepszych. Podobnie jak P. cubensis, gatunek ten ma umiarkowan\u0105 do niskiej zawarto\u015b\u0107 psylocybiny. Zawiera jednak r\u00f3wnie\u017c niewielk\u0105, ale godn\u0105 uwagi ilo\u015b\u0107 norbaeocystyny, alkaloidu podobnego do innych. Wszystko to \u0142\u0105czy si\u0119, tworz\u0105c jednego niezwykle silnego grzyba, gdy jest \u015bwie\u017cy: Jeden do trzech grzyb\u00f3w, czyli do pi\u0119ciu gram\u00f3w, by\u0142oby uwa\u017cane za du\u017c\u0105 dawk\u0119. Jeden gram materia\u0142u zapewni \u017cywe efekty, gdy jest wysuszony.<\/p>\n<h3>Na sprzeda\u017c: PSILOCYBE BAEOCYSTIS<\/h3>\n<p>Ze wzgl\u0119du na swoj\u0105 wyj\u0105tkow\u0105 warto\u015b\u0107 w postaci \u015bwie\u017co\u015bci owocnik\u00f3w i og\u00f3lnej si\u0142y dzia\u0142ania, P. baeocystis jest rzadkim, ale korzystnym wyborem do uprawy domowej. Jego tolerancja na pod\u0142o\u017ce jest do\u015b\u0107 zmienna, dlatego najlepiej jest u\u017cywa\u0107 torfu, \u015bci\u00f3\u0142ki i pod\u0142o\u017ca opartego na pr\u00f3chnicy. Chocia\u017c mo\u017cna je pomyli\u0107 z blisko spokrewnionymi gatunkami, takimi jak P. cyanescens, P. aztecorum lub P. quebecensis, ich g\u0142\u00f3wnym zastosowaniem jest powszechna dzika odmiana w celu osi\u0105gni\u0119cia pe\u0142nej \u015bwie\u017co\u015bci.<\/p>\n<p>Gatunek ten zidentyfikowa\u0142 powszechn\u0105 substancj\u0119, kt\u00f3ra dodaje do <a href=\"https:\/\/en.wikipedia.org\/wiki\/Psilocybe_cubensis\">psilocybe<\/a> \"magia\" grzyb\u00f3w. Pr\u00f3bki, kt\u00f3re s\u0105 suszone lub, dla szcz\u0119\u015bliwego odkrywcy, \u015bwie\u017ce, gwarantuj\u0105 pot\u0119\u017cne doznania.<\/p>\n<p>Na sprzeda\u017c: Psilocybe Baeocystis<\/p>\n<p>Kup psychodeliki online<\/p>\n<p>Psychodeliczne zakupy online<\/p>\n<p>Substancja psychodeliczna<\/p>","protected":false},"excerpt":{"rendered":"<p>Purchase Psilocybe Baeocystis Online In summary, Psilocybe baeocystis is named from its characteristic rippling crown; the word baeo-cystis means &#8220;small-bladder,&#8221; which is how the fungus looks when it&#8217;s young. Buy psilocybe baeocystis online. It is more commonly found going by the names &#8220;bottle caps,&#8221; &#8220;knobby tops,&#8221; &#8220;blue bells,&#8221; or &#8220;olive caps,&#8221; which are all allusions &hellip;<\/p>\n<p class=\"read-more\"> <a class=\"\" href=\"https:\/\/legitgrams.com\/pl\/produkt\/psilocybe-baeocystis\/\"> <span class=\"screen-reader-text\">Psilocybe Baeocystis<\/span> Czytaj wi\u0119cej \"<\/a><\/p>","protected":false},"featured_media":5243,"comment_status":"open","ping_status":"closed","template":"","meta":{"_uag_custom_page_level_css":"","site-sidebar-layout":"default","site-content-layout":"default","ast-global-header-display":"","ast-main-header-display":"","ast-hfb-above-header-display":"","ast-hfb-below-header-display":"","ast-hfb-mobile-header-display":"","site-post-title":"","ast-breadcrumbs-content":"","ast-featured-img":"","footer-sml-layout":"","theme-transparent-header-meta":"default","adv-header-id-meta":"","stick-header-meta":"default","header-above-stick-meta":"","header-main-stick-meta":"","header-below-stick-meta":"","_joinchat":[]},"product_brand":[],"product_cat":[599],"product_tag":[1522,1512,617,1504,1519,1516,1511,1509,1503,1506,1514,1505,1507,1517,1524,1525,1523,1515,1520,1521,1518,625,1510,1513,1508],"class_list":{"0":"post-4255","1":"product","2":"type-product","3":"status-publish","4":"has-post-thumbnail","6":"product_cat-psilocybin-or-magic-mushrooms","7":"product_tag-best-cheap-price-psilocybe-baeocystis","8":"product_tag-best-place-to-buy-psilocybe-baeocystis","9":"product_tag-bulk-online","10":"product_tag-buy-psilocybe-baeocystis","11":"product_tag-cheap-psilocybe-baeocystis","12":"product_tag-high-quality-psilocybe-baeocystis","13":"product_tag-how-to-buy-psilocybe-baeocystis","14":"product_tag-order-psilocybe-baeocystis","15":"product_tag-psilocybe-baeocystis","16":"product_tag-psilocybe-baeocystis-for-sale","17":"product_tag-psilocybe-baeocystis-legally","18":"product_tag-psilocybe-baeocystis-online","19":"product_tag-psilocybe-baeocystis-psilocybe-baeocystis-supplier","20":"product_tag-psilocybe-baeocystis-store","21":"product_tag-psilocybe-baeocystis-use","22":"product_tag-psilocybe-baeocystis-wiki","23":"product_tag-psilocybe-baeocystis-worldwide","24":"product_tag-psilocybe-baeocystisprice","25":"product_tag-psilocybe-baeocystiss","26":"product_tag-purcharse-psilocybe-baeocystis","27":"product_tag-shop-psilocybe-baeocystis","28":"product_tag-top-quality","29":"product_tag-where-to-buy-psilocybe-baeocystis","30":"product_tag-where-to-order-psilocybe-baeocystis","31":"product_tag-wholesale-psilocybe-baeocystis","32":"desktop-align-left","33":"tablet-align-left","34":"mobile-align-left","35":"ast-product-gallery-layout-horizontal","36":"ast-product-gallery-with-no-image","37":"ast-product-single-variable","38":"ast-product-tabs-layout-horizontal","39":"ast-qv-on-image","41":"first","42":"instock","43":"shipping-taxable","44":"purchasable","45":"product-type-variable"},"yoast_head":"<!-- This site is optimized with the Yoast SEO plugin v25.9 - https:\/\/yoast.com\/wordpress\/plugins\/seo\/ -->\n<title>Psilocybe Baeocystis for Sale - Order Psilocybe Baeocystis Online<\/title>\n<meta name=\"description\" content=\"Explore our online store for Psilocybe Baeocystis for sale, offering high-quality Psilocybe Baeocystis. Buy Psilocybe Baeocystis online securely and embark on your research journey with confidence. Place your order now!\" \/>\n<meta name=\"robots\" content=\"index, follow, max-snippet:-1, max-image-preview:large, max-video-preview:-1\" \/>\n<link rel=\"canonical\" href=\"https:\/\/legitgrams.com\/pl\/produkt\/psilocybe-baeocystis\/\" \/>\n<meta property=\"og:locale\" content=\"pl_PL\" \/>\n<meta property=\"og:type\" content=\"article\" \/>\n<meta property=\"og:title\" content=\"Psilocybe Baeocystis for Sale - Order Psilocybe Baeocystis Online\" \/>\n<meta property=\"og:description\" content=\"Explore our online store for Psilocybe Baeocystis for sale, offering high-quality Psilocybe Baeocystis. Buy Psilocybe Baeocystis online securely and embark on your research journey with confidence. Place your order now!\" \/>\n<meta property=\"og:url\" content=\"https:\/\/legitgrams.com\/pl\/produkt\/psilocybe-baeocystis\/\" \/>\n<meta property=\"og:site_name\" content=\"Legit Grams\" \/>\n<meta property=\"article:modified_time\" content=\"2025-01-14T10:46:43+00:00\" \/>\n<meta property=\"og:image\" content=\"https:\/\/legitgrams.com\/wp-content\/uploads\/2024\/09\/psilocybe-baeocystis-for-salepsilocybin-or-magic-mushrooms.jpg\" \/>\n\t<meta property=\"og:image:width\" content=\"430\" \/>\n\t<meta property=\"og:image:height\" content=\"430\" \/>\n\t<meta property=\"og:image:type\" content=\"image\/jpeg\" \/>\n<meta name=\"twitter:card\" content=\"summary_large_image\" \/>\n<meta name=\"twitter:label1\" content=\"Szacowany czas czytania\" \/>\n\t<meta name=\"twitter:data1\" content=\"2 minuty\" \/>\n<script type=\"application\/ld+json\" class=\"yoast-schema-graph\">{\"@context\":\"https:\/\/schema.org\",\"@graph\":[{\"@type\":\"WebPage\",\"@id\":\"https:\/\/legitgrams.com\/product\/psilocybe-baeocystis\/\",\"url\":\"https:\/\/legitgrams.com\/product\/psilocybe-baeocystis\/\",\"name\":\"Psilocybe Baeocystis for Sale - Order Psilocybe Baeocystis Online\",\"isPartOf\":{\"@id\":\"https:\/\/legitgrams.com\/#website\"},\"primaryImageOfPage\":{\"@id\":\"https:\/\/legitgrams.com\/product\/psilocybe-baeocystis\/#primaryimage\"},\"image\":{\"@id\":\"https:\/\/legitgrams.com\/product\/psilocybe-baeocystis\/#primaryimage\"},\"thumbnailUrl\":\"https:\/\/legitgrams.com\/wp-content\/uploads\/2024\/09\/psilocybe-baeocystis-for-salepsilocybin-or-magic-mushrooms.jpg\",\"datePublished\":\"2024-09-22T07:36:52+00:00\",\"dateModified\":\"2025-01-14T10:46:43+00:00\",\"description\":\"Explore our online store for Psilocybe Baeocystis for sale, offering high-quality Psilocybe Baeocystis. Buy Psilocybe Baeocystis online securely and embark on your research journey with confidence. Place your order now!\",\"breadcrumb\":{\"@id\":\"https:\/\/legitgrams.com\/product\/psilocybe-baeocystis\/#breadcrumb\"},\"inLanguage\":\"pl-PL\",\"potentialAction\":[{\"@type\":\"ReadAction\",\"target\":[\"https:\/\/legitgrams.com\/product\/psilocybe-baeocystis\/\"]}]},{\"@type\":\"ImageObject\",\"inLanguage\":\"pl-PL\",\"@id\":\"https:\/\/legitgrams.com\/product\/psilocybe-baeocystis\/#primaryimage\",\"url\":\"https:\/\/legitgrams.com\/wp-content\/uploads\/2024\/09\/psilocybe-baeocystis-for-salepsilocybin-or-magic-mushrooms.jpg\",\"contentUrl\":\"https:\/\/legitgrams.com\/wp-content\/uploads\/2024\/09\/psilocybe-baeocystis-for-salepsilocybin-or-magic-mushrooms.jpg\",\"width\":430,\"height\":430,\"caption\":\"Psilocybe Baeocystis for Sale\"},{\"@type\":\"BreadcrumbList\",\"@id\":\"https:\/\/legitgrams.com\/product\/psilocybe-baeocystis\/#breadcrumb\",\"itemListElement\":[{\"@type\":\"ListItem\",\"position\":1,\"name\":\"Home\",\"item\":\"https:\/\/legitgrams.com\/\"},{\"@type\":\"ListItem\",\"position\":2,\"name\":\"Shop\",\"item\":\"https:\/\/legitgrams.com\/shop\/\"},{\"@type\":\"ListItem\",\"position\":3,\"name\":\"Psilocybe Baeocystis\"}]},{\"@type\":\"WebSite\",\"@id\":\"https:\/\/legitgrams.com\/#website\",\"url\":\"https:\/\/legitgrams.com\/\",\"name\":\"Legit Grams\",\"description\":\"My WordPress Blog\",\"publisher\":{\"@id\":\"https:\/\/legitgrams.com\/#organization\"},\"potentialAction\":[{\"@type\":\"SearchAction\",\"target\":{\"@type\":\"EntryPoint\",\"urlTemplate\":\"https:\/\/legitgrams.com\/?s={search_term_string}\"},\"query-input\":{\"@type\":\"PropertyValueSpecification\",\"valueRequired\":true,\"valueName\":\"search_term_string\"}}],\"inLanguage\":\"pl-PL\"},{\"@type\":\"Organization\",\"@id\":\"https:\/\/legitgrams.com\/#organization\",\"name\":\"Legit Grams\",\"url\":\"https:\/\/legitgrams.com\/\",\"logo\":{\"@type\":\"ImageObject\",\"inLanguage\":\"pl-PL\",\"@id\":\"https:\/\/legitgrams.com\/#\/schema\/logo\/image\/\",\"url\":\"https:\/\/legitgrams.com\/wp-content\/uploads\/2024\/09\/main-logo.png\",\"contentUrl\":\"https:\/\/legitgrams.com\/wp-content\/uploads\/2024\/09\/main-logo.png\",\"width\":270,\"height\":75,\"caption\":\"Legit Grams\"},\"image\":{\"@id\":\"https:\/\/legitgrams.com\/#\/schema\/logo\/image\/\"}}]}<\/script>\n<!-- \/ Yoast SEO plugin. -->","yoast_head_json":{"title":"Psilocybe Baeocystis na sprzeda\u017c - Zam\u00f3w Psilocybe Baeocystis online","description":"Poznaj nasz sklep internetowy dla Psilocybe Baeocystis na sprzeda\u017c, oferuj\u0105cy wysokiej jako\u015bci Psilocybe Baeocystis. Kupuj Psilocybe Baeocystis bezpiecznie online i wyrusz w swoj\u0105 podr\u00f3\u017c badawcz\u0105 z pewno\u015bci\u0105. Z\u0142\u00f3\u017c zam\u00f3wienie ju\u017c teraz!","robots":{"index":"index","follow":"follow","max-snippet":"max-snippet:-1","max-image-preview":"max-image-preview:large","max-video-preview":"max-video-preview:-1"},"canonical":"https:\/\/legitgrams.com\/pl\/produkt\/psilocybe-baeocystis\/","og_locale":"pl_PL","og_type":"article","og_title":"Psilocybe Baeocystis for Sale - Order Psilocybe Baeocystis Online","og_description":"Explore our online store for Psilocybe Baeocystis for sale, offering high-quality Psilocybe Baeocystis. Buy Psilocybe Baeocystis online securely and embark on your research journey with confidence. Place your order now!","og_url":"https:\/\/legitgrams.com\/pl\/produkt\/psilocybe-baeocystis\/","og_site_name":"Legit Grams","article_modified_time":"2025-01-14T10:46:43+00:00","og_image":[{"width":430,"height":430,"url":"https:\/\/legitgrams.com\/wp-content\/uploads\/2024\/09\/psilocybe-baeocystis-for-salepsilocybin-or-magic-mushrooms.jpg","type":"image\/jpeg"}],"twitter_card":"summary_large_image","twitter_misc":{"Szacowany czas czytania":"2 minuty"},"schema":{"@context":"https:\/\/schema.org","@graph":[{"@type":"WebPage","@id":"https:\/\/legitgrams.com\/product\/psilocybe-baeocystis\/","url":"https:\/\/legitgrams.com\/product\/psilocybe-baeocystis\/","name":"Psilocybe Baeocystis na sprzeda\u017c - Zam\u00f3w Psilocybe Baeocystis online","isPartOf":{"@id":"https:\/\/legitgrams.com\/#website"},"primaryImageOfPage":{"@id":"https:\/\/legitgrams.com\/product\/psilocybe-baeocystis\/#primaryimage"},"image":{"@id":"https:\/\/legitgrams.com\/product\/psilocybe-baeocystis\/#primaryimage"},"thumbnailUrl":"https:\/\/legitgrams.com\/wp-content\/uploads\/2024\/09\/psilocybe-baeocystis-for-salepsilocybin-or-magic-mushrooms.jpg","datePublished":"2024-09-22T07:36:52+00:00","dateModified":"2025-01-14T10:46:43+00:00","description":"Poznaj nasz sklep internetowy dla Psilocybe Baeocystis na sprzeda\u017c, oferuj\u0105cy wysokiej jako\u015bci Psilocybe Baeocystis. Kupuj Psilocybe Baeocystis bezpiecznie online i wyrusz w swoj\u0105 podr\u00f3\u017c badawcz\u0105 z pewno\u015bci\u0105. Z\u0142\u00f3\u017c zam\u00f3wienie ju\u017c teraz!","breadcrumb":{"@id":"https:\/\/legitgrams.com\/product\/psilocybe-baeocystis\/#breadcrumb"},"inLanguage":"pl-PL","potentialAction":[{"@type":"ReadAction","target":["https:\/\/legitgrams.com\/product\/psilocybe-baeocystis\/"]}]},{"@type":"ImageObject","inLanguage":"pl-PL","@id":"https:\/\/legitgrams.com\/product\/psilocybe-baeocystis\/#primaryimage","url":"https:\/\/legitgrams.com\/wp-content\/uploads\/2024\/09\/psilocybe-baeocystis-for-salepsilocybin-or-magic-mushrooms.jpg","contentUrl":"https:\/\/legitgrams.com\/wp-content\/uploads\/2024\/09\/psilocybe-baeocystis-for-salepsilocybin-or-magic-mushrooms.jpg","width":430,"height":430,"caption":"Psilocybe Baeocystis for Sale"},{"@type":"BreadcrumbList","@id":"https:\/\/legitgrams.com\/product\/psilocybe-baeocystis\/#breadcrumb","itemListElement":[{"@type":"ListItem","position":1,"name":"Home","item":"https:\/\/legitgrams.com\/"},{"@type":"ListItem","position":2,"name":"Shop","item":"https:\/\/legitgrams.com\/shop\/"},{"@type":"ListItem","position":3,"name":"Psilocybe Baeocystis"}]},{"@type":"WebSite","@id":"https:\/\/legitgrams.com\/#website","url":"https:\/\/legitgrams.com\/","name":"Legit Grams","description":"M\u00f3j blog WordPress","publisher":{"@id":"https:\/\/legitgrams.com\/#organization"},"potentialAction":[{"@type":"SearchAction","target":{"@type":"EntryPoint","urlTemplate":"https:\/\/legitgrams.com\/?s={search_term_string}"},"query-input":{"@type":"PropertyValueSpecification","valueRequired":true,"valueName":"search_term_string"}}],"inLanguage":"pl-PL"},{"@type":"Organization","@id":"https:\/\/legitgrams.com\/#organization","name":"Legit Grams","url":"https:\/\/legitgrams.com\/","logo":{"@type":"ImageObject","inLanguage":"pl-PL","@id":"https:\/\/legitgrams.com\/#\/schema\/logo\/image\/","url":"https:\/\/legitgrams.com\/wp-content\/uploads\/2024\/09\/main-logo.png","contentUrl":"https:\/\/legitgrams.com\/wp-content\/uploads\/2024\/09\/main-logo.png","width":270,"height":75,"caption":"Legit Grams"},"image":{"@id":"https:\/\/legitgrams.com\/#\/schema\/logo\/image\/"}}]}},"uagb_featured_image_src":{"full":["https:\/\/legitgrams.com\/wp-content\/uploads\/2024\/09\/psilocybe-baeocystis-for-salepsilocybin-or-magic-mushrooms.jpg",430,430,false],"thumbnail":["https:\/\/legitgrams.com\/wp-content\/uploads\/2024\/09\/psilocybe-baeocystis-for-salepsilocybin-or-magic-mushrooms-150x150.jpg",150,150,true],"medium":["https:\/\/legitgrams.com\/wp-content\/uploads\/2024\/09\/psilocybe-baeocystis-for-salepsilocybin-or-magic-mushrooms-300x300.jpg",300,300,true],"medium_large":["https:\/\/legitgrams.com\/wp-content\/uploads\/2024\/09\/psilocybe-baeocystis-for-salepsilocybin-or-magic-mushrooms.jpg",430,430,false],"large":["https:\/\/legitgrams.com\/wp-content\/uploads\/2024\/09\/psilocybe-baeocystis-for-salepsilocybin-or-magic-mushrooms.jpg",430,430,false],"1536x1536":["https:\/\/legitgrams.com\/wp-content\/uploads\/2024\/09\/psilocybe-baeocystis-for-salepsilocybin-or-magic-mushrooms.jpg",430,430,false],"2048x2048":["https:\/\/legitgrams.com\/wp-content\/uploads\/2024\/09\/psilocybe-baeocystis-for-salepsilocybin-or-magic-mushrooms.jpg",430,430,false],"trp-custom-language-flag":["https:\/\/legitgrams.com\/wp-content\/uploads\/2024\/09\/psilocybe-baeocystis-for-salepsilocybin-or-magic-mushrooms-12x12.jpg",12,12,true],"woocommerce_thumbnail":["https:\/\/legitgrams.com\/wp-content\/uploads\/2024\/09\/psilocybe-baeocystis-for-salepsilocybin-or-magic-mushrooms-300x300.jpg",300,300,true],"woocommerce_single":["https:\/\/legitgrams.com\/wp-content\/uploads\/2024\/09\/psilocybe-baeocystis-for-salepsilocybin-or-magic-mushrooms.jpg",430,430,false],"woocommerce_gallery_thumbnail":["https:\/\/legitgrams.com\/wp-content\/uploads\/2024\/09\/psilocybe-baeocystis-for-salepsilocybin-or-magic-mushrooms-100x100.jpg",100,100,true]},"uagb_author_info":{"display_name":"cokeblog18","author_link":"https:\/\/legitgrams.com\/pl\/author\/"},"uagb_comment_info":0,"uagb_excerpt":"Purchase Psilocybe Baeocystis Online In summary, Psilocybe baeocystis is named from its characteristic rippling crown; the word baeo-cystis means &#8220;small-bladder,&#8221; which is how the fungus looks when it&#8217;s young. Buy psilocybe baeocystis online. It is more commonly found going by the names &#8220;bottle caps,&#8221; &#8220;knobby tops,&#8221; &#8220;blue bells,&#8221; or &#8220;olive caps,&#8221; which are all allusions&hellip;","_links":{"self":[{"href":"https:\/\/legitgrams.com\/pl\/wp-json\/wp\/v2\/product\/4255","targetHints":{"allow":["GET"]}}],"collection":[{"href":"https:\/\/legitgrams.com\/pl\/wp-json\/wp\/v2\/product"}],"about":[{"href":"https:\/\/legitgrams.com\/pl\/wp-json\/wp\/v2\/types\/product"}],"replies":[{"embeddable":true,"href":"https:\/\/legitgrams.com\/pl\/wp-json\/wp\/v2\/comments?post=4255"}],"wp:featuredmedia":[{"embeddable":true,"href":"https:\/\/legitgrams.com\/pl\/wp-json\/wp\/v2\/media\/5243"}],"wp:attachment":[{"href":"https:\/\/legitgrams.com\/pl\/wp-json\/wp\/v2\/media?parent=4255"}],"wp:term":[{"taxonomy":"product_brand","embeddable":true,"href":"https:\/\/legitgrams.com\/pl\/wp-json\/wp\/v2\/product_brand?post=4255"},{"taxonomy":"product_cat","embeddable":true,"href":"https:\/\/legitgrams.com\/pl\/wp-json\/wp\/v2\/product_cat?post=4255"},{"taxonomy":"product_tag","embeddable":true,"href":"https:\/\/legitgrams.com\/pl\/wp-json\/wp\/v2\/product_tag?post=4255"}],"curies":[{"name":"wp","href":"https:\/\/api.w.org\/{rel}","templated":true}]}}