{"id":4259,"date":"2024-09-22T07:51:56","date_gmt":"2024-09-22T07:51:56","guid":{"rendered":"https:\/\/legitgrams.com\/?post_type=product&#038;p=4259"},"modified":"2025-01-15T05:43:22","modified_gmt":"2025-01-15T05:43:22","slug":"odmiana-marihuany-super-lemon-haze","status":"publish","type":"product","link":"https:\/\/legitgrams.com\/pl\/produkt\/odmiana-marihuany-super-lemon-haze\/","title":{"rendered":"Odmiana marihuany Super Lemon Haze"},"content":{"rendered":"<h2>Kup odmian\u0119 marihuany Super Lemon Haze online<\/h2>\n<p>Kontrowersyjny <a href=\"https:\/\/legitgrams.com\/pl\/produkt\/odmiana-marihuany-super-lemon-haze\/\">Szczep Super Lemon Haze<\/a> jest dobrze znana z dw\u00f3ch zwyci\u0119stw w High Times Cannabis Cup. Super Lemon Haze ma przyzwoity poziom THC jak na odmian\u0119 sativa, zwykle mi\u0119dzy 22 a 25%. Efekty tego napi\u0119cia zosta\u0142y scharakteryzowane jako energetyzuj\u0105ce i \u017cywe. Jest idealna na dzie\u0144 ze wzgl\u0119du na sw\u00f3j koj\u0105cy i podnosz\u0105cy na duchu charakter. Super Lemon Haze smakuje i pachnie jak swieza, cierpka cytryna, co sugeruje sama nazwa. Super Lemon Haze ma s\u0142odko-kwa\u015bny profil terpenowy z nutami cytrus\u00f3w i sosny. Z Super Lemon Haze, o bogatym zapachu i smaku przywodz\u0105cym na my\u015bl kwa\u015bne cytrynowe cukierki, po prostu nie mo\u017cna sobie poradzi\u0107. <a href=\"https:\/\/legitgrams.com\/pl\/\">LegitGrams<\/a><\/p>\n<h3>Odmian\u0119 marihuany Super Lemon Super Lemon and Haze mo\u017cna kupi\u0107 online.<\/h3>\n<p><a href=\"https:\/\/en.wikipedia.org\/wiki\/Super_Lemon_Haze\">Odmiana marihuany Super Lemon Haze<\/a> na sprzeda\u017c, kupi\u0107 Super Lemon Haze Marijuana Strain online, Gdzie kupi\u0107 Super Lemon Haze Marijuana Strain, kupi\u0107 Super Lemon Haze Marijuana Strain online, Super Lemon Haze Marijuana Strain na sprzeda\u017c w USA, Kanada, Wielka Brytania, kupi\u0107, online, dostawcy, bezpieczna dostawa, Nadal mo\u017cesz dosta\u0107 Super Lemon Haze Marijuana Strain, Czy Super Lemon Haze Marijuana Strain usa, kup Super Lemon Haze Marijuana Strain online usa, jak zam\u00f3wi\u0107 Super Lemon Haze Marijuana Strain i czy Super Lemon Haze Marijuana Strain jest legalna w Kanadzie?<\/p>","protected":false},"excerpt":{"rendered":"<p>Purchase Super Lemon Haze Marijuana Strain Online The controversial strain Super Lemon Haze is well-known for its two victories at the High Times Cannabis Cup. Super Lemon Haze has respectable THC levels for a sativa strain, usually between 22 and 25 percent. This tension&#8217;s effects have been characterized as energizing and alive. It&#8217;s perfect for &hellip;<\/p>\n<p class=\"read-more\"> <a class=\"\" href=\"https:\/\/legitgrams.com\/pl\/produkt\/odmiana-marihuany-super-lemon-haze\/\"> <span class=\"screen-reader-text\">Odmiana marihuany Super Lemon Haze<\/span> Czytaj wi\u0119cej \"<\/a><\/p>","protected":false},"featured_media":5429,"comment_status":"open","ping_status":"closed","template":"","meta":{"_uag_custom_page_level_css":"","site-sidebar-layout":"default","site-content-layout":"default","ast-global-header-display":"","ast-main-header-display":"","ast-hfb-above-header-display":"","ast-hfb-below-header-display":"","ast-hfb-mobile-header-display":"","site-post-title":"","ast-breadcrumbs-content":"","ast-featured-img":"","footer-sml-layout":"","theme-transparent-header-meta":"default","adv-header-id-meta":"","stick-header-meta":"default","header-above-stick-meta":"","header-main-stick-meta":"","header-below-stick-meta":"","_joinchat":[]},"product_brand":[],"product_cat":[607],"product_tag":[1453,1443,617,1435,1450,1447,1442,1440,1452,1449,1434,1437,1445,1436,1448,1438,1455,1456,1454,1446,1451,625,1441,1444,1439],"class_list":{"0":"post-4259","1":"product","2":"type-product","3":"status-publish","4":"has-post-thumbnail","6":"product_cat-marijuana-cannabis","7":"product_tag-best-cheap-price-super-lemon-haze-marijuana-strain","8":"product_tag-best-place-to-buy-super-lemon-haze-marijuana-strain","9":"product_tag-bulk-online","10":"product_tag-buy-super-lemon-haze-marijuana-strain","11":"product_tag-cheap-super-lemon-haze-marijuana-strain","12":"product_tag-high-quality-super-lemon-haze-marijuana-strain","13":"product_tag-how-to-buy-super-lemon-haze-marijuana-strain","14":"product_tag-order-super-lemon-haze-marijuana-strain","15":"product_tag-purcharse-super-lemon-haze-marijuana-strain","16":"product_tag-shop-super-lemon-haze-marijuana-strain","17":"product_tag-super-lemon-haze-marijuana-strain","18":"product_tag-super-lemon-haze-marijuana-strain-for-sale","19":"product_tag-super-lemon-haze-marijuana-strain-legally","20":"product_tag-super-lemon-haze-marijuana-strain-online","21":"product_tag-super-lemon-haze-marijuana-strain-store","22":"product_tag-super-lemon-haze-marijuana-strain-super-lemon-haze-marijuana-strain-supplier","23":"product_tag-super-lemon-haze-marijuana-strain-use","24":"product_tag-super-lemon-haze-marijuana-strain-wiki","25":"product_tag-super-lemon-haze-marijuana-strain-worldwide","26":"product_tag-super-lemon-haze-marijuana-strainprice","27":"product_tag-super-lemon-haze-marijuana-strains","28":"product_tag-top-quality","29":"product_tag-where-to-buy-super-lemon-haze-marijuana-strain","30":"product_tag-where-to-order-super-lemon-haze-marijuana-strain","31":"product_tag-wholesale-super-lemon-haze-marijuana-strain","32":"desktop-align-left","33":"tablet-align-left","34":"mobile-align-left","35":"ast-product-gallery-layout-horizontal","36":"ast-product-gallery-with-no-image","37":"ast-product-single-variable","38":"ast-product-tabs-layout-horizontal","39":"ast-qv-on-image","41":"first","42":"instock","43":"shipping-taxable","44":"purchasable","45":"product-type-variable"},"yoast_head":"<!-- This site is optimized with the Yoast SEO plugin v25.9 - https:\/\/yoast.com\/wordpress\/plugins\/seo\/ -->\n<title>Super Lemon Haze Marijuana Strain for sale @ best price | LG<\/title>\n<meta name=\"description\" content=\"Discover top-notch super lemon haze marijuana strain for sale at our online store - buy super lemon haze marijuana strain conveniently and securely to fuel your research. Order Now!\" \/>\n<meta name=\"robots\" content=\"index, follow, max-snippet:-1, max-image-preview:large, max-video-preview:-1\" \/>\n<link rel=\"canonical\" href=\"https:\/\/legitgrams.com\/pl\/produkt\/odmiana-marihuany-super-lemon-haze\/\" \/>\n<meta property=\"og:locale\" content=\"pl_PL\" \/>\n<meta property=\"og:type\" content=\"article\" \/>\n<meta property=\"og:title\" content=\"Super Lemon Haze Marijuana Strain for sale @ best price | LG\" \/>\n<meta property=\"og:description\" content=\"Discover top-notch super lemon haze marijuana strain for sale at our online store - buy super lemon haze marijuana strain conveniently and securely to fuel your research. Order Now!\" \/>\n<meta property=\"og:url\" content=\"https:\/\/legitgrams.com\/pl\/produkt\/odmiana-marihuany-super-lemon-haze\/\" \/>\n<meta property=\"og:site_name\" content=\"Legit Grams\" \/>\n<meta property=\"article:modified_time\" content=\"2025-01-15T05:43:22+00:00\" \/>\n<meta property=\"og:image\" content=\"https:\/\/legitgrams.com\/wp-content\/uploads\/2024\/09\/Buy-Super-Lemon-Haze-Marijuana-Strain-Online.jpg\" \/>\n\t<meta property=\"og:image:width\" content=\"600\" \/>\n\t<meta property=\"og:image:height\" content=\"600\" \/>\n\t<meta property=\"og:image:type\" content=\"image\/jpeg\" \/>\n<meta name=\"twitter:card\" content=\"summary_large_image\" \/>\n<meta name=\"twitter:label1\" content=\"Szacowany czas czytania\" \/>\n\t<meta name=\"twitter:data1\" content=\"2 minuty\" \/>\n<script type=\"application\/ld+json\" class=\"yoast-schema-graph\">{\"@context\":\"https:\/\/schema.org\",\"@graph\":[{\"@type\":\"WebPage\",\"@id\":\"https:\/\/legitgrams.com\/product\/super-lemon-haze-marijuana-strain\/\",\"url\":\"https:\/\/legitgrams.com\/product\/super-lemon-haze-marijuana-strain\/\",\"name\":\"Super Lemon Haze Marijuana Strain for sale @ best price | LG\",\"isPartOf\":{\"@id\":\"https:\/\/legitgrams.com\/#website\"},\"primaryImageOfPage\":{\"@id\":\"https:\/\/legitgrams.com\/product\/super-lemon-haze-marijuana-strain\/#primaryimage\"},\"image\":{\"@id\":\"https:\/\/legitgrams.com\/product\/super-lemon-haze-marijuana-strain\/#primaryimage\"},\"thumbnailUrl\":\"https:\/\/legitgrams.com\/wp-content\/uploads\/2024\/09\/Buy-Super-Lemon-Haze-Marijuana-Strain-Online.jpg\",\"datePublished\":\"2024-09-22T07:51:56+00:00\",\"dateModified\":\"2025-01-15T05:43:22+00:00\",\"description\":\"Discover top-notch super lemon haze marijuana strain for sale at our online store - buy super lemon haze marijuana strain conveniently and securely to fuel your research. Order Now!\",\"breadcrumb\":{\"@id\":\"https:\/\/legitgrams.com\/product\/super-lemon-haze-marijuana-strain\/#breadcrumb\"},\"inLanguage\":\"pl-PL\",\"potentialAction\":[{\"@type\":\"ReadAction\",\"target\":[\"https:\/\/legitgrams.com\/product\/super-lemon-haze-marijuana-strain\/\"]}]},{\"@type\":\"ImageObject\",\"inLanguage\":\"pl-PL\",\"@id\":\"https:\/\/legitgrams.com\/product\/super-lemon-haze-marijuana-strain\/#primaryimage\",\"url\":\"https:\/\/legitgrams.com\/wp-content\/uploads\/2024\/09\/Buy-Super-Lemon-Haze-Marijuana-Strain-Online.jpg\",\"contentUrl\":\"https:\/\/legitgrams.com\/wp-content\/uploads\/2024\/09\/Buy-Super-Lemon-Haze-Marijuana-Strain-Online.jpg\",\"width\":600,\"height\":600,\"caption\":\"Super Lemon Haze Marijuana Strain for sale\"},{\"@type\":\"BreadcrumbList\",\"@id\":\"https:\/\/legitgrams.com\/product\/super-lemon-haze-marijuana-strain\/#breadcrumb\",\"itemListElement\":[{\"@type\":\"ListItem\",\"position\":1,\"name\":\"Home\",\"item\":\"https:\/\/legitgrams.com\/\"},{\"@type\":\"ListItem\",\"position\":2,\"name\":\"Shop\",\"item\":\"https:\/\/legitgrams.com\/shop\/\"},{\"@type\":\"ListItem\",\"position\":3,\"name\":\"Super Lemon Haze Marijuana Strain\"}]},{\"@type\":\"WebSite\",\"@id\":\"https:\/\/legitgrams.com\/#website\",\"url\":\"https:\/\/legitgrams.com\/\",\"name\":\"Legit Grams\",\"description\":\"My WordPress Blog\",\"publisher\":{\"@id\":\"https:\/\/legitgrams.com\/#organization\"},\"potentialAction\":[{\"@type\":\"SearchAction\",\"target\":{\"@type\":\"EntryPoint\",\"urlTemplate\":\"https:\/\/legitgrams.com\/?s={search_term_string}\"},\"query-input\":{\"@type\":\"PropertyValueSpecification\",\"valueRequired\":true,\"valueName\":\"search_term_string\"}}],\"inLanguage\":\"pl-PL\"},{\"@type\":\"Organization\",\"@id\":\"https:\/\/legitgrams.com\/#organization\",\"name\":\"Legit Grams\",\"url\":\"https:\/\/legitgrams.com\/\",\"logo\":{\"@type\":\"ImageObject\",\"inLanguage\":\"pl-PL\",\"@id\":\"https:\/\/legitgrams.com\/#\/schema\/logo\/image\/\",\"url\":\"https:\/\/legitgrams.com\/wp-content\/uploads\/2024\/09\/main-logo.png\",\"contentUrl\":\"https:\/\/legitgrams.com\/wp-content\/uploads\/2024\/09\/main-logo.png\",\"width\":270,\"height\":75,\"caption\":\"Legit Grams\"},\"image\":{\"@id\":\"https:\/\/legitgrams.com\/#\/schema\/logo\/image\/\"}}]}<\/script>\n<!-- \/ Yoast SEO plugin. -->","yoast_head_json":{"title":"Odmiana marihuany Super Lemon Haze na sprzeda\u017c w najlepszej cenie | LG","description":"Odkryj najwy\u017cszej klasy odmian\u0119 marihuany super lemon haze na sprzeda\u017c w naszym sklepie internetowym - kupuj odmian\u0119 marihuany super lemon haze wygodnie i bezpiecznie, aby zasili\u0107 swoje badania. Zam\u00f3w teraz!","robots":{"index":"index","follow":"follow","max-snippet":"max-snippet:-1","max-image-preview":"max-image-preview:large","max-video-preview":"max-video-preview:-1"},"canonical":"https:\/\/legitgrams.com\/pl\/produkt\/odmiana-marihuany-super-lemon-haze\/","og_locale":"pl_PL","og_type":"article","og_title":"Super Lemon Haze Marijuana Strain for sale @ best price | LG","og_description":"Discover top-notch super lemon haze marijuana strain for sale at our online store - buy super lemon haze marijuana strain conveniently and securely to fuel your research. Order Now!","og_url":"https:\/\/legitgrams.com\/pl\/produkt\/odmiana-marihuany-super-lemon-haze\/","og_site_name":"Legit Grams","article_modified_time":"2025-01-15T05:43:22+00:00","og_image":[{"width":600,"height":600,"url":"https:\/\/legitgrams.com\/wp-content\/uploads\/2024\/09\/Buy-Super-Lemon-Haze-Marijuana-Strain-Online.jpg","type":"image\/jpeg"}],"twitter_card":"summary_large_image","twitter_misc":{"Szacowany czas czytania":"2 minuty"},"schema":{"@context":"https:\/\/schema.org","@graph":[{"@type":"WebPage","@id":"https:\/\/legitgrams.com\/product\/super-lemon-haze-marijuana-strain\/","url":"https:\/\/legitgrams.com\/product\/super-lemon-haze-marijuana-strain\/","name":"Odmiana marihuany Super Lemon Haze na sprzeda\u017c w najlepszej cenie | LG","isPartOf":{"@id":"https:\/\/legitgrams.com\/#website"},"primaryImageOfPage":{"@id":"https:\/\/legitgrams.com\/product\/super-lemon-haze-marijuana-strain\/#primaryimage"},"image":{"@id":"https:\/\/legitgrams.com\/product\/super-lemon-haze-marijuana-strain\/#primaryimage"},"thumbnailUrl":"https:\/\/legitgrams.com\/wp-content\/uploads\/2024\/09\/Buy-Super-Lemon-Haze-Marijuana-Strain-Online.jpg","datePublished":"2024-09-22T07:51:56+00:00","dateModified":"2025-01-15T05:43:22+00:00","description":"Odkryj najwy\u017cszej klasy odmian\u0119 marihuany super lemon haze na sprzeda\u017c w naszym sklepie internetowym - kupuj odmian\u0119 marihuany super lemon haze wygodnie i bezpiecznie, aby zasili\u0107 swoje badania. Zam\u00f3w teraz!","breadcrumb":{"@id":"https:\/\/legitgrams.com\/product\/super-lemon-haze-marijuana-strain\/#breadcrumb"},"inLanguage":"pl-PL","potentialAction":[{"@type":"ReadAction","target":["https:\/\/legitgrams.com\/product\/super-lemon-haze-marijuana-strain\/"]}]},{"@type":"ImageObject","inLanguage":"pl-PL","@id":"https:\/\/legitgrams.com\/product\/super-lemon-haze-marijuana-strain\/#primaryimage","url":"https:\/\/legitgrams.com\/wp-content\/uploads\/2024\/09\/Buy-Super-Lemon-Haze-Marijuana-Strain-Online.jpg","contentUrl":"https:\/\/legitgrams.com\/wp-content\/uploads\/2024\/09\/Buy-Super-Lemon-Haze-Marijuana-Strain-Online.jpg","width":600,"height":600,"caption":"Super Lemon Haze Marijuana Strain for sale"},{"@type":"BreadcrumbList","@id":"https:\/\/legitgrams.com\/product\/super-lemon-haze-marijuana-strain\/#breadcrumb","itemListElement":[{"@type":"ListItem","position":1,"name":"Home","item":"https:\/\/legitgrams.com\/"},{"@type":"ListItem","position":2,"name":"Shop","item":"https:\/\/legitgrams.com\/shop\/"},{"@type":"ListItem","position":3,"name":"Super Lemon Haze Marijuana Strain"}]},{"@type":"WebSite","@id":"https:\/\/legitgrams.com\/#website","url":"https:\/\/legitgrams.com\/","name":"Legit Grams","description":"M\u00f3j blog WordPress","publisher":{"@id":"https:\/\/legitgrams.com\/#organization"},"potentialAction":[{"@type":"SearchAction","target":{"@type":"EntryPoint","urlTemplate":"https:\/\/legitgrams.com\/?s={search_term_string}"},"query-input":{"@type":"PropertyValueSpecification","valueRequired":true,"valueName":"search_term_string"}}],"inLanguage":"pl-PL"},{"@type":"Organization","@id":"https:\/\/legitgrams.com\/#organization","name":"Legit Grams","url":"https:\/\/legitgrams.com\/","logo":{"@type":"ImageObject","inLanguage":"pl-PL","@id":"https:\/\/legitgrams.com\/#\/schema\/logo\/image\/","url":"https:\/\/legitgrams.com\/wp-content\/uploads\/2024\/09\/main-logo.png","contentUrl":"https:\/\/legitgrams.com\/wp-content\/uploads\/2024\/09\/main-logo.png","width":270,"height":75,"caption":"Legit Grams"},"image":{"@id":"https:\/\/legitgrams.com\/#\/schema\/logo\/image\/"}}]}},"uagb_featured_image_src":{"full":["https:\/\/legitgrams.com\/wp-content\/uploads\/2024\/09\/Buy-Super-Lemon-Haze-Marijuana-Strain-Online.jpg",600,600,false],"thumbnail":["https:\/\/legitgrams.com\/wp-content\/uploads\/2024\/09\/Buy-Super-Lemon-Haze-Marijuana-Strain-Online-150x150.jpg",150,150,true],"medium":["https:\/\/legitgrams.com\/wp-content\/uploads\/2024\/09\/Buy-Super-Lemon-Haze-Marijuana-Strain-Online-300x300.jpg",300,300,true],"medium_large":["https:\/\/legitgrams.com\/wp-content\/uploads\/2024\/09\/Buy-Super-Lemon-Haze-Marijuana-Strain-Online.jpg",600,600,false],"large":["https:\/\/legitgrams.com\/wp-content\/uploads\/2024\/09\/Buy-Super-Lemon-Haze-Marijuana-Strain-Online.jpg",600,600,false],"1536x1536":["https:\/\/legitgrams.com\/wp-content\/uploads\/2024\/09\/Buy-Super-Lemon-Haze-Marijuana-Strain-Online.jpg",600,600,false],"2048x2048":["https:\/\/legitgrams.com\/wp-content\/uploads\/2024\/09\/Buy-Super-Lemon-Haze-Marijuana-Strain-Online.jpg",600,600,false],"trp-custom-language-flag":["https:\/\/legitgrams.com\/wp-content\/uploads\/2024\/09\/Buy-Super-Lemon-Haze-Marijuana-Strain-Online-12x12.jpg",12,12,true],"woocommerce_thumbnail":["https:\/\/legitgrams.com\/wp-content\/uploads\/2024\/09\/Buy-Super-Lemon-Haze-Marijuana-Strain-Online-300x300.jpg",300,300,true],"woocommerce_single":["https:\/\/legitgrams.com\/wp-content\/uploads\/2024\/09\/Buy-Super-Lemon-Haze-Marijuana-Strain-Online.jpg",600,600,false],"woocommerce_gallery_thumbnail":["https:\/\/legitgrams.com\/wp-content\/uploads\/2024\/09\/Buy-Super-Lemon-Haze-Marijuana-Strain-Online-100x100.jpg",100,100,true]},"uagb_author_info":{"display_name":"cokeblog18","author_link":"https:\/\/legitgrams.com\/pl\/author\/"},"uagb_comment_info":0,"uagb_excerpt":"Purchase Super Lemon Haze Marijuana Strain Online The controversial strain Super Lemon Haze is well-known for its two victories at the High Times Cannabis Cup. Super Lemon Haze has respectable THC levels for a sativa strain, usually between 22 and 25 percent. This tension&#8217;s effects have been characterized as energizing and alive. It&#8217;s perfect for&hellip;","_links":{"self":[{"href":"https:\/\/legitgrams.com\/pl\/wp-json\/wp\/v2\/product\/4259","targetHints":{"allow":["GET"]}}],"collection":[{"href":"https:\/\/legitgrams.com\/pl\/wp-json\/wp\/v2\/product"}],"about":[{"href":"https:\/\/legitgrams.com\/pl\/wp-json\/wp\/v2\/types\/product"}],"replies":[{"embeddable":true,"href":"https:\/\/legitgrams.com\/pl\/wp-json\/wp\/v2\/comments?post=4259"}],"wp:featuredmedia":[{"embeddable":true,"href":"https:\/\/legitgrams.com\/pl\/wp-json\/wp\/v2\/media\/5429"}],"wp:attachment":[{"href":"https:\/\/legitgrams.com\/pl\/wp-json\/wp\/v2\/media?parent=4259"}],"wp:term":[{"taxonomy":"product_brand","embeddable":true,"href":"https:\/\/legitgrams.com\/pl\/wp-json\/wp\/v2\/product_brand?post=4259"},{"taxonomy":"product_cat","embeddable":true,"href":"https:\/\/legitgrams.com\/pl\/wp-json\/wp\/v2\/product_cat?post=4259"},{"taxonomy":"product_tag","embeddable":true,"href":"https:\/\/legitgrams.com\/pl\/wp-json\/wp\/v2\/product_tag?post=4259"}],"curies":[{"name":"wp","href":"https:\/\/api.w.org\/{rel}","templated":true}]}}