{"id":4260,"date":"2024-09-22T07:52:39","date_gmt":"2024-09-22T07:52:39","guid":{"rendered":"https:\/\/legitgrams.com\/?post_type=product&#038;p=4260"},"modified":"2025-01-15T05:45:52","modified_gmt":"2025-01-15T05:45:52","slug":"krysztaly-thca-gorna-polka","status":"publish","type":"product","link":"https:\/\/legitgrams.com\/pl\/produkt\/krysztaly-thca-gorna-polka\/","title":{"rendered":"Kryszta\u0142y THCA - g\u00f3rna p\u00f3\u0142ka"},"content":{"rendered":"<h2>Kup kryszta\u0142y THCA - Top Shelf Online<\/h2>\n<h3>Kryszta\u0142y THCA z najwy\u017cszej p\u00f3\u0142ki na sprzeda\u017c<\/h3>\n<p>Tetrahydrokannabinol, czyli THCA, to cz\u0105steczka konopi indyjskich, kt\u00f3ra pomimo wst\u0119pnych bada\u0144, zaczyna by\u0107 obiecuj\u0105ca jako \u015brodek terapeutyczny. Znasz THC, ale THCA ma zupe\u0142nie inne w\u0142a\u015bciwo\u015bci, nawet je\u015bli brzmi\u0105 podobnie. THCA to kannabinoid, kt\u00f3ry w przeciwie\u0144stwie do THC, nie powoduje odurzenia i jest obecny zar\u00f3wno w surowej, jak i \u017cywej marihuanie. Ro\u015blina stopniowo przekszta\u0142ca THCA w THC podczas suszenia. Proces zwany dekarboksylacj\u0105 - fantazyjny termin opisuj\u0105cy to, co dzieje si\u0119 podczas palenia lub rozk\u0142adu kwiat\u00f3w - jest u\u0142atwiony przez ciep\u0142o.<\/p>\n<p>W ma\u0142o prawdopodobnym przypadku zakupu marihuany, kt\u00f3ra zosta\u0142a poddana testom laboratoryjnym, mo\u017cna zauwa\u017cy\u0107, \u017ce THC lub THCA - z kt\u00f3rych oba zwykle mieszcz\u0105 si\u0119 w przedziale od 10 do 20 procent - s\u0105 najbardziej rozpowszechnionymi kannabinoidami. Chocia\u017c dok\u0142adniejszym terminem dla kwiat\u00f3w, kt\u00f3re nie zosta\u0142y poddane dekarboksylacji, jest THCA, terminy te zasadniczo oznaczaj\u0105 to samo w ma\u0142o prawdopodobnym przypadku, gdy zaakceptujesz oczekiwanie kupuj\u0105cego, \u017ce przedmiot zostanie podgrzany, w\u0119dzony lub w inny spos\u00f3b rozbity. <a href=\"https:\/\/legitgrams.com\/pl\/\">LegitGrams<\/a><\/p>\n<p>Klejnoty THCA, cz\u0119sto znane jako \"kamienie szlachetne\", by\u0142y w ostatnich latach popularne w\u015br\u00f3d konsument\u00f3w koncentrat\u00f3w konopi indyjskich. Ostatnio, wyizolowane THCA okaza\u0142o si\u0119 trudne do znalezienia. Obecnie mo\u017cna je znale\u017a\u0107 oddzielone lub, cz\u0119\u015bciej, spryskane terpenami w pojemnikach z \"sosem\". Om\u00f3wimy wszystko, co musisz wiedzie\u0107 o THCA w postaci szk\u0142a.<\/p>\n<p><a href=\"https:\/\/en.wikipedia.org\/wiki\/Tetrahydrocannabinolic_acid\">Tetrahydrokannabinol<\/a> kwas jest okre\u015blany jako THCA. Najwi\u0119ksze grupy konopi to te, kt\u00f3re s\u0105 surowe i \u017cywe. Gdy ro\u015blina wysycha, THCA stopniowo przekszta\u0142ca si\u0119 w THC. Ocieplenie konopi indyjskich przyspiesza cykl wzrostowy.<\/p>\n<p>Od <a href=\"https:\/\/legitgrams.com\/pl\/produkt\/krysztaly-thca-gorna-polka\/\">THCA<\/a> jest niepsychoaktywnym prekursorem THC, jest ma\u0142o prawdopodobne, aby wywo\u0142ywa\u0142a uczucie euforii. Z tego powodu marihuana musi zosta\u0107 poddana dekarboksylacji w piecu, zanim zostanie u\u017cyta w produktach spo\u017cywczych. Cykl ten zapewnia, \u017ce ca\u0142y THCA zosta\u0142 przekszta\u0142cony w THC, co pozwala do\u015bwiadczy\u0107 ca\u0142ej gamy efekt\u00f3w euforycznych.<\/p>\n<p>Poniewa\u017c THCA jest niepsychoaktywnym prekursorem THC, jest ma\u0142o prawdopodobne, aby wywo\u0142ywa\u0142 uczucie euforii. Z tego powodu marihuana musi zosta\u0107 poddana dekarboksylacji w piecu, zanim zostanie u\u017cyta w produktach spo\u017cywczych. Cykl ten zapewnia, \u017ce ca\u0142y THCA zosta\u0142 przekszta\u0142cony w THC, co pozwala do\u015bwiadczy\u0107 ca\u0142ej gamy efekt\u00f3w euforycznych.<\/p>\n<p>Surowe konopie to dobrze znana super\u017cywno\u015b\u0107. Wy\u017csze st\u0119\u017cenia THCA mo\u017cna uzyska\u0107 poprzez t\u0142oczenie konopi. Spo\u017cywanie wysokich poziom\u00f3w THCA mo\u017ce pom\u00f3c zrekompensowa\u0107 niski poziom endokannabinoid\u00f3w bez wywo\u0142ywania haju. Wiele wyniszczaj\u0105cych chor\u00f3b jest spowodowanych niedoborem endokannabinoid\u00f3w.<\/p>\n<p>kup thca online, kup thca crystalline, kup thca crystalline online, kup kryszta\u0142y thc, kup thca, Niekt\u00f3re osoby wra\u017cliwe na THC uwa\u017caj\u0105, \u017ce potrzebuj\u0105 nadmiernej ilo\u015bci tego zwi\u0105zku, aby z\u0142agodzi\u0107 objawy. Na szcz\u0119\u015bcie mog\u0105 one teraz znale\u017a\u0107 por\u00f3wnywaln\u0105 lub nawet wi\u0119ksz\u0105 pomoc, spo\u017cywaj\u0105c surow\u0105 marihuan\u0119.<\/p>\n<p>Od prawie dekady dr William Courtney, specjalista medyczny z Willits w Kalifornii, opowiada si\u0119 za korzy\u015bciami p\u0142yn\u0105cymi z ekstrakcji konopi indyjskich. Najwi\u0119kszy wzrost THCA wyst\u0119puje w nowych ro\u015blinach. Dlatego te\u017c, je\u015bli nie wiesz, jak uprawia\u0107 marihuan\u0119 lub nie znasz kogo\u015b, kto to robi, jeste\u015b w doskona\u0142ej sytuacji, aby znale\u017a\u0107 przezroczysty THCA.<\/p>\n<h3>Kryszta\u0142y THCA z najwy\u017cszej p\u00f3\u0142ki na sprzeda\u017c<\/h3>\n<p>Zakup kryszta\u0142\u00f3w THCA z Top Shelf - Zakup THCA, Zakup kryszta\u0142\u00f3w THCA, Zakup kryszta\u0142\u00f3w THCA online, Gdzie kupi\u0107 kryszta\u0142y THCA, Sprzeda\u017c kryszta\u0142\u00f3w THCA, Kryszta\u0142y na sprzeda\u017c, Zakup THCA online, Zakup kryszta\u0142\u00f3w THCA w USA, Kanadzie, Wielkiej Brytanii, Zakup, Online, Dostawcy, Bezpieczna dostawa, Kryszta\u0142y THCA s\u0105 nadal dost\u0119pne. Czy zakup kryszta\u0142\u00f3w THCA w Stanach Zjednoczonych jest legalny, czy mog\u0119 naby\u0107 kryszta\u0142y THCA online i czy zakup kryszta\u0142\u00f3w THCA w Kanadzie jest legalny?<\/p>","protected":false},"excerpt":{"rendered":"<p>Purchase THCA Crystals- Top Shelf Online Top Shelf THCA Crystals for Sale Tetrahydrocannabinolic corrosive, or THCA, is a cannabis molecule that, despite preliminary research, is beginning to show promise as a therapeutic agent. You are familiar with THC, but THCA has very different qualities, even though they may sound similar. THCA is a non-inebriating cannabinoid &hellip;<\/p>\n<p class=\"read-more\"> <a class=\"\" href=\"https:\/\/legitgrams.com\/pl\/produkt\/krysztaly-thca-gorna-polka\/\"> <span class=\"screen-reader-text\">Kryszta\u0142y THCA - g\u00f3rna p\u00f3\u0142ka<\/span> Czytaj wi\u0119cej \"<\/a><\/p>","protected":false},"featured_media":5392,"comment_status":"open","ping_status":"closed","template":"","meta":{"_uag_custom_page_level_css":"","site-sidebar-layout":"default","site-content-layout":"default","ast-global-header-display":"","ast-main-header-display":"","ast-hfb-above-header-display":"","ast-hfb-below-header-display":"","ast-hfb-mobile-header-display":"","site-post-title":"","ast-breadcrumbs-content":"","ast-featured-img":"","footer-sml-layout":"","theme-transparent-header-meta":"default","adv-header-id-meta":"","stick-header-meta":"default","header-above-stick-meta":"","header-main-stick-meta":"","header-below-stick-meta":"","_joinchat":[]},"product_brand":[],"product_cat":[606],"product_tag":[1430,1420,617,1412,1427,1424,1419,1417,1429,1426,1411,1414,1422,1413,1425,1415,1432,1433,1431,1423,1428,625,1418,1421,1416],"class_list":{"0":"post-4260","1":"product","2":"type-product","3":"status-publish","4":"has-post-thumbnail","6":"product_cat-marijuana-wax","7":"product_tag-best-cheap-price-thca-crystals-top-shelf","8":"product_tag-best-place-to-buy-thca-crystals-top-shelf","9":"product_tag-bulk-online","10":"product_tag-buy-thca-crystals-top-shelf","11":"product_tag-cheap-thca-crystals-top-shelf","12":"product_tag-high-quality-thca-crystals-top-shelf","13":"product_tag-how-to-buy-thca-crystals-top-shelf","14":"product_tag-order-thca-crystals-top-shelf","15":"product_tag-purcharse-thca-crystals-top-shelf","16":"product_tag-shop-thca-crystals-top-shelf","17":"product_tag-thca-crystals-top-shelf","18":"product_tag-thca-crystals-top-shelf-for-sale","19":"product_tag-thca-crystals-top-shelf-legally","20":"product_tag-thca-crystals-top-shelf-online","21":"product_tag-thca-crystals-top-shelf-store","22":"product_tag-thca-crystals-top-shelf-thca-crystals-top-shelf-supplier","23":"product_tag-thca-crystals-top-shelf-use","24":"product_tag-thca-crystals-top-shelf-wiki","25":"product_tag-thca-crystals-top-shelf-worldwide","26":"product_tag-thca-crystals-top-shelfprice","27":"product_tag-thca-crystals-top-shelfs","28":"product_tag-top-quality","29":"product_tag-where-to-buy-thca-crystals-top-shelf","30":"product_tag-where-to-order-thca-crystals-top-shelf","31":"product_tag-wholesale-thca-crystals-top-shelf","32":"desktop-align-left","33":"tablet-align-left","34":"mobile-align-left","35":"ast-product-gallery-layout-horizontal","36":"ast-product-gallery-with-no-image","37":"ast-product-single-variable","38":"ast-product-tabs-layout-horizontal","39":"ast-qv-on-image","41":"first","42":"instock","43":"shipping-taxable","44":"purchasable","45":"product-type-variable"},"yoast_head":"<!-- This site is optimized with the Yoast SEO plugin v25.9 - https:\/\/yoast.com\/wordpress\/plugins\/seo\/ -->\n<title>THCA Crystals for Sale - Order THCA Crystals Online<\/title>\n<meta name=\"description\" content=\"Explore our online store for thca crystals for sale, offering high-quality thca crystals . Buy thca crystals online securely and embark on your research journey with confidence. Order Now!\" \/>\n<meta name=\"robots\" content=\"index, follow, max-snippet:-1, max-image-preview:large, max-video-preview:-1\" \/>\n<link rel=\"canonical\" href=\"https:\/\/legitgrams.com\/pl\/produkt\/krysztaly-thca-gorna-polka\/\" \/>\n<meta property=\"og:locale\" content=\"pl_PL\" \/>\n<meta property=\"og:type\" content=\"article\" \/>\n<meta property=\"og:title\" content=\"THCA Crystals for Sale - Order THCA Crystals Online\" \/>\n<meta property=\"og:description\" content=\"Explore our online store for thca crystals for sale, offering high-quality thca crystals . Buy thca crystals online securely and embark on your research journey with confidence. Order Now!\" \/>\n<meta property=\"og:url\" content=\"https:\/\/legitgrams.com\/pl\/produkt\/krysztaly-thca-gorna-polka\/\" \/>\n<meta property=\"og:site_name\" content=\"Legit Grams\" \/>\n<meta property=\"article:modified_time\" content=\"2025-01-15T05:45:52+00:00\" \/>\n<meta property=\"og:image\" content=\"https:\/\/legitgrams.com\/wp-content\/uploads\/2024\/09\/Buy-THCA-Crystals-Top-Shelf.jpg\" \/>\n\t<meta property=\"og:image:width\" content=\"600\" \/>\n\t<meta property=\"og:image:height\" content=\"600\" \/>\n\t<meta property=\"og:image:type\" content=\"image\/jpeg\" \/>\n<meta name=\"twitter:card\" content=\"summary_large_image\" \/>\n<meta name=\"twitter:label1\" content=\"Szacowany czas czytania\" \/>\n\t<meta name=\"twitter:data1\" content=\"3 minuty\" \/>\n<script type=\"application\/ld+json\" class=\"yoast-schema-graph\">{\"@context\":\"https:\/\/schema.org\",\"@graph\":[{\"@type\":\"WebPage\",\"@id\":\"https:\/\/legitgrams.com\/product\/thca-crystals-top-shelf\/\",\"url\":\"https:\/\/legitgrams.com\/product\/thca-crystals-top-shelf\/\",\"name\":\"THCA Crystals for Sale - Order THCA Crystals Online\",\"isPartOf\":{\"@id\":\"https:\/\/legitgrams.com\/#website\"},\"primaryImageOfPage\":{\"@id\":\"https:\/\/legitgrams.com\/product\/thca-crystals-top-shelf\/#primaryimage\"},\"image\":{\"@id\":\"https:\/\/legitgrams.com\/product\/thca-crystals-top-shelf\/#primaryimage\"},\"thumbnailUrl\":\"https:\/\/legitgrams.com\/wp-content\/uploads\/2024\/09\/Buy-THCA-Crystals-Top-Shelf.jpg\",\"datePublished\":\"2024-09-22T07:52:39+00:00\",\"dateModified\":\"2025-01-15T05:45:52+00:00\",\"description\":\"Explore our online store for thca crystals for sale, offering high-quality thca crystals . Buy thca crystals online securely and embark on your research journey with confidence. Order Now!\",\"breadcrumb\":{\"@id\":\"https:\/\/legitgrams.com\/product\/thca-crystals-top-shelf\/#breadcrumb\"},\"inLanguage\":\"pl-PL\",\"potentialAction\":[{\"@type\":\"ReadAction\",\"target\":[\"https:\/\/legitgrams.com\/product\/thca-crystals-top-shelf\/\"]}]},{\"@type\":\"ImageObject\",\"inLanguage\":\"pl-PL\",\"@id\":\"https:\/\/legitgrams.com\/product\/thca-crystals-top-shelf\/#primaryimage\",\"url\":\"https:\/\/legitgrams.com\/wp-content\/uploads\/2024\/09\/Buy-THCA-Crystals-Top-Shelf.jpg\",\"contentUrl\":\"https:\/\/legitgrams.com\/wp-content\/uploads\/2024\/09\/Buy-THCA-Crystals-Top-Shelf.jpg\",\"width\":600,\"height\":600,\"caption\":\"THCA Crystals for Sale\"},{\"@type\":\"BreadcrumbList\",\"@id\":\"https:\/\/legitgrams.com\/product\/thca-crystals-top-shelf\/#breadcrumb\",\"itemListElement\":[{\"@type\":\"ListItem\",\"position\":1,\"name\":\"Home\",\"item\":\"https:\/\/legitgrams.com\/\"},{\"@type\":\"ListItem\",\"position\":2,\"name\":\"Shop\",\"item\":\"https:\/\/legitgrams.com\/shop\/\"},{\"@type\":\"ListItem\",\"position\":3,\"name\":\"THCA Crystals- Top Shelf\"}]},{\"@type\":\"WebSite\",\"@id\":\"https:\/\/legitgrams.com\/#website\",\"url\":\"https:\/\/legitgrams.com\/\",\"name\":\"Legit Grams\",\"description\":\"My WordPress Blog\",\"publisher\":{\"@id\":\"https:\/\/legitgrams.com\/#organization\"},\"potentialAction\":[{\"@type\":\"SearchAction\",\"target\":{\"@type\":\"EntryPoint\",\"urlTemplate\":\"https:\/\/legitgrams.com\/?s={search_term_string}\"},\"query-input\":{\"@type\":\"PropertyValueSpecification\",\"valueRequired\":true,\"valueName\":\"search_term_string\"}}],\"inLanguage\":\"pl-PL\"},{\"@type\":\"Organization\",\"@id\":\"https:\/\/legitgrams.com\/#organization\",\"name\":\"Legit Grams\",\"url\":\"https:\/\/legitgrams.com\/\",\"logo\":{\"@type\":\"ImageObject\",\"inLanguage\":\"pl-PL\",\"@id\":\"https:\/\/legitgrams.com\/#\/schema\/logo\/image\/\",\"url\":\"https:\/\/legitgrams.com\/wp-content\/uploads\/2024\/09\/main-logo.png\",\"contentUrl\":\"https:\/\/legitgrams.com\/wp-content\/uploads\/2024\/09\/main-logo.png\",\"width\":270,\"height\":75,\"caption\":\"Legit Grams\"},\"image\":{\"@id\":\"https:\/\/legitgrams.com\/#\/schema\/logo\/image\/\"}}]}<\/script>\n<!-- \/ Yoast SEO plugin. -->","yoast_head_json":{"title":"Kryszta\u0142y THCA na sprzeda\u017c - Zam\u00f3w kryszta\u0142y THCA online","description":"Poznaj nasz sklep internetowy z kryszta\u0142ami thca na sprzeda\u017c, oferuj\u0105cy wysokiej jako\u015bci kryszta\u0142y thca. Kupuj kryszta\u0142y thca online bezpiecznie i wyrusz w swoj\u0105 podr\u00f3\u017c badawcz\u0105 z pewno\u015bci\u0105. Zam\u00f3w teraz!","robots":{"index":"index","follow":"follow","max-snippet":"max-snippet:-1","max-image-preview":"max-image-preview:large","max-video-preview":"max-video-preview:-1"},"canonical":"https:\/\/legitgrams.com\/pl\/produkt\/krysztaly-thca-gorna-polka\/","og_locale":"pl_PL","og_type":"article","og_title":"THCA Crystals for Sale - Order THCA Crystals Online","og_description":"Explore our online store for thca crystals for sale, offering high-quality thca crystals . Buy thca crystals online securely and embark on your research journey with confidence. Order Now!","og_url":"https:\/\/legitgrams.com\/pl\/produkt\/krysztaly-thca-gorna-polka\/","og_site_name":"Legit Grams","article_modified_time":"2025-01-15T05:45:52+00:00","og_image":[{"width":600,"height":600,"url":"https:\/\/legitgrams.com\/wp-content\/uploads\/2024\/09\/Buy-THCA-Crystals-Top-Shelf.jpg","type":"image\/jpeg"}],"twitter_card":"summary_large_image","twitter_misc":{"Szacowany czas czytania":"3 minuty"},"schema":{"@context":"https:\/\/schema.org","@graph":[{"@type":"WebPage","@id":"https:\/\/legitgrams.com\/product\/thca-crystals-top-shelf\/","url":"https:\/\/legitgrams.com\/product\/thca-crystals-top-shelf\/","name":"Kryszta\u0142y THCA na sprzeda\u017c - Zam\u00f3w kryszta\u0142y THCA online","isPartOf":{"@id":"https:\/\/legitgrams.com\/#website"},"primaryImageOfPage":{"@id":"https:\/\/legitgrams.com\/product\/thca-crystals-top-shelf\/#primaryimage"},"image":{"@id":"https:\/\/legitgrams.com\/product\/thca-crystals-top-shelf\/#primaryimage"},"thumbnailUrl":"https:\/\/legitgrams.com\/wp-content\/uploads\/2024\/09\/Buy-THCA-Crystals-Top-Shelf.jpg","datePublished":"2024-09-22T07:52:39+00:00","dateModified":"2025-01-15T05:45:52+00:00","description":"Poznaj nasz sklep internetowy z kryszta\u0142ami thca na sprzeda\u017c, oferuj\u0105cy wysokiej jako\u015bci kryszta\u0142y thca. Kupuj kryszta\u0142y thca online bezpiecznie i wyrusz w swoj\u0105 podr\u00f3\u017c badawcz\u0105 z pewno\u015bci\u0105. Zam\u00f3w teraz!","breadcrumb":{"@id":"https:\/\/legitgrams.com\/product\/thca-crystals-top-shelf\/#breadcrumb"},"inLanguage":"pl-PL","potentialAction":[{"@type":"ReadAction","target":["https:\/\/legitgrams.com\/product\/thca-crystals-top-shelf\/"]}]},{"@type":"ImageObject","inLanguage":"pl-PL","@id":"https:\/\/legitgrams.com\/product\/thca-crystals-top-shelf\/#primaryimage","url":"https:\/\/legitgrams.com\/wp-content\/uploads\/2024\/09\/Buy-THCA-Crystals-Top-Shelf.jpg","contentUrl":"https:\/\/legitgrams.com\/wp-content\/uploads\/2024\/09\/Buy-THCA-Crystals-Top-Shelf.jpg","width":600,"height":600,"caption":"THCA Crystals for Sale"},{"@type":"BreadcrumbList","@id":"https:\/\/legitgrams.com\/product\/thca-crystals-top-shelf\/#breadcrumb","itemListElement":[{"@type":"ListItem","position":1,"name":"Home","item":"https:\/\/legitgrams.com\/"},{"@type":"ListItem","position":2,"name":"Shop","item":"https:\/\/legitgrams.com\/shop\/"},{"@type":"ListItem","position":3,"name":"THCA Crystals- Top Shelf"}]},{"@type":"WebSite","@id":"https:\/\/legitgrams.com\/#website","url":"https:\/\/legitgrams.com\/","name":"Legit Grams","description":"M\u00f3j blog WordPress","publisher":{"@id":"https:\/\/legitgrams.com\/#organization"},"potentialAction":[{"@type":"SearchAction","target":{"@type":"EntryPoint","urlTemplate":"https:\/\/legitgrams.com\/?s={search_term_string}"},"query-input":{"@type":"PropertyValueSpecification","valueRequired":true,"valueName":"search_term_string"}}],"inLanguage":"pl-PL"},{"@type":"Organization","@id":"https:\/\/legitgrams.com\/#organization","name":"Legit Grams","url":"https:\/\/legitgrams.com\/","logo":{"@type":"ImageObject","inLanguage":"pl-PL","@id":"https:\/\/legitgrams.com\/#\/schema\/logo\/image\/","url":"https:\/\/legitgrams.com\/wp-content\/uploads\/2024\/09\/main-logo.png","contentUrl":"https:\/\/legitgrams.com\/wp-content\/uploads\/2024\/09\/main-logo.png","width":270,"height":75,"caption":"Legit Grams"},"image":{"@id":"https:\/\/legitgrams.com\/#\/schema\/logo\/image\/"}}]}},"uagb_featured_image_src":{"full":["https:\/\/legitgrams.com\/wp-content\/uploads\/2024\/09\/Buy-THCA-Crystals-Top-Shelf.jpg",600,600,false],"thumbnail":["https:\/\/legitgrams.com\/wp-content\/uploads\/2024\/09\/Buy-THCA-Crystals-Top-Shelf-150x150.jpg",150,150,true],"medium":["https:\/\/legitgrams.com\/wp-content\/uploads\/2024\/09\/Buy-THCA-Crystals-Top-Shelf-300x300.jpg",300,300,true],"medium_large":["https:\/\/legitgrams.com\/wp-content\/uploads\/2024\/09\/Buy-THCA-Crystals-Top-Shelf.jpg",600,600,false],"large":["https:\/\/legitgrams.com\/wp-content\/uploads\/2024\/09\/Buy-THCA-Crystals-Top-Shelf.jpg",600,600,false],"1536x1536":["https:\/\/legitgrams.com\/wp-content\/uploads\/2024\/09\/Buy-THCA-Crystals-Top-Shelf.jpg",600,600,false],"2048x2048":["https:\/\/legitgrams.com\/wp-content\/uploads\/2024\/09\/Buy-THCA-Crystals-Top-Shelf.jpg",600,600,false],"trp-custom-language-flag":["https:\/\/legitgrams.com\/wp-content\/uploads\/2024\/09\/Buy-THCA-Crystals-Top-Shelf-12x12.jpg",12,12,true],"woocommerce_thumbnail":["https:\/\/legitgrams.com\/wp-content\/uploads\/2024\/09\/Buy-THCA-Crystals-Top-Shelf-300x300.jpg",300,300,true],"woocommerce_single":["https:\/\/legitgrams.com\/wp-content\/uploads\/2024\/09\/Buy-THCA-Crystals-Top-Shelf.jpg",600,600,false],"woocommerce_gallery_thumbnail":["https:\/\/legitgrams.com\/wp-content\/uploads\/2024\/09\/Buy-THCA-Crystals-Top-Shelf-100x100.jpg",100,100,true]},"uagb_author_info":{"display_name":"cokeblog18","author_link":"https:\/\/legitgrams.com\/pl\/author\/"},"uagb_comment_info":0,"uagb_excerpt":"Purchase THCA Crystals- Top Shelf Online Top Shelf THCA Crystals for Sale Tetrahydrocannabinolic corrosive, or THCA, is a cannabis molecule that, despite preliminary research, is beginning to show promise as a therapeutic agent. You are familiar with THC, but THCA has very different qualities, even though they may sound similar. THCA is a non-inebriating cannabinoid&hellip;","_links":{"self":[{"href":"https:\/\/legitgrams.com\/pl\/wp-json\/wp\/v2\/product\/4260","targetHints":{"allow":["GET"]}}],"collection":[{"href":"https:\/\/legitgrams.com\/pl\/wp-json\/wp\/v2\/product"}],"about":[{"href":"https:\/\/legitgrams.com\/pl\/wp-json\/wp\/v2\/types\/product"}],"replies":[{"embeddable":true,"href":"https:\/\/legitgrams.com\/pl\/wp-json\/wp\/v2\/comments?post=4260"}],"wp:featuredmedia":[{"embeddable":true,"href":"https:\/\/legitgrams.com\/pl\/wp-json\/wp\/v2\/media\/5392"}],"wp:attachment":[{"href":"https:\/\/legitgrams.com\/pl\/wp-json\/wp\/v2\/media?parent=4260"}],"wp:term":[{"taxonomy":"product_brand","embeddable":true,"href":"https:\/\/legitgrams.com\/pl\/wp-json\/wp\/v2\/product_brand?post=4260"},{"taxonomy":"product_cat","embeddable":true,"href":"https:\/\/legitgrams.com\/pl\/wp-json\/wp\/v2\/product_cat?post=4260"},{"taxonomy":"product_tag","embeddable":true,"href":"https:\/\/legitgrams.com\/pl\/wp-json\/wp\/v2\/product_tag?post=4260"}],"curies":[{"name":"wp","href":"https:\/\/api.w.org\/{rel}","templated":true}]}}