{"id":4273,"date":"2024-09-22T08:18:05","date_gmt":"2024-09-22T08:18:05","guid":{"rendered":"https:\/\/legitgrams.com\/?post_type=product&#038;p=4273"},"modified":"2025-04-03T04:59:34","modified_gmt":"2025-04-03T04:59:34","slug":"prawdziwe-tabletki-ecstasy-z-zielonym-jablkiem","status":"publish","type":"product","link":"https:\/\/legitgrams.com\/pl\/produkt\/prawdziwe-tabletki-ecstasy-z-zielonym-jablkiem\/","title":{"rendered":"Kup online prawdziwe tabletki Green Apple Ecstasy"},"content":{"rendered":"<h2>Zakup oryginalnych tabletek Green Apple Ecstasy online<\/h2>\n<p>Mam nadziej\u0119, \u017ce ten aksjomat uczyni\u0142 ci\u0119 s\u0142awnym. Zgodnie z przys\u0142owiem \u201eJedno jab\u0142ko dziennie trzyma specjalist\u0119 na dystans\u201d. Bior\u0105c pod uwag\u0119 wszystkie korzy\u015bci zdrowotne jedzenia jab\u0142ek, ten dietetyczny aforyzm mo\u017ce nie by\u0107 ca\u0142kowicie niedok\u0142adny. Niekt\u00f3re korzy\u015bci zdrowotne jedzenia zielonych <a href=\"https:\/\/www.bing.com\/search?q=Kupprawdziwezielonetabletkiecstasyzjabkiemonline&amp;qs=n&amp;form=QBRE&amp;sp=-1&amp;lq=0&amp;pq=kupprawdziwezielonetabletkiecstasyzjabkiemonline&amp;sc=0-56&amp;sk=&amp;cvid=C0082B7076F643639D5DAF1BACB7E617&amp;ghsh=0&amp;ghacc=0&amp;ghpl=\">jab\u0142ka<\/a> zawiera nast\u0119puj\u0105ce informacje.<\/p>\n<p>Udowodniono, \u017ce jedzenie jab\u0142ek korzystnie wp\u0142ywa na zdrowie serca i obni\u017ca ryzyko chor\u00f3b sercowo-naczyniowych.<\/p>\n<p>Nie jest do ko\u0144ca oczywiste, dlaczego jab\u0142ka s\u0105 zdrowe dla serca. Bior\u0105c pod uwag\u0119, \u017ce b\u0142onnik pokarmowy wi\u0105\u017ce si\u0119 ze zmniejszeniem cholesterolu LDL, <a href=\"https:\/\/www.google.com\/search?q=Kup+prawdziwe+zielone+tabletki+ecstasy+z+jabkiem+online&amp;sca_esv=eddefdb7b92e7545&amp;sxsrf=AHTn8zq7WmgPQFQtKk8wMMchZ6FxEvzheQ1743656449751&amp;ei=ARbuZ5nMLfrJ0PEPnf2muAg&amp;ved=0ahUKEwjZ0LC6iruMAxX6JDQIHZ2-CYcQ4dUDCBA&amp;uact=5&amp;oq=Kup+prawdziwe+zielone+tabletki+ecstasy+z+jabkiem+online&amp;gs_lp=Egxnd3Mtd2l6LXNlcnAiOUt1cCBwcmF3ZHppd2UgemllbG9uZSB0YWJsZXRraSBlY3N0YXN5IHogamFixYJraWVtIG9ubGluZTIFECEYnwVI-wRQAFgAcAB4AJABAJgB_gKgAf4CqgEDMy0xuAEDyAEA-AEC-AEBmAIBoAKGA5gDAJIHAzMtMaAHhgKyBwMzLTG4B4YD&amp;sclient=gws-wiz-serp\">jab\u0142ka<\/a>\u201eWysoka zawarto\u015b\u0107 b\u0142onnika w diecie mo\u017ce by\u0107 tego czynnikiem przyczyniaj\u0105cym si\u0119.<\/p>\n<h3>Zmniejsz ryzyko zachorowania na cukrzyc\u0119 typu 2<\/h3>\n<p>Wed\u0142ug jednego badania, jedzenie nawet kilku zielonych jab\u0142ek tygodniowo mo\u017ce obni\u017cy\u0107 ryzyko cukrzycy typu 2, wed\u0142ug jednego badania, ale potrzebne s\u0105 dalsze badania. Nie wiadomo jeszcze, czy zwi\u0105zki w zielonych jab\u0142kach mog\u0105 pom\u00f3c ludziom kontrolowa\u0107 objawy cukrzycy.<\/p>\n<p>Istnieje kilka zalet stosowania tabletek z zielonego jab\u0142ka, tak jak i jedzenia zielonych jab\u0142ek. Temat tabletek z zielonego jab\u0142ka jest przedmiotem dyskusji.<\/p>\n<p><a href=\"https:\/\/legitgrams.com\/pl\/produkt\/prawdziwe-tabletki-ecstasy-z-zielonym-jablkiem\/\">zielone jab\u0142ka<\/a> tabletki przenios\u0105 Twoje do\u015bwiadczenie i satysfakcj\u0119 na zupe\u0142nie nowy poziom, je\u015bli chcesz pi\u0107 \u015bwie\u017cy sok jab\u0142kowy w gor\u0105cy letni dzie\u0144. Zesp\u00f3\u0142 po\u0142\u0105czy\u0142 najlepsz\u0105 dost\u0119pn\u0105 marihuan\u0119 z tabletkami z zielonego jab\u0142ka, kt\u00f3re s\u0105 produkowane w stanie Waszyngton. Bior\u0105c pod uwag\u0119 dawkowanie, THC mo\u017ce by\u0107 trudne do spalenia, szczeg\u00f3lnie je\u015bli pojemniki nie maj\u0105 bardzo wyra\u017anych oznacze\u0144. Tabletki z zielonego jab\u0142ka, kt\u00f3re produkuj\u0105 trzy r\u00f3\u017cne warianty mocy ich s\u0142ynnej 12-uncjowej kombinacji, ca\u0142kowicie to zmieni\u0142y. Ich najbardziej uziemiona kombinacja, kt\u00f3ra ma 100 mg i jest dost\u0119pna w 12 uncjach, zostanie doceniona przez intensywnych u\u017cytkownik\u00f3w.<\/p>\n<p><a href=\"https:\/\/duckduckgo.com\/?q=Buy+Real+Green+Apple+Ecstasy+Pills+Online&amp;t=h_&amp;ia=web\">Tabletki Zielone Jab\u0142ko<\/a> s\u0105 idealne dla os\u00f3b, kt\u00f3re musz\u0105 si\u0119 na\u0107pa\u0107, ale nie mog\u0105 przej\u015b\u0107 obok r\u00f3\u017cnorodno\u015bci tabletek, poniewa\u017c zawieraj\u0105 konopie indyjskie w nowatorski spos\u00f3b, kt\u00f3ry pozostawia pacjent\u00f3w bez smaku lub zapachu konopi. Ponadto, poniewa\u017c waporyzacja lub dym z kwitn\u0105cej konopi indyjskiej mo\u017ce ostatecznie sta\u0107 si\u0119 toksyczny, spo\u017cywanie konopi indyjskich pomaga promowa\u0107 zdrowszy styl \u017cycia. Okres przydatno\u015bci pigu\u0142ki z zielonego jab\u0142ka wynosi jeden rok i nie ma w niej wielu kalorii, co oznacza, \u017ce \u200b\u200bTwoim jedynym zmartwieniem jest odstawienie leku po jego za\u017cyciu. <a href=\"https:\/\/legitgrams.com\/pl\/\">LegitGrams<\/a><\/p>\n<h3>Kolor zielony<\/h3>\n<h3>Pomiary: 279 mg<\/h3>\n<p>Tabletki ecstasy, Oryginalne zielone jab\u0142ko <a href=\"https:\/\/en.wikipedia.org\/wiki\/Ecstasy\">Ekstaza<\/a> Pigu\u0142ki, Oryginalne zielone tabletki ekstazy z jab\u0142kiem, kup tabletki ekstazy, kup oryginalne zielone tabletki ekstazy z jab\u0142kiem online, Ecstasy online, Gdzie kupi\u0107 prawdziwe zielone tabletki ekstazy z jab\u0142kiem, Gdzie kupi\u0107 prawdziwe zielone tabletki ekstazy z jab\u0142kiem na sprzeda\u017c, Gdzie kupi\u0107 prawdziwe zielone tabletki ekstazy z jab\u0142kiem: Prawdziwe zielone tabletki ekstazy z jab\u0142kiem s\u0105 nadal dost\u0119pne w sprzeda\u017cy w USA, Kanadzie i Wielkiej Brytanii. Mo\u017cesz je kupi\u0107 online od dostawc\u00f3w i bezpiecznie je dostarczy\u0107. Ponadto mo\u017cesz dowiedzie\u0107 si\u0119, czy s\u0105 legalne w Kanadzie, jak je naby\u0107 online i czy s\u0105 legalne w Stanach Zjednoczonych. Mo\u017cesz r\u00f3wnie\u017c kupi\u0107 tabletki Ecstasy, Kup prawdziwe tabletki Ecstasy o smaku zielonego jab\u0142ka online, gdzie kupi\u0107 prawdziwe tabletki Ecstasy o smaku zielonego jab\u0142ka, gdzie kupi\u0107 Ecstasy online, gdzie kupi\u0107 tabletki Ecstasy online, Prawdziwe tabletki Ecstasy o smaku zielonego jab\u0142ka na sprzeda\u017c w Stanach Zjednoczonych, Kanadzie i Wielkiej Brytanii, kupuj online, dostawcy, bezpieczna dostawa, Nadal dost\u0119pne s\u0105 prawdziwe tabletki Ecstasy o smaku zielonego jab\u0142ka, s\u0105 legalne w USA, mo\u017cesz je kupi\u0107 online i s\u0105 legalne w Kanadzie.<\/p>\n<h2><\/h2>\n<p>&nbsp;<\/p>","protected":false},"excerpt":{"rendered":"<p>Purchase of Genuine Green Apple Ecstasy Pills Online I hope this axiom has made you famous. According to the proverb, &#8220;An apple a day keeps the specialist at bay.&#8221; Given all of the health advantages of eating apples, this diet aphorism may not be entirely inaccurate. Some of the health advantages of eating green apples &hellip;<\/p>\n<p class=\"read-more\"> <a class=\"\" href=\"https:\/\/legitgrams.com\/pl\/produkt\/prawdziwe-tabletki-ecstasy-z-zielonym-jablkiem\/\"> <span class=\"screen-reader-text\">Kup online prawdziwe tabletki Green Apple Ecstasy<\/span> Czytaj wi\u0119cej \"<\/a><\/p>","protected":false},"featured_media":5203,"comment_status":"open","ping_status":"closed","template":"","meta":{"_uag_custom_page_level_css":"","site-sidebar-layout":"default","site-content-layout":"default","ast-global-header-display":"","ast-main-header-display":"","ast-hfb-above-header-display":"","ast-hfb-below-header-display":"","ast-hfb-mobile-header-display":"","site-post-title":"","ast-breadcrumbs-content":"","ast-featured-img":"","footer-sml-layout":"","theme-transparent-header-meta":"default","adv-header-id-meta":"","stick-header-meta":"default","header-above-stick-meta":"","header-main-stick-meta":"","header-below-stick-meta":"","_joinchat":[]},"product_brand":[],"product_cat":[596],"product_tag":[1292,1282,617,1274,1289,1286,1281,1279,1291,1273,1276,1284,1275,1277,1287,1294,1295,1293,1285,1290,1288,625,1280,1283,1278],"class_list":{"0":"post-4273","1":"product","2":"type-product","3":"status-publish","4":"has-post-thumbnail","6":"product_cat-ecstasy-pills-mdma","7":"product_tag-best-cheap-price-real-green-apple-ecstasy-pills","8":"product_tag-best-place-to-buy-real-green-apple-ecstasy-pills","9":"product_tag-bulk-online","10":"product_tag-buy-real-green-apple-ecstasy-pills","11":"product_tag-cheap-real-green-apple-ecstasy-pills","12":"product_tag-high-quality-real-green-apple-ecstasy-pills","13":"product_tag-how-to-buy-real-green-apple-ecstasy-pills","14":"product_tag-order-real-green-apple-ecstasy-pills","15":"product_tag-purcharse-real-green-apple-ecstasy-pills","16":"product_tag-real-green-apple-ecstasy-pills","17":"product_tag-real-green-apple-ecstasy-pills-for-sale","18":"product_tag-real-green-apple-ecstasy-pills-legally","19":"product_tag-real-green-apple-ecstasy-pills-online","20":"product_tag-real-green-apple-ecstasy-pills-real-green-apple-ecstasy-pills-supplier","21":"product_tag-real-green-apple-ecstasy-pills-store","22":"product_tag-real-green-apple-ecstasy-pills-use","23":"product_tag-real-green-apple-ecstasy-pills-wiki","24":"product_tag-real-green-apple-ecstasy-pills-worldwide","25":"product_tag-real-green-apple-ecstasy-pillsprice","26":"product_tag-real-green-apple-ecstasy-pillss","27":"product_tag-shop-real-green-apple-ecstasy-pills","28":"product_tag-top-quality","29":"product_tag-where-to-buy-real-green-apple-ecstasy-pills","30":"product_tag-where-to-order-real-green-apple-ecstasy-pills","31":"product_tag-wholesale-real-green-apple-ecstasy-pills","32":"desktop-align-left","33":"tablet-align-left","34":"mobile-align-left","35":"ast-product-gallery-layout-horizontal","36":"ast-product-gallery-with-no-image","37":"ast-product-single-variable","38":"ast-product-tabs-layout-horizontal","39":"ast-qv-on-image","41":"first","42":"instock","43":"shipping-taxable","44":"purchasable","45":"product-type-variable"},"yoast_head":"<!-- This site is optimized with the Yoast SEO plugin v25.9 - https:\/\/yoast.com\/wordpress\/plugins\/seo\/ -->\n<title>Order Real Green Apple Ecstasy Pills Online @ Best Price | LG<\/title>\n<meta name=\"description\" content=\"If you want to buy real green apple ecstasy pills online and looking for a reliable online shop, then buy here. We offer only high-quality real green apple ecstasy pills for sale at an affordable price. Order Real Green Apple Ecstasy Pills Now!\" \/>\n<meta name=\"robots\" content=\"index, follow, max-snippet:-1, max-image-preview:large, max-video-preview:-1\" \/>\n<link rel=\"canonical\" href=\"https:\/\/legitgrams.com\/pl\/produkt\/prawdziwe-tabletki-ecstasy-z-zielonym-jablkiem\/\" \/>\n<meta property=\"og:locale\" content=\"pl_PL\" \/>\n<meta property=\"og:type\" content=\"article\" \/>\n<meta property=\"og:title\" content=\"Order Real Green Apple Ecstasy Pills Online @ Best Price | LG\" \/>\n<meta property=\"og:description\" content=\"If you want to buy real green apple ecstasy pills online and looking for a reliable online shop, then buy here. We offer only high-quality real green apple ecstasy pills for sale at an affordable price. Order Real Green Apple Ecstasy Pills Now!\" \/>\n<meta property=\"og:url\" content=\"https:\/\/legitgrams.com\/pl\/produkt\/prawdziwe-tabletki-ecstasy-z-zielonym-jablkiem\/\" \/>\n<meta property=\"og:site_name\" content=\"Legit Grams\" \/>\n<meta property=\"article:modified_time\" content=\"2025-04-03T04:59:34+00:00\" \/>\n<meta property=\"og:image\" content=\"https:\/\/legitgrams.com\/wp-content\/uploads\/2024\/09\/order-real-green-apple-ecstasy-pills-online.jpg\" \/>\n\t<meta property=\"og:image:width\" content=\"600\" \/>\n\t<meta property=\"og:image:height\" content=\"600\" \/>\n\t<meta property=\"og:image:type\" content=\"image\/jpeg\" \/>\n<meta name=\"twitter:card\" content=\"summary_large_image\" \/>\n<meta name=\"twitter:label1\" content=\"Szacowany czas czytania\" \/>\n\t<meta name=\"twitter:data1\" content=\"3 minuty\" \/>\n<script type=\"application\/ld+json\" class=\"yoast-schema-graph\">{\"@context\":\"https:\/\/schema.org\",\"@graph\":[{\"@type\":\"WebPage\",\"@id\":\"https:\/\/legitgrams.com\/product\/real-green-apple-ecstasy-pills\/\",\"url\":\"https:\/\/legitgrams.com\/product\/real-green-apple-ecstasy-pills\/\",\"name\":\"Order Real Green Apple Ecstasy Pills Online @ Best Price | LG\",\"isPartOf\":{\"@id\":\"https:\/\/legitgrams.com\/#website\"},\"primaryImageOfPage\":{\"@id\":\"https:\/\/legitgrams.com\/product\/real-green-apple-ecstasy-pills\/#primaryimage\"},\"image\":{\"@id\":\"https:\/\/legitgrams.com\/product\/real-green-apple-ecstasy-pills\/#primaryimage\"},\"thumbnailUrl\":\"https:\/\/legitgrams.com\/wp-content\/uploads\/2024\/09\/order-real-green-apple-ecstasy-pills-online.jpg\",\"datePublished\":\"2024-09-22T08:18:05+00:00\",\"dateModified\":\"2025-04-03T04:59:34+00:00\",\"description\":\"If you want to buy real green apple ecstasy pills online and looking for a reliable online shop, then buy here. We offer only high-quality real green apple ecstasy pills for sale at an affordable price. Order Real Green Apple Ecstasy Pills Now!\",\"breadcrumb\":{\"@id\":\"https:\/\/legitgrams.com\/product\/real-green-apple-ecstasy-pills\/#breadcrumb\"},\"inLanguage\":\"pl-PL\",\"potentialAction\":[{\"@type\":\"ReadAction\",\"target\":[\"https:\/\/legitgrams.com\/product\/real-green-apple-ecstasy-pills\/\"]}]},{\"@type\":\"ImageObject\",\"inLanguage\":\"pl-PL\",\"@id\":\"https:\/\/legitgrams.com\/product\/real-green-apple-ecstasy-pills\/#primaryimage\",\"url\":\"https:\/\/legitgrams.com\/wp-content\/uploads\/2024\/09\/order-real-green-apple-ecstasy-pills-online.jpg\",\"contentUrl\":\"https:\/\/legitgrams.com\/wp-content\/uploads\/2024\/09\/order-real-green-apple-ecstasy-pills-online.jpg\",\"width\":600,\"height\":600,\"caption\":\"Real Green Apple Ecstasy Pills for Sale\"},{\"@type\":\"BreadcrumbList\",\"@id\":\"https:\/\/legitgrams.com\/product\/real-green-apple-ecstasy-pills\/#breadcrumb\",\"itemListElement\":[{\"@type\":\"ListItem\",\"position\":1,\"name\":\"Home\",\"item\":\"https:\/\/legitgrams.com\/\"},{\"@type\":\"ListItem\",\"position\":2,\"name\":\"Shop\",\"item\":\"https:\/\/legitgrams.com\/shop\/\"},{\"@type\":\"ListItem\",\"position\":3,\"name\":\"Buy Real Green Apple Ecstasy Pills Online\"}]},{\"@type\":\"WebSite\",\"@id\":\"https:\/\/legitgrams.com\/#website\",\"url\":\"https:\/\/legitgrams.com\/\",\"name\":\"Legit Grams\",\"description\":\"My WordPress Blog\",\"publisher\":{\"@id\":\"https:\/\/legitgrams.com\/#organization\"},\"potentialAction\":[{\"@type\":\"SearchAction\",\"target\":{\"@type\":\"EntryPoint\",\"urlTemplate\":\"https:\/\/legitgrams.com\/?s={search_term_string}\"},\"query-input\":{\"@type\":\"PropertyValueSpecification\",\"valueRequired\":true,\"valueName\":\"search_term_string\"}}],\"inLanguage\":\"pl-PL\"},{\"@type\":\"Organization\",\"@id\":\"https:\/\/legitgrams.com\/#organization\",\"name\":\"Legit Grams\",\"url\":\"https:\/\/legitgrams.com\/\",\"logo\":{\"@type\":\"ImageObject\",\"inLanguage\":\"pl-PL\",\"@id\":\"https:\/\/legitgrams.com\/#\/schema\/logo\/image\/\",\"url\":\"https:\/\/legitgrams.com\/wp-content\/uploads\/2024\/09\/main-logo.png\",\"contentUrl\":\"https:\/\/legitgrams.com\/wp-content\/uploads\/2024\/09\/main-logo.png\",\"width\":270,\"height\":75,\"caption\":\"Legit Grams\"},\"image\":{\"@id\":\"https:\/\/legitgrams.com\/#\/schema\/logo\/image\/\"}}]}<\/script>\n<!-- \/ Yoast SEO plugin. -->","yoast_head_json":{"title":"Zam\u00f3w prawdziwe tabletki Green Apple Ecstasy online w najlepszej cenie | LG","description":"Je\u015bli chcesz kupi\u0107 prawdziwe tabletki ecstasy z zielonym jab\u0142kiem online i szukasz niezawodnego sklepu internetowego, kup tutaj. Oferujemy tylko wysokiej jako\u015bci prawdziwe zielone jab\u0142ko ecstasy pigu\u0142ki na sprzeda\u017c w przyst\u0119pnej cenie. Zam\u00f3w prawdziwe tabletki ecstasy z zielonym jab\u0142kiem ju\u017c teraz!","robots":{"index":"index","follow":"follow","max-snippet":"max-snippet:-1","max-image-preview":"max-image-preview:large","max-video-preview":"max-video-preview:-1"},"canonical":"https:\/\/legitgrams.com\/pl\/produkt\/prawdziwe-tabletki-ecstasy-z-zielonym-jablkiem\/","og_locale":"pl_PL","og_type":"article","og_title":"Order Real Green Apple Ecstasy Pills Online @ Best Price | LG","og_description":"If you want to buy real green apple ecstasy pills online and looking for a reliable online shop, then buy here. We offer only high-quality real green apple ecstasy pills for sale at an affordable price. Order Real Green Apple Ecstasy Pills Now!","og_url":"https:\/\/legitgrams.com\/pl\/produkt\/prawdziwe-tabletki-ecstasy-z-zielonym-jablkiem\/","og_site_name":"Legit Grams","article_modified_time":"2025-04-03T04:59:34+00:00","og_image":[{"width":600,"height":600,"url":"https:\/\/legitgrams.com\/wp-content\/uploads\/2024\/09\/order-real-green-apple-ecstasy-pills-online.jpg","type":"image\/jpeg"}],"twitter_card":"summary_large_image","twitter_misc":{"Szacowany czas czytania":"3 minuty"},"schema":{"@context":"https:\/\/schema.org","@graph":[{"@type":"WebPage","@id":"https:\/\/legitgrams.com\/product\/real-green-apple-ecstasy-pills\/","url":"https:\/\/legitgrams.com\/product\/real-green-apple-ecstasy-pills\/","name":"Zam\u00f3w prawdziwe tabletki Green Apple Ecstasy online w najlepszej cenie | LG","isPartOf":{"@id":"https:\/\/legitgrams.com\/#website"},"primaryImageOfPage":{"@id":"https:\/\/legitgrams.com\/product\/real-green-apple-ecstasy-pills\/#primaryimage"},"image":{"@id":"https:\/\/legitgrams.com\/product\/real-green-apple-ecstasy-pills\/#primaryimage"},"thumbnailUrl":"https:\/\/legitgrams.com\/wp-content\/uploads\/2024\/09\/order-real-green-apple-ecstasy-pills-online.jpg","datePublished":"2024-09-22T08:18:05+00:00","dateModified":"2025-04-03T04:59:34+00:00","description":"Je\u015bli chcesz kupi\u0107 prawdziwe tabletki ecstasy z zielonym jab\u0142kiem online i szukasz niezawodnego sklepu internetowego, kup tutaj. Oferujemy tylko wysokiej jako\u015bci prawdziwe zielone jab\u0142ko ecstasy pigu\u0142ki na sprzeda\u017c w przyst\u0119pnej cenie. Zam\u00f3w prawdziwe tabletki ecstasy z zielonym jab\u0142kiem ju\u017c teraz!","breadcrumb":{"@id":"https:\/\/legitgrams.com\/product\/real-green-apple-ecstasy-pills\/#breadcrumb"},"inLanguage":"pl-PL","potentialAction":[{"@type":"ReadAction","target":["https:\/\/legitgrams.com\/product\/real-green-apple-ecstasy-pills\/"]}]},{"@type":"ImageObject","inLanguage":"pl-PL","@id":"https:\/\/legitgrams.com\/product\/real-green-apple-ecstasy-pills\/#primaryimage","url":"https:\/\/legitgrams.com\/wp-content\/uploads\/2024\/09\/order-real-green-apple-ecstasy-pills-online.jpg","contentUrl":"https:\/\/legitgrams.com\/wp-content\/uploads\/2024\/09\/order-real-green-apple-ecstasy-pills-online.jpg","width":600,"height":600,"caption":"Real Green Apple Ecstasy Pills for Sale"},{"@type":"BreadcrumbList","@id":"https:\/\/legitgrams.com\/product\/real-green-apple-ecstasy-pills\/#breadcrumb","itemListElement":[{"@type":"ListItem","position":1,"name":"Home","item":"https:\/\/legitgrams.com\/"},{"@type":"ListItem","position":2,"name":"Shop","item":"https:\/\/legitgrams.com\/shop\/"},{"@type":"ListItem","position":3,"name":"Buy Real Green Apple Ecstasy Pills Online"}]},{"@type":"WebSite","@id":"https:\/\/legitgrams.com\/#website","url":"https:\/\/legitgrams.com\/","name":"Legit Grams","description":"M\u00f3j blog WordPress","publisher":{"@id":"https:\/\/legitgrams.com\/#organization"},"potentialAction":[{"@type":"SearchAction","target":{"@type":"EntryPoint","urlTemplate":"https:\/\/legitgrams.com\/?s={search_term_string}"},"query-input":{"@type":"PropertyValueSpecification","valueRequired":true,"valueName":"search_term_string"}}],"inLanguage":"pl-PL"},{"@type":"Organization","@id":"https:\/\/legitgrams.com\/#organization","name":"Legit Grams","url":"https:\/\/legitgrams.com\/","logo":{"@type":"ImageObject","inLanguage":"pl-PL","@id":"https:\/\/legitgrams.com\/#\/schema\/logo\/image\/","url":"https:\/\/legitgrams.com\/wp-content\/uploads\/2024\/09\/main-logo.png","contentUrl":"https:\/\/legitgrams.com\/wp-content\/uploads\/2024\/09\/main-logo.png","width":270,"height":75,"caption":"Legit Grams"},"image":{"@id":"https:\/\/legitgrams.com\/#\/schema\/logo\/image\/"}}]}},"uagb_featured_image_src":{"full":["https:\/\/legitgrams.com\/wp-content\/uploads\/2024\/09\/order-real-green-apple-ecstasy-pills-online.jpg",600,600,false],"thumbnail":["https:\/\/legitgrams.com\/wp-content\/uploads\/2024\/09\/order-real-green-apple-ecstasy-pills-online-150x150.jpg",150,150,true],"medium":["https:\/\/legitgrams.com\/wp-content\/uploads\/2024\/09\/order-real-green-apple-ecstasy-pills-online-300x300.jpg",300,300,true],"medium_large":["https:\/\/legitgrams.com\/wp-content\/uploads\/2024\/09\/order-real-green-apple-ecstasy-pills-online.jpg",600,600,false],"large":["https:\/\/legitgrams.com\/wp-content\/uploads\/2024\/09\/order-real-green-apple-ecstasy-pills-online.jpg",600,600,false],"1536x1536":["https:\/\/legitgrams.com\/wp-content\/uploads\/2024\/09\/order-real-green-apple-ecstasy-pills-online.jpg",600,600,false],"2048x2048":["https:\/\/legitgrams.com\/wp-content\/uploads\/2024\/09\/order-real-green-apple-ecstasy-pills-online.jpg",600,600,false],"trp-custom-language-flag":["https:\/\/legitgrams.com\/wp-content\/uploads\/2024\/09\/order-real-green-apple-ecstasy-pills-online-12x12.jpg",12,12,true],"woocommerce_thumbnail":["https:\/\/legitgrams.com\/wp-content\/uploads\/2024\/09\/order-real-green-apple-ecstasy-pills-online-300x300.jpg",300,300,true],"woocommerce_single":["https:\/\/legitgrams.com\/wp-content\/uploads\/2024\/09\/order-real-green-apple-ecstasy-pills-online.jpg",600,600,false],"woocommerce_gallery_thumbnail":["https:\/\/legitgrams.com\/wp-content\/uploads\/2024\/09\/order-real-green-apple-ecstasy-pills-online-100x100.jpg",100,100,true]},"uagb_author_info":{"display_name":"cokeblog18","author_link":"https:\/\/legitgrams.com\/pl\/author\/"},"uagb_comment_info":0,"uagb_excerpt":"Purchase of Genuine Green Apple Ecstasy Pills Online I hope this axiom has made you famous. According to the proverb, &#8220;An apple a day keeps the specialist at bay.&#8221; Given all of the health advantages of eating apples, this diet aphorism may not be entirely inaccurate. Some of the health advantages of eating green apples&hellip;","_links":{"self":[{"href":"https:\/\/legitgrams.com\/pl\/wp-json\/wp\/v2\/product\/4273","targetHints":{"allow":["GET"]}}],"collection":[{"href":"https:\/\/legitgrams.com\/pl\/wp-json\/wp\/v2\/product"}],"about":[{"href":"https:\/\/legitgrams.com\/pl\/wp-json\/wp\/v2\/types\/product"}],"replies":[{"embeddable":true,"href":"https:\/\/legitgrams.com\/pl\/wp-json\/wp\/v2\/comments?post=4273"}],"wp:featuredmedia":[{"embeddable":true,"href":"https:\/\/legitgrams.com\/pl\/wp-json\/wp\/v2\/media\/5203"}],"wp:attachment":[{"href":"https:\/\/legitgrams.com\/pl\/wp-json\/wp\/v2\/media?parent=4273"}],"wp:term":[{"taxonomy":"product_brand","embeddable":true,"href":"https:\/\/legitgrams.com\/pl\/wp-json\/wp\/v2\/product_brand?post=4273"},{"taxonomy":"product_cat","embeddable":true,"href":"https:\/\/legitgrams.com\/pl\/wp-json\/wp\/v2\/product_cat?post=4273"},{"taxonomy":"product_tag","embeddable":true,"href":"https:\/\/legitgrams.com\/pl\/wp-json\/wp\/v2\/product_tag?post=4273"}],"curies":[{"name":"wp","href":"https:\/\/api.w.org\/{rel}","templated":true}]}}