{"id":4277,"date":"2024-09-22T08:23:22","date_gmt":"2024-09-22T08:23:22","guid":{"rendered":"https:\/\/legitgrams.com\/?post_type=product&#038;p=4277"},"modified":"2025-04-02T18:37:40","modified_gmt":"2025-04-02T18:37:40","slug":"wysokiej-jakosci-niebieskie-tabletki-rolex-ecstasy","status":"publish","type":"product","link":"https:\/\/legitgrams.com\/pl\/produkt\/wysokiej-jakosci-niebieskie-tabletki-rolex-ecstasy\/","title":{"rendered":"Kup wysokiej jako\u015bci niebieskie tabletki Rolex Ecstasy online"},"content":{"rendered":"<h2>Zakup online wysokiej jako\u015bci niebieskich tabletek Rolex Ecstasy<\/h2>\n<p>Ecstasy po raz pierwszy zosta\u0142a stworzona w 1912 roku przez koncern farmaceutyczny Merck. Nadano jej nazw\u0119 \u201e<a href=\"https:\/\/www.bing.com\/search?q=KupwysokiejjakociniebieskietabletkiRolexEcstasyonline&amp;qs=n&amp;form=QBRE&amp;sp=-1&amp;lq=0&amp;pq=kupwysokiejjakociniebieskietabletkirolexecstasyonline&amp;sc=0-61&amp;sk=&amp;cvid=D505061F83AE45D89DC6575669BBF8E7&amp;ghsh=0&amp;ghacc=0&amp;ghpl=\">MDMA<\/a>\u201d ze wzgl\u0119du na swoj\u0105 odr\u0119bn\u0105 struktur\u0119. W 1953 r. si\u0142y zbrojne USA po raz pierwszy zastosowa\u0142y go w testach zaanga\u017cowania umys\u0142owego. W latach 60. XX w. ponownie wykorzystano go przez ograniczony okres czasu jako metod\u0119 terapeutyczn\u0105 na \u201eni\u017csze zahamowania\u201d.1. MDMA nie zyska\u0142o popularno\u015bci jako narkotyk zbiorowy a\u017c do lat 70. XX w.<\/p>\n<p>W po\u0142owie lat 80. <a href=\"https:\/\/www.google.com\/search?q=Kup+wysokiej+jakoci+niebieskie+tabletki+Rolex+Ecstasy+online&amp;sca_esv=eddefdb7b92e7545&amp;sxsrf=AHTn8zrlzmArp_v4QK-nMI7WA3u4bGAgeA1743619605534&amp;ei=FYbtZ5qsIOGCm9cP7tGH-AQ&amp;ved=0ahUKEwjaitiZgbqMAxVhweYEHe7oAU8Q4dUDCBA&amp;uact=5&amp;oq=Kup+wysokiej+jakoci+niebieskie+tabletki+Rolex+Ecstasy+online&amp;gs_lp=Egxnd3Mtd2l6LXNlcnAiPkt1cCB3eXNva2llaiBqYWtvxZtjaSBuaWViaWVza2llIHRhYmxldGtpIFJvbGV4IEVjc3Rhc3kgb25saW5lSOkEUABYAHAAeACQAQCYAZMEoAGTBKoBAzUtMbgBA8gBAPgBAvgBAZgCAKACAJgDAJIHAKAHcrIHALgHAA&amp;sclient=gws-wiz-serp\">MDMA<\/a> by\u0142 reklamowany jako \u201enajbardziej pieni\u0105ca si\u0119 rzecz w technice z misj\u0105 zadowolenia poprzez nauk\u0119\u201d i jako \u201erozwi\u0105zanie\u201d na imprezy, kt\u00f3re trwa\u0142y. Chocia\u017c MDMA by\u0142o nadal popularnym narkotykiem w 1984 roku i by\u0142o sprzedawane pod nazw\u0105 \u201eJoy\u201d, obawy dotycz\u0105ce bezpiecze\u0144stwa ograniczy\u0142y jego dystrybucj\u0119 w 1985 roku.<span style=\"font-size: 16px;\">\u00a0<\/span><a style=\"font-size: 16px; background-color: #ffffff;\" href=\"https:\/\/legitgrams.com\/pl\/\">LegitGrams<\/a><\/p>\n<p>W szczeg\u00f3lno\u015bci, <a href=\"https:\/\/duckduckgo.com\/?q=Buy+Quality+Blue+Rolex+Ecstasy+pills+Online&amp;t=h_&amp;ia=web\">niebieski tablet Rolex<\/a> mo\u017ce by\u0107 kluczowe dla os\u00f3b z zespo\u0142em stresu pourazowego (PTSD). Wielu pacjent\u00f3w ma trudno\u015bci z m\u00f3wieniem o niebezpiecznych okoliczno\u015bciach, kt\u00f3re pierwotnie doprowadzi\u0142y do \u200b\u200bich problem\u00f3w. Hipoteza g\u0142osi, \u017ce spe\u0142nienie mo\u017ce pom\u00f3c ludziom w powrocie do zdrowia po tych powa\u017cnych traumach.<\/p>\n<p>Doblin, lat pi\u0119\u0107dziesi\u0105t, jest naprawd\u0119 nieprzygotowany, niezdolny i niekontroluj\u0105cy; ma wysoki poziom odpowiedzialno\u015bci zwi\u0105zanej z narkotykami z powodu jego powa\u017cnego za\u017cywania narkotyk\u00f3w. Jego s\u0142owa, \u201eTo znacznie ulepszy\u0142o moje \u017cycie\u201d, Niedawno zaakceptowa\u0142 my\u015bl, \u017ce Joy i inne \u015brodki pobudzaj\u0105ce maj\u0105 podstawowe kryteria sukcesu.<\/p>\n<p>Je\u015bli naprawd\u0119 szukasz organizacji, kt\u00f3ra mo\u017ce zaoferowa\u0107 Ci produkty najlepszej jako\u015bci, jeste\u015b we w\u0142a\u015bciwym miejscu. Dzi\u0119ki opcjom naszych produkt\u00f3w mo\u017cesz wybra\u0107 najlepsze przedmioty w naszej fundacji, aby zbudowa\u0107 z nami relacj\u0119, kt\u00f3ra dzia\u0142a i zdoby\u0107 Twoje zaufanie. Niebieskie tabletki Rolex zostan\u0105 dostarczone do Twojego domu w ci\u0105gu pi\u0119ciu dni roboczych, je\u015bli wprowadzisz swoj\u0105 sprzeda\u017c dzisiaj.<\/p>\n<p>Jako\u015b\u0107 zakupu <a href=\"https:\/\/en.wikipedia.org\/wiki\/Ecstasy\">Niebieskie tabletki Rolex Ecstasy<\/a> Online - Zakup Ecstasy Pills, Zakup jako\u015bci Blue Rolex Ecstasy Pills, Zakup jako\u015bci Blue Rolex Ecstasy Pills online, Gdzie kupi\u0107 jako\u015bci Blue Rolex Ecstasy Pills, jako\u015bci Blue Rolex Ecstasy Pills na sprzeda\u017c, zakup Ecstasy online, gdzie kupi\u0107 Ecstasy Pills online, jako\u015bci Blue <a href=\"https:\/\/legitgrams.com\/pl\/produkt\/wysokiej-jakosci-niebieskie-tabletki-rolex-ecstasy\/\">Rolex Ecstasy<\/a> Tabletki na sprzeda\u017c w USA, Kanadzie, Wielkiej Brytanii, zakup, online, dostawcy, bezpieczna dostawa, nadal mo\u017cesz uzyska\u0107 wysokiej jako\u015bci tabletki ecstasy Blue Rolex. Mo\u017cesz r\u00f3wnie\u017c dowiedzie\u0107 si\u0119, czy s\u0105 one legalne w Stanach Zjednoczonych, jak zam\u00f3wi\u0107 wysokiej jako\u015bci tabletki ecstasy Blue Rolex i czy s\u0105 one legalne w Kanadzie.<\/p>","protected":false},"excerpt":{"rendered":"<p>Online Purchase of High-Quality Blue Rolex Ecstasy Pills Ecstasy was first created by the Merck drug relationship in 1912. It was given the name &#8220;MDMA&#8221; because to its distinct structure. In 1953, the US Armed Forces employed it for the first time in mental engagement tests. In the 1960s, it was utilized once more for &hellip;<\/p>\n<p class=\"read-more\"> <a class=\"\" href=\"https:\/\/legitgrams.com\/pl\/produkt\/wysokiej-jakosci-niebieskie-tabletki-rolex-ecstasy\/\"> <span class=\"screen-reader-text\">Kup wysokiej jako\u015bci niebieskie tabletki Rolex Ecstasy online<\/span> Czytaj wi\u0119cej \"<\/a><\/p>","protected":false},"featured_media":5198,"comment_status":"open","ping_status":"closed","template":"","meta":{"_uag_custom_page_level_css":"","site-sidebar-layout":"default","site-content-layout":"default","ast-global-header-display":"","ast-main-header-display":"","ast-hfb-above-header-display":"","ast-hfb-below-header-display":"","ast-hfb-mobile-header-display":"","site-post-title":"","ast-breadcrumbs-content":"","ast-featured-img":"","footer-sml-layout":"","theme-transparent-header-meta":"default","adv-header-id-meta":"","stick-header-meta":"default","header-above-stick-meta":"","header-main-stick-meta":"","header-below-stick-meta":"","_joinchat":[]},"product_brand":[],"product_cat":[596],"product_tag":[1200,1190,617,1182,1197,1194,1189,1187,1199,1181,1184,1192,1183,1185,1195,1202,1203,1201,1193,1198,1196,625,1188,1191,1186],"class_list":{"0":"post-4277","1":"product","2":"type-product","3":"status-publish","4":"has-post-thumbnail","6":"product_cat-ecstasy-pills-mdma","7":"product_tag-best-cheap-price-quality-blue-rolex-ecstasy-pills","8":"product_tag-best-place-to-buy-quality-blue-rolex-ecstasy-pills","9":"product_tag-bulk-online","10":"product_tag-buy-quality-blue-rolex-ecstasy-pills","11":"product_tag-cheap-quality-blue-rolex-ecstasy-pills","12":"product_tag-high-quality-quality-blue-rolex-ecstasy-pills","13":"product_tag-how-to-buy-quality-blue-rolex-ecstasy-pills","14":"product_tag-order-quality-blue-rolex-ecstasy-pills","15":"product_tag-purcharse-quality-blue-rolex-ecstasy-pills","16":"product_tag-quality-blue-rolex-ecstasy-pills","17":"product_tag-quality-blue-rolex-ecstasy-pills-for-sale","18":"product_tag-quality-blue-rolex-ecstasy-pills-legally","19":"product_tag-quality-blue-rolex-ecstasy-pills-online","20":"product_tag-quality-blue-rolex-ecstasy-pills-quality-blue-rolex-ecstasy-pills-supplier","21":"product_tag-quality-blue-rolex-ecstasy-pills-store","22":"product_tag-quality-blue-rolex-ecstasy-pills-use","23":"product_tag-quality-blue-rolex-ecstasy-pills-wiki","24":"product_tag-quality-blue-rolex-ecstasy-pills-worldwide","25":"product_tag-quality-blue-rolex-ecstasy-pillsprice","26":"product_tag-quality-blue-rolex-ecstasy-pillss","27":"product_tag-shop-quality-blue-rolex-ecstasy-pills","28":"product_tag-top-quality","29":"product_tag-where-to-buy-quality-blue-rolex-ecstasy-pills","30":"product_tag-where-to-order-quality-blue-rolex-ecstasy-pills","31":"product_tag-wholesale-quality-blue-rolex-ecstasy-pills","32":"desktop-align-left","33":"tablet-align-left","34":"mobile-align-left","35":"ast-product-gallery-layout-horizontal","36":"ast-product-gallery-with-no-image","37":"ast-product-single-variable","38":"ast-product-tabs-layout-horizontal","39":"ast-qv-on-image","41":"first","42":"instock","43":"shipping-taxable","44":"purchasable","45":"product-type-variable"},"yoast_head":"<!-- This site is optimized with the Yoast SEO plugin v25.9 - https:\/\/yoast.com\/wordpress\/plugins\/seo\/ -->\n<title>Buy Quality Blue Rolex Ecstasy Pills Online @ Best Price | LG<\/title>\n<meta name=\"description\" content=\"Explore our online store for quality blue rolex ecstasy pills for sale, offering high-quality blue rolex ecstasy pills. Buy quality blue rolex ecstasy Pills online securely and embark on your research journey with confidence.\" \/>\n<meta name=\"robots\" content=\"index, follow, max-snippet:-1, max-image-preview:large, max-video-preview:-1\" \/>\n<link rel=\"canonical\" href=\"https:\/\/legitgrams.com\/pl\/produkt\/wysokiej-jakosci-niebieskie-tabletki-rolex-ecstasy\/\" \/>\n<meta property=\"og:locale\" content=\"pl_PL\" \/>\n<meta property=\"og:type\" content=\"article\" \/>\n<meta property=\"og:title\" content=\"Buy Quality Blue Rolex Ecstasy Pills Online @ Best Price | LG\" \/>\n<meta property=\"og:description\" content=\"Explore our online store for quality blue rolex ecstasy pills for sale, offering high-quality blue rolex ecstasy pills. Buy quality blue rolex ecstasy Pills online securely and embark on your research journey with confidence.\" \/>\n<meta property=\"og:url\" content=\"https:\/\/legitgrams.com\/pl\/produkt\/wysokiej-jakosci-niebieskie-tabletki-rolex-ecstasy\/\" \/>\n<meta property=\"og:site_name\" content=\"Legit Grams\" \/>\n<meta property=\"article:modified_time\" content=\"2025-04-02T18:37:40+00:00\" \/>\n<meta property=\"og:image\" content=\"https:\/\/legitgrams.com\/wp-content\/uploads\/2024\/09\/buy-quality-blue-rolex-ecstasy-pills-online.jpg\" \/>\n\t<meta property=\"og:image:width\" content=\"600\" \/>\n\t<meta property=\"og:image:height\" content=\"600\" \/>\n\t<meta property=\"og:image:type\" content=\"image\/jpeg\" \/>\n<meta name=\"twitter:card\" content=\"summary_large_image\" \/>\n<meta name=\"twitter:label1\" content=\"Szacowany czas czytania\" \/>\n\t<meta name=\"twitter:data1\" content=\"2 minuty\" \/>\n<script type=\"application\/ld+json\" class=\"yoast-schema-graph\">{\"@context\":\"https:\/\/schema.org\",\"@graph\":[{\"@type\":\"WebPage\",\"@id\":\"https:\/\/legitgrams.com\/product\/quality-blue-rolex-ecstasy-pills\/\",\"url\":\"https:\/\/legitgrams.com\/product\/quality-blue-rolex-ecstasy-pills\/\",\"name\":\"Buy Quality Blue Rolex Ecstasy Pills Online @ Best Price | LG\",\"isPartOf\":{\"@id\":\"https:\/\/legitgrams.com\/#website\"},\"primaryImageOfPage\":{\"@id\":\"https:\/\/legitgrams.com\/product\/quality-blue-rolex-ecstasy-pills\/#primaryimage\"},\"image\":{\"@id\":\"https:\/\/legitgrams.com\/product\/quality-blue-rolex-ecstasy-pills\/#primaryimage\"},\"thumbnailUrl\":\"https:\/\/legitgrams.com\/wp-content\/uploads\/2024\/09\/buy-quality-blue-rolex-ecstasy-pills-online.jpg\",\"datePublished\":\"2024-09-22T08:23:22+00:00\",\"dateModified\":\"2025-04-02T18:37:40+00:00\",\"description\":\"Explore our online store for quality blue rolex ecstasy pills for sale, offering high-quality blue rolex ecstasy pills. Buy quality blue rolex ecstasy Pills online securely and embark on your research journey with confidence.\",\"breadcrumb\":{\"@id\":\"https:\/\/legitgrams.com\/product\/quality-blue-rolex-ecstasy-pills\/#breadcrumb\"},\"inLanguage\":\"pl-PL\",\"potentialAction\":[{\"@type\":\"ReadAction\",\"target\":[\"https:\/\/legitgrams.com\/product\/quality-blue-rolex-ecstasy-pills\/\"]}]},{\"@type\":\"ImageObject\",\"inLanguage\":\"pl-PL\",\"@id\":\"https:\/\/legitgrams.com\/product\/quality-blue-rolex-ecstasy-pills\/#primaryimage\",\"url\":\"https:\/\/legitgrams.com\/wp-content\/uploads\/2024\/09\/buy-quality-blue-rolex-ecstasy-pills-online.jpg\",\"contentUrl\":\"https:\/\/legitgrams.com\/wp-content\/uploads\/2024\/09\/buy-quality-blue-rolex-ecstasy-pills-online.jpg\",\"width\":600,\"height\":600,\"caption\":\"Quality Blue Rolex Ecstasy Pills for Sale\"},{\"@type\":\"BreadcrumbList\",\"@id\":\"https:\/\/legitgrams.com\/product\/quality-blue-rolex-ecstasy-pills\/#breadcrumb\",\"itemListElement\":[{\"@type\":\"ListItem\",\"position\":1,\"name\":\"Home\",\"item\":\"https:\/\/legitgrams.com\/\"},{\"@type\":\"ListItem\",\"position\":2,\"name\":\"Shop\",\"item\":\"https:\/\/legitgrams.com\/shop\/\"},{\"@type\":\"ListItem\",\"position\":3,\"name\":\"Buy Quality Blue Rolex Ecstasy pills Online\"}]},{\"@type\":\"WebSite\",\"@id\":\"https:\/\/legitgrams.com\/#website\",\"url\":\"https:\/\/legitgrams.com\/\",\"name\":\"Legit Grams\",\"description\":\"My WordPress Blog\",\"publisher\":{\"@id\":\"https:\/\/legitgrams.com\/#organization\"},\"potentialAction\":[{\"@type\":\"SearchAction\",\"target\":{\"@type\":\"EntryPoint\",\"urlTemplate\":\"https:\/\/legitgrams.com\/?s={search_term_string}\"},\"query-input\":{\"@type\":\"PropertyValueSpecification\",\"valueRequired\":true,\"valueName\":\"search_term_string\"}}],\"inLanguage\":\"pl-PL\"},{\"@type\":\"Organization\",\"@id\":\"https:\/\/legitgrams.com\/#organization\",\"name\":\"Legit Grams\",\"url\":\"https:\/\/legitgrams.com\/\",\"logo\":{\"@type\":\"ImageObject\",\"inLanguage\":\"pl-PL\",\"@id\":\"https:\/\/legitgrams.com\/#\/schema\/logo\/image\/\",\"url\":\"https:\/\/legitgrams.com\/wp-content\/uploads\/2024\/09\/main-logo.png\",\"contentUrl\":\"https:\/\/legitgrams.com\/wp-content\/uploads\/2024\/09\/main-logo.png\",\"width\":270,\"height\":75,\"caption\":\"Legit Grams\"},\"image\":{\"@id\":\"https:\/\/legitgrams.com\/#\/schema\/logo\/image\/\"}}]}<\/script>\n<!-- \/ Yoast SEO plugin. -->","yoast_head_json":{"title":"Kup wysokiej jako\u015bci niebieskie tabletki Rolex Ecstasy online w najlepszej cenie | LG","description":"Odkryj nasz sklep internetowy dla jako\u015bci blue rolex ecstasy pigu\u0142ki na sprzeda\u017c, oferuj\u0105c wysokiej jako\u015bci blue rolex ecstasy pigu\u0142ki. Kup wysokiej jako\u015bci tabletki ecstasy blue rolex online bezpiecznie i wyrusz w swoj\u0105 podr\u00f3\u017c badawcz\u0105 z pewno\u015bci\u0105.","robots":{"index":"index","follow":"follow","max-snippet":"max-snippet:-1","max-image-preview":"max-image-preview:large","max-video-preview":"max-video-preview:-1"},"canonical":"https:\/\/legitgrams.com\/pl\/produkt\/wysokiej-jakosci-niebieskie-tabletki-rolex-ecstasy\/","og_locale":"pl_PL","og_type":"article","og_title":"Buy Quality Blue Rolex Ecstasy Pills Online @ Best Price | LG","og_description":"Explore our online store for quality blue rolex ecstasy pills for sale, offering high-quality blue rolex ecstasy pills. Buy quality blue rolex ecstasy Pills online securely and embark on your research journey with confidence.","og_url":"https:\/\/legitgrams.com\/pl\/produkt\/wysokiej-jakosci-niebieskie-tabletki-rolex-ecstasy\/","og_site_name":"Legit Grams","article_modified_time":"2025-04-02T18:37:40+00:00","og_image":[{"width":600,"height":600,"url":"https:\/\/legitgrams.com\/wp-content\/uploads\/2024\/09\/buy-quality-blue-rolex-ecstasy-pills-online.jpg","type":"image\/jpeg"}],"twitter_card":"summary_large_image","twitter_misc":{"Szacowany czas czytania":"2 minuty"},"schema":{"@context":"https:\/\/schema.org","@graph":[{"@type":"WebPage","@id":"https:\/\/legitgrams.com\/product\/quality-blue-rolex-ecstasy-pills\/","url":"https:\/\/legitgrams.com\/product\/quality-blue-rolex-ecstasy-pills\/","name":"Kup wysokiej jako\u015bci niebieskie tabletki Rolex Ecstasy online w najlepszej cenie | LG","isPartOf":{"@id":"https:\/\/legitgrams.com\/#website"},"primaryImageOfPage":{"@id":"https:\/\/legitgrams.com\/product\/quality-blue-rolex-ecstasy-pills\/#primaryimage"},"image":{"@id":"https:\/\/legitgrams.com\/product\/quality-blue-rolex-ecstasy-pills\/#primaryimage"},"thumbnailUrl":"https:\/\/legitgrams.com\/wp-content\/uploads\/2024\/09\/buy-quality-blue-rolex-ecstasy-pills-online.jpg","datePublished":"2024-09-22T08:23:22+00:00","dateModified":"2025-04-02T18:37:40+00:00","description":"Odkryj nasz sklep internetowy dla jako\u015bci blue rolex ecstasy pigu\u0142ki na sprzeda\u017c, oferuj\u0105c wysokiej jako\u015bci blue rolex ecstasy pigu\u0142ki. Kup wysokiej jako\u015bci tabletki ecstasy blue rolex online bezpiecznie i wyrusz w swoj\u0105 podr\u00f3\u017c badawcz\u0105 z pewno\u015bci\u0105.","breadcrumb":{"@id":"https:\/\/legitgrams.com\/product\/quality-blue-rolex-ecstasy-pills\/#breadcrumb"},"inLanguage":"pl-PL","potentialAction":[{"@type":"ReadAction","target":["https:\/\/legitgrams.com\/product\/quality-blue-rolex-ecstasy-pills\/"]}]},{"@type":"ImageObject","inLanguage":"pl-PL","@id":"https:\/\/legitgrams.com\/product\/quality-blue-rolex-ecstasy-pills\/#primaryimage","url":"https:\/\/legitgrams.com\/wp-content\/uploads\/2024\/09\/buy-quality-blue-rolex-ecstasy-pills-online.jpg","contentUrl":"https:\/\/legitgrams.com\/wp-content\/uploads\/2024\/09\/buy-quality-blue-rolex-ecstasy-pills-online.jpg","width":600,"height":600,"caption":"Quality Blue Rolex Ecstasy Pills for Sale"},{"@type":"BreadcrumbList","@id":"https:\/\/legitgrams.com\/product\/quality-blue-rolex-ecstasy-pills\/#breadcrumb","itemListElement":[{"@type":"ListItem","position":1,"name":"Home","item":"https:\/\/legitgrams.com\/"},{"@type":"ListItem","position":2,"name":"Shop","item":"https:\/\/legitgrams.com\/shop\/"},{"@type":"ListItem","position":3,"name":"Buy Quality Blue Rolex Ecstasy pills Online"}]},{"@type":"WebSite","@id":"https:\/\/legitgrams.com\/#website","url":"https:\/\/legitgrams.com\/","name":"Legit Grams","description":"M\u00f3j blog WordPress","publisher":{"@id":"https:\/\/legitgrams.com\/#organization"},"potentialAction":[{"@type":"SearchAction","target":{"@type":"EntryPoint","urlTemplate":"https:\/\/legitgrams.com\/?s={search_term_string}"},"query-input":{"@type":"PropertyValueSpecification","valueRequired":true,"valueName":"search_term_string"}}],"inLanguage":"pl-PL"},{"@type":"Organization","@id":"https:\/\/legitgrams.com\/#organization","name":"Legit Grams","url":"https:\/\/legitgrams.com\/","logo":{"@type":"ImageObject","inLanguage":"pl-PL","@id":"https:\/\/legitgrams.com\/#\/schema\/logo\/image\/","url":"https:\/\/legitgrams.com\/wp-content\/uploads\/2024\/09\/main-logo.png","contentUrl":"https:\/\/legitgrams.com\/wp-content\/uploads\/2024\/09\/main-logo.png","width":270,"height":75,"caption":"Legit Grams"},"image":{"@id":"https:\/\/legitgrams.com\/#\/schema\/logo\/image\/"}}]}},"uagb_featured_image_src":{"full":["https:\/\/legitgrams.com\/wp-content\/uploads\/2024\/09\/buy-quality-blue-rolex-ecstasy-pills-online.jpg",600,600,false],"thumbnail":["https:\/\/legitgrams.com\/wp-content\/uploads\/2024\/09\/buy-quality-blue-rolex-ecstasy-pills-online-150x150.jpg",150,150,true],"medium":["https:\/\/legitgrams.com\/wp-content\/uploads\/2024\/09\/buy-quality-blue-rolex-ecstasy-pills-online-300x300.jpg",300,300,true],"medium_large":["https:\/\/legitgrams.com\/wp-content\/uploads\/2024\/09\/buy-quality-blue-rolex-ecstasy-pills-online.jpg",600,600,false],"large":["https:\/\/legitgrams.com\/wp-content\/uploads\/2024\/09\/buy-quality-blue-rolex-ecstasy-pills-online.jpg",600,600,false],"1536x1536":["https:\/\/legitgrams.com\/wp-content\/uploads\/2024\/09\/buy-quality-blue-rolex-ecstasy-pills-online.jpg",600,600,false],"2048x2048":["https:\/\/legitgrams.com\/wp-content\/uploads\/2024\/09\/buy-quality-blue-rolex-ecstasy-pills-online.jpg",600,600,false],"trp-custom-language-flag":["https:\/\/legitgrams.com\/wp-content\/uploads\/2024\/09\/buy-quality-blue-rolex-ecstasy-pills-online-12x12.jpg",12,12,true],"woocommerce_thumbnail":["https:\/\/legitgrams.com\/wp-content\/uploads\/2024\/09\/buy-quality-blue-rolex-ecstasy-pills-online-300x300.jpg",300,300,true],"woocommerce_single":["https:\/\/legitgrams.com\/wp-content\/uploads\/2024\/09\/buy-quality-blue-rolex-ecstasy-pills-online.jpg",600,600,false],"woocommerce_gallery_thumbnail":["https:\/\/legitgrams.com\/wp-content\/uploads\/2024\/09\/buy-quality-blue-rolex-ecstasy-pills-online-100x100.jpg",100,100,true]},"uagb_author_info":{"display_name":"cokeblog18","author_link":"https:\/\/legitgrams.com\/pl\/author\/"},"uagb_comment_info":0,"uagb_excerpt":"Online Purchase of High-Quality Blue Rolex Ecstasy Pills Ecstasy was first created by the Merck drug relationship in 1912. It was given the name &#8220;MDMA&#8221; because to its distinct structure. In 1953, the US Armed Forces employed it for the first time in mental engagement tests. In the 1960s, it was utilized once more for&hellip;","_links":{"self":[{"href":"https:\/\/legitgrams.com\/pl\/wp-json\/wp\/v2\/product\/4277","targetHints":{"allow":["GET"]}}],"collection":[{"href":"https:\/\/legitgrams.com\/pl\/wp-json\/wp\/v2\/product"}],"about":[{"href":"https:\/\/legitgrams.com\/pl\/wp-json\/wp\/v2\/types\/product"}],"replies":[{"embeddable":true,"href":"https:\/\/legitgrams.com\/pl\/wp-json\/wp\/v2\/comments?post=4277"}],"wp:featuredmedia":[{"embeddable":true,"href":"https:\/\/legitgrams.com\/pl\/wp-json\/wp\/v2\/media\/5198"}],"wp:attachment":[{"href":"https:\/\/legitgrams.com\/pl\/wp-json\/wp\/v2\/media?parent=4277"}],"wp:term":[{"taxonomy":"product_brand","embeddable":true,"href":"https:\/\/legitgrams.com\/pl\/wp-json\/wp\/v2\/product_brand?post=4277"},{"taxonomy":"product_cat","embeddable":true,"href":"https:\/\/legitgrams.com\/pl\/wp-json\/wp\/v2\/product_cat?post=4277"},{"taxonomy":"product_tag","embeddable":true,"href":"https:\/\/legitgrams.com\/pl\/wp-json\/wp\/v2\/product_tag?post=4277"}],"curies":[{"name":"wp","href":"https:\/\/api.w.org\/{rel}","templated":true}]}}