{"id":4288,"date":"2024-09-22T09:32:32","date_gmt":"2024-09-22T09:32:32","guid":{"rendered":"https:\/\/legitgrams.com\/?post_type=product&#038;p=4288"},"modified":"2025-01-14T05:14:25","modified_gmt":"2025-01-14T05:14:25","slug":"szare-tabletki-bugatti-mdma","status":"publish","type":"product","link":"https:\/\/legitgrams.com\/pl\/produkt\/szare-tabletki-bugatti-mdma\/","title":{"rendered":"Szare tabletki Bugatti MDMA"},"content":{"rendered":"<h2>Zakup online tabletek MDMA Gray Bugatti<br \/>\nEuforia: Co to jest?<\/h2>\n<p>Syntetyczna substancja psychoaktywna ecstasy (MDMA, 3,4-metylenodioksymetamfetamina) ma podobie\u0144stwa chemiczne do pobudzaj\u0105cej metamfetaminy i halucynogennej meskaliny. Zniekszta\u0142cenia czasowe i percepcyjne, wzrost przyjemno\u015bci z bod\u017ac\u00f3w dotykowych i efekt pobudzaj\u0105cy s\u0105 spowodowane psychodelicznymi i pobudzaj\u0105cymi w\u0142a\u015bciwo\u015bciami tej nielegalnej substancji. <a href=\"https:\/\/legitgrams.com\/pl\/produkt\/szare-tabletki-bugatti-mdma\/\">\u00a0<\/a><a href=\"https:\/\/legitgrams.com\/pl\/\">LegitGrams<\/a><\/p>\n<p>Jak kupi\u0107 <a href=\"https:\/\/legitgrams.com\/pl\/produkt\/szare-tabletki-bugatti-mdma\/\">Pigu\u0142ki MDMA<\/a>\u00a0 online: gdzie kupi\u0107 tabletki MDMA, gdzie kupi\u0107 <a href=\"https:\/\/en.wikipedia.org\/wiki\/MDMA\">MDMA<\/a> tabletki na sprzeda\u017c, gdzie kupi\u0107 tabletki MDMA online, gdzie kupi\u0107 ecstasy online, gdzie kupi\u0107 tabletki MDMA w USA, Kanadzie i Wielkiej Brytanii, gdzie kupi\u0107 tabletki MDMA online, dostawcy, bezpieczna dostawa, tabletki MDMA Gray Bugatti nadal mo\u017cna naby\u0107, sprawdzaj\u0105c, czy s\u0105 legalne w USA.<\/p>\n<p>&nbsp;<\/p>\n<p>&nbsp;<\/p>\n<p>&nbsp;<\/p>","protected":false},"excerpt":{"rendered":"<p>Online purchase of Gray Bugatti MDMA pills Euphoria: What is it? The synthetic psychoactive substance ecstasy (MDMA, 3,4 methylenedioxymethamphetamine) shares chemical similarities with the stimulant methamphetamine and the hallucinogen mescaline. Temporal and perceptional distortions, an increase in the enjoyment of tactile stimuli, and a stimulant impact are all caused by this illegal substance&#8217;s psychedelic and &hellip;<\/p>\n<p class=\"read-more\"> <a class=\"\" href=\"https:\/\/legitgrams.com\/pl\/produkt\/szare-tabletki-bugatti-mdma\/\"> <span class=\"screen-reader-text\">Szare tabletki Bugatti MDMA<\/span> Czytaj wi\u0119cej \"<\/a><\/p>","protected":false},"featured_media":5195,"comment_status":"open","ping_status":"closed","template":"","meta":{"_uag_custom_page_level_css":"","site-sidebar-layout":"default","site-content-layout":"default","ast-global-header-display":"","ast-main-header-display":"","ast-hfb-above-header-display":"","ast-hfb-below-header-display":"","ast-hfb-mobile-header-display":"","site-post-title":"","ast-breadcrumbs-content":"","ast-featured-img":"","footer-sml-layout":"","theme-transparent-header-meta":"default","adv-header-id-meta":"","stick-header-meta":"default","header-above-stick-meta":"","header-main-stick-meta":"","header-below-stick-meta":"","_joinchat":[]},"product_brand":[],"product_cat":[596],"product_tag":[1108,1098,617,1090,1105,1089,1092,1093,1100,1091,1103,1110,1111,1109,1101,1106,1102,1097,1095,1107,1104,625,1096,1099,1094],"class_list":{"0":"post-4288","1":"product","2":"type-product","3":"status-publish","4":"has-post-thumbnail","6":"product_cat-ecstasy-pills-mdma","7":"product_tag-best-cheap-price-gray-bugatti-mdma-pills","8":"product_tag-best-place-to-buy-gray-bugatti-mdma-pills","9":"product_tag-bulk-online","10":"product_tag-buy-gray-bugatti-mdma-pills","11":"product_tag-cheap-gray-bugatti-mdma-pills","12":"product_tag-gray-bugatti-mdma-pills","13":"product_tag-gray-bugatti-mdma-pills-for-sale","14":"product_tag-gray-bugatti-mdma-pills-gray-bugatti-mdma-pills-supplier","15":"product_tag-gray-bugatti-mdma-pills-legally","16":"product_tag-gray-bugatti-mdma-pills-online","17":"product_tag-gray-bugatti-mdma-pills-store","18":"product_tag-gray-bugatti-mdma-pills-use","19":"product_tag-gray-bugatti-mdma-pills-wiki","20":"product_tag-gray-bugatti-mdma-pills-worldwide","21":"product_tag-gray-bugatti-mdma-pillsprice","22":"product_tag-gray-bugatti-mdma-pillss","23":"product_tag-high-quality-gray-bugatti-mdma-pills","24":"product_tag-how-to-buy-gray-bugatti-mdma-pills","25":"product_tag-order-gray-bugatti-mdma-pills","26":"product_tag-purcharse-gray-bugatti-mdma-pills","27":"product_tag-shop-gray-bugatti-mdma-pills","28":"product_tag-top-quality","29":"product_tag-where-to-buy-gray-bugatti-mdma-pills","30":"product_tag-where-to-order-gray-bugatti-mdma-pills","31":"product_tag-wholesale-gray-bugatti-mdma-pills","32":"desktop-align-left","33":"tablet-align-left","34":"mobile-align-left","35":"ast-product-gallery-layout-horizontal","36":"ast-product-gallery-with-no-image","37":"ast-product-single-variable","38":"ast-product-tabs-layout-horizontal","39":"ast-qv-on-image","41":"first","42":"instock","43":"shipping-taxable","44":"purchasable","45":"product-type-variable"},"yoast_head":"<!-- This site is optimized with the Yoast SEO plugin v25.9 - https:\/\/yoast.com\/wordpress\/plugins\/seo\/ -->\n<title>Gray Bugatti MDMA Pills for Sale - Buy Gray Bugatti MDMA Pills<\/title>\n<meta name=\"description\" content=\"You can get in touch with our Legitgrams store and buy gray bugatti mdma pills online. We have gray bugatti mdma pills for sale at cheap prices. Order now!\" \/>\n<meta name=\"robots\" content=\"index, follow, max-snippet:-1, max-image-preview:large, max-video-preview:-1\" \/>\n<link rel=\"canonical\" href=\"https:\/\/legitgrams.com\/pl\/produkt\/szare-tabletki-bugatti-mdma\/\" \/>\n<meta property=\"og:locale\" content=\"pl_PL\" \/>\n<meta property=\"og:type\" content=\"article\" \/>\n<meta property=\"og:title\" content=\"Gray Bugatti MDMA Pills for Sale - Buy Gray Bugatti MDMA Pills\" \/>\n<meta property=\"og:description\" content=\"You can get in touch with our Legitgrams store and buy gray bugatti mdma pills online. We have gray bugatti mdma pills for sale at cheap prices. Order now!\" \/>\n<meta property=\"og:url\" content=\"https:\/\/legitgrams.com\/pl\/produkt\/szare-tabletki-bugatti-mdma\/\" \/>\n<meta property=\"og:site_name\" content=\"Legit Grams\" \/>\n<meta property=\"article:modified_time\" content=\"2025-01-14T05:14:25+00:00\" \/>\n<meta property=\"og:image\" content=\"https:\/\/legitgrams.com\/wp-content\/uploads\/2024\/09\/buy-gray-bugatti-mdma-pills-online.jpg\" \/>\n\t<meta property=\"og:image:width\" content=\"600\" \/>\n\t<meta property=\"og:image:height\" content=\"600\" \/>\n\t<meta property=\"og:image:type\" content=\"image\/jpeg\" \/>\n<meta name=\"twitter:card\" content=\"summary_large_image\" \/>\n<meta name=\"twitter:label1\" content=\"Szacowany czas czytania\" \/>\n\t<meta name=\"twitter:data1\" content=\"1 minuta\" \/>\n<script type=\"application\/ld+json\" class=\"yoast-schema-graph\">{\"@context\":\"https:\/\/schema.org\",\"@graph\":[{\"@type\":\"WebPage\",\"@id\":\"https:\/\/legitgrams.com\/product\/gray-bugatti-mdma-pills\/\",\"url\":\"https:\/\/legitgrams.com\/product\/gray-bugatti-mdma-pills\/\",\"name\":\"Gray Bugatti MDMA Pills for Sale - Buy Gray Bugatti MDMA Pills\",\"isPartOf\":{\"@id\":\"https:\/\/legitgrams.com\/#website\"},\"primaryImageOfPage\":{\"@id\":\"https:\/\/legitgrams.com\/product\/gray-bugatti-mdma-pills\/#primaryimage\"},\"image\":{\"@id\":\"https:\/\/legitgrams.com\/product\/gray-bugatti-mdma-pills\/#primaryimage\"},\"thumbnailUrl\":\"https:\/\/legitgrams.com\/wp-content\/uploads\/2024\/09\/buy-gray-bugatti-mdma-pills-online.jpg\",\"datePublished\":\"2024-09-22T09:32:32+00:00\",\"dateModified\":\"2025-01-14T05:14:25+00:00\",\"description\":\"You can get in touch with our Legitgrams store and buy gray bugatti mdma pills online. We have gray bugatti mdma pills for sale at cheap prices. Order now!\",\"breadcrumb\":{\"@id\":\"https:\/\/legitgrams.com\/product\/gray-bugatti-mdma-pills\/#breadcrumb\"},\"inLanguage\":\"pl-PL\",\"potentialAction\":[{\"@type\":\"ReadAction\",\"target\":[\"https:\/\/legitgrams.com\/product\/gray-bugatti-mdma-pills\/\"]}]},{\"@type\":\"ImageObject\",\"inLanguage\":\"pl-PL\",\"@id\":\"https:\/\/legitgrams.com\/product\/gray-bugatti-mdma-pills\/#primaryimage\",\"url\":\"https:\/\/legitgrams.com\/wp-content\/uploads\/2024\/09\/buy-gray-bugatti-mdma-pills-online.jpg\",\"contentUrl\":\"https:\/\/legitgrams.com\/wp-content\/uploads\/2024\/09\/buy-gray-bugatti-mdma-pills-online.jpg\",\"width\":600,\"height\":600,\"caption\":\"Gray Bugatti MDMA Pills for Sale\"},{\"@type\":\"BreadcrumbList\",\"@id\":\"https:\/\/legitgrams.com\/product\/gray-bugatti-mdma-pills\/#breadcrumb\",\"itemListElement\":[{\"@type\":\"ListItem\",\"position\":1,\"name\":\"Home\",\"item\":\"https:\/\/legitgrams.com\/\"},{\"@type\":\"ListItem\",\"position\":2,\"name\":\"Shop\",\"item\":\"https:\/\/legitgrams.com\/shop\/\"},{\"@type\":\"ListItem\",\"position\":3,\"name\":\"Gray Bugatti MDMA pills\"}]},{\"@type\":\"WebSite\",\"@id\":\"https:\/\/legitgrams.com\/#website\",\"url\":\"https:\/\/legitgrams.com\/\",\"name\":\"Legit Grams\",\"description\":\"My WordPress Blog\",\"publisher\":{\"@id\":\"https:\/\/legitgrams.com\/#organization\"},\"potentialAction\":[{\"@type\":\"SearchAction\",\"target\":{\"@type\":\"EntryPoint\",\"urlTemplate\":\"https:\/\/legitgrams.com\/?s={search_term_string}\"},\"query-input\":{\"@type\":\"PropertyValueSpecification\",\"valueRequired\":true,\"valueName\":\"search_term_string\"}}],\"inLanguage\":\"pl-PL\"},{\"@type\":\"Organization\",\"@id\":\"https:\/\/legitgrams.com\/#organization\",\"name\":\"Legit Grams\",\"url\":\"https:\/\/legitgrams.com\/\",\"logo\":{\"@type\":\"ImageObject\",\"inLanguage\":\"pl-PL\",\"@id\":\"https:\/\/legitgrams.com\/#\/schema\/logo\/image\/\",\"url\":\"https:\/\/legitgrams.com\/wp-content\/uploads\/2024\/09\/main-logo.png\",\"contentUrl\":\"https:\/\/legitgrams.com\/wp-content\/uploads\/2024\/09\/main-logo.png\",\"width\":270,\"height\":75,\"caption\":\"Legit Grams\"},\"image\":{\"@id\":\"https:\/\/legitgrams.com\/#\/schema\/logo\/image\/\"}}]}<\/script>\n<!-- \/ Yoast SEO plugin. -->","yoast_head_json":{"title":"Tabletki MDMA Gray Bugatti na sprzeda\u017c - Kup tabletki MDMA Gray Bugatti","description":"Mo\u017cesz skontaktowa\u0107 si\u0119 z naszym sklepem Legitgrams i kupi\u0107 tabletki mdma gray bugatti online. Mamy tabletki mdma gray bugatti na sprzeda\u017c w niskich cenach. Zam\u00f3w teraz!","robots":{"index":"index","follow":"follow","max-snippet":"max-snippet:-1","max-image-preview":"max-image-preview:large","max-video-preview":"max-video-preview:-1"},"canonical":"https:\/\/legitgrams.com\/pl\/produkt\/szare-tabletki-bugatti-mdma\/","og_locale":"pl_PL","og_type":"article","og_title":"Gray Bugatti MDMA Pills for Sale - Buy Gray Bugatti MDMA Pills","og_description":"You can get in touch with our Legitgrams store and buy gray bugatti mdma pills online. We have gray bugatti mdma pills for sale at cheap prices. Order now!","og_url":"https:\/\/legitgrams.com\/pl\/produkt\/szare-tabletki-bugatti-mdma\/","og_site_name":"Legit Grams","article_modified_time":"2025-01-14T05:14:25+00:00","og_image":[{"width":600,"height":600,"url":"https:\/\/legitgrams.com\/wp-content\/uploads\/2024\/09\/buy-gray-bugatti-mdma-pills-online.jpg","type":"image\/jpeg"}],"twitter_card":"summary_large_image","twitter_misc":{"Szacowany czas czytania":"1 minuta"},"schema":{"@context":"https:\/\/schema.org","@graph":[{"@type":"WebPage","@id":"https:\/\/legitgrams.com\/product\/gray-bugatti-mdma-pills\/","url":"https:\/\/legitgrams.com\/product\/gray-bugatti-mdma-pills\/","name":"Tabletki MDMA Gray Bugatti na sprzeda\u017c - Kup tabletki MDMA Gray Bugatti","isPartOf":{"@id":"https:\/\/legitgrams.com\/#website"},"primaryImageOfPage":{"@id":"https:\/\/legitgrams.com\/product\/gray-bugatti-mdma-pills\/#primaryimage"},"image":{"@id":"https:\/\/legitgrams.com\/product\/gray-bugatti-mdma-pills\/#primaryimage"},"thumbnailUrl":"https:\/\/legitgrams.com\/wp-content\/uploads\/2024\/09\/buy-gray-bugatti-mdma-pills-online.jpg","datePublished":"2024-09-22T09:32:32+00:00","dateModified":"2025-01-14T05:14:25+00:00","description":"Mo\u017cesz skontaktowa\u0107 si\u0119 z naszym sklepem Legitgrams i kupi\u0107 tabletki mdma gray bugatti online. Mamy tabletki mdma gray bugatti na sprzeda\u017c w niskich cenach. Zam\u00f3w teraz!","breadcrumb":{"@id":"https:\/\/legitgrams.com\/product\/gray-bugatti-mdma-pills\/#breadcrumb"},"inLanguage":"pl-PL","potentialAction":[{"@type":"ReadAction","target":["https:\/\/legitgrams.com\/product\/gray-bugatti-mdma-pills\/"]}]},{"@type":"ImageObject","inLanguage":"pl-PL","@id":"https:\/\/legitgrams.com\/product\/gray-bugatti-mdma-pills\/#primaryimage","url":"https:\/\/legitgrams.com\/wp-content\/uploads\/2024\/09\/buy-gray-bugatti-mdma-pills-online.jpg","contentUrl":"https:\/\/legitgrams.com\/wp-content\/uploads\/2024\/09\/buy-gray-bugatti-mdma-pills-online.jpg","width":600,"height":600,"caption":"Gray Bugatti MDMA Pills for Sale"},{"@type":"BreadcrumbList","@id":"https:\/\/legitgrams.com\/product\/gray-bugatti-mdma-pills\/#breadcrumb","itemListElement":[{"@type":"ListItem","position":1,"name":"Home","item":"https:\/\/legitgrams.com\/"},{"@type":"ListItem","position":2,"name":"Shop","item":"https:\/\/legitgrams.com\/shop\/"},{"@type":"ListItem","position":3,"name":"Gray Bugatti MDMA pills"}]},{"@type":"WebSite","@id":"https:\/\/legitgrams.com\/#website","url":"https:\/\/legitgrams.com\/","name":"Legit Grams","description":"M\u00f3j blog WordPress","publisher":{"@id":"https:\/\/legitgrams.com\/#organization"},"potentialAction":[{"@type":"SearchAction","target":{"@type":"EntryPoint","urlTemplate":"https:\/\/legitgrams.com\/?s={search_term_string}"},"query-input":{"@type":"PropertyValueSpecification","valueRequired":true,"valueName":"search_term_string"}}],"inLanguage":"pl-PL"},{"@type":"Organization","@id":"https:\/\/legitgrams.com\/#organization","name":"Legit Grams","url":"https:\/\/legitgrams.com\/","logo":{"@type":"ImageObject","inLanguage":"pl-PL","@id":"https:\/\/legitgrams.com\/#\/schema\/logo\/image\/","url":"https:\/\/legitgrams.com\/wp-content\/uploads\/2024\/09\/main-logo.png","contentUrl":"https:\/\/legitgrams.com\/wp-content\/uploads\/2024\/09\/main-logo.png","width":270,"height":75,"caption":"Legit Grams"},"image":{"@id":"https:\/\/legitgrams.com\/#\/schema\/logo\/image\/"}}]}},"uagb_featured_image_src":{"full":["https:\/\/legitgrams.com\/wp-content\/uploads\/2024\/09\/buy-gray-bugatti-mdma-pills-online.jpg",600,600,false],"thumbnail":["https:\/\/legitgrams.com\/wp-content\/uploads\/2024\/09\/buy-gray-bugatti-mdma-pills-online-150x150.jpg",150,150,true],"medium":["https:\/\/legitgrams.com\/wp-content\/uploads\/2024\/09\/buy-gray-bugatti-mdma-pills-online-300x300.jpg",300,300,true],"medium_large":["https:\/\/legitgrams.com\/wp-content\/uploads\/2024\/09\/buy-gray-bugatti-mdma-pills-online.jpg",600,600,false],"large":["https:\/\/legitgrams.com\/wp-content\/uploads\/2024\/09\/buy-gray-bugatti-mdma-pills-online.jpg",600,600,false],"1536x1536":["https:\/\/legitgrams.com\/wp-content\/uploads\/2024\/09\/buy-gray-bugatti-mdma-pills-online.jpg",600,600,false],"2048x2048":["https:\/\/legitgrams.com\/wp-content\/uploads\/2024\/09\/buy-gray-bugatti-mdma-pills-online.jpg",600,600,false],"trp-custom-language-flag":["https:\/\/legitgrams.com\/wp-content\/uploads\/2024\/09\/buy-gray-bugatti-mdma-pills-online-12x12.jpg",12,12,true],"woocommerce_thumbnail":["https:\/\/legitgrams.com\/wp-content\/uploads\/2024\/09\/buy-gray-bugatti-mdma-pills-online-300x300.jpg",300,300,true],"woocommerce_single":["https:\/\/legitgrams.com\/wp-content\/uploads\/2024\/09\/buy-gray-bugatti-mdma-pills-online.jpg",600,600,false],"woocommerce_gallery_thumbnail":["https:\/\/legitgrams.com\/wp-content\/uploads\/2024\/09\/buy-gray-bugatti-mdma-pills-online-100x100.jpg",100,100,true]},"uagb_author_info":{"display_name":"cokeblog18","author_link":"https:\/\/legitgrams.com\/pl\/author\/"},"uagb_comment_info":0,"uagb_excerpt":"Online purchase of Gray Bugatti MDMA pills Euphoria: What is it? The synthetic psychoactive substance ecstasy (MDMA, 3,4 methylenedioxymethamphetamine) shares chemical similarities with the stimulant methamphetamine and the hallucinogen mescaline. Temporal and perceptional distortions, an increase in the enjoyment of tactile stimuli, and a stimulant impact are all caused by this illegal substance&#8217;s psychedelic and&hellip;","_links":{"self":[{"href":"https:\/\/legitgrams.com\/pl\/wp-json\/wp\/v2\/product\/4288","targetHints":{"allow":["GET"]}}],"collection":[{"href":"https:\/\/legitgrams.com\/pl\/wp-json\/wp\/v2\/product"}],"about":[{"href":"https:\/\/legitgrams.com\/pl\/wp-json\/wp\/v2\/types\/product"}],"replies":[{"embeddable":true,"href":"https:\/\/legitgrams.com\/pl\/wp-json\/wp\/v2\/comments?post=4288"}],"wp:featuredmedia":[{"embeddable":true,"href":"https:\/\/legitgrams.com\/pl\/wp-json\/wp\/v2\/media\/5195"}],"wp:attachment":[{"href":"https:\/\/legitgrams.com\/pl\/wp-json\/wp\/v2\/media?parent=4288"}],"wp:term":[{"taxonomy":"product_brand","embeddable":true,"href":"https:\/\/legitgrams.com\/pl\/wp-json\/wp\/v2\/product_brand?post=4288"},{"taxonomy":"product_cat","embeddable":true,"href":"https:\/\/legitgrams.com\/pl\/wp-json\/wp\/v2\/product_cat?post=4288"},{"taxonomy":"product_tag","embeddable":true,"href":"https:\/\/legitgrams.com\/pl\/wp-json\/wp\/v2\/product_tag?post=4288"}],"curies":[{"name":"wp","href":"https:\/\/api.w.org\/{rel}","templated":true}]}}