{"id":4290,"date":"2024-09-22T09:35:22","date_gmt":"2024-09-22T09:35:22","guid":{"rendered":"https:\/\/legitgrams.com\/?post_type=product&#038;p=4290"},"modified":"2026-02-28T13:40:49","modified_gmt":"2026-02-28T13:40:49","slug":"chupa-chups-180mg-tabletki-ecstasy","status":"publish","type":"product","link":"https:\/\/legitgrams.com\/pl\/produkt\/chupa-chups-180mg-tabletki-ecstasy\/","title":{"rendered":"Kup tabletki Chupa Chups 180 mg Ecstasy online"},"content":{"rendered":"<h2>Kup tabletki Chupa Chups 180 mg Ecstasy online<\/h2>\n<h2>Euforia: Co to jest?<\/h2>\n<p>Syntetyczna substancja psychoaktywna ecstasy (MDMA, 3,4-metylenodioksymetamfetamina) ma podobie\u0144stwa chemiczne do pobudzaj\u0105cej metamfetaminy i halucynogennej meskaliny. Zniekszta\u0142cenia czasowe i percepcyjne, wzrost przyjemno\u015bci z bod\u017ac\u00f3w dotykowych i efekt pobudzaj\u0105cy s\u0105 spowodowane psychodelicznymi i pobudzaj\u0105cymi w\u0142a\u015bciwo\u015bciami tej nielegalnej substancji. <a href=\"https:\/\/legitgrams.com\/pl\/\">LegitGrams<\/a><\/p>\n<p><a href=\"https:\/\/en.wikipedia.org\/wiki\/Chupa_Chups\">buy ecstasy pills<\/a>, <a href=\"https:\/\/legitgrams.com\/pl\/produkt\/chupa-chups-180mg-tabletki-ecstasy\/\">kup Chupa Chups 180mg<\/a> Ecstasy, buy Chupa Chups 180mg Ecstasy online, where to buy Chupa Chups 180mg Ecstasy pills, Chupa Chups 180mg Ecstasy pills for sale, buy Chupa Chups 180mg Ecstasy pills in the US, Canada, and the UK, buy online, suppliers, safe delivery, Chupa Chups 180mg ecstasy tablets are still available. Additionally, you can determine if Chupa Chups 180mg ecstasy pills are legal in the United States, how to order Chupa Chups 180mg ecstasy pills, and whether they are legal in Canada.<\/p>","protected":false},"excerpt":{"rendered":"<p>Buy Chupa Chups 180mg Ecstasy Pills Online Euphoria: What is it? The synthetic psychoactive substance ecstasy (MDMA, 3,4 methylenedioxymethamphetamine) shares chemical similarities with the stimulant methamphetamine and the hallucinogen mescaline. Temporal and perceptional distortions, an increase in the enjoyment of tactile stimuli, and a stimulant impact are all caused by this illegal substance&#8217;s psychedelic and &hellip;<\/p>\n<p class=\"read-more\"> <a class=\"\" href=\"https:\/\/legitgrams.com\/pl\/produkt\/chupa-chups-180mg-tabletki-ecstasy\/\"> <span class=\"screen-reader-text\">Kup tabletki Chupa Chups 180 mg Ecstasy online<\/span> Czytaj wi\u0119cej \"<\/a><\/p>","protected":false},"featured_media":5192,"comment_status":"open","ping_status":"closed","template":"","meta":{"_uag_custom_page_level_css":"","site-sidebar-layout":"default","site-content-layout":"default","ast-global-header-display":"","ast-main-header-display":"","ast-hfb-above-header-display":"","ast-hfb-below-header-display":"","ast-hfb-mobile-header-display":"","site-post-title":"","ast-breadcrumbs-content":"","ast-featured-img":"","footer-sml-layout":"","theme-transparent-header-meta":"default","adv-header-id-meta":"","stick-header-meta":"default","header-above-stick-meta":"","header-main-stick-meta":"","header-below-stick-meta":"","_joinchat":[]},"product_brand":[],"product_cat":[596],"product_tag":[1062,1052,617,1044,1059,1043,1047,1046,1054,1045,1057,1064,1065,1063,1055,1060,1056,1051,1049,1061,1058,625,1050,1053,1048],"class_list":{"0":"post-4290","1":"product","2":"type-product","3":"status-publish","4":"has-post-thumbnail","6":"product_cat-ecstasy-pills-mdma","7":"product_tag-best-cheap-price-chupa-chups-180mg-ecstasy-pills","8":"product_tag-best-place-to-buy-chupa-chups-180mg-ecstasy-pills","9":"product_tag-bulk-online","10":"product_tag-buy-chupa-chups-180mg-ecstasy-pills","11":"product_tag-cheap-chupa-chups-180mg-ecstasy-pills","12":"product_tag-chupa-chups-180mg-ecstasy-pills","13":"product_tag-chupa-chups-180mg-ecstasy-pills-chupa-chups-180mg-ecstasy-pills-supplier","14":"product_tag-chupa-chups-180mg-ecstasy-pills-for-sale","15":"product_tag-chupa-chups-180mg-ecstasy-pills-legally","16":"product_tag-chupa-chups-180mg-ecstasy-pills-online","17":"product_tag-chupa-chups-180mg-ecstasy-pills-store","18":"product_tag-chupa-chups-180mg-ecstasy-pills-use","19":"product_tag-chupa-chups-180mg-ecstasy-pills-wiki","20":"product_tag-chupa-chups-180mg-ecstasy-pills-worldwide","21":"product_tag-chupa-chups-180mg-ecstasy-pillsprice","22":"product_tag-chupa-chups-180mg-ecstasy-pillss","23":"product_tag-high-quality-chupa-chups-180mg-ecstasy-pills","24":"product_tag-how-to-buy-chupa-chups-180mg-ecstasy-pills","25":"product_tag-order-chupa-chups-180mg-ecstasy-pills","26":"product_tag-purcharse-chupa-chups-180mg-ecstasy-pills","27":"product_tag-shop-chupa-chups-180mg-ecstasy-pills","28":"product_tag-top-quality","29":"product_tag-where-to-buy-chupa-chups-180mg-ecstasy-pills","30":"product_tag-where-to-order-chupa-chups-180mg-ecstasy-pills","31":"product_tag-wholesale-chupa-chups-180mg-ecstasy-pills","32":"desktop-align-left","33":"tablet-align-left","34":"mobile-align-left","35":"ast-product-gallery-layout-horizontal","36":"ast-product-gallery-with-no-image","37":"ast-product-single-variable","38":"ast-product-tabs-layout-horizontal","39":"ast-qv-on-image","41":"first","42":"instock","43":"shipping-taxable","44":"purchasable","45":"product-type-variable"},"yoast_head":"<!-- This site is optimized with the Yoast SEO plugin v25.9 - https:\/\/yoast.com\/wordpress\/plugins\/seo\/ -->\n<title>Chupa Chups 180mg ecstasy pills for Sale Online @ LegitGrams<\/title>\n<meta name=\"description\" content=\"If you want to buy Chupa Chups 180mg ecstasy pills online, then visit our online store Legitgrams. We have high-quality products like Chupa Chups 180mg ecstasy pills for sale. Place your order now!\" \/>\n<meta name=\"robots\" content=\"index, follow, max-snippet:-1, max-image-preview:large, max-video-preview:-1\" \/>\n<link rel=\"canonical\" href=\"https:\/\/legitgrams.com\/pl\/produkt\/chupa-chups-180mg-tabletki-ecstasy\/\" \/>\n<meta property=\"og:locale\" content=\"pl_PL\" \/>\n<meta property=\"og:type\" content=\"article\" \/>\n<meta property=\"og:title\" content=\"Chupa Chups 180mg ecstasy pills for Sale Online @ LegitGrams\" \/>\n<meta property=\"og:description\" content=\"If you want to buy Chupa Chups 180mg ecstasy pills online, then visit our online store Legitgrams. We have high-quality products like Chupa Chups 180mg ecstasy pills for sale. Place your order now!\" \/>\n<meta property=\"og:url\" content=\"https:\/\/legitgrams.com\/pl\/produkt\/chupa-chups-180mg-tabletki-ecstasy\/\" \/>\n<meta property=\"og:site_name\" content=\"Legit Grams\" \/>\n<meta property=\"article:modified_time\" content=\"2026-02-28T13:40:49+00:00\" \/>\n<meta property=\"og:image\" content=\"https:\/\/legitgrams.com\/wp-content\/uploads\/2024\/09\/buy-chupa-chups-180mg-ecstasy-pills-online.jpg\" \/>\n\t<meta property=\"og:image:width\" content=\"600\" \/>\n\t<meta property=\"og:image:height\" content=\"600\" \/>\n\t<meta property=\"og:image:type\" content=\"image\/jpeg\" \/>\n<meta name=\"twitter:card\" content=\"summary_large_image\" \/>\n<meta name=\"twitter:label1\" content=\"Szacowany czas czytania\" \/>\n\t<meta name=\"twitter:data1\" content=\"1 minuta\" \/>\n<script type=\"application\/ld+json\" class=\"yoast-schema-graph\">{\"@context\":\"https:\/\/schema.org\",\"@graph\":[{\"@type\":\"WebPage\",\"@id\":\"https:\/\/legitgrams.com\/product\/chupa-chups-180mg-ecstasy-pills\/\",\"url\":\"https:\/\/legitgrams.com\/product\/chupa-chups-180mg-ecstasy-pills\/\",\"name\":\"Chupa Chups 180mg ecstasy pills for Sale Online @ LegitGrams\",\"isPartOf\":{\"@id\":\"https:\/\/legitgrams.com\/#website\"},\"primaryImageOfPage\":{\"@id\":\"https:\/\/legitgrams.com\/product\/chupa-chups-180mg-ecstasy-pills\/#primaryimage\"},\"image\":{\"@id\":\"https:\/\/legitgrams.com\/product\/chupa-chups-180mg-ecstasy-pills\/#primaryimage\"},\"thumbnailUrl\":\"https:\/\/legitgrams.com\/wp-content\/uploads\/2024\/09\/buy-chupa-chups-180mg-ecstasy-pills-online.jpg\",\"datePublished\":\"2024-09-22T09:35:22+00:00\",\"dateModified\":\"2026-02-28T13:40:49+00:00\",\"description\":\"If you want to buy Chupa Chups 180mg ecstasy pills online, then visit our online store Legitgrams. We have high-quality products like Chupa Chups 180mg ecstasy pills for sale. Place your order now!\",\"breadcrumb\":{\"@id\":\"https:\/\/legitgrams.com\/product\/chupa-chups-180mg-ecstasy-pills\/#breadcrumb\"},\"inLanguage\":\"pl-PL\",\"potentialAction\":[{\"@type\":\"ReadAction\",\"target\":[\"https:\/\/legitgrams.com\/product\/chupa-chups-180mg-ecstasy-pills\/\"]}]},{\"@type\":\"ImageObject\",\"inLanguage\":\"pl-PL\",\"@id\":\"https:\/\/legitgrams.com\/product\/chupa-chups-180mg-ecstasy-pills\/#primaryimage\",\"url\":\"https:\/\/legitgrams.com\/wp-content\/uploads\/2024\/09\/buy-chupa-chups-180mg-ecstasy-pills-online.jpg\",\"contentUrl\":\"https:\/\/legitgrams.com\/wp-content\/uploads\/2024\/09\/buy-chupa-chups-180mg-ecstasy-pills-online.jpg\",\"width\":600,\"height\":600,\"caption\":\"Chupa Chups pills for Sale\"},{\"@type\":\"BreadcrumbList\",\"@id\":\"https:\/\/legitgrams.com\/product\/chupa-chups-180mg-ecstasy-pills\/#breadcrumb\",\"itemListElement\":[{\"@type\":\"ListItem\",\"position\":1,\"name\":\"Home\",\"item\":\"https:\/\/legitgrams.com\/\"},{\"@type\":\"ListItem\",\"position\":2,\"name\":\"Shop\",\"item\":\"https:\/\/legitgrams.com\/shop\/\"},{\"@type\":\"ListItem\",\"position\":3,\"name\":\"Buy Chupa Chups 180mg Ecstasy Pills Online\"}]},{\"@type\":\"WebSite\",\"@id\":\"https:\/\/legitgrams.com\/#website\",\"url\":\"https:\/\/legitgrams.com\/\",\"name\":\"Legit Grams\",\"description\":\"My WordPress Blog\",\"publisher\":{\"@id\":\"https:\/\/legitgrams.com\/#organization\"},\"potentialAction\":[{\"@type\":\"SearchAction\",\"target\":{\"@type\":\"EntryPoint\",\"urlTemplate\":\"https:\/\/legitgrams.com\/?s={search_term_string}\"},\"query-input\":{\"@type\":\"PropertyValueSpecification\",\"valueRequired\":true,\"valueName\":\"search_term_string\"}}],\"inLanguage\":\"pl-PL\"},{\"@type\":\"Organization\",\"@id\":\"https:\/\/legitgrams.com\/#organization\",\"name\":\"Legit Grams\",\"url\":\"https:\/\/legitgrams.com\/\",\"logo\":{\"@type\":\"ImageObject\",\"inLanguage\":\"pl-PL\",\"@id\":\"https:\/\/legitgrams.com\/#\/schema\/logo\/image\/\",\"url\":\"https:\/\/legitgrams.com\/wp-content\/uploads\/2024\/09\/main-logo.png\",\"contentUrl\":\"https:\/\/legitgrams.com\/wp-content\/uploads\/2024\/09\/main-logo.png\",\"width\":270,\"height\":75,\"caption\":\"Legit Grams\"},\"image\":{\"@id\":\"https:\/\/legitgrams.com\/#\/schema\/logo\/image\/\"}}]}<\/script>\n<!-- \/ Yoast SEO plugin. -->","yoast_head_json":{"title":"Tabletki Chupa Chups 180 mg ecstasy na sprzeda\u017c online @ LegitGrams","description":"Je\u015bli chcesz kupi\u0107 tabletki ecstasy Chupa Chups 180mg online, odwied\u017a nasz sklep internetowy Legitgrams. Mamy na sprzeda\u017c wysokiej jako\u015bci produkty, takie jak tabletki ecstasy Chupa Chups 180mg. Z\u0142\u00f3\u017c zam\u00f3wienie ju\u017c teraz!","robots":{"index":"index","follow":"follow","max-snippet":"max-snippet:-1","max-image-preview":"max-image-preview:large","max-video-preview":"max-video-preview:-1"},"canonical":"https:\/\/legitgrams.com\/pl\/produkt\/chupa-chups-180mg-tabletki-ecstasy\/","og_locale":"pl_PL","og_type":"article","og_title":"Chupa Chups 180mg ecstasy pills for Sale Online @ LegitGrams","og_description":"If you want to buy Chupa Chups 180mg ecstasy pills online, then visit our online store Legitgrams. We have high-quality products like Chupa Chups 180mg ecstasy pills for sale. Place your order now!","og_url":"https:\/\/legitgrams.com\/pl\/produkt\/chupa-chups-180mg-tabletki-ecstasy\/","og_site_name":"Legit Grams","article_modified_time":"2026-02-28T13:40:49+00:00","og_image":[{"width":600,"height":600,"url":"https:\/\/legitgrams.com\/wp-content\/uploads\/2024\/09\/buy-chupa-chups-180mg-ecstasy-pills-online.jpg","type":"image\/jpeg"}],"twitter_card":"summary_large_image","twitter_misc":{"Szacowany czas czytania":"1 minuta"},"schema":{"@context":"https:\/\/schema.org","@graph":[{"@type":"WebPage","@id":"https:\/\/legitgrams.com\/product\/chupa-chups-180mg-ecstasy-pills\/","url":"https:\/\/legitgrams.com\/product\/chupa-chups-180mg-ecstasy-pills\/","name":"Tabletki Chupa Chups 180 mg ecstasy na sprzeda\u017c online @ LegitGrams","isPartOf":{"@id":"https:\/\/legitgrams.com\/#website"},"primaryImageOfPage":{"@id":"https:\/\/legitgrams.com\/product\/chupa-chups-180mg-ecstasy-pills\/#primaryimage"},"image":{"@id":"https:\/\/legitgrams.com\/product\/chupa-chups-180mg-ecstasy-pills\/#primaryimage"},"thumbnailUrl":"https:\/\/legitgrams.com\/wp-content\/uploads\/2024\/09\/buy-chupa-chups-180mg-ecstasy-pills-online.jpg","datePublished":"2024-09-22T09:35:22+00:00","dateModified":"2026-02-28T13:40:49+00:00","description":"Je\u015bli chcesz kupi\u0107 tabletki ecstasy Chupa Chups 180mg online, odwied\u017a nasz sklep internetowy Legitgrams. Mamy na sprzeda\u017c wysokiej jako\u015bci produkty, takie jak tabletki ecstasy Chupa Chups 180mg. Z\u0142\u00f3\u017c zam\u00f3wienie ju\u017c teraz!","breadcrumb":{"@id":"https:\/\/legitgrams.com\/product\/chupa-chups-180mg-ecstasy-pills\/#breadcrumb"},"inLanguage":"pl-PL","potentialAction":[{"@type":"ReadAction","target":["https:\/\/legitgrams.com\/product\/chupa-chups-180mg-ecstasy-pills\/"]}]},{"@type":"ImageObject","inLanguage":"pl-PL","@id":"https:\/\/legitgrams.com\/product\/chupa-chups-180mg-ecstasy-pills\/#primaryimage","url":"https:\/\/legitgrams.com\/wp-content\/uploads\/2024\/09\/buy-chupa-chups-180mg-ecstasy-pills-online.jpg","contentUrl":"https:\/\/legitgrams.com\/wp-content\/uploads\/2024\/09\/buy-chupa-chups-180mg-ecstasy-pills-online.jpg","width":600,"height":600,"caption":"Chupa Chups pills for Sale"},{"@type":"BreadcrumbList","@id":"https:\/\/legitgrams.com\/product\/chupa-chups-180mg-ecstasy-pills\/#breadcrumb","itemListElement":[{"@type":"ListItem","position":1,"name":"Home","item":"https:\/\/legitgrams.com\/"},{"@type":"ListItem","position":2,"name":"Shop","item":"https:\/\/legitgrams.com\/shop\/"},{"@type":"ListItem","position":3,"name":"Buy Chupa Chups 180mg Ecstasy Pills Online"}]},{"@type":"WebSite","@id":"https:\/\/legitgrams.com\/#website","url":"https:\/\/legitgrams.com\/","name":"Legit Grams","description":"M\u00f3j blog WordPress","publisher":{"@id":"https:\/\/legitgrams.com\/#organization"},"potentialAction":[{"@type":"SearchAction","target":{"@type":"EntryPoint","urlTemplate":"https:\/\/legitgrams.com\/?s={search_term_string}"},"query-input":{"@type":"PropertyValueSpecification","valueRequired":true,"valueName":"search_term_string"}}],"inLanguage":"pl-PL"},{"@type":"Organization","@id":"https:\/\/legitgrams.com\/#organization","name":"Legit Grams","url":"https:\/\/legitgrams.com\/","logo":{"@type":"ImageObject","inLanguage":"pl-PL","@id":"https:\/\/legitgrams.com\/#\/schema\/logo\/image\/","url":"https:\/\/legitgrams.com\/wp-content\/uploads\/2024\/09\/main-logo.png","contentUrl":"https:\/\/legitgrams.com\/wp-content\/uploads\/2024\/09\/main-logo.png","width":270,"height":75,"caption":"Legit Grams"},"image":{"@id":"https:\/\/legitgrams.com\/#\/schema\/logo\/image\/"}}]}},"uagb_featured_image_src":{"full":["https:\/\/legitgrams.com\/wp-content\/uploads\/2024\/09\/buy-chupa-chups-180mg-ecstasy-pills-online.jpg",600,600,false],"thumbnail":["https:\/\/legitgrams.com\/wp-content\/uploads\/2024\/09\/buy-chupa-chups-180mg-ecstasy-pills-online-150x150.jpg",150,150,true],"medium":["https:\/\/legitgrams.com\/wp-content\/uploads\/2024\/09\/buy-chupa-chups-180mg-ecstasy-pills-online-300x300.jpg",300,300,true],"medium_large":["https:\/\/legitgrams.com\/wp-content\/uploads\/2024\/09\/buy-chupa-chups-180mg-ecstasy-pills-online.jpg",600,600,false],"large":["https:\/\/legitgrams.com\/wp-content\/uploads\/2024\/09\/buy-chupa-chups-180mg-ecstasy-pills-online.jpg",600,600,false],"1536x1536":["https:\/\/legitgrams.com\/wp-content\/uploads\/2024\/09\/buy-chupa-chups-180mg-ecstasy-pills-online.jpg",600,600,false],"2048x2048":["https:\/\/legitgrams.com\/wp-content\/uploads\/2024\/09\/buy-chupa-chups-180mg-ecstasy-pills-online.jpg",600,600,false],"trp-custom-language-flag":["https:\/\/legitgrams.com\/wp-content\/uploads\/2024\/09\/buy-chupa-chups-180mg-ecstasy-pills-online-12x12.jpg",12,12,true],"woocommerce_thumbnail":["https:\/\/legitgrams.com\/wp-content\/uploads\/2024\/09\/buy-chupa-chups-180mg-ecstasy-pills-online-300x300.jpg",300,300,true],"woocommerce_single":["https:\/\/legitgrams.com\/wp-content\/uploads\/2024\/09\/buy-chupa-chups-180mg-ecstasy-pills-online.jpg",600,600,false],"woocommerce_gallery_thumbnail":["https:\/\/legitgrams.com\/wp-content\/uploads\/2024\/09\/buy-chupa-chups-180mg-ecstasy-pills-online-100x100.jpg",100,100,true]},"uagb_author_info":{"display_name":"cokeblog18","author_link":"https:\/\/legitgrams.com\/pl\/author\/"},"uagb_comment_info":0,"uagb_excerpt":"Buy Chupa Chups 180mg Ecstasy Pills Online Euphoria: What is it? The synthetic psychoactive substance ecstasy (MDMA, 3,4 methylenedioxymethamphetamine) shares chemical similarities with the stimulant methamphetamine and the hallucinogen mescaline. Temporal and perceptional distortions, an increase in the enjoyment of tactile stimuli, and a stimulant impact are all caused by this illegal substance&#8217;s psychedelic and&hellip;","_links":{"self":[{"href":"https:\/\/legitgrams.com\/pl\/wp-json\/wp\/v2\/product\/4290","targetHints":{"allow":["GET"]}}],"collection":[{"href":"https:\/\/legitgrams.com\/pl\/wp-json\/wp\/v2\/product"}],"about":[{"href":"https:\/\/legitgrams.com\/pl\/wp-json\/wp\/v2\/types\/product"}],"replies":[{"embeddable":true,"href":"https:\/\/legitgrams.com\/pl\/wp-json\/wp\/v2\/comments?post=4290"}],"wp:featuredmedia":[{"embeddable":true,"href":"https:\/\/legitgrams.com\/pl\/wp-json\/wp\/v2\/media\/5192"}],"wp:attachment":[{"href":"https:\/\/legitgrams.com\/pl\/wp-json\/wp\/v2\/media?parent=4290"}],"wp:term":[{"taxonomy":"product_brand","embeddable":true,"href":"https:\/\/legitgrams.com\/pl\/wp-json\/wp\/v2\/product_brand?post=4290"},{"taxonomy":"product_cat","embeddable":true,"href":"https:\/\/legitgrams.com\/pl\/wp-json\/wp\/v2\/product_cat?post=4290"},{"taxonomy":"product_tag","embeddable":true,"href":"https:\/\/legitgrams.com\/pl\/wp-json\/wp\/v2\/product_tag?post=4290"}],"curies":[{"name":"wp","href":"https:\/\/api.w.org\/{rel}","templated":true}]}}