{"id":4293,"date":"2024-09-22T09:39:23","date_gmt":"2024-09-22T09:39:23","guid":{"rendered":"https:\/\/legitgrams.com\/?post_type=product&#038;p=4293"},"modified":"2026-02-28T13:44:45","modified_gmt":"2026-02-28T13:44:45","slug":"niebieski-mercedes-ecstasy-tabletki-270-mg","status":"publish","type":"product","link":"https:\/\/legitgrams.com\/pl\/produkt\/niebieski-mercedes-ecstasy-tabletki-270-mg\/","title":{"rendered":"Kup Blue Mercedes Ecstasy Pills 270mg Online"},"content":{"rendered":"<h2>Kup Blue Mercedes Ecstasy Pills 270mg Online<\/h2>\n<p>Kolor jest niebieski.<\/p>\n<p>Wymiary: 270 mg<\/p>\n<h3>Euforia: Co to jest?<\/h3>\n<p>Syntetyczna substancja psychoaktywna ecstasy (<a href=\"https:\/\/en.wikipedia.org\/wiki\/MDMA\">MDMA<\/a>, 3,4-metylenodioksymetamfetamina) ma podobie\u0144stwa chemiczne do pobudzaj\u0105cej metamfetaminy i halucynogennej meskaliny. Zniekszta\u0142cenia czasowe i percepcyjne, wzrost przyjemno\u015bci z bod\u017ac\u00f3w dotykowych i dzia\u0142anie pobudzaj\u0105ce s\u0105 spowodowane psychodelicznymi i pobudzaj\u0105cymi w\u0142a\u015bciwo\u015bciami tej nielegalnej substancji. <a href=\"https:\/\/legitgrams.com\/pl\/\">LegitGrams<\/a><\/p>\n<p>Gdzie kupi\u0107 tabletki ecstasy, gdzie kupi\u0107 <a href=\"https:\/\/legitgrams.com\/pl\/produkt\/niebieski-mercedes-ecstasy-tabletki-270-mg\/\">Niebieskie tabletki ecstasy Mercedes<\/a>, gdzie kupi\u0107 tabletki Blue Mercedes Ecstasy na sprzeda\u017c, gdzie kupi\u0107 tabletki Ecstasy online, gdzie kupi\u0107 tabletki Blue Mercedes Ecstasy na sprzeda\u017c w USA, Kanadzie i Wielkiej Brytanii, gdzie kupi\u0107 tabletki Ecstasy online, dostawcy, bezpieczna dostawa i tabletki Ecstasy produkowane przez Blue Mercedes s\u0105 nadal dost\u0119pne. Czy mog\u0119 kupi\u0107 tabletki Blue Mercedes ecstasy online w Stanach Zjednoczonych? Jak mog\u0119 zdoby\u0107 tabletki Blue Mercedes ecstasy? Czy tabletki Blue Mercedes ecstasy s\u0105 legalne w Kanadzie?<\/p>","protected":false},"excerpt":{"rendered":"<p>Buy Blue Mercedes Ecstasy Pills 270mg Online The color is blue. Dimensions: 270 mg Euphoria: What is it? The synthetic psychoactive substance ecstasy (MDMA, 3,4 methylenedioxymethamphetamine) shares chemical similarities with the stimulant methamphetamine and the hallucinogen mescaline. Temporal and perceptional distortions, an increase in the enjoyment of tactile stimuli, and a stimulant impact are all &hellip;<\/p>\n<p class=\"read-more\"> <a class=\"\" href=\"https:\/\/legitgrams.com\/pl\/produkt\/niebieski-mercedes-ecstasy-tabletki-270-mg\/\"> <span class=\"screen-reader-text\">Kup Blue Mercedes Ecstasy Pills 270mg Online<\/span> Czytaj wi\u0119cej \"<\/a><\/p>","protected":false},"featured_media":5190,"comment_status":"open","ping_status":"closed","template":"","meta":{"_uag_custom_page_level_css":"","site-sidebar-layout":"default","site-content-layout":"default","ast-global-header-display":"","ast-main-header-display":"","ast-hfb-above-header-display":"","ast-hfb-below-header-display":"","ast-hfb-mobile-header-display":"","site-post-title":"","ast-breadcrumbs-content":"","ast-featured-img":"","footer-sml-layout":"","theme-transparent-header-meta":"default","adv-header-id-meta":"","stick-header-meta":"default","header-above-stick-meta":"","header-main-stick-meta":"","header-below-stick-meta":"","_joinchat":[]},"product_brand":[],"product_cat":[596],"product_tag":[1016,1006,997,1001,1000,1008,999,1011,1018,1019,1017,1009,1014,617,998,1013,1010,1005,1003,1015,1012,625,1004,1007,1002],"class_list":{"0":"post-4293","1":"product","2":"type-product","3":"status-publish","4":"has-post-thumbnail","6":"product_cat-ecstasy-pills-mdma","7":"product_tag-best-cheap-price-blue-mercedes-ecstasy-pills-270-mg","8":"product_tag-best-place-to-buy-blue-mercedes-ecstasy-pills-270-mg","9":"product_tag-blue-mercedes-ecstasy-pills-270-mg","10":"product_tag-blue-mercedes-ecstasy-pills-270-mg-blue-mercedes-ecstasy-pills-270-mg-supplier","11":"product_tag-blue-mercedes-ecstasy-pills-270-mg-for-sale","12":"product_tag-blue-mercedes-ecstasy-pills-270-mg-legally","13":"product_tag-blue-mercedes-ecstasy-pills-270-mg-online","14":"product_tag-blue-mercedes-ecstasy-pills-270-mg-store","15":"product_tag-blue-mercedes-ecstasy-pills-270-mg-use","16":"product_tag-blue-mercedes-ecstasy-pills-270-mg-wiki","17":"product_tag-blue-mercedes-ecstasy-pills-270-mg-worldwide","18":"product_tag-blue-mercedes-ecstasy-pills-270-mgprice","19":"product_tag-blue-mercedes-ecstasy-pills-270-mgs","20":"product_tag-bulk-online","21":"product_tag-buy-blue-mercedes-ecstasy-pills-270-mg","22":"product_tag-cheap-blue-mercedes-ecstasy-pills-270-mg","23":"product_tag-high-quality-blue-mercedes-ecstasy-pills-270-mg","24":"product_tag-how-to-buy-blue-mercedes-ecstasy-pills-270-mg","25":"product_tag-order-blue-mercedes-ecstasy-pills-270-mg","26":"product_tag-purcharse-blue-mercedes-ecstasy-pills-270-mg","27":"product_tag-shop-blue-mercedes-ecstasy-pills-270-mg","28":"product_tag-top-quality","29":"product_tag-where-to-buy-blue-mercedes-ecstasy-pills-270-mg","30":"product_tag-where-to-order-blue-mercedes-ecstasy-pills-270-mg","31":"product_tag-wholesale-blue-mercedes-ecstasy-pills-270-mg","32":"desktop-align-left","33":"tablet-align-left","34":"mobile-align-left","35":"ast-product-gallery-layout-horizontal","36":"ast-product-gallery-with-no-image","37":"ast-product-single-variable","38":"ast-product-tabs-layout-horizontal","39":"ast-qv-on-image","41":"first","42":"instock","43":"shipping-taxable","44":"purchasable","45":"product-type-variable"},"yoast_head":"<!-- This site is optimized with the Yoast SEO plugin v25.9 - https:\/\/yoast.com\/wordpress\/plugins\/seo\/ -->\n<title>Get Blue Mercedes Ecstasy Pills 270mg for Sale Online @ LG<\/title>\n<meta name=\"description\" content=\"We are the leading store available with blue mercedes ecstasy pills 270mg for sale. If you wish to buy blue mercedes ecstasy pills 270mg, contact us right away and get the order delivered.\" \/>\n<meta name=\"robots\" content=\"index, follow, max-snippet:-1, max-image-preview:large, max-video-preview:-1\" \/>\n<link rel=\"canonical\" href=\"https:\/\/legitgrams.com\/pl\/produkt\/niebieski-mercedes-ecstasy-tabletki-270-mg\/\" \/>\n<meta property=\"og:locale\" content=\"pl_PL\" \/>\n<meta property=\"og:type\" content=\"article\" \/>\n<meta property=\"og:title\" content=\"Get Blue Mercedes Ecstasy Pills 270mg for Sale Online @ LG\" \/>\n<meta property=\"og:description\" content=\"We are the leading store available with blue mercedes ecstasy pills 270mg for sale. If you wish to buy blue mercedes ecstasy pills 270mg, contact us right away and get the order delivered.\" \/>\n<meta property=\"og:url\" content=\"https:\/\/legitgrams.com\/pl\/produkt\/niebieski-mercedes-ecstasy-tabletki-270-mg\/\" \/>\n<meta property=\"og:site_name\" content=\"Legit Grams\" \/>\n<meta property=\"article:modified_time\" content=\"2026-02-28T13:44:45+00:00\" \/>\n<meta property=\"og:image\" content=\"https:\/\/legitgrams.com\/wp-content\/uploads\/2024\/09\/buy-blue-mercedes-ecstasy-pills-online.jpg\" \/>\n\t<meta property=\"og:image:width\" content=\"600\" \/>\n\t<meta property=\"og:image:height\" content=\"600\" \/>\n\t<meta property=\"og:image:type\" content=\"image\/jpeg\" \/>\n<meta name=\"twitter:card\" content=\"summary_large_image\" \/>\n<meta name=\"twitter:label1\" content=\"Szacowany czas czytania\" \/>\n\t<meta name=\"twitter:data1\" content=\"1 minuta\" \/>\n<script type=\"application\/ld+json\" class=\"yoast-schema-graph\">{\"@context\":\"https:\/\/schema.org\",\"@graph\":[{\"@type\":\"WebPage\",\"@id\":\"https:\/\/legitgrams.com\/product\/blue-mercedes-ecstasy-pills-270-mg\/\",\"url\":\"https:\/\/legitgrams.com\/product\/blue-mercedes-ecstasy-pills-270-mg\/\",\"name\":\"Get Blue Mercedes Ecstasy Pills 270mg for Sale Online @ LG\",\"isPartOf\":{\"@id\":\"https:\/\/legitgrams.com\/#website\"},\"primaryImageOfPage\":{\"@id\":\"https:\/\/legitgrams.com\/product\/blue-mercedes-ecstasy-pills-270-mg\/#primaryimage\"},\"image\":{\"@id\":\"https:\/\/legitgrams.com\/product\/blue-mercedes-ecstasy-pills-270-mg\/#primaryimage\"},\"thumbnailUrl\":\"https:\/\/legitgrams.com\/wp-content\/uploads\/2024\/09\/buy-blue-mercedes-ecstasy-pills-online.jpg\",\"datePublished\":\"2024-09-22T09:39:23+00:00\",\"dateModified\":\"2026-02-28T13:44:45+00:00\",\"description\":\"We are the leading store available with blue mercedes ecstasy pills 270mg for sale. If you wish to buy blue mercedes ecstasy pills 270mg, contact us right away and get the order delivered.\",\"breadcrumb\":{\"@id\":\"https:\/\/legitgrams.com\/product\/blue-mercedes-ecstasy-pills-270-mg\/#breadcrumb\"},\"inLanguage\":\"pl-PL\",\"potentialAction\":[{\"@type\":\"ReadAction\",\"target\":[\"https:\/\/legitgrams.com\/product\/blue-mercedes-ecstasy-pills-270-mg\/\"]}]},{\"@type\":\"ImageObject\",\"inLanguage\":\"pl-PL\",\"@id\":\"https:\/\/legitgrams.com\/product\/blue-mercedes-ecstasy-pills-270-mg\/#primaryimage\",\"url\":\"https:\/\/legitgrams.com\/wp-content\/uploads\/2024\/09\/buy-blue-mercedes-ecstasy-pills-online.jpg\",\"contentUrl\":\"https:\/\/legitgrams.com\/wp-content\/uploads\/2024\/09\/buy-blue-mercedes-ecstasy-pills-online.jpg\",\"width\":600,\"height\":600,\"caption\":\"Blue Mercedes ecstasy pills for Sale\"},{\"@type\":\"BreadcrumbList\",\"@id\":\"https:\/\/legitgrams.com\/product\/blue-mercedes-ecstasy-pills-270-mg\/#breadcrumb\",\"itemListElement\":[{\"@type\":\"ListItem\",\"position\":1,\"name\":\"Home\",\"item\":\"https:\/\/legitgrams.com\/\"},{\"@type\":\"ListItem\",\"position\":2,\"name\":\"Shop\",\"item\":\"https:\/\/legitgrams.com\/shop\/\"},{\"@type\":\"ListItem\",\"position\":3,\"name\":\"Buy Blue Mercedes Ecstasy Pills 270mg Online\"}]},{\"@type\":\"WebSite\",\"@id\":\"https:\/\/legitgrams.com\/#website\",\"url\":\"https:\/\/legitgrams.com\/\",\"name\":\"Legit Grams\",\"description\":\"My WordPress Blog\",\"publisher\":{\"@id\":\"https:\/\/legitgrams.com\/#organization\"},\"potentialAction\":[{\"@type\":\"SearchAction\",\"target\":{\"@type\":\"EntryPoint\",\"urlTemplate\":\"https:\/\/legitgrams.com\/?s={search_term_string}\"},\"query-input\":{\"@type\":\"PropertyValueSpecification\",\"valueRequired\":true,\"valueName\":\"search_term_string\"}}],\"inLanguage\":\"pl-PL\"},{\"@type\":\"Organization\",\"@id\":\"https:\/\/legitgrams.com\/#organization\",\"name\":\"Legit Grams\",\"url\":\"https:\/\/legitgrams.com\/\",\"logo\":{\"@type\":\"ImageObject\",\"inLanguage\":\"pl-PL\",\"@id\":\"https:\/\/legitgrams.com\/#\/schema\/logo\/image\/\",\"url\":\"https:\/\/legitgrams.com\/wp-content\/uploads\/2024\/09\/main-logo.png\",\"contentUrl\":\"https:\/\/legitgrams.com\/wp-content\/uploads\/2024\/09\/main-logo.png\",\"width\":270,\"height\":75,\"caption\":\"Legit Grams\"},\"image\":{\"@id\":\"https:\/\/legitgrams.com\/#\/schema\/logo\/image\/\"}}]}<\/script>\n<!-- \/ Yoast SEO plugin. -->","yoast_head_json":{"title":"Zdob\u0105d\u017a tabletki Blue Mercedes Ecstasy 270mg na sprzeda\u017c online @ LG","description":"Jeste\u015bmy wiod\u0105cym sklepem dost\u0119pnym z tabletkami blue mercedes ecstasy 270mg na sprzeda\u017c. Je\u015bli chcesz kupi\u0107 tabletki blue mercedes ecstasy 270mg, skontaktuj si\u0119 z nami od razu i otrzymaj zam\u00f3wienie.","robots":{"index":"index","follow":"follow","max-snippet":"max-snippet:-1","max-image-preview":"max-image-preview:large","max-video-preview":"max-video-preview:-1"},"canonical":"https:\/\/legitgrams.com\/pl\/produkt\/niebieski-mercedes-ecstasy-tabletki-270-mg\/","og_locale":"pl_PL","og_type":"article","og_title":"Get Blue Mercedes Ecstasy Pills 270mg for Sale Online @ LG","og_description":"We are the leading store available with blue mercedes ecstasy pills 270mg for sale. If you wish to buy blue mercedes ecstasy pills 270mg, contact us right away and get the order delivered.","og_url":"https:\/\/legitgrams.com\/pl\/produkt\/niebieski-mercedes-ecstasy-tabletki-270-mg\/","og_site_name":"Legit Grams","article_modified_time":"2026-02-28T13:44:45+00:00","og_image":[{"width":600,"height":600,"url":"https:\/\/legitgrams.com\/wp-content\/uploads\/2024\/09\/buy-blue-mercedes-ecstasy-pills-online.jpg","type":"image\/jpeg"}],"twitter_card":"summary_large_image","twitter_misc":{"Szacowany czas czytania":"1 minuta"},"schema":{"@context":"https:\/\/schema.org","@graph":[{"@type":"WebPage","@id":"https:\/\/legitgrams.com\/product\/blue-mercedes-ecstasy-pills-270-mg\/","url":"https:\/\/legitgrams.com\/product\/blue-mercedes-ecstasy-pills-270-mg\/","name":"Zdob\u0105d\u017a tabletki Blue Mercedes Ecstasy 270mg na sprzeda\u017c online @ LG","isPartOf":{"@id":"https:\/\/legitgrams.com\/#website"},"primaryImageOfPage":{"@id":"https:\/\/legitgrams.com\/product\/blue-mercedes-ecstasy-pills-270-mg\/#primaryimage"},"image":{"@id":"https:\/\/legitgrams.com\/product\/blue-mercedes-ecstasy-pills-270-mg\/#primaryimage"},"thumbnailUrl":"https:\/\/legitgrams.com\/wp-content\/uploads\/2024\/09\/buy-blue-mercedes-ecstasy-pills-online.jpg","datePublished":"2024-09-22T09:39:23+00:00","dateModified":"2026-02-28T13:44:45+00:00","description":"Jeste\u015bmy wiod\u0105cym sklepem dost\u0119pnym z tabletkami blue mercedes ecstasy 270mg na sprzeda\u017c. Je\u015bli chcesz kupi\u0107 tabletki blue mercedes ecstasy 270mg, skontaktuj si\u0119 z nami od razu i otrzymaj zam\u00f3wienie.","breadcrumb":{"@id":"https:\/\/legitgrams.com\/product\/blue-mercedes-ecstasy-pills-270-mg\/#breadcrumb"},"inLanguage":"pl-PL","potentialAction":[{"@type":"ReadAction","target":["https:\/\/legitgrams.com\/product\/blue-mercedes-ecstasy-pills-270-mg\/"]}]},{"@type":"ImageObject","inLanguage":"pl-PL","@id":"https:\/\/legitgrams.com\/product\/blue-mercedes-ecstasy-pills-270-mg\/#primaryimage","url":"https:\/\/legitgrams.com\/wp-content\/uploads\/2024\/09\/buy-blue-mercedes-ecstasy-pills-online.jpg","contentUrl":"https:\/\/legitgrams.com\/wp-content\/uploads\/2024\/09\/buy-blue-mercedes-ecstasy-pills-online.jpg","width":600,"height":600,"caption":"Blue Mercedes ecstasy pills for Sale"},{"@type":"BreadcrumbList","@id":"https:\/\/legitgrams.com\/product\/blue-mercedes-ecstasy-pills-270-mg\/#breadcrumb","itemListElement":[{"@type":"ListItem","position":1,"name":"Home","item":"https:\/\/legitgrams.com\/"},{"@type":"ListItem","position":2,"name":"Shop","item":"https:\/\/legitgrams.com\/shop\/"},{"@type":"ListItem","position":3,"name":"Buy Blue Mercedes Ecstasy Pills 270mg Online"}]},{"@type":"WebSite","@id":"https:\/\/legitgrams.com\/#website","url":"https:\/\/legitgrams.com\/","name":"Legit Grams","description":"M\u00f3j blog WordPress","publisher":{"@id":"https:\/\/legitgrams.com\/#organization"},"potentialAction":[{"@type":"SearchAction","target":{"@type":"EntryPoint","urlTemplate":"https:\/\/legitgrams.com\/?s={search_term_string}"},"query-input":{"@type":"PropertyValueSpecification","valueRequired":true,"valueName":"search_term_string"}}],"inLanguage":"pl-PL"},{"@type":"Organization","@id":"https:\/\/legitgrams.com\/#organization","name":"Legit Grams","url":"https:\/\/legitgrams.com\/","logo":{"@type":"ImageObject","inLanguage":"pl-PL","@id":"https:\/\/legitgrams.com\/#\/schema\/logo\/image\/","url":"https:\/\/legitgrams.com\/wp-content\/uploads\/2024\/09\/main-logo.png","contentUrl":"https:\/\/legitgrams.com\/wp-content\/uploads\/2024\/09\/main-logo.png","width":270,"height":75,"caption":"Legit Grams"},"image":{"@id":"https:\/\/legitgrams.com\/#\/schema\/logo\/image\/"}}]}},"uagb_featured_image_src":{"full":["https:\/\/legitgrams.com\/wp-content\/uploads\/2024\/09\/buy-blue-mercedes-ecstasy-pills-online.jpg",600,600,false],"thumbnail":["https:\/\/legitgrams.com\/wp-content\/uploads\/2024\/09\/buy-blue-mercedes-ecstasy-pills-online-150x150.jpg",150,150,true],"medium":["https:\/\/legitgrams.com\/wp-content\/uploads\/2024\/09\/buy-blue-mercedes-ecstasy-pills-online-300x300.jpg",300,300,true],"medium_large":["https:\/\/legitgrams.com\/wp-content\/uploads\/2024\/09\/buy-blue-mercedes-ecstasy-pills-online.jpg",600,600,false],"large":["https:\/\/legitgrams.com\/wp-content\/uploads\/2024\/09\/buy-blue-mercedes-ecstasy-pills-online.jpg",600,600,false],"1536x1536":["https:\/\/legitgrams.com\/wp-content\/uploads\/2024\/09\/buy-blue-mercedes-ecstasy-pills-online.jpg",600,600,false],"2048x2048":["https:\/\/legitgrams.com\/wp-content\/uploads\/2024\/09\/buy-blue-mercedes-ecstasy-pills-online.jpg",600,600,false],"trp-custom-language-flag":["https:\/\/legitgrams.com\/wp-content\/uploads\/2024\/09\/buy-blue-mercedes-ecstasy-pills-online-12x12.jpg",12,12,true],"woocommerce_thumbnail":["https:\/\/legitgrams.com\/wp-content\/uploads\/2024\/09\/buy-blue-mercedes-ecstasy-pills-online-300x300.jpg",300,300,true],"woocommerce_single":["https:\/\/legitgrams.com\/wp-content\/uploads\/2024\/09\/buy-blue-mercedes-ecstasy-pills-online.jpg",600,600,false],"woocommerce_gallery_thumbnail":["https:\/\/legitgrams.com\/wp-content\/uploads\/2024\/09\/buy-blue-mercedes-ecstasy-pills-online-100x100.jpg",100,100,true]},"uagb_author_info":{"display_name":"cokeblog18","author_link":"https:\/\/legitgrams.com\/pl\/author\/"},"uagb_comment_info":0,"uagb_excerpt":"Buy Blue Mercedes Ecstasy Pills 270mg Online The color is blue. Dimensions: 270 mg Euphoria: What is it? The synthetic psychoactive substance ecstasy (MDMA, 3,4 methylenedioxymethamphetamine) shares chemical similarities with the stimulant methamphetamine and the hallucinogen mescaline. Temporal and perceptional distortions, an increase in the enjoyment of tactile stimuli, and a stimulant impact are all&hellip;","_links":{"self":[{"href":"https:\/\/legitgrams.com\/pl\/wp-json\/wp\/v2\/product\/4293","targetHints":{"allow":["GET"]}}],"collection":[{"href":"https:\/\/legitgrams.com\/pl\/wp-json\/wp\/v2\/product"}],"about":[{"href":"https:\/\/legitgrams.com\/pl\/wp-json\/wp\/v2\/types\/product"}],"replies":[{"embeddable":true,"href":"https:\/\/legitgrams.com\/pl\/wp-json\/wp\/v2\/comments?post=4293"}],"wp:featuredmedia":[{"embeddable":true,"href":"https:\/\/legitgrams.com\/pl\/wp-json\/wp\/v2\/media\/5190"}],"wp:attachment":[{"href":"https:\/\/legitgrams.com\/pl\/wp-json\/wp\/v2\/media?parent=4293"}],"wp:term":[{"taxonomy":"product_brand","embeddable":true,"href":"https:\/\/legitgrams.com\/pl\/wp-json\/wp\/v2\/product_brand?post=4293"},{"taxonomy":"product_cat","embeddable":true,"href":"https:\/\/legitgrams.com\/pl\/wp-json\/wp\/v2\/product_cat?post=4293"},{"taxonomy":"product_tag","embeddable":true,"href":"https:\/\/legitgrams.com\/pl\/wp-json\/wp\/v2\/product_tag?post=4293"}],"curies":[{"name":"wp","href":"https:\/\/api.w.org\/{rel}","templated":true}]}}