{"id":4299,"date":"2024-09-22T10:05:23","date_gmt":"2024-09-22T10:05:23","guid":{"rendered":"https:\/\/legitgrams.com\/?post_type=product&#038;p=4299"},"modified":"2026-02-28T13:26:41","modified_gmt":"2026-02-28T13:26:41","slug":"biala-heroina-100-czysta","status":"publish","type":"product","link":"https:\/\/legitgrams.com\/pl\/produkt\/biala-heroina-100-czysta\/","title":{"rendered":"Kup Bia\u0142\u0105 Heroin\u0119 100% Czyst\u0105 Online"},"content":{"rendered":"<h2>100% czysta bia\u0142a heroina na sprzeda\u017c<\/h2>\n<p><a href=\"https:\/\/legitgrams.com\/pl\/produkt\/biala-heroina-100-czysta\/\">TANDETNA BIA\u0141A BOHATERKA ONLINE<\/a> Ka\u017cdy produkt jest wysy\u0142any przy u\u017cyciu odr\u0119bnej metody wysy\u0142ki bezpo\u015brednio z naszego magazynu. Ze wzgl\u0119d\u00f3w bezpiecze\u0144stwa nasza najlepsza kokaina zostanie wys\u0142ana do Ciebie w s\u0142oikach lub opakowaniach \u017cywno\u015bci\/lek\u00f3w. w oparciu o dost\u0119pny materia\u0142 opakowaniowy i wag\u0119.<\/p>\n<p>Poniewa\u017c bia\u0142a heroina w proszku \u0142atwo rozpuszcza si\u0119 w wodzie, wi\u0119kszo\u015b\u0107 u\u017cytkownik\u00f3w heroiny wstrzykuje sobie ten narkotyk. Niekt\u00f3rzy ludzie go w\u0105chaj\u0105. Zwykle nie jest palony, poniewa\u017c jego temperatura spalania jest znacznie wy\u017csza ni\u017c innych rodzaj\u00f3w heroiny. <a href=\"https:\/\/legitgrams.com\/pl\/\">LegitGrams<\/a><\/p>\n<p>Czasami sproszkowana bia\u0142a heroina pachnie octem i \u017ale smakuje. Cienki bia\u0142y proszek jest cz\u0119sto mylony z kokain\u0105.<\/p>\n<p>Zdob\u0105d\u017a biel <a href=\"https:\/\/en.wikipedia.org\/wiki\/Heroin\">Heroina<\/a> w najczystszej postaci online: kup Kup Bia\u0142\u0105 Heroin\u0119. Najlepszy rodzaj Bia\u0142ej Heroiny mo\u017cna kupi\u0107 online: kup Bia\u0142\u0105 Heroin\u0119, kup Bia\u0142\u0105 Heroin\u0119 online, Gdzie mog\u0119 znale\u017a\u0107 100% czyst\u0105 bia\u0142\u0105 heroin\u0119 online? Gdzie mog\u0119 znale\u017a\u0107 100% czyst\u0105 bia\u0142\u0105 heroin\u0119 na sprzeda\u017c w Stanach Zjednoczonych, Kanadzie i Wielkiej Brytanii? Gdzie mog\u0119 znale\u017a\u0107 dostawc\u00f3w zapewniaj\u0105cych bezpieczn\u0105 dostaw\u0119? Bia\u0142a heroina, kt\u00f3ra jest w 100% czysta, jest nadal dost\u0119pna. Czy w Stanach Zjednoczonych legalne jest kupowanie 100% czystej bia\u0142ej heroiny online? Jak mog\u0119 zam\u00f3wi\u0107 bia\u0142\u0105 heroin\u0119, kt\u00f3ra jest w 100% czysta? Czy u\u017cywanie czystej bia\u0142ej heroiny jest legalne w Kanadzie?<\/p>\n<h2><\/h2>\n<p>&nbsp;<\/p>\n<p>&nbsp;<\/p>","protected":false},"excerpt":{"rendered":"<p>100% pure white heroin for sale CHEESY WHITE HEROINE ONLINE Every product is dispatched utilizing a distinct shipping method directly from our warehouse. For safety reasons, our best cocaine will be sent to you in jars or food\/drug packaging. based on the available packing material and weight. Because white powdered heroin dissolves readily in water, &hellip;<\/p>\n<p class=\"read-more\"> <a class=\"\" href=\"https:\/\/legitgrams.com\/pl\/produkt\/biala-heroina-100-czysta\/\"> <span class=\"screen-reader-text\">Kup Bia\u0142\u0105 Heroin\u0119 100% Czyst\u0105 Online<\/span> Czytaj wi\u0119cej \"<\/a><\/p>","protected":false},"featured_media":5337,"comment_status":"open","ping_status":"closed","template":"","meta":{"_uag_custom_page_level_css":"","site-sidebar-layout":"default","site-content-layout":"default","ast-global-header-display":"","ast-main-header-display":"","ast-hfb-above-header-display":"","ast-hfb-below-header-display":"","ast-hfb-mobile-header-display":"","site-post-title":"","ast-breadcrumbs-content":"","ast-featured-img":"","footer-sml-layout":"","theme-transparent-header-meta":"default","adv-header-id-meta":"","stick-header-meta":"default","header-above-stick-meta":"","header-main-stick-meta":"","header-below-stick-meta":"","_joinchat":[]},"product_brand":[],"product_cat":[601],"product_tag":[806,796,617,787,803,800,795,792,805,802,625,794,797,786,810,798,793,808,809,807,789,788,799,804,801,790,791],"class_list":{"0":"post-4299","1":"product","2":"type-product","3":"status-publish","4":"has-post-thumbnail","6":"product_cat-heroine","7":"product_tag-best-cheap-price-white-heroin-100-pure","8":"product_tag-best-place-to-buy-white-heroin-100-pure","9":"product_tag-bulk-online","10":"product_tag-buy-white-heroin-100-pure","11":"product_tag-cheap-white-heroin-100-pure","12":"product_tag-high-quality-white-heroin-100-pure","13":"product_tag-how-to-buy-white-heroin-100-pure","14":"product_tag-order-white-heroin-100-pure","15":"product_tag-purcharse-white-heroin-100-pure","16":"product_tag-shop-white-heroin-100-pure","17":"product_tag-top-quality","18":"product_tag-where-to-buy-white-heroin-100-pure","19":"product_tag-where-to-order-white-heroin-100-pure","20":"product_tag-white-heroin-100-pure","21":"product_tag-white-heroin-100-pure-for-sale","22":"product_tag-white-heroin-100-pure-legally","23":"product_tag-white-heroin-100-pure-online","24":"product_tag-white-heroin-100-pure-use","25":"product_tag-white-heroin-100-pure-wiki","26":"product_tag-white-heroin-100-pure-worldwide","27":"product_tag-white-heroin-100-purefor-sale","28":"product_tag-white-heroin-100-pureonline","29":"product_tag-white-heroin-100-pureprice","30":"product_tag-white-heroin-100-pures","31":"product_tag-white-heroin-100-purestore","32":"product_tag-white-heroin-100-purewhite-heroin-100-puresupplier","33":"product_tag-wholesale-white-heroin-100-pure","34":"desktop-align-left","35":"tablet-align-left","36":"mobile-align-left","37":"ast-product-gallery-layout-horizontal","38":"ast-product-gallery-with-no-image","39":"ast-product-single-variable","40":"ast-product-tabs-layout-horizontal","41":"ast-qv-on-image","43":"first","44":"instock","45":"shipping-taxable","46":"purchasable","47":"product-type-variable"},"yoast_head":"<!-- This site is optimized with the Yoast SEO plugin v25.9 - https:\/\/yoast.com\/wordpress\/plugins\/seo\/ -->\n<title>White Heroin 100% pure for Sale - Buy White Heroin Online<\/title>\n<meta name=\"description\" content=\"Do you want to buy white heroin 100% pure online at an affordable price? LegitGrams is best place where you can get high-qualitty white heroin for sale.\" \/>\n<meta name=\"robots\" content=\"index, follow, max-snippet:-1, max-image-preview:large, max-video-preview:-1\" \/>\n<link rel=\"canonical\" href=\"https:\/\/legitgrams.com\/pl\/produkt\/biala-heroina-100-czysta\/\" \/>\n<meta property=\"og:locale\" content=\"pl_PL\" \/>\n<meta property=\"og:type\" content=\"article\" \/>\n<meta property=\"og:title\" content=\"White Heroin 100% pure for Sale - Buy White Heroin Online\" \/>\n<meta property=\"og:description\" content=\"Do you want to buy white heroin 100% pure online at an affordable price? LegitGrams is best place where you can get high-qualitty white heroin for sale.\" \/>\n<meta property=\"og:url\" content=\"https:\/\/legitgrams.com\/pl\/produkt\/biala-heroina-100-czysta\/\" \/>\n<meta property=\"og:site_name\" content=\"Legit Grams\" \/>\n<meta property=\"article:modified_time\" content=\"2026-02-28T13:26:41+00:00\" \/>\n<meta property=\"og:image\" content=\"https:\/\/legitgrams.com\/wp-content\/uploads\/2024\/09\/Buy-White-Heroin-100-pure-online.jpg\" \/>\n\t<meta property=\"og:image:width\" content=\"600\" \/>\n\t<meta property=\"og:image:height\" content=\"600\" \/>\n\t<meta property=\"og:image:type\" content=\"image\/jpeg\" \/>\n<meta name=\"twitter:card\" content=\"summary_large_image\" \/>\n<meta name=\"twitter:label1\" content=\"Szacowany czas czytania\" \/>\n\t<meta name=\"twitter:data1\" content=\"2 minuty\" \/>\n<script type=\"application\/ld+json\" class=\"yoast-schema-graph\">{\"@context\":\"https:\/\/schema.org\",\"@graph\":[{\"@type\":\"WebPage\",\"@id\":\"https:\/\/legitgrams.com\/product\/white-heroin-100-pure\/\",\"url\":\"https:\/\/legitgrams.com\/product\/white-heroin-100-pure\/\",\"name\":\"White Heroin 100% pure for Sale - Buy White Heroin Online\",\"isPartOf\":{\"@id\":\"https:\/\/legitgrams.com\/#website\"},\"primaryImageOfPage\":{\"@id\":\"https:\/\/legitgrams.com\/product\/white-heroin-100-pure\/#primaryimage\"},\"image\":{\"@id\":\"https:\/\/legitgrams.com\/product\/white-heroin-100-pure\/#primaryimage\"},\"thumbnailUrl\":\"https:\/\/legitgrams.com\/wp-content\/uploads\/2024\/09\/Buy-White-Heroin-100-pure-online.jpg\",\"datePublished\":\"2024-09-22T10:05:23+00:00\",\"dateModified\":\"2026-02-28T13:26:41+00:00\",\"description\":\"Do you want to buy white heroin 100% pure online at an affordable price? LegitGrams is best place where you can get high-qualitty white heroin for sale.\",\"breadcrumb\":{\"@id\":\"https:\/\/legitgrams.com\/product\/white-heroin-100-pure\/#breadcrumb\"},\"inLanguage\":\"pl-PL\",\"potentialAction\":[{\"@type\":\"ReadAction\",\"target\":[\"https:\/\/legitgrams.com\/product\/white-heroin-100-pure\/\"]}]},{\"@type\":\"ImageObject\",\"inLanguage\":\"pl-PL\",\"@id\":\"https:\/\/legitgrams.com\/product\/white-heroin-100-pure\/#primaryimage\",\"url\":\"https:\/\/legitgrams.com\/wp-content\/uploads\/2024\/09\/Buy-White-Heroin-100-pure-online.jpg\",\"contentUrl\":\"https:\/\/legitgrams.com\/wp-content\/uploads\/2024\/09\/Buy-White-Heroin-100-pure-online.jpg\",\"width\":600,\"height\":600,\"caption\":\"White Heroin 100% pure for Sale\"},{\"@type\":\"BreadcrumbList\",\"@id\":\"https:\/\/legitgrams.com\/product\/white-heroin-100-pure\/#breadcrumb\",\"itemListElement\":[{\"@type\":\"ListItem\",\"position\":1,\"name\":\"Home\",\"item\":\"https:\/\/legitgrams.com\/\"},{\"@type\":\"ListItem\",\"position\":2,\"name\":\"Shop\",\"item\":\"https:\/\/legitgrams.com\/shop\/\"},{\"@type\":\"ListItem\",\"position\":3,\"name\":\"Buy White Heroin 100% Pure Online\"}]},{\"@type\":\"WebSite\",\"@id\":\"https:\/\/legitgrams.com\/#website\",\"url\":\"https:\/\/legitgrams.com\/\",\"name\":\"Legit Grams\",\"description\":\"My WordPress Blog\",\"publisher\":{\"@id\":\"https:\/\/legitgrams.com\/#organization\"},\"potentialAction\":[{\"@type\":\"SearchAction\",\"target\":{\"@type\":\"EntryPoint\",\"urlTemplate\":\"https:\/\/legitgrams.com\/?s={search_term_string}\"},\"query-input\":{\"@type\":\"PropertyValueSpecification\",\"valueRequired\":true,\"valueName\":\"search_term_string\"}}],\"inLanguage\":\"pl-PL\"},{\"@type\":\"Organization\",\"@id\":\"https:\/\/legitgrams.com\/#organization\",\"name\":\"Legit Grams\",\"url\":\"https:\/\/legitgrams.com\/\",\"logo\":{\"@type\":\"ImageObject\",\"inLanguage\":\"pl-PL\",\"@id\":\"https:\/\/legitgrams.com\/#\/schema\/logo\/image\/\",\"url\":\"https:\/\/legitgrams.com\/wp-content\/uploads\/2024\/09\/main-logo.png\",\"contentUrl\":\"https:\/\/legitgrams.com\/wp-content\/uploads\/2024\/09\/main-logo.png\",\"width\":270,\"height\":75,\"caption\":\"Legit Grams\"},\"image\":{\"@id\":\"https:\/\/legitgrams.com\/#\/schema\/logo\/image\/\"}}]}<\/script>\n<!-- \/ Yoast SEO plugin. -->","yoast_head_json":{"title":"Bia\u0142a Heroina 100% czysta na sprzeda\u017c - Kup Bia\u0142\u0105 Heroin\u0119 Online","description":"Chcesz kupi\u0107 bia\u0142\u0105 heroin\u0119 100% czyst\u0105 online w przyst\u0119pnej cenie? Legit Grams to najlepsze miejsce, w kt\u00f3rym mo\u017cesz kupi\u0107 wysokiej jako\u015bci bia\u0142\u0105 heroin\u0119 na sprzeda\u017c.","robots":{"index":"index","follow":"follow","max-snippet":"max-snippet:-1","max-image-preview":"max-image-preview:large","max-video-preview":"max-video-preview:-1"},"canonical":"https:\/\/legitgrams.com\/pl\/produkt\/biala-heroina-100-czysta\/","og_locale":"pl_PL","og_type":"article","og_title":"White Heroin 100% pure for Sale - Buy White Heroin Online","og_description":"Do you want to buy white heroin 100% pure online at an affordable price? LegitGrams is best place where you can get high-qualitty white heroin for sale.","og_url":"https:\/\/legitgrams.com\/pl\/produkt\/biala-heroina-100-czysta\/","og_site_name":"Legit Grams","article_modified_time":"2026-02-28T13:26:41+00:00","og_image":[{"width":600,"height":600,"url":"https:\/\/legitgrams.com\/wp-content\/uploads\/2024\/09\/Buy-White-Heroin-100-pure-online.jpg","type":"image\/jpeg"}],"twitter_card":"summary_large_image","twitter_misc":{"Szacowany czas czytania":"2 minuty"},"schema":{"@context":"https:\/\/schema.org","@graph":[{"@type":"WebPage","@id":"https:\/\/legitgrams.com\/product\/white-heroin-100-pure\/","url":"https:\/\/legitgrams.com\/product\/white-heroin-100-pure\/","name":"Bia\u0142a Heroina 100% czysta na sprzeda\u017c - Kup Bia\u0142\u0105 Heroin\u0119 Online","isPartOf":{"@id":"https:\/\/legitgrams.com\/#website"},"primaryImageOfPage":{"@id":"https:\/\/legitgrams.com\/product\/white-heroin-100-pure\/#primaryimage"},"image":{"@id":"https:\/\/legitgrams.com\/product\/white-heroin-100-pure\/#primaryimage"},"thumbnailUrl":"https:\/\/legitgrams.com\/wp-content\/uploads\/2024\/09\/Buy-White-Heroin-100-pure-online.jpg","datePublished":"2024-09-22T10:05:23+00:00","dateModified":"2026-02-28T13:26:41+00:00","description":"Chcesz kupi\u0107 bia\u0142\u0105 heroin\u0119 100% czyst\u0105 online w przyst\u0119pnej cenie? Legit Grams to najlepsze miejsce, w kt\u00f3rym mo\u017cesz kupi\u0107 wysokiej jako\u015bci bia\u0142\u0105 heroin\u0119 na sprzeda\u017c.","breadcrumb":{"@id":"https:\/\/legitgrams.com\/product\/white-heroin-100-pure\/#breadcrumb"},"inLanguage":"pl-PL","potentialAction":[{"@type":"ReadAction","target":["https:\/\/legitgrams.com\/product\/white-heroin-100-pure\/"]}]},{"@type":"ImageObject","inLanguage":"pl-PL","@id":"https:\/\/legitgrams.com\/product\/white-heroin-100-pure\/#primaryimage","url":"https:\/\/legitgrams.com\/wp-content\/uploads\/2024\/09\/Buy-White-Heroin-100-pure-online.jpg","contentUrl":"https:\/\/legitgrams.com\/wp-content\/uploads\/2024\/09\/Buy-White-Heroin-100-pure-online.jpg","width":600,"height":600,"caption":"White Heroin 100% pure for Sale"},{"@type":"BreadcrumbList","@id":"https:\/\/legitgrams.com\/product\/white-heroin-100-pure\/#breadcrumb","itemListElement":[{"@type":"ListItem","position":1,"name":"Home","item":"https:\/\/legitgrams.com\/"},{"@type":"ListItem","position":2,"name":"Shop","item":"https:\/\/legitgrams.com\/shop\/"},{"@type":"ListItem","position":3,"name":"Buy White Heroin 100% Pure Online"}]},{"@type":"WebSite","@id":"https:\/\/legitgrams.com\/#website","url":"https:\/\/legitgrams.com\/","name":"Legit Grams","description":"M\u00f3j blog WordPress","publisher":{"@id":"https:\/\/legitgrams.com\/#organization"},"potentialAction":[{"@type":"SearchAction","target":{"@type":"EntryPoint","urlTemplate":"https:\/\/legitgrams.com\/?s={search_term_string}"},"query-input":{"@type":"PropertyValueSpecification","valueRequired":true,"valueName":"search_term_string"}}],"inLanguage":"pl-PL"},{"@type":"Organization","@id":"https:\/\/legitgrams.com\/#organization","name":"Legit Grams","url":"https:\/\/legitgrams.com\/","logo":{"@type":"ImageObject","inLanguage":"pl-PL","@id":"https:\/\/legitgrams.com\/#\/schema\/logo\/image\/","url":"https:\/\/legitgrams.com\/wp-content\/uploads\/2024\/09\/main-logo.png","contentUrl":"https:\/\/legitgrams.com\/wp-content\/uploads\/2024\/09\/main-logo.png","width":270,"height":75,"caption":"Legit Grams"},"image":{"@id":"https:\/\/legitgrams.com\/#\/schema\/logo\/image\/"}}]}},"uagb_featured_image_src":{"full":["https:\/\/legitgrams.com\/wp-content\/uploads\/2024\/09\/Buy-White-Heroin-100-pure-online.jpg",600,600,false],"thumbnail":["https:\/\/legitgrams.com\/wp-content\/uploads\/2024\/09\/Buy-White-Heroin-100-pure-online-150x150.jpg",150,150,true],"medium":["https:\/\/legitgrams.com\/wp-content\/uploads\/2024\/09\/Buy-White-Heroin-100-pure-online-300x300.jpg",300,300,true],"medium_large":["https:\/\/legitgrams.com\/wp-content\/uploads\/2024\/09\/Buy-White-Heroin-100-pure-online.jpg",600,600,false],"large":["https:\/\/legitgrams.com\/wp-content\/uploads\/2024\/09\/Buy-White-Heroin-100-pure-online.jpg",600,600,false],"1536x1536":["https:\/\/legitgrams.com\/wp-content\/uploads\/2024\/09\/Buy-White-Heroin-100-pure-online.jpg",600,600,false],"2048x2048":["https:\/\/legitgrams.com\/wp-content\/uploads\/2024\/09\/Buy-White-Heroin-100-pure-online.jpg",600,600,false],"trp-custom-language-flag":["https:\/\/legitgrams.com\/wp-content\/uploads\/2024\/09\/Buy-White-Heroin-100-pure-online-12x12.jpg",12,12,true],"woocommerce_thumbnail":["https:\/\/legitgrams.com\/wp-content\/uploads\/2024\/09\/Buy-White-Heroin-100-pure-online-300x300.jpg",300,300,true],"woocommerce_single":["https:\/\/legitgrams.com\/wp-content\/uploads\/2024\/09\/Buy-White-Heroin-100-pure-online.jpg",600,600,false],"woocommerce_gallery_thumbnail":["https:\/\/legitgrams.com\/wp-content\/uploads\/2024\/09\/Buy-White-Heroin-100-pure-online-100x100.jpg",100,100,true]},"uagb_author_info":{"display_name":"cokeblog18","author_link":"https:\/\/legitgrams.com\/pl\/author\/"},"uagb_comment_info":0,"uagb_excerpt":"100% pure white heroin for sale CHEESY WHITE HEROINE ONLINE Every product is dispatched utilizing a distinct shipping method directly from our warehouse. For safety reasons, our best cocaine will be sent to you in jars or food\/drug packaging. based on the available packing material and weight. Because white powdered heroin dissolves readily in water,&hellip;","_links":{"self":[{"href":"https:\/\/legitgrams.com\/pl\/wp-json\/wp\/v2\/product\/4299","targetHints":{"allow":["GET"]}}],"collection":[{"href":"https:\/\/legitgrams.com\/pl\/wp-json\/wp\/v2\/product"}],"about":[{"href":"https:\/\/legitgrams.com\/pl\/wp-json\/wp\/v2\/types\/product"}],"replies":[{"embeddable":true,"href":"https:\/\/legitgrams.com\/pl\/wp-json\/wp\/v2\/comments?post=4299"}],"wp:featuredmedia":[{"embeddable":true,"href":"https:\/\/legitgrams.com\/pl\/wp-json\/wp\/v2\/media\/5337"}],"wp:attachment":[{"href":"https:\/\/legitgrams.com\/pl\/wp-json\/wp\/v2\/media?parent=4299"}],"wp:term":[{"taxonomy":"product_brand","embeddable":true,"href":"https:\/\/legitgrams.com\/pl\/wp-json\/wp\/v2\/product_brand?post=4299"},{"taxonomy":"product_cat","embeddable":true,"href":"https:\/\/legitgrams.com\/pl\/wp-json\/wp\/v2\/product_cat?post=4299"},{"taxonomy":"product_tag","embeddable":true,"href":"https:\/\/legitgrams.com\/pl\/wp-json\/wp\/v2\/product_tag?post=4299"}],"curies":[{"name":"wp","href":"https:\/\/api.w.org\/{rel}","templated":true}]}}