{"id":4308,"date":"2024-09-22T10:23:42","date_gmt":"2024-09-22T10:23:42","guid":{"rendered":"https:\/\/legitgrams.com\/?post_type=product&#038;p=4308"},"modified":"2026-02-26T12:21:25","modified_gmt":"2026-02-26T12:21:25","slug":"peruwianska-kokaina-o-czystosci-92","status":"publish","type":"product","link":"https:\/\/legitgrams.com\/pl\/produkt\/peruwianska-kokaina-o-czystosci-92\/","title":{"rendered":"Kup peruwia\u0144sk\u0105 kokain\u0119 92% Pure online"},"content":{"rendered":"<h2>Kup peruwia\u0144sk\u0105 kokain\u0119 92% czyst\u0105 online<\/h2>\n<p>Fragmenty <a href=\"https:\/\/legitgrams.com\/pl\/produkt\/peruwianska-kokaina-o-czystosci-92\/\">Peruwia\u0144ska kokaina<\/a> wytwarzany z ro\u015bliny Coca. Wiele kraj\u00f3w zachodnich, takich jak Kolumbia, Boliwia, Peru itp., uprawia t\u0119 ro\u015blin\u0119. Jednak Peru jest najwa\u017cniejszym \u017ar\u00f3d\u0142em kokainy. Wynika to z jej wielu zastosowa\u0144 w \u017cyciu codziennym i czysto\u015bci.<\/p>\n<p>Ponadto wiele firm wykorzystuje ten produkt samodzielnie lub li\u015bcie ro\u015bliny do tworzenia innych po\u017c\u0105danych produkt\u00f3w. Coca-Cola, najs\u0142ynniejszy producent napoj\u00f3w bezalkoholowych, u\u017cywa\u0142 tych li\u015bci w swojej produkcji do 1903 roku. W wielu innych produktach nadal stosuje si\u0119 je w celu zwi\u0119kszenia wp\u0142ywu produktu.<\/p>\n<h3>U\u017cywanie kokainy w Peru<\/h3>\n<p>Peruwia\u0144ska kokaina nale\u017cy do najczystszych \u017ar\u00f3de\u0142 kokainy na \u015bwiecie. Jest stosowana jako \u015brodek pobudzaj\u0105cy, zwi\u0119kszaj\u0105cy produkcj\u0119 okre\u015blonych hormon\u00f3w w m\u00f3zgu i lecz\u0105cy t\u0119 dolegliwo\u015b\u0107.<\/p>\n<p>Ze wzgl\u0119du na swoj\u0105 czysto\u015b\u0107 jest wymieniany w\u015br\u00f3d bardzo silnych lek\u00f3w zawieraj\u0105cych kokain\u0119. \u015awiat jest r\u00f3wnie\u017c \u015bwiadomy jej psychodelicznych w\u0142a\u015bciwo\u015bci. Jest to niezwykle pomocna cecha dla ludzi w r\u00f3\u017cnych sytuacjach i pomaga im odzyska\u0107 si\u0142y po wszelkiego rodzaju wstrz\u0105sach. <a href=\"https:\/\/legitgrams.com\/pl\/\">LegitGrams<\/a><\/p>\n<h3>Peruwia\u0144ska kokaina do cel\u00f3w medycznych<\/h3>\n<p>Peruwia\u0144ska kokaina oferuje szereg korzy\u015bci w dziedzinie medycyny. W rezultacie lekarze przepisuj\u0105 j\u0105 i stosuj\u0105 w wielu lekach do leczenia r\u00f3\u017cnych chor\u00f3b.<\/p>\n<p>Lekarze stosuj\u0105 ten lek podczas leczenia pacjent\u00f3w z depresj\u0105 i innymi formami b\u00f3lu. W barach i klubach tanecznych u\u017cywaj\u0105 go nie tylko lekarze, ale tak\u017ce zwykli ludzie.<\/p>\n<p>Jego zdolno\u015b\u0107 do wywo\u0142ywania relaksu w ludzkim ciele sprawia, \u017ce jest popularny w\u015br\u00f3d m\u0142odych ludzi jako spos\u00f3b na relaks. Kokaina jest swobodnie dost\u0119pna dla ka\u017cdego w Peru i mo\u017ce by\u0107 kupowana i sprzedawana online.<\/p>\n<p>Ponadto nasz sklep internetowy oferuje najszybsz\u0105 mo\u017cliw\u0105 dostaw\u0119 produkt\u00f3w bezpo\u015brednio do domu, a wszystko to w wyj\u0105tkowo przyst\u0119pnych cenach. Oferujemy r\u00f3wnie\u017c najwy\u017cszej jako\u015bci sod\u0119 online.<\/p>\n<p>Zakup kokainy peruwia\u0144skiej 92% Pure - Zakup kokainy peruwia\u0144skiej 92% Pure <a href=\"https:\/\/en.wikipedia.org\/wiki\/Cocaine\">Kokaina<\/a>Zakup peruwia\u0144skiej kokainy online, Gdzie kupi\u0107 92% czyst\u0105 peruwia\u0144sk\u0105 kokain\u0119, 92% czyst\u0105 peruwia\u0144sk\u0105 kokain\u0119 na sprzeda\u017c, zakup peruwia\u0144skiej kokainy online, gdzie kupi\u0107 peruwia\u0144sk\u0105 kokain\u0119 online, 92% czyst\u0105 peruwia\u0144sk\u0105 kokain\u0119 na sprzeda\u017c w USA, Kanadzie, Wielkiej Brytanii, kupi\u0107, online, dostawc\u00f3w, bezpieczn\u0105 dostaw\u0119, 92% czyst\u0105 peruwia\u0144sk\u0105 kokain\u0119 jest nadal dost\u0119pna. Czy zakup czystego peruwia\u0144skiego kakao 92% online w Stanach Zjednoczonych jest legalny? Jak mog\u0119 z\u0142o\u017cy\u0107 zam\u00f3wienie na czyste peruwia\u0144skie kakao 92%? Czy czysta kokaina peruwia\u0144ska 92% jest dozwolona w Kanadzie?<\/p>\n<p>&nbsp;<\/p>","protected":false},"excerpt":{"rendered":"<p>Purchase Peruvian Cocaine 92% Pure Online Extracts of Peruvian cocaine made from the Coca plant. Numerous Western nations, like Colombia, Bolivia, Peru, etc., fertilize this plant. But Peru is home to the most significant source of cocaine. This is because of its many applications in daily life and its purity. Furthermore, several companies employ this &hellip;<\/p>\n<p class=\"read-more\"> <a class=\"\" href=\"https:\/\/legitgrams.com\/pl\/produkt\/peruwianska-kokaina-o-czystosci-92\/\"> <span class=\"screen-reader-text\">Kup peruwia\u0144sk\u0105 kokain\u0119 92% Pure online<\/span> Czytaj wi\u0119cej \"<\/a><\/p>","protected":false},"featured_media":5437,"comment_status":"open","ping_status":"closed","template":"","meta":{"_uag_custom_page_level_css":"","site-sidebar-layout":"default","site-content-layout":"default","ast-global-header-display":"","ast-main-header-display":"","ast-hfb-above-header-display":"","ast-hfb-below-header-display":"","ast-hfb-mobile-header-display":"","site-post-title":"","ast-breadcrumbs-content":"","ast-featured-img":"","footer-sml-layout":"","theme-transparent-header-meta":"default","adv-header-id-meta":"","stick-header-meta":"default","header-above-stick-meta":"","header-main-stick-meta":"","header-below-stick-meta":"","_joinchat":[]},"product_brand":[],"product_cat":[70],"product_tag":[681,671,617,662,678,675,670,667,661,685,673,668,683,684,682,664,663,665,674,679,676,680,677,625,669,672,666],"class_list":{"0":"post-4308","1":"product","2":"type-product","3":"status-publish","4":"has-post-thumbnail","6":"product_cat-cocaine","7":"product_tag-best-cheap-price-peruvian-cocaine-92-pure","8":"product_tag-best-place-to-buy-peruvian-cocaine-92-pure","9":"product_tag-bulk-online","10":"product_tag-buy-peruvian-cocaine-92-pure","11":"product_tag-cheap-peruvian-cocaine-92-pure","12":"product_tag-high-quality-peruvian-cocaine-92-pure","13":"product_tag-how-to-buy-peruvian-cocaine-92-pure","14":"product_tag-order-peruvian-cocaine-92-pure","15":"product_tag-peruvian-cocaine-92-pure","16":"product_tag-peruvian-cocaine-92-pure-for-sale","17":"product_tag-peruvian-cocaine-92-pure-legally","18":"product_tag-peruvian-cocaine-92-pure-online","19":"product_tag-peruvian-cocaine-92-pure-use","20":"product_tag-peruvian-cocaine-92-pure-wiki","21":"product_tag-peruvian-cocaine-92-pure-worldwide","22":"product_tag-peruvian-cocaine-92-purefor-sale","23":"product_tag-peruvian-cocaine-92-pureonline","24":"product_tag-peruvian-cocaine-92-pureperuvian-cocaine-92-puresupplier","25":"product_tag-peruvian-cocaine-92-pureprice","26":"product_tag-peruvian-cocaine-92-pures","27":"product_tag-peruvian-cocaine-92-purestore","28":"product_tag-purcharse-peruvian-cocaine-92-pure","29":"product_tag-shop-peruvian-cocaine-92-pure","30":"product_tag-top-quality","31":"product_tag-where-to-buy-peruvian-cocaine-92-pure","32":"product_tag-where-to-order-peruvian-cocaine-92-pure","33":"product_tag-wholesale-peruvian-cocaine-92-pure","34":"desktop-align-left","35":"tablet-align-left","36":"mobile-align-left","37":"ast-product-gallery-layout-horizontal","38":"ast-product-gallery-with-no-image","39":"ast-product-single-variable","40":"ast-product-tabs-layout-horizontal","41":"ast-qv-on-image","43":"first","44":"instock","45":"shipping-taxable","46":"purchasable","47":"product-type-variable"},"yoast_head":"<!-- This site is optimized with the Yoast SEO plugin v25.9 - https:\/\/yoast.com\/wordpress\/plugins\/seo\/ -->\n<title>Peruvian Cocaine 92% Pure for Sale - Order Peruvian Cocaine<\/title>\n<meta name=\"description\" content=\"Looking to further your research? Buy Peruvian Cocaine 92% Pure conveniently and securely online, with a straightforward ordering process for Peruvian Cocaine 92% Pure for sale. Explore the possibilities and buy Peruvian Cocaine 92% Pure online for your research endeavors today.\" \/>\n<meta name=\"robots\" content=\"index, follow, max-snippet:-1, max-image-preview:large, max-video-preview:-1\" \/>\n<link rel=\"canonical\" href=\"https:\/\/legitgrams.com\/pl\/produkt\/peruwianska-kokaina-o-czystosci-92\/\" \/>\n<meta property=\"og:locale\" content=\"pl_PL\" \/>\n<meta property=\"og:type\" content=\"article\" \/>\n<meta property=\"og:title\" content=\"Peruvian Cocaine 92% Pure for Sale - Order Peruvian Cocaine\" \/>\n<meta property=\"og:description\" content=\"Looking to further your research? Buy Peruvian Cocaine 92% Pure conveniently and securely online, with a straightforward ordering process for Peruvian Cocaine 92% Pure for sale. Explore the possibilities and buy Peruvian Cocaine 92% Pure online for your research endeavors today.\" \/>\n<meta property=\"og:url\" content=\"https:\/\/legitgrams.com\/pl\/produkt\/peruwianska-kokaina-o-czystosci-92\/\" \/>\n<meta property=\"og:site_name\" content=\"Legit Grams\" \/>\n<meta property=\"article:modified_time\" content=\"2026-02-26T12:21:25+00:00\" \/>\n<meta property=\"og:image\" content=\"https:\/\/legitgrams.com\/wp-content\/uploads\/2024\/09\/buy-peruvian-cocaine-92-pure-1.jpg\" \/>\n\t<meta property=\"og:image:width\" content=\"600\" \/>\n\t<meta property=\"og:image:height\" content=\"600\" \/>\n\t<meta property=\"og:image:type\" content=\"image\/jpeg\" \/>\n<meta name=\"twitter:card\" content=\"summary_large_image\" \/>\n<meta name=\"twitter:label1\" content=\"Szacowany czas czytania\" \/>\n\t<meta name=\"twitter:data1\" content=\"2 minuty\" \/>\n<script type=\"application\/ld+json\" class=\"yoast-schema-graph\">{\"@context\":\"https:\/\/schema.org\",\"@graph\":[{\"@type\":\"WebPage\",\"@id\":\"https:\/\/legitgrams.com\/product\/peruvian-cocaine-92-pure\/\",\"url\":\"https:\/\/legitgrams.com\/product\/peruvian-cocaine-92-pure\/\",\"name\":\"Peruvian Cocaine 92% Pure for Sale - Order Peruvian Cocaine\",\"isPartOf\":{\"@id\":\"https:\/\/legitgrams.com\/#website\"},\"primaryImageOfPage\":{\"@id\":\"https:\/\/legitgrams.com\/product\/peruvian-cocaine-92-pure\/#primaryimage\"},\"image\":{\"@id\":\"https:\/\/legitgrams.com\/product\/peruvian-cocaine-92-pure\/#primaryimage\"},\"thumbnailUrl\":\"https:\/\/legitgrams.com\/wp-content\/uploads\/2024\/09\/buy-peruvian-cocaine-92-pure-1.jpg\",\"datePublished\":\"2024-09-22T10:23:42+00:00\",\"dateModified\":\"2026-02-26T12:21:25+00:00\",\"description\":\"Looking to further your research? Buy Peruvian Cocaine 92% Pure conveniently and securely online, with a straightforward ordering process for Peruvian Cocaine 92% Pure for sale. Explore the possibilities and buy Peruvian Cocaine 92% Pure online for your research endeavors today.\",\"breadcrumb\":{\"@id\":\"https:\/\/legitgrams.com\/product\/peruvian-cocaine-92-pure\/#breadcrumb\"},\"inLanguage\":\"pl-PL\",\"potentialAction\":[{\"@type\":\"ReadAction\",\"target\":[\"https:\/\/legitgrams.com\/product\/peruvian-cocaine-92-pure\/\"]}]},{\"@type\":\"ImageObject\",\"inLanguage\":\"pl-PL\",\"@id\":\"https:\/\/legitgrams.com\/product\/peruvian-cocaine-92-pure\/#primaryimage\",\"url\":\"https:\/\/legitgrams.com\/wp-content\/uploads\/2024\/09\/buy-peruvian-cocaine-92-pure-1.jpg\",\"contentUrl\":\"https:\/\/legitgrams.com\/wp-content\/uploads\/2024\/09\/buy-peruvian-cocaine-92-pure-1.jpg\",\"width\":600,\"height\":600,\"caption\":\"Buy Peruvian Cocaine 92% Pure Online\"},{\"@type\":\"BreadcrumbList\",\"@id\":\"https:\/\/legitgrams.com\/product\/peruvian-cocaine-92-pure\/#breadcrumb\",\"itemListElement\":[{\"@type\":\"ListItem\",\"position\":1,\"name\":\"Home\",\"item\":\"https:\/\/legitgrams.com\/\"},{\"@type\":\"ListItem\",\"position\":2,\"name\":\"Shop\",\"item\":\"https:\/\/legitgrams.com\/shop\/\"},{\"@type\":\"ListItem\",\"position\":3,\"name\":\"Buy Peruvian Cocaine 92% Pure Online\"}]},{\"@type\":\"WebSite\",\"@id\":\"https:\/\/legitgrams.com\/#website\",\"url\":\"https:\/\/legitgrams.com\/\",\"name\":\"Legit Grams\",\"description\":\"My WordPress Blog\",\"publisher\":{\"@id\":\"https:\/\/legitgrams.com\/#organization\"},\"potentialAction\":[{\"@type\":\"SearchAction\",\"target\":{\"@type\":\"EntryPoint\",\"urlTemplate\":\"https:\/\/legitgrams.com\/?s={search_term_string}\"},\"query-input\":{\"@type\":\"PropertyValueSpecification\",\"valueRequired\":true,\"valueName\":\"search_term_string\"}}],\"inLanguage\":\"pl-PL\"},{\"@type\":\"Organization\",\"@id\":\"https:\/\/legitgrams.com\/#organization\",\"name\":\"Legit Grams\",\"url\":\"https:\/\/legitgrams.com\/\",\"logo\":{\"@type\":\"ImageObject\",\"inLanguage\":\"pl-PL\",\"@id\":\"https:\/\/legitgrams.com\/#\/schema\/logo\/image\/\",\"url\":\"https:\/\/legitgrams.com\/wp-content\/uploads\/2024\/09\/main-logo.png\",\"contentUrl\":\"https:\/\/legitgrams.com\/wp-content\/uploads\/2024\/09\/main-logo.png\",\"width\":270,\"height\":75,\"caption\":\"Legit Grams\"},\"image\":{\"@id\":\"https:\/\/legitgrams.com\/#\/schema\/logo\/image\/\"}}]}<\/script>\n<!-- \/ Yoast SEO plugin. -->","yoast_head_json":{"title":"Peruwia\u0144ska kokaina 92% Pure na sprzeda\u017c - Zam\u00f3w peruwia\u0144sk\u0105 kokain\u0119","description":"Chcesz pog\u0142\u0119bi\u0107 swoje badania? Kup peruwia\u0144sk\u0105 kokain\u0119 92% Pure wygodnie i bezpiecznie online, z prostym procesem zamawiania peruwia\u0144skiej kokainy 92% Pure na sprzeda\u017c. Poznaj mo\u017cliwo\u015bci i kup peruwia\u0144sk\u0105 kokain\u0119 92% Pure online do swoich bada\u0144 ju\u017c dzi\u015b.","robots":{"index":"index","follow":"follow","max-snippet":"max-snippet:-1","max-image-preview":"max-image-preview:large","max-video-preview":"max-video-preview:-1"},"canonical":"https:\/\/legitgrams.com\/pl\/produkt\/peruwianska-kokaina-o-czystosci-92\/","og_locale":"pl_PL","og_type":"article","og_title":"Peruvian Cocaine 92% Pure for Sale - Order Peruvian Cocaine","og_description":"Looking to further your research? Buy Peruvian Cocaine 92% Pure conveniently and securely online, with a straightforward ordering process for Peruvian Cocaine 92% Pure for sale. Explore the possibilities and buy Peruvian Cocaine 92% Pure online for your research endeavors today.","og_url":"https:\/\/legitgrams.com\/pl\/produkt\/peruwianska-kokaina-o-czystosci-92\/","og_site_name":"Legit Grams","article_modified_time":"2026-02-26T12:21:25+00:00","og_image":[{"width":600,"height":600,"url":"https:\/\/legitgrams.com\/wp-content\/uploads\/2024\/09\/buy-peruvian-cocaine-92-pure-1.jpg","type":"image\/jpeg"}],"twitter_card":"summary_large_image","twitter_misc":{"Szacowany czas czytania":"2 minuty"},"schema":{"@context":"https:\/\/schema.org","@graph":[{"@type":"WebPage","@id":"https:\/\/legitgrams.com\/product\/peruvian-cocaine-92-pure\/","url":"https:\/\/legitgrams.com\/product\/peruvian-cocaine-92-pure\/","name":"Peruwia\u0144ska kokaina 92% Pure na sprzeda\u017c - Zam\u00f3w peruwia\u0144sk\u0105 kokain\u0119","isPartOf":{"@id":"https:\/\/legitgrams.com\/#website"},"primaryImageOfPage":{"@id":"https:\/\/legitgrams.com\/product\/peruvian-cocaine-92-pure\/#primaryimage"},"image":{"@id":"https:\/\/legitgrams.com\/product\/peruvian-cocaine-92-pure\/#primaryimage"},"thumbnailUrl":"https:\/\/legitgrams.com\/wp-content\/uploads\/2024\/09\/buy-peruvian-cocaine-92-pure-1.jpg","datePublished":"2024-09-22T10:23:42+00:00","dateModified":"2026-02-26T12:21:25+00:00","description":"Chcesz pog\u0142\u0119bi\u0107 swoje badania? Kup peruwia\u0144sk\u0105 kokain\u0119 92% Pure wygodnie i bezpiecznie online, z prostym procesem zamawiania peruwia\u0144skiej kokainy 92% Pure na sprzeda\u017c. Poznaj mo\u017cliwo\u015bci i kup peruwia\u0144sk\u0105 kokain\u0119 92% Pure online do swoich bada\u0144 ju\u017c dzi\u015b.","breadcrumb":{"@id":"https:\/\/legitgrams.com\/product\/peruvian-cocaine-92-pure\/#breadcrumb"},"inLanguage":"pl-PL","potentialAction":[{"@type":"ReadAction","target":["https:\/\/legitgrams.com\/product\/peruvian-cocaine-92-pure\/"]}]},{"@type":"ImageObject","inLanguage":"pl-PL","@id":"https:\/\/legitgrams.com\/product\/peruvian-cocaine-92-pure\/#primaryimage","url":"https:\/\/legitgrams.com\/wp-content\/uploads\/2024\/09\/buy-peruvian-cocaine-92-pure-1.jpg","contentUrl":"https:\/\/legitgrams.com\/wp-content\/uploads\/2024\/09\/buy-peruvian-cocaine-92-pure-1.jpg","width":600,"height":600,"caption":"Buy Peruvian Cocaine 92% Pure Online"},{"@type":"BreadcrumbList","@id":"https:\/\/legitgrams.com\/product\/peruvian-cocaine-92-pure\/#breadcrumb","itemListElement":[{"@type":"ListItem","position":1,"name":"Home","item":"https:\/\/legitgrams.com\/"},{"@type":"ListItem","position":2,"name":"Shop","item":"https:\/\/legitgrams.com\/shop\/"},{"@type":"ListItem","position":3,"name":"Buy Peruvian Cocaine 92% Pure Online"}]},{"@type":"WebSite","@id":"https:\/\/legitgrams.com\/#website","url":"https:\/\/legitgrams.com\/","name":"Legit Grams","description":"M\u00f3j blog WordPress","publisher":{"@id":"https:\/\/legitgrams.com\/#organization"},"potentialAction":[{"@type":"SearchAction","target":{"@type":"EntryPoint","urlTemplate":"https:\/\/legitgrams.com\/?s={search_term_string}"},"query-input":{"@type":"PropertyValueSpecification","valueRequired":true,"valueName":"search_term_string"}}],"inLanguage":"pl-PL"},{"@type":"Organization","@id":"https:\/\/legitgrams.com\/#organization","name":"Legit Grams","url":"https:\/\/legitgrams.com\/","logo":{"@type":"ImageObject","inLanguage":"pl-PL","@id":"https:\/\/legitgrams.com\/#\/schema\/logo\/image\/","url":"https:\/\/legitgrams.com\/wp-content\/uploads\/2024\/09\/main-logo.png","contentUrl":"https:\/\/legitgrams.com\/wp-content\/uploads\/2024\/09\/main-logo.png","width":270,"height":75,"caption":"Legit Grams"},"image":{"@id":"https:\/\/legitgrams.com\/#\/schema\/logo\/image\/"}}]}},"uagb_featured_image_src":{"full":["https:\/\/legitgrams.com\/wp-content\/uploads\/2024\/09\/buy-peruvian-cocaine-92-pure-1.jpg",600,600,false],"thumbnail":["https:\/\/legitgrams.com\/wp-content\/uploads\/2024\/09\/buy-peruvian-cocaine-92-pure-1-150x150.jpg",150,150,true],"medium":["https:\/\/legitgrams.com\/wp-content\/uploads\/2024\/09\/buy-peruvian-cocaine-92-pure-1-300x300.jpg",300,300,true],"medium_large":["https:\/\/legitgrams.com\/wp-content\/uploads\/2024\/09\/buy-peruvian-cocaine-92-pure-1.jpg",600,600,false],"large":["https:\/\/legitgrams.com\/wp-content\/uploads\/2024\/09\/buy-peruvian-cocaine-92-pure-1.jpg",600,600,false],"1536x1536":["https:\/\/legitgrams.com\/wp-content\/uploads\/2024\/09\/buy-peruvian-cocaine-92-pure-1.jpg",600,600,false],"2048x2048":["https:\/\/legitgrams.com\/wp-content\/uploads\/2024\/09\/buy-peruvian-cocaine-92-pure-1.jpg",600,600,false],"trp-custom-language-flag":["https:\/\/legitgrams.com\/wp-content\/uploads\/2024\/09\/buy-peruvian-cocaine-92-pure-1-12x12.jpg",12,12,true],"woocommerce_thumbnail":["https:\/\/legitgrams.com\/wp-content\/uploads\/2024\/09\/buy-peruvian-cocaine-92-pure-1-300x300.jpg",300,300,true],"woocommerce_single":["https:\/\/legitgrams.com\/wp-content\/uploads\/2024\/09\/buy-peruvian-cocaine-92-pure-1.jpg",600,600,false],"woocommerce_gallery_thumbnail":["https:\/\/legitgrams.com\/wp-content\/uploads\/2024\/09\/buy-peruvian-cocaine-92-pure-1-100x100.jpg",100,100,true]},"uagb_author_info":{"display_name":"cokeblog18","author_link":"https:\/\/legitgrams.com\/pl\/author\/"},"uagb_comment_info":0,"uagb_excerpt":"Purchase Peruvian Cocaine 92% Pure Online Extracts of Peruvian cocaine made from the Coca plant. Numerous Western nations, like Colombia, Bolivia, Peru, etc., fertilize this plant. But Peru is home to the most significant source of cocaine. This is because of its many applications in daily life and its purity. Furthermore, several companies employ this&hellip;","_links":{"self":[{"href":"https:\/\/legitgrams.com\/pl\/wp-json\/wp\/v2\/product\/4308","targetHints":{"allow":["GET"]}}],"collection":[{"href":"https:\/\/legitgrams.com\/pl\/wp-json\/wp\/v2\/product"}],"about":[{"href":"https:\/\/legitgrams.com\/pl\/wp-json\/wp\/v2\/types\/product"}],"replies":[{"embeddable":true,"href":"https:\/\/legitgrams.com\/pl\/wp-json\/wp\/v2\/comments?post=4308"}],"wp:featuredmedia":[{"embeddable":true,"href":"https:\/\/legitgrams.com\/pl\/wp-json\/wp\/v2\/media\/5437"}],"wp:attachment":[{"href":"https:\/\/legitgrams.com\/pl\/wp-json\/wp\/v2\/media?parent=4308"}],"wp:term":[{"taxonomy":"product_brand","embeddable":true,"href":"https:\/\/legitgrams.com\/pl\/wp-json\/wp\/v2\/product_brand?post=4308"},{"taxonomy":"product_cat","embeddable":true,"href":"https:\/\/legitgrams.com\/pl\/wp-json\/wp\/v2\/product_cat?post=4308"},{"taxonomy":"product_tag","embeddable":true,"href":"https:\/\/legitgrams.com\/pl\/wp-json\/wp\/v2\/product_tag?post=4308"}],"curies":[{"name":"wp","href":"https:\/\/api.w.org\/{rel}","templated":true}]}}