{"id":4311,"date":"2024-09-22T10:16:26","date_gmt":"2024-09-22T10:16:26","guid":{"rendered":"https:\/\/legitgrams.com\/?post_type=product&#038;p=4311"},"modified":"2025-01-13T09:45:18","modified_gmt":"2025-01-13T09:45:18","slug":"biokaina-86","status":"publish","type":"product","link":"https:\/\/legitgrams.com\/pl\/produkt\/biokaina-86\/","title":{"rendered":"Bio Cocaine 86%"},"content":{"rendered":"<h2>Na sprzeda\u017c: 86% Bio-kokainy<\/h2>\n<p>Kokaina jest bardzo silnym stymulantem, kt\u00f3ry jest u\u017cywany, aby da\u0107 ludziom charakterystyczn\u0105 i uwodzicielsk\u0105 struktur\u0119 mentaln\u0105. Bio-kokaina u\u0142atwia ludzkiemu umys\u0142owi postrzeganie codziennych zdarze\u0144. Bio-kokaina wp\u0142ywa bezpo\u015brednio na o\u015brodkowy uk\u0142ad nerwowy, podobnie jak inne stymulanty.<\/p>\n<p>Stosowanie tego stymulanta poprawia dzia\u0142anie niekt\u00f3rych substancji chemicznych. Bio-kokaina jest r\u00f3wnie\u017c sprzedawana i kupowana na ca\u0142ym \u015bwiecie pod mark\u0105 Coke. Opr\u00f3cz tego, \u017ce jest lekiem, jest r\u00f3wnie\u017c stosowana w produkcji kilku produkt\u00f3w farmaceutycznych. Zdrowie ludzi mo\u017ce w znacznym stopniu skorzysta\u0107 z tych lek\u00f3w. <a href=\"https:\/\/legitgrams.com\/pl\/produkt\/biokaina-86\/\">Kokaina<\/a> zajmuje drugie miejsce w\u015br\u00f3d najcz\u0119\u015bciej u\u017cywanych narkotyk\u00f3w.<\/p>\n<p>Bio Cocaine-86 nale\u017cy do najczystszych form kokainy, jakie mo\u017cna znale\u017a\u0107 chemicznie i naturalnie. Bio kokaina jest stosowana jako sk\u0142adnik wielu produkt\u00f3w farmaceutycznych ze wzgl\u0119du na swoje unikalne w\u0142a\u015bciwo\u015bci, w tym zdolno\u015b\u0107 do szybkiego dzia\u0142ania. Jest to bardzo silny lek zaprojektowany w celu zmniejszenia psychologicznych skutk\u00f3w szoku. Sugeruje to, \u017ce Bio Cocaine-86 jest stosowana w celu pomocy umys\u0142owi w kontrolowaniu nieregularnych emocji, takich jak rado\u015b\u0107 lub smutek. Ludzki umys\u0142 r\u00f3wnie\u017c dzia\u0142a normalnie w tych warunkach. Jest r\u00f3wnie\u017c stosowana w celu zapewnienia nieprzerwanego, spokojnego snu. Osoby stosuj\u0105ce t\u0119 kokain\u0119 twierdz\u0105, \u017ce czuj\u0105 si\u0119 zrelaksowane i szcz\u0119\u015bliwe.<\/p>\n<p>Bez recepty, Bio <a href=\"https:\/\/en.wikipedia.org\/wiki\/Cocaine\">Kokaina<\/a>-86 jest r\u00f3wnie\u017c stosowany w barach i klubach tanecznych, aby w pe\u0142ni do\u015bwiadczy\u0107 tych uroczysto\u015bci. Ten lek jest u\u017cywany przez ludzi, aby si\u0119 zrelaksowa\u0107 po pokonaniu przeszk\u00f3d w \u017cyciu. Jest r\u00f3wnie\u017c stosowany w celu zmniejszenia lub wyeliminowania przej\u015bciowej depresji w umys\u0142ach ludzi. Zajmuje drugie miejsce na li\u015bcie najcz\u0119\u015bciej stosowanych lek\u00f3w ze wzgl\u0119du na wcze\u015bniej wymienione w\u0142a\u015bciwo\u015bci. <a href=\"https:\/\/legitgrams.com\/pl\/\">LegitGrams<\/a><\/p>\n<p>W pewnych warunkach Bio Cocaine-86 jest niew\u0105tpliwie bardzo korzystna dla ludzkiego cia\u0142a; jednak jej nadu\u017cywanie mo\u017ce potencjalnie mie\u0107 szkodliwy wp\u0142yw na fizyczne i emocjonalne samopoczucie. W przypadku nadmiernego stosowania mo\u017ce powodowa\u0107 bezsenno\u015b\u0107. Dlatego nale\u017cy j\u0105 stosowa\u0107 wy\u0142\u0105cznie zgodnie z potrzebami ludzkiego cia\u0142a.<\/p>\n<p>Mo\u017cna wstrzykiwa\u0107 lub wci\u0105ga\u0107 Bio Cocaine-86 bezpo\u015brednio do \u017cy\u0142y. Ka\u017cdy mo\u017ce \u0142atwo uzyska\u0107 j\u0105 w sklepie internetowym. Sprzedajemy r\u00f3wnie\u017c Bio Cocaine-86 w bardzo przyst\u0119pnych cenach za po\u015brednictwem naszego sklepu internetowego. Dzi\u0119ki naszej us\u0142udze dostawy online otrzymasz sw\u00f3j przedmiot niezwykle szybko.<\/p>\n<p>Zam\u00f3w Bio-Cocaine 86%: Kup Bio-Cocoine, Kup Cocaine 86%, Kup Bio-Cocoine online, Gdzie kupi\u0107 Bio Cocaine 86%, Bio Cocaine 86% na sprzeda\u017c, Kup Cocaine online, Gdzie kupi\u0107 Bio Cocaine 86% na sprzeda\u017c w USA, Kanadzie i Wielkiej Brytanii, Kup online, Dostawcy, Bezpieczna dostawa, Bio Cocaine 86% jest nadal dost\u0119pne; czy jest legalne w Stanach Zjednoczonych? Czy Bio Cocaine 86% jest dost\u0119pne online? Jaki jest proces zamawiania Bio Cocaine 86% i czy jest legalne w Kanadzie?<\/p>","protected":false},"excerpt":{"rendered":"<p>For Sale: 86% Bio-Cocaine Cocaine is a very strong stimulant that is used to give people a distinctive and seductive mental structure. Bio Cocaine makes it easier for the human mind to perceive everyday occurrences. Bio cocaine affects the central nervous system directly, much like other stimulants do. The use of this stimulant improves some &hellip;<\/p>\n<p class=\"read-more\"> <a class=\"\" href=\"https:\/\/legitgrams.com\/pl\/produkt\/biokaina-86\/\"> <span class=\"screen-reader-text\">Bio Cocaine 86%<\/span> Czytaj wi\u0119cej \"<\/a><\/p>","protected":false},"featured_media":5328,"comment_status":"open","ping_status":"closed","template":"","meta":{"_uag_custom_page_level_css":"","site-sidebar-layout":"default","site-content-layout":"default","ast-global-header-display":"","ast-main-header-display":"","ast-hfb-above-header-display":"","ast-hfb-below-header-display":"","ast-hfb-mobile-header-display":"","site-post-title":"","ast-breadcrumbs-content":"","ast-featured-img":"","footer-sml-layout":"","theme-transparent-header-meta":"default","adv-header-id-meta":"","stick-header-meta":"default","header-above-stick-meta":"","header-main-stick-meta":"","header-below-stick-meta":"","_joinchat":[]},"product_brand":[],"product_cat":[70],"product_tag":[731,721,711,735,723,718,733,734,732,715,714,713,724,729,726,617,712,728,725,720,717,730,727,625,719,722,716],"class_list":{"0":"post-4311","1":"product","2":"type-product","3":"status-publish","4":"has-post-thumbnail","6":"product_cat-cocaine","7":"product_tag-best-cheap-price-bio-cocaine-86","8":"product_tag-best-place-to-buy-bio-cocaine-86","9":"product_tag-bio-cocaine-86","10":"product_tag-bio-cocaine-86-for-sale","11":"product_tag-bio-cocaine-86-legally","12":"product_tag-bio-cocaine-86-online","13":"product_tag-bio-cocaine-86-use","14":"product_tag-bio-cocaine-86-wiki","15":"product_tag-bio-cocaine-86-worldwide","16":"product_tag-bio-cocaine-86bio-cocaine-86supplier","17":"product_tag-bio-cocaine-86for-sale","18":"product_tag-bio-cocaine-86online","19":"product_tag-bio-cocaine-86price","20":"product_tag-bio-cocaine-86s","21":"product_tag-bio-cocaine-86store","22":"product_tag-bulk-online","23":"product_tag-buy-bio-cocaine-86","24":"product_tag-cheap-bio-cocaine-86","25":"product_tag-high-quality-bio-cocaine-86","26":"product_tag-how-to-buy-bio-cocaine-86","27":"product_tag-order-bio-cocaine-86","28":"product_tag-purcharse-bio-cocaine-86","29":"product_tag-shop-bio-cocaine-86","30":"product_tag-top-quality","31":"product_tag-where-to-buy-bio-cocaine-86","32":"product_tag-where-to-order-bio-cocaine-86","33":"product_tag-wholesale-bio-cocaine-86","34":"desktop-align-left","35":"tablet-align-left","36":"mobile-align-left","37":"ast-product-gallery-layout-horizontal","38":"ast-product-gallery-with-no-image","39":"ast-product-single-variable","40":"ast-product-tabs-layout-horizontal","41":"ast-qv-on-image","43":"first","44":"instock","45":"shipping-taxable","46":"purchasable","47":"product-type-variable"},"yoast_head":"<!-- This site is optimized with the Yoast SEO plugin v25.9 - https:\/\/yoast.com\/wordpress\/plugins\/seo\/ -->\n<title>Bio Cocaine for Sale - Buy Bio Cocaine Online @ Cheap Price<\/title>\n<meta name=\"description\" content=\"You can get bio cocaine for sale at our store and get it at your doorstep without any hassle. We will help you to buy Bbio cocaine online. Get Fast Delivery when you order bio cocaine online!\" \/>\n<meta name=\"robots\" content=\"index, follow, max-snippet:-1, max-image-preview:large, max-video-preview:-1\" \/>\n<link rel=\"canonical\" href=\"https:\/\/legitgrams.com\/pl\/produkt\/biokaina-86\/\" \/>\n<meta property=\"og:locale\" content=\"pl_PL\" \/>\n<meta property=\"og:type\" content=\"article\" \/>\n<meta property=\"og:title\" content=\"Bio Cocaine for Sale - Buy Bio Cocaine Online @ Cheap Price\" \/>\n<meta property=\"og:description\" content=\"You can get bio cocaine for sale at our store and get it at your doorstep without any hassle. We will help you to buy Bbio cocaine online. Get Fast Delivery when you order bio cocaine online!\" \/>\n<meta property=\"og:url\" content=\"https:\/\/legitgrams.com\/pl\/produkt\/biokaina-86\/\" \/>\n<meta property=\"og:site_name\" content=\"Legit Grams\" \/>\n<meta property=\"article:modified_time\" content=\"2025-01-13T09:45:18+00:00\" \/>\n<meta property=\"og:image\" content=\"https:\/\/legitgrams.com\/wp-content\/uploads\/2024\/09\/Buy-Bio-Cocaine.jpg\" \/>\n\t<meta property=\"og:image:width\" content=\"600\" \/>\n\t<meta property=\"og:image:height\" content=\"600\" \/>\n\t<meta property=\"og:image:type\" content=\"image\/jpeg\" \/>\n<meta name=\"twitter:card\" content=\"summary_large_image\" \/>\n<meta name=\"twitter:label1\" content=\"Szacowany czas czytania\" \/>\n\t<meta name=\"twitter:data1\" content=\"3 minuty\" \/>\n<script type=\"application\/ld+json\" class=\"yoast-schema-graph\">{\"@context\":\"https:\/\/schema.org\",\"@graph\":[{\"@type\":\"WebPage\",\"@id\":\"https:\/\/legitgrams.com\/product\/bio-cocaine-86\/\",\"url\":\"https:\/\/legitgrams.com\/product\/bio-cocaine-86\/\",\"name\":\"Bio Cocaine for Sale - Buy Bio Cocaine Online @ Cheap Price\",\"isPartOf\":{\"@id\":\"https:\/\/legitgrams.com\/#website\"},\"primaryImageOfPage\":{\"@id\":\"https:\/\/legitgrams.com\/product\/bio-cocaine-86\/#primaryimage\"},\"image\":{\"@id\":\"https:\/\/legitgrams.com\/product\/bio-cocaine-86\/#primaryimage\"},\"thumbnailUrl\":\"https:\/\/legitgrams.com\/wp-content\/uploads\/2024\/09\/Buy-Bio-Cocaine.jpg\",\"datePublished\":\"2024-09-22T10:16:26+00:00\",\"dateModified\":\"2025-01-13T09:45:18+00:00\",\"description\":\"You can get bio cocaine for sale at our store and get it at your doorstep without any hassle. We will help you to buy Bbio cocaine online. Get Fast Delivery when you order bio cocaine online!\",\"breadcrumb\":{\"@id\":\"https:\/\/legitgrams.com\/product\/bio-cocaine-86\/#breadcrumb\"},\"inLanguage\":\"pl-PL\",\"potentialAction\":[{\"@type\":\"ReadAction\",\"target\":[\"https:\/\/legitgrams.com\/product\/bio-cocaine-86\/\"]}]},{\"@type\":\"ImageObject\",\"inLanguage\":\"pl-PL\",\"@id\":\"https:\/\/legitgrams.com\/product\/bio-cocaine-86\/#primaryimage\",\"url\":\"https:\/\/legitgrams.com\/wp-content\/uploads\/2024\/09\/Buy-Bio-Cocaine.jpg\",\"contentUrl\":\"https:\/\/legitgrams.com\/wp-content\/uploads\/2024\/09\/Buy-Bio-Cocaine.jpg\",\"width\":600,\"height\":600,\"caption\":\"Bio Cocaine 86% for Sale\"},{\"@type\":\"BreadcrumbList\",\"@id\":\"https:\/\/legitgrams.com\/product\/bio-cocaine-86\/#breadcrumb\",\"itemListElement\":[{\"@type\":\"ListItem\",\"position\":1,\"name\":\"Home\",\"item\":\"https:\/\/legitgrams.com\/\"},{\"@type\":\"ListItem\",\"position\":2,\"name\":\"Shop\",\"item\":\"https:\/\/legitgrams.com\/shop\/\"},{\"@type\":\"ListItem\",\"position\":3,\"name\":\"Bio Cocaine 86%\"}]},{\"@type\":\"WebSite\",\"@id\":\"https:\/\/legitgrams.com\/#website\",\"url\":\"https:\/\/legitgrams.com\/\",\"name\":\"Legit Grams\",\"description\":\"My WordPress Blog\",\"publisher\":{\"@id\":\"https:\/\/legitgrams.com\/#organization\"},\"potentialAction\":[{\"@type\":\"SearchAction\",\"target\":{\"@type\":\"EntryPoint\",\"urlTemplate\":\"https:\/\/legitgrams.com\/?s={search_term_string}\"},\"query-input\":{\"@type\":\"PropertyValueSpecification\",\"valueRequired\":true,\"valueName\":\"search_term_string\"}}],\"inLanguage\":\"pl-PL\"},{\"@type\":\"Organization\",\"@id\":\"https:\/\/legitgrams.com\/#organization\",\"name\":\"Legit Grams\",\"url\":\"https:\/\/legitgrams.com\/\",\"logo\":{\"@type\":\"ImageObject\",\"inLanguage\":\"pl-PL\",\"@id\":\"https:\/\/legitgrams.com\/#\/schema\/logo\/image\/\",\"url\":\"https:\/\/legitgrams.com\/wp-content\/uploads\/2024\/09\/main-logo.png\",\"contentUrl\":\"https:\/\/legitgrams.com\/wp-content\/uploads\/2024\/09\/main-logo.png\",\"width\":270,\"height\":75,\"caption\":\"Legit Grams\"},\"image\":{\"@id\":\"https:\/\/legitgrams.com\/#\/schema\/logo\/image\/\"}}]}<\/script>\n<!-- \/ Yoast SEO plugin. -->","yoast_head_json":{"title":"Bio Kokaina na Sprzeda\u017c - Kup Bio Kokain\u0119 Online @ Tania Cena","description":"Mo\u017cesz dosta\u0107 biokain\u0119 na sprzeda\u017c w naszym sklepie i dosta\u0107 j\u0105 pod swoje drzwi bez \u017cadnych k\u0142opot\u00f3w. Pomo\u017cemy Ci kupi\u0107 kokain\u0119 Bbio online. Uzyskaj szybk\u0105 dostaw\u0119, zamawiaj\u0105c biokain\u0119 online!","robots":{"index":"index","follow":"follow","max-snippet":"max-snippet:-1","max-image-preview":"max-image-preview:large","max-video-preview":"max-video-preview:-1"},"canonical":"https:\/\/legitgrams.com\/pl\/produkt\/biokaina-86\/","og_locale":"pl_PL","og_type":"article","og_title":"Bio Cocaine for Sale - Buy Bio Cocaine Online @ Cheap Price","og_description":"You can get bio cocaine for sale at our store and get it at your doorstep without any hassle. We will help you to buy Bbio cocaine online. Get Fast Delivery when you order bio cocaine online!","og_url":"https:\/\/legitgrams.com\/pl\/produkt\/biokaina-86\/","og_site_name":"Legit Grams","article_modified_time":"2025-01-13T09:45:18+00:00","og_image":[{"width":600,"height":600,"url":"https:\/\/legitgrams.com\/wp-content\/uploads\/2024\/09\/Buy-Bio-Cocaine.jpg","type":"image\/jpeg"}],"twitter_card":"summary_large_image","twitter_misc":{"Szacowany czas czytania":"3 minuty"},"schema":{"@context":"https:\/\/schema.org","@graph":[{"@type":"WebPage","@id":"https:\/\/legitgrams.com\/product\/bio-cocaine-86\/","url":"https:\/\/legitgrams.com\/product\/bio-cocaine-86\/","name":"Bio Kokaina na Sprzeda\u017c - Kup Bio Kokain\u0119 Online @ Tania Cena","isPartOf":{"@id":"https:\/\/legitgrams.com\/#website"},"primaryImageOfPage":{"@id":"https:\/\/legitgrams.com\/product\/bio-cocaine-86\/#primaryimage"},"image":{"@id":"https:\/\/legitgrams.com\/product\/bio-cocaine-86\/#primaryimage"},"thumbnailUrl":"https:\/\/legitgrams.com\/wp-content\/uploads\/2024\/09\/Buy-Bio-Cocaine.jpg","datePublished":"2024-09-22T10:16:26+00:00","dateModified":"2025-01-13T09:45:18+00:00","description":"Mo\u017cesz dosta\u0107 biokain\u0119 na sprzeda\u017c w naszym sklepie i dosta\u0107 j\u0105 pod swoje drzwi bez \u017cadnych k\u0142opot\u00f3w. Pomo\u017cemy Ci kupi\u0107 kokain\u0119 Bbio online. Uzyskaj szybk\u0105 dostaw\u0119, zamawiaj\u0105c biokain\u0119 online!","breadcrumb":{"@id":"https:\/\/legitgrams.com\/product\/bio-cocaine-86\/#breadcrumb"},"inLanguage":"pl-PL","potentialAction":[{"@type":"ReadAction","target":["https:\/\/legitgrams.com\/product\/bio-cocaine-86\/"]}]},{"@type":"ImageObject","inLanguage":"pl-PL","@id":"https:\/\/legitgrams.com\/product\/bio-cocaine-86\/#primaryimage","url":"https:\/\/legitgrams.com\/wp-content\/uploads\/2024\/09\/Buy-Bio-Cocaine.jpg","contentUrl":"https:\/\/legitgrams.com\/wp-content\/uploads\/2024\/09\/Buy-Bio-Cocaine.jpg","width":600,"height":600,"caption":"Bio Cocaine 86% for Sale"},{"@type":"BreadcrumbList","@id":"https:\/\/legitgrams.com\/product\/bio-cocaine-86\/#breadcrumb","itemListElement":[{"@type":"ListItem","position":1,"name":"Home","item":"https:\/\/legitgrams.com\/"},{"@type":"ListItem","position":2,"name":"Shop","item":"https:\/\/legitgrams.com\/shop\/"},{"@type":"ListItem","position":3,"name":"Bio Cocaine 86%"}]},{"@type":"WebSite","@id":"https:\/\/legitgrams.com\/#website","url":"https:\/\/legitgrams.com\/","name":"Legit Grams","description":"M\u00f3j blog WordPress","publisher":{"@id":"https:\/\/legitgrams.com\/#organization"},"potentialAction":[{"@type":"SearchAction","target":{"@type":"EntryPoint","urlTemplate":"https:\/\/legitgrams.com\/?s={search_term_string}"},"query-input":{"@type":"PropertyValueSpecification","valueRequired":true,"valueName":"search_term_string"}}],"inLanguage":"pl-PL"},{"@type":"Organization","@id":"https:\/\/legitgrams.com\/#organization","name":"Legit Grams","url":"https:\/\/legitgrams.com\/","logo":{"@type":"ImageObject","inLanguage":"pl-PL","@id":"https:\/\/legitgrams.com\/#\/schema\/logo\/image\/","url":"https:\/\/legitgrams.com\/wp-content\/uploads\/2024\/09\/main-logo.png","contentUrl":"https:\/\/legitgrams.com\/wp-content\/uploads\/2024\/09\/main-logo.png","width":270,"height":75,"caption":"Legit Grams"},"image":{"@id":"https:\/\/legitgrams.com\/#\/schema\/logo\/image\/"}}]}},"uagb_featured_image_src":{"full":["https:\/\/legitgrams.com\/wp-content\/uploads\/2024\/09\/Buy-Bio-Cocaine.jpg",600,600,false],"thumbnail":["https:\/\/legitgrams.com\/wp-content\/uploads\/2024\/09\/Buy-Bio-Cocaine-150x150.jpg",150,150,true],"medium":["https:\/\/legitgrams.com\/wp-content\/uploads\/2024\/09\/Buy-Bio-Cocaine-300x300.jpg",300,300,true],"medium_large":["https:\/\/legitgrams.com\/wp-content\/uploads\/2024\/09\/Buy-Bio-Cocaine.jpg",600,600,false],"large":["https:\/\/legitgrams.com\/wp-content\/uploads\/2024\/09\/Buy-Bio-Cocaine.jpg",600,600,false],"1536x1536":["https:\/\/legitgrams.com\/wp-content\/uploads\/2024\/09\/Buy-Bio-Cocaine.jpg",600,600,false],"2048x2048":["https:\/\/legitgrams.com\/wp-content\/uploads\/2024\/09\/Buy-Bio-Cocaine.jpg",600,600,false],"trp-custom-language-flag":["https:\/\/legitgrams.com\/wp-content\/uploads\/2024\/09\/Buy-Bio-Cocaine-12x12.jpg",12,12,true],"woocommerce_thumbnail":["https:\/\/legitgrams.com\/wp-content\/uploads\/2024\/09\/Buy-Bio-Cocaine-300x300.jpg",300,300,true],"woocommerce_single":["https:\/\/legitgrams.com\/wp-content\/uploads\/2024\/09\/Buy-Bio-Cocaine.jpg",600,600,false],"woocommerce_gallery_thumbnail":["https:\/\/legitgrams.com\/wp-content\/uploads\/2024\/09\/Buy-Bio-Cocaine-100x100.jpg",100,100,true]},"uagb_author_info":{"display_name":"cokeblog18","author_link":"https:\/\/legitgrams.com\/pl\/author\/"},"uagb_comment_info":0,"uagb_excerpt":"For Sale: 86% Bio-Cocaine Cocaine is a very strong stimulant that is used to give people a distinctive and seductive mental structure. Bio Cocaine makes it easier for the human mind to perceive everyday occurrences. Bio cocaine affects the central nervous system directly, much like other stimulants do. The use of this stimulant improves some&hellip;","_links":{"self":[{"href":"https:\/\/legitgrams.com\/pl\/wp-json\/wp\/v2\/product\/4311","targetHints":{"allow":["GET"]}}],"collection":[{"href":"https:\/\/legitgrams.com\/pl\/wp-json\/wp\/v2\/product"}],"about":[{"href":"https:\/\/legitgrams.com\/pl\/wp-json\/wp\/v2\/types\/product"}],"replies":[{"embeddable":true,"href":"https:\/\/legitgrams.com\/pl\/wp-json\/wp\/v2\/comments?post=4311"}],"wp:featuredmedia":[{"embeddable":true,"href":"https:\/\/legitgrams.com\/pl\/wp-json\/wp\/v2\/media\/5328"}],"wp:attachment":[{"href":"https:\/\/legitgrams.com\/pl\/wp-json\/wp\/v2\/media?parent=4311"}],"wp:term":[{"taxonomy":"product_brand","embeddable":true,"href":"https:\/\/legitgrams.com\/pl\/wp-json\/wp\/v2\/product_brand?post=4311"},{"taxonomy":"product_cat","embeddable":true,"href":"https:\/\/legitgrams.com\/pl\/wp-json\/wp\/v2\/product_cat?post=4311"},{"taxonomy":"product_tag","embeddable":true,"href":"https:\/\/legitgrams.com\/pl\/wp-json\/wp\/v2\/product_tag?post=4311"}],"curies":[{"name":"wp","href":"https:\/\/api.w.org\/{rel}","templated":true}]}}