{"id":5353,"date":"2024-09-23T21:55:57","date_gmt":"2024-09-23T21:55:57","guid":{"rendered":"https:\/\/legitgrams.com\/?post_type=product&#038;p=5353"},"modified":"2026-02-26T12:18:58","modified_gmt":"2026-02-26T12:18:58","slug":"buy-blueberry-nuken-shatter-online","status":"publish","type":"product","link":"https:\/\/legitgrams.com\/pl\/produkt\/buy-blueberry-nuken-shatter-online\/","title":{"rendered":"Buy Blueberry Nuken Shatter Online"},"content":{"rendered":"<h2>Top Shelf Online: Blueberry Nuken Shatter na sprzeda\u017c<\/h2>\n<p>Koncentrat Blueberry Shatter zosta\u0142 stworzony z nowego szczepu, kt\u00f3ry wyszed\u0142 z kreatywnego umys\u0142u legendarnego DJ Shorta. Ekstrakt premium <a href=\"https:\/\/legitgrams.com\/pl\/produkt\/buy-blueberry-nuken-shatter-online\/\">Blueberry Shatter<\/a> jest uwa\u017cana przez spo\u0142eczno\u015b\u0107 konopn\u0105 za jedn\u0105 z najmocniejszych i najbardziej orze\u017awiaj\u0105cych hybryd indica na rynku. Spodziewaj si\u0119 smaku podobnego do \u015bwie\u017co zrobionej muffinki z jagodami, wzmocnionego delikatnymi nutami wanilii tego pysznego zapachu i zako\u0144czonego \u015bwie\u017cymi, sosnowymi nutami podczas wydechu.<\/p>\n<h3>Blueberry Shatter mo\u017cna kupi\u0107 online.<\/h3>\n<p>Niestety, nara\u017cenie na ciep\u0142o cz\u0119sto powoduje zapadni\u0119cie si\u0119, co prowadzi do woskowych pryszczy. Ale to nie sprawia, \u017ce \u200b\u200bTwoje ciosy s\u0105 mniej bezpieczne lub skuteczne.<\/p>\n<p>Nie przyjmujemy zwrot\u00f3w, je\u015bli Twoja \u0142za rozwinie p\u0105ki lub wosk. Ink Kush to pot\u0119\u017cna hybryda z przewag\u0105 indica i silnym efektem na cia\u0142o, kt\u00f3ra jest r\u00f3wnie po\u017c\u0105dana, jak jej krewny, oryginalny Kush. Jej specjalna odmiana ma r\u00f3\u017cowe w\u0142osy z ledwo zauwa\u017calnymi jasnozielonymi p\u0105kami. Pod warstw\u0105 cukrowych trichom\u00f3w unosi si\u0119 subtelny zapach cukierk\u00f3w i s\u0142odkich perfum waniliowych. <a href=\"https:\/\/legitgrams.com\/pl\/\">LegitGrams<\/a><\/p>\n<p>Kup <a href=\"https:\/\/en.wikipedia.org\/wiki\/Blueberry\">Jagoda<\/a> Rozbij, aby uzyska\u0107 d\u0142ugotrwa\u0142\u0105, ciep\u0142\u0105 eufori\u0119, kt\u00f3ra powoli si\u0119 nasila i po kt\u00f3rej nast\u0119puje fala powolnego, refleksyjnego spokoju, kt\u00f3ry przyt\u0142acza, spowalnia i odwraca uwag\u0119 od kr\u00f3tkotrwa\u0142ych, czasami negatywnych my\u015bli, kt\u00f3re cz\u0119sto zatykaj\u0105 ci g\u0142ow\u0119 po d\u0142ugim dniu w pracy. Ze wzgl\u0119du na swoje podnosz\u0105ce na duchu i d\u0142ugotrwa\u0142e w\u0142a\u015bciwo\u015bci, ten ekstrakt jest doskona\u0142ym wyborem do radzenia sobie z przewlek\u0142ym b\u00f3lem, stresem i wyczerpaniem, ze szczeg\u00f3lnym uwzgl\u0119dnieniem \u0142agodzenia nudy dnia roboczego.<\/p>\n<p>Kup Blueberry Nuken Shatter z Top Shelf: kup Blueberry Nuken Shatter online w Stanach Zjednoczonych, kup Blueberry Nuken Shatter w Stanach Zjednoczonych, Gdzie mog\u0119 kupi\u0107 Nuken Shatter Blueberry online? Gdzie mog\u0119 kupi\u0107 Nuken Shatter Blueberry online? Gdzie mog\u0119 kupi\u0107 Nuken Shatter Blueberry online? Czy Blueberry Nuken Shatters s\u0105 dost\u0119pne w Stanach Zjednoczonych, Kanadzie i Wielkiej Brytanii? zakup, internet, sprzedawcy, bezpieczna wysy\u0142ka, Blueberry Nuken Shatter jest nadal dost\u0119pny do kupienia. Ponadto mo\u017cesz dowiedzie\u0107 si\u0119, jak zdoby\u0107 Blueberry Nuken Shatter, czy jest to legalne w Kanadzie i czy jest to legalne w USA.<\/p>","protected":false},"excerpt":{"rendered":"<p>Top Shelf Online: Blueberry Nuken Shatter for Sale The Blueberry Shatter concentrate was created from a new strain that came from the creative mind of legendary DJ Short. The premium extract Blueberry Shatter is regarded by the cannabis community as one of the most potent and invigorating indica hybrids on the market. Expect a taste &hellip;<\/p>\n<p class=\"read-more\"> <a class=\"\" href=\"https:\/\/legitgrams.com\/pl\/produkt\/buy-blueberry-nuken-shatter-online\/\"> <span class=\"screen-reader-text\">Buy Blueberry Nuken Shatter Online<\/span> Czytaj wi\u0119cej \"<\/a><\/p>","protected":false},"featured_media":5356,"comment_status":"open","ping_status":"closed","template":"","meta":{"_uag_custom_page_level_css":"","site-sidebar-layout":"default","site-content-layout":"default","ast-global-header-display":"","ast-main-header-display":"","ast-hfb-above-header-display":"","ast-hfb-below-header-display":"","ast-hfb-mobile-header-display":"","site-post-title":"","ast-breadcrumbs-content":"","ast-featured-img":"","footer-sml-layout":"","theme-transparent-header-meta":"default","adv-header-id-meta":"","stick-header-meta":"default","header-above-stick-meta":"","header-main-stick-meta":"","header-below-stick-meta":"","_joinchat":[]},"product_brand":[],"product_cat":[604],"product_tag":[632,621,611,615,614,623,613,624,630,627,634,635,633,617,612,629,626,620,618,631,628,625,619,622,616],"class_list":{"0":"post-5353","1":"product","2":"type-product","3":"status-publish","4":"has-post-thumbnail","6":"product_cat-shatter","7":"product_tag-best-cheap-price-blueberry-nuken-shatter","8":"product_tag-best-place-to-buy-blueberry-nuken-shatter","9":"product_tag-blueberry-nuken-shatter","10":"product_tag-blueberry-nuken-shatter-blueberry-nuken-shatter-supplier","11":"product_tag-blueberry-nuken-shatter-for-sale","12":"product_tag-blueberry-nuken-shatter-legally","13":"product_tag-blueberry-nuken-shatter-online","14":"product_tag-blueberry-nuken-shatter-price","15":"product_tag-blueberry-nuken-shatter-s","16":"product_tag-blueberry-nuken-shatter-store","17":"product_tag-blueberry-nuken-shatter-use","18":"product_tag-blueberry-nuken-shatter-wiki","19":"product_tag-blueberry-nuken-shatter-worldwide","20":"product_tag-bulk-online","21":"product_tag-buy-blueberry-nuken-shatter","22":"product_tag-cheap-blueberry-nuken-shatter","23":"product_tag-high-quality-blueberry-nuken-shatter","24":"product_tag-how-to-buy-blueberry-nuken-shatter","25":"product_tag-order-blueberry-nuken-shatter","26":"product_tag-purcharse-blueberry-nuken-shatter","27":"product_tag-shop-blueberry-nuken-shatter","28":"product_tag-top-quality","29":"product_tag-where-to-buy-blueberry-nuken-shatter","30":"product_tag-where-to-order-blueberry-nuken-shatter","31":"product_tag-wholesale-blueberry-nuken-shatter","32":"desktop-align-left","33":"tablet-align-left","34":"mobile-align-left","35":"ast-product-gallery-layout-horizontal","36":"ast-product-gallery-with-no-image","37":"ast-product-single-variable","38":"ast-product-tabs-layout-horizontal","39":"ast-qv-on-image","41":"first","42":"instock","43":"featured","44":"shipping-taxable","45":"purchasable","46":"product-type-variable"},"yoast_head":"<!-- This site is optimized with the Yoast SEO plugin v25.9 - https:\/\/yoast.com\/wordpress\/plugins\/seo\/ -->\n<title>Best Blueberry Nuken Shatter for Sale Online - Top Shelf<\/title>\n<meta name=\"description\" content=\"If you are looking to buy blueberry nuken shatter online, Legitgrams.com is the best place to order blueberry nuken shatter online, blueberry nuken for sale at best price. Fast Shipping Service!\" \/>\n<meta name=\"robots\" content=\"index, follow, max-snippet:-1, max-image-preview:large, max-video-preview:-1\" \/>\n<link rel=\"canonical\" href=\"https:\/\/legitgrams.com\/pl\/produkt\/buy-blueberry-nuken-shatter-online\/\" \/>\n<meta property=\"og:locale\" content=\"pl_PL\" \/>\n<meta property=\"og:type\" content=\"article\" \/>\n<meta property=\"og:title\" content=\"Best Blueberry Nuken Shatter for Sale Online - Top Shelf\" \/>\n<meta property=\"og:description\" content=\"If you are looking to buy blueberry nuken shatter online, Legitgrams.com is the best place to order blueberry nuken shatter online, blueberry nuken for sale at best price. Fast Shipping Service!\" \/>\n<meta property=\"og:url\" content=\"https:\/\/legitgrams.com\/pl\/produkt\/buy-blueberry-nuken-shatter-online\/\" \/>\n<meta property=\"og:site_name\" content=\"Legit Grams\" \/>\n<meta property=\"article:modified_time\" content=\"2026-02-26T12:18:58+00:00\" \/>\n<meta property=\"og:image\" content=\"https:\/\/legitgrams.com\/wp-content\/uploads\/2024\/09\/Buy-Blueberry-Nuken-Shatter.jpg\" \/>\n\t<meta property=\"og:image:width\" content=\"600\" \/>\n\t<meta property=\"og:image:height\" content=\"600\" \/>\n\t<meta property=\"og:image:type\" content=\"image\/jpeg\" \/>\n<meta name=\"twitter:card\" content=\"summary_large_image\" \/>\n<meta name=\"twitter:label1\" content=\"Szacowany czas czytania\" \/>\n\t<meta name=\"twitter:data1\" content=\"2 minuty\" \/>\n<script type=\"application\/ld+json\" class=\"yoast-schema-graph\">{\"@context\":\"https:\/\/schema.org\",\"@graph\":[{\"@type\":\"WebPage\",\"@id\":\"https:\/\/legitgrams.com\/product\/buy-blueberry-nuken-shatter-online\/\",\"url\":\"https:\/\/legitgrams.com\/product\/buy-blueberry-nuken-shatter-online\/\",\"name\":\"Best Blueberry Nuken Shatter for Sale Online - Top Shelf\",\"isPartOf\":{\"@id\":\"https:\/\/legitgrams.com\/#website\"},\"primaryImageOfPage\":{\"@id\":\"https:\/\/legitgrams.com\/product\/buy-blueberry-nuken-shatter-online\/#primaryimage\"},\"image\":{\"@id\":\"https:\/\/legitgrams.com\/product\/buy-blueberry-nuken-shatter-online\/#primaryimage\"},\"thumbnailUrl\":\"https:\/\/legitgrams.com\/wp-content\/uploads\/2024\/09\/Buy-Blueberry-Nuken-Shatter.jpg\",\"datePublished\":\"2024-09-23T21:55:57+00:00\",\"dateModified\":\"2026-02-26T12:18:58+00:00\",\"description\":\"If you are looking to buy blueberry nuken shatter online, Legitgrams.com is the best place to order blueberry nuken shatter online, blueberry nuken for sale at best price. Fast Shipping Service!\",\"breadcrumb\":{\"@id\":\"https:\/\/legitgrams.com\/product\/buy-blueberry-nuken-shatter-online\/#breadcrumb\"},\"inLanguage\":\"pl-PL\",\"potentialAction\":[{\"@type\":\"ReadAction\",\"target\":[\"https:\/\/legitgrams.com\/product\/buy-blueberry-nuken-shatter-online\/\"]}]},{\"@type\":\"ImageObject\",\"inLanguage\":\"pl-PL\",\"@id\":\"https:\/\/legitgrams.com\/product\/buy-blueberry-nuken-shatter-online\/#primaryimage\",\"url\":\"https:\/\/legitgrams.com\/wp-content\/uploads\/2024\/09\/Buy-Blueberry-Nuken-Shatter.jpg\",\"contentUrl\":\"https:\/\/legitgrams.com\/wp-content\/uploads\/2024\/09\/Buy-Blueberry-Nuken-Shatter.jpg\",\"width\":600,\"height\":600,\"caption\":\"Buy Blueberry Nuken Shatter Online\"},{\"@type\":\"BreadcrumbList\",\"@id\":\"https:\/\/legitgrams.com\/product\/buy-blueberry-nuken-shatter-online\/#breadcrumb\",\"itemListElement\":[{\"@type\":\"ListItem\",\"position\":1,\"name\":\"Home\",\"item\":\"https:\/\/legitgrams.com\/\"},{\"@type\":\"ListItem\",\"position\":2,\"name\":\"Shop\",\"item\":\"https:\/\/legitgrams.com\/shop\/\"},{\"@type\":\"ListItem\",\"position\":3,\"name\":\"Buy Blueberry Nuken Shatter Online\"}]},{\"@type\":\"WebSite\",\"@id\":\"https:\/\/legitgrams.com\/#website\",\"url\":\"https:\/\/legitgrams.com\/\",\"name\":\"Legit Grams\",\"description\":\"My WordPress Blog\",\"publisher\":{\"@id\":\"https:\/\/legitgrams.com\/#organization\"},\"potentialAction\":[{\"@type\":\"SearchAction\",\"target\":{\"@type\":\"EntryPoint\",\"urlTemplate\":\"https:\/\/legitgrams.com\/?s={search_term_string}\"},\"query-input\":{\"@type\":\"PropertyValueSpecification\",\"valueRequired\":true,\"valueName\":\"search_term_string\"}}],\"inLanguage\":\"pl-PL\"},{\"@type\":\"Organization\",\"@id\":\"https:\/\/legitgrams.com\/#organization\",\"name\":\"Legit Grams\",\"url\":\"https:\/\/legitgrams.com\/\",\"logo\":{\"@type\":\"ImageObject\",\"inLanguage\":\"pl-PL\",\"@id\":\"https:\/\/legitgrams.com\/#\/schema\/logo\/image\/\",\"url\":\"https:\/\/legitgrams.com\/wp-content\/uploads\/2024\/09\/main-logo.png\",\"contentUrl\":\"https:\/\/legitgrams.com\/wp-content\/uploads\/2024\/09\/main-logo.png\",\"width\":270,\"height\":75,\"caption\":\"Legit Grams\"},\"image\":{\"@id\":\"https:\/\/legitgrams.com\/#\/schema\/logo\/image\/\"}}]}<\/script>\n<!-- \/ Yoast SEO plugin. -->","yoast_head_json":{"title":"Najlepszy shatter Blueberry Nuken na sprzeda\u017c online - Top Shelf","description":"Je\u015bli chcesz kupi\u0107 blueberry nuken shatter online, Legitgrams.com to najlepsze miejsce, aby zam\u00f3wi\u0107 blueberry nuken shatter online, blueberry nuken na sprzeda\u017c w najlepszej cenie. Szybka wysy\u0142ka!","robots":{"index":"index","follow":"follow","max-snippet":"max-snippet:-1","max-image-preview":"max-image-preview:large","max-video-preview":"max-video-preview:-1"},"canonical":"https:\/\/legitgrams.com\/pl\/produkt\/buy-blueberry-nuken-shatter-online\/","og_locale":"pl_PL","og_type":"article","og_title":"Best Blueberry Nuken Shatter for Sale Online - Top Shelf","og_description":"If you are looking to buy blueberry nuken shatter online, Legitgrams.com is the best place to order blueberry nuken shatter online, blueberry nuken for sale at best price. Fast Shipping Service!","og_url":"https:\/\/legitgrams.com\/pl\/produkt\/buy-blueberry-nuken-shatter-online\/","og_site_name":"Legit Grams","article_modified_time":"2026-02-26T12:18:58+00:00","og_image":[{"width":600,"height":600,"url":"https:\/\/legitgrams.com\/wp-content\/uploads\/2024\/09\/Buy-Blueberry-Nuken-Shatter.jpg","type":"image\/jpeg"}],"twitter_card":"summary_large_image","twitter_misc":{"Szacowany czas czytania":"2 minuty"},"schema":{"@context":"https:\/\/schema.org","@graph":[{"@type":"WebPage","@id":"https:\/\/legitgrams.com\/product\/buy-blueberry-nuken-shatter-online\/","url":"https:\/\/legitgrams.com\/product\/buy-blueberry-nuken-shatter-online\/","name":"Najlepszy shatter Blueberry Nuken na sprzeda\u017c online - Top Shelf","isPartOf":{"@id":"https:\/\/legitgrams.com\/#website"},"primaryImageOfPage":{"@id":"https:\/\/legitgrams.com\/product\/buy-blueberry-nuken-shatter-online\/#primaryimage"},"image":{"@id":"https:\/\/legitgrams.com\/product\/buy-blueberry-nuken-shatter-online\/#primaryimage"},"thumbnailUrl":"https:\/\/legitgrams.com\/wp-content\/uploads\/2024\/09\/Buy-Blueberry-Nuken-Shatter.jpg","datePublished":"2024-09-23T21:55:57+00:00","dateModified":"2026-02-26T12:18:58+00:00","description":"Je\u015bli chcesz kupi\u0107 blueberry nuken shatter online, Legitgrams.com to najlepsze miejsce, aby zam\u00f3wi\u0107 blueberry nuken shatter online, blueberry nuken na sprzeda\u017c w najlepszej cenie. Szybka wysy\u0142ka!","breadcrumb":{"@id":"https:\/\/legitgrams.com\/product\/buy-blueberry-nuken-shatter-online\/#breadcrumb"},"inLanguage":"pl-PL","potentialAction":[{"@type":"ReadAction","target":["https:\/\/legitgrams.com\/product\/buy-blueberry-nuken-shatter-online\/"]}]},{"@type":"ImageObject","inLanguage":"pl-PL","@id":"https:\/\/legitgrams.com\/product\/buy-blueberry-nuken-shatter-online\/#primaryimage","url":"https:\/\/legitgrams.com\/wp-content\/uploads\/2024\/09\/Buy-Blueberry-Nuken-Shatter.jpg","contentUrl":"https:\/\/legitgrams.com\/wp-content\/uploads\/2024\/09\/Buy-Blueberry-Nuken-Shatter.jpg","width":600,"height":600,"caption":"Buy Blueberry Nuken Shatter Online"},{"@type":"BreadcrumbList","@id":"https:\/\/legitgrams.com\/product\/buy-blueberry-nuken-shatter-online\/#breadcrumb","itemListElement":[{"@type":"ListItem","position":1,"name":"Home","item":"https:\/\/legitgrams.com\/"},{"@type":"ListItem","position":2,"name":"Shop","item":"https:\/\/legitgrams.com\/shop\/"},{"@type":"ListItem","position":3,"name":"Buy Blueberry Nuken Shatter Online"}]},{"@type":"WebSite","@id":"https:\/\/legitgrams.com\/#website","url":"https:\/\/legitgrams.com\/","name":"Legit Grams","description":"M\u00f3j blog WordPress","publisher":{"@id":"https:\/\/legitgrams.com\/#organization"},"potentialAction":[{"@type":"SearchAction","target":{"@type":"EntryPoint","urlTemplate":"https:\/\/legitgrams.com\/?s={search_term_string}"},"query-input":{"@type":"PropertyValueSpecification","valueRequired":true,"valueName":"search_term_string"}}],"inLanguage":"pl-PL"},{"@type":"Organization","@id":"https:\/\/legitgrams.com\/#organization","name":"Legit Grams","url":"https:\/\/legitgrams.com\/","logo":{"@type":"ImageObject","inLanguage":"pl-PL","@id":"https:\/\/legitgrams.com\/#\/schema\/logo\/image\/","url":"https:\/\/legitgrams.com\/wp-content\/uploads\/2024\/09\/main-logo.png","contentUrl":"https:\/\/legitgrams.com\/wp-content\/uploads\/2024\/09\/main-logo.png","width":270,"height":75,"caption":"Legit Grams"},"image":{"@id":"https:\/\/legitgrams.com\/#\/schema\/logo\/image\/"}}]}},"uagb_featured_image_src":{"full":["https:\/\/legitgrams.com\/wp-content\/uploads\/2024\/09\/Buy-Blueberry-Nuken-Shatter.jpg",600,600,false],"thumbnail":["https:\/\/legitgrams.com\/wp-content\/uploads\/2024\/09\/Buy-Blueberry-Nuken-Shatter-150x150.jpg",150,150,true],"medium":["https:\/\/legitgrams.com\/wp-content\/uploads\/2024\/09\/Buy-Blueberry-Nuken-Shatter-300x300.jpg",300,300,true],"medium_large":["https:\/\/legitgrams.com\/wp-content\/uploads\/2024\/09\/Buy-Blueberry-Nuken-Shatter.jpg",600,600,false],"large":["https:\/\/legitgrams.com\/wp-content\/uploads\/2024\/09\/Buy-Blueberry-Nuken-Shatter.jpg",600,600,false],"1536x1536":["https:\/\/legitgrams.com\/wp-content\/uploads\/2024\/09\/Buy-Blueberry-Nuken-Shatter.jpg",600,600,false],"2048x2048":["https:\/\/legitgrams.com\/wp-content\/uploads\/2024\/09\/Buy-Blueberry-Nuken-Shatter.jpg",600,600,false],"trp-custom-language-flag":["https:\/\/legitgrams.com\/wp-content\/uploads\/2024\/09\/Buy-Blueberry-Nuken-Shatter-12x12.jpg",12,12,true],"woocommerce_thumbnail":["https:\/\/legitgrams.com\/wp-content\/uploads\/2024\/09\/Buy-Blueberry-Nuken-Shatter-300x300.jpg",300,300,true],"woocommerce_single":["https:\/\/legitgrams.com\/wp-content\/uploads\/2024\/09\/Buy-Blueberry-Nuken-Shatter.jpg",600,600,false],"woocommerce_gallery_thumbnail":["https:\/\/legitgrams.com\/wp-content\/uploads\/2024\/09\/Buy-Blueberry-Nuken-Shatter-100x100.jpg",100,100,true]},"uagb_author_info":{"display_name":"cokeblog18","author_link":"https:\/\/legitgrams.com\/pl\/author\/"},"uagb_comment_info":0,"uagb_excerpt":"Top Shelf Online: Blueberry Nuken Shatter for Sale The Blueberry Shatter concentrate was created from a new strain that came from the creative mind of legendary DJ Short. The premium extract Blueberry Shatter is regarded by the cannabis community as one of the most potent and invigorating indica hybrids on the market. Expect a taste&hellip;","_links":{"self":[{"href":"https:\/\/legitgrams.com\/pl\/wp-json\/wp\/v2\/product\/5353","targetHints":{"allow":["GET"]}}],"collection":[{"href":"https:\/\/legitgrams.com\/pl\/wp-json\/wp\/v2\/product"}],"about":[{"href":"https:\/\/legitgrams.com\/pl\/wp-json\/wp\/v2\/types\/product"}],"replies":[{"embeddable":true,"href":"https:\/\/legitgrams.com\/pl\/wp-json\/wp\/v2\/comments?post=5353"}],"wp:featuredmedia":[{"embeddable":true,"href":"https:\/\/legitgrams.com\/pl\/wp-json\/wp\/v2\/media\/5356"}],"wp:attachment":[{"href":"https:\/\/legitgrams.com\/pl\/wp-json\/wp\/v2\/media?parent=5353"}],"wp:term":[{"taxonomy":"product_brand","embeddable":true,"href":"https:\/\/legitgrams.com\/pl\/wp-json\/wp\/v2\/product_brand?post=5353"},{"taxonomy":"product_cat","embeddable":true,"href":"https:\/\/legitgrams.com\/pl\/wp-json\/wp\/v2\/product_cat?post=5353"},{"taxonomy":"product_tag","embeddable":true,"href":"https:\/\/legitgrams.com\/pl\/wp-json\/wp\/v2\/product_tag?post=5353"}],"curies":[{"name":"wp","href":"https:\/\/api.w.org\/{rel}","templated":true}]}}