{"id":2901,"date":"2024-04-01T10:28:41","date_gmt":"2024-04-01T10:28:41","guid":{"rendered":"https:\/\/unkrautmarkt.com\/coke\/?post_type=product&#038;p=2901"},"modified":"2025-03-08T05:06:33","modified_gmt":"2025-03-08T05:06:33","slug":"bolivia-cocaina","status":"publish","type":"product","link":"https:\/\/legitgrams.com\/pt\/produto\/bolivia-cocaina\/","title":{"rendered":"Comprar Coca\u00edna Bol\u00edvia Online"},"content":{"rendered":"<h2>Confira a Coca\u00edna Boliviana Premium da LegitGrams para Venda Online<\/h2>\n<p>Sauda\u00e7\u00f5es da LegitGrams, o melhor lugar para comprar produtos de alta qualidade <a href=\"https:\/\/legitgrams.com\/pt\/produto\/bolivia-cocaina\/\">Coca\u00edna boliviana<\/a> online. We take pride in providing the <a href=\"https:\/\/www.bing.com\/search?q=Buy+Bolivia+Cocaine+Online&amp;qs=n&amp;form=QBRE&amp;sp=-1&amp;lq=0&amp;pq=buy+bolivia+cocaine+online&amp;sc=0-26&amp;sk=&amp;cvid=3C7E3A246BB7401697476B8CC6058BB9&amp;ghsh=0&amp;ghacc=0&amp;ghpl=\">highest quality cocaine for sale<\/a>online. Temos orgulho em fornecer coca\u00edna da mais alta qualidade para venda, garantindo que nossos estimados clientes tenham uma experi\u00eancia de compra tranquila e privada. Nossa plataforma atende a todas as suas necessidades de coca\u00edna da Bol\u00edvia, independentemente de voc\u00ea ser um especialista ou um comprador novato.<\/p>\n<h3>Por que optar por gramas leg\u00edtimas de coca\u00edna da Bol\u00edvia?<\/h3>\n<p>Por uma s\u00e9rie de raz\u00f5es, <a href=\"https:\/\/legitgrams.com\/pt\/\">LegitGrams<\/a> is the greatest location to <a href=\"https:\/\/www.bing.com\/search?q=Buy+Bolivia+Cocaine+Online&amp;qs=n&amp;form=QBRE&amp;sp=-1&amp;lq=0&amp;pq=buy+bolivia+cocaine+online&amp;sc=0-26&amp;sk=&amp;cvid=3C7E3A246BB7401697476B8CC6058BB9&amp;ghsh=0&amp;ghacc=0&amp;ghpl=\">purchase Bolivian cocaine online<\/a>.<\/p>\n<p>Superior Products: We acquire our <a href=\"https:\/\/www.google.com\/search?q=Buy+Bolivia+Cocaine+Online&amp;num=10&amp;sca_esv=1a2a07081c7891bb&amp;rlz=1C1RXQR_enIN1098IN1098&amp;sxsrf=AHTn8zqpFfaaMcBhZ3pIfCYgJThID_meGA%3A1741341363421&amp;ei=s8LKZ5K6GeKWnesP7ZLziQQ&amp;ved=0ahUKEwjS35iL2veLAxViS2cHHW3JPEEQ4dUDCBA&amp;uact=5&amp;oq=Buy+Bolivia+Cocaine+Online&amp;gs_lp=Egxnd3Mtd2l6LXNlcnAiGkJ1eSBCb2xpdmlhIENvY2FpbmUgT25saW5lSLkIUIMEWIMEcAJ4AJABAJgBtwGgAbcBqgEDMC4xuAEDyAEA-AEC-AEBmAICoAIMwgILEAAYgAQYsAMYogTCAggQABiwAxjvBZgDAIgGAZAGApIHATKgB80B&amp;sclient=gws-wiz-serp\">Coca\u00edna boliviana<\/a> from reliable vendors, ensuring that every purchase is of the highest caliber.<br \/>\nCompras on-line seguras: com nossos canais de pagamento on-line seguros, voc\u00ea pode ficar tranquilo sabendo que suas transa\u00e7\u00f5es s\u00e3o protegidas.<br \/>\nEmbalagem Discreta: Reconhecemos o qu\u00e3o crucial \u00e9 a privacidade. Para garantir o anonimato durante o processo de envio, embalamos discretamente sua coca\u00edna boliviana. <a href=\"https:\/\/www.google.com\/search?q=Buy+Bolivia+Cocaine+Online&amp;num=10&amp;sca_esv=1a2a07081c7891bb&amp;rlz=1C1RXQR_enIN1098IN1098&amp;sxsrf=AHTn8zqpFfaaMcBhZ3pIfCYgJThID_meGA%3A1741341363421&amp;ei=s8LKZ5K6GeKWnesP7ZLziQQ&amp;ved=0ahUKEwjS35iL2veLAxViS2cHHW3JPEEQ4dUDCBA&amp;uact=5&amp;oq=Buy+Bolivia+Cocaine+Online&amp;gs_lp=Egxnd3Mtd2l6LXNlcnAiGkJ1eSBCb2xpdmlhIENvY2FpbmUgT25saW5lSLkIUIMEWIMEcAJ4AJABAJgBtwGgAbcBqgEDMC4xuAEDyAEA-AEC-AEBmAICoAIMwgILEAAYgAQYsAMYogTCAggQABiwAxjvBZgDAIgGAZAGApIHATKgB80B&amp;sclient=gws-wiz-serp\">Coca\u00edna boliviana<\/a>.<br \/>\nDiversas op\u00e7\u00f5es: veja uma variedade de produtos de coca\u00edna bolivianos para escolher aquele que melhor se adapta \u00e0s suas necessidades e gostos.<\/p>\n<h3>LegitGrams oferece coca\u00edna boliviana para venda online.<\/h3>\n<p>Are you trying to <a href=\"https:\/\/duckduckgo.com\/?q=Buy+Bolivia+Cocaine+Online&amp;t=h_&amp;ia=web\">purchase Bolivian cocaine online<\/a>Voc\u00ea est\u00e1 tentando comprar coca\u00edna boliviana online? LegitGrams \u00e9 o \u00fanico lugar para procurar. Leva apenas alguns cliques para navegar, escolher e pedir sua coca\u00edna boliviana preferida gra\u00e7as ao nosso portal amig\u00e1vel. N\u00f3s a fornecemos em p\u00f3 e cristal, dependendo da sua prefer\u00eancia.<\/p>\n<h3>Como comprar coca\u00edna da Bol\u00edvia usando LegitGrams<\/h3>\n<p>The procedure for purchasing <a href=\"https:\/\/duckduckgo.com\/?q=Buy+Bolivia+Cocaine+Online&amp;t=h_&amp;ia=web\">Coca\u00edna boliviana<\/a> from LegitGrams is simple. To get started, take these easy steps:<\/p>\n<p>D\u00ea uma olhada em nossa cole\u00e7\u00e3o: D\u00ea uma olhada em nossa ampla sele\u00e7\u00e3o de produtos de coca\u00edna boliviana e<\/p>\n<p>D\u00ea uma olhada em nossa cole\u00e7\u00e3o: escolha o <a href=\"https:\/\/en.wikipedia.org\/wiki\/Coca_in_Bolivia\">Bol\u00edvia Coca\u00edna<\/a> produtos que despertam seu interesse em nossa ampla sele\u00e7\u00e3o.<br \/>\nColoque no seu carrinho: Coloque os itens que voc\u00ea selecionou no seu carrinho e finalize a compra.<br \/>\nCheckout Seguro: Selecione uma op\u00e7\u00e3o de pagamento e forne\u00e7a suas informa\u00e7\u00f5es de envio. Voc\u00ea pode ter certeza de que nosso procedimento de checkout \u00e9 f\u00e1cil e seguro.<br \/>\nReceba seu pedido: Depois que confirmarmos seu pedido, voc\u00ea pode relaxar enquanto embalamos e transportamos discretamente sua coca\u00edna boliviana para sua casa.<\/p>\n<h3>Compre Coca\u00edna Boliviana Online Agora Mesmo<\/h3>\n<p>Voc\u00ea est\u00e1 preparado para experimentar a melhor coca\u00edna boliviana dispon\u00edvel online? Pe\u00e7a agora mesmo na LegitGrams para aproveitar a qualidade superior e a felicidade que nossos produtos oferecem. Com nosso procedimento de pedido f\u00e1cil e excelente suporte ao cliente, comprar coca\u00edna boliviana est\u00e1 a apenas um clique de dist\u00e2ncia.<\/p>\n<p>Nosso objetivo na LegitGrams \u00e9 dar a voc\u00ea os melhores produtos e servi\u00e7os de coca\u00edna boliviana. Descubra um mundo de qualidade, confiabilidade e privacidade ao comprar coca\u00edna boliviana online conosco. Somos a melhor op\u00e7\u00e3o para todas as suas necessidades de coca\u00edna boliviana, pois colocamos sua satisfa\u00e7\u00e3o em primeiro lugar.<\/p>","protected":false},"excerpt":{"rendered":"<p>Check Out LegitGrams&#8217; Premium Bolivian Cocaine for Sale Online Greetings from LegitGrams, the best place to buy high-quality Bolivian cocaine online. We take pride in providing the highest quality cocaine for sale, making sure that our esteemed clients have a smooth and private buying experience. Our platform meets all of your Bolivia cocaine needs, regardless &hellip;<\/p>\n<p class=\"read-more\"> <a class=\"\" href=\"https:\/\/legitgrams.com\/pt\/produto\/bolivia-cocaina\/\"> <span class=\"screen-reader-text\">Comprar Coca\u00edna Bol\u00edvia Online<\/span> Ler mais \"<\/a><\/p>","protected":false},"featured_media":2912,"comment_status":"open","ping_status":"closed","template":"","meta":{"_uag_custom_page_level_css":"","site-sidebar-layout":"default","site-content-layout":"default","ast-global-header-display":"","ast-main-header-display":"","ast-hfb-above-header-display":"","ast-hfb-below-header-display":"","ast-hfb-mobile-header-display":"","site-post-title":"","ast-breadcrumbs-content":"","ast-featured-img":"","footer-sml-layout":"","theme-transparent-header-meta":"default","adv-header-id-meta":"","stick-header-meta":"default","header-above-stick-meta":"","header-main-stick-meta":"","header-below-stick-meta":"","_joinchat":[]},"product_brand":[],"product_cat":[70],"product_tag":[87,88,89,90,91,92,93,94,95,96,97,98,99,100,101,102],"class_list":{"0":"post-2901","1":"product","2":"type-product","3":"status-publish","4":"has-post-thumbnail","6":"product_cat-cocaine","7":"product_tag-benefits-of-bolivia-cocaine","8":"product_tag-best-place-to-order-bolivia-cocaine","9":"product_tag-bolivia-cocaine-for-sale","10":"product_tag-bolivia-cocaine-price","11":"product_tag-bolivia-cocaine-wholesale","12":"product_tag-buy-bolivia-cocaine-legally","13":"product_tag-buy-bolivia-cocaine-online-australia","14":"product_tag-buy-bolivia-cocaine-online-near-me","15":"product_tag-buy-bolivia-cocaine-online-usa","16":"product_tag-cheap-bolivia-cocaine","17":"product_tag-how-can-i-get-the-best-bolivia-cocaine","18":"product_tag-how-to-order-bolivia-cocaine","19":"product_tag-legit-bolivia-cocaine-online","20":"product_tag-what-is-bolivia-cocaine","21":"product_tag-where-can-i-buy-bolivia-cocaine","22":"product_tag-where-to-buy-bolivia-cocaine","23":"desktop-align-left","24":"tablet-align-left","25":"mobile-align-left","26":"ast-product-gallery-layout-horizontal","27":"ast-product-gallery-with-no-image","28":"ast-product-single-variable","29":"ast-product-tabs-layout-horizontal","30":"ast-qv-on-image","32":"first","33":"instock","34":"shipping-taxable","35":"purchasable","36":"product-type-variable"},"yoast_head":"<!-- This site is optimized with the Yoast SEO plugin v25.9 - https:\/\/yoast.com\/wordpress\/plugins\/seo\/ -->\n<title>Buy Bolivia Cocaine Online - Bolivia Cocaine for Sale | LegitGrams<\/title>\n<meta name=\"description\" content=\"Looking for best cocaine store to buy Bolivia Cocaine online? Cokebricks.com is a leading supplier of Bolivia Cocaine. Order Bolivia Cocaine Powder Now!\" \/>\n<meta name=\"robots\" content=\"index, follow, max-snippet:-1, max-image-preview:large, max-video-preview:-1\" \/>\n<link rel=\"canonical\" href=\"https:\/\/legitgrams.com\/pt\/produto\/bolivia-cocaina\/\" \/>\n<meta property=\"og:locale\" content=\"pt_PT\" \/>\n<meta property=\"og:type\" content=\"article\" \/>\n<meta property=\"og:title\" content=\"Buy Bolivia Cocaine Online - Bolivia Cocaine for Sale | LegitGrams\" \/>\n<meta property=\"og:description\" content=\"Looking for best cocaine store to buy Bolivia Cocaine online? Cokebricks.com is a leading supplier of Bolivia Cocaine. Order Bolivia Cocaine Powder Now!\" \/>\n<meta property=\"og:url\" content=\"https:\/\/legitgrams.com\/pt\/produto\/bolivia-cocaina\/\" \/>\n<meta property=\"og:site_name\" content=\"Legit Grams\" \/>\n<meta property=\"article:modified_time\" content=\"2025-03-08T05:06:33+00:00\" \/>\n<meta property=\"og:image\" content=\"https:\/\/legitgrams.com\/wp-content\/uploads\/2024\/04\/bolivia-cocaine.jpg\" \/>\n\t<meta property=\"og:image:width\" content=\"600\" \/>\n\t<meta property=\"og:image:height\" content=\"600\" \/>\n\t<meta property=\"og:image:type\" content=\"image\/jpeg\" \/>\n<meta name=\"twitter:card\" content=\"summary_large_image\" \/>\n<meta name=\"twitter:label1\" content=\"Tempo estimado de leitura\" \/>\n\t<meta name=\"twitter:data1\" content=\"3 minutos\" \/>\n<script type=\"application\/ld+json\" class=\"yoast-schema-graph\">{\"@context\":\"https:\/\/schema.org\",\"@graph\":[{\"@type\":\"WebPage\",\"@id\":\"https:\/\/legitgrams.com\/product\/bolivia-cocaine\/\",\"url\":\"https:\/\/legitgrams.com\/product\/bolivia-cocaine\/\",\"name\":\"Buy Bolivia Cocaine Online - Bolivia Cocaine for Sale | LegitGrams\",\"isPartOf\":{\"@id\":\"https:\/\/legitgrams.com\/#website\"},\"primaryImageOfPage\":{\"@id\":\"https:\/\/legitgrams.com\/product\/bolivia-cocaine\/#primaryimage\"},\"image\":{\"@id\":\"https:\/\/legitgrams.com\/product\/bolivia-cocaine\/#primaryimage\"},\"thumbnailUrl\":\"https:\/\/legitgrams.com\/wp-content\/uploads\/2024\/04\/bolivia-cocaine.jpg\",\"datePublished\":\"2024-04-01T10:28:41+00:00\",\"dateModified\":\"2025-03-08T05:06:33+00:00\",\"description\":\"Looking for best cocaine store to buy Bolivia Cocaine online? Cokebricks.com is a leading supplier of Bolivia Cocaine. Order Bolivia Cocaine Powder Now!\",\"breadcrumb\":{\"@id\":\"https:\/\/legitgrams.com\/product\/bolivia-cocaine\/#breadcrumb\"},\"inLanguage\":\"pt-PT\",\"potentialAction\":[{\"@type\":\"ReadAction\",\"target\":[\"https:\/\/legitgrams.com\/product\/bolivia-cocaine\/\"]}]},{\"@type\":\"ImageObject\",\"inLanguage\":\"pt-PT\",\"@id\":\"https:\/\/legitgrams.com\/product\/bolivia-cocaine\/#primaryimage\",\"url\":\"https:\/\/legitgrams.com\/wp-content\/uploads\/2024\/04\/bolivia-cocaine.jpg\",\"contentUrl\":\"https:\/\/legitgrams.com\/wp-content\/uploads\/2024\/04\/bolivia-cocaine.jpg\",\"width\":600,\"height\":600,\"caption\":\"Bolivia Cocaine for Sale\"},{\"@type\":\"BreadcrumbList\",\"@id\":\"https:\/\/legitgrams.com\/product\/bolivia-cocaine\/#breadcrumb\",\"itemListElement\":[{\"@type\":\"ListItem\",\"position\":1,\"name\":\"Home\",\"item\":\"https:\/\/legitgrams.com\/\"},{\"@type\":\"ListItem\",\"position\":2,\"name\":\"Shop\",\"item\":\"https:\/\/legitgrams.com\/shop\/\"},{\"@type\":\"ListItem\",\"position\":3,\"name\":\"Buy Bolivia Cocaine Online\"}]},{\"@type\":\"WebSite\",\"@id\":\"https:\/\/legitgrams.com\/#website\",\"url\":\"https:\/\/legitgrams.com\/\",\"name\":\"Legit Grams\",\"description\":\"My WordPress Blog\",\"publisher\":{\"@id\":\"https:\/\/legitgrams.com\/#organization\"},\"potentialAction\":[{\"@type\":\"SearchAction\",\"target\":{\"@type\":\"EntryPoint\",\"urlTemplate\":\"https:\/\/legitgrams.com\/?s={search_term_string}\"},\"query-input\":{\"@type\":\"PropertyValueSpecification\",\"valueRequired\":true,\"valueName\":\"search_term_string\"}}],\"inLanguage\":\"pt-PT\"},{\"@type\":\"Organization\",\"@id\":\"https:\/\/legitgrams.com\/#organization\",\"name\":\"Legit Grams\",\"url\":\"https:\/\/legitgrams.com\/\",\"logo\":{\"@type\":\"ImageObject\",\"inLanguage\":\"pt-PT\",\"@id\":\"https:\/\/legitgrams.com\/#\/schema\/logo\/image\/\",\"url\":\"https:\/\/legitgrams.com\/wp-content\/uploads\/2024\/09\/main-logo.png\",\"contentUrl\":\"https:\/\/legitgrams.com\/wp-content\/uploads\/2024\/09\/main-logo.png\",\"width\":270,\"height\":75,\"caption\":\"Legit Grams\"},\"image\":{\"@id\":\"https:\/\/legitgrams.com\/#\/schema\/logo\/image\/\"}}]}<\/script>\n<!-- \/ Yoast SEO plugin. -->","yoast_head_json":{"title":"Comprar Coca\u00edna Bol\u00edvia Online - Coca\u00edna Bol\u00edvia para Venda | LegitGrams","description":"Procura a melhor loja de coca\u00edna para comprar Coca\u00edna da Bol\u00edvia online? Cokebricks.com \u00e9 um fornecedor l\u00edder de Bolivia Cocaine. Encomendar Bolivia Coca\u00edna em p\u00f3 agora!","robots":{"index":"index","follow":"follow","max-snippet":"max-snippet:-1","max-image-preview":"max-image-preview:large","max-video-preview":"max-video-preview:-1"},"canonical":"https:\/\/legitgrams.com\/pt\/produto\/bolivia-cocaina\/","og_locale":"pt_PT","og_type":"article","og_title":"Buy Bolivia Cocaine Online - Bolivia Cocaine for Sale | LegitGrams","og_description":"Looking for best cocaine store to buy Bolivia Cocaine online? Cokebricks.com is a leading supplier of Bolivia Cocaine. Order Bolivia Cocaine Powder Now!","og_url":"https:\/\/legitgrams.com\/pt\/produto\/bolivia-cocaina\/","og_site_name":"Legit Grams","article_modified_time":"2025-03-08T05:06:33+00:00","og_image":[{"width":600,"height":600,"url":"https:\/\/legitgrams.com\/wp-content\/uploads\/2024\/04\/bolivia-cocaine.jpg","type":"image\/jpeg"}],"twitter_card":"summary_large_image","twitter_misc":{"Tempo estimado de leitura":"3 minutos"},"schema":{"@context":"https:\/\/schema.org","@graph":[{"@type":"WebPage","@id":"https:\/\/legitgrams.com\/product\/bolivia-cocaine\/","url":"https:\/\/legitgrams.com\/product\/bolivia-cocaine\/","name":"Comprar Coca\u00edna Bol\u00edvia Online - Coca\u00edna Bol\u00edvia para Venda | LegitGrams","isPartOf":{"@id":"https:\/\/legitgrams.com\/#website"},"primaryImageOfPage":{"@id":"https:\/\/legitgrams.com\/product\/bolivia-cocaine\/#primaryimage"},"image":{"@id":"https:\/\/legitgrams.com\/product\/bolivia-cocaine\/#primaryimage"},"thumbnailUrl":"https:\/\/legitgrams.com\/wp-content\/uploads\/2024\/04\/bolivia-cocaine.jpg","datePublished":"2024-04-01T10:28:41+00:00","dateModified":"2025-03-08T05:06:33+00:00","description":"Procura a melhor loja de coca\u00edna para comprar Coca\u00edna da Bol\u00edvia online? Cokebricks.com \u00e9 um fornecedor l\u00edder de Bolivia Cocaine. Encomendar Bolivia Coca\u00edna em p\u00f3 agora!","breadcrumb":{"@id":"https:\/\/legitgrams.com\/product\/bolivia-cocaine\/#breadcrumb"},"inLanguage":"pt-PT","potentialAction":[{"@type":"ReadAction","target":["https:\/\/legitgrams.com\/product\/bolivia-cocaine\/"]}]},{"@type":"ImageObject","inLanguage":"pt-PT","@id":"https:\/\/legitgrams.com\/product\/bolivia-cocaine\/#primaryimage","url":"https:\/\/legitgrams.com\/wp-content\/uploads\/2024\/04\/bolivia-cocaine.jpg","contentUrl":"https:\/\/legitgrams.com\/wp-content\/uploads\/2024\/04\/bolivia-cocaine.jpg","width":600,"height":600,"caption":"Bolivia Cocaine for Sale"},{"@type":"BreadcrumbList","@id":"https:\/\/legitgrams.com\/product\/bolivia-cocaine\/#breadcrumb","itemListElement":[{"@type":"ListItem","position":1,"name":"Home","item":"https:\/\/legitgrams.com\/"},{"@type":"ListItem","position":2,"name":"Shop","item":"https:\/\/legitgrams.com\/shop\/"},{"@type":"ListItem","position":3,"name":"Buy Bolivia Cocaine Online"}]},{"@type":"WebSite","@id":"https:\/\/legitgrams.com\/#website","url":"https:\/\/legitgrams.com\/","name":"Gramas leg\u00edtimas","description":"O meu blogue WordPress","publisher":{"@id":"https:\/\/legitgrams.com\/#organization"},"potentialAction":[{"@type":"SearchAction","target":{"@type":"EntryPoint","urlTemplate":"https:\/\/legitgrams.com\/?s={search_term_string}"},"query-input":{"@type":"PropertyValueSpecification","valueRequired":true,"valueName":"search_term_string"}}],"inLanguage":"pt-PT"},{"@type":"Organization","@id":"https:\/\/legitgrams.com\/#organization","name":"Gramas leg\u00edtimas","url":"https:\/\/legitgrams.com\/","logo":{"@type":"ImageObject","inLanguage":"pt-PT","@id":"https:\/\/legitgrams.com\/#\/schema\/logo\/image\/","url":"https:\/\/legitgrams.com\/wp-content\/uploads\/2024\/09\/main-logo.png","contentUrl":"https:\/\/legitgrams.com\/wp-content\/uploads\/2024\/09\/main-logo.png","width":270,"height":75,"caption":"Legit Grams"},"image":{"@id":"https:\/\/legitgrams.com\/#\/schema\/logo\/image\/"}}]}},"uagb_featured_image_src":{"full":["https:\/\/legitgrams.com\/wp-content\/uploads\/2024\/04\/bolivia-cocaine.jpg",600,600,false],"thumbnail":["https:\/\/legitgrams.com\/wp-content\/uploads\/2024\/04\/bolivia-cocaine-150x150.jpg",150,150,true],"medium":["https:\/\/legitgrams.com\/wp-content\/uploads\/2024\/04\/bolivia-cocaine-300x300.jpg",300,300,true],"medium_large":["https:\/\/legitgrams.com\/wp-content\/uploads\/2024\/04\/bolivia-cocaine.jpg",600,600,false],"large":["https:\/\/legitgrams.com\/wp-content\/uploads\/2024\/04\/bolivia-cocaine.jpg",600,600,false],"1536x1536":["https:\/\/legitgrams.com\/wp-content\/uploads\/2024\/04\/bolivia-cocaine.jpg",600,600,false],"2048x2048":["https:\/\/legitgrams.com\/wp-content\/uploads\/2024\/04\/bolivia-cocaine.jpg",600,600,false],"trp-custom-language-flag":["https:\/\/legitgrams.com\/wp-content\/uploads\/2024\/04\/bolivia-cocaine.jpg",12,12,false],"woocommerce_thumbnail":["https:\/\/legitgrams.com\/wp-content\/uploads\/2024\/04\/bolivia-cocaine-300x300.jpg",300,300,true],"woocommerce_single":["https:\/\/legitgrams.com\/wp-content\/uploads\/2024\/04\/bolivia-cocaine.jpg",600,600,false],"woocommerce_gallery_thumbnail":["https:\/\/legitgrams.com\/wp-content\/uploads\/2024\/04\/bolivia-cocaine-100x100.jpg",100,100,true]},"uagb_author_info":{"display_name":"cokeblog18","author_link":"https:\/\/legitgrams.com\/pt\/author\/"},"uagb_comment_info":11,"uagb_excerpt":"Check Out LegitGrams&#8217; Premium Bolivian Cocaine for Sale Online Greetings from LegitGrams, the best place to buy high-quality Bolivian cocaine online. We take pride in providing the highest quality cocaine for sale, making sure that our esteemed clients have a smooth and private buying experience. Our platform meets all of your Bolivia cocaine needs, regardless&hellip;","_links":{"self":[{"href":"https:\/\/legitgrams.com\/pt\/wp-json\/wp\/v2\/product\/2901","targetHints":{"allow":["GET"]}}],"collection":[{"href":"https:\/\/legitgrams.com\/pt\/wp-json\/wp\/v2\/product"}],"about":[{"href":"https:\/\/legitgrams.com\/pt\/wp-json\/wp\/v2\/types\/product"}],"replies":[{"embeddable":true,"href":"https:\/\/legitgrams.com\/pt\/wp-json\/wp\/v2\/comments?post=2901"}],"wp:featuredmedia":[{"embeddable":true,"href":"https:\/\/legitgrams.com\/pt\/wp-json\/wp\/v2\/media\/2912"}],"wp:attachment":[{"href":"https:\/\/legitgrams.com\/pt\/wp-json\/wp\/v2\/media?parent=2901"}],"wp:term":[{"taxonomy":"product_brand","embeddable":true,"href":"https:\/\/legitgrams.com\/pt\/wp-json\/wp\/v2\/product_brand?post=2901"},{"taxonomy":"product_cat","embeddable":true,"href":"https:\/\/legitgrams.com\/pt\/wp-json\/wp\/v2\/product_cat?post=2901"},{"taxonomy":"product_tag","embeddable":true,"href":"https:\/\/legitgrams.com\/pt\/wp-json\/wp\/v2\/product_tag?post=2901"}],"curies":[{"name":"wp","href":"https:\/\/api.w.org\/{rel}","templated":true}]}}