{"id":2927,"date":"2024-04-01T10:28:54","date_gmt":"2024-04-01T10:28:54","guid":{"rendered":"https:\/\/unkrautmarkt.com\/coke\/?post_type=product&#038;p=2927"},"modified":"2025-01-14T09:55:36","modified_gmt":"2025-01-14T09:55:36","slug":"cocaina-mexicana","status":"publish","type":"product","link":"https:\/\/legitgrams.com\/pt\/produto\/cocaina-mexicana\/","title":{"rendered":"Coca\u00edna mexicana"},"content":{"rendered":"<h2>Coca\u00edna mexicana premium dispon\u00edvel para compra online<\/h2>\n<p>LegitGrams \u00e9 um varejista online confi\u00e1vel de alta qualidade <strong><a href=\"https:\/\/en.wikipedia.org\/wiki\/Mexican_Coke\">Mexicano<\/a> <a href=\"https:\/\/en.wikipedia.org\/wiki\/Cocaine\">Coca\u00edna<\/a><\/strong>. Nossa especialidade \u00e9 oferecer aos nossos clientes itens de coca\u00edna premium, ao mesmo tempo em que garantimos um ambiente de compras seguro e protegido. Voc\u00ea veio ao lugar certo se quiser comprar coca\u00edna mexicana online.<\/p>\n<h3>Por que nos escolher para coca\u00edna do M\u00e9xico?<\/h3>\n<p>Somente o <a href=\"https:\/\/legitgrams.com\/pt\/produto\/cocaina-mexicana\/\"><strong>comprar Coca\u00edna mexicana online<\/strong><\/a> est\u00e1 dispon\u00edvel para compra na LegitGrams. Obtemos nossos produtos de fornecedores confi\u00e1veis, garantindo sua pot\u00eancia e pureza. Voc\u00ea pode ter certeza de que est\u00e1 obtendo um produto premium que satisfaz os mais altos requisitos de qualidade ao comprar coca\u00edna mexicana online conosco.<\/p>\n<p style=\"text-align: justify;\"><strong>A nossa sele\u00e7\u00e3o de produtos<\/strong><\/p>\n<p style=\"text-align: justify;\">Oferecemos uma vasta gama de produtos de Coca\u00edna Mexicana para satisfazer todas as necessidades. Quer seja um comprador pela primeira vez ou um utilizador experiente, a nossa sele\u00e7\u00e3o tem algo para todos. Desde tijolos de coca\u00edna pura at\u00e9 \u00e0 forma em p\u00f3, temos tudo. Os nossos produtos s\u00e3o submetidos a testes rigorosos para garantir a pureza e a qualidade, dando-lhe paz de esp\u00edrito em cada compra.<\/p>\n<p style=\"text-align: justify;\"><strong>Como comprar coca\u00edna mexicana online<\/strong><\/p>\n<p style=\"text-align: justify;\"><strong>Encomendar Coca\u00edna Mexicana online<\/strong> da LegitGrams \u00e9 f\u00e1cil e c\u00f3modo. Basta selecionar os produtos que pretende e adicion\u00e1-los ao seu carrinho. O nosso processo de checkout seguro garante que as suas informa\u00e7\u00f5es pessoais s\u00e3o mantidas em seguran\u00e7a em todos os momentos. Assim que a sua encomenda for efectuada, embalaremos e enviaremos discretamente para a sua porta, garantindo uma experi\u00eancia de entrega sem problemas.<\/p>\n<p style=\"text-align: justify;\"><strong>Onde comprar coca\u00edna mexicana<\/strong><\/p>\n<p style=\"text-align: justify;\">Quando se trata de encontrar o <strong>melhor s\u00edtio para comprar coca\u00edna mexicana<\/strong>n\u00e3o precisa de procurar mais <a href=\"https:\/\/legitgrams.com\/pt\/\">LegitGrams<\/a>. Ganh\u00e1mos uma reputa\u00e7\u00e3o de excel\u00eancia na ind\u00fastria, gra\u00e7as ao nosso compromisso com a qualidade e a satisfa\u00e7\u00e3o do cliente. Os nossos clientes fi\u00e9is confiam em n\u00f3s para as suas necessidades de coca\u00edna, e esfor\u00e7amo-nos por exceder as suas expectativas em cada encomenda.<\/p>\n<p style=\"text-align: justify;\"><strong>Vantagens de comprar connosco<\/strong><\/p>\n<p style=\"text-align: justify;\">Quando <strong>comprar Coca\u00edna mexicana <\/strong>da LegitGrams, beneficia de v\u00e1rias vantagens, incluindo<\/p>\n<ul style=\"text-align: justify;\">\n<li>Produtos de qualidade superior<\/li>\n<li>Embalagem e envio discretos<\/li>\n<li>Transac\u00e7\u00f5es em linha seguras<\/li>\n<li>Excelente servi\u00e7o ao cliente<\/li>\n<li>Entrega r\u00e1pida e fi\u00e1vel<\/li>\n<\/ul>\n<p style=\"text-align: justify;\">Se voc\u00ea est\u00e1 pronto para experimentar o melhor da coca\u00edna mexicana, fa\u00e7a seu pedido na LegitGrams hoje mesmo. O nosso compromisso com a qualidade, seguran\u00e7a e satisfa\u00e7\u00e3o do cliente distingue-nos como a melhor escolha para os compradores que procuram <strong>comprar coca\u00edna online<\/strong>. N\u00e3o se contente com nada menos do que o melhor - escolha LegitGrams para todas as suas necessidades de Coca\u00edna Mexicana. <strong>Encomendar Coca\u00edna Mexicana <\/strong>agora e desfrutar de uma experi\u00eancia de compra superior.<\/p>","protected":false},"excerpt":{"rendered":"<p>Premium Mexican Cocaine Available for Purchase Online LegitGrams is a reliable online retailer of high-quality Mexican Cocaine. Our specialty is offering our clients premium cocaine items while guaranteeing a secure and safe shopping environment. You&#8217;ve come to the correct spot if you&#8217;re wanting to purchase Mexican cocaine online. Why Pick Us for Cocaine from Mexico? &hellip;<\/p>\n<p class=\"read-more\"> <a class=\"\" href=\"https:\/\/legitgrams.com\/pt\/produto\/cocaina-mexicana\/\"> <span class=\"screen-reader-text\">Coca\u00edna mexicana<\/span> Ler mais \"<\/a><\/p>","protected":false},"featured_media":2943,"comment_status":"open","ping_status":"closed","template":"","meta":{"_uag_custom_page_level_css":"","site-sidebar-layout":"default","site-content-layout":"default","ast-global-header-display":"","ast-main-header-display":"","ast-hfb-above-header-display":"","ast-hfb-below-header-display":"","ast-hfb-mobile-header-display":"","site-post-title":"","ast-breadcrumbs-content":"","ast-featured-img":"","footer-sml-layout":"","theme-transparent-header-meta":"default","adv-header-id-meta":"","stick-header-meta":"default","header-above-stick-meta":"","header-main-stick-meta":"","header-below-stick-meta":"","_joinchat":[]},"product_brand":[],"product_cat":[70],"product_tag":[103,104,105,106,107,108,109,110,111,112,113,114,115,116,117,118],"class_list":{"0":"post-2927","1":"product","2":"type-product","3":"status-publish","4":"has-post-thumbnail","6":"product_cat-cocaine","7":"product_tag-benefits-of-mexican-cocaine","8":"product_tag-best-place-to-order-mexican-cocaine","9":"product_tag-buy-mexican-cocaine-legally","10":"product_tag-buy-mexican-cocaine-online-australia","11":"product_tag-buy-mexican-cocaine-online-near-me","12":"product_tag-buy-mexican-cocaine-online-usa","13":"product_tag-cheap-mexican-cocaine","14":"product_tag-how-can-i-get-the-best-mexican-cocaine","15":"product_tag-how-to-order-mexican-cocaine","16":"product_tag-legit-mexican-cocaine-online","17":"product_tag-mexican-cocaine-for-sale","18":"product_tag-mexican-cocaine-price","19":"product_tag-mexican-cocaine-wholesale","20":"product_tag-what-is-mexican-cocaine","21":"product_tag-where-can-i-buy-mexican-cocaine","22":"product_tag-where-to-buy-mexican-cocaine","23":"desktop-align-left","24":"tablet-align-left","25":"mobile-align-left","26":"ast-product-gallery-layout-horizontal","27":"ast-product-gallery-with-no-image","28":"ast-product-single-variable","29":"ast-product-tabs-layout-horizontal","30":"ast-qv-on-image","32":"first","33":"instock","34":"shipping-taxable","35":"purchasable","36":"product-type-variable"},"yoast_head":"<!-- This site is optimized with the Yoast SEO plugin v25.9 - https:\/\/yoast.com\/wordpress\/plugins\/seo\/ -->\n<title>Mexican Cocaine for Sale - Order Mexican Cocaine Online | LG<\/title>\n<meta name=\"description\" content=\"Explore our online store for Mexican Cocaine for sale, offering high-quality Mexican Cocaine. Buy Mexican Cocaine online securely and embark on your research journey with confidence.\" \/>\n<meta name=\"robots\" content=\"index, follow, max-snippet:-1, max-image-preview:large, max-video-preview:-1\" \/>\n<link rel=\"canonical\" href=\"https:\/\/legitgrams.com\/pt\/produto\/cocaina-mexicana\/\" \/>\n<meta property=\"og:locale\" content=\"pt_PT\" \/>\n<meta property=\"og:type\" content=\"article\" \/>\n<meta property=\"og:title\" content=\"Mexican Cocaine for Sale - Order Mexican Cocaine Online | LG\" \/>\n<meta property=\"og:description\" content=\"Explore our online store for Mexican Cocaine for sale, offering high-quality Mexican Cocaine. Buy Mexican Cocaine online securely and embark on your research journey with confidence.\" \/>\n<meta property=\"og:url\" content=\"https:\/\/legitgrams.com\/pt\/produto\/cocaina-mexicana\/\" \/>\n<meta property=\"og:site_name\" content=\"Legit Grams\" \/>\n<meta property=\"article:modified_time\" content=\"2025-01-14T09:55:36+00:00\" \/>\n<meta property=\"og:image\" content=\"https:\/\/legitgrams.com\/wp-content\/uploads\/2024\/04\/mexican-cocaine.jpg\" \/>\n\t<meta property=\"og:image:width\" content=\"600\" \/>\n\t<meta property=\"og:image:height\" content=\"600\" \/>\n\t<meta property=\"og:image:type\" content=\"image\/jpeg\" \/>\n<meta name=\"twitter:card\" content=\"summary_large_image\" \/>\n<meta name=\"twitter:label1\" content=\"Tempo estimado de leitura\" \/>\n\t<meta name=\"twitter:data1\" content=\"2 minutos\" \/>\n<script type=\"application\/ld+json\" class=\"yoast-schema-graph\">{\"@context\":\"https:\/\/schema.org\",\"@graph\":[{\"@type\":\"WebPage\",\"@id\":\"https:\/\/legitgrams.com\/product\/mexican-cocaine\/\",\"url\":\"https:\/\/legitgrams.com\/product\/mexican-cocaine\/\",\"name\":\"Mexican Cocaine for Sale - Order Mexican Cocaine Online | LG\",\"isPartOf\":{\"@id\":\"https:\/\/legitgrams.com\/#website\"},\"primaryImageOfPage\":{\"@id\":\"https:\/\/legitgrams.com\/product\/mexican-cocaine\/#primaryimage\"},\"image\":{\"@id\":\"https:\/\/legitgrams.com\/product\/mexican-cocaine\/#primaryimage\"},\"thumbnailUrl\":\"https:\/\/legitgrams.com\/wp-content\/uploads\/2024\/04\/mexican-cocaine.jpg\",\"datePublished\":\"2024-04-01T10:28:54+00:00\",\"dateModified\":\"2025-01-14T09:55:36+00:00\",\"description\":\"Explore our online store for Mexican Cocaine for sale, offering high-quality Mexican Cocaine. Buy Mexican Cocaine online securely and embark on your research journey with confidence.\",\"breadcrumb\":{\"@id\":\"https:\/\/legitgrams.com\/product\/mexican-cocaine\/#breadcrumb\"},\"inLanguage\":\"pt-PT\",\"potentialAction\":[{\"@type\":\"ReadAction\",\"target\":[\"https:\/\/legitgrams.com\/product\/mexican-cocaine\/\"]}]},{\"@type\":\"ImageObject\",\"inLanguage\":\"pt-PT\",\"@id\":\"https:\/\/legitgrams.com\/product\/mexican-cocaine\/#primaryimage\",\"url\":\"https:\/\/legitgrams.com\/wp-content\/uploads\/2024\/04\/mexican-cocaine.jpg\",\"contentUrl\":\"https:\/\/legitgrams.com\/wp-content\/uploads\/2024\/04\/mexican-cocaine.jpg\",\"width\":600,\"height\":600,\"caption\":\"Mexican Cocaine for Sale\"},{\"@type\":\"BreadcrumbList\",\"@id\":\"https:\/\/legitgrams.com\/product\/mexican-cocaine\/#breadcrumb\",\"itemListElement\":[{\"@type\":\"ListItem\",\"position\":1,\"name\":\"Home\",\"item\":\"https:\/\/legitgrams.com\/\"},{\"@type\":\"ListItem\",\"position\":2,\"name\":\"Shop\",\"item\":\"https:\/\/legitgrams.com\/shop\/\"},{\"@type\":\"ListItem\",\"position\":3,\"name\":\"Mexican Cocaine\"}]},{\"@type\":\"WebSite\",\"@id\":\"https:\/\/legitgrams.com\/#website\",\"url\":\"https:\/\/legitgrams.com\/\",\"name\":\"Legit Grams\",\"description\":\"My WordPress Blog\",\"publisher\":{\"@id\":\"https:\/\/legitgrams.com\/#organization\"},\"potentialAction\":[{\"@type\":\"SearchAction\",\"target\":{\"@type\":\"EntryPoint\",\"urlTemplate\":\"https:\/\/legitgrams.com\/?s={search_term_string}\"},\"query-input\":{\"@type\":\"PropertyValueSpecification\",\"valueRequired\":true,\"valueName\":\"search_term_string\"}}],\"inLanguage\":\"pt-PT\"},{\"@type\":\"Organization\",\"@id\":\"https:\/\/legitgrams.com\/#organization\",\"name\":\"Legit Grams\",\"url\":\"https:\/\/legitgrams.com\/\",\"logo\":{\"@type\":\"ImageObject\",\"inLanguage\":\"pt-PT\",\"@id\":\"https:\/\/legitgrams.com\/#\/schema\/logo\/image\/\",\"url\":\"https:\/\/legitgrams.com\/wp-content\/uploads\/2024\/09\/main-logo.png\",\"contentUrl\":\"https:\/\/legitgrams.com\/wp-content\/uploads\/2024\/09\/main-logo.png\",\"width\":270,\"height\":75,\"caption\":\"Legit Grams\"},\"image\":{\"@id\":\"https:\/\/legitgrams.com\/#\/schema\/logo\/image\/\"}}]}<\/script>\n<!-- \/ Yoast SEO plugin. -->","yoast_head_json":{"title":"Coca\u00edna Mexicana para Venda - Encomendar Coca\u00edna Mexicana Online | LG","description":"Explore a nossa loja online de Coca\u00edna Mexicana para venda, oferecendo Coca\u00edna Mexicana de alta qualidade. Compre Coca\u00edna Mexicana online de forma segura e embarque na sua viagem de pesquisa com confian\u00e7a.","robots":{"index":"index","follow":"follow","max-snippet":"max-snippet:-1","max-image-preview":"max-image-preview:large","max-video-preview":"max-video-preview:-1"},"canonical":"https:\/\/legitgrams.com\/pt\/produto\/cocaina-mexicana\/","og_locale":"pt_PT","og_type":"article","og_title":"Mexican Cocaine for Sale - Order Mexican Cocaine Online | LG","og_description":"Explore our online store for Mexican Cocaine for sale, offering high-quality Mexican Cocaine. Buy Mexican Cocaine online securely and embark on your research journey with confidence.","og_url":"https:\/\/legitgrams.com\/pt\/produto\/cocaina-mexicana\/","og_site_name":"Legit Grams","article_modified_time":"2025-01-14T09:55:36+00:00","og_image":[{"width":600,"height":600,"url":"https:\/\/legitgrams.com\/wp-content\/uploads\/2024\/04\/mexican-cocaine.jpg","type":"image\/jpeg"}],"twitter_card":"summary_large_image","twitter_misc":{"Tempo estimado de leitura":"2 minutos"},"schema":{"@context":"https:\/\/schema.org","@graph":[{"@type":"WebPage","@id":"https:\/\/legitgrams.com\/product\/mexican-cocaine\/","url":"https:\/\/legitgrams.com\/product\/mexican-cocaine\/","name":"Coca\u00edna Mexicana para Venda - Encomendar Coca\u00edna Mexicana Online | LG","isPartOf":{"@id":"https:\/\/legitgrams.com\/#website"},"primaryImageOfPage":{"@id":"https:\/\/legitgrams.com\/product\/mexican-cocaine\/#primaryimage"},"image":{"@id":"https:\/\/legitgrams.com\/product\/mexican-cocaine\/#primaryimage"},"thumbnailUrl":"https:\/\/legitgrams.com\/wp-content\/uploads\/2024\/04\/mexican-cocaine.jpg","datePublished":"2024-04-01T10:28:54+00:00","dateModified":"2025-01-14T09:55:36+00:00","description":"Explore a nossa loja online de Coca\u00edna Mexicana para venda, oferecendo Coca\u00edna Mexicana de alta qualidade. Compre Coca\u00edna Mexicana online de forma segura e embarque na sua viagem de pesquisa com confian\u00e7a.","breadcrumb":{"@id":"https:\/\/legitgrams.com\/product\/mexican-cocaine\/#breadcrumb"},"inLanguage":"pt-PT","potentialAction":[{"@type":"ReadAction","target":["https:\/\/legitgrams.com\/product\/mexican-cocaine\/"]}]},{"@type":"ImageObject","inLanguage":"pt-PT","@id":"https:\/\/legitgrams.com\/product\/mexican-cocaine\/#primaryimage","url":"https:\/\/legitgrams.com\/wp-content\/uploads\/2024\/04\/mexican-cocaine.jpg","contentUrl":"https:\/\/legitgrams.com\/wp-content\/uploads\/2024\/04\/mexican-cocaine.jpg","width":600,"height":600,"caption":"Mexican Cocaine for Sale"},{"@type":"BreadcrumbList","@id":"https:\/\/legitgrams.com\/product\/mexican-cocaine\/#breadcrumb","itemListElement":[{"@type":"ListItem","position":1,"name":"Home","item":"https:\/\/legitgrams.com\/"},{"@type":"ListItem","position":2,"name":"Shop","item":"https:\/\/legitgrams.com\/shop\/"},{"@type":"ListItem","position":3,"name":"Mexican Cocaine"}]},{"@type":"WebSite","@id":"https:\/\/legitgrams.com\/#website","url":"https:\/\/legitgrams.com\/","name":"Gramas leg\u00edtimas","description":"O meu blogue WordPress","publisher":{"@id":"https:\/\/legitgrams.com\/#organization"},"potentialAction":[{"@type":"SearchAction","target":{"@type":"EntryPoint","urlTemplate":"https:\/\/legitgrams.com\/?s={search_term_string}"},"query-input":{"@type":"PropertyValueSpecification","valueRequired":true,"valueName":"search_term_string"}}],"inLanguage":"pt-PT"},{"@type":"Organization","@id":"https:\/\/legitgrams.com\/#organization","name":"Gramas leg\u00edtimas","url":"https:\/\/legitgrams.com\/","logo":{"@type":"ImageObject","inLanguage":"pt-PT","@id":"https:\/\/legitgrams.com\/#\/schema\/logo\/image\/","url":"https:\/\/legitgrams.com\/wp-content\/uploads\/2024\/09\/main-logo.png","contentUrl":"https:\/\/legitgrams.com\/wp-content\/uploads\/2024\/09\/main-logo.png","width":270,"height":75,"caption":"Legit Grams"},"image":{"@id":"https:\/\/legitgrams.com\/#\/schema\/logo\/image\/"}}]}},"uagb_featured_image_src":{"full":["https:\/\/legitgrams.com\/wp-content\/uploads\/2024\/04\/mexican-cocaine.jpg",600,600,false],"thumbnail":["https:\/\/legitgrams.com\/wp-content\/uploads\/2024\/04\/mexican-cocaine-150x150.jpg",150,150,true],"medium":["https:\/\/legitgrams.com\/wp-content\/uploads\/2024\/04\/mexican-cocaine-300x300.jpg",300,300,true],"medium_large":["https:\/\/legitgrams.com\/wp-content\/uploads\/2024\/04\/mexican-cocaine.jpg",600,600,false],"large":["https:\/\/legitgrams.com\/wp-content\/uploads\/2024\/04\/mexican-cocaine.jpg",600,600,false],"1536x1536":["https:\/\/legitgrams.com\/wp-content\/uploads\/2024\/04\/mexican-cocaine.jpg",600,600,false],"2048x2048":["https:\/\/legitgrams.com\/wp-content\/uploads\/2024\/04\/mexican-cocaine.jpg",600,600,false],"trp-custom-language-flag":["https:\/\/legitgrams.com\/wp-content\/uploads\/2024\/04\/mexican-cocaine.jpg",12,12,false],"woocommerce_thumbnail":["https:\/\/legitgrams.com\/wp-content\/uploads\/2024\/04\/mexican-cocaine-300x300.jpg",300,300,true],"woocommerce_single":["https:\/\/legitgrams.com\/wp-content\/uploads\/2024\/04\/mexican-cocaine.jpg",600,600,false],"woocommerce_gallery_thumbnail":["https:\/\/legitgrams.com\/wp-content\/uploads\/2024\/04\/mexican-cocaine-100x100.jpg",100,100,true]},"uagb_author_info":{"display_name":"cokeblog18","author_link":"https:\/\/legitgrams.com\/pt\/author\/"},"uagb_comment_info":0,"uagb_excerpt":"Premium Mexican Cocaine Available for Purchase Online LegitGrams is a reliable online retailer of high-quality Mexican Cocaine. Our specialty is offering our clients premium cocaine items while guaranteeing a secure and safe shopping environment. You&#8217;ve come to the correct spot if you&#8217;re wanting to purchase Mexican cocaine online. Why Pick Us for Cocaine from Mexico?&hellip;","_links":{"self":[{"href":"https:\/\/legitgrams.com\/pt\/wp-json\/wp\/v2\/product\/2927","targetHints":{"allow":["GET"]}}],"collection":[{"href":"https:\/\/legitgrams.com\/pt\/wp-json\/wp\/v2\/product"}],"about":[{"href":"https:\/\/legitgrams.com\/pt\/wp-json\/wp\/v2\/types\/product"}],"replies":[{"embeddable":true,"href":"https:\/\/legitgrams.com\/pt\/wp-json\/wp\/v2\/comments?post=2927"}],"wp:featuredmedia":[{"embeddable":true,"href":"https:\/\/legitgrams.com\/pt\/wp-json\/wp\/v2\/media\/2943"}],"wp:attachment":[{"href":"https:\/\/legitgrams.com\/pt\/wp-json\/wp\/v2\/media?parent=2927"}],"wp:term":[{"taxonomy":"product_brand","embeddable":true,"href":"https:\/\/legitgrams.com\/pt\/wp-json\/wp\/v2\/product_brand?post=2927"},{"taxonomy":"product_cat","embeddable":true,"href":"https:\/\/legitgrams.com\/pt\/wp-json\/wp\/v2\/product_cat?post=2927"},{"taxonomy":"product_tag","embeddable":true,"href":"https:\/\/legitgrams.com\/pt\/wp-json\/wp\/v2\/product_tag?post=2927"}],"curies":[{"name":"wp","href":"https:\/\/api.w.org\/{rel}","templated":true}]}}