{"id":3258,"date":"2024-08-03T05:26:26","date_gmt":"2024-08-03T05:26:26","guid":{"rendered":"https:\/\/cokebricks.com\/?post_type=product&#038;p=3258"},"modified":"2025-01-14T08:47:41","modified_gmt":"2025-01-14T08:47:41","slug":"mcpep","status":"publish","type":"product","link":"https:\/\/legitgrams.com\/pt\/produto\/mcpep\/","title":{"rendered":"Mcpep"},"content":{"rendered":"<h2>Compre MCPEP Online<\/h2>\n<p><a href=\"https:\/\/legitgrams.com\/pt\/produto\/mcpep\/\">MCPEP Comprar Onlin<\/a>e: O MCPEP n\u00e3o carrega o Purchase Nembutal, o \u00fanico lugar para obter uma variedade de sint\u00e9ticos em um s\u00f3 lugar. MCPEP pela internet. Flakka, tamb\u00e9m conhecido como rock, \u00e9 uma droga estimulante da classe catinona que foi desenvolvida na d\u00e9cada de 1960.<\/p>\n<p><a href=\"https:\/\/commons.wikimedia.org\/wiki\/File:MCPEP_structure.png\">MCPEP<\/a>, um energizante sint\u00e9tico que pertence \u00e0s fam\u00edlias pyrovalerone e catinona, \u00e9 vendido online. \u00c9 semelhante a outras misturas de pyrovalerone, incluindo misturas de MDPV e catinona, em termos de s\u00edntese. \u00c9 frequentemente vendido em grandes e belos cacos de pedra ou como um p\u00f3 v\u00edtreo que os usu\u00e1rios podem ingerir para obter sensa\u00e7\u00f5es semelhantes \u00e0s da anfetamina.<\/p>\n<p>Uma droga recreativa comum, buy MCPEP online \u00e9 uma cetona simples de prolintano que est\u00e1 sinteticamente ligada \u00e0 pirovalerona.<\/p>\n<p>O medicamento pyrovalerone para interromper sua absor\u00e7\u00e3o, o medicamento pyrovalerone bloqueia os portadores de sinapses de monoamina espec\u00edficas, como aquelas para dopamina e noradrenalina. A \u00fanica diferen\u00e7a entre pyrovalerone e 1,2-\u03b1-pyrrolidinopentiophenone (cloridrato) \u00e9 a aus\u00eancia de um grupo metil na mol\u00e9cula fenil. Semelhante \u00e0 pyrovalerone, acredita-se que este medicamento sirva como um energizante psicoativo. Existem contextos legais para este assunto.<\/p>\n<h3>POR QUE O LEGITGRAMS \u00c9 O MELHOR SITE PARA COMPRAS DE MCPEP ONLINE?<\/h3>\n<p>P\u00f3s reais como Mcpep s\u00e3o vendidos a granel e no varejo pela Coke Bricks, um fornecedor autorizado. Nossa empresa garante a melhor qualidade de MCPEP junto com embalagem exclusiva e envio internacional seguro.<\/p>\n<p>a fase de pensamento cr\u00edtico que vem depois de consumir MCPEP. Alguns clientes afirmam que o MCPEP \u00e9 geralmente muito superior ao fumo, j\u00e1 que \u00e9 frequentemente usado como uma subst\u00e2ncia recreativa e n\u00e3o produz cigarros.<\/p>\n<h3>Invista em p\u00f3 MCPEP.<\/h3>\n<p>Esta pirovalerona funciona como um inibidor, impedindo a capta\u00e7\u00e3o de neurotransmissores sin\u00e1pticos de monoamina espec\u00edficos, incluindo dopamina e norepinefrina.1,2 \u03b1-pirrolidinopentiofenona (cloridrato), uma pirovalerona simples, n\u00e3o possui o \u00fanico feixe de metil que \u00e9 encontrado na fra\u00e7\u00e3o fenil da pirovalerona. Como a pirovalerona, esta mol\u00e9cula \u00e9 considerada um energizador psicod\u00e9lico. Este elemento \u00e9 usado em situa\u00e7\u00f5es legais. <a href=\"https:\/\/legitgrams.com\/pt\/\">LegitGrams<\/a><\/p>\n<h3>O que faz da Coke Bricks a melhor varejista online de MCPEP?<\/h3>\n<p>A Coke Bricks gerencia o com\u00e9rcio atacadista e varejista de p\u00f3s genu\u00ednos como Mcpep como um revendedor autorizado. Al\u00e9m do MCPEP de mais alta qualidade, nossa empresa promete embalagens exclusivas e remessa segura para o mundo todo. Compre MCPEP online.<\/p>\n<h2><\/h2>\n<h2><\/h2>\n<p>&nbsp;<\/p>","protected":false},"excerpt":{"rendered":"<p>Purchase MCPEP Online MCPEP Buy Online: MCPEP does not carry Purchase Nembutal, the only place to get a variety of synthetics in one place. MCPEP via the internet. Flakka, also referred to as rock, is a stimulant drug of the cathinone class that was developed in the 1960s. MCPEP, a synthetic energizer that belongs to &hellip;<\/p>\n<p class=\"read-more\"> <a class=\"\" href=\"https:\/\/legitgrams.com\/pt\/produto\/mcpep\/\"> <span class=\"screen-reader-text\">Mcpep<\/span> Ler mais \"<\/a><\/p>","protected":false},"featured_media":3268,"comment_status":"open","ping_status":"closed","template":"","meta":{"_uag_custom_page_level_css":"","site-sidebar-layout":"default","site-content-layout":"default","ast-global-header-display":"","ast-main-header-display":"","ast-hfb-above-header-display":"","ast-hfb-below-header-display":"","ast-hfb-mobile-header-display":"","site-post-title":"","ast-breadcrumbs-content":"","ast-featured-img":"","footer-sml-layout":"","theme-transparent-header-meta":"default","adv-header-id-meta":"","stick-header-meta":"default","header-above-stick-meta":"","header-main-stick-meta":"","header-below-stick-meta":"","_joinchat":[]},"product_brand":[],"product_cat":[190],"product_tag":[524,525,526,527,516,517,518,519,520,521,522,523],"class_list":{"0":"post-3258","1":"product","2":"type-product","3":"status-publish","4":"has-post-thumbnail","6":"product_cat-cannabinoids","7":"product_tag-mcpep-cannabinoids","8":"product_tag-mcpep-cannabinoids-for-sale","9":"product_tag-mcpep-cannabinoids-reddit","10":"product_tag-mcpep-chemical","11":"product_tag-mcpep-powder-australia","12":"product_tag-mcpep-powder-canada","13":"product_tag-mcpep-powder-greece","14":"product_tag-mcpep-powder-kuwait","15":"product_tag-mcpep-powder-review","16":"product_tag-mcpep-powder-spain","17":"product_tag-mcpep-powder-uk","18":"product_tag-mcpep-powder-usa","19":"desktop-align-left","20":"tablet-align-left","21":"mobile-align-left","22":"ast-product-gallery-layout-horizontal","23":"ast-product-gallery-with-no-image","24":"ast-product-single-variable","25":"ast-product-tabs-layout-horizontal","26":"ast-qv-on-image","28":"first","29":"instock","30":"shipping-taxable","31":"purchasable","32":"product-type-variable"},"yoast_head":"<!-- This site is optimized with the Yoast SEO plugin v25.9 - https:\/\/yoast.com\/wordpress\/plugins\/seo\/ -->\n<title>Mcpep for Sale - Buy Mcpep Online with Discreet Shipping<\/title>\n<meta name=\"description\" content=\"Find premium Mcpep for sale at our online store, providing a secure platform to buy Mcpep online with ease, catering to your research needs. Save More on Mcpep with our latest promotions. Shop today and don&#039;t miss out.\" \/>\n<meta name=\"robots\" content=\"index, follow, max-snippet:-1, max-image-preview:large, max-video-preview:-1\" \/>\n<link rel=\"canonical\" href=\"https:\/\/legitgrams.com\/pt\/produto\/mcpep\/\" \/>\n<meta property=\"og:locale\" content=\"pt_PT\" \/>\n<meta property=\"og:type\" content=\"article\" \/>\n<meta property=\"og:title\" content=\"Mcpep for Sale - Buy Mcpep Online with Discreet Shipping\" \/>\n<meta property=\"og:description\" content=\"Find premium Mcpep for sale at our online store, providing a secure platform to buy Mcpep online with ease, catering to your research needs. Save More on Mcpep with our latest promotions. Shop today and don&#039;t miss out.\" \/>\n<meta property=\"og:url\" content=\"https:\/\/legitgrams.com\/pt\/produto\/mcpep\/\" \/>\n<meta property=\"og:site_name\" content=\"Legit Grams\" \/>\n<meta property=\"article:modified_time\" content=\"2025-01-14T08:47:41+00:00\" \/>\n<meta property=\"og:image\" content=\"https:\/\/legitgrams.com\/wp-content\/uploads\/2024\/08\/Mcpep.gif\" \/>\n\t<meta property=\"og:image:width\" content=\"600\" \/>\n\t<meta property=\"og:image:height\" content=\"600\" \/>\n\t<meta property=\"og:image:type\" content=\"image\/gif\" \/>\n<meta name=\"twitter:card\" content=\"summary_large_image\" \/>\n<meta name=\"twitter:label1\" content=\"Tempo estimado de leitura\" \/>\n\t<meta name=\"twitter:data1\" content=\"2 minutos\" \/>\n<script type=\"application\/ld+json\" class=\"yoast-schema-graph\">{\"@context\":\"https:\/\/schema.org\",\"@graph\":[{\"@type\":\"WebPage\",\"@id\":\"https:\/\/legitgrams.com\/product\/mcpep\/\",\"url\":\"https:\/\/legitgrams.com\/product\/mcpep\/\",\"name\":\"Mcpep for Sale - Buy Mcpep Online with Discreet Shipping\",\"isPartOf\":{\"@id\":\"https:\/\/legitgrams.com\/#website\"},\"primaryImageOfPage\":{\"@id\":\"https:\/\/legitgrams.com\/product\/mcpep\/#primaryimage\"},\"image\":{\"@id\":\"https:\/\/legitgrams.com\/product\/mcpep\/#primaryimage\"},\"thumbnailUrl\":\"https:\/\/legitgrams.com\/wp-content\/uploads\/2024\/08\/Mcpep.gif\",\"datePublished\":\"2024-08-03T05:26:26+00:00\",\"dateModified\":\"2025-01-14T08:47:41+00:00\",\"description\":\"Find premium Mcpep for sale at our online store, providing a secure platform to buy Mcpep online with ease, catering to your research needs. Save More on Mcpep with our latest promotions. Shop today and don't miss out.\",\"breadcrumb\":{\"@id\":\"https:\/\/legitgrams.com\/product\/mcpep\/#breadcrumb\"},\"inLanguage\":\"pt-PT\",\"potentialAction\":[{\"@type\":\"ReadAction\",\"target\":[\"https:\/\/legitgrams.com\/product\/mcpep\/\"]}]},{\"@type\":\"ImageObject\",\"inLanguage\":\"pt-PT\",\"@id\":\"https:\/\/legitgrams.com\/product\/mcpep\/#primaryimage\",\"url\":\"https:\/\/legitgrams.com\/wp-content\/uploads\/2024\/08\/Mcpep.gif\",\"contentUrl\":\"https:\/\/legitgrams.com\/wp-content\/uploads\/2024\/08\/Mcpep.gif\",\"width\":600,\"height\":600,\"caption\":\"Mcpep for Sale\"},{\"@type\":\"BreadcrumbList\",\"@id\":\"https:\/\/legitgrams.com\/product\/mcpep\/#breadcrumb\",\"itemListElement\":[{\"@type\":\"ListItem\",\"position\":1,\"name\":\"Home\",\"item\":\"https:\/\/legitgrams.com\/\"},{\"@type\":\"ListItem\",\"position\":2,\"name\":\"Shop\",\"item\":\"https:\/\/legitgrams.com\/shop\/\"},{\"@type\":\"ListItem\",\"position\":3,\"name\":\"Mcpep\"}]},{\"@type\":\"WebSite\",\"@id\":\"https:\/\/legitgrams.com\/#website\",\"url\":\"https:\/\/legitgrams.com\/\",\"name\":\"Legit Grams\",\"description\":\"My WordPress Blog\",\"publisher\":{\"@id\":\"https:\/\/legitgrams.com\/#organization\"},\"potentialAction\":[{\"@type\":\"SearchAction\",\"target\":{\"@type\":\"EntryPoint\",\"urlTemplate\":\"https:\/\/legitgrams.com\/?s={search_term_string}\"},\"query-input\":{\"@type\":\"PropertyValueSpecification\",\"valueRequired\":true,\"valueName\":\"search_term_string\"}}],\"inLanguage\":\"pt-PT\"},{\"@type\":\"Organization\",\"@id\":\"https:\/\/legitgrams.com\/#organization\",\"name\":\"Legit Grams\",\"url\":\"https:\/\/legitgrams.com\/\",\"logo\":{\"@type\":\"ImageObject\",\"inLanguage\":\"pt-PT\",\"@id\":\"https:\/\/legitgrams.com\/#\/schema\/logo\/image\/\",\"url\":\"https:\/\/legitgrams.com\/wp-content\/uploads\/2024\/09\/main-logo.png\",\"contentUrl\":\"https:\/\/legitgrams.com\/wp-content\/uploads\/2024\/09\/main-logo.png\",\"width\":270,\"height\":75,\"caption\":\"Legit Grams\"},\"image\":{\"@id\":\"https:\/\/legitgrams.com\/#\/schema\/logo\/image\/\"}}]}<\/script>\n<!-- \/ Yoast SEO plugin. -->","yoast_head_json":{"title":"Mcpep para venda - Comprar Mcpep online com envio discreto","description":"Encontre Mcpep premium para venda em nossa loja online, fornecendo uma plataforma segura para comprar Mcpep online com facilidade, atendendo \u00e0s suas necessidades de pesquisa. Economize mais em Mcpep com nossas \u00faltimas promo\u00e7\u00f5es. Compre hoje e n\u00e3o perca.","robots":{"index":"index","follow":"follow","max-snippet":"max-snippet:-1","max-image-preview":"max-image-preview:large","max-video-preview":"max-video-preview:-1"},"canonical":"https:\/\/legitgrams.com\/pt\/produto\/mcpep\/","og_locale":"pt_PT","og_type":"article","og_title":"Mcpep for Sale - Buy Mcpep Online with Discreet Shipping","og_description":"Find premium Mcpep for sale at our online store, providing a secure platform to buy Mcpep online with ease, catering to your research needs. Save More on Mcpep with our latest promotions. Shop today and don't miss out.","og_url":"https:\/\/legitgrams.com\/pt\/produto\/mcpep\/","og_site_name":"Legit Grams","article_modified_time":"2025-01-14T08:47:41+00:00","og_image":[{"width":600,"height":600,"url":"https:\/\/legitgrams.com\/wp-content\/uploads\/2024\/08\/Mcpep.gif","type":"image\/gif"}],"twitter_card":"summary_large_image","twitter_misc":{"Tempo estimado de leitura":"2 minutos"},"schema":{"@context":"https:\/\/schema.org","@graph":[{"@type":"WebPage","@id":"https:\/\/legitgrams.com\/product\/mcpep\/","url":"https:\/\/legitgrams.com\/product\/mcpep\/","name":"Mcpep para venda - Comprar Mcpep online com envio discreto","isPartOf":{"@id":"https:\/\/legitgrams.com\/#website"},"primaryImageOfPage":{"@id":"https:\/\/legitgrams.com\/product\/mcpep\/#primaryimage"},"image":{"@id":"https:\/\/legitgrams.com\/product\/mcpep\/#primaryimage"},"thumbnailUrl":"https:\/\/legitgrams.com\/wp-content\/uploads\/2024\/08\/Mcpep.gif","datePublished":"2024-08-03T05:26:26+00:00","dateModified":"2025-01-14T08:47:41+00:00","description":"Encontre Mcpep premium para venda em nossa loja online, fornecendo uma plataforma segura para comprar Mcpep online com facilidade, atendendo \u00e0s suas necessidades de pesquisa. Economize mais em Mcpep com nossas \u00faltimas promo\u00e7\u00f5es. Compre hoje e n\u00e3o perca.","breadcrumb":{"@id":"https:\/\/legitgrams.com\/product\/mcpep\/#breadcrumb"},"inLanguage":"pt-PT","potentialAction":[{"@type":"ReadAction","target":["https:\/\/legitgrams.com\/product\/mcpep\/"]}]},{"@type":"ImageObject","inLanguage":"pt-PT","@id":"https:\/\/legitgrams.com\/product\/mcpep\/#primaryimage","url":"https:\/\/legitgrams.com\/wp-content\/uploads\/2024\/08\/Mcpep.gif","contentUrl":"https:\/\/legitgrams.com\/wp-content\/uploads\/2024\/08\/Mcpep.gif","width":600,"height":600,"caption":"Mcpep for Sale"},{"@type":"BreadcrumbList","@id":"https:\/\/legitgrams.com\/product\/mcpep\/#breadcrumb","itemListElement":[{"@type":"ListItem","position":1,"name":"Home","item":"https:\/\/legitgrams.com\/"},{"@type":"ListItem","position":2,"name":"Shop","item":"https:\/\/legitgrams.com\/shop\/"},{"@type":"ListItem","position":3,"name":"Mcpep"}]},{"@type":"WebSite","@id":"https:\/\/legitgrams.com\/#website","url":"https:\/\/legitgrams.com\/","name":"Gramas leg\u00edtimas","description":"O meu blogue WordPress","publisher":{"@id":"https:\/\/legitgrams.com\/#organization"},"potentialAction":[{"@type":"SearchAction","target":{"@type":"EntryPoint","urlTemplate":"https:\/\/legitgrams.com\/?s={search_term_string}"},"query-input":{"@type":"PropertyValueSpecification","valueRequired":true,"valueName":"search_term_string"}}],"inLanguage":"pt-PT"},{"@type":"Organization","@id":"https:\/\/legitgrams.com\/#organization","name":"Gramas leg\u00edtimas","url":"https:\/\/legitgrams.com\/","logo":{"@type":"ImageObject","inLanguage":"pt-PT","@id":"https:\/\/legitgrams.com\/#\/schema\/logo\/image\/","url":"https:\/\/legitgrams.com\/wp-content\/uploads\/2024\/09\/main-logo.png","contentUrl":"https:\/\/legitgrams.com\/wp-content\/uploads\/2024\/09\/main-logo.png","width":270,"height":75,"caption":"Legit Grams"},"image":{"@id":"https:\/\/legitgrams.com\/#\/schema\/logo\/image\/"}}]}},"uagb_featured_image_src":{"full":["https:\/\/legitgrams.com\/wp-content\/uploads\/2024\/08\/Mcpep.gif",600,600,false],"thumbnail":["https:\/\/legitgrams.com\/wp-content\/uploads\/2024\/08\/Mcpep-150x150.gif",150,150,true],"medium":["https:\/\/legitgrams.com\/wp-content\/uploads\/2024\/08\/Mcpep-300x300.gif",300,300,true],"medium_large":["https:\/\/legitgrams.com\/wp-content\/uploads\/2024\/08\/Mcpep.gif",600,600,false],"large":["https:\/\/legitgrams.com\/wp-content\/uploads\/2024\/08\/Mcpep.gif",600,600,false],"1536x1536":["https:\/\/legitgrams.com\/wp-content\/uploads\/2024\/08\/Mcpep.gif",600,600,false],"2048x2048":["https:\/\/legitgrams.com\/wp-content\/uploads\/2024\/08\/Mcpep.gif",600,600,false],"trp-custom-language-flag":["https:\/\/legitgrams.com\/wp-content\/uploads\/2024\/08\/Mcpep-12x12.gif",12,12,true],"woocommerce_thumbnail":["https:\/\/legitgrams.com\/wp-content\/uploads\/2024\/08\/Mcpep-300x300.gif",300,300,true],"woocommerce_single":["https:\/\/legitgrams.com\/wp-content\/uploads\/2024\/08\/Mcpep.gif",600,600,false],"woocommerce_gallery_thumbnail":["https:\/\/legitgrams.com\/wp-content\/uploads\/2024\/08\/Mcpep-100x100.gif",100,100,true]},"uagb_author_info":{"display_name":"cokeblog18","author_link":"https:\/\/legitgrams.com\/pt\/author\/"},"uagb_comment_info":0,"uagb_excerpt":"Purchase MCPEP Online MCPEP Buy Online: MCPEP does not carry Purchase Nembutal, the only place to get a variety of synthetics in one place. MCPEP via the internet. Flakka, also referred to as rock, is a stimulant drug of the cathinone class that was developed in the 1960s. MCPEP, a synthetic energizer that belongs to&hellip;","_links":{"self":[{"href":"https:\/\/legitgrams.com\/pt\/wp-json\/wp\/v2\/product\/3258","targetHints":{"allow":["GET"]}}],"collection":[{"href":"https:\/\/legitgrams.com\/pt\/wp-json\/wp\/v2\/product"}],"about":[{"href":"https:\/\/legitgrams.com\/pt\/wp-json\/wp\/v2\/types\/product"}],"replies":[{"embeddable":true,"href":"https:\/\/legitgrams.com\/pt\/wp-json\/wp\/v2\/comments?post=3258"}],"wp:featuredmedia":[{"embeddable":true,"href":"https:\/\/legitgrams.com\/pt\/wp-json\/wp\/v2\/media\/3268"}],"wp:attachment":[{"href":"https:\/\/legitgrams.com\/pt\/wp-json\/wp\/v2\/media?parent=3258"}],"wp:term":[{"taxonomy":"product_brand","embeddable":true,"href":"https:\/\/legitgrams.com\/pt\/wp-json\/wp\/v2\/product_brand?post=3258"},{"taxonomy":"product_cat","embeddable":true,"href":"https:\/\/legitgrams.com\/pt\/wp-json\/wp\/v2\/product_cat?post=3258"},{"taxonomy":"product_tag","embeddable":true,"href":"https:\/\/legitgrams.com\/pt\/wp-json\/wp\/v2\/product_tag?post=3258"}],"curies":[{"name":"wp","href":"https:\/\/api.w.org\/{rel}","templated":true}]}}