{"id":3261,"date":"2024-08-03T05:26:55","date_gmt":"2024-08-03T05:26:55","guid":{"rendered":"https:\/\/cokebricks.com\/?post_type=product&#038;p=3261"},"modified":"2025-01-13T08:09:28","modified_gmt":"2025-01-13T08:09:28","slug":"adicionar-b","status":"publish","type":"product","link":"https:\/\/legitgrams.com\/pt\/produto\/adicionar-b\/","title":{"rendered":"ADD-B"},"content":{"rendered":"<h2>Para venda: ADD-B<\/h2>\n<p><a href=\"https:\/\/legitgrams.com\/pt\/produto\/adicionar-b\/\">ADD-B<\/a> pode ser comprado online. \u00c9 uma cannabis sint\u00e9tica que \u00e9 estruturalmente categorizada e usada como um padr\u00e3o de refer\u00eancia em an\u00e1lise. N\u00e3o se sabe quais s\u00e3o as propriedades fisiol\u00f3gicas e toxicol\u00f3gicas deste produto qu\u00edmico. 4. Cyan CUMYL-BUTINACA \u00e9 categorizado como uma subst\u00e2ncia de Tabela I nos Estados Unidos. Este gadget \u00e9 destinado ao uso em aplica\u00e7\u00f5es de pesquisa e forense.<\/p>\n<p>Uso: O ADD-B \u00e9 utilizado principalmente para fins de pesquisa e n\u00e3o se destina ao consumo humano ou animal.<\/p>\n<h3>Compre ADD-B online.<\/h3>\n<p><a href=\"https:\/\/en.wikipedia.org\/wiki\/ADB\">ADD-B<\/a> \u00e9 uma cannabis sint\u00e9tica. \u00c9 um membro da fam\u00edlia indazol de canabinoides, especificamente a subclasse conhecida como indazol-3-carboxamida. \u00c9 intimamente relacionado a uma classe de compostos relacionados desenvolvidos pela Pfizer em 2009. Estes estavam sendo desenvolvidos inicialmente como analg\u00e9sicos. Este \u00e9 um forte agonista CB1, semelhante \u00e0 maioria dos canabinoides sint\u00e9ticos que cont\u00eam indaz\u00f3is. As estat\u00edsticas oficiais s\u00e3o poucas, embora a experi\u00eancia aned\u00f3tica sugira uma dose ativa t\u00e3o baixa quanto 1\/10 de um miligrama. Compre ADD-B online.<\/p>\n<h3>O uso de CN-BINACA-ADB \u00e9 autorizado.<\/h3>\n<p>Observe que nenhuma jurisdi\u00e7\u00e3o reconhecida reconhece o ADD-B como um medicamento, terapia ou suplemento alimentar. Ele nunca deve ser usado em experimentos qu\u00edmicos in vivo ou consumido por humanos; ele est\u00e1 dispon\u00edvel apenas para uso como um produto qu\u00edmico de pesquisa. Ele est\u00e1 dispon\u00edvel apenas para calibra\u00e7\u00e3o de amostra e pesquisa in vitro. <a href=\"https:\/\/legitgrams.com\/pt\/\">LegitGrams<\/a><\/p>","protected":false},"excerpt":{"rendered":"<p>For Sale: ADD-B ADD-B can be bought online. It is a synthetic cannabis that is structurally categorized and used as a reference standard in analysis. It is unknown what the physiological and toxicological properties of this chemical are. 4. Cyan CUMYL-BUTINACA is categorized as a Schedule I substance in the United States. This gadget is &hellip;<\/p>\n<p class=\"read-more\"> <a class=\"\" href=\"https:\/\/legitgrams.com\/pt\/produto\/adicionar-b\/\"> <span class=\"screen-reader-text\">ADD-B<\/span> Ler mais \"<\/a><\/p>","protected":false},"featured_media":3273,"comment_status":"open","ping_status":"closed","template":"","meta":{"_uag_custom_page_level_css":"","site-sidebar-layout":"default","site-content-layout":"default","ast-global-header-display":"","ast-main-header-display":"","ast-hfb-above-header-display":"","ast-hfb-below-header-display":"","ast-hfb-mobile-header-display":"","site-post-title":"","ast-breadcrumbs-content":"","ast-featured-img":"","footer-sml-layout":"","theme-transparent-header-meta":"default","adv-header-id-meta":"","stick-header-meta":"default","header-above-stick-meta":"","header-main-stick-meta":"","header-below-stick-meta":"","_joinchat":[]},"product_brand":[],"product_cat":[190],"product_tag":[545,544,543,546,547,541,542],"class_list":{"0":"post-3261","1":"product","2":"type-product","3":"status-publish","4":"has-post-thumbnail","6":"product_cat-cannabinoids","7":"product_tag-add-b-cannabinoids-for-sale","8":"product_tag-add-b-crystals-for-sale","9":"product_tag-add-b-for-sale","10":"product_tag-add-b-for-sale-online","11":"product_tag-add-b-powder-for-sale","12":"product_tag-buy-add-b","13":"product_tag-buy-add-b-online","14":"desktop-align-left","15":"tablet-align-left","16":"mobile-align-left","17":"ast-product-gallery-layout-horizontal","18":"ast-product-gallery-with-no-image","19":"ast-product-single-variable","20":"ast-product-tabs-layout-horizontal","21":"ast-qv-on-image","23":"first","24":"instock","25":"shipping-taxable","26":"purchasable","27":"product-type-variable"},"yoast_head":"<!-- This site is optimized with the Yoast SEO plugin v25.9 - https:\/\/yoast.com\/wordpress\/plugins\/seo\/ -->\n<title>ADD-B for Sale - Order ADD-B Powder Online | LegitGrams<\/title>\n<meta name=\"description\" content=\"You can get add-b for sale at the best rates from our online store LegitGrams. We are here to help you buy add-b online. Order Today with Discreet Delivery!\" \/>\n<meta name=\"robots\" content=\"index, follow, max-snippet:-1, max-image-preview:large, max-video-preview:-1\" \/>\n<link rel=\"canonical\" href=\"https:\/\/legitgrams.com\/pt\/produto\/adicionar-b\/\" \/>\n<meta property=\"og:locale\" content=\"pt_PT\" \/>\n<meta property=\"og:type\" content=\"article\" \/>\n<meta property=\"og:title\" content=\"ADD-B for Sale - Order ADD-B Powder Online | LegitGrams\" \/>\n<meta property=\"og:description\" content=\"You can get add-b for sale at the best rates from our online store LegitGrams. We are here to help you buy add-b online. Order Today with Discreet Delivery!\" \/>\n<meta property=\"og:url\" content=\"https:\/\/legitgrams.com\/pt\/produto\/adicionar-b\/\" \/>\n<meta property=\"og:site_name\" content=\"Legit Grams\" \/>\n<meta property=\"article:modified_time\" content=\"2025-01-13T08:09:28+00:00\" \/>\n<meta property=\"og:image\" content=\"https:\/\/legitgrams.com\/wp-content\/uploads\/2024\/08\/Add-b.gif\" \/>\n\t<meta property=\"og:image:width\" content=\"600\" \/>\n\t<meta property=\"og:image:height\" content=\"600\" \/>\n\t<meta property=\"og:image:type\" content=\"image\/gif\" \/>\n<meta name=\"twitter:card\" content=\"summary_large_image\" \/>\n<meta name=\"twitter:label1\" content=\"Tempo estimado de leitura\" \/>\n\t<meta name=\"twitter:data1\" content=\"2 minutos\" \/>\n<script type=\"application\/ld+json\" class=\"yoast-schema-graph\">{\"@context\":\"https:\/\/schema.org\",\"@graph\":[{\"@type\":\"WebPage\",\"@id\":\"https:\/\/legitgrams.com\/product\/add-b\/\",\"url\":\"https:\/\/legitgrams.com\/product\/add-b\/\",\"name\":\"ADD-B for Sale - Order ADD-B Powder Online | LegitGrams\",\"isPartOf\":{\"@id\":\"https:\/\/legitgrams.com\/#website\"},\"primaryImageOfPage\":{\"@id\":\"https:\/\/legitgrams.com\/product\/add-b\/#primaryimage\"},\"image\":{\"@id\":\"https:\/\/legitgrams.com\/product\/add-b\/#primaryimage\"},\"thumbnailUrl\":\"https:\/\/legitgrams.com\/wp-content\/uploads\/2024\/08\/Add-b.gif\",\"datePublished\":\"2024-08-03T05:26:55+00:00\",\"dateModified\":\"2025-01-13T08:09:28+00:00\",\"description\":\"You can get add-b for sale at the best rates from our online store LegitGrams. We are here to help you buy add-b online. Order Today with Discreet Delivery!\",\"breadcrumb\":{\"@id\":\"https:\/\/legitgrams.com\/product\/add-b\/#breadcrumb\"},\"inLanguage\":\"pt-PT\",\"potentialAction\":[{\"@type\":\"ReadAction\",\"target\":[\"https:\/\/legitgrams.com\/product\/add-b\/\"]}]},{\"@type\":\"ImageObject\",\"inLanguage\":\"pt-PT\",\"@id\":\"https:\/\/legitgrams.com\/product\/add-b\/#primaryimage\",\"url\":\"https:\/\/legitgrams.com\/wp-content\/uploads\/2024\/08\/Add-b.gif\",\"contentUrl\":\"https:\/\/legitgrams.com\/wp-content\/uploads\/2024\/08\/Add-b.gif\",\"width\":600,\"height\":600,\"caption\":\"ADD-B for Sale\"},{\"@type\":\"BreadcrumbList\",\"@id\":\"https:\/\/legitgrams.com\/product\/add-b\/#breadcrumb\",\"itemListElement\":[{\"@type\":\"ListItem\",\"position\":1,\"name\":\"Home\",\"item\":\"https:\/\/legitgrams.com\/\"},{\"@type\":\"ListItem\",\"position\":2,\"name\":\"Shop\",\"item\":\"https:\/\/legitgrams.com\/shop\/\"},{\"@type\":\"ListItem\",\"position\":3,\"name\":\"ADD-B\"}]},{\"@type\":\"WebSite\",\"@id\":\"https:\/\/legitgrams.com\/#website\",\"url\":\"https:\/\/legitgrams.com\/\",\"name\":\"Legit Grams\",\"description\":\"My WordPress Blog\",\"publisher\":{\"@id\":\"https:\/\/legitgrams.com\/#organization\"},\"potentialAction\":[{\"@type\":\"SearchAction\",\"target\":{\"@type\":\"EntryPoint\",\"urlTemplate\":\"https:\/\/legitgrams.com\/?s={search_term_string}\"},\"query-input\":{\"@type\":\"PropertyValueSpecification\",\"valueRequired\":true,\"valueName\":\"search_term_string\"}}],\"inLanguage\":\"pt-PT\"},{\"@type\":\"Organization\",\"@id\":\"https:\/\/legitgrams.com\/#organization\",\"name\":\"Legit Grams\",\"url\":\"https:\/\/legitgrams.com\/\",\"logo\":{\"@type\":\"ImageObject\",\"inLanguage\":\"pt-PT\",\"@id\":\"https:\/\/legitgrams.com\/#\/schema\/logo\/image\/\",\"url\":\"https:\/\/legitgrams.com\/wp-content\/uploads\/2024\/09\/main-logo.png\",\"contentUrl\":\"https:\/\/legitgrams.com\/wp-content\/uploads\/2024\/09\/main-logo.png\",\"width\":270,\"height\":75,\"caption\":\"Legit Grams\"},\"image\":{\"@id\":\"https:\/\/legitgrams.com\/#\/schema\/logo\/image\/\"}}]}<\/script>\n<!-- \/ Yoast SEO plugin. -->","yoast_head_json":{"title":"ADD-B para Venda - Encomendar ADD-B em P\u00f3 Online | LegitGrams","description":"Pode obter add-b para venda aos melhores pre\u00e7os na nossa loja online LegitGrams. Estamos aqui para o ajudar a comprar add-b online. Encomende hoje com entrega discreta!","robots":{"index":"index","follow":"follow","max-snippet":"max-snippet:-1","max-image-preview":"max-image-preview:large","max-video-preview":"max-video-preview:-1"},"canonical":"https:\/\/legitgrams.com\/pt\/produto\/adicionar-b\/","og_locale":"pt_PT","og_type":"article","og_title":"ADD-B for Sale - Order ADD-B Powder Online | LegitGrams","og_description":"You can get add-b for sale at the best rates from our online store LegitGrams. We are here to help you buy add-b online. Order Today with Discreet Delivery!","og_url":"https:\/\/legitgrams.com\/pt\/produto\/adicionar-b\/","og_site_name":"Legit Grams","article_modified_time":"2025-01-13T08:09:28+00:00","og_image":[{"width":600,"height":600,"url":"https:\/\/legitgrams.com\/wp-content\/uploads\/2024\/08\/Add-b.gif","type":"image\/gif"}],"twitter_card":"summary_large_image","twitter_misc":{"Tempo estimado de leitura":"2 minutos"},"schema":{"@context":"https:\/\/schema.org","@graph":[{"@type":"WebPage","@id":"https:\/\/legitgrams.com\/product\/add-b\/","url":"https:\/\/legitgrams.com\/product\/add-b\/","name":"ADD-B para Venda - Encomendar ADD-B em P\u00f3 Online | LegitGrams","isPartOf":{"@id":"https:\/\/legitgrams.com\/#website"},"primaryImageOfPage":{"@id":"https:\/\/legitgrams.com\/product\/add-b\/#primaryimage"},"image":{"@id":"https:\/\/legitgrams.com\/product\/add-b\/#primaryimage"},"thumbnailUrl":"https:\/\/legitgrams.com\/wp-content\/uploads\/2024\/08\/Add-b.gif","datePublished":"2024-08-03T05:26:55+00:00","dateModified":"2025-01-13T08:09:28+00:00","description":"Pode obter add-b para venda aos melhores pre\u00e7os na nossa loja online LegitGrams. Estamos aqui para o ajudar a comprar add-b online. Encomende hoje com entrega discreta!","breadcrumb":{"@id":"https:\/\/legitgrams.com\/product\/add-b\/#breadcrumb"},"inLanguage":"pt-PT","potentialAction":[{"@type":"ReadAction","target":["https:\/\/legitgrams.com\/product\/add-b\/"]}]},{"@type":"ImageObject","inLanguage":"pt-PT","@id":"https:\/\/legitgrams.com\/product\/add-b\/#primaryimage","url":"https:\/\/legitgrams.com\/wp-content\/uploads\/2024\/08\/Add-b.gif","contentUrl":"https:\/\/legitgrams.com\/wp-content\/uploads\/2024\/08\/Add-b.gif","width":600,"height":600,"caption":"ADD-B for Sale"},{"@type":"BreadcrumbList","@id":"https:\/\/legitgrams.com\/product\/add-b\/#breadcrumb","itemListElement":[{"@type":"ListItem","position":1,"name":"Home","item":"https:\/\/legitgrams.com\/"},{"@type":"ListItem","position":2,"name":"Shop","item":"https:\/\/legitgrams.com\/shop\/"},{"@type":"ListItem","position":3,"name":"ADD-B"}]},{"@type":"WebSite","@id":"https:\/\/legitgrams.com\/#website","url":"https:\/\/legitgrams.com\/","name":"Gramas leg\u00edtimas","description":"O meu blogue WordPress","publisher":{"@id":"https:\/\/legitgrams.com\/#organization"},"potentialAction":[{"@type":"SearchAction","target":{"@type":"EntryPoint","urlTemplate":"https:\/\/legitgrams.com\/?s={search_term_string}"},"query-input":{"@type":"PropertyValueSpecification","valueRequired":true,"valueName":"search_term_string"}}],"inLanguage":"pt-PT"},{"@type":"Organization","@id":"https:\/\/legitgrams.com\/#organization","name":"Gramas leg\u00edtimas","url":"https:\/\/legitgrams.com\/","logo":{"@type":"ImageObject","inLanguage":"pt-PT","@id":"https:\/\/legitgrams.com\/#\/schema\/logo\/image\/","url":"https:\/\/legitgrams.com\/wp-content\/uploads\/2024\/09\/main-logo.png","contentUrl":"https:\/\/legitgrams.com\/wp-content\/uploads\/2024\/09\/main-logo.png","width":270,"height":75,"caption":"Legit Grams"},"image":{"@id":"https:\/\/legitgrams.com\/#\/schema\/logo\/image\/"}}]}},"uagb_featured_image_src":{"full":["https:\/\/legitgrams.com\/wp-content\/uploads\/2024\/08\/Add-b.gif",600,600,false],"thumbnail":["https:\/\/legitgrams.com\/wp-content\/uploads\/2024\/08\/Add-b-150x150.gif",150,150,true],"medium":["https:\/\/legitgrams.com\/wp-content\/uploads\/2024\/08\/Add-b-300x300.gif",300,300,true],"medium_large":["https:\/\/legitgrams.com\/wp-content\/uploads\/2024\/08\/Add-b.gif",600,600,false],"large":["https:\/\/legitgrams.com\/wp-content\/uploads\/2024\/08\/Add-b.gif",600,600,false],"1536x1536":["https:\/\/legitgrams.com\/wp-content\/uploads\/2024\/08\/Add-b.gif",600,600,false],"2048x2048":["https:\/\/legitgrams.com\/wp-content\/uploads\/2024\/08\/Add-b.gif",600,600,false],"trp-custom-language-flag":["https:\/\/legitgrams.com\/wp-content\/uploads\/2024\/08\/Add-b-12x12.gif",12,12,true],"woocommerce_thumbnail":["https:\/\/legitgrams.com\/wp-content\/uploads\/2024\/08\/Add-b-300x300.gif",300,300,true],"woocommerce_single":["https:\/\/legitgrams.com\/wp-content\/uploads\/2024\/08\/Add-b.gif",600,600,false],"woocommerce_gallery_thumbnail":["https:\/\/legitgrams.com\/wp-content\/uploads\/2024\/08\/Add-b-100x100.gif",100,100,true]},"uagb_author_info":{"display_name":"cokeblog18","author_link":"https:\/\/legitgrams.com\/pt\/author\/"},"uagb_comment_info":0,"uagb_excerpt":"For Sale: ADD-B ADD-B can be bought online. It is a synthetic cannabis that is structurally categorized and used as a reference standard in analysis. It is unknown what the physiological and toxicological properties of this chemical are. 4. Cyan CUMYL-BUTINACA is categorized as a Schedule I substance in the United States. This gadget is&hellip;","_links":{"self":[{"href":"https:\/\/legitgrams.com\/pt\/wp-json\/wp\/v2\/product\/3261","targetHints":{"allow":["GET"]}}],"collection":[{"href":"https:\/\/legitgrams.com\/pt\/wp-json\/wp\/v2\/product"}],"about":[{"href":"https:\/\/legitgrams.com\/pt\/wp-json\/wp\/v2\/types\/product"}],"replies":[{"embeddable":true,"href":"https:\/\/legitgrams.com\/pt\/wp-json\/wp\/v2\/comments?post=3261"}],"wp:featuredmedia":[{"embeddable":true,"href":"https:\/\/legitgrams.com\/pt\/wp-json\/wp\/v2\/media\/3273"}],"wp:attachment":[{"href":"https:\/\/legitgrams.com\/pt\/wp-json\/wp\/v2\/media?parent=3261"}],"wp:term":[{"taxonomy":"product_brand","embeddable":true,"href":"https:\/\/legitgrams.com\/pt\/wp-json\/wp\/v2\/product_brand?post=3261"},{"taxonomy":"product_cat","embeddable":true,"href":"https:\/\/legitgrams.com\/pt\/wp-json\/wp\/v2\/product_cat?post=3261"},{"taxonomy":"product_tag","embeddable":true,"href":"https:\/\/legitgrams.com\/pt\/wp-json\/wp\/v2\/product_tag?post=3261"}],"curies":[{"name":"wp","href":"https:\/\/api.w.org\/{rel}","templated":true}]}}