{"id":3262,"date":"2024-08-03T05:26:42","date_gmt":"2024-08-03T05:26:42","guid":{"rendered":"https:\/\/cokebricks.com\/?post_type=product&#038;p=3262"},"modified":"2025-07-30T10:54:54","modified_gmt":"2025-07-30T10:54:54","slug":"4fakb","status":"publish","type":"product","link":"https:\/\/legitgrams.com\/pt\/produto\/4fakb\/","title":{"rendered":"4F-AKB"},"content":{"rendered":"<h2>O p\u00f3 4F-AKB est\u00e1 dispon\u00edvel online em LegitGrams.com.<\/h2>\n<p>4F-AKB \u00e9 um canabinoide sint\u00e9tico \u00e0 base de indazol. \u00c9 um potente agonista do receptor canabinoide. Ele compartilha v\u00e1rias caracter\u00edsticas com outros canabinoides sint\u00e9ticos, incluindo 5F-ADB. Se voc\u00ea quiser tentar, pode obter os efeitos desta cannabis sem usar muito. Isso pode ser atribu\u00eddo \u00e0 alta pot\u00eancia do produto qu\u00edmico. Para evitar experimentos excessivos, certifique-se de seguir os protocolos de seguran\u00e7a corretos no laborat\u00f3rio. Os resultados dos testes de 4F-AKB incluem sentimentos de leveza f\u00edsica, relaxamento, desinibi\u00e7\u00e3o e qualidade musical aprimorada.<\/p>\n<h3>Consentimento 4F-AKB<\/h3>\n<p>Embora n\u00e3o seja mais recomendado na maioria dos pa\u00edses, <a href=\"https:\/\/legitgrams.com\/pt\/produto\/4fakb\/\">P\u00f3 4F-AKB<\/a> \u00e9, no entanto, vendido em muitos deles. No entanto, como funciona de forma semelhante ao 5F-ADB, pode ser proibido em na\u00e7\u00f5es como.<\/p>\n<p><a href=\"https:\/\/en.wikipedia.org\/wiki\/4F-MDMB-BINACA\">4FADB<\/a> armazenamento de p\u00f3 para melhores resultados O p\u00f3 4F-AKB branco e forte est\u00e1 dispon\u00edvel para compra.<br \/>\nUm novo produto qu\u00edmico de pesquisa que pode ser aplicado a estudos cient\u00edficos \u00e9 o 4F-AKB! \u00c9 um an\u00e1logo do 5fadb; confira o 5fadb para mais detalhes! O mais novo e popular canabinoide de alta qualidade \u00e9 o 4F-AKB. Pesquisadores experientes que j\u00e1 trabalharam com canabinoides sint\u00e9ticos fortes e compostos como o 5f-adb podem obter o 4F-AKB. O 5f-adb produz um resultado semelhante. <a href=\"https:\/\/en.wikipedia.org\/\">LegitGrams<\/a><\/p>\n<h3>O que sabemos sobre os canabinoides:<\/h3>\n<p>Temos muitas informa\u00e7\u00f5es. Nossos clientes recebem consistentemente seus produtos de alta qualidade no menor tempo poss\u00edvel. Independentemente do tamanho da cidade ou vilarejo, transportamos os itens at\u00e9 mesmo para os lugares mais remotos da Terra. Al\u00e9m disso, garantimos que todos os itens ser\u00e3o entregues. EUA.<\/p>\n<h3>O que \u00e9 p\u00f3 4F-ADB?<\/h3>\n<p>Indazoles s\u00e3o a fonte do canabinoide sint\u00e9tico 4F-ADB. \u00c9 um forte agonista de receptores canabinoides. \u00c9 bem similar a outros canabinoides sint\u00e9ticos, como o 5F-ADB. Se voc\u00ea deseja experimentar esse canabinoide, pegue 4F-AKB; pequenas doses ter\u00e3o efeitos poderosos.<\/p>\n<p>A tremenda for\u00e7a da coca \u00e9 a causa disso. Siga sempre as instru\u00e7\u00f5es de seguran\u00e7a para evitar a\u00e7\u00f5es muito ousadas.<\/p>\n<h3>Obter 4F-ADB.<\/h3>\n<p>O melhor grau 4F-ADB est\u00e1 dispon\u00edvel para compra na LegitGrams. N\u00f3s fornecemos 4F-ADB como um p\u00f3. Voc\u00ea deve ter pelo menos dezoito anos para comprar 4F-ADB de n\u00f3s.<\/p>\n<p>Este produto n\u00e3o \u00e9 destinado ao uso por humanos ou animais. Ele \u00e9 destinado somente para uso em experimentos. Al\u00e9m disso,<\/p>\n<p>As leis nacionais do seu pa\u00eds devem ser rigorosamente seguidas ao concluir a transa\u00e7\u00e3o.<\/p>\n<h3>O estatuto jur\u00eddico do 4F-ADB<\/h3>\n<p>4F-ADB \u00e9 permitido em muitos pa\u00edses porque \u00e9 atualmente desconhecido em muitos deles. No entanto, em pa\u00edses como os EUA com leis anal\u00f3gicas rigorosas, ele pode ser visto como um an\u00e1logo 5F-ADB, tornando-o ilegal. Para mais informa\u00e7\u00f5es, entre em contato conosco.<\/p>","protected":false},"excerpt":{"rendered":"<p>4F-AKB Powder is available online at LegitGrams.com. 4F-AKB is an indazole-based synthetic cannabinoid. It is a potent cannabinoid receptor agonist. It shares several characteristics with other synthetic cannabinoids, including 5F-ADB. If you want to try, you can get the effects of this cannabis without using a lot of it. This can be attributed to the &hellip;<\/p>\n<p class=\"read-more\"> <a class=\"\" href=\"https:\/\/legitgrams.com\/pt\/produto\/4fakb\/\"> <span class=\"screen-reader-text\">4F-AKB<\/span> Ler mais \"<\/a><\/p>","protected":false},"featured_media":3271,"comment_status":"open","ping_status":"closed","template":"","meta":{"_uag_custom_page_level_css":"","site-sidebar-layout":"default","site-content-layout":"default","ast-global-header-display":"","ast-main-header-display":"","ast-hfb-above-header-display":"","ast-hfb-below-header-display":"","ast-hfb-mobile-header-display":"","site-post-title":"","ast-breadcrumbs-content":"","ast-featured-img":"","footer-sml-layout":"","theme-transparent-header-meta":"default","adv-header-id-meta":"","stick-header-meta":"default","header-above-stick-meta":"","header-main-stick-meta":"","header-below-stick-meta":"","_joinchat":[]},"product_brand":[],"product_cat":[190],"product_tag":[538,537,536,539,540,534,535],"class_list":{"0":"post-3262","1":"product","2":"type-product","3":"status-publish","4":"has-post-thumbnail","6":"product_cat-cannabinoids","7":"product_tag-4f-akb-cannabinoids-for-sale","8":"product_tag-4f-akb-crystals-for-sale","9":"product_tag-4f-akb-for-sale","10":"product_tag-4f-akb-for-sale-online","11":"product_tag-4f-akb-powder-for-sale","12":"product_tag-buy-4f-akb","13":"product_tag-buy-4f-akb-online","14":"desktop-align-left","15":"tablet-align-left","16":"mobile-align-left","17":"ast-product-gallery-layout-horizontal","18":"ast-product-gallery-with-no-image","19":"ast-product-single-variable","20":"ast-product-tabs-layout-horizontal","21":"ast-qv-on-image","23":"first","24":"instock","25":"shipping-taxable","26":"purchasable","27":"product-type-variable"},"yoast_head":"<!-- This site is optimized with the Yoast SEO plugin v25.9 - https:\/\/yoast.com\/wordpress\/plugins\/seo\/ -->\n<title>4F-AKB Powder for Sale - Buy 4F-AKB Cannabinoids Online<\/title>\n<meta name=\"description\" content=\"Looking 4f-akb powder for your research? Buy 4F-AKB online conveniently and securely, with a straightforward ordering process for 4F-AKB for sale.\" \/>\n<meta name=\"robots\" content=\"index, follow, max-snippet:-1, max-image-preview:large, max-video-preview:-1\" \/>\n<link rel=\"canonical\" href=\"https:\/\/legitgrams.com\/pt\/produto\/4fakb\/\" \/>\n<meta property=\"og:locale\" content=\"pt_PT\" \/>\n<meta property=\"og:type\" content=\"article\" \/>\n<meta property=\"og:title\" content=\"4F-AKB Powder for Sale - Buy 4F-AKB Cannabinoids Online\" \/>\n<meta property=\"og:description\" content=\"Looking 4f-akb powder for your research? Buy 4F-AKB online conveniently and securely, with a straightforward ordering process for 4F-AKB for sale.\" \/>\n<meta property=\"og:url\" content=\"https:\/\/legitgrams.com\/pt\/produto\/4fakb\/\" \/>\n<meta property=\"og:site_name\" content=\"Legit Grams\" \/>\n<meta property=\"article:modified_time\" content=\"2025-07-30T10:54:54+00:00\" \/>\n<meta property=\"og:image\" content=\"https:\/\/legitgrams.com\/wp-content\/uploads\/2024\/08\/4f-akb.gif\" \/>\n\t<meta property=\"og:image:width\" content=\"600\" \/>\n\t<meta property=\"og:image:height\" content=\"600\" \/>\n\t<meta property=\"og:image:type\" content=\"image\/gif\" \/>\n<meta name=\"twitter:card\" content=\"summary_large_image\" \/>\n<meta name=\"twitter:label1\" content=\"Tempo estimado de leitura\" \/>\n\t<meta name=\"twitter:data1\" content=\"3 minutos\" \/>\n<script type=\"application\/ld+json\" class=\"yoast-schema-graph\">{\"@context\":\"https:\/\/schema.org\",\"@graph\":[{\"@type\":\"WebPage\",\"@id\":\"https:\/\/legitgrams.com\/product\/4fakb\/\",\"url\":\"https:\/\/legitgrams.com\/product\/4fakb\/\",\"name\":\"4F-AKB Powder for Sale - Buy 4F-AKB Cannabinoids Online\",\"isPartOf\":{\"@id\":\"https:\/\/legitgrams.com\/#website\"},\"primaryImageOfPage\":{\"@id\":\"https:\/\/legitgrams.com\/product\/4fakb\/#primaryimage\"},\"image\":{\"@id\":\"https:\/\/legitgrams.com\/product\/4fakb\/#primaryimage\"},\"thumbnailUrl\":\"https:\/\/legitgrams.com\/wp-content\/uploads\/2024\/08\/4f-akb.gif\",\"datePublished\":\"2024-08-03T05:26:42+00:00\",\"dateModified\":\"2025-07-30T10:54:54+00:00\",\"description\":\"Looking 4f-akb powder for your research? Buy 4F-AKB online conveniently and securely, with a straightforward ordering process for 4F-AKB for sale.\",\"breadcrumb\":{\"@id\":\"https:\/\/legitgrams.com\/product\/4fakb\/#breadcrumb\"},\"inLanguage\":\"pt-PT\",\"potentialAction\":[{\"@type\":\"ReadAction\",\"target\":[\"https:\/\/legitgrams.com\/product\/4fakb\/\"]}]},{\"@type\":\"ImageObject\",\"inLanguage\":\"pt-PT\",\"@id\":\"https:\/\/legitgrams.com\/product\/4fakb\/#primaryimage\",\"url\":\"https:\/\/legitgrams.com\/wp-content\/uploads\/2024\/08\/4f-akb.gif\",\"contentUrl\":\"https:\/\/legitgrams.com\/wp-content\/uploads\/2024\/08\/4f-akb.gif\",\"width\":600,\"height\":600,\"caption\":\"4F-AKB Powder for Sale\"},{\"@type\":\"BreadcrumbList\",\"@id\":\"https:\/\/legitgrams.com\/product\/4fakb\/#breadcrumb\",\"itemListElement\":[{\"@type\":\"ListItem\",\"position\":1,\"name\":\"Home\",\"item\":\"https:\/\/legitgrams.com\/\"},{\"@type\":\"ListItem\",\"position\":2,\"name\":\"Shop\",\"item\":\"https:\/\/legitgrams.com\/shop\/\"},{\"@type\":\"ListItem\",\"position\":3,\"name\":\"4F-AKB\"}]},{\"@type\":\"WebSite\",\"@id\":\"https:\/\/legitgrams.com\/#website\",\"url\":\"https:\/\/legitgrams.com\/\",\"name\":\"Legit Grams\",\"description\":\"My WordPress Blog\",\"publisher\":{\"@id\":\"https:\/\/legitgrams.com\/#organization\"},\"potentialAction\":[{\"@type\":\"SearchAction\",\"target\":{\"@type\":\"EntryPoint\",\"urlTemplate\":\"https:\/\/legitgrams.com\/?s={search_term_string}\"},\"query-input\":{\"@type\":\"PropertyValueSpecification\",\"valueRequired\":true,\"valueName\":\"search_term_string\"}}],\"inLanguage\":\"pt-PT\"},{\"@type\":\"Organization\",\"@id\":\"https:\/\/legitgrams.com\/#organization\",\"name\":\"Legit Grams\",\"url\":\"https:\/\/legitgrams.com\/\",\"logo\":{\"@type\":\"ImageObject\",\"inLanguage\":\"pt-PT\",\"@id\":\"https:\/\/legitgrams.com\/#\/schema\/logo\/image\/\",\"url\":\"https:\/\/legitgrams.com\/wp-content\/uploads\/2024\/09\/main-logo.png\",\"contentUrl\":\"https:\/\/legitgrams.com\/wp-content\/uploads\/2024\/09\/main-logo.png\",\"width\":270,\"height\":75,\"caption\":\"Legit Grams\"},\"image\":{\"@id\":\"https:\/\/legitgrams.com\/#\/schema\/logo\/image\/\"}}]}<\/script>\n<!-- \/ Yoast SEO plugin. -->","yoast_head_json":{"title":"4F-AKB em p\u00f3 para venda - Comprar canabin\u00f3ides 4F-AKB online","description":"Procura 4f-akb em p\u00f3 para a sua investiga\u00e7\u00e3o? Compre 4F-AKB online de forma conveniente e segura, com um processo de encomenda simples para 4F-AKB para venda.","robots":{"index":"index","follow":"follow","max-snippet":"max-snippet:-1","max-image-preview":"max-image-preview:large","max-video-preview":"max-video-preview:-1"},"canonical":"https:\/\/legitgrams.com\/pt\/produto\/4fakb\/","og_locale":"pt_PT","og_type":"article","og_title":"4F-AKB Powder for Sale - Buy 4F-AKB Cannabinoids Online","og_description":"Looking 4f-akb powder for your research? Buy 4F-AKB online conveniently and securely, with a straightforward ordering process for 4F-AKB for sale.","og_url":"https:\/\/legitgrams.com\/pt\/produto\/4fakb\/","og_site_name":"Legit Grams","article_modified_time":"2025-07-30T10:54:54+00:00","og_image":[{"width":600,"height":600,"url":"https:\/\/legitgrams.com\/wp-content\/uploads\/2024\/08\/4f-akb.gif","type":"image\/gif"}],"twitter_card":"summary_large_image","twitter_misc":{"Tempo estimado de leitura":"3 minutos"},"schema":{"@context":"https:\/\/schema.org","@graph":[{"@type":"WebPage","@id":"https:\/\/legitgrams.com\/product\/4fakb\/","url":"https:\/\/legitgrams.com\/product\/4fakb\/","name":"4F-AKB em p\u00f3 para venda - Comprar canabin\u00f3ides 4F-AKB online","isPartOf":{"@id":"https:\/\/legitgrams.com\/#website"},"primaryImageOfPage":{"@id":"https:\/\/legitgrams.com\/product\/4fakb\/#primaryimage"},"image":{"@id":"https:\/\/legitgrams.com\/product\/4fakb\/#primaryimage"},"thumbnailUrl":"https:\/\/legitgrams.com\/wp-content\/uploads\/2024\/08\/4f-akb.gif","datePublished":"2024-08-03T05:26:42+00:00","dateModified":"2025-07-30T10:54:54+00:00","description":"Procura 4f-akb em p\u00f3 para a sua investiga\u00e7\u00e3o? Compre 4F-AKB online de forma conveniente e segura, com um processo de encomenda simples para 4F-AKB para venda.","breadcrumb":{"@id":"https:\/\/legitgrams.com\/product\/4fakb\/#breadcrumb"},"inLanguage":"pt-PT","potentialAction":[{"@type":"ReadAction","target":["https:\/\/legitgrams.com\/product\/4fakb\/"]}]},{"@type":"ImageObject","inLanguage":"pt-PT","@id":"https:\/\/legitgrams.com\/product\/4fakb\/#primaryimage","url":"https:\/\/legitgrams.com\/wp-content\/uploads\/2024\/08\/4f-akb.gif","contentUrl":"https:\/\/legitgrams.com\/wp-content\/uploads\/2024\/08\/4f-akb.gif","width":600,"height":600,"caption":"4F-AKB Powder for Sale"},{"@type":"BreadcrumbList","@id":"https:\/\/legitgrams.com\/product\/4fakb\/#breadcrumb","itemListElement":[{"@type":"ListItem","position":1,"name":"Home","item":"https:\/\/legitgrams.com\/"},{"@type":"ListItem","position":2,"name":"Shop","item":"https:\/\/legitgrams.com\/shop\/"},{"@type":"ListItem","position":3,"name":"4F-AKB"}]},{"@type":"WebSite","@id":"https:\/\/legitgrams.com\/#website","url":"https:\/\/legitgrams.com\/","name":"Gramas leg\u00edtimas","description":"O meu blogue WordPress","publisher":{"@id":"https:\/\/legitgrams.com\/#organization"},"potentialAction":[{"@type":"SearchAction","target":{"@type":"EntryPoint","urlTemplate":"https:\/\/legitgrams.com\/?s={search_term_string}"},"query-input":{"@type":"PropertyValueSpecification","valueRequired":true,"valueName":"search_term_string"}}],"inLanguage":"pt-PT"},{"@type":"Organization","@id":"https:\/\/legitgrams.com\/#organization","name":"Gramas leg\u00edtimas","url":"https:\/\/legitgrams.com\/","logo":{"@type":"ImageObject","inLanguage":"pt-PT","@id":"https:\/\/legitgrams.com\/#\/schema\/logo\/image\/","url":"https:\/\/legitgrams.com\/wp-content\/uploads\/2024\/09\/main-logo.png","contentUrl":"https:\/\/legitgrams.com\/wp-content\/uploads\/2024\/09\/main-logo.png","width":270,"height":75,"caption":"Legit Grams"},"image":{"@id":"https:\/\/legitgrams.com\/#\/schema\/logo\/image\/"}}]}},"uagb_featured_image_src":{"full":["https:\/\/legitgrams.com\/wp-content\/uploads\/2024\/08\/4f-akb.gif",600,600,false],"thumbnail":["https:\/\/legitgrams.com\/wp-content\/uploads\/2024\/08\/4f-akb-150x150.gif",150,150,true],"medium":["https:\/\/legitgrams.com\/wp-content\/uploads\/2024\/08\/4f-akb-300x300.gif",300,300,true],"medium_large":["https:\/\/legitgrams.com\/wp-content\/uploads\/2024\/08\/4f-akb.gif",600,600,false],"large":["https:\/\/legitgrams.com\/wp-content\/uploads\/2024\/08\/4f-akb.gif",600,600,false],"1536x1536":["https:\/\/legitgrams.com\/wp-content\/uploads\/2024\/08\/4f-akb.gif",600,600,false],"2048x2048":["https:\/\/legitgrams.com\/wp-content\/uploads\/2024\/08\/4f-akb.gif",600,600,false],"trp-custom-language-flag":["https:\/\/legitgrams.com\/wp-content\/uploads\/2024\/08\/4f-akb-12x12.gif",12,12,true],"woocommerce_thumbnail":["https:\/\/legitgrams.com\/wp-content\/uploads\/2024\/08\/4f-akb-300x300.gif",300,300,true],"woocommerce_single":["https:\/\/legitgrams.com\/wp-content\/uploads\/2024\/08\/4f-akb.gif",600,600,false],"woocommerce_gallery_thumbnail":["https:\/\/legitgrams.com\/wp-content\/uploads\/2024\/08\/4f-akb-100x100.gif",100,100,true]},"uagb_author_info":{"display_name":"cokeblog18","author_link":"https:\/\/legitgrams.com\/pt\/author\/"},"uagb_comment_info":1,"uagb_excerpt":"4F-AKB Powder is available online at LegitGrams.com. 4F-AKB is an indazole-based synthetic cannabinoid. It is a potent cannabinoid receptor agonist. It shares several characteristics with other synthetic cannabinoids, including 5F-ADB. If you want to try, you can get the effects of this cannabis without using a lot of it. This can be attributed to the&hellip;","_links":{"self":[{"href":"https:\/\/legitgrams.com\/pt\/wp-json\/wp\/v2\/product\/3262","targetHints":{"allow":["GET"]}}],"collection":[{"href":"https:\/\/legitgrams.com\/pt\/wp-json\/wp\/v2\/product"}],"about":[{"href":"https:\/\/legitgrams.com\/pt\/wp-json\/wp\/v2\/types\/product"}],"replies":[{"embeddable":true,"href":"https:\/\/legitgrams.com\/pt\/wp-json\/wp\/v2\/comments?post=3262"}],"wp:featuredmedia":[{"embeddable":true,"href":"https:\/\/legitgrams.com\/pt\/wp-json\/wp\/v2\/media\/3271"}],"wp:attachment":[{"href":"https:\/\/legitgrams.com\/pt\/wp-json\/wp\/v2\/media?parent=3262"}],"wp:term":[{"taxonomy":"product_brand","embeddable":true,"href":"https:\/\/legitgrams.com\/pt\/wp-json\/wp\/v2\/product_brand?post=3262"},{"taxonomy":"product_cat","embeddable":true,"href":"https:\/\/legitgrams.com\/pt\/wp-json\/wp\/v2\/product_cat?post=3262"},{"taxonomy":"product_tag","embeddable":true,"href":"https:\/\/legitgrams.com\/pt\/wp-json\/wp\/v2\/product_tag?post=3262"}],"curies":[{"name":"wp","href":"https:\/\/api.w.org\/{rel}","templated":true}]}}