{"id":3263,"date":"2024-08-03T05:27:05","date_gmt":"2024-08-03T05:27:05","guid":{"rendered":"https:\/\/cokebricks.com\/?post_type=product&#038;p=3263"},"modified":"2025-01-11T11:42:59","modified_gmt":"2025-01-11T11:42:59","slug":"5cladb","status":"publish","type":"product","link":"https:\/\/legitgrams.com\/pt\/produto\/5cladb\/","title":{"rendered":"5cladb"},"content":{"rendered":"<h2>Compre 5CLADB online na LegitGrams.<\/h2>\n<p>O canabinoide sint\u00e9tico 5-cl-adb-a (MDMB-4en-P) tem um n\u00facleo indazol e um alceno terminal em sua cadeia lateral. Ele compartilha uma estrutura com <a href=\"https:\/\/legitgrams.com\/pt\/produto\/5cladb\/\">5F-MDMB-PINACA (5F-ADB)<\/a>. \u00c9 quiral por natureza. Mesmo quando os enanti\u00f4meros n\u00e3o foram separados em um laborat\u00f3rio, o S-enanti\u00f4mero foi detectado em amostras. O Comit\u00ea de Especialistas em Depend\u00eancia de Drogas da OMS n\u00e3o avaliou previamente o produto qu\u00edmico, e ele n\u00e3o \u00e9 facilmente transformado em outras subst\u00e2ncias proibidas. Para compras de 5-cl-adb-a feitas on-line, entre em contato com a Coke Bricks imediatamente!<\/p>\n<h3>Quais s\u00e3o as vias de administra\u00e7\u00e3o do MDMB-4en-P (5-cl-adb-a)?<\/h3>\n<p>Consumo devido ao fumo Pulverizar o produto qu\u00edmico em material vegetal ou vaporiz\u00e1-lo ap\u00f3s a prepara\u00e7\u00e3o parece ser a maneira mais prov\u00e1vel de administr\u00e1-lo l\u00edquido. 5-cl-adb-a (MDMB-4en-P) em humanos. Foi descoberto em produtos apreendidos relacionados ao fumo. Portanto, a dosagem necess\u00e1ria para produzir efeitos farmacol\u00f3gicos em pessoas \u00e9 desconhecida. Com 5-cl-adb-a (MDMB-4en-P), estamos dispon\u00edveis para compra na Legit Cannabinoids. Pe\u00e7a agora!<\/p>\n<h3>Quais s\u00e3o as propriedades do 5-cl-adb-a (MDMB-4en-P)?<\/h3>\n<p><a href=\"https:\/\/en.wikipedia.org\/wiki\/MDMB-4en-PINACA\">5-cl-adb-a (MDMB-4en-P)<\/a> e v\u00e1rios outros canabinoides sint\u00e9ticos passam por muito metabolismo. A droga original foi detectada em testes de urina reais, em contraste com certos outros sint\u00e9ticos <a href=\"https:\/\/legitgrams.com\/pt\/\">LegitGrams<\/a>. 5-cl-adb-a (MDMB-4en-P) foi considerado o metab\u00f3lito mais comum em microssomos de f\u00edgado humano, hepat\u00f3citos e amostras de urina real. O valor Ki de 5-cl-adb-a (MDMB-4en-P) em rela\u00e7\u00e3o aos receptores canabinoides humanos tipo 1 (hCB1) \u00e9 3,26 nM. Al\u00e9m disso, \u00e9 um agonista forte e abrangente que reduz o ac\u00famulo de adenosina monofosfato c\u00edclico (cAMP) induzido por Forskolin (EC50 = 0,33 nM).<\/p>","protected":false},"excerpt":{"rendered":"<p>Purchase 5CLADB online at LegitGrams. The synthetic cannabinoid 5-cl-adb-a (MDMB-4en-P) has an indazole core and a terminal alkene in its side chain. It shares a structure with 5F-MDMB-PINACA (5F-ADB). It is chiral in nature. Even when the enantiomers haven&#8217;t been separated in a laboratory, the S-enantiomer has been detected in samples. The WHO Expert Committee &hellip;<\/p>\n<p class=\"read-more\"> <a class=\"\" href=\"https:\/\/legitgrams.com\/pt\/produto\/5cladb\/\"> <span class=\"screen-reader-text\">5cladb<\/span> Ler mais \"<\/a><\/p>","protected":false},"featured_media":5531,"comment_status":"open","ping_status":"closed","template":"","meta":{"_uag_custom_page_level_css":"","site-sidebar-layout":"default","site-content-layout":"default","ast-global-header-display":"","ast-main-header-display":"","ast-hfb-above-header-display":"","ast-hfb-below-header-display":"","ast-hfb-mobile-header-display":"","site-post-title":"","ast-breadcrumbs-content":"","ast-featured-img":"","footer-sml-layout":"","theme-transparent-header-meta":"default","adv-header-id-meta":"","stick-header-meta":"default","header-above-stick-meta":"","header-main-stick-meta":"","header-below-stick-meta":"","_joinchat":[]},"product_brand":[],"product_cat":[190],"product_tag":[459,460,447,237,461,238,239,240,241,242,462],"class_list":{"0":"post-3263","1":"product","2":"type-product","3":"status-publish","4":"has-post-thumbnail","6":"product_cat-cannabinoids","7":"product_tag-5-cl-adb-a","8":"product_tag-5cakb48","9":"product_tag-5f-mdmb-2201-psychonaut","10":"product_tag-5f-mdmb-2201","11":"product_tag-5f-mdmb-2201-cayman","12":"product_tag-5f-mdmb-2201-dosage","13":"product_tag-5f-mdmb-2201-opinie","14":"product_tag-5f-mdmb-2201-reddit","15":"product_tag-5f-mdmb-2201-review","16":"product_tag-5f-mdmb-2201-wiki","17":"product_tag-5fmdmb2201-5f-mdmb-2201-cannabinoid","18":"desktop-align-left","19":"tablet-align-left","20":"mobile-align-left","21":"ast-product-gallery-layout-horizontal","22":"ast-product-gallery-with-no-image","23":"ast-product-single-variable","24":"ast-product-tabs-layout-horizontal","25":"ast-qv-on-image","27":"first","28":"instock","29":"shipping-taxable","30":"purchasable","31":"product-type-variable"},"yoast_head":"<!-- This site is optimized with the Yoast SEO plugin v25.9 - https:\/\/yoast.com\/wordpress\/plugins\/seo\/ -->\n<title>5CLADB for Sale - Buy 5CLADB Powder Online @ Best Price<\/title>\n<meta name=\"description\" content=\"If you wish to buy 5cladb powder online, our online LegitGrams store can help. We have 5cladb for sale at the best rates here. Discover our best-quality 5cladb cannabinoid online!\" \/>\n<meta name=\"robots\" content=\"index, follow, max-snippet:-1, max-image-preview:large, max-video-preview:-1\" \/>\n<link rel=\"canonical\" href=\"https:\/\/legitgrams.com\/pt\/produto\/5cladb\/\" \/>\n<meta property=\"og:locale\" content=\"pt_PT\" \/>\n<meta property=\"og:type\" content=\"article\" \/>\n<meta property=\"og:title\" content=\"5CLADB for Sale - Buy 5CLADB Powder Online @ Best Price\" \/>\n<meta property=\"og:description\" content=\"If you wish to buy 5cladb powder online, our online LegitGrams store can help. We have 5cladb for sale at the best rates here. Discover our best-quality 5cladb cannabinoid online!\" \/>\n<meta property=\"og:url\" content=\"https:\/\/legitgrams.com\/pt\/produto\/5cladb\/\" \/>\n<meta property=\"og:site_name\" content=\"Legit Grams\" \/>\n<meta property=\"article:modified_time\" content=\"2025-01-11T11:42:59+00:00\" \/>\n<meta property=\"og:image\" content=\"https:\/\/legitgrams.com\/wp-content\/uploads\/2024\/08\/5cadb-b-1.gif\" \/>\n\t<meta property=\"og:image:width\" content=\"600\" \/>\n\t<meta property=\"og:image:height\" content=\"600\" \/>\n\t<meta property=\"og:image:type\" content=\"image\/gif\" \/>\n<meta name=\"twitter:card\" content=\"summary_large_image\" \/>\n<meta name=\"twitter:label1\" content=\"Tempo estimado de leitura\" \/>\n\t<meta name=\"twitter:data1\" content=\"2 minutos\" \/>\n<script type=\"application\/ld+json\" class=\"yoast-schema-graph\">{\"@context\":\"https:\/\/schema.org\",\"@graph\":[{\"@type\":\"WebPage\",\"@id\":\"https:\/\/legitgrams.com\/product\/5cladb\/\",\"url\":\"https:\/\/legitgrams.com\/product\/5cladb\/\",\"name\":\"5CLADB for Sale - Buy 5CLADB Powder Online @ Best Price\",\"isPartOf\":{\"@id\":\"https:\/\/legitgrams.com\/#website\"},\"primaryImageOfPage\":{\"@id\":\"https:\/\/legitgrams.com\/product\/5cladb\/#primaryimage\"},\"image\":{\"@id\":\"https:\/\/legitgrams.com\/product\/5cladb\/#primaryimage\"},\"thumbnailUrl\":\"https:\/\/legitgrams.com\/wp-content\/uploads\/2024\/08\/5cadb-b-1.gif\",\"datePublished\":\"2024-08-03T05:27:05+00:00\",\"dateModified\":\"2025-01-11T11:42:59+00:00\",\"description\":\"If you wish to buy 5cladb powder online, our online LegitGrams store can help. We have 5cladb for sale at the best rates here. Discover our best-quality 5cladb cannabinoid online!\",\"breadcrumb\":{\"@id\":\"https:\/\/legitgrams.com\/product\/5cladb\/#breadcrumb\"},\"inLanguage\":\"pt-PT\",\"potentialAction\":[{\"@type\":\"ReadAction\",\"target\":[\"https:\/\/legitgrams.com\/product\/5cladb\/\"]}]},{\"@type\":\"ImageObject\",\"inLanguage\":\"pt-PT\",\"@id\":\"https:\/\/legitgrams.com\/product\/5cladb\/#primaryimage\",\"url\":\"https:\/\/legitgrams.com\/wp-content\/uploads\/2024\/08\/5cadb-b-1.gif\",\"contentUrl\":\"https:\/\/legitgrams.com\/wp-content\/uploads\/2024\/08\/5cadb-b-1.gif\",\"width\":600,\"height\":600,\"caption\":\"5CLADB for Sale\"},{\"@type\":\"BreadcrumbList\",\"@id\":\"https:\/\/legitgrams.com\/product\/5cladb\/#breadcrumb\",\"itemListElement\":[{\"@type\":\"ListItem\",\"position\":1,\"name\":\"Home\",\"item\":\"https:\/\/legitgrams.com\/\"},{\"@type\":\"ListItem\",\"position\":2,\"name\":\"Shop\",\"item\":\"https:\/\/legitgrams.com\/shop\/\"},{\"@type\":\"ListItem\",\"position\":3,\"name\":\"5cladb\"}]},{\"@type\":\"WebSite\",\"@id\":\"https:\/\/legitgrams.com\/#website\",\"url\":\"https:\/\/legitgrams.com\/\",\"name\":\"Legit Grams\",\"description\":\"My WordPress Blog\",\"publisher\":{\"@id\":\"https:\/\/legitgrams.com\/#organization\"},\"potentialAction\":[{\"@type\":\"SearchAction\",\"target\":{\"@type\":\"EntryPoint\",\"urlTemplate\":\"https:\/\/legitgrams.com\/?s={search_term_string}\"},\"query-input\":{\"@type\":\"PropertyValueSpecification\",\"valueRequired\":true,\"valueName\":\"search_term_string\"}}],\"inLanguage\":\"pt-PT\"},{\"@type\":\"Organization\",\"@id\":\"https:\/\/legitgrams.com\/#organization\",\"name\":\"Legit Grams\",\"url\":\"https:\/\/legitgrams.com\/\",\"logo\":{\"@type\":\"ImageObject\",\"inLanguage\":\"pt-PT\",\"@id\":\"https:\/\/legitgrams.com\/#\/schema\/logo\/image\/\",\"url\":\"https:\/\/legitgrams.com\/wp-content\/uploads\/2024\/09\/main-logo.png\",\"contentUrl\":\"https:\/\/legitgrams.com\/wp-content\/uploads\/2024\/09\/main-logo.png\",\"width\":270,\"height\":75,\"caption\":\"Legit Grams\"},\"image\":{\"@id\":\"https:\/\/legitgrams.com\/#\/schema\/logo\/image\/\"}}]}<\/script>\n<!-- \/ Yoast SEO plugin. -->","yoast_head_json":{"title":"5CLADB para Venda - Comprar 5CLADB Powder Online @ Best Price","description":"Se deseja comprar 5cladb em p\u00f3 online, a nossa loja online LegitGrams pode ajudar. Temos 5cladb para venda aos melhores pre\u00e7os aqui. Descubra o nosso canabin\u00f3ide 5cladb de melhor qualidade online!","robots":{"index":"index","follow":"follow","max-snippet":"max-snippet:-1","max-image-preview":"max-image-preview:large","max-video-preview":"max-video-preview:-1"},"canonical":"https:\/\/legitgrams.com\/pt\/produto\/5cladb\/","og_locale":"pt_PT","og_type":"article","og_title":"5CLADB for Sale - Buy 5CLADB Powder Online @ Best Price","og_description":"If you wish to buy 5cladb powder online, our online LegitGrams store can help. We have 5cladb for sale at the best rates here. Discover our best-quality 5cladb cannabinoid online!","og_url":"https:\/\/legitgrams.com\/pt\/produto\/5cladb\/","og_site_name":"Legit Grams","article_modified_time":"2025-01-11T11:42:59+00:00","og_image":[{"width":600,"height":600,"url":"https:\/\/legitgrams.com\/wp-content\/uploads\/2024\/08\/5cadb-b-1.gif","type":"image\/gif"}],"twitter_card":"summary_large_image","twitter_misc":{"Tempo estimado de leitura":"2 minutos"},"schema":{"@context":"https:\/\/schema.org","@graph":[{"@type":"WebPage","@id":"https:\/\/legitgrams.com\/product\/5cladb\/","url":"https:\/\/legitgrams.com\/product\/5cladb\/","name":"5CLADB para Venda - Comprar 5CLADB Powder Online @ Best Price","isPartOf":{"@id":"https:\/\/legitgrams.com\/#website"},"primaryImageOfPage":{"@id":"https:\/\/legitgrams.com\/product\/5cladb\/#primaryimage"},"image":{"@id":"https:\/\/legitgrams.com\/product\/5cladb\/#primaryimage"},"thumbnailUrl":"https:\/\/legitgrams.com\/wp-content\/uploads\/2024\/08\/5cadb-b-1.gif","datePublished":"2024-08-03T05:27:05+00:00","dateModified":"2025-01-11T11:42:59+00:00","description":"Se deseja comprar 5cladb em p\u00f3 online, a nossa loja online LegitGrams pode ajudar. Temos 5cladb para venda aos melhores pre\u00e7os aqui. Descubra o nosso canabin\u00f3ide 5cladb de melhor qualidade online!","breadcrumb":{"@id":"https:\/\/legitgrams.com\/product\/5cladb\/#breadcrumb"},"inLanguage":"pt-PT","potentialAction":[{"@type":"ReadAction","target":["https:\/\/legitgrams.com\/product\/5cladb\/"]}]},{"@type":"ImageObject","inLanguage":"pt-PT","@id":"https:\/\/legitgrams.com\/product\/5cladb\/#primaryimage","url":"https:\/\/legitgrams.com\/wp-content\/uploads\/2024\/08\/5cadb-b-1.gif","contentUrl":"https:\/\/legitgrams.com\/wp-content\/uploads\/2024\/08\/5cadb-b-1.gif","width":600,"height":600,"caption":"5CLADB for Sale"},{"@type":"BreadcrumbList","@id":"https:\/\/legitgrams.com\/product\/5cladb\/#breadcrumb","itemListElement":[{"@type":"ListItem","position":1,"name":"Home","item":"https:\/\/legitgrams.com\/"},{"@type":"ListItem","position":2,"name":"Shop","item":"https:\/\/legitgrams.com\/shop\/"},{"@type":"ListItem","position":3,"name":"5cladb"}]},{"@type":"WebSite","@id":"https:\/\/legitgrams.com\/#website","url":"https:\/\/legitgrams.com\/","name":"Gramas leg\u00edtimas","description":"O meu blogue WordPress","publisher":{"@id":"https:\/\/legitgrams.com\/#organization"},"potentialAction":[{"@type":"SearchAction","target":{"@type":"EntryPoint","urlTemplate":"https:\/\/legitgrams.com\/?s={search_term_string}"},"query-input":{"@type":"PropertyValueSpecification","valueRequired":true,"valueName":"search_term_string"}}],"inLanguage":"pt-PT"},{"@type":"Organization","@id":"https:\/\/legitgrams.com\/#organization","name":"Gramas leg\u00edtimas","url":"https:\/\/legitgrams.com\/","logo":{"@type":"ImageObject","inLanguage":"pt-PT","@id":"https:\/\/legitgrams.com\/#\/schema\/logo\/image\/","url":"https:\/\/legitgrams.com\/wp-content\/uploads\/2024\/09\/main-logo.png","contentUrl":"https:\/\/legitgrams.com\/wp-content\/uploads\/2024\/09\/main-logo.png","width":270,"height":75,"caption":"Legit Grams"},"image":{"@id":"https:\/\/legitgrams.com\/#\/schema\/logo\/image\/"}}]}},"uagb_featured_image_src":{"full":["https:\/\/legitgrams.com\/wp-content\/uploads\/2024\/08\/5cadb-b-1.gif",600,600,false],"thumbnail":["https:\/\/legitgrams.com\/wp-content\/uploads\/2024\/08\/5cadb-b-1-150x150.gif",150,150,true],"medium":["https:\/\/legitgrams.com\/wp-content\/uploads\/2024\/08\/5cadb-b-1-300x300.gif",300,300,true],"medium_large":["https:\/\/legitgrams.com\/wp-content\/uploads\/2024\/08\/5cadb-b-1.gif",600,600,false],"large":["https:\/\/legitgrams.com\/wp-content\/uploads\/2024\/08\/5cadb-b-1.gif",600,600,false],"1536x1536":["https:\/\/legitgrams.com\/wp-content\/uploads\/2024\/08\/5cadb-b-1.gif",600,600,false],"2048x2048":["https:\/\/legitgrams.com\/wp-content\/uploads\/2024\/08\/5cadb-b-1.gif",600,600,false],"trp-custom-language-flag":["https:\/\/legitgrams.com\/wp-content\/uploads\/2024\/08\/5cadb-b-1-12x12.gif",12,12,true],"woocommerce_thumbnail":["https:\/\/legitgrams.com\/wp-content\/uploads\/2024\/08\/5cadb-b-1-300x300.gif",300,300,true],"woocommerce_single":["https:\/\/legitgrams.com\/wp-content\/uploads\/2024\/08\/5cadb-b-1.gif",600,600,false],"woocommerce_gallery_thumbnail":["https:\/\/legitgrams.com\/wp-content\/uploads\/2024\/08\/5cadb-b-1-100x100.gif",100,100,true]},"uagb_author_info":{"display_name":"cokeblog18","author_link":"https:\/\/legitgrams.com\/pt\/author\/"},"uagb_comment_info":0,"uagb_excerpt":"Purchase 5CLADB online at LegitGrams. The synthetic cannabinoid 5-cl-adb-a (MDMB-4en-P) has an indazole core and a terminal alkene in its side chain. It shares a structure with 5F-MDMB-PINACA (5F-ADB). It is chiral in nature. Even when the enantiomers haven&#8217;t been separated in a laboratory, the S-enantiomer has been detected in samples. The WHO Expert Committee&hellip;","_links":{"self":[{"href":"https:\/\/legitgrams.com\/pt\/wp-json\/wp\/v2\/product\/3263","targetHints":{"allow":["GET"]}}],"collection":[{"href":"https:\/\/legitgrams.com\/pt\/wp-json\/wp\/v2\/product"}],"about":[{"href":"https:\/\/legitgrams.com\/pt\/wp-json\/wp\/v2\/types\/product"}],"replies":[{"embeddable":true,"href":"https:\/\/legitgrams.com\/pt\/wp-json\/wp\/v2\/comments?post=3263"}],"wp:featuredmedia":[{"embeddable":true,"href":"https:\/\/legitgrams.com\/pt\/wp-json\/wp\/v2\/media\/5531"}],"wp:attachment":[{"href":"https:\/\/legitgrams.com\/pt\/wp-json\/wp\/v2\/media?parent=3263"}],"wp:term":[{"taxonomy":"product_brand","embeddable":true,"href":"https:\/\/legitgrams.com\/pt\/wp-json\/wp\/v2\/product_brand?post=3263"},{"taxonomy":"product_cat","embeddable":true,"href":"https:\/\/legitgrams.com\/pt\/wp-json\/wp\/v2\/product_cat?post=3263"},{"taxonomy":"product_tag","embeddable":true,"href":"https:\/\/legitgrams.com\/pt\/wp-json\/wp\/v2\/product_tag?post=3263"}],"curies":[{"name":"wp","href":"https:\/\/api.w.org\/{rel}","templated":true}]}}