{"id":3278,"date":"2024-08-03T05:38:22","date_gmt":"2024-08-03T05:38:22","guid":{"rendered":"https:\/\/cokebricks.com\/?post_type=product&#038;p=3278"},"modified":"2025-01-11T11:43:55","modified_gmt":"2025-01-11T11:43:55","slug":"5f-emb","status":"publish","type":"product","link":"https:\/\/legitgrams.com\/pt\/produto\/5f-emb\/","title":{"rendered":"5f-EMB"},"content":{"rendered":"<div class=\"page-actual bg-light\">\n<section class=\"page-section py-5\">\n<div class=\"container\">\n<div class=\"card card-body py-4\">\n<div class=\"row product-each\">\n<div class=\"col-sm-8 product-text\">\n<div class=\"border-bottom mb-4 pb-3\">\n<h2>\u00c0 venda: 5F-EMB<\/h2>\n<p>Descubra 5f-EMB,<a href=\"https:\/\/legitgrams.com\/pt\/produto\/5f-emb\/\"> 5F-EMB-PINACA<\/a>, um canabinoide sint\u00e9tico \u00e0 base de indazol da fam\u00edlia indazol-3-carboxamida que foi oferecido para venda online como um medicamento de designer. Tamb\u00e9m \u00e9 conhecido como <a href=\"https:\/\/en.wikipedia.org\/wiki\/5F-APINACA\">EMB-5F-PINACA<\/a> de acordo com a estrutura do EMCCDA para nomea\u00e7\u00e3o de canabinoides sint\u00e9ticos e 5F-AEB. <a href=\"https:\/\/legitgrams.com\/pt\/\">LegitGrams<\/a><\/p>\n<\/div>\n<div class=\"table-responsive\">\n<table class=\"table table-sm table-borderless\">\n<tbody>\n<tr>\n<td>Nome do produto<\/td>\n<td>5F-EMB<\/td>\n<\/tr>\n<tr>\n<td>C\u00f3digo do produto<\/td>\n<td>F00003078<\/td>\n<\/tr>\n<tr>\n<td>Denomina\u00e7\u00e3o qu\u00edmica<\/td>\n<td>5F-EMB<\/td>\n<\/tr>\n<tr>\n<td>Sin\u00f3nimos<\/td>\n<td>5-Fluoro EMB; (1-(5-fluoropentil)-1H-indazole-3-carbonil)-L-valinato de etilo; 5F-EMB-PINACA<\/td>\n<\/tr>\n<tr>\n<td>Impureza<\/td>\n<td><span class=\"text-muted\">N\u00e3o h\u00e1 dados dispon\u00edveis<a href=\"https:\/\/legitgrams.com\/pt\/\">e<\/a><\/span><\/td>\n<\/tr>\n<tr>\n<td>N\u00famero CAS<\/td>\n<td>NA<\/td>\n<\/tr>\n<tr>\n<td>Alternativa CAS #<\/td>\n<td>NA<\/td>\n<\/tr>\n<tr>\n<td>Forma molecular<\/td>\n<td>C\u2082\u2080H\u2082\u2088FN\u2083O\u2083<\/td>\n<\/tr>\n<tr>\n<td>Apar\u00eancia<\/td>\n<td><span class=\"text-muted\">N\u00e3o existem dados dispon\u00edveis<\/span><\/td>\n<\/tr>\n<tr>\n<td>Ponto de fus\u00e3o<\/td>\n<td><span class=\"text-muted\">N\u00e3o existem dados dispon\u00edveis<\/span><\/td>\n<\/tr>\n<tr>\n<td>Mol. Peso<\/td>\n<td>377.45<\/td>\n<\/tr>\n<tr>\n<td>Armazenamento<\/td>\n<td><span class=\"text-muted\">N\u00e3o existem dados dispon\u00edveis<\/span><\/td>\n<\/tr>\n<tr>\n<td>Solubilidade<\/td>\n<td><span class=\"text-muted\">N\u00e3o existem dados dispon\u00edveis<\/span><\/td>\n<\/tr>\n<tr>\n<td>Estabilidade<\/td>\n<td><span class=\"text-muted\">N\u00e3o existem dados dispon\u00edveis<\/span><\/td>\n<\/tr>\n<tr>\n<td>Categoria<\/td>\n<td><span class=\"text-muted\">N\u00e3o existem dados dispon\u00edveis<\/span><\/td>\n<\/tr>\n<tr>\n<td>Ponto de ebuli\u00e7\u00e3o<\/td>\n<td><span class=\"text-muted\">N\u00e3o existem dados dispon\u00edveis<\/span><\/td>\n<\/tr>\n<tr>\n<td>Aplica\u00e7\u00f5es<\/td>\n<td>O 5F-AEB \u00e9 um an\u00e1logo do AB-PINACA (A109000) caracterizado pela substitui\u00e7\u00e3o da carboxamida por acetato de etilo e pela adi\u00e7\u00e3o de um \u00e1tomo de fl\u00faor no terminal alquilo. Canabin\u00f3ides sint\u00e9ticos.<\/td>\n<\/tr>\n<tr>\n<td>Informa\u00e7\u00f5es sobre mercadorias perigosas<\/td>\n<td>NA<\/td>\n<\/tr>\n<tr>\n<td>Refer\u00eancias<\/td>\n<td>Uchiyama, N., et al: Forensic Toxicol. 31(1), 93 (2013).<\/td>\n<\/tr>\n<tr>\n<td>Notas Extra<\/td>\n<td><span class=\"text-muted\">N\u00e3o existem dados dispon\u00edveis<\/span><\/td>\n<\/tr>\n<tr>\n<td>Documentos (MSDS)<\/td>\n<td><span class=\"text-muted\">N\u00e3o existem dados dispon\u00edveis<\/span><\/td>\n<\/tr>\n<tr>\n<td>Palavras-chave<\/td>\n<td>comprar 5F-EMB | Purchase 5F-EMB| Order 5F-EMB| 5F-EMBsupplier | 5F-EMBmanufacturer | 5F-EMB distributor | 5F-AEB cost<\/td>\n<\/tr>\n<\/tbody>\n<\/table>\n<\/div>\n<\/div>\n<div class=\"col-sm-4 product-media\">\n<div class=\"mt-5 pt-1\"><img decoding=\"async\" class=\"img-thumbnail\" src=\"https:\/\/www.srdpharma.com\/adminize\/uploads\/F00003078_proImage.png\" alt=\"5F-AEB\" \/><\/div>\n<div class=\"mt-5\">\n<h5>Embalagens de produtos<\/h5>\n<\/div>\n<table class=\"table table-sm table-bordered\">\n<tbody>\n<tr>\n<td>25mg<\/td>\n<\/tr>\n<tr>\n<td>50mg<\/td>\n<\/tr>\n<tr>\n<td>100mg<\/td>\n<\/tr>\n<tr>\n<td>250mg<\/td>\n<\/tr>\n<\/tbody>\n<\/table>\n<div class=\"mt-5\">\n<h5>Consulta de produtos<\/h5>\n<div class=\"card card-body\">\u00a0Obter cota\u00e7\u00e3o do produto<\/div>\n<div>\n<p><strong>\u00a05F-EMB-PINACA Online<\/strong><br \/>\n<a href=\"https:\/\/legitgrams.com\/pt\/produto\/5f-emb\/\">5F-EMB-PINACA<\/a> (tamb\u00e9m conhecido por 5F-AEB) \u00e9 um canabin\u00f3ide sint\u00e9tico \u00e0 base de indazol, da fam\u00edlia dos indaz\u00f3is-3-carboxamidas, que tem sido vendido em linha como droga de marca.<\/p>\n<p>Por conseguinte, foi comunicada pela primeira vez pelo OEDT no \u00e2mbito de uma apreens\u00e3o de 149 gramas de p\u00f3 branco na Su\u00e9cia, em abril de 2015<\/p>\n<p>Para esclarecer, o 5F AM-2201 para venda online tem um nome proeminente na ind\u00fastria qu\u00edmica de investiga\u00e7\u00e3o e \u00e9 considerado a classe de canabin\u00f3ides mais potente. \u00c9 um agonista completo para os receptores associados. Sua dosagem ativa \u00e9 pequena em quantidade, como 500 microgramas e, portanto, lida com extrema cautela e cuidado para evitar inala\u00e7\u00f5es desnecess\u00e1rias. Comprar am-2201 online<\/p>\n<p><strong>Comprar 5F-EMB-PINACA Online<\/strong><br \/>\nEm primeiro lugar, o facto de ter um perfil de liga\u00e7\u00e3o ao recetor extremamente amplo sempre colocou o AM-2201 para venda online no topo da lista dos investigadores. \u00c9 vendido pela BAC estritamente para fins de aplica\u00e7\u00e3o in vitro apenas e n\u00e3o \u00e9 adequado para ingest\u00e3o humana.<\/p>\n<p>Entretanto, faz parte da s\u00e9rie AM de canabin\u00f3ides descoberta por Alexandros Makriyannis.<\/p>\n<\/div>\n<\/div>\n<\/div>\n<\/div>\n<\/div>\n<\/div>\n<\/section>\n<\/div>\n<div class=\"footer site-footer\">\n<div class=\"container\">\n<div class=\"row\">\n<div class=\"col-lg-4\"><\/div>\n<\/div>\n<\/div>\n<\/div>","protected":false},"excerpt":{"rendered":"<p>For Sale: 5F-EMB Discover 5f-EMB, 5F-EMB-PINACA, an indazole-based synthetic cannabinoid from the indazole-3-carboxamide family that has been offered for sale online as a designer medication. It is also referred to as EMB-5F-PINACA in accordance with the EMCCDA framework for naming synthetic cannabinoids and 5F-AEB. LegitGrams Product Name 5F-EMB Product Code F00003078 Chemical name 5F-EMB Synonyms &hellip;<\/p>\n<p class=\"read-more\"> <a class=\"\" href=\"https:\/\/legitgrams.com\/pt\/produto\/5f-emb\/\"> <span class=\"screen-reader-text\">5f-EMB<\/span> Ler mais \"<\/a><\/p>","protected":false},"featured_media":3288,"comment_status":"open","ping_status":"closed","template":"","meta":{"_uag_custom_page_level_css":"","site-sidebar-layout":"default","site-content-layout":"default","ast-global-header-display":"","ast-main-header-display":"","ast-hfb-above-header-display":"","ast-hfb-below-header-display":"","ast-hfb-mobile-header-display":"","site-post-title":"","ast-breadcrumbs-content":"","ast-featured-img":"","footer-sml-layout":"","theme-transparent-header-meta":"default","adv-header-id-meta":"","stick-header-meta":"default","header-above-stick-meta":"","header-main-stick-meta":"","header-below-stick-meta":"","_joinchat":[]},"product_brand":[],"product_cat":[190],"product_tag":[444,445,446,447,448,449,237,450,238,451,239,452,240,453,242,454,455,456,457,458],"class_list":{"0":"post-3278","1":"product","2":"type-product","3":"status-publish","4":"has-post-thumbnail","6":"product_cat-cannabinoids","7":"product_tag-5f-2201","8":"product_tag-5f-mdmb-2201-5f-mdmb-2201-cannabinoid","9":"product_tag-5f-mdmb-2201-legal-status","10":"product_tag-5f-mdmb-2201-psychonaut","11":"product_tag-5f-mdmb2011","12":"product_tag-5f-mdmb-22001-review","13":"product_tag-5f-mdmb-2201","14":"product_tag-5f-mdmb-2201-china","15":"product_tag-5f-mdmb-2201-dosage","16":"product_tag-5f-mdmb-2201-effects","17":"product_tag-5f-mdmb-2201-opinie","18":"product_tag-5f-mdmb-2201-order","19":"product_tag-5f-mdmb-2201-reddit","20":"product_tag-5f-mdmb-2201-vape","21":"product_tag-5f-mdmb-2201-wiki","22":"product_tag-5fmdmb-2201-wirkung","23":"product_tag-5fmdmb-2201-cayman","24":"product_tag-5fmdmv2201-5f-mdmb-2201-kannabinoid","25":"product_tag-buy-5f-mdmb-2201","26":"product_tag-buy-5fmdmb-2201","27":"desktop-align-left","28":"tablet-align-left","29":"mobile-align-left","30":"ast-product-gallery-layout-horizontal","31":"ast-product-single-variable","32":"ast-product-tabs-layout-horizontal","33":"ast-qv-on-image","35":"first","36":"instock","37":"shipping-taxable","38":"purchasable","39":"product-type-variable"},"yoast_head":"<!-- This site is optimized with the Yoast SEO plugin v25.9 - https:\/\/yoast.com\/wordpress\/plugins\/seo\/ -->\n<title>5F-EMB for Sale - Order 5F-EMB Powder Online | LegitGrams<\/title>\n<meta name=\"description\" content=\"You can buy 5F-EMB powder online at best price from our online cannabinoids store. We have cheap and high-quality 5F-EMB for sale and provide worldwide delivery. You can order from anywhere, anytime.\" \/>\n<meta name=\"robots\" content=\"index, follow, max-snippet:-1, max-image-preview:large, max-video-preview:-1\" \/>\n<link rel=\"canonical\" href=\"https:\/\/legitgrams.com\/pt\/produto\/5f-emb\/\" \/>\n<meta property=\"og:locale\" content=\"pt_PT\" \/>\n<meta property=\"og:type\" content=\"article\" \/>\n<meta property=\"og:title\" content=\"5F-EMB for Sale - Order 5F-EMB Powder Online | LegitGrams\" \/>\n<meta property=\"og:description\" content=\"You can buy 5F-EMB powder online at best price from our online cannabinoids store. We have cheap and high-quality 5F-EMB for sale and provide worldwide delivery. You can order from anywhere, anytime.\" \/>\n<meta property=\"og:url\" content=\"https:\/\/legitgrams.com\/pt\/produto\/5f-emb\/\" \/>\n<meta property=\"og:site_name\" content=\"Legit Grams\" \/>\n<meta property=\"article:modified_time\" content=\"2025-01-11T11:43:55+00:00\" \/>\n<meta property=\"og:image\" content=\"https:\/\/legitgrams.com\/wp-content\/uploads\/2024\/08\/5f-EMB.gif\" \/>\n\t<meta property=\"og:image:width\" content=\"600\" \/>\n\t<meta property=\"og:image:height\" content=\"600\" \/>\n\t<meta property=\"og:image:type\" content=\"image\/gif\" \/>\n<meta name=\"twitter:card\" content=\"summary_large_image\" \/>\n<meta name=\"twitter:label1\" content=\"Tempo estimado de leitura\" \/>\n\t<meta name=\"twitter:data1\" content=\"3 minutos\" \/>\n<script type=\"application\/ld+json\" class=\"yoast-schema-graph\">{\"@context\":\"https:\/\/schema.org\",\"@graph\":[{\"@type\":\"WebPage\",\"@id\":\"https:\/\/legitgrams.com\/product\/5f-emb\/\",\"url\":\"https:\/\/legitgrams.com\/product\/5f-emb\/\",\"name\":\"5F-EMB for Sale - Order 5F-EMB Powder Online | LegitGrams\",\"isPartOf\":{\"@id\":\"https:\/\/legitgrams.com\/#website\"},\"primaryImageOfPage\":{\"@id\":\"https:\/\/legitgrams.com\/product\/5f-emb\/#primaryimage\"},\"image\":{\"@id\":\"https:\/\/legitgrams.com\/product\/5f-emb\/#primaryimage\"},\"thumbnailUrl\":\"https:\/\/legitgrams.com\/wp-content\/uploads\/2024\/08\/5f-EMB.gif\",\"datePublished\":\"2024-08-03T05:38:22+00:00\",\"dateModified\":\"2025-01-11T11:43:55+00:00\",\"description\":\"You can buy 5F-EMB powder online at best price from our online cannabinoids store. We have cheap and high-quality 5F-EMB for sale and provide worldwide delivery. You can order from anywhere, anytime.\",\"breadcrumb\":{\"@id\":\"https:\/\/legitgrams.com\/product\/5f-emb\/#breadcrumb\"},\"inLanguage\":\"pt-PT\",\"potentialAction\":[{\"@type\":\"ReadAction\",\"target\":[\"https:\/\/legitgrams.com\/product\/5f-emb\/\"]}]},{\"@type\":\"ImageObject\",\"inLanguage\":\"pt-PT\",\"@id\":\"https:\/\/legitgrams.com\/product\/5f-emb\/#primaryimage\",\"url\":\"https:\/\/legitgrams.com\/wp-content\/uploads\/2024\/08\/5f-EMB.gif\",\"contentUrl\":\"https:\/\/legitgrams.com\/wp-content\/uploads\/2024\/08\/5f-EMB.gif\",\"width\":600,\"height\":600,\"caption\":\"5F-EMB for Sale\"},{\"@type\":\"BreadcrumbList\",\"@id\":\"https:\/\/legitgrams.com\/product\/5f-emb\/#breadcrumb\",\"itemListElement\":[{\"@type\":\"ListItem\",\"position\":1,\"name\":\"Home\",\"item\":\"https:\/\/legitgrams.com\/\"},{\"@type\":\"ListItem\",\"position\":2,\"name\":\"Shop\",\"item\":\"https:\/\/legitgrams.com\/shop\/\"},{\"@type\":\"ListItem\",\"position\":3,\"name\":\"5f-EMB\"}]},{\"@type\":\"WebSite\",\"@id\":\"https:\/\/legitgrams.com\/#website\",\"url\":\"https:\/\/legitgrams.com\/\",\"name\":\"Legit Grams\",\"description\":\"My WordPress Blog\",\"publisher\":{\"@id\":\"https:\/\/legitgrams.com\/#organization\"},\"potentialAction\":[{\"@type\":\"SearchAction\",\"target\":{\"@type\":\"EntryPoint\",\"urlTemplate\":\"https:\/\/legitgrams.com\/?s={search_term_string}\"},\"query-input\":{\"@type\":\"PropertyValueSpecification\",\"valueRequired\":true,\"valueName\":\"search_term_string\"}}],\"inLanguage\":\"pt-PT\"},{\"@type\":\"Organization\",\"@id\":\"https:\/\/legitgrams.com\/#organization\",\"name\":\"Legit Grams\",\"url\":\"https:\/\/legitgrams.com\/\",\"logo\":{\"@type\":\"ImageObject\",\"inLanguage\":\"pt-PT\",\"@id\":\"https:\/\/legitgrams.com\/#\/schema\/logo\/image\/\",\"url\":\"https:\/\/legitgrams.com\/wp-content\/uploads\/2024\/09\/main-logo.png\",\"contentUrl\":\"https:\/\/legitgrams.com\/wp-content\/uploads\/2024\/09\/main-logo.png\",\"width\":270,\"height\":75,\"caption\":\"Legit Grams\"},\"image\":{\"@id\":\"https:\/\/legitgrams.com\/#\/schema\/logo\/image\/\"}}]}<\/script>\n<!-- \/ Yoast SEO plugin. -->","yoast_head_json":{"title":"5F-EMB para venda - Encomendar 5F-EMB em p\u00f3 online | LegitGrams","description":"Pode comprar 5F-EMB em p\u00f3 online ao melhor pre\u00e7o na nossa loja online de canabin\u00f3ides. Temos 5F-EMB barato e de alta qualidade para venda e fornecemos entrega em todo o mundo. Pode encomendar de qualquer lugar, a qualquer hora.","robots":{"index":"index","follow":"follow","max-snippet":"max-snippet:-1","max-image-preview":"max-image-preview:large","max-video-preview":"max-video-preview:-1"},"canonical":"https:\/\/legitgrams.com\/pt\/produto\/5f-emb\/","og_locale":"pt_PT","og_type":"article","og_title":"5F-EMB for Sale - Order 5F-EMB Powder Online | LegitGrams","og_description":"You can buy 5F-EMB powder online at best price from our online cannabinoids store. We have cheap and high-quality 5F-EMB for sale and provide worldwide delivery. You can order from anywhere, anytime.","og_url":"https:\/\/legitgrams.com\/pt\/produto\/5f-emb\/","og_site_name":"Legit Grams","article_modified_time":"2025-01-11T11:43:55+00:00","og_image":[{"width":600,"height":600,"url":"https:\/\/legitgrams.com\/wp-content\/uploads\/2024\/08\/5f-EMB.gif","type":"image\/gif"}],"twitter_card":"summary_large_image","twitter_misc":{"Tempo estimado de leitura":"3 minutos"},"schema":{"@context":"https:\/\/schema.org","@graph":[{"@type":"WebPage","@id":"https:\/\/legitgrams.com\/product\/5f-emb\/","url":"https:\/\/legitgrams.com\/product\/5f-emb\/","name":"5F-EMB para venda - Encomendar 5F-EMB em p\u00f3 online | LegitGrams","isPartOf":{"@id":"https:\/\/legitgrams.com\/#website"},"primaryImageOfPage":{"@id":"https:\/\/legitgrams.com\/product\/5f-emb\/#primaryimage"},"image":{"@id":"https:\/\/legitgrams.com\/product\/5f-emb\/#primaryimage"},"thumbnailUrl":"https:\/\/legitgrams.com\/wp-content\/uploads\/2024\/08\/5f-EMB.gif","datePublished":"2024-08-03T05:38:22+00:00","dateModified":"2025-01-11T11:43:55+00:00","description":"Pode comprar 5F-EMB em p\u00f3 online ao melhor pre\u00e7o na nossa loja online de canabin\u00f3ides. Temos 5F-EMB barato e de alta qualidade para venda e fornecemos entrega em todo o mundo. Pode encomendar de qualquer lugar, a qualquer hora.","breadcrumb":{"@id":"https:\/\/legitgrams.com\/product\/5f-emb\/#breadcrumb"},"inLanguage":"pt-PT","potentialAction":[{"@type":"ReadAction","target":["https:\/\/legitgrams.com\/product\/5f-emb\/"]}]},{"@type":"ImageObject","inLanguage":"pt-PT","@id":"https:\/\/legitgrams.com\/product\/5f-emb\/#primaryimage","url":"https:\/\/legitgrams.com\/wp-content\/uploads\/2024\/08\/5f-EMB.gif","contentUrl":"https:\/\/legitgrams.com\/wp-content\/uploads\/2024\/08\/5f-EMB.gif","width":600,"height":600,"caption":"5F-EMB for Sale"},{"@type":"BreadcrumbList","@id":"https:\/\/legitgrams.com\/product\/5f-emb\/#breadcrumb","itemListElement":[{"@type":"ListItem","position":1,"name":"Home","item":"https:\/\/legitgrams.com\/"},{"@type":"ListItem","position":2,"name":"Shop","item":"https:\/\/legitgrams.com\/shop\/"},{"@type":"ListItem","position":3,"name":"5f-EMB"}]},{"@type":"WebSite","@id":"https:\/\/legitgrams.com\/#website","url":"https:\/\/legitgrams.com\/","name":"Gramas leg\u00edtimas","description":"O meu blogue WordPress","publisher":{"@id":"https:\/\/legitgrams.com\/#organization"},"potentialAction":[{"@type":"SearchAction","target":{"@type":"EntryPoint","urlTemplate":"https:\/\/legitgrams.com\/?s={search_term_string}"},"query-input":{"@type":"PropertyValueSpecification","valueRequired":true,"valueName":"search_term_string"}}],"inLanguage":"pt-PT"},{"@type":"Organization","@id":"https:\/\/legitgrams.com\/#organization","name":"Gramas leg\u00edtimas","url":"https:\/\/legitgrams.com\/","logo":{"@type":"ImageObject","inLanguage":"pt-PT","@id":"https:\/\/legitgrams.com\/#\/schema\/logo\/image\/","url":"https:\/\/legitgrams.com\/wp-content\/uploads\/2024\/09\/main-logo.png","contentUrl":"https:\/\/legitgrams.com\/wp-content\/uploads\/2024\/09\/main-logo.png","width":270,"height":75,"caption":"Legit Grams"},"image":{"@id":"https:\/\/legitgrams.com\/#\/schema\/logo\/image\/"}}]}},"uagb_featured_image_src":{"full":["https:\/\/legitgrams.com\/wp-content\/uploads\/2024\/08\/5f-EMB.gif",600,600,false],"thumbnail":["https:\/\/legitgrams.com\/wp-content\/uploads\/2024\/08\/5f-EMB-150x150.gif",150,150,true],"medium":["https:\/\/legitgrams.com\/wp-content\/uploads\/2024\/08\/5f-EMB-300x300.gif",300,300,true],"medium_large":["https:\/\/legitgrams.com\/wp-content\/uploads\/2024\/08\/5f-EMB.gif",600,600,false],"large":["https:\/\/legitgrams.com\/wp-content\/uploads\/2024\/08\/5f-EMB.gif",600,600,false],"1536x1536":["https:\/\/legitgrams.com\/wp-content\/uploads\/2024\/08\/5f-EMB.gif",600,600,false],"2048x2048":["https:\/\/legitgrams.com\/wp-content\/uploads\/2024\/08\/5f-EMB.gif",600,600,false],"trp-custom-language-flag":["https:\/\/legitgrams.com\/wp-content\/uploads\/2024\/08\/5f-EMB-12x12.gif",12,12,true],"woocommerce_thumbnail":["https:\/\/legitgrams.com\/wp-content\/uploads\/2024\/08\/5f-EMB-300x300.gif",300,300,true],"woocommerce_single":["https:\/\/legitgrams.com\/wp-content\/uploads\/2024\/08\/5f-EMB.gif",600,600,false],"woocommerce_gallery_thumbnail":["https:\/\/legitgrams.com\/wp-content\/uploads\/2024\/08\/5f-EMB-100x100.gif",100,100,true]},"uagb_author_info":{"display_name":"cokeblog18","author_link":"https:\/\/legitgrams.com\/pt\/author\/"},"uagb_comment_info":0,"uagb_excerpt":"For Sale: 5F-EMB Discover 5f-EMB, 5F-EMB-PINACA, an indazole-based synthetic cannabinoid from the indazole-3-carboxamide family that has been offered for sale online as a designer medication. It is also referred to as EMB-5F-PINACA in accordance with the EMCCDA framework for naming synthetic cannabinoids and 5F-AEB. LegitGrams Product Name 5F-EMB Product Code F00003078 Chemical name 5F-EMB Synonyms&hellip;","_links":{"self":[{"href":"https:\/\/legitgrams.com\/pt\/wp-json\/wp\/v2\/product\/3278","targetHints":{"allow":["GET"]}}],"collection":[{"href":"https:\/\/legitgrams.com\/pt\/wp-json\/wp\/v2\/product"}],"about":[{"href":"https:\/\/legitgrams.com\/pt\/wp-json\/wp\/v2\/types\/product"}],"replies":[{"embeddable":true,"href":"https:\/\/legitgrams.com\/pt\/wp-json\/wp\/v2\/comments?post=3278"}],"wp:featuredmedia":[{"embeddable":true,"href":"https:\/\/legitgrams.com\/pt\/wp-json\/wp\/v2\/media\/3288"}],"wp:attachment":[{"href":"https:\/\/legitgrams.com\/pt\/wp-json\/wp\/v2\/media?parent=3278"}],"wp:term":[{"taxonomy":"product_brand","embeddable":true,"href":"https:\/\/legitgrams.com\/pt\/wp-json\/wp\/v2\/product_brand?post=3278"},{"taxonomy":"product_cat","embeddable":true,"href":"https:\/\/legitgrams.com\/pt\/wp-json\/wp\/v2\/product_cat?post=3278"},{"taxonomy":"product_tag","embeddable":true,"href":"https:\/\/legitgrams.com\/pt\/wp-json\/wp\/v2\/product_tag?post=3278"}],"curies":[{"name":"wp","href":"https:\/\/api.w.org\/{rel}","templated":true}]}}