{"id":3282,"date":"2024-08-03T05:38:35","date_gmt":"2024-08-03T05:38:35","guid":{"rendered":"https:\/\/cokebricks.com\/?post_type=product&#038;p=3282"},"modified":"2025-01-11T11:43:35","modified_gmt":"2025-01-11T11:43:35","slug":"5f-akb","status":"publish","type":"product","link":"https:\/\/legitgrams.com\/pt\/produto\/5f-akb\/","title":{"rendered":"5f-AKB"},"content":{"rendered":"<h2>Venda de p\u00f3 5F-AKB<\/h2>\n<p><a href=\"https:\/\/legitgrams.com\/pt\/produto\/5f-akb\/\">Compre 5F-AKB48 online<\/a>. Esta potente cepa de AKB-48 interage com receptores canabinoides e \u00e9 um ingrediente-chave em muitas misturas sint\u00e9ticas de cannabis. Por conter um grupo indazol substitu\u00eddo, 5F-AKB48, \u00e0s vezes chamado de N-(adamantan-1-il)-1-(5-fluoropentil)-1H-indazol-3-carboxamida, \u00e9 um canabinoide indazol sint\u00e9tico.<\/p>\n<p>Semelhante ao 5F-PB-22, este res\u00edduo de indazol \u00e9 convertido em uma cadeia fluoropentil em R1. Al\u00e9m disso, um grupo carboxamida \u00e9 adicionado ao indazol na posi\u00e7\u00e3o R3. O grupo amina terminal deste grupo carboxamida tem um grupo adamantano N-substitu\u00eddo com ele. O diamantoide, uma estrutura \u00fanica deste grupo, \u00e9 composto de quatro an\u00e9is de ciclohexano fundidos. Uma base de indazol \u00e9 usada para substituir a estrutura principal de indol em 5F-AKB48, um hom\u00f3logo de STS-135. <a href=\"https:\/\/legitgrams.com\/pt\/\">LegitGrams<\/a><\/p>\n<p>Comprar o <a href=\"https:\/\/en.wikipedia.org\/wiki\/5F-APINACA\">5F-AKB48<\/a> online com obter 5F-AKB48 online. Embora o 5F-AKB48 n\u00e3o tenha sido estudado exaustivamente, o estudo estrutural sugere que ele compartilha muitas das caracter\u00edsticas in vivo do \u03949-THC e tem um perfil de liga\u00e7\u00e3o semelhante a outros canabinoides. No entanto, como essas intera\u00e7\u00f5es funcionam e como elas aumentam a felicidade que a cannabis produz ainda s\u00e3o desconhecidas.<\/p>\n<p>Compre 5F-AKB48 online. Com base no \u00edndice de impacto subjetivo e nas experi\u00eancias individuais dos colaboradores do PsychonautWiki, os impactos s\u00e3o descritos abaixo. Dosagens mais altas t\u00eam mais probabilidade de produzir a gama completa de efeitos, mas \u00e9 crucial lembrar que esses efeitos raramente, ou nunca, s\u00e3o simult\u00e2neos e devem ser administrados com cautela.<\/p>\n<p>5C-AKB48 \u00e9 adequado para pesquisas semelhantes sobre como agonistas proibidos afetam os receptores CB2. Ofertas da BAC. Compre 5F-AKB48 online. Nossa equipe de pesquisa e desenvolvimento altamente qualificada e procedimentos rigorosos de controle de qualidade nos permitem garantir que cada pedido resultar\u00e1 na entrega de itens da mais alta qualidade para qualquer local do mundo. Priorize sua reputa\u00e7\u00e3o e clientes em todos os momentos. Devido \u00e0 nossa excelente reputa\u00e7\u00e3o e qualidade, controlamos o mercado.<\/p>\n<p>Fazemos mais do que apenas dar aos nossos clientes pre\u00e7os justos pelos produtos que eles compram. Podemos ser capazes de forjar uma colabora\u00e7\u00e3o frut\u00edfera e duradoura se possuirmos qualidade excepcional, custo competitivo e credibilidade.<\/p>\n<p>O 5F-AKB48 pode ser encomendado online. Nosso objetivo \u00e9 fornecer a mais ampla sele\u00e7\u00e3o de produtos qu\u00edmicos de pesquisa de alta qualidade, CBD, produtos com infus\u00e3o de CBD e sais, com foco em sua excelente qualidade, excelente valor e nosso suporte ao cliente de primeira classe. Como acreditamos sinceramente que a satisfa\u00e7\u00e3o de nossos clientes \u00e9 crucial para o sucesso de nossa empresa, fazemos todos os esfor\u00e7os para ajud\u00e1-los de todas as maneiras que pudermos.<\/p>","protected":false},"excerpt":{"rendered":"<p>Sale of 5F-AKB Powder Buy 5F-AKB48 online. This potent strain of AKB-48 interacts with cannabinoid receptors and is a key ingredient in many synthetic cannabis mixtures. Because it contains a substituted indazole group, 5F-AKB48, sometimes referred to as N-(adamantan-1-yl)-1-(5-fluoropentyl)-1H-indazole-3-carboxamide, is a synthetic indazole cannabinoid. Similar to 5F-PB-22, this indazole residue is converted to a fluoropentyl &hellip;<\/p>\n<p class=\"read-more\"> <a class=\"\" href=\"https:\/\/legitgrams.com\/pt\/produto\/5f-akb\/\"> <span class=\"screen-reader-text\">5f-AKB<\/span> Ler mais \"<\/a><\/p>","protected":false},"featured_media":3291,"comment_status":"open","ping_status":"closed","template":"","meta":{"_uag_custom_page_level_css":"","site-sidebar-layout":"default","site-content-layout":"default","ast-global-header-display":"","ast-main-header-display":"","ast-hfb-above-header-display":"","ast-hfb-below-header-display":"","ast-hfb-mobile-header-display":"","site-post-title":"","ast-breadcrumbs-content":"","ast-featured-img":"","footer-sml-layout":"","theme-transparent-header-meta":"default","adv-header-id-meta":"","stick-header-meta":"default","header-above-stick-meta":"","header-main-stick-meta":"","header-below-stick-meta":"","_joinchat":[]},"product_brand":[],"product_cat":[190],"product_tag":[428,427,426,429,430,424,425],"class_list":{"0":"post-3282","1":"product","2":"type-product","3":"status-publish","4":"has-post-thumbnail","6":"product_cat-cannabinoids","7":"product_tag-5f-akb-cannabinoids-for-sale","8":"product_tag-5f-akb-crystals-for-sale","9":"product_tag-5f-akb-for-sale","10":"product_tag-5f-akb-for-sale-online","11":"product_tag-5f-akb-powder-for-sale","12":"product_tag-buy-5f-akb","13":"product_tag-buy-5f-akb-crystals-online","14":"desktop-align-left","15":"tablet-align-left","16":"mobile-align-left","17":"ast-product-gallery-layout-horizontal","18":"ast-product-gallery-with-no-image","19":"ast-product-single-variable","20":"ast-product-tabs-layout-horizontal","21":"ast-qv-on-image","23":"first","24":"instock","25":"shipping-taxable","26":"purchasable","27":"product-type-variable"},"yoast_head":"<!-- This site is optimized with the Yoast SEO plugin v25.9 - https:\/\/yoast.com\/wordpress\/plugins\/seo\/ -->\n<title>5F-AKB Powder for Sale - Buy 5F-AKB Online @ Cheap Price<\/title>\n<meta name=\"description\" content=\"It is the best time to visit our online store and buy 5F-AKB powder online. We have high-quality 5F-AKB for sale here at most affordable price. Place Your Order Today!\" \/>\n<meta name=\"robots\" content=\"index, follow, max-snippet:-1, max-image-preview:large, max-video-preview:-1\" \/>\n<link rel=\"canonical\" href=\"https:\/\/legitgrams.com\/pt\/produto\/5f-akb\/\" \/>\n<meta property=\"og:locale\" content=\"pt_PT\" \/>\n<meta property=\"og:type\" content=\"article\" \/>\n<meta property=\"og:title\" content=\"5F-AKB Powder for Sale - Buy 5F-AKB Online @ Cheap Price\" \/>\n<meta property=\"og:description\" content=\"It is the best time to visit our online store and buy 5F-AKB powder online. We have high-quality 5F-AKB for sale here at most affordable price. Place Your Order Today!\" \/>\n<meta property=\"og:url\" content=\"https:\/\/legitgrams.com\/pt\/produto\/5f-akb\/\" \/>\n<meta property=\"og:site_name\" content=\"Legit Grams\" \/>\n<meta property=\"article:modified_time\" content=\"2025-01-11T11:43:35+00:00\" \/>\n<meta property=\"og:image\" content=\"https:\/\/legitgrams.com\/wp-content\/uploads\/2024\/08\/5f-AEB.gif\" \/>\n\t<meta property=\"og:image:width\" content=\"600\" \/>\n\t<meta property=\"og:image:height\" content=\"600\" \/>\n\t<meta property=\"og:image:type\" content=\"image\/gif\" \/>\n<meta name=\"twitter:card\" content=\"summary_large_image\" \/>\n<meta name=\"twitter:label1\" content=\"Tempo estimado de leitura\" \/>\n\t<meta name=\"twitter:data1\" content=\"2 minutos\" \/>\n<script type=\"application\/ld+json\" class=\"yoast-schema-graph\">{\"@context\":\"https:\/\/schema.org\",\"@graph\":[{\"@type\":\"WebPage\",\"@id\":\"https:\/\/legitgrams.com\/product\/5f-akb\/\",\"url\":\"https:\/\/legitgrams.com\/product\/5f-akb\/\",\"name\":\"5F-AKB Powder for Sale - Buy 5F-AKB Online @ Cheap Price\",\"isPartOf\":{\"@id\":\"https:\/\/legitgrams.com\/#website\"},\"primaryImageOfPage\":{\"@id\":\"https:\/\/legitgrams.com\/product\/5f-akb\/#primaryimage\"},\"image\":{\"@id\":\"https:\/\/legitgrams.com\/product\/5f-akb\/#primaryimage\"},\"thumbnailUrl\":\"https:\/\/legitgrams.com\/wp-content\/uploads\/2024\/08\/5f-AEB.gif\",\"datePublished\":\"2024-08-03T05:38:35+00:00\",\"dateModified\":\"2025-01-11T11:43:35+00:00\",\"description\":\"It is the best time to visit our online store and buy 5F-AKB powder online. We have high-quality 5F-AKB for sale here at most affordable price. Place Your Order Today!\",\"breadcrumb\":{\"@id\":\"https:\/\/legitgrams.com\/product\/5f-akb\/#breadcrumb\"},\"inLanguage\":\"pt-PT\",\"potentialAction\":[{\"@type\":\"ReadAction\",\"target\":[\"https:\/\/legitgrams.com\/product\/5f-akb\/\"]}]},{\"@type\":\"ImageObject\",\"inLanguage\":\"pt-PT\",\"@id\":\"https:\/\/legitgrams.com\/product\/5f-akb\/#primaryimage\",\"url\":\"https:\/\/legitgrams.com\/wp-content\/uploads\/2024\/08\/5f-AEB.gif\",\"contentUrl\":\"https:\/\/legitgrams.com\/wp-content\/uploads\/2024\/08\/5f-AEB.gif\",\"width\":600,\"height\":600,\"caption\":\"5F-AKB Powder for Sale\"},{\"@type\":\"BreadcrumbList\",\"@id\":\"https:\/\/legitgrams.com\/product\/5f-akb\/#breadcrumb\",\"itemListElement\":[{\"@type\":\"ListItem\",\"position\":1,\"name\":\"Home\",\"item\":\"https:\/\/legitgrams.com\/\"},{\"@type\":\"ListItem\",\"position\":2,\"name\":\"Shop\",\"item\":\"https:\/\/legitgrams.com\/shop\/\"},{\"@type\":\"ListItem\",\"position\":3,\"name\":\"5f-AKB\"}]},{\"@type\":\"WebSite\",\"@id\":\"https:\/\/legitgrams.com\/#website\",\"url\":\"https:\/\/legitgrams.com\/\",\"name\":\"Legit Grams\",\"description\":\"My WordPress Blog\",\"publisher\":{\"@id\":\"https:\/\/legitgrams.com\/#organization\"},\"potentialAction\":[{\"@type\":\"SearchAction\",\"target\":{\"@type\":\"EntryPoint\",\"urlTemplate\":\"https:\/\/legitgrams.com\/?s={search_term_string}\"},\"query-input\":{\"@type\":\"PropertyValueSpecification\",\"valueRequired\":true,\"valueName\":\"search_term_string\"}}],\"inLanguage\":\"pt-PT\"},{\"@type\":\"Organization\",\"@id\":\"https:\/\/legitgrams.com\/#organization\",\"name\":\"Legit Grams\",\"url\":\"https:\/\/legitgrams.com\/\",\"logo\":{\"@type\":\"ImageObject\",\"inLanguage\":\"pt-PT\",\"@id\":\"https:\/\/legitgrams.com\/#\/schema\/logo\/image\/\",\"url\":\"https:\/\/legitgrams.com\/wp-content\/uploads\/2024\/09\/main-logo.png\",\"contentUrl\":\"https:\/\/legitgrams.com\/wp-content\/uploads\/2024\/09\/main-logo.png\",\"width\":270,\"height\":75,\"caption\":\"Legit Grams\"},\"image\":{\"@id\":\"https:\/\/legitgrams.com\/#\/schema\/logo\/image\/\"}}]}<\/script>\n<!-- \/ Yoast SEO plugin. -->","yoast_head_json":{"title":"5F-AKB P\u00f3 para Venda - Comprar 5F-AKB Online @ Cheap Price","description":"\u00c9 o melhor momento para visitar nossa loja online e comprar 5F-AKB em p\u00f3 online. Temos 5F-AKB de alta qualidade para venda aqui a um pre\u00e7o mais acess\u00edvel. Fa\u00e7a seu pedido hoje!","robots":{"index":"index","follow":"follow","max-snippet":"max-snippet:-1","max-image-preview":"max-image-preview:large","max-video-preview":"max-video-preview:-1"},"canonical":"https:\/\/legitgrams.com\/pt\/produto\/5f-akb\/","og_locale":"pt_PT","og_type":"article","og_title":"5F-AKB Powder for Sale - Buy 5F-AKB Online @ Cheap Price","og_description":"It is the best time to visit our online store and buy 5F-AKB powder online. We have high-quality 5F-AKB for sale here at most affordable price. Place Your Order Today!","og_url":"https:\/\/legitgrams.com\/pt\/produto\/5f-akb\/","og_site_name":"Legit Grams","article_modified_time":"2025-01-11T11:43:35+00:00","og_image":[{"width":600,"height":600,"url":"https:\/\/legitgrams.com\/wp-content\/uploads\/2024\/08\/5f-AEB.gif","type":"image\/gif"}],"twitter_card":"summary_large_image","twitter_misc":{"Tempo estimado de leitura":"2 minutos"},"schema":{"@context":"https:\/\/schema.org","@graph":[{"@type":"WebPage","@id":"https:\/\/legitgrams.com\/product\/5f-akb\/","url":"https:\/\/legitgrams.com\/product\/5f-akb\/","name":"5F-AKB P\u00f3 para Venda - Comprar 5F-AKB Online @ Cheap Price","isPartOf":{"@id":"https:\/\/legitgrams.com\/#website"},"primaryImageOfPage":{"@id":"https:\/\/legitgrams.com\/product\/5f-akb\/#primaryimage"},"image":{"@id":"https:\/\/legitgrams.com\/product\/5f-akb\/#primaryimage"},"thumbnailUrl":"https:\/\/legitgrams.com\/wp-content\/uploads\/2024\/08\/5f-AEB.gif","datePublished":"2024-08-03T05:38:35+00:00","dateModified":"2025-01-11T11:43:35+00:00","description":"\u00c9 o melhor momento para visitar nossa loja online e comprar 5F-AKB em p\u00f3 online. Temos 5F-AKB de alta qualidade para venda aqui a um pre\u00e7o mais acess\u00edvel. Fa\u00e7a seu pedido hoje!","breadcrumb":{"@id":"https:\/\/legitgrams.com\/product\/5f-akb\/#breadcrumb"},"inLanguage":"pt-PT","potentialAction":[{"@type":"ReadAction","target":["https:\/\/legitgrams.com\/product\/5f-akb\/"]}]},{"@type":"ImageObject","inLanguage":"pt-PT","@id":"https:\/\/legitgrams.com\/product\/5f-akb\/#primaryimage","url":"https:\/\/legitgrams.com\/wp-content\/uploads\/2024\/08\/5f-AEB.gif","contentUrl":"https:\/\/legitgrams.com\/wp-content\/uploads\/2024\/08\/5f-AEB.gif","width":600,"height":600,"caption":"5F-AKB Powder for Sale"},{"@type":"BreadcrumbList","@id":"https:\/\/legitgrams.com\/product\/5f-akb\/#breadcrumb","itemListElement":[{"@type":"ListItem","position":1,"name":"Home","item":"https:\/\/legitgrams.com\/"},{"@type":"ListItem","position":2,"name":"Shop","item":"https:\/\/legitgrams.com\/shop\/"},{"@type":"ListItem","position":3,"name":"5f-AKB"}]},{"@type":"WebSite","@id":"https:\/\/legitgrams.com\/#website","url":"https:\/\/legitgrams.com\/","name":"Gramas leg\u00edtimas","description":"O meu blogue WordPress","publisher":{"@id":"https:\/\/legitgrams.com\/#organization"},"potentialAction":[{"@type":"SearchAction","target":{"@type":"EntryPoint","urlTemplate":"https:\/\/legitgrams.com\/?s={search_term_string}"},"query-input":{"@type":"PropertyValueSpecification","valueRequired":true,"valueName":"search_term_string"}}],"inLanguage":"pt-PT"},{"@type":"Organization","@id":"https:\/\/legitgrams.com\/#organization","name":"Gramas leg\u00edtimas","url":"https:\/\/legitgrams.com\/","logo":{"@type":"ImageObject","inLanguage":"pt-PT","@id":"https:\/\/legitgrams.com\/#\/schema\/logo\/image\/","url":"https:\/\/legitgrams.com\/wp-content\/uploads\/2024\/09\/main-logo.png","contentUrl":"https:\/\/legitgrams.com\/wp-content\/uploads\/2024\/09\/main-logo.png","width":270,"height":75,"caption":"Legit Grams"},"image":{"@id":"https:\/\/legitgrams.com\/#\/schema\/logo\/image\/"}}]}},"uagb_featured_image_src":{"full":["https:\/\/legitgrams.com\/wp-content\/uploads\/2024\/08\/5f-AEB.gif",600,600,false],"thumbnail":["https:\/\/legitgrams.com\/wp-content\/uploads\/2024\/08\/5f-AEB-150x150.gif",150,150,true],"medium":["https:\/\/legitgrams.com\/wp-content\/uploads\/2024\/08\/5f-AEB-300x300.gif",300,300,true],"medium_large":["https:\/\/legitgrams.com\/wp-content\/uploads\/2024\/08\/5f-AEB.gif",600,600,false],"large":["https:\/\/legitgrams.com\/wp-content\/uploads\/2024\/08\/5f-AEB.gif",600,600,false],"1536x1536":["https:\/\/legitgrams.com\/wp-content\/uploads\/2024\/08\/5f-AEB.gif",600,600,false],"2048x2048":["https:\/\/legitgrams.com\/wp-content\/uploads\/2024\/08\/5f-AEB.gif",600,600,false],"trp-custom-language-flag":["https:\/\/legitgrams.com\/wp-content\/uploads\/2024\/08\/5f-AEB-12x12.gif",12,12,true],"woocommerce_thumbnail":["https:\/\/legitgrams.com\/wp-content\/uploads\/2024\/08\/5f-AEB-300x300.gif",300,300,true],"woocommerce_single":["https:\/\/legitgrams.com\/wp-content\/uploads\/2024\/08\/5f-AEB.gif",600,600,false],"woocommerce_gallery_thumbnail":["https:\/\/legitgrams.com\/wp-content\/uploads\/2024\/08\/5f-AEB-100x100.gif",100,100,true]},"uagb_author_info":{"display_name":"cokeblog18","author_link":"https:\/\/legitgrams.com\/pt\/author\/"},"uagb_comment_info":0,"uagb_excerpt":"Sale of 5F-AKB Powder Buy 5F-AKB48 online. This potent strain of AKB-48 interacts with cannabinoid receptors and is a key ingredient in many synthetic cannabis mixtures. Because it contains a substituted indazole group, 5F-AKB48, sometimes referred to as N-(adamantan-1-yl)-1-(5-fluoropentyl)-1H-indazole-3-carboxamide, is a synthetic indazole cannabinoid. Similar to 5F-PB-22, this indazole residue is converted to a fluoropentyl&hellip;","_links":{"self":[{"href":"https:\/\/legitgrams.com\/pt\/wp-json\/wp\/v2\/product\/3282","targetHints":{"allow":["GET"]}}],"collection":[{"href":"https:\/\/legitgrams.com\/pt\/wp-json\/wp\/v2\/product"}],"about":[{"href":"https:\/\/legitgrams.com\/pt\/wp-json\/wp\/v2\/types\/product"}],"replies":[{"embeddable":true,"href":"https:\/\/legitgrams.com\/pt\/wp-json\/wp\/v2\/comments?post=3282"}],"wp:featuredmedia":[{"embeddable":true,"href":"https:\/\/legitgrams.com\/pt\/wp-json\/wp\/v2\/media\/3291"}],"wp:attachment":[{"href":"https:\/\/legitgrams.com\/pt\/wp-json\/wp\/v2\/media?parent=3282"}],"wp:term":[{"taxonomy":"product_brand","embeddable":true,"href":"https:\/\/legitgrams.com\/pt\/wp-json\/wp\/v2\/product_brand?post=3282"},{"taxonomy":"product_cat","embeddable":true,"href":"https:\/\/legitgrams.com\/pt\/wp-json\/wp\/v2\/product_cat?post=3282"},{"taxonomy":"product_tag","embeddable":true,"href":"https:\/\/legitgrams.com\/pt\/wp-json\/wp\/v2\/product_tag?post=3282"}],"curies":[{"name":"wp","href":"https:\/\/api.w.org\/{rel}","templated":true}]}}