{"id":3285,"date":"2024-08-03T05:38:52","date_gmt":"2024-08-03T05:38:52","guid":{"rendered":"https:\/\/cokebricks.com\/?post_type=product&#038;p=3285"},"modified":"2025-01-14T10:19:07","modified_gmt":"2025-01-14T10:19:07","slug":"neh","status":"publish","type":"product","link":"https:\/\/legitgrams.com\/pt\/produto\/neh\/","title":{"rendered":"NEH"},"content":{"rendered":"<h2>Compre p\u00f3 NEH online.<\/h2>\n<p>Comprar NEH Powder \u00e9 um produto qu\u00edmico de pesquisa premium que pode ser comprado online. O comerciante online respeit\u00e1vel LegitGrams.com oferece NDH Powder a um pre\u00e7o com desconto.<\/p>\n<p>Com grande prazer, a Coke Bricks apresenta <a href=\"https:\/\/en.wikipedia.org\/wiki\/Neh\">NEH<\/a> p\u00f3, que \u00e9 fornecido apenas para fins de investiga\u00e7\u00e3o e n\u00e3o deve ser utilizado para diagn\u00f3sticos in vivo, alimentos, medicamentos, equipamento m\u00e9dico ou cosm\u00e9ticos para seres humanos ou animais.<\/p>\n<p>Antes de nos comprar este produto, certifique-se de que possui o equipamento necess\u00e1rio para manusear produtos qu\u00edmicos de investiga\u00e7\u00e3o e de que existe ventila\u00e7\u00e3o suficiente no seu espa\u00e7o de trabalho.<\/p>\n<p>Dezoito anos \u00e9 a idade m\u00ednima exigida para encomendar este produto.<\/p>\n<p><a href=\"https:\/\/legitgrams.com\/pt\/produto\/neh\/\">P\u00f3 NEH<\/a> \u00e9 permitido na na\u00e7\u00e3o de onde somos origin\u00e1rios. \u00c9 da responsabilidade do utilizador estar ciente e cumprir as leis do seu pa\u00eds. N\u00e3o aceitamos responsabilidade por quaisquer actos ou resultados que resultem da sua escolha de comprar ou utilizar este produto.<\/p>\n<p><strong>Contexto cultural e hist\u00f3rico<\/strong><\/p>\n<p>Em novembro de 2015, o CCI recebeu uma amostra do laborat\u00f3rio aduaneiro belga contendo <a href=\"https:\/\/en.wikipedia.org\/wiki\/Neh\">N-etil-hexedrona<\/a>, que foi inicialmente reconhecido. O CCI descobriu-a numa amostra fornecida pelas alf\u00e2ndegas francesas em janeiro de 2016. Mais tarde, em fevereiro de 2016, foram enviadas ao OEDT notifica\u00e7\u00f5es da identifica\u00e7\u00e3o desta subst\u00e2ncia por outros pa\u00edses, incluindo a Eslov\u00e9nia, a Su\u00e9cia, os Pa\u00edses Baixos, a Fran\u00e7a e a B\u00e9lgica.<\/p>\n<h3>Qu\u00edmica<\/h3>\n<p>Uma mol\u00e9cula pertencente \u00e0 classe qu\u00edmica da catinona \u00e9 a n-etil-hexedrona. \"Catinona substitu\u00edda\" \u00e9 um termo geral para uma variedade de compostos derivados da catinona, o principal ingrediente ativo da planta do khat. Os componentes b\u00e1sicos de uma catinona s\u00e3o um grupo de oxig\u00e9nio ligado ao \u00e1tomo de carbono beta e um n\u00facleo de anfetamina, que \u00e9 um n\u00facleo de fenetilamina com um grupo alquilo ligado ao \u00e1tomo de carbono alfa. As catinonas s\u00e3o por vezes referidas como os hom\u00f3logos beta-cet\u00f3nicos (\u03b2k) das anfetaminas (oxig\u00e9nio com liga\u00e7\u00e3o dupla no \u00e1tomo de carbono \u03b2). <a href=\"https:\/\/legitgrams.com\/pt\/\">LegitGrams<\/a><\/p>\n<p>Especificamente, existem tr\u00eas locais distintos na espinha dorsal da catinona onde podem ser feitas modifica\u00e7\u00f5es para criar centenas de compostos diferentes, incluindo substituintes como<\/p>\n<p>ou o grupo amina, o carbono alfa ou o anel arom\u00e1tico.<\/p>\n<h3>drogas<\/h3>\n<p>N\u00e3o se sabe bem como a n-etilhexedrona e outras catinonas substitu\u00eddas afetam a farmacocin\u00e9tica e a farmacodin\u00e2mica humanas. Ao aumentar os n\u00edveis de catecolaminas como dopamina, serotonina e noradrenalina nas sinapses, as catinonas sint\u00e9ticas, como anfetaminas, funcionam como estimulantes e simpaticomim\u00e9ticos. Ao bloquear os transportadores de recapta\u00e7\u00e3o de monoamina, essas subst\u00e2ncias podem reduzir a quantidade de neurotransmissores que s\u00e3o removidos das sinapses. Al\u00e9m disso, elas possuem a capacidade de iniciar a libera\u00e7\u00e3o de estoques intracelulares de aminas biog\u00eanicas.<\/p>\n<p>Catinonas sint\u00e9ticas frequentemente t\u00eam uma taxa de penetra\u00e7\u00e3o da barreira hematoencef\u00e1lica menor do que anfetaminas devido \u00e0 polaridade aumentada do grupo beta-ceto. Derivados de pirrolidina s\u00e3o mais capazes de cruzar a barreira hematoencef\u00e1lica do que outras catinonas sint\u00e9ticas devido \u00e0 baixa polaridade do anel de pirrolidina. Estudos sobre os grupos alquil do anel s\u00e3o oxidados, o grupo ceto \u00e9 reduzido a hidroxila e a catinona \u00e9 n-desmetilada, de acordo com a an\u00e1lise de produtos farmac\u00eauticos do metabolismo da catinona sint\u00e9tica.<\/p>\n<p>&nbsp;<\/p>","protected":false},"excerpt":{"rendered":"<p>Purchase NEH powder online. Buy NEH Powder is a premium research chemical that can be purchased online. Reputable online merchant LegitGrams.com offers NDH Powder at a discounted price. With great pleasure, Coke Bricks introduces NEH powder, which is provided just for research purposes and should not be used for in vivo diagnostics, food, medication, medical &hellip;<\/p>\n<p class=\"read-more\"> <a class=\"\" href=\"https:\/\/legitgrams.com\/pt\/produto\/neh\/\"> <span class=\"screen-reader-text\">NEH<\/span> Ler mais \"<\/a><\/p>","protected":false},"featured_media":3294,"comment_status":"open","ping_status":"closed","template":"","meta":{"_uag_custom_page_level_css":"","site-sidebar-layout":"default","site-content-layout":"default","ast-global-header-display":"","ast-main-header-display":"","ast-hfb-above-header-display":"","ast-hfb-below-header-display":"","ast-hfb-mobile-header-display":"","site-post-title":"","ast-breadcrumbs-content":"","ast-featured-img":"","footer-sml-layout":"","theme-transparent-header-meta":"default","adv-header-id-meta":"","stick-header-meta":"default","header-above-stick-meta":"","header-main-stick-meta":"","header-below-stick-meta":"","_joinchat":[]},"product_brand":[],"product_cat":[190],"product_tag":[413,414,415,416,405,406,407,408,409,410,411,412],"class_list":{"0":"post-3285","1":"product","2":"type-product","3":"status-publish","4":"has-post-thumbnail","6":"product_cat-cannabinoids","7":"product_tag-neh-cannabinoids","8":"product_tag-neh-cannabinoids-for-sale","9":"product_tag-neh-cannabinoids-reddit","10":"product_tag-neh-chemical","11":"product_tag-neh-powder-australia","12":"product_tag-neh-powder-canada","13":"product_tag-neh-powder-greece","14":"product_tag-neh-powder-kuwait","15":"product_tag-neh-powder-review","16":"product_tag-neh-powder-spain","17":"product_tag-neh-powder-uk","18":"product_tag-neh-powder-usa","19":"desktop-align-left","20":"tablet-align-left","21":"mobile-align-left","22":"ast-product-gallery-layout-horizontal","23":"ast-product-gallery-with-no-image","24":"ast-product-single-variable","25":"ast-product-tabs-layout-horizontal","26":"ast-qv-on-image","28":"first","29":"instock","30":"shipping-taxable","31":"purchasable","32":"product-type-variable"},"yoast_head":"<!-- This site is optimized with the Yoast SEO plugin v25.9 - https:\/\/yoast.com\/wordpress\/plugins\/seo\/ -->\n<title>NEH for Sale - Order NEH Online with Discreet Shipping | LG<\/title>\n<meta name=\"description\" content=\"Looking to Buy NEH Online? Discover a seamless platform at our online store where you can buy NEH , ensuring top-grade quality for your research needs.\" \/>\n<meta name=\"robots\" content=\"index, follow, max-snippet:-1, max-image-preview:large, max-video-preview:-1\" \/>\n<link rel=\"canonical\" href=\"https:\/\/legitgrams.com\/pt\/produto\/neh\/\" \/>\n<meta property=\"og:locale\" content=\"pt_PT\" \/>\n<meta property=\"og:type\" content=\"article\" \/>\n<meta property=\"og:title\" content=\"NEH for Sale - Order NEH Online with Discreet Shipping | LG\" \/>\n<meta property=\"og:description\" content=\"Looking to Buy NEH Online? Discover a seamless platform at our online store where you can buy NEH , ensuring top-grade quality for your research needs.\" \/>\n<meta property=\"og:url\" content=\"https:\/\/legitgrams.com\/pt\/produto\/neh\/\" \/>\n<meta property=\"og:site_name\" content=\"Legit Grams\" \/>\n<meta property=\"article:modified_time\" content=\"2025-01-14T10:19:07+00:00\" \/>\n<meta property=\"og:image\" content=\"https:\/\/legitgrams.com\/wp-content\/uploads\/2024\/08\/NEH.gif\" \/>\n\t<meta property=\"og:image:width\" content=\"600\" \/>\n\t<meta property=\"og:image:height\" content=\"600\" \/>\n\t<meta property=\"og:image:type\" content=\"image\/gif\" \/>\n<meta name=\"twitter:card\" content=\"summary_large_image\" \/>\n<meta name=\"twitter:label1\" content=\"Tempo estimado de leitura\" \/>\n\t<meta name=\"twitter:data1\" content=\"3 minutos\" \/>\n<script type=\"application\/ld+json\" class=\"yoast-schema-graph\">{\"@context\":\"https:\/\/schema.org\",\"@graph\":[{\"@type\":\"WebPage\",\"@id\":\"https:\/\/legitgrams.com\/product\/neh\/\",\"url\":\"https:\/\/legitgrams.com\/product\/neh\/\",\"name\":\"NEH for Sale - Order NEH Online with Discreet Shipping | LG\",\"isPartOf\":{\"@id\":\"https:\/\/legitgrams.com\/#website\"},\"primaryImageOfPage\":{\"@id\":\"https:\/\/legitgrams.com\/product\/neh\/#primaryimage\"},\"image\":{\"@id\":\"https:\/\/legitgrams.com\/product\/neh\/#primaryimage\"},\"thumbnailUrl\":\"https:\/\/legitgrams.com\/wp-content\/uploads\/2024\/08\/NEH.gif\",\"datePublished\":\"2024-08-03T05:38:52+00:00\",\"dateModified\":\"2025-01-14T10:19:07+00:00\",\"description\":\"Looking to Buy NEH Online? Discover a seamless platform at our online store where you can buy NEH , ensuring top-grade quality for your research needs.\",\"breadcrumb\":{\"@id\":\"https:\/\/legitgrams.com\/product\/neh\/#breadcrumb\"},\"inLanguage\":\"pt-PT\",\"potentialAction\":[{\"@type\":\"ReadAction\",\"target\":[\"https:\/\/legitgrams.com\/product\/neh\/\"]}]},{\"@type\":\"ImageObject\",\"inLanguage\":\"pt-PT\",\"@id\":\"https:\/\/legitgrams.com\/product\/neh\/#primaryimage\",\"url\":\"https:\/\/legitgrams.com\/wp-content\/uploads\/2024\/08\/NEH.gif\",\"contentUrl\":\"https:\/\/legitgrams.com\/wp-content\/uploads\/2024\/08\/NEH.gif\",\"width\":600,\"height\":600,\"caption\":\"NEH for Sale\"},{\"@type\":\"BreadcrumbList\",\"@id\":\"https:\/\/legitgrams.com\/product\/neh\/#breadcrumb\",\"itemListElement\":[{\"@type\":\"ListItem\",\"position\":1,\"name\":\"Home\",\"item\":\"https:\/\/legitgrams.com\/\"},{\"@type\":\"ListItem\",\"position\":2,\"name\":\"Shop\",\"item\":\"https:\/\/legitgrams.com\/shop\/\"},{\"@type\":\"ListItem\",\"position\":3,\"name\":\"NEH\"}]},{\"@type\":\"WebSite\",\"@id\":\"https:\/\/legitgrams.com\/#website\",\"url\":\"https:\/\/legitgrams.com\/\",\"name\":\"Legit Grams\",\"description\":\"My WordPress Blog\",\"publisher\":{\"@id\":\"https:\/\/legitgrams.com\/#organization\"},\"potentialAction\":[{\"@type\":\"SearchAction\",\"target\":{\"@type\":\"EntryPoint\",\"urlTemplate\":\"https:\/\/legitgrams.com\/?s={search_term_string}\"},\"query-input\":{\"@type\":\"PropertyValueSpecification\",\"valueRequired\":true,\"valueName\":\"search_term_string\"}}],\"inLanguage\":\"pt-PT\"},{\"@type\":\"Organization\",\"@id\":\"https:\/\/legitgrams.com\/#organization\",\"name\":\"Legit Grams\",\"url\":\"https:\/\/legitgrams.com\/\",\"logo\":{\"@type\":\"ImageObject\",\"inLanguage\":\"pt-PT\",\"@id\":\"https:\/\/legitgrams.com\/#\/schema\/logo\/image\/\",\"url\":\"https:\/\/legitgrams.com\/wp-content\/uploads\/2024\/09\/main-logo.png\",\"contentUrl\":\"https:\/\/legitgrams.com\/wp-content\/uploads\/2024\/09\/main-logo.png\",\"width\":270,\"height\":75,\"caption\":\"Legit Grams\"},\"image\":{\"@id\":\"https:\/\/legitgrams.com\/#\/schema\/logo\/image\/\"}}]}<\/script>\n<!-- \/ Yoast SEO plugin. -->","yoast_head_json":{"title":"NEH para venda - Encomendar NEH online com envio discreto | LG","description":"Pretende comprar NEH online? Descubra uma plataforma perfeita na nossa loja online onde pode comprar NEH , garantindo uma qualidade de topo para as suas necessidades de investiga\u00e7\u00e3o.","robots":{"index":"index","follow":"follow","max-snippet":"max-snippet:-1","max-image-preview":"max-image-preview:large","max-video-preview":"max-video-preview:-1"},"canonical":"https:\/\/legitgrams.com\/pt\/produto\/neh\/","og_locale":"pt_PT","og_type":"article","og_title":"NEH for Sale - Order NEH Online with Discreet Shipping | LG","og_description":"Looking to Buy NEH Online? Discover a seamless platform at our online store where you can buy NEH , ensuring top-grade quality for your research needs.","og_url":"https:\/\/legitgrams.com\/pt\/produto\/neh\/","og_site_name":"Legit Grams","article_modified_time":"2025-01-14T10:19:07+00:00","og_image":[{"width":600,"height":600,"url":"https:\/\/legitgrams.com\/wp-content\/uploads\/2024\/08\/NEH.gif","type":"image\/gif"}],"twitter_card":"summary_large_image","twitter_misc":{"Tempo estimado de leitura":"3 minutos"},"schema":{"@context":"https:\/\/schema.org","@graph":[{"@type":"WebPage","@id":"https:\/\/legitgrams.com\/product\/neh\/","url":"https:\/\/legitgrams.com\/product\/neh\/","name":"NEH para venda - Encomendar NEH online com envio discreto | LG","isPartOf":{"@id":"https:\/\/legitgrams.com\/#website"},"primaryImageOfPage":{"@id":"https:\/\/legitgrams.com\/product\/neh\/#primaryimage"},"image":{"@id":"https:\/\/legitgrams.com\/product\/neh\/#primaryimage"},"thumbnailUrl":"https:\/\/legitgrams.com\/wp-content\/uploads\/2024\/08\/NEH.gif","datePublished":"2024-08-03T05:38:52+00:00","dateModified":"2025-01-14T10:19:07+00:00","description":"Pretende comprar NEH online? Descubra uma plataforma perfeita na nossa loja online onde pode comprar NEH , garantindo uma qualidade de topo para as suas necessidades de investiga\u00e7\u00e3o.","breadcrumb":{"@id":"https:\/\/legitgrams.com\/product\/neh\/#breadcrumb"},"inLanguage":"pt-PT","potentialAction":[{"@type":"ReadAction","target":["https:\/\/legitgrams.com\/product\/neh\/"]}]},{"@type":"ImageObject","inLanguage":"pt-PT","@id":"https:\/\/legitgrams.com\/product\/neh\/#primaryimage","url":"https:\/\/legitgrams.com\/wp-content\/uploads\/2024\/08\/NEH.gif","contentUrl":"https:\/\/legitgrams.com\/wp-content\/uploads\/2024\/08\/NEH.gif","width":600,"height":600,"caption":"NEH for Sale"},{"@type":"BreadcrumbList","@id":"https:\/\/legitgrams.com\/product\/neh\/#breadcrumb","itemListElement":[{"@type":"ListItem","position":1,"name":"Home","item":"https:\/\/legitgrams.com\/"},{"@type":"ListItem","position":2,"name":"Shop","item":"https:\/\/legitgrams.com\/shop\/"},{"@type":"ListItem","position":3,"name":"NEH"}]},{"@type":"WebSite","@id":"https:\/\/legitgrams.com\/#website","url":"https:\/\/legitgrams.com\/","name":"Gramas leg\u00edtimas","description":"O meu blogue WordPress","publisher":{"@id":"https:\/\/legitgrams.com\/#organization"},"potentialAction":[{"@type":"SearchAction","target":{"@type":"EntryPoint","urlTemplate":"https:\/\/legitgrams.com\/?s={search_term_string}"},"query-input":{"@type":"PropertyValueSpecification","valueRequired":true,"valueName":"search_term_string"}}],"inLanguage":"pt-PT"},{"@type":"Organization","@id":"https:\/\/legitgrams.com\/#organization","name":"Gramas leg\u00edtimas","url":"https:\/\/legitgrams.com\/","logo":{"@type":"ImageObject","inLanguage":"pt-PT","@id":"https:\/\/legitgrams.com\/#\/schema\/logo\/image\/","url":"https:\/\/legitgrams.com\/wp-content\/uploads\/2024\/09\/main-logo.png","contentUrl":"https:\/\/legitgrams.com\/wp-content\/uploads\/2024\/09\/main-logo.png","width":270,"height":75,"caption":"Legit Grams"},"image":{"@id":"https:\/\/legitgrams.com\/#\/schema\/logo\/image\/"}}]}},"uagb_featured_image_src":{"full":["https:\/\/legitgrams.com\/wp-content\/uploads\/2024\/08\/NEH.gif",600,600,false],"thumbnail":["https:\/\/legitgrams.com\/wp-content\/uploads\/2024\/08\/NEH-150x150.gif",150,150,true],"medium":["https:\/\/legitgrams.com\/wp-content\/uploads\/2024\/08\/NEH-300x300.gif",300,300,true],"medium_large":["https:\/\/legitgrams.com\/wp-content\/uploads\/2024\/08\/NEH.gif",600,600,false],"large":["https:\/\/legitgrams.com\/wp-content\/uploads\/2024\/08\/NEH.gif",600,600,false],"1536x1536":["https:\/\/legitgrams.com\/wp-content\/uploads\/2024\/08\/NEH.gif",600,600,false],"2048x2048":["https:\/\/legitgrams.com\/wp-content\/uploads\/2024\/08\/NEH.gif",600,600,false],"trp-custom-language-flag":["https:\/\/legitgrams.com\/wp-content\/uploads\/2024\/08\/NEH-12x12.gif",12,12,true],"woocommerce_thumbnail":["https:\/\/legitgrams.com\/wp-content\/uploads\/2024\/08\/NEH-300x300.gif",300,300,true],"woocommerce_single":["https:\/\/legitgrams.com\/wp-content\/uploads\/2024\/08\/NEH.gif",600,600,false],"woocommerce_gallery_thumbnail":["https:\/\/legitgrams.com\/wp-content\/uploads\/2024\/08\/NEH-100x100.gif",100,100,true]},"uagb_author_info":{"display_name":"cokeblog18","author_link":"https:\/\/legitgrams.com\/pt\/author\/"},"uagb_comment_info":0,"uagb_excerpt":"Purchase NEH powder online. Buy NEH Powder is a premium research chemical that can be purchased online. Reputable online merchant LegitGrams.com offers NDH Powder at a discounted price. With great pleasure, Coke Bricks introduces NEH powder, which is provided just for research purposes and should not be used for in vivo diagnostics, food, medication, medical&hellip;","_links":{"self":[{"href":"https:\/\/legitgrams.com\/pt\/wp-json\/wp\/v2\/product\/3285","targetHints":{"allow":["GET"]}}],"collection":[{"href":"https:\/\/legitgrams.com\/pt\/wp-json\/wp\/v2\/product"}],"about":[{"href":"https:\/\/legitgrams.com\/pt\/wp-json\/wp\/v2\/types\/product"}],"replies":[{"embeddable":true,"href":"https:\/\/legitgrams.com\/pt\/wp-json\/wp\/v2\/comments?post=3285"}],"wp:featuredmedia":[{"embeddable":true,"href":"https:\/\/legitgrams.com\/pt\/wp-json\/wp\/v2\/media\/3294"}],"wp:attachment":[{"href":"https:\/\/legitgrams.com\/pt\/wp-json\/wp\/v2\/media?parent=3285"}],"wp:term":[{"taxonomy":"product_brand","embeddable":true,"href":"https:\/\/legitgrams.com\/pt\/wp-json\/wp\/v2\/product_brand?post=3285"},{"taxonomy":"product_cat","embeddable":true,"href":"https:\/\/legitgrams.com\/pt\/wp-json\/wp\/v2\/product_cat?post=3285"},{"taxonomy":"product_tag","embeddable":true,"href":"https:\/\/legitgrams.com\/pt\/wp-json\/wp\/v2\/product_tag?post=3285"}],"curies":[{"name":"wp","href":"https:\/\/api.w.org\/{rel}","templated":true}]}}