{"id":3305,"date":"2024-08-03T05:48:54","date_gmt":"2024-08-03T05:48:54","guid":{"rendered":"https:\/\/cokebricks.com\/?post_type=product&#038;p=3305"},"modified":"2025-01-13T10:13:56","modified_gmt":"2025-01-13T10:13:56","slug":"bmdp","status":"publish","type":"product","link":"https:\/\/legitgrams.com\/pt\/produto\/bmdp\/","title":{"rendered":"BMDP"},"content":{"rendered":"<h2>Para venda: BMDP P\u00f3<\/h2>\n<p>Uma catinona substitu\u00edda com similaridades estruturais \u00e0 metilona \u00e9 chamada BMDP. A adi\u00e7\u00e3o de uma fam\u00edlia fenil ao grupo aminometil do <a href=\"https:\/\/legitgrams.com\/pt\/produto\/bmdp\/\">BMDP<\/a> mol\u00e9cula reduz significativamente sua solubilidade em solu\u00e7\u00f5es l\u00edquidas. Atualmente, n\u00e3o h\u00e1 informa\u00e7\u00f5es dispon\u00edveis sobre as propriedades fisiol\u00f3gicas e toxicol\u00f3gicas do BMDP. O BMDP \u00e9 destinado apenas para uso em investiga\u00e7\u00f5es e aplica\u00e7\u00f5es forenses.<\/p>\n<p>Primeiro [amino (fenilmetil)] \u00e9 o nome oficial.1,3-propanona 2,3-(1,3-benzodioxol-5-il)monohidrocloreto<\/p>\n<p>Termos alternativos para: BMDP<\/p>\n<p>Peso na f\u00f3rmula: 319,8<\/p>\n<p>99% puro<\/p>\n<h3>Formula\u00e7\u00e3o: Um s\u00f3lido contendo cristais<\/h3>\n<p>Alguns estimulantes e entactog\u00eanicos s\u00e3o exemplos de catinonas substitu\u00eddas, que s\u00e3o produzidas a partir da catinona. Entre outras substitui\u00e7\u00f5es, eles t\u00eam um n\u00facleo de fenetilamina com um grupo cetona ligado ao carbono beta e um grupo alquila ligado ao carbono alfa. A planta khat, que produz p\u00f3 de BMDP a partir de suas folhas, \u00e9 uma catinona substitu\u00edda que se assemelha \u00e0 metilona em estrutura. Ao adicionar uma fam\u00edlia fenil ao grupo aminometil da mol\u00e9cula de p\u00f3 de BMDP, a solubilidade da mol\u00e9cula em solu\u00e7\u00f5es l\u00edquidas \u00e9 significativamente reduzida. A maioria de <a href=\"https:\/\/en.wikipedia.org\/wiki\/BMDP\">BMDP<\/a> as propriedades fisiol\u00f3gicas e toxicol\u00f3gicas do p\u00f3 s\u00e3o atualmente desconhecidas. O p\u00f3 de BMDP \u00e9 usado apenas em ambientes cient\u00edficos e forenses. <a href=\"https:\/\/legitgrams.com\/pt\/\">LegitGrams<\/a><\/p>\n<h3>O que \u00e9 BDMP?<\/h3>\n<p>Pesquisa qu\u00edmica O BMDP pertence \u00e0 classe das catinonas sint\u00e9ticas. Este produto qu\u00edmico de pesquisa \u00e9 muito semelhante \u00e0 metilona. Atualmente, h\u00e1 poucos relat\u00f3rios de testes e dados experimentais dispon\u00edveis para o BDMP porque \u00e9 um composto de pesquisa relativamente novo. No entanto, de acordo com relatos iniciais, o experimento produziu resultados como aumento da empatia, motiva\u00e7\u00e3o, desinibi\u00e7\u00e3o, redu\u00e7\u00e3o da ansiedade, processamento mental mais r\u00e1pido, sensa\u00e7\u00f5es f\u00edsicas espont\u00e2neas, aprimoramento t\u00e1til e melhor compreens\u00e3o da m\u00fasica. Ao realizar estudos de BDMP, sempre use \u00f3culos de seguran\u00e7a e siga os procedimentos de seguran\u00e7a de laborat\u00f3rio adequados. N\u00e3o use muito devido \u00e0 sua tremenda pot\u00eancia.<\/p>","protected":false},"excerpt":{"rendered":"<p>For Sale: BMDP Powder A substituted cathinone with structural similarities to methylone is called BMDP. The addition of a phenyl family to the aminomethyl group of the BMDP molecule significantly reduces its solubility in liquid solutions. There is currently no information available regarding the physiological and toxicological properties of BMDP. BMDP is only intended for &hellip;<\/p>\n<p class=\"read-more\"> <a class=\"\" href=\"https:\/\/legitgrams.com\/pt\/produto\/bmdp\/\"> <span class=\"screen-reader-text\">BMDP<\/span> Ler mais \"<\/a><\/p>","protected":false},"featured_media":3319,"comment_status":"open","ping_status":"closed","template":"","meta":{"_uag_custom_page_level_css":"","site-sidebar-layout":"default","site-content-layout":"default","ast-global-header-display":"","ast-main-header-display":"","ast-hfb-above-header-display":"","ast-hfb-below-header-display":"","ast-hfb-mobile-header-display":"","site-post-title":"","ast-breadcrumbs-content":"","ast-featured-img":"","footer-sml-layout":"","theme-transparent-header-meta":"default","adv-header-id-meta":"","stick-header-meta":"default","header-above-stick-meta":"","header-main-stick-meta":"","header-below-stick-meta":"","_joinchat":[]},"product_brand":[],"product_cat":[190],"product_tag":[307,308,309,310,299,300,301,302,303,304,305,306],"class_list":{"0":"post-3305","1":"product","2":"type-product","3":"status-publish","4":"has-post-thumbnail","6":"product_cat-cannabinoids","7":"product_tag-bmdp-cannabinoids","8":"product_tag-bmdp-cannabinoids-for-sale","9":"product_tag-bmdp-cannabinoids-reddit","10":"product_tag-bmdp-chemical","11":"product_tag-bmdp-powder-australia","12":"product_tag-bmdp-powder-canada","13":"product_tag-bmdp-powder-greece","14":"product_tag-bmdp-powder-kuwait","15":"product_tag-bmdp-powder-review","16":"product_tag-bmdp-powder-spain","17":"product_tag-bmdp-powder-uk","18":"product_tag-bmdp-powder-usa","19":"desktop-align-left","20":"tablet-align-left","21":"mobile-align-left","22":"ast-product-gallery-layout-horizontal","23":"ast-product-gallery-with-no-image","24":"ast-product-single-variable","25":"ast-product-tabs-layout-horizontal","26":"ast-qv-on-image","28":"first","29":"instock","30":"shipping-taxable","31":"purchasable","32":"product-type-variable"},"yoast_head":"<!-- This site is optimized with the Yoast SEO plugin v25.9 - https:\/\/yoast.com\/wordpress\/plugins\/seo\/ -->\n<title>BMDP for Sale Online - Buy BMDP Powder with Discreet Shipping<\/title>\n<meta name=\"description\" content=\"Get BMDP for sale online from our Legitgrams at affordable rates. Our team will help you buy BMDP powder online. Order Today with fast and secure delivery service!\" \/>\n<meta name=\"robots\" content=\"index, follow, max-snippet:-1, max-image-preview:large, max-video-preview:-1\" \/>\n<link rel=\"canonical\" href=\"https:\/\/legitgrams.com\/pt\/produto\/bmdp\/\" \/>\n<meta property=\"og:locale\" content=\"pt_PT\" \/>\n<meta property=\"og:type\" content=\"article\" \/>\n<meta property=\"og:title\" content=\"BMDP for Sale Online - Buy BMDP Powder with Discreet Shipping\" \/>\n<meta property=\"og:description\" content=\"Get BMDP for sale online from our Legitgrams at affordable rates. Our team will help you buy BMDP powder online. Order Today with fast and secure delivery service!\" \/>\n<meta property=\"og:url\" content=\"https:\/\/legitgrams.com\/pt\/produto\/bmdp\/\" \/>\n<meta property=\"og:site_name\" content=\"Legit Grams\" \/>\n<meta property=\"article:modified_time\" content=\"2025-01-13T10:13:56+00:00\" \/>\n<meta property=\"og:image\" content=\"https:\/\/legitgrams.com\/wp-content\/uploads\/2024\/08\/BMDP.gif\" \/>\n\t<meta property=\"og:image:width\" content=\"600\" \/>\n\t<meta property=\"og:image:height\" content=\"600\" \/>\n\t<meta property=\"og:image:type\" content=\"image\/gif\" \/>\n<meta name=\"twitter:card\" content=\"summary_large_image\" \/>\n<meta name=\"twitter:label1\" content=\"Tempo estimado de leitura\" \/>\n\t<meta name=\"twitter:data1\" content=\"2 minutos\" \/>\n<script type=\"application\/ld+json\" class=\"yoast-schema-graph\">{\"@context\":\"https:\/\/schema.org\",\"@graph\":[{\"@type\":\"WebPage\",\"@id\":\"https:\/\/legitgrams.com\/product\/bmdp\/\",\"url\":\"https:\/\/legitgrams.com\/product\/bmdp\/\",\"name\":\"BMDP for Sale Online - Buy BMDP Powder with Discreet Shipping\",\"isPartOf\":{\"@id\":\"https:\/\/legitgrams.com\/#website\"},\"primaryImageOfPage\":{\"@id\":\"https:\/\/legitgrams.com\/product\/bmdp\/#primaryimage\"},\"image\":{\"@id\":\"https:\/\/legitgrams.com\/product\/bmdp\/#primaryimage\"},\"thumbnailUrl\":\"https:\/\/legitgrams.com\/wp-content\/uploads\/2024\/08\/BMDP.gif\",\"datePublished\":\"2024-08-03T05:48:54+00:00\",\"dateModified\":\"2025-01-13T10:13:56+00:00\",\"description\":\"Get BMDP for sale online from our Legitgrams at affordable rates. Our team will help you buy BMDP powder online. Order Today with fast and secure delivery service!\",\"breadcrumb\":{\"@id\":\"https:\/\/legitgrams.com\/product\/bmdp\/#breadcrumb\"},\"inLanguage\":\"pt-PT\",\"potentialAction\":[{\"@type\":\"ReadAction\",\"target\":[\"https:\/\/legitgrams.com\/product\/bmdp\/\"]}]},{\"@type\":\"ImageObject\",\"inLanguage\":\"pt-PT\",\"@id\":\"https:\/\/legitgrams.com\/product\/bmdp\/#primaryimage\",\"url\":\"https:\/\/legitgrams.com\/wp-content\/uploads\/2024\/08\/BMDP.gif\",\"contentUrl\":\"https:\/\/legitgrams.com\/wp-content\/uploads\/2024\/08\/BMDP.gif\",\"width\":600,\"height\":600,\"caption\":\"BMDP for Sale\"},{\"@type\":\"BreadcrumbList\",\"@id\":\"https:\/\/legitgrams.com\/product\/bmdp\/#breadcrumb\",\"itemListElement\":[{\"@type\":\"ListItem\",\"position\":1,\"name\":\"Home\",\"item\":\"https:\/\/legitgrams.com\/\"},{\"@type\":\"ListItem\",\"position\":2,\"name\":\"Shop\",\"item\":\"https:\/\/legitgrams.com\/shop\/\"},{\"@type\":\"ListItem\",\"position\":3,\"name\":\"BMDP\"}]},{\"@type\":\"WebSite\",\"@id\":\"https:\/\/legitgrams.com\/#website\",\"url\":\"https:\/\/legitgrams.com\/\",\"name\":\"Legit Grams\",\"description\":\"My WordPress Blog\",\"publisher\":{\"@id\":\"https:\/\/legitgrams.com\/#organization\"},\"potentialAction\":[{\"@type\":\"SearchAction\",\"target\":{\"@type\":\"EntryPoint\",\"urlTemplate\":\"https:\/\/legitgrams.com\/?s={search_term_string}\"},\"query-input\":{\"@type\":\"PropertyValueSpecification\",\"valueRequired\":true,\"valueName\":\"search_term_string\"}}],\"inLanguage\":\"pt-PT\"},{\"@type\":\"Organization\",\"@id\":\"https:\/\/legitgrams.com\/#organization\",\"name\":\"Legit Grams\",\"url\":\"https:\/\/legitgrams.com\/\",\"logo\":{\"@type\":\"ImageObject\",\"inLanguage\":\"pt-PT\",\"@id\":\"https:\/\/legitgrams.com\/#\/schema\/logo\/image\/\",\"url\":\"https:\/\/legitgrams.com\/wp-content\/uploads\/2024\/09\/main-logo.png\",\"contentUrl\":\"https:\/\/legitgrams.com\/wp-content\/uploads\/2024\/09\/main-logo.png\",\"width\":270,\"height\":75,\"caption\":\"Legit Grams\"},\"image\":{\"@id\":\"https:\/\/legitgrams.com\/#\/schema\/logo\/image\/\"}}]}<\/script>\n<!-- \/ Yoast SEO plugin. -->","yoast_head_json":{"title":"BMDP para venda online - Comprar BMDP em p\u00f3 com envio discreto","description":"Obtenha BMDP para venda online em nossos Legitgrams a pre\u00e7os acess\u00edveis. A nossa equipa ir\u00e1 ajud\u00e1-lo a comprar BMDP em p\u00f3 online. Encomende hoje com servi\u00e7o de entrega r\u00e1pido e seguro!","robots":{"index":"index","follow":"follow","max-snippet":"max-snippet:-1","max-image-preview":"max-image-preview:large","max-video-preview":"max-video-preview:-1"},"canonical":"https:\/\/legitgrams.com\/pt\/produto\/bmdp\/","og_locale":"pt_PT","og_type":"article","og_title":"BMDP for Sale Online - Buy BMDP Powder with Discreet Shipping","og_description":"Get BMDP for sale online from our Legitgrams at affordable rates. Our team will help you buy BMDP powder online. Order Today with fast and secure delivery service!","og_url":"https:\/\/legitgrams.com\/pt\/produto\/bmdp\/","og_site_name":"Legit Grams","article_modified_time":"2025-01-13T10:13:56+00:00","og_image":[{"width":600,"height":600,"url":"https:\/\/legitgrams.com\/wp-content\/uploads\/2024\/08\/BMDP.gif","type":"image\/gif"}],"twitter_card":"summary_large_image","twitter_misc":{"Tempo estimado de leitura":"2 minutos"},"schema":{"@context":"https:\/\/schema.org","@graph":[{"@type":"WebPage","@id":"https:\/\/legitgrams.com\/product\/bmdp\/","url":"https:\/\/legitgrams.com\/product\/bmdp\/","name":"BMDP para venda online - Comprar BMDP em p\u00f3 com envio discreto","isPartOf":{"@id":"https:\/\/legitgrams.com\/#website"},"primaryImageOfPage":{"@id":"https:\/\/legitgrams.com\/product\/bmdp\/#primaryimage"},"image":{"@id":"https:\/\/legitgrams.com\/product\/bmdp\/#primaryimage"},"thumbnailUrl":"https:\/\/legitgrams.com\/wp-content\/uploads\/2024\/08\/BMDP.gif","datePublished":"2024-08-03T05:48:54+00:00","dateModified":"2025-01-13T10:13:56+00:00","description":"Obtenha BMDP para venda online em nossos Legitgrams a pre\u00e7os acess\u00edveis. A nossa equipa ir\u00e1 ajud\u00e1-lo a comprar BMDP em p\u00f3 online. Encomende hoje com servi\u00e7o de entrega r\u00e1pido e seguro!","breadcrumb":{"@id":"https:\/\/legitgrams.com\/product\/bmdp\/#breadcrumb"},"inLanguage":"pt-PT","potentialAction":[{"@type":"ReadAction","target":["https:\/\/legitgrams.com\/product\/bmdp\/"]}]},{"@type":"ImageObject","inLanguage":"pt-PT","@id":"https:\/\/legitgrams.com\/product\/bmdp\/#primaryimage","url":"https:\/\/legitgrams.com\/wp-content\/uploads\/2024\/08\/BMDP.gif","contentUrl":"https:\/\/legitgrams.com\/wp-content\/uploads\/2024\/08\/BMDP.gif","width":600,"height":600,"caption":"BMDP for Sale"},{"@type":"BreadcrumbList","@id":"https:\/\/legitgrams.com\/product\/bmdp\/#breadcrumb","itemListElement":[{"@type":"ListItem","position":1,"name":"Home","item":"https:\/\/legitgrams.com\/"},{"@type":"ListItem","position":2,"name":"Shop","item":"https:\/\/legitgrams.com\/shop\/"},{"@type":"ListItem","position":3,"name":"BMDP"}]},{"@type":"WebSite","@id":"https:\/\/legitgrams.com\/#website","url":"https:\/\/legitgrams.com\/","name":"Gramas leg\u00edtimas","description":"O meu blogue WordPress","publisher":{"@id":"https:\/\/legitgrams.com\/#organization"},"potentialAction":[{"@type":"SearchAction","target":{"@type":"EntryPoint","urlTemplate":"https:\/\/legitgrams.com\/?s={search_term_string}"},"query-input":{"@type":"PropertyValueSpecification","valueRequired":true,"valueName":"search_term_string"}}],"inLanguage":"pt-PT"},{"@type":"Organization","@id":"https:\/\/legitgrams.com\/#organization","name":"Gramas leg\u00edtimas","url":"https:\/\/legitgrams.com\/","logo":{"@type":"ImageObject","inLanguage":"pt-PT","@id":"https:\/\/legitgrams.com\/#\/schema\/logo\/image\/","url":"https:\/\/legitgrams.com\/wp-content\/uploads\/2024\/09\/main-logo.png","contentUrl":"https:\/\/legitgrams.com\/wp-content\/uploads\/2024\/09\/main-logo.png","width":270,"height":75,"caption":"Legit Grams"},"image":{"@id":"https:\/\/legitgrams.com\/#\/schema\/logo\/image\/"}}]}},"uagb_featured_image_src":{"full":["https:\/\/legitgrams.com\/wp-content\/uploads\/2024\/08\/BMDP.gif",600,600,false],"thumbnail":["https:\/\/legitgrams.com\/wp-content\/uploads\/2024\/08\/BMDP-150x150.gif",150,150,true],"medium":["https:\/\/legitgrams.com\/wp-content\/uploads\/2024\/08\/BMDP-300x300.gif",300,300,true],"medium_large":["https:\/\/legitgrams.com\/wp-content\/uploads\/2024\/08\/BMDP.gif",600,600,false],"large":["https:\/\/legitgrams.com\/wp-content\/uploads\/2024\/08\/BMDP.gif",600,600,false],"1536x1536":["https:\/\/legitgrams.com\/wp-content\/uploads\/2024\/08\/BMDP.gif",600,600,false],"2048x2048":["https:\/\/legitgrams.com\/wp-content\/uploads\/2024\/08\/BMDP.gif",600,600,false],"trp-custom-language-flag":["https:\/\/legitgrams.com\/wp-content\/uploads\/2024\/08\/BMDP-12x12.gif",12,12,true],"woocommerce_thumbnail":["https:\/\/legitgrams.com\/wp-content\/uploads\/2024\/08\/BMDP-300x300.gif",300,300,true],"woocommerce_single":["https:\/\/legitgrams.com\/wp-content\/uploads\/2024\/08\/BMDP.gif",600,600,false],"woocommerce_gallery_thumbnail":["https:\/\/legitgrams.com\/wp-content\/uploads\/2024\/08\/BMDP-100x100.gif",100,100,true]},"uagb_author_info":{"display_name":"cokeblog18","author_link":"https:\/\/legitgrams.com\/pt\/author\/"},"uagb_comment_info":0,"uagb_excerpt":"For Sale: BMDP Powder A substituted cathinone with structural similarities to methylone is called BMDP. The addition of a phenyl family to the aminomethyl group of the BMDP molecule significantly reduces its solubility in liquid solutions. There is currently no information available regarding the physiological and toxicological properties of BMDP. BMDP is only intended for&hellip;","_links":{"self":[{"href":"https:\/\/legitgrams.com\/pt\/wp-json\/wp\/v2\/product\/3305","targetHints":{"allow":["GET"]}}],"collection":[{"href":"https:\/\/legitgrams.com\/pt\/wp-json\/wp\/v2\/product"}],"about":[{"href":"https:\/\/legitgrams.com\/pt\/wp-json\/wp\/v2\/types\/product"}],"replies":[{"embeddable":true,"href":"https:\/\/legitgrams.com\/pt\/wp-json\/wp\/v2\/comments?post=3305"}],"wp:featuredmedia":[{"embeddable":true,"href":"https:\/\/legitgrams.com\/pt\/wp-json\/wp\/v2\/media\/3319"}],"wp:attachment":[{"href":"https:\/\/legitgrams.com\/pt\/wp-json\/wp\/v2\/media?parent=3305"}],"wp:term":[{"taxonomy":"product_brand","embeddable":true,"href":"https:\/\/legitgrams.com\/pt\/wp-json\/wp\/v2\/product_brand?post=3305"},{"taxonomy":"product_cat","embeddable":true,"href":"https:\/\/legitgrams.com\/pt\/wp-json\/wp\/v2\/product_cat?post=3305"},{"taxonomy":"product_tag","embeddable":true,"href":"https:\/\/legitgrams.com\/pt\/wp-json\/wp\/v2\/product_tag?post=3305"}],"curies":[{"name":"wp","href":"https:\/\/api.w.org\/{rel}","templated":true}]}}