{"id":3313,"date":"2024-08-03T05:49:11","date_gmt":"2024-08-03T05:49:11","guid":{"rendered":"https:\/\/cokebricks.com\/?post_type=product&#038;p=3313"},"modified":"2025-03-08T06:04:40","modified_gmt":"2025-03-08T06:04:40","slug":"isotonitazeno","status":"publish","type":"product","link":"https:\/\/legitgrams.com\/pt\/produto\/isotonitazeno\/","title":{"rendered":"Comprar Isotonitazene Online"},"content":{"rendered":"<h2>Comprar Isotonitazeno Online<\/h2>\n<p><a href=\"https:\/\/legitgrams.com\/pt\/produto\/isotonitazeno\/\">Comprar Isotonitazene<\/a> \u00e9 uma droga especial que ainda n\u00e3o \u00e9 ilegal. No entanto, o n\u00famero de fatalidades aumentou. Muitas mortes nos Estados Unidos foram associadas a um novo opioide sint\u00e9tico legal que \u00e9 igualmente mortal quanto o fentanil. A descoberta de isotonitazeno na cadeia alimentar da Am\u00e9rica do Norte parece confirmar as preocupa\u00e7\u00f5es levantadas h\u00e1 um ano sobre a possibilidade de que os medicamentos de laborat\u00f3rio que causam a crise de opioides do pa\u00eds n\u00e3o seriam interrompidos. <a href=\"https:\/\/www.bing.com\/search?q=Buy%20Isotonitazene%20Online&amp;qs=n&amp;form=QBRE&amp;sp=-1&amp;lq=0&amp;pq=buy%20isotonitazene%20online&amp;sc=0-24&amp;sk=&amp;cvid=C8773ECBD1FF437F900CC7D38DE1EDBA&amp;ghsh=0&amp;ghacc=0&amp;ghpl=\">isotonitazeno<\/a> no fornecimento de alimentos da Am\u00e9rica do Norte parece confirmar as preocupa\u00e7\u00f5es levantadas h\u00e1 um ano de que os medicamentos produzidos em laborat\u00f3rio que est\u00e3o causando a crise de opioides no pa\u00eds n\u00e3o seriam interrompidos.<\/p>\n<h3>Onde posso comprar Iso Powder online?<\/h3>\n<p>De acordo com um an\u00fancio recente de Barry K. Logan, cientista-chefe dos Laborat\u00f3rios NMS e especialista global em toxicologia forense, seus colegas encontraram isotonitazeno, a mesma mol\u00e9cula do fentanil, em amostras de mais de 200 usu\u00e1rios de drogas mortos no Centro-Oeste e Nordeste. <a href=\"https:\/\/www.bing.com\/search?q=Buy%20Isotonitazene%20Online&amp;qs=n&amp;form=QBRE&amp;sp=-1&amp;lq=0&amp;pq=buy%20isotonitazene%20online&amp;sc=0-24&amp;sk=&amp;cvid=C8773ECBD1FF437F900CC7D38DE1EDBA&amp;ghsh=0&amp;ghacc=0&amp;ghpl=\">isotonitazeno<\/a>, the same molecule as fentanyl, in samples from more than 200 drug users died in the Midwest and Northeast. <a href=\"https:\/\/legitgrams.com\/pt\/\">LegitGrams<\/a><\/p>\n<p>De acordo com Logan, \u201co novo agente mais comum e amplamente utilizado nos Estados Unidos \u00e9 o isotonitazeno\u201d. <a href=\"https:\/\/duckduckgo.com\/?q=Buy+Isotonitazene+Online&amp;t=h_&amp;ia=web\">isotonitazeno<\/a>.&#8221;<\/p>\n<p>indicates that the number of deaths in the US from <a href=\"https:\/\/duckduckgo.com\/?q=Buy+Isotonitazene+Online&amp;t=h_&amp;ia=web\">isotonitazeno<\/a> has increased from about six during the summer to 40 to 50 every month.<\/p>\n<h3>Compre opioides sint\u00e9ticos confi\u00e1veis \u200b\u200bonline.<\/h3>\n<p>A equipe de Logan descobriu apenas 12 novos opioides nos EUA no ano passado, mas o isotonitazeno rapidamente se tornou bem conhecido. \u201cA subst\u00e2ncia que est\u00e1 se tornando mais popular \u00e9 o isotonitazeno; s\u00f3 encontramos novos uma ou duas vezes.<\/p>\n<p>De acordo com Logan, \u201co novo agente mais comum e amplamente utilizado nos Estados Unidos \u00e9 o isotonitazeno\u201d.<\/p>\n<p>indicates that the number of deaths in the US from <a href=\"https:\/\/www.google.com\/search?q=Buy+Isotonitazene+Online&amp;num=10&amp;sca_esv=1a2a07081c7891bb&amp;rlz=1C1RXQR_enIN1098IN1098&amp;sxsrf=AHTn8zqRnNcZtkQEK_gLmxgthNuOExdFTw%3A1741413766389&amp;ei=ht3LZ5uqF6qeseMP4Yn5-Ak&amp;ved=0ahUKEwibhc_n5_mLAxUqT2wGHeFEHp8Q4dUDCBI&amp;uact=5&amp;oq=Buy+Isotonitazene+Online&amp;gs_lp=Egxnd3Mtd2l6LXNlcnAiGEJ1eSBJc290b25pdGF6ZW5lIE9ubGluZUilClCkBlikBnADeACQAQCYAagBoAGoAaoBAzAuMbgBA8gBAPgBAvgBAZgCAKACAJgDAIgGAZIHAKAHTA&amp;sclient=gws-wiz-serp\">isotonitazeno<\/a> has increased from about six during the summer to 40 to 50 every month.<\/p>\n<h3>Compre opioides sint\u00e9ticos confi\u00e1veis \u200b\u200bonline.<\/h3>\n<p>A equipe de Logan descobriu apenas 12 novos opioides nos EUA no ano passado, mas <a href=\"https:\/\/en.wikipedia.org\/wiki\/Isotonitazene\">isotonitazeno<\/a> rapidamente se tornou bem conhecido. \u201cIsotonitazeno \u00e9 a subst\u00e2ncia mais comumente observada; a maioria das novas s\u00f3 aparece uma ou duas vezes.<\/p>\n<p>The largest synthetic opioid sold online in Canada is also impacted. In March, <a href=\"https:\/\/www.google.com\/search?q=Buy+Isotonitazene+Online&amp;num=10&amp;sca_esv=1a2a07081c7891bb&amp;rlz=1C1RXQR_enIN1098IN1098&amp;sxsrf=AHTn8zqRnNcZtkQEK_gLmxgthNuOExdFTw%3A1741413766389&amp;ei=ht3LZ5uqF6qeseMP4Yn5-Ak&amp;ved=0ahUKEwibhc_n5_mLAxUqT2wGHeFEHp8Q4dUDCBI&amp;uact=5&amp;oq=Buy+Isotonitazene+Online&amp;gs_lp=Egxnd3Mtd2l6LXNlcnAiGEJ1eSBJc290b25pdGF6ZW5lIE9ubGluZUilClCkBlikBnADeACQAQCYAagBoAGoAaoBAzAuMbgBA8gBAPgBAvgBAZgCAKACAJgDAIgGAZIHAKAHTA&amp;sclient=gws-wiz-serp\">isotonitazeno<\/a> O maior opioide sint\u00e9tico vendido on-line no Canad\u00e1 tamb\u00e9m \u00e9 impactado. Em mar\u00e7o, isotonitazeno foi descoberto em 1.900 medicamentos falsificados prescritos em Newfoundland e Nova Scotia. O medicamento foi formulado como comprimidos semelhantes \u00e0 hidromorfona. Dilaudid, \u00e0s vezes conhecido como Oxycontin, \u00e9 um opioide sint\u00e9tico muito procurado.<\/p>\n<h2><\/h2>\n<h2><\/h2>\n<h2><\/h2>\n<p>&nbsp;<\/p>","protected":false},"excerpt":{"rendered":"<p>Purchase Online Isotonitazene Buy Isotonitazene is a special drug that isn&#8217;t yet illegal. However, the number of fatalities has increased. Many deaths in the United States have been linked to a new, legal synthetic opioid that is equally deadly as fentanyl. The discovery of isotonitazene in North America&#8217;s food chain seems to confirm concerns raised &hellip;<\/p>\n<p class=\"read-more\"> <a class=\"\" href=\"https:\/\/legitgrams.com\/pt\/produto\/isotonitazeno\/\"> <span class=\"screen-reader-text\">Comprar Isotonitazene Online<\/span> Ler mais \"<\/a><\/p>","protected":false},"featured_media":3322,"comment_status":"open","ping_status":"closed","template":"","meta":{"_uag_custom_page_level_css":"","site-sidebar-layout":"default","site-content-layout":"default","ast-global-header-display":"","ast-main-header-display":"","ast-hfb-above-header-display":"","ast-hfb-below-header-display":"","ast-hfb-mobile-header-display":"","site-post-title":"","ast-breadcrumbs-content":"","ast-featured-img":"","footer-sml-layout":"","theme-transparent-header-meta":"default","adv-header-id-meta":"","stick-header-meta":"default","header-above-stick-meta":"","header-main-stick-meta":"","header-below-stick-meta":"","_joinchat":[]},"product_brand":[],"product_cat":[190],"product_tag":[252,253,254,255,256,257,258,259,260,261,262],"class_list":{"0":"post-3313","1":"product","2":"type-product","3":"status-publish","4":"has-post-thumbnail","6":"product_cat-cannabinoids","7":"product_tag-buy-isotodesnitazene","8":"product_tag-buy-isotodesnitazene-usa","9":"product_tag-for-sale-isotodesnitazene","10":"product_tag-isotodesnitazene","11":"product_tag-isotodesnitazene-for-sale","12":"product_tag-isotodesnitazene-for-sale-online","13":"product_tag-isotodesnitazene-supplier","14":"product_tag-isotodesnitazene-suppliers","15":"product_tag-isotodesnitazene-vendor","16":"product_tag-order-isotodesnitazene-canada","17":"product_tag-where-to-buy-isotodesnitazene-australia","18":"desktop-align-left","19":"tablet-align-left","20":"mobile-align-left","21":"ast-product-gallery-layout-horizontal","22":"ast-product-gallery-with-no-image","23":"ast-product-single-variable","24":"ast-product-tabs-layout-horizontal","25":"ast-qv-on-image","27":"first","28":"instock","29":"shipping-taxable","30":"purchasable","31":"product-type-variable"},"yoast_head":"<!-- This site is optimized with the Yoast SEO plugin v25.9 - https:\/\/yoast.com\/wordpress\/plugins\/seo\/ -->\n<title>Isotonitazene for Sale - Order Isotonitazene Online | LegitGrams<\/title>\n<meta name=\"description\" content=\"You can get in touch with our Legitgrams store and buy Isotonitazen online. We have Isotonitazen for sale at cheap prices. Get yours at your place right away!\" \/>\n<meta name=\"robots\" content=\"index, follow, max-snippet:-1, max-image-preview:large, max-video-preview:-1\" \/>\n<link rel=\"canonical\" href=\"https:\/\/legitgrams.com\/pt\/produto\/isotonitazeno\/\" \/>\n<meta property=\"og:locale\" content=\"pt_PT\" \/>\n<meta property=\"og:type\" content=\"article\" \/>\n<meta property=\"og:title\" content=\"Isotonitazene for Sale - Order Isotonitazene Online | LegitGrams\" \/>\n<meta property=\"og:description\" content=\"You can get in touch with our Legitgrams store and buy Isotonitazen online. We have Isotonitazen for sale at cheap prices. Get yours at your place right away!\" \/>\n<meta property=\"og:url\" content=\"https:\/\/legitgrams.com\/pt\/produto\/isotonitazeno\/\" \/>\n<meta property=\"og:site_name\" content=\"Legit Grams\" \/>\n<meta property=\"article:modified_time\" content=\"2025-03-08T06:04:40+00:00\" \/>\n<meta property=\"og:image\" content=\"https:\/\/legitgrams.com\/wp-content\/uploads\/2024\/08\/Isotonitazene.gif\" \/>\n\t<meta property=\"og:image:width\" content=\"600\" \/>\n\t<meta property=\"og:image:height\" content=\"600\" \/>\n\t<meta property=\"og:image:type\" content=\"image\/gif\" \/>\n<meta name=\"twitter:card\" content=\"summary_large_image\" \/>\n<meta name=\"twitter:label1\" content=\"Tempo estimado de leitura\" \/>\n\t<meta name=\"twitter:data1\" content=\"2 minutos\" \/>\n<script type=\"application\/ld+json\" class=\"yoast-schema-graph\">{\"@context\":\"https:\/\/schema.org\",\"@graph\":[{\"@type\":\"WebPage\",\"@id\":\"https:\/\/legitgrams.com\/product\/isotonitazene\/\",\"url\":\"https:\/\/legitgrams.com\/product\/isotonitazene\/\",\"name\":\"Isotonitazene for Sale - Order Isotonitazene Online | LegitGrams\",\"isPartOf\":{\"@id\":\"https:\/\/legitgrams.com\/#website\"},\"primaryImageOfPage\":{\"@id\":\"https:\/\/legitgrams.com\/product\/isotonitazene\/#primaryimage\"},\"image\":{\"@id\":\"https:\/\/legitgrams.com\/product\/isotonitazene\/#primaryimage\"},\"thumbnailUrl\":\"https:\/\/legitgrams.com\/wp-content\/uploads\/2024\/08\/Isotonitazene.gif\",\"datePublished\":\"2024-08-03T05:49:11+00:00\",\"dateModified\":\"2025-03-08T06:04:40+00:00\",\"description\":\"You can get in touch with our Legitgrams store and buy Isotonitazen online. We have Isotonitazen for sale at cheap prices. Get yours at your place right away!\",\"breadcrumb\":{\"@id\":\"https:\/\/legitgrams.com\/product\/isotonitazene\/#breadcrumb\"},\"inLanguage\":\"pt-PT\",\"potentialAction\":[{\"@type\":\"ReadAction\",\"target\":[\"https:\/\/legitgrams.com\/product\/isotonitazene\/\"]}]},{\"@type\":\"ImageObject\",\"inLanguage\":\"pt-PT\",\"@id\":\"https:\/\/legitgrams.com\/product\/isotonitazene\/#primaryimage\",\"url\":\"https:\/\/legitgrams.com\/wp-content\/uploads\/2024\/08\/Isotonitazene.gif\",\"contentUrl\":\"https:\/\/legitgrams.com\/wp-content\/uploads\/2024\/08\/Isotonitazene.gif\",\"width\":600,\"height\":600,\"caption\":\"Isotonitazene for Sale\"},{\"@type\":\"BreadcrumbList\",\"@id\":\"https:\/\/legitgrams.com\/product\/isotonitazene\/#breadcrumb\",\"itemListElement\":[{\"@type\":\"ListItem\",\"position\":1,\"name\":\"Home\",\"item\":\"https:\/\/legitgrams.com\/\"},{\"@type\":\"ListItem\",\"position\":2,\"name\":\"Shop\",\"item\":\"https:\/\/legitgrams.com\/shop\/\"},{\"@type\":\"ListItem\",\"position\":3,\"name\":\"Buy Isotonitazene Online\"}]},{\"@type\":\"WebSite\",\"@id\":\"https:\/\/legitgrams.com\/#website\",\"url\":\"https:\/\/legitgrams.com\/\",\"name\":\"Legit Grams\",\"description\":\"My WordPress Blog\",\"publisher\":{\"@id\":\"https:\/\/legitgrams.com\/#organization\"},\"potentialAction\":[{\"@type\":\"SearchAction\",\"target\":{\"@type\":\"EntryPoint\",\"urlTemplate\":\"https:\/\/legitgrams.com\/?s={search_term_string}\"},\"query-input\":{\"@type\":\"PropertyValueSpecification\",\"valueRequired\":true,\"valueName\":\"search_term_string\"}}],\"inLanguage\":\"pt-PT\"},{\"@type\":\"Organization\",\"@id\":\"https:\/\/legitgrams.com\/#organization\",\"name\":\"Legit Grams\",\"url\":\"https:\/\/legitgrams.com\/\",\"logo\":{\"@type\":\"ImageObject\",\"inLanguage\":\"pt-PT\",\"@id\":\"https:\/\/legitgrams.com\/#\/schema\/logo\/image\/\",\"url\":\"https:\/\/legitgrams.com\/wp-content\/uploads\/2024\/09\/main-logo.png\",\"contentUrl\":\"https:\/\/legitgrams.com\/wp-content\/uploads\/2024\/09\/main-logo.png\",\"width\":270,\"height\":75,\"caption\":\"Legit Grams\"},\"image\":{\"@id\":\"https:\/\/legitgrams.com\/#\/schema\/logo\/image\/\"}}]}<\/script>\n<!-- \/ Yoast SEO plugin. -->","yoast_head_json":{"title":"Isotonitazene for Sale - Encomendar Isotonitazene Online | LegitGrams","description":"Pode entrar em contacto com a nossa loja Legitgrams e comprar Isotonitazen online. N\u00f3s temos Isotonitazen para venda a pre\u00e7os baratos. Receba o seu em sua casa imediatamente!","robots":{"index":"index","follow":"follow","max-snippet":"max-snippet:-1","max-image-preview":"max-image-preview:large","max-video-preview":"max-video-preview:-1"},"canonical":"https:\/\/legitgrams.com\/pt\/produto\/isotonitazeno\/","og_locale":"pt_PT","og_type":"article","og_title":"Isotonitazene for Sale - Order Isotonitazene Online | LegitGrams","og_description":"You can get in touch with our Legitgrams store and buy Isotonitazen online. We have Isotonitazen for sale at cheap prices. Get yours at your place right away!","og_url":"https:\/\/legitgrams.com\/pt\/produto\/isotonitazeno\/","og_site_name":"Legit Grams","article_modified_time":"2025-03-08T06:04:40+00:00","og_image":[{"width":600,"height":600,"url":"https:\/\/legitgrams.com\/wp-content\/uploads\/2024\/08\/Isotonitazene.gif","type":"image\/gif"}],"twitter_card":"summary_large_image","twitter_misc":{"Tempo estimado de leitura":"2 minutos"},"schema":{"@context":"https:\/\/schema.org","@graph":[{"@type":"WebPage","@id":"https:\/\/legitgrams.com\/product\/isotonitazene\/","url":"https:\/\/legitgrams.com\/product\/isotonitazene\/","name":"Isotonitazene for Sale - Encomendar Isotonitazene Online | LegitGrams","isPartOf":{"@id":"https:\/\/legitgrams.com\/#website"},"primaryImageOfPage":{"@id":"https:\/\/legitgrams.com\/product\/isotonitazene\/#primaryimage"},"image":{"@id":"https:\/\/legitgrams.com\/product\/isotonitazene\/#primaryimage"},"thumbnailUrl":"https:\/\/legitgrams.com\/wp-content\/uploads\/2024\/08\/Isotonitazene.gif","datePublished":"2024-08-03T05:49:11+00:00","dateModified":"2025-03-08T06:04:40+00:00","description":"Pode entrar em contacto com a nossa loja Legitgrams e comprar Isotonitazen online. N\u00f3s temos Isotonitazen para venda a pre\u00e7os baratos. Receba o seu em sua casa imediatamente!","breadcrumb":{"@id":"https:\/\/legitgrams.com\/product\/isotonitazene\/#breadcrumb"},"inLanguage":"pt-PT","potentialAction":[{"@type":"ReadAction","target":["https:\/\/legitgrams.com\/product\/isotonitazene\/"]}]},{"@type":"ImageObject","inLanguage":"pt-PT","@id":"https:\/\/legitgrams.com\/product\/isotonitazene\/#primaryimage","url":"https:\/\/legitgrams.com\/wp-content\/uploads\/2024\/08\/Isotonitazene.gif","contentUrl":"https:\/\/legitgrams.com\/wp-content\/uploads\/2024\/08\/Isotonitazene.gif","width":600,"height":600,"caption":"Isotonitazene for Sale"},{"@type":"BreadcrumbList","@id":"https:\/\/legitgrams.com\/product\/isotonitazene\/#breadcrumb","itemListElement":[{"@type":"ListItem","position":1,"name":"Home","item":"https:\/\/legitgrams.com\/"},{"@type":"ListItem","position":2,"name":"Shop","item":"https:\/\/legitgrams.com\/shop\/"},{"@type":"ListItem","position":3,"name":"Buy Isotonitazene Online"}]},{"@type":"WebSite","@id":"https:\/\/legitgrams.com\/#website","url":"https:\/\/legitgrams.com\/","name":"Gramas leg\u00edtimas","description":"O meu blogue WordPress","publisher":{"@id":"https:\/\/legitgrams.com\/#organization"},"potentialAction":[{"@type":"SearchAction","target":{"@type":"EntryPoint","urlTemplate":"https:\/\/legitgrams.com\/?s={search_term_string}"},"query-input":{"@type":"PropertyValueSpecification","valueRequired":true,"valueName":"search_term_string"}}],"inLanguage":"pt-PT"},{"@type":"Organization","@id":"https:\/\/legitgrams.com\/#organization","name":"Gramas leg\u00edtimas","url":"https:\/\/legitgrams.com\/","logo":{"@type":"ImageObject","inLanguage":"pt-PT","@id":"https:\/\/legitgrams.com\/#\/schema\/logo\/image\/","url":"https:\/\/legitgrams.com\/wp-content\/uploads\/2024\/09\/main-logo.png","contentUrl":"https:\/\/legitgrams.com\/wp-content\/uploads\/2024\/09\/main-logo.png","width":270,"height":75,"caption":"Legit Grams"},"image":{"@id":"https:\/\/legitgrams.com\/#\/schema\/logo\/image\/"}}]}},"uagb_featured_image_src":{"full":["https:\/\/legitgrams.com\/wp-content\/uploads\/2024\/08\/Isotonitazene.gif",600,600,false],"thumbnail":["https:\/\/legitgrams.com\/wp-content\/uploads\/2024\/08\/Isotonitazene-150x150.gif",150,150,true],"medium":["https:\/\/legitgrams.com\/wp-content\/uploads\/2024\/08\/Isotonitazene-300x300.gif",300,300,true],"medium_large":["https:\/\/legitgrams.com\/wp-content\/uploads\/2024\/08\/Isotonitazene.gif",600,600,false],"large":["https:\/\/legitgrams.com\/wp-content\/uploads\/2024\/08\/Isotonitazene.gif",600,600,false],"1536x1536":["https:\/\/legitgrams.com\/wp-content\/uploads\/2024\/08\/Isotonitazene.gif",600,600,false],"2048x2048":["https:\/\/legitgrams.com\/wp-content\/uploads\/2024\/08\/Isotonitazene.gif",600,600,false],"trp-custom-language-flag":["https:\/\/legitgrams.com\/wp-content\/uploads\/2024\/08\/Isotonitazene-12x12.gif",12,12,true],"woocommerce_thumbnail":["https:\/\/legitgrams.com\/wp-content\/uploads\/2024\/08\/Isotonitazene-300x300.gif",300,300,true],"woocommerce_single":["https:\/\/legitgrams.com\/wp-content\/uploads\/2024\/08\/Isotonitazene.gif",600,600,false],"woocommerce_gallery_thumbnail":["https:\/\/legitgrams.com\/wp-content\/uploads\/2024\/08\/Isotonitazene-100x100.gif",100,100,true]},"uagb_author_info":{"display_name":"cokeblog18","author_link":"https:\/\/legitgrams.com\/pt\/author\/"},"uagb_comment_info":0,"uagb_excerpt":"Purchase Online Isotonitazene Buy Isotonitazene is a special drug that isn&#8217;t yet illegal. However, the number of fatalities has increased. Many deaths in the United States have been linked to a new, legal synthetic opioid that is equally deadly as fentanyl. The discovery of isotonitazene in North America&#8217;s food chain seems to confirm concerns raised&hellip;","_links":{"self":[{"href":"https:\/\/legitgrams.com\/pt\/wp-json\/wp\/v2\/product\/3313","targetHints":{"allow":["GET"]}}],"collection":[{"href":"https:\/\/legitgrams.com\/pt\/wp-json\/wp\/v2\/product"}],"about":[{"href":"https:\/\/legitgrams.com\/pt\/wp-json\/wp\/v2\/types\/product"}],"replies":[{"embeddable":true,"href":"https:\/\/legitgrams.com\/pt\/wp-json\/wp\/v2\/comments?post=3313"}],"wp:featuredmedia":[{"embeddable":true,"href":"https:\/\/legitgrams.com\/pt\/wp-json\/wp\/v2\/media\/3322"}],"wp:attachment":[{"href":"https:\/\/legitgrams.com\/pt\/wp-json\/wp\/v2\/media?parent=3313"}],"wp:term":[{"taxonomy":"product_brand","embeddable":true,"href":"https:\/\/legitgrams.com\/pt\/wp-json\/wp\/v2\/product_brand?post=3313"},{"taxonomy":"product_cat","embeddable":true,"href":"https:\/\/legitgrams.com\/pt\/wp-json\/wp\/v2\/product_cat?post=3313"},{"taxonomy":"product_tag","embeddable":true,"href":"https:\/\/legitgrams.com\/pt\/wp-json\/wp\/v2\/product_tag?post=3313"}],"curies":[{"name":"wp","href":"https:\/\/api.w.org\/{rel}","templated":true}]}}