{"id":3755,"date":"2024-09-19T12:24:27","date_gmt":"2024-09-19T12:24:27","guid":{"rendered":"https:\/\/legitgrams.com\/?post_type=product&#038;p=3755"},"modified":"2025-01-15T05:35:04","modified_gmt":"2025-01-15T05:35:04","slug":"marijuana-space-monster","status":"publish","type":"product","link":"https:\/\/legitgrams.com\/pt\/produto\/marijuana-space-monster\/","title":{"rendered":"Maconha Space Monster"},"content":{"rendered":"<h2>Compre maconha Space Monster online<\/h2>\n<p>Comprar<a href=\"https:\/\/en.wikipedia.org\/wiki\/Space_Monster\"> Cannabis Space Monster<\/a>. THC: 20% A maconha Space Monster \u00e9 um h\u00edbrido dominante que \u00e9 75% Indica e 25% Sativa.<\/p>\n<p>Efeitos: euf\u00f3rico, feliz, calmante, sonolento e estimulante<\/p>\n<p>Rem\u00e9dios potenciais para: Dor cr\u00f3nica, Inflama\u00e7\u00e3o, Dist\u00farbios do sono, Tremores, Espasmos musculares, Qu\u00edmica, Doce<\/p>\n<p>Comprar <a href=\"https:\/\/legitgrams.com\/pt\/produto\/marijuana-space-monster\/\">Cannabis medicinal e recreativa<\/a> Online - Comprar can\u00e1bis, comprar can\u00e1bis medicinal e recreativa, comprar can\u00e1bis recreativa online Onde comprar can\u00e1bis medicinal e recreativa: Onde comprar Cannabis medicinal e recreativa? Comprar Cannabis medicinal online: Onde comprar Cannabis medicinal online? Comprar Cannabis medicinal nos EUA, Canad\u00e1, Reino Unido, comprar online, fornecedores, entrega segura, <a href=\"https:\/\/legitgrams.com\/pt\/\">LegitGrams<\/a>A can\u00e1bis ainda est\u00e1 dispon\u00edvel para uso m\u00e9dico e recreativo. \u00c9 legal comprar marijuana para fins medicinais e recreativos nos Estados Unidos? Como posso encomendar marijuana medicinal e recreativa? A can\u00e1bis \u00e9 legal no Canad\u00e1, tanto para uso medicinal como recreativo?<\/p>","protected":false},"excerpt":{"rendered":"<p>Purchase Space Monster Marijuana online Purchase Space Monster Cannabis. THC: 20% Space Monster marijuana is a dominant hybrid that is 75% Indica and 25% Sativa. Effects: euphoric, happy, calming, drowsy, and elevating Potential Remedies for: Chronic Pain, Inflammation, Sleep Disorders, Tremors, Muscle Spasms, Chemical, Sweet Purchase Medical and Recreational Cannabis Online &#8211; Purchase Cannabis, Purchase &hellip;<\/p>\n<p class=\"read-more\"> <a class=\"\" href=\"https:\/\/legitgrams.com\/pt\/produto\/marijuana-space-monster\/\"> <span class=\"screen-reader-text\">Maconha Space Monster<\/span> Ler mais \"<\/a><\/p>","protected":false},"featured_media":5431,"comment_status":"open","ping_status":"closed","template":"","meta":{"_uag_custom_page_level_css":"","site-sidebar-layout":"default","site-content-layout":"default","ast-global-header-display":"","ast-main-header-display":"","ast-hfb-above-header-display":"","ast-hfb-below-header-display":"","ast-hfb-mobile-header-display":"","site-post-title":"","ast-breadcrumbs-content":"","ast-featured-img":"","footer-sml-layout":"","theme-transparent-header-meta":"default","adv-header-id-meta":"","stick-header-meta":"default","header-above-stick-meta":"","header-main-stick-meta":"","header-below-stick-meta":"","_joinchat":[]},"product_brand":[],"product_cat":[607],"product_tag":[5338,5328,617,5320,5335,5332,5327,5325,5337,5334,5319,5322,5330,5321,5331,5323,5333,5340,5341,5339,5336,625,5326,5329,5324],"class_list":{"0":"post-3755","1":"product","2":"type-product","3":"status-publish","4":"has-post-thumbnail","6":"product_cat-marijuana-cannabis","7":"product_tag-best-cheap-price-space-monster-marijuana","8":"product_tag-best-place-to-buy-space-monster-marijuana","9":"product_tag-bulk-online","10":"product_tag-buy-space-monster-marijuana","11":"product_tag-cheap-space-monster-marijuana","12":"product_tag-high-quality-space-monster-marijuana","13":"product_tag-how-to-buy-space-monster-marijuana","14":"product_tag-order-space-monster-marijuana","15":"product_tag-purcharse-space-monster-marijuana","16":"product_tag-shop-space-monster-marijuana","17":"product_tag-space-monster-marijuana","18":"product_tag-space-monster-marijuana-for-sale","19":"product_tag-space-monster-marijuana-legally","20":"product_tag-space-monster-marijuana-online","21":"product_tag-space-monster-marijuana-price","22":"product_tag-space-monster-marijuana-space-monster-marijuana-supplier","23":"product_tag-space-monster-marijuana-store","24":"product_tag-space-monster-marijuana-use","25":"product_tag-space-monster-marijuana-wiki","26":"product_tag-space-monster-marijuana-worldwide","27":"product_tag-space-monster-marijuanas","28":"product_tag-top-quality","29":"product_tag-where-to-buy-space-monster-marijuana","30":"product_tag-where-to-order-space-monster-marijuana","31":"product_tag-wholesale-space-monster-marijuana","32":"desktop-align-left","33":"tablet-align-left","34":"mobile-align-left","35":"ast-product-gallery-layout-horizontal","36":"ast-product-gallery-with-no-image","37":"ast-product-single-variable","38":"ast-product-tabs-layout-horizontal","39":"ast-qv-on-image","41":"first","42":"instock","43":"shipping-taxable","44":"purchasable","45":"product-type-variable"},"yoast_head":"<!-- This site is optimized with the Yoast SEO plugin v25.9 - https:\/\/yoast.com\/wordpress\/plugins\/seo\/ -->\n<title>Space Monster Marijuana for Sale - Buy Space Monster Marijuana<\/title>\n<meta name=\"description\" content=\"Explore our online store for space monster marijuana for sale, offering high-quality space monster marijuana online securely and embark on your research journey with confidence. Order Now!\" \/>\n<meta name=\"robots\" content=\"index, follow, max-snippet:-1, max-image-preview:large, max-video-preview:-1\" \/>\n<link rel=\"canonical\" href=\"https:\/\/legitgrams.com\/pt\/produto\/marijuana-space-monster\/\" \/>\n<meta property=\"og:locale\" content=\"pt_PT\" \/>\n<meta property=\"og:type\" content=\"article\" \/>\n<meta property=\"og:title\" content=\"Space Monster Marijuana for Sale - Buy Space Monster Marijuana\" \/>\n<meta property=\"og:description\" content=\"Explore our online store for space monster marijuana for sale, offering high-quality space monster marijuana online securely and embark on your research journey with confidence. Order Now!\" \/>\n<meta property=\"og:url\" content=\"https:\/\/legitgrams.com\/pt\/produto\/marijuana-space-monster\/\" \/>\n<meta property=\"og:site_name\" content=\"Legit Grams\" \/>\n<meta property=\"article:modified_time\" content=\"2025-01-15T05:35:04+00:00\" \/>\n<meta property=\"og:image\" content=\"https:\/\/legitgrams.com\/wp-content\/uploads\/2024\/09\/Buy-Space-Monster-Marijuana-online.jpg\" \/>\n\t<meta property=\"og:image:width\" content=\"600\" \/>\n\t<meta property=\"og:image:height\" content=\"600\" \/>\n\t<meta property=\"og:image:type\" content=\"image\/jpeg\" \/>\n<meta name=\"twitter:card\" content=\"summary_large_image\" \/>\n<meta name=\"twitter:label1\" content=\"Tempo estimado de leitura\" \/>\n\t<meta name=\"twitter:data1\" content=\"1 minuto\" \/>\n<script type=\"application\/ld+json\" class=\"yoast-schema-graph\">{\"@context\":\"https:\/\/schema.org\",\"@graph\":[{\"@type\":\"WebPage\",\"@id\":\"https:\/\/legitgrams.com\/product\/space-monster-marijuana\/\",\"url\":\"https:\/\/legitgrams.com\/product\/space-monster-marijuana\/\",\"name\":\"Space Monster Marijuana for Sale - Buy Space Monster Marijuana\",\"isPartOf\":{\"@id\":\"https:\/\/legitgrams.com\/#website\"},\"primaryImageOfPage\":{\"@id\":\"https:\/\/legitgrams.com\/product\/space-monster-marijuana\/#primaryimage\"},\"image\":{\"@id\":\"https:\/\/legitgrams.com\/product\/space-monster-marijuana\/#primaryimage\"},\"thumbnailUrl\":\"https:\/\/legitgrams.com\/wp-content\/uploads\/2024\/09\/Buy-Space-Monster-Marijuana-online.jpg\",\"datePublished\":\"2024-09-19T12:24:27+00:00\",\"dateModified\":\"2025-01-15T05:35:04+00:00\",\"description\":\"Explore our online store for space monster marijuana for sale, offering high-quality space monster marijuana online securely and embark on your research journey with confidence. Order Now!\",\"breadcrumb\":{\"@id\":\"https:\/\/legitgrams.com\/product\/space-monster-marijuana\/#breadcrumb\"},\"inLanguage\":\"pt-PT\",\"potentialAction\":[{\"@type\":\"ReadAction\",\"target\":[\"https:\/\/legitgrams.com\/product\/space-monster-marijuana\/\"]}]},{\"@type\":\"ImageObject\",\"inLanguage\":\"pt-PT\",\"@id\":\"https:\/\/legitgrams.com\/product\/space-monster-marijuana\/#primaryimage\",\"url\":\"https:\/\/legitgrams.com\/wp-content\/uploads\/2024\/09\/Buy-Space-Monster-Marijuana-online.jpg\",\"contentUrl\":\"https:\/\/legitgrams.com\/wp-content\/uploads\/2024\/09\/Buy-Space-Monster-Marijuana-online.jpg\",\"width\":600,\"height\":600,\"caption\":\"Space Monster Marijuana for Sale\"},{\"@type\":\"BreadcrumbList\",\"@id\":\"https:\/\/legitgrams.com\/product\/space-monster-marijuana\/#breadcrumb\",\"itemListElement\":[{\"@type\":\"ListItem\",\"position\":1,\"name\":\"Home\",\"item\":\"https:\/\/legitgrams.com\/\"},{\"@type\":\"ListItem\",\"position\":2,\"name\":\"Shop\",\"item\":\"https:\/\/legitgrams.com\/shop\/\"},{\"@type\":\"ListItem\",\"position\":3,\"name\":\"Space Monster Marijuana\"}]},{\"@type\":\"WebSite\",\"@id\":\"https:\/\/legitgrams.com\/#website\",\"url\":\"https:\/\/legitgrams.com\/\",\"name\":\"Legit Grams\",\"description\":\"My WordPress Blog\",\"publisher\":{\"@id\":\"https:\/\/legitgrams.com\/#organization\"},\"potentialAction\":[{\"@type\":\"SearchAction\",\"target\":{\"@type\":\"EntryPoint\",\"urlTemplate\":\"https:\/\/legitgrams.com\/?s={search_term_string}\"},\"query-input\":{\"@type\":\"PropertyValueSpecification\",\"valueRequired\":true,\"valueName\":\"search_term_string\"}}],\"inLanguage\":\"pt-PT\"},{\"@type\":\"Organization\",\"@id\":\"https:\/\/legitgrams.com\/#organization\",\"name\":\"Legit Grams\",\"url\":\"https:\/\/legitgrams.com\/\",\"logo\":{\"@type\":\"ImageObject\",\"inLanguage\":\"pt-PT\",\"@id\":\"https:\/\/legitgrams.com\/#\/schema\/logo\/image\/\",\"url\":\"https:\/\/legitgrams.com\/wp-content\/uploads\/2024\/09\/main-logo.png\",\"contentUrl\":\"https:\/\/legitgrams.com\/wp-content\/uploads\/2024\/09\/main-logo.png\",\"width\":270,\"height\":75,\"caption\":\"Legit Grams\"},\"image\":{\"@id\":\"https:\/\/legitgrams.com\/#\/schema\/logo\/image\/\"}}]}<\/script>\n<!-- \/ Yoast SEO plugin. -->","yoast_head_json":{"title":"Space Monster Marijuana para venda - Compre Space Monster Marijuana","description":"Explore a nossa loja online de marijuana space monster para venda, oferecendo marijuana space monster de alta qualidade online de forma segura e embarque na sua viagem de pesquisa com confian\u00e7a. Encomendar agora!","robots":{"index":"index","follow":"follow","max-snippet":"max-snippet:-1","max-image-preview":"max-image-preview:large","max-video-preview":"max-video-preview:-1"},"canonical":"https:\/\/legitgrams.com\/pt\/produto\/marijuana-space-monster\/","og_locale":"pt_PT","og_type":"article","og_title":"Space Monster Marijuana for Sale - Buy Space Monster Marijuana","og_description":"Explore our online store for space monster marijuana for sale, offering high-quality space monster marijuana online securely and embark on your research journey with confidence. Order Now!","og_url":"https:\/\/legitgrams.com\/pt\/produto\/marijuana-space-monster\/","og_site_name":"Legit Grams","article_modified_time":"2025-01-15T05:35:04+00:00","og_image":[{"width":600,"height":600,"url":"https:\/\/legitgrams.com\/wp-content\/uploads\/2024\/09\/Buy-Space-Monster-Marijuana-online.jpg","type":"image\/jpeg"}],"twitter_card":"summary_large_image","twitter_misc":{"Tempo estimado de leitura":"1 minuto"},"schema":{"@context":"https:\/\/schema.org","@graph":[{"@type":"WebPage","@id":"https:\/\/legitgrams.com\/product\/space-monster-marijuana\/","url":"https:\/\/legitgrams.com\/product\/space-monster-marijuana\/","name":"Space Monster Marijuana para venda - Compre Space Monster Marijuana","isPartOf":{"@id":"https:\/\/legitgrams.com\/#website"},"primaryImageOfPage":{"@id":"https:\/\/legitgrams.com\/product\/space-monster-marijuana\/#primaryimage"},"image":{"@id":"https:\/\/legitgrams.com\/product\/space-monster-marijuana\/#primaryimage"},"thumbnailUrl":"https:\/\/legitgrams.com\/wp-content\/uploads\/2024\/09\/Buy-Space-Monster-Marijuana-online.jpg","datePublished":"2024-09-19T12:24:27+00:00","dateModified":"2025-01-15T05:35:04+00:00","description":"Explore a nossa loja online de marijuana space monster para venda, oferecendo marijuana space monster de alta qualidade online de forma segura e embarque na sua viagem de pesquisa com confian\u00e7a. Encomendar agora!","breadcrumb":{"@id":"https:\/\/legitgrams.com\/product\/space-monster-marijuana\/#breadcrumb"},"inLanguage":"pt-PT","potentialAction":[{"@type":"ReadAction","target":["https:\/\/legitgrams.com\/product\/space-monster-marijuana\/"]}]},{"@type":"ImageObject","inLanguage":"pt-PT","@id":"https:\/\/legitgrams.com\/product\/space-monster-marijuana\/#primaryimage","url":"https:\/\/legitgrams.com\/wp-content\/uploads\/2024\/09\/Buy-Space-Monster-Marijuana-online.jpg","contentUrl":"https:\/\/legitgrams.com\/wp-content\/uploads\/2024\/09\/Buy-Space-Monster-Marijuana-online.jpg","width":600,"height":600,"caption":"Space Monster Marijuana for Sale"},{"@type":"BreadcrumbList","@id":"https:\/\/legitgrams.com\/product\/space-monster-marijuana\/#breadcrumb","itemListElement":[{"@type":"ListItem","position":1,"name":"Home","item":"https:\/\/legitgrams.com\/"},{"@type":"ListItem","position":2,"name":"Shop","item":"https:\/\/legitgrams.com\/shop\/"},{"@type":"ListItem","position":3,"name":"Space Monster Marijuana"}]},{"@type":"WebSite","@id":"https:\/\/legitgrams.com\/#website","url":"https:\/\/legitgrams.com\/","name":"Gramas leg\u00edtimas","description":"O meu blogue WordPress","publisher":{"@id":"https:\/\/legitgrams.com\/#organization"},"potentialAction":[{"@type":"SearchAction","target":{"@type":"EntryPoint","urlTemplate":"https:\/\/legitgrams.com\/?s={search_term_string}"},"query-input":{"@type":"PropertyValueSpecification","valueRequired":true,"valueName":"search_term_string"}}],"inLanguage":"pt-PT"},{"@type":"Organization","@id":"https:\/\/legitgrams.com\/#organization","name":"Gramas leg\u00edtimas","url":"https:\/\/legitgrams.com\/","logo":{"@type":"ImageObject","inLanguage":"pt-PT","@id":"https:\/\/legitgrams.com\/#\/schema\/logo\/image\/","url":"https:\/\/legitgrams.com\/wp-content\/uploads\/2024\/09\/main-logo.png","contentUrl":"https:\/\/legitgrams.com\/wp-content\/uploads\/2024\/09\/main-logo.png","width":270,"height":75,"caption":"Legit Grams"},"image":{"@id":"https:\/\/legitgrams.com\/#\/schema\/logo\/image\/"}}]}},"uagb_featured_image_src":{"full":["https:\/\/legitgrams.com\/wp-content\/uploads\/2024\/09\/Buy-Space-Monster-Marijuana-online.jpg",600,600,false],"thumbnail":["https:\/\/legitgrams.com\/wp-content\/uploads\/2024\/09\/Buy-Space-Monster-Marijuana-online-150x150.jpg",150,150,true],"medium":["https:\/\/legitgrams.com\/wp-content\/uploads\/2024\/09\/Buy-Space-Monster-Marijuana-online-300x300.jpg",300,300,true],"medium_large":["https:\/\/legitgrams.com\/wp-content\/uploads\/2024\/09\/Buy-Space-Monster-Marijuana-online.jpg",600,600,false],"large":["https:\/\/legitgrams.com\/wp-content\/uploads\/2024\/09\/Buy-Space-Monster-Marijuana-online.jpg",600,600,false],"1536x1536":["https:\/\/legitgrams.com\/wp-content\/uploads\/2024\/09\/Buy-Space-Monster-Marijuana-online.jpg",600,600,false],"2048x2048":["https:\/\/legitgrams.com\/wp-content\/uploads\/2024\/09\/Buy-Space-Monster-Marijuana-online.jpg",600,600,false],"trp-custom-language-flag":["https:\/\/legitgrams.com\/wp-content\/uploads\/2024\/09\/Buy-Space-Monster-Marijuana-online-12x12.jpg",12,12,true],"woocommerce_thumbnail":["https:\/\/legitgrams.com\/wp-content\/uploads\/2024\/09\/Buy-Space-Monster-Marijuana-online-300x300.jpg",300,300,true],"woocommerce_single":["https:\/\/legitgrams.com\/wp-content\/uploads\/2024\/09\/Buy-Space-Monster-Marijuana-online.jpg",600,600,false],"woocommerce_gallery_thumbnail":["https:\/\/legitgrams.com\/wp-content\/uploads\/2024\/09\/Buy-Space-Monster-Marijuana-online-100x100.jpg",100,100,true]},"uagb_author_info":{"display_name":"cokeblog18","author_link":"https:\/\/legitgrams.com\/pt\/author\/"},"uagb_comment_info":0,"uagb_excerpt":"Purchase Space Monster Marijuana online Purchase Space Monster Cannabis. THC: 20% Space Monster marijuana is a dominant hybrid that is 75% Indica and 25% Sativa. Effects: euphoric, happy, calming, drowsy, and elevating Potential Remedies for: Chronic Pain, Inflammation, Sleep Disorders, Tremors, Muscle Spasms, Chemical, Sweet Purchase Medical and Recreational Cannabis Online &#8211; Purchase Cannabis, Purchase&hellip;","_links":{"self":[{"href":"https:\/\/legitgrams.com\/pt\/wp-json\/wp\/v2\/product\/3755","targetHints":{"allow":["GET"]}}],"collection":[{"href":"https:\/\/legitgrams.com\/pt\/wp-json\/wp\/v2\/product"}],"about":[{"href":"https:\/\/legitgrams.com\/pt\/wp-json\/wp\/v2\/types\/product"}],"replies":[{"embeddable":true,"href":"https:\/\/legitgrams.com\/pt\/wp-json\/wp\/v2\/comments?post=3755"}],"wp:featuredmedia":[{"embeddable":true,"href":"https:\/\/legitgrams.com\/pt\/wp-json\/wp\/v2\/media\/5431"}],"wp:attachment":[{"href":"https:\/\/legitgrams.com\/pt\/wp-json\/wp\/v2\/media?parent=3755"}],"wp:term":[{"taxonomy":"product_brand","embeddable":true,"href":"https:\/\/legitgrams.com\/pt\/wp-json\/wp\/v2\/product_brand?post=3755"},{"taxonomy":"product_cat","embeddable":true,"href":"https:\/\/legitgrams.com\/pt\/wp-json\/wp\/v2\/product_cat?post=3755"},{"taxonomy":"product_tag","embeddable":true,"href":"https:\/\/legitgrams.com\/pt\/wp-json\/wp\/v2\/product_tag?post=3755"}],"curies":[{"name":"wp","href":"https:\/\/api.w.org\/{rel}","templated":true}]}}