{"id":3809,"date":"2024-09-20T05:34:15","date_gmt":"2024-09-20T05:34:15","guid":{"rendered":"https:\/\/legitgrams.com\/?post_type=product&#038;p=3809"},"modified":"2025-01-15T05:30:50","modified_gmt":"2025-01-15T05:30:50","slug":"estirpe-rocky-mountain-blueberry","status":"publish","type":"product","link":"https:\/\/legitgrams.com\/pt\/produto\/estirpe-rocky-mountain-blueberry\/","title":{"rendered":"Estirpe Rocky Mountain Blueberry"},"content":{"rendered":"<h2>Compre Rocky Mountain Blueberry Strain Online<\/h2>\n<p>Uma variedade limitada da The Farm no Colorado, a Rocky Mountain Blueberry \u00e9 bem conhecida pela \u00e1rea em que foi cultivada. Reconhecida por cultivar bot\u00f5es de primeira qualidade, a equipa de l\u00e1 criou a Blueberry e a Shishkaberry para criar uma variedade indica-dominante com efeitos equilibrados e sabores not\u00e1veis.<\/p>\n<h3>Mirtilos de Rocky Mountain<\/h3>\n<p><a href=\"https:\/\/legitgrams.com\/pt\/produto\/estirpe-rocky-mountain-blueberry\/\">Mirtilo das Montanhas Rochosas<\/a> tem uma pot\u00eancia incr\u00edvel de 18% THC, o que a torna perfeita para utilizadores de can\u00e1bis novos e experientes que est\u00e3o apenas a mergulhar no mundo da erva e para utilizadores experientes que precisam de algo subtil. Os tricomas roxos claros, com um tom de base verde azeitona e tons azuis, d\u00e3o aos nugs genuinamente grossos uma apar\u00eancia incr\u00edvel. O teu paladar ser\u00e1 dominado pelo doce sabor a mirtilo, que permeia o ar com notas de menta, pinho e lim\u00e3o.<\/p>\n<p>\u00c9 importante cronometrar corretamente a sua dose porque esta variedade produz uma intensa montanha-russa de efeitos. O seu lado sativa entra inicialmente em a\u00e7\u00e3o com um derramamento de euforia e energia criativa que \u00e9 ideal para terminar tarefas no trabalho ou sair com os amigos. Muitas pessoas optam por usar esta variedade no exterior para actividades ao ar livre, mas tenha em mente que ser\u00e1 muito f\u00e1cil cansar-se numa subida longa. A Rough Mountain Blueberry come\u00e7a nos santu\u00e1rios e vai descendo at\u00e9 aos dedos dos p\u00e9s, aliviando os arrepios desconfort\u00e1veis e apertados.<\/p>\n<p>Quando se trata de al\u00edvio terap\u00eautico, este bot\u00e3o \u00e9 um m\u00e1gico, melhorando o humor e dissipando sem esfor\u00e7o o stress e a negatividade. Embora n\u00e3o fa\u00e7a com que os seus problemas desapare\u00e7am para sempre, tomar alguns golpes de Rocky Mountain <a href=\"https:\/\/en.wikipedia.org\/wiki\/Blueberry\">Mirtilo<\/a> faz com que tudo pare\u00e7a um pouco mais luminoso. Quando os arrepios come\u00e7am, os problemas f\u00edsicos cr\u00f3nicos, bem como as sensa\u00e7\u00f5es acidentais, como dores de cabe\u00e7a ou espasmos, tamb\u00e9m diminuem e, para algumas pessoas, isso tamb\u00e9m cria uma sensa\u00e7\u00e3o estimulante.<\/p>\n<p>Esta esp\u00e9cie necessita de um pouco mais de aten\u00e7\u00e3o do que a maioria, apesar de ser bastante f\u00e1cil de cultivar em casa. As plantas acabam por ser bastante ramificadas e curtas, o que exige que os cultivadores estejam atentos e as podam de forma diferente. As fragr\u00e2ncias s\u00e3o outro aspeto a ter em conta. Uma vez que a Rocky Mountain Blueberry pode ser cultivada tanto no interior como no exterior, o seu aroma a mirtilo \u00e9 suficientemente forte para atrair algumas aten\u00e7\u00f5es indesejadas.<\/p>\n<p>Quando estiveres pronto para afinar a sua linha temporal de efeitos, esta variedade acabar\u00e1 por se tornar uma amiga de confian\u00e7a. Experimente a Rocky Mountain Blueberry ao fim da noite para combater facilmente a fadiga e tirar partido dos seus efeitos motivacionais subliminares. A partir da\u00ed, regressa a casa, instala-te numa poltrona confort\u00e1vel ou numa cama luxuosa com um parceiro maravilhoso e desfruta do resto da noite. <a href=\"https:\/\/legitgrams.com\/pt\/\">LegitGrams<\/a><\/p>\n<p>Comprar Blueberry Strain Online: Comprar Blueberry Strain online, comprar Rocky Mountain Blueberry Strain, comprar Blueberry Strain, Onde posso comprar Rocky Mountain Blueberry Strain? Onde posso comprar a Rocky Mountain Blueberry Strain online? Onde posso comprar Rocky Mountain Blueberry Strain online? Onde posso comprar Rocky Mountain Blueberry Strain nos EUA, Canad\u00e1 ou Reino Unido? Onde posso comprar a Rocky Mountain Blueberry Strain online? fornecedores? entrega segura As perguntas \"A Rocky Mountain Blueberry Strain \u00e9 legal no Canad\u00e1?\" e \"Como encomendar a Rocky Mountain Blueberry Strain?\" ainda s\u00e3o relevantes. Ainda pode comprar a Rocky Mountain Blueberry Strain online.<\/p>","protected":false},"excerpt":{"rendered":"<p>Purchase Rocky Mountain Blueberry Strain Online A limited variety from The Farm in Colorado, Rocky Mountain Blueberry is well called for the area in which she was grown. Recognized for cultivating top-notch buds, the team there bred Blueberry and Shishkaberry to create an indica-dominant strain with balanced effects and remarkable flavors. Blueberries from Rocky Mountain &hellip;<\/p>\n<p class=\"read-more\"> <a class=\"\" href=\"https:\/\/legitgrams.com\/pt\/produto\/estirpe-rocky-mountain-blueberry\/\"> <span class=\"screen-reader-text\">Estirpe Rocky Mountain Blueberry<\/span> Ler mais \"<\/a><\/p>","protected":false},"featured_media":5420,"comment_status":"open","ping_status":"closed","template":"","meta":{"_uag_custom_page_level_css":"","site-sidebar-layout":"default","site-content-layout":"default","ast-global-header-display":"","ast-main-header-display":"","ast-hfb-above-header-display":"","ast-hfb-below-header-display":"","ast-hfb-mobile-header-display":"","site-post-title":"","ast-breadcrumbs-content":"","ast-featured-img":"","footer-sml-layout":"","theme-transparent-header-meta":"default","adv-header-id-meta":"","stick-header-meta":"default","header-above-stick-meta":"","header-main-stick-meta":"","header-below-stick-meta":"","_joinchat":[]},"product_brand":[],"product_cat":[607],"product_tag":[5200,5190,617,5182,5197,5194,5189,5187,5199,5181,5184,5192,5183,5193,5185,5195,5202,5203,5201,5198,5196,625,5188,5191,5186],"class_list":{"0":"post-3809","1":"product","2":"type-product","3":"status-publish","4":"has-post-thumbnail","6":"product_cat-marijuana-cannabis","7":"product_tag-best-cheap-price-rocky-mountain-blueberry-strain","8":"product_tag-best-place-to-buy-rocky-mountain-blueberry-strain","9":"product_tag-bulk-online","10":"product_tag-buy-rocky-mountain-blueberry-strain","11":"product_tag-cheap-rocky-mountain-blueberry-strain","12":"product_tag-high-quality-rocky-mountain-blueberry-strain","13":"product_tag-how-to-buy-rocky-mountain-blueberry-strain","14":"product_tag-order-rocky-mountain-blueberry-strain","15":"product_tag-purcharse-rocky-mountain-blueberry-strain","16":"product_tag-rocky-mountain-blueberry-strain","17":"product_tag-rocky-mountain-blueberry-strain-for-sale","18":"product_tag-rocky-mountain-blueberry-strain-legally","19":"product_tag-rocky-mountain-blueberry-strain-online","20":"product_tag-rocky-mountain-blueberry-strain-price","21":"product_tag-rocky-mountain-blueberry-strain-rocky-mountain-blueberry-strain-supplier","22":"product_tag-rocky-mountain-blueberry-strain-store","23":"product_tag-rocky-mountain-blueberry-strain-use","24":"product_tag-rocky-mountain-blueberry-strain-wiki","25":"product_tag-rocky-mountain-blueberry-strain-worldwide","26":"product_tag-rocky-mountain-blueberry-strains","27":"product_tag-shop-rocky-mountain-blueberry-strain","28":"product_tag-top-quality","29":"product_tag-where-to-buy-rocky-mountain-blueberry-strain","30":"product_tag-where-to-order-rocky-mountain-blueberry-strain","31":"product_tag-wholesale-rocky-mountain-blueberry-strain","32":"desktop-align-left","33":"tablet-align-left","34":"mobile-align-left","35":"ast-product-gallery-layout-horizontal","36":"ast-product-gallery-with-no-image","37":"ast-product-single-variable","38":"ast-product-tabs-layout-horizontal","39":"ast-qv-on-image","41":"first","42":"instock","43":"shipping-taxable","44":"purchasable","45":"product-type-variable"},"yoast_head":"<!-- This site is optimized with the Yoast SEO plugin v25.9 - https:\/\/yoast.com\/wordpress\/plugins\/seo\/ -->\n<title>Rocky Mountain Blueberry Strain for Sale @ Best Price Online<\/title>\n<meta name=\"description\" content=\"Find premium rocky mountain blueberry strain for sale at our online store, providing a secure platform to buy rocky mountain blueberry strain online with ease, catering to your research needs.\" \/>\n<meta name=\"robots\" content=\"index, follow, max-snippet:-1, max-image-preview:large, max-video-preview:-1\" \/>\n<link rel=\"canonical\" href=\"https:\/\/legitgrams.com\/pt\/produto\/estirpe-rocky-mountain-blueberry\/\" \/>\n<meta property=\"og:locale\" content=\"pt_PT\" \/>\n<meta property=\"og:type\" content=\"article\" \/>\n<meta property=\"og:title\" content=\"Rocky Mountain Blueberry Strain for Sale @ Best Price Online\" \/>\n<meta property=\"og:description\" content=\"Find premium rocky mountain blueberry strain for sale at our online store, providing a secure platform to buy rocky mountain blueberry strain online with ease, catering to your research needs.\" \/>\n<meta property=\"og:url\" content=\"https:\/\/legitgrams.com\/pt\/produto\/estirpe-rocky-mountain-blueberry\/\" \/>\n<meta property=\"og:site_name\" content=\"Legit Grams\" \/>\n<meta property=\"article:modified_time\" content=\"2025-01-15T05:30:50+00:00\" \/>\n<meta property=\"og:image\" content=\"https:\/\/legitgrams.com\/wp-content\/uploads\/2024\/09\/Buy-Rocky-Mountain-Blueberry-Strain-Online.jpg\" \/>\n\t<meta property=\"og:image:width\" content=\"600\" \/>\n\t<meta property=\"og:image:height\" content=\"600\" \/>\n\t<meta property=\"og:image:type\" content=\"image\/jpeg\" \/>\n<meta name=\"twitter:card\" content=\"summary_large_image\" \/>\n<meta name=\"twitter:label1\" content=\"Tempo estimado de leitura\" \/>\n\t<meta name=\"twitter:data1\" content=\"3 minutos\" \/>\n<script type=\"application\/ld+json\" class=\"yoast-schema-graph\">{\"@context\":\"https:\/\/schema.org\",\"@graph\":[{\"@type\":\"WebPage\",\"@id\":\"https:\/\/legitgrams.com\/product\/rocky-mountain-blueberry-strain\/\",\"url\":\"https:\/\/legitgrams.com\/product\/rocky-mountain-blueberry-strain\/\",\"name\":\"Rocky Mountain Blueberry Strain for Sale @ Best Price Online\",\"isPartOf\":{\"@id\":\"https:\/\/legitgrams.com\/#website\"},\"primaryImageOfPage\":{\"@id\":\"https:\/\/legitgrams.com\/product\/rocky-mountain-blueberry-strain\/#primaryimage\"},\"image\":{\"@id\":\"https:\/\/legitgrams.com\/product\/rocky-mountain-blueberry-strain\/#primaryimage\"},\"thumbnailUrl\":\"https:\/\/legitgrams.com\/wp-content\/uploads\/2024\/09\/Buy-Rocky-Mountain-Blueberry-Strain-Online.jpg\",\"datePublished\":\"2024-09-20T05:34:15+00:00\",\"dateModified\":\"2025-01-15T05:30:50+00:00\",\"description\":\"Find premium rocky mountain blueberry strain for sale at our online store, providing a secure platform to buy rocky mountain blueberry strain online with ease, catering to your research needs.\",\"breadcrumb\":{\"@id\":\"https:\/\/legitgrams.com\/product\/rocky-mountain-blueberry-strain\/#breadcrumb\"},\"inLanguage\":\"pt-PT\",\"potentialAction\":[{\"@type\":\"ReadAction\",\"target\":[\"https:\/\/legitgrams.com\/product\/rocky-mountain-blueberry-strain\/\"]}]},{\"@type\":\"ImageObject\",\"inLanguage\":\"pt-PT\",\"@id\":\"https:\/\/legitgrams.com\/product\/rocky-mountain-blueberry-strain\/#primaryimage\",\"url\":\"https:\/\/legitgrams.com\/wp-content\/uploads\/2024\/09\/Buy-Rocky-Mountain-Blueberry-Strain-Online.jpg\",\"contentUrl\":\"https:\/\/legitgrams.com\/wp-content\/uploads\/2024\/09\/Buy-Rocky-Mountain-Blueberry-Strain-Online.jpg\",\"width\":600,\"height\":600,\"caption\":\"Rocky Mountain Blueberry Strain for Sale\"},{\"@type\":\"BreadcrumbList\",\"@id\":\"https:\/\/legitgrams.com\/product\/rocky-mountain-blueberry-strain\/#breadcrumb\",\"itemListElement\":[{\"@type\":\"ListItem\",\"position\":1,\"name\":\"Home\",\"item\":\"https:\/\/legitgrams.com\/\"},{\"@type\":\"ListItem\",\"position\":2,\"name\":\"Shop\",\"item\":\"https:\/\/legitgrams.com\/shop\/\"},{\"@type\":\"ListItem\",\"position\":3,\"name\":\"Rocky Mountain Blueberry Strain\"}]},{\"@type\":\"WebSite\",\"@id\":\"https:\/\/legitgrams.com\/#website\",\"url\":\"https:\/\/legitgrams.com\/\",\"name\":\"Legit Grams\",\"description\":\"My WordPress Blog\",\"publisher\":{\"@id\":\"https:\/\/legitgrams.com\/#organization\"},\"potentialAction\":[{\"@type\":\"SearchAction\",\"target\":{\"@type\":\"EntryPoint\",\"urlTemplate\":\"https:\/\/legitgrams.com\/?s={search_term_string}\"},\"query-input\":{\"@type\":\"PropertyValueSpecification\",\"valueRequired\":true,\"valueName\":\"search_term_string\"}}],\"inLanguage\":\"pt-PT\"},{\"@type\":\"Organization\",\"@id\":\"https:\/\/legitgrams.com\/#organization\",\"name\":\"Legit Grams\",\"url\":\"https:\/\/legitgrams.com\/\",\"logo\":{\"@type\":\"ImageObject\",\"inLanguage\":\"pt-PT\",\"@id\":\"https:\/\/legitgrams.com\/#\/schema\/logo\/image\/\",\"url\":\"https:\/\/legitgrams.com\/wp-content\/uploads\/2024\/09\/main-logo.png\",\"contentUrl\":\"https:\/\/legitgrams.com\/wp-content\/uploads\/2024\/09\/main-logo.png\",\"width\":270,\"height\":75,\"caption\":\"Legit Grams\"},\"image\":{\"@id\":\"https:\/\/legitgrams.com\/#\/schema\/logo\/image\/\"}}]}<\/script>\n<!-- \/ Yoast SEO plugin. -->","yoast_head_json":{"title":"Rocky Mountain Blueberry Strain para venda ao melhor pre\u00e7o online","description":"Encontre a variedade premium de mirtilo da montanha rochosa para venda na nossa loja online, fornecendo uma plataforma segura para comprar a variedade de mirtilo da montanha rochosa online com facilidade, atendendo \u00e0s suas necessidades de pesquisa.","robots":{"index":"index","follow":"follow","max-snippet":"max-snippet:-1","max-image-preview":"max-image-preview:large","max-video-preview":"max-video-preview:-1"},"canonical":"https:\/\/legitgrams.com\/pt\/produto\/estirpe-rocky-mountain-blueberry\/","og_locale":"pt_PT","og_type":"article","og_title":"Rocky Mountain Blueberry Strain for Sale @ Best Price Online","og_description":"Find premium rocky mountain blueberry strain for sale at our online store, providing a secure platform to buy rocky mountain blueberry strain online with ease, catering to your research needs.","og_url":"https:\/\/legitgrams.com\/pt\/produto\/estirpe-rocky-mountain-blueberry\/","og_site_name":"Legit Grams","article_modified_time":"2025-01-15T05:30:50+00:00","og_image":[{"width":600,"height":600,"url":"https:\/\/legitgrams.com\/wp-content\/uploads\/2024\/09\/Buy-Rocky-Mountain-Blueberry-Strain-Online.jpg","type":"image\/jpeg"}],"twitter_card":"summary_large_image","twitter_misc":{"Tempo estimado de leitura":"3 minutos"},"schema":{"@context":"https:\/\/schema.org","@graph":[{"@type":"WebPage","@id":"https:\/\/legitgrams.com\/product\/rocky-mountain-blueberry-strain\/","url":"https:\/\/legitgrams.com\/product\/rocky-mountain-blueberry-strain\/","name":"Rocky Mountain Blueberry Strain para venda ao melhor pre\u00e7o online","isPartOf":{"@id":"https:\/\/legitgrams.com\/#website"},"primaryImageOfPage":{"@id":"https:\/\/legitgrams.com\/product\/rocky-mountain-blueberry-strain\/#primaryimage"},"image":{"@id":"https:\/\/legitgrams.com\/product\/rocky-mountain-blueberry-strain\/#primaryimage"},"thumbnailUrl":"https:\/\/legitgrams.com\/wp-content\/uploads\/2024\/09\/Buy-Rocky-Mountain-Blueberry-Strain-Online.jpg","datePublished":"2024-09-20T05:34:15+00:00","dateModified":"2025-01-15T05:30:50+00:00","description":"Encontre a variedade premium de mirtilo da montanha rochosa para venda na nossa loja online, fornecendo uma plataforma segura para comprar a variedade de mirtilo da montanha rochosa online com facilidade, atendendo \u00e0s suas necessidades de pesquisa.","breadcrumb":{"@id":"https:\/\/legitgrams.com\/product\/rocky-mountain-blueberry-strain\/#breadcrumb"},"inLanguage":"pt-PT","potentialAction":[{"@type":"ReadAction","target":["https:\/\/legitgrams.com\/product\/rocky-mountain-blueberry-strain\/"]}]},{"@type":"ImageObject","inLanguage":"pt-PT","@id":"https:\/\/legitgrams.com\/product\/rocky-mountain-blueberry-strain\/#primaryimage","url":"https:\/\/legitgrams.com\/wp-content\/uploads\/2024\/09\/Buy-Rocky-Mountain-Blueberry-Strain-Online.jpg","contentUrl":"https:\/\/legitgrams.com\/wp-content\/uploads\/2024\/09\/Buy-Rocky-Mountain-Blueberry-Strain-Online.jpg","width":600,"height":600,"caption":"Rocky Mountain Blueberry Strain for Sale"},{"@type":"BreadcrumbList","@id":"https:\/\/legitgrams.com\/product\/rocky-mountain-blueberry-strain\/#breadcrumb","itemListElement":[{"@type":"ListItem","position":1,"name":"Home","item":"https:\/\/legitgrams.com\/"},{"@type":"ListItem","position":2,"name":"Shop","item":"https:\/\/legitgrams.com\/shop\/"},{"@type":"ListItem","position":3,"name":"Rocky Mountain Blueberry Strain"}]},{"@type":"WebSite","@id":"https:\/\/legitgrams.com\/#website","url":"https:\/\/legitgrams.com\/","name":"Gramas leg\u00edtimas","description":"O meu blogue WordPress","publisher":{"@id":"https:\/\/legitgrams.com\/#organization"},"potentialAction":[{"@type":"SearchAction","target":{"@type":"EntryPoint","urlTemplate":"https:\/\/legitgrams.com\/?s={search_term_string}"},"query-input":{"@type":"PropertyValueSpecification","valueRequired":true,"valueName":"search_term_string"}}],"inLanguage":"pt-PT"},{"@type":"Organization","@id":"https:\/\/legitgrams.com\/#organization","name":"Gramas leg\u00edtimas","url":"https:\/\/legitgrams.com\/","logo":{"@type":"ImageObject","inLanguage":"pt-PT","@id":"https:\/\/legitgrams.com\/#\/schema\/logo\/image\/","url":"https:\/\/legitgrams.com\/wp-content\/uploads\/2024\/09\/main-logo.png","contentUrl":"https:\/\/legitgrams.com\/wp-content\/uploads\/2024\/09\/main-logo.png","width":270,"height":75,"caption":"Legit Grams"},"image":{"@id":"https:\/\/legitgrams.com\/#\/schema\/logo\/image\/"}}]}},"uagb_featured_image_src":{"full":["https:\/\/legitgrams.com\/wp-content\/uploads\/2024\/09\/Buy-Rocky-Mountain-Blueberry-Strain-Online.jpg",600,600,false],"thumbnail":["https:\/\/legitgrams.com\/wp-content\/uploads\/2024\/09\/Buy-Rocky-Mountain-Blueberry-Strain-Online-150x150.jpg",150,150,true],"medium":["https:\/\/legitgrams.com\/wp-content\/uploads\/2024\/09\/Buy-Rocky-Mountain-Blueberry-Strain-Online-300x300.jpg",300,300,true],"medium_large":["https:\/\/legitgrams.com\/wp-content\/uploads\/2024\/09\/Buy-Rocky-Mountain-Blueberry-Strain-Online.jpg",600,600,false],"large":["https:\/\/legitgrams.com\/wp-content\/uploads\/2024\/09\/Buy-Rocky-Mountain-Blueberry-Strain-Online.jpg",600,600,false],"1536x1536":["https:\/\/legitgrams.com\/wp-content\/uploads\/2024\/09\/Buy-Rocky-Mountain-Blueberry-Strain-Online.jpg",600,600,false],"2048x2048":["https:\/\/legitgrams.com\/wp-content\/uploads\/2024\/09\/Buy-Rocky-Mountain-Blueberry-Strain-Online.jpg",600,600,false],"trp-custom-language-flag":["https:\/\/legitgrams.com\/wp-content\/uploads\/2024\/09\/Buy-Rocky-Mountain-Blueberry-Strain-Online-12x12.jpg",12,12,true],"woocommerce_thumbnail":["https:\/\/legitgrams.com\/wp-content\/uploads\/2024\/09\/Buy-Rocky-Mountain-Blueberry-Strain-Online-300x300.jpg",300,300,true],"woocommerce_single":["https:\/\/legitgrams.com\/wp-content\/uploads\/2024\/09\/Buy-Rocky-Mountain-Blueberry-Strain-Online.jpg",600,600,false],"woocommerce_gallery_thumbnail":["https:\/\/legitgrams.com\/wp-content\/uploads\/2024\/09\/Buy-Rocky-Mountain-Blueberry-Strain-Online-100x100.jpg",100,100,true]},"uagb_author_info":{"display_name":"cokeblog18","author_link":"https:\/\/legitgrams.com\/pt\/author\/"},"uagb_comment_info":0,"uagb_excerpt":"Purchase Rocky Mountain Blueberry Strain Online A limited variety from The Farm in Colorado, Rocky Mountain Blueberry is well called for the area in which she was grown. Recognized for cultivating top-notch buds, the team there bred Blueberry and Shishkaberry to create an indica-dominant strain with balanced effects and remarkable flavors. Blueberries from Rocky Mountain&hellip;","_links":{"self":[{"href":"https:\/\/legitgrams.com\/pt\/wp-json\/wp\/v2\/product\/3809","targetHints":{"allow":["GET"]}}],"collection":[{"href":"https:\/\/legitgrams.com\/pt\/wp-json\/wp\/v2\/product"}],"about":[{"href":"https:\/\/legitgrams.com\/pt\/wp-json\/wp\/v2\/types\/product"}],"replies":[{"embeddable":true,"href":"https:\/\/legitgrams.com\/pt\/wp-json\/wp\/v2\/comments?post=3809"}],"wp:featuredmedia":[{"embeddable":true,"href":"https:\/\/legitgrams.com\/pt\/wp-json\/wp\/v2\/media\/5420"}],"wp:attachment":[{"href":"https:\/\/legitgrams.com\/pt\/wp-json\/wp\/v2\/media?parent=3809"}],"wp:term":[{"taxonomy":"product_brand","embeddable":true,"href":"https:\/\/legitgrams.com\/pt\/wp-json\/wp\/v2\/product_brand?post=3809"},{"taxonomy":"product_cat","embeddable":true,"href":"https:\/\/legitgrams.com\/pt\/wp-json\/wp\/v2\/product_cat?post=3809"},{"taxonomy":"product_tag","embeddable":true,"href":"https:\/\/legitgrams.com\/pt\/wp-json\/wp\/v2\/product_tag?post=3809"}],"curies":[{"name":"wp","href":"https:\/\/api.w.org\/{rel}","templated":true}]}}