{"id":3815,"date":"2024-09-20T05:56:07","date_gmt":"2024-09-20T05:56:07","guid":{"rendered":"https:\/\/legitgrams.com\/?post_type=product&#038;p=3815"},"modified":"2025-01-14T05:13:13","modified_gmt":"2025-01-14T05:13:13","slug":"marijuana-grapefruit","status":"publish","type":"product","link":"https:\/\/legitgrams.com\/pt\/produto\/marijuana-grapefruit\/","title":{"rendered":"Maconha Grapefruit"},"content":{"rendered":"<h2>Compre Grapefruit Cannabis Online<\/h2>\n<p>Qualidade superior <a href=\"https:\/\/legitgrams.com\/pt\/produto\/marijuana-grapefruit\/\">Toranja (AAAA)<\/a> Todos os amantes de can\u00e1bis est\u00e3o familiarizados com a variedade conhecida como Cannabis Grapefruit (AAAA). Foram atribu\u00eddos in\u00fameros elogios a este cl\u00e1ssico com predomin\u00e2ncia de sativa. Esta variedade, um cruzamento entre a Cinderella 99 e uma variedade desconhecida com domin\u00e2ncia de sativa, proporciona alguns dos efeitos mentais mais potentes que alguma vez experimentou.<\/p>\n<p>Como resultado, as comunidades de can\u00e1bis medicinal e recreativa t\u00eam esta deliciosa variedade em grande considera\u00e7\u00e3o e consideram-na uma das variedades mais potentes dispon\u00edveis.<span style=\"font-size: 16px;\">\u00a0<\/span><a style=\"font-size: 16px; background-color: #ffffff;\" href=\"https:\/\/legitgrams.com\/pt\/\">LegitGrams<\/a><\/p>\n<p>Cannabis Grapefruit de Qualidade Superior Online - Comprar Cannabis Grapefruit Online - Comprar Cannabis de Qualidade Online - Comprar Cannabis de Qualidade Online - Onde comprar Cannabis de Qualidade, Cannabis de Qualidade para Venda, Cannabis Grapefruit para Venda, Comprar Cannabis Online - Comprar Cannabis Online - Fornecedores, Entrega Segura, Cannabis de Qualidade para Venda nos Estados Unidos, Canad\u00e1 e Reino Unido, Cannabis grapefruit de alta qualidade ainda est\u00e1 dispon\u00edvel. \u00c9 legal comprar cannabis grapefruit de alta qualidade nos EUA? Como \u00e9 que fa\u00e7o uma encomenda de can\u00e1bis grapefruit de alta qualidade? O Canad\u00e1 permite a utiliza\u00e7\u00e3o de can\u00e1bis de toranja de alta qualidade? <a href=\"https:\/\/en.wikipedia.org\/wiki\/Grapefruit\">toranja<\/a> can\u00e1bis?<\/p>","protected":false},"excerpt":{"rendered":"<p>Purchase Grapefruit Cannabis Online Superior Quality Grapefruit (AAAA) All cannabis lovers are familiar with the strain known as Cannabis Grapefruit (AAAA). Numerous accolades have been bestowed upon this sativa-dominant classic. This strain, a cross between Cinderella 99 and an unknown sativa-dominant strain, provides some of the most potent mental effects you&#8217;ve ever experienced. As a &hellip;<\/p>\n<p class=\"read-more\"> <a class=\"\" href=\"https:\/\/legitgrams.com\/pt\/produto\/marijuana-grapefruit\/\"> <span class=\"screen-reader-text\">Maconha Grapefruit<\/span> Ler mais \"<\/a><\/p>","protected":false},"featured_media":5430,"comment_status":"open","ping_status":"closed","template":"","meta":{"_uag_custom_page_level_css":"","site-sidebar-layout":"default","site-content-layout":"default","ast-global-header-display":"","ast-main-header-display":"","ast-hfb-above-header-display":"","ast-hfb-below-header-display":"","ast-hfb-mobile-header-display":"","site-post-title":"","ast-breadcrumbs-content":"","ast-featured-img":"","footer-sml-layout":"","theme-transparent-header-meta":"default","adv-header-id-meta":"","stick-header-meta":"default","header-above-stick-meta":"","header-main-stick-meta":"","header-below-stick-meta":"","_joinchat":[]},"product_brand":[],"product_cat":[607],"product_tag":[5062,5052,617,5044,5059,5043,5046,5047,5054,5045,5055,5057,5064,5065,5063,5060,5056,5051,5049,5061,5058,625,5050,5053,5048],"class_list":{"0":"post-3815","1":"product","2":"type-product","3":"status-publish","4":"has-post-thumbnail","6":"product_cat-marijuana-cannabis","7":"product_tag-best-cheap-price-grapefruit-marijuana","8":"product_tag-best-place-to-buy-grapefruit-marijuana","9":"product_tag-bulk-online","10":"product_tag-buy-grapefruit-marijuana","11":"product_tag-cheap-grapefruit-marijuana","12":"product_tag-grapefruit-marijuana","13":"product_tag-grapefruit-marijuana-for-sale","14":"product_tag-grapefruit-marijuana-grapefruit-marijuana-supplier","15":"product_tag-grapefruit-marijuana-legally","16":"product_tag-grapefruit-marijuana-online","17":"product_tag-grapefruit-marijuana-price","18":"product_tag-grapefruit-marijuana-store","19":"product_tag-grapefruit-marijuana-use","20":"product_tag-grapefruit-marijuana-wiki","21":"product_tag-grapefruit-marijuana-worldwide","22":"product_tag-grapefruit-marijuanas","23":"product_tag-high-quality-grapefruit-marijuana","24":"product_tag-how-to-buy-grapefruit-marijuana","25":"product_tag-order-grapefruit-marijuana","26":"product_tag-purcharse-grapefruit-marijuana","27":"product_tag-shop-grapefruit-marijuana","28":"product_tag-top-quality","29":"product_tag-where-to-buy-grapefruit-marijuana","30":"product_tag-where-to-order-grapefruit-marijuana","31":"product_tag-wholesale-grapefruit-marijuana","32":"desktop-align-left","33":"tablet-align-left","34":"mobile-align-left","35":"ast-product-gallery-layout-horizontal","36":"ast-product-gallery-with-no-image","37":"ast-product-single-variable","38":"ast-product-tabs-layout-horizontal","39":"ast-qv-on-image","41":"first","42":"instock","43":"shipping-taxable","44":"purchasable","45":"product-type-variable"},"yoast_head":"<!-- This site is optimized with the Yoast SEO plugin v25.9 - https:\/\/yoast.com\/wordpress\/plugins\/seo\/ -->\n<title>Grapefruit Marijuana for Sale - Order Grapefruit Marijuana Online<\/title>\n<meta name=\"description\" content=\"Explore our online store for Grapefruit Marijuana for sale, offering high-quality Grapefruit Marijuana. Buy Grapefruit Marijuana online securely and embark on your research journey with confidence.\" \/>\n<meta name=\"robots\" content=\"index, follow, max-snippet:-1, max-image-preview:large, max-video-preview:-1\" \/>\n<link rel=\"canonical\" href=\"https:\/\/legitgrams.com\/pt\/produto\/marijuana-grapefruit\/\" \/>\n<meta property=\"og:locale\" content=\"pt_PT\" \/>\n<meta property=\"og:type\" content=\"article\" \/>\n<meta property=\"og:title\" content=\"Grapefruit Marijuana for Sale - Order Grapefruit Marijuana Online\" \/>\n<meta property=\"og:description\" content=\"Explore our online store for Grapefruit Marijuana for sale, offering high-quality Grapefruit Marijuana. Buy Grapefruit Marijuana online securely and embark on your research journey with confidence.\" \/>\n<meta property=\"og:url\" content=\"https:\/\/legitgrams.com\/pt\/produto\/marijuana-grapefruit\/\" \/>\n<meta property=\"og:site_name\" content=\"Legit Grams\" \/>\n<meta property=\"article:modified_time\" content=\"2025-01-14T05:13:13+00:00\" \/>\n<meta property=\"og:image\" content=\"https:\/\/legitgrams.com\/wp-content\/uploads\/2024\/09\/Premium-Quality-Grapefruit-Marijuana-Online.jpg\" \/>\n\t<meta property=\"og:image:width\" content=\"600\" \/>\n\t<meta property=\"og:image:height\" content=\"600\" \/>\n\t<meta property=\"og:image:type\" content=\"image\/jpeg\" \/>\n<meta name=\"twitter:card\" content=\"summary_large_image\" \/>\n<meta name=\"twitter:label1\" content=\"Tempo estimado de leitura\" \/>\n\t<meta name=\"twitter:data1\" content=\"1 minuto\" \/>\n<script type=\"application\/ld+json\" class=\"yoast-schema-graph\">{\"@context\":\"https:\/\/schema.org\",\"@graph\":[{\"@type\":\"WebPage\",\"@id\":\"https:\/\/legitgrams.com\/product\/grapefruit-marijuana\/\",\"url\":\"https:\/\/legitgrams.com\/product\/grapefruit-marijuana\/\",\"name\":\"Grapefruit Marijuana for Sale - Order Grapefruit Marijuana Online\",\"isPartOf\":{\"@id\":\"https:\/\/legitgrams.com\/#website\"},\"primaryImageOfPage\":{\"@id\":\"https:\/\/legitgrams.com\/product\/grapefruit-marijuana\/#primaryimage\"},\"image\":{\"@id\":\"https:\/\/legitgrams.com\/product\/grapefruit-marijuana\/#primaryimage\"},\"thumbnailUrl\":\"https:\/\/legitgrams.com\/wp-content\/uploads\/2024\/09\/Premium-Quality-Grapefruit-Marijuana-Online.jpg\",\"datePublished\":\"2024-09-20T05:56:07+00:00\",\"dateModified\":\"2025-01-14T05:13:13+00:00\",\"description\":\"Explore our online store for Grapefruit Marijuana for sale, offering high-quality Grapefruit Marijuana. Buy Grapefruit Marijuana online securely and embark on your research journey with confidence.\",\"breadcrumb\":{\"@id\":\"https:\/\/legitgrams.com\/product\/grapefruit-marijuana\/#breadcrumb\"},\"inLanguage\":\"pt-PT\",\"potentialAction\":[{\"@type\":\"ReadAction\",\"target\":[\"https:\/\/legitgrams.com\/product\/grapefruit-marijuana\/\"]}]},{\"@type\":\"ImageObject\",\"inLanguage\":\"pt-PT\",\"@id\":\"https:\/\/legitgrams.com\/product\/grapefruit-marijuana\/#primaryimage\",\"url\":\"https:\/\/legitgrams.com\/wp-content\/uploads\/2024\/09\/Premium-Quality-Grapefruit-Marijuana-Online.jpg\",\"contentUrl\":\"https:\/\/legitgrams.com\/wp-content\/uploads\/2024\/09\/Premium-Quality-Grapefruit-Marijuana-Online.jpg\",\"width\":600,\"height\":600,\"caption\":\"Grapefruit Marijuana for Sale\"},{\"@type\":\"BreadcrumbList\",\"@id\":\"https:\/\/legitgrams.com\/product\/grapefruit-marijuana\/#breadcrumb\",\"itemListElement\":[{\"@type\":\"ListItem\",\"position\":1,\"name\":\"Home\",\"item\":\"https:\/\/legitgrams.com\/\"},{\"@type\":\"ListItem\",\"position\":2,\"name\":\"Shop\",\"item\":\"https:\/\/legitgrams.com\/shop\/\"},{\"@type\":\"ListItem\",\"position\":3,\"name\":\"Grapefruit Marijuana\"}]},{\"@type\":\"WebSite\",\"@id\":\"https:\/\/legitgrams.com\/#website\",\"url\":\"https:\/\/legitgrams.com\/\",\"name\":\"Legit Grams\",\"description\":\"My WordPress Blog\",\"publisher\":{\"@id\":\"https:\/\/legitgrams.com\/#organization\"},\"potentialAction\":[{\"@type\":\"SearchAction\",\"target\":{\"@type\":\"EntryPoint\",\"urlTemplate\":\"https:\/\/legitgrams.com\/?s={search_term_string}\"},\"query-input\":{\"@type\":\"PropertyValueSpecification\",\"valueRequired\":true,\"valueName\":\"search_term_string\"}}],\"inLanguage\":\"pt-PT\"},{\"@type\":\"Organization\",\"@id\":\"https:\/\/legitgrams.com\/#organization\",\"name\":\"Legit Grams\",\"url\":\"https:\/\/legitgrams.com\/\",\"logo\":{\"@type\":\"ImageObject\",\"inLanguage\":\"pt-PT\",\"@id\":\"https:\/\/legitgrams.com\/#\/schema\/logo\/image\/\",\"url\":\"https:\/\/legitgrams.com\/wp-content\/uploads\/2024\/09\/main-logo.png\",\"contentUrl\":\"https:\/\/legitgrams.com\/wp-content\/uploads\/2024\/09\/main-logo.png\",\"width\":270,\"height\":75,\"caption\":\"Legit Grams\"},\"image\":{\"@id\":\"https:\/\/legitgrams.com\/#\/schema\/logo\/image\/\"}}]}<\/script>\n<!-- \/ Yoast SEO plugin. -->","yoast_head_json":{"title":"Maconha Grapefruit para venda - Encomendar maconha Grapefruit online","description":"Explore a nossa loja online de maconha Grapefruit para venda, que oferece maconha Grapefruit de alta qualidade. Compre maconha Grapefruit online de forma segura e embarque na sua viagem de pesquisa com confian\u00e7a.","robots":{"index":"index","follow":"follow","max-snippet":"max-snippet:-1","max-image-preview":"max-image-preview:large","max-video-preview":"max-video-preview:-1"},"canonical":"https:\/\/legitgrams.com\/pt\/produto\/marijuana-grapefruit\/","og_locale":"pt_PT","og_type":"article","og_title":"Grapefruit Marijuana for Sale - Order Grapefruit Marijuana Online","og_description":"Explore our online store for Grapefruit Marijuana for sale, offering high-quality Grapefruit Marijuana. Buy Grapefruit Marijuana online securely and embark on your research journey with confidence.","og_url":"https:\/\/legitgrams.com\/pt\/produto\/marijuana-grapefruit\/","og_site_name":"Legit Grams","article_modified_time":"2025-01-14T05:13:13+00:00","og_image":[{"width":600,"height":600,"url":"https:\/\/legitgrams.com\/wp-content\/uploads\/2024\/09\/Premium-Quality-Grapefruit-Marijuana-Online.jpg","type":"image\/jpeg"}],"twitter_card":"summary_large_image","twitter_misc":{"Tempo estimado de leitura":"1 minuto"},"schema":{"@context":"https:\/\/schema.org","@graph":[{"@type":"WebPage","@id":"https:\/\/legitgrams.com\/product\/grapefruit-marijuana\/","url":"https:\/\/legitgrams.com\/product\/grapefruit-marijuana\/","name":"Maconha Grapefruit para venda - Encomendar maconha Grapefruit online","isPartOf":{"@id":"https:\/\/legitgrams.com\/#website"},"primaryImageOfPage":{"@id":"https:\/\/legitgrams.com\/product\/grapefruit-marijuana\/#primaryimage"},"image":{"@id":"https:\/\/legitgrams.com\/product\/grapefruit-marijuana\/#primaryimage"},"thumbnailUrl":"https:\/\/legitgrams.com\/wp-content\/uploads\/2024\/09\/Premium-Quality-Grapefruit-Marijuana-Online.jpg","datePublished":"2024-09-20T05:56:07+00:00","dateModified":"2025-01-14T05:13:13+00:00","description":"Explore a nossa loja online de maconha Grapefruit para venda, que oferece maconha Grapefruit de alta qualidade. Compre maconha Grapefruit online de forma segura e embarque na sua viagem de pesquisa com confian\u00e7a.","breadcrumb":{"@id":"https:\/\/legitgrams.com\/product\/grapefruit-marijuana\/#breadcrumb"},"inLanguage":"pt-PT","potentialAction":[{"@type":"ReadAction","target":["https:\/\/legitgrams.com\/product\/grapefruit-marijuana\/"]}]},{"@type":"ImageObject","inLanguage":"pt-PT","@id":"https:\/\/legitgrams.com\/product\/grapefruit-marijuana\/#primaryimage","url":"https:\/\/legitgrams.com\/wp-content\/uploads\/2024\/09\/Premium-Quality-Grapefruit-Marijuana-Online.jpg","contentUrl":"https:\/\/legitgrams.com\/wp-content\/uploads\/2024\/09\/Premium-Quality-Grapefruit-Marijuana-Online.jpg","width":600,"height":600,"caption":"Grapefruit Marijuana for Sale"},{"@type":"BreadcrumbList","@id":"https:\/\/legitgrams.com\/product\/grapefruit-marijuana\/#breadcrumb","itemListElement":[{"@type":"ListItem","position":1,"name":"Home","item":"https:\/\/legitgrams.com\/"},{"@type":"ListItem","position":2,"name":"Shop","item":"https:\/\/legitgrams.com\/shop\/"},{"@type":"ListItem","position":3,"name":"Grapefruit Marijuana"}]},{"@type":"WebSite","@id":"https:\/\/legitgrams.com\/#website","url":"https:\/\/legitgrams.com\/","name":"Gramas leg\u00edtimas","description":"O meu blogue WordPress","publisher":{"@id":"https:\/\/legitgrams.com\/#organization"},"potentialAction":[{"@type":"SearchAction","target":{"@type":"EntryPoint","urlTemplate":"https:\/\/legitgrams.com\/?s={search_term_string}"},"query-input":{"@type":"PropertyValueSpecification","valueRequired":true,"valueName":"search_term_string"}}],"inLanguage":"pt-PT"},{"@type":"Organization","@id":"https:\/\/legitgrams.com\/#organization","name":"Gramas leg\u00edtimas","url":"https:\/\/legitgrams.com\/","logo":{"@type":"ImageObject","inLanguage":"pt-PT","@id":"https:\/\/legitgrams.com\/#\/schema\/logo\/image\/","url":"https:\/\/legitgrams.com\/wp-content\/uploads\/2024\/09\/main-logo.png","contentUrl":"https:\/\/legitgrams.com\/wp-content\/uploads\/2024\/09\/main-logo.png","width":270,"height":75,"caption":"Legit Grams"},"image":{"@id":"https:\/\/legitgrams.com\/#\/schema\/logo\/image\/"}}]}},"uagb_featured_image_src":{"full":["https:\/\/legitgrams.com\/wp-content\/uploads\/2024\/09\/Premium-Quality-Grapefruit-Marijuana-Online.jpg",600,600,false],"thumbnail":["https:\/\/legitgrams.com\/wp-content\/uploads\/2024\/09\/Premium-Quality-Grapefruit-Marijuana-Online-150x150.jpg",150,150,true],"medium":["https:\/\/legitgrams.com\/wp-content\/uploads\/2024\/09\/Premium-Quality-Grapefruit-Marijuana-Online-300x300.jpg",300,300,true],"medium_large":["https:\/\/legitgrams.com\/wp-content\/uploads\/2024\/09\/Premium-Quality-Grapefruit-Marijuana-Online.jpg",600,600,false],"large":["https:\/\/legitgrams.com\/wp-content\/uploads\/2024\/09\/Premium-Quality-Grapefruit-Marijuana-Online.jpg",600,600,false],"1536x1536":["https:\/\/legitgrams.com\/wp-content\/uploads\/2024\/09\/Premium-Quality-Grapefruit-Marijuana-Online.jpg",600,600,false],"2048x2048":["https:\/\/legitgrams.com\/wp-content\/uploads\/2024\/09\/Premium-Quality-Grapefruit-Marijuana-Online.jpg",600,600,false],"trp-custom-language-flag":["https:\/\/legitgrams.com\/wp-content\/uploads\/2024\/09\/Premium-Quality-Grapefruit-Marijuana-Online-12x12.jpg",12,12,true],"woocommerce_thumbnail":["https:\/\/legitgrams.com\/wp-content\/uploads\/2024\/09\/Premium-Quality-Grapefruit-Marijuana-Online-300x300.jpg",300,300,true],"woocommerce_single":["https:\/\/legitgrams.com\/wp-content\/uploads\/2024\/09\/Premium-Quality-Grapefruit-Marijuana-Online.jpg",600,600,false],"woocommerce_gallery_thumbnail":["https:\/\/legitgrams.com\/wp-content\/uploads\/2024\/09\/Premium-Quality-Grapefruit-Marijuana-Online-100x100.jpg",100,100,true]},"uagb_author_info":{"display_name":"cokeblog18","author_link":"https:\/\/legitgrams.com\/pt\/author\/"},"uagb_comment_info":0,"uagb_excerpt":"Purchase Grapefruit Cannabis Online Superior Quality Grapefruit (AAAA) All cannabis lovers are familiar with the strain known as Cannabis Grapefruit (AAAA). Numerous accolades have been bestowed upon this sativa-dominant classic. This strain, a cross between Cinderella 99 and an unknown sativa-dominant strain, provides some of the most potent mental effects you&#8217;ve ever experienced. As a&hellip;","_links":{"self":[{"href":"https:\/\/legitgrams.com\/pt\/wp-json\/wp\/v2\/product\/3815","targetHints":{"allow":["GET"]}}],"collection":[{"href":"https:\/\/legitgrams.com\/pt\/wp-json\/wp\/v2\/product"}],"about":[{"href":"https:\/\/legitgrams.com\/pt\/wp-json\/wp\/v2\/types\/product"}],"replies":[{"embeddable":true,"href":"https:\/\/legitgrams.com\/pt\/wp-json\/wp\/v2\/comments?post=3815"}],"wp:featuredmedia":[{"embeddable":true,"href":"https:\/\/legitgrams.com\/pt\/wp-json\/wp\/v2\/media\/5430"}],"wp:attachment":[{"href":"https:\/\/legitgrams.com\/pt\/wp-json\/wp\/v2\/media?parent=3815"}],"wp:term":[{"taxonomy":"product_brand","embeddable":true,"href":"https:\/\/legitgrams.com\/pt\/wp-json\/wp\/v2\/product_brand?post=3815"},{"taxonomy":"product_cat","embeddable":true,"href":"https:\/\/legitgrams.com\/pt\/wp-json\/wp\/v2\/product_cat?post=3815"},{"taxonomy":"product_tag","embeddable":true,"href":"https:\/\/legitgrams.com\/pt\/wp-json\/wp\/v2\/product_tag?post=3815"}],"curies":[{"name":"wp","href":"https:\/\/api.w.org\/{rel}","templated":true}]}}