{"id":3828,"date":"2024-09-20T06:34:26","date_gmt":"2024-09-20T06:34:26","guid":{"rendered":"https:\/\/legitgrams.com\/?post_type=product&#038;p=3828"},"modified":"2025-03-12T08:28:59","modified_gmt":"2025-03-12T08:28:59","slug":"percocet-10mg-comprimidos","status":"publish","type":"product","link":"https:\/\/legitgrams.com\/pt\/produto\/percocet-10mg-comprimidos\/","title":{"rendered":"Compre comprimidos de Percocet 10mg online"},"content":{"rendered":"<h2>Compre Percocet online 10mg comprimidos online<\/h2>\n<p><a href=\"https:\/\/legitgrams.com\/pt\/produto\/percocet-10mg-comprimidos\/\">Encomendar comprimidos de 10 mg de Percocet<\/a> on-line. Existem mais medicamentos como a oxicodona dispon\u00edveis. <a href=\"https:\/\/www.bing.com\/search?q=Buy%20Percocet%2010mg%20pills%20Online&amp;qs=n&amp;form=QBRE&amp;sp=-1&amp;lq=0&amp;pq=buy%20percocet%2010mg%20pills%20online&amp;sc=0-30&amp;sk=&amp;cvid=50E210888EAB4F63817441B43672E04F&amp;ghsh=0&amp;ghacc=0&amp;ghpl=\">Barato<\/a> comprimidos para dormir dispon\u00edveis para compra sem receita m\u00e9dica.<\/p>\n<p>O objetivo deste medicamento combinado \u00e9 tratar a dor moderada a grave. inclui acetaminofeno, um analg\u00e9sico n\u00e3o opi\u00f3ide, e oxicodona, um analg\u00e9sico opi\u00f3ide. A perce\u00e7\u00e3o e a resposta do corpo \u00e0 dor podem ser alteradas pela a\u00e7\u00e3o da oxicodona no c\u00e9rebro. A temperatura tamb\u00e9m pode ser reduzida com acetaminofeno. <a href=\"https:\/\/legitgrams.com\/pt\/\">LegitGrams<\/a><\/p>\n<p><a href=\"https:\/\/www.bing.com\/search?q=Buy%20Percocet%2010mg%20pills%20Online&amp;qs=n&amp;form=QBRE&amp;sp=-1&amp;lq=0&amp;pq=buy%20percocet%2010mg%20pills%20online&amp;sc=0-30&amp;sk=&amp;cvid=50E210888EAB4F63817441B43672E04F&amp;ghsh=0&amp;ghacc=0&amp;ghpl=\">Comprar 10 mg de Percocet online<\/a> \u2013 comprar Percocet, <a href=\"https:\/\/www.google.com\/search?q=Buy+Percocet+10mg+pills+Online&amp;num=10&amp;sca_esv=1a2a07081c7891bb&amp;rlz=1C1RXQR_enIN1098IN1098&amp;sxsrf=AHTn8zqNsLNN5_a9d5VGglq_SFT90hsjgQ%3A1741767989425&amp;ei=NUXRZ4XTGfCC4-EPj7XLwAU&amp;ved=0ahUKEwjFwamyj4SMAxVwwTgGHY_aElgQ4dUDCBA&amp;uact=5&amp;oq=Buy+Percocet+10mg+pills+Online&amp;gs_lp=Egxnd3Mtd2l6LXNlcnAiHkJ1eSBQZXJjb2NldCAxMG1nIHBpbGxzIE9ubGluZUjED1D0CFj0CHADeACQAQCYAfkBoAH5AaoBAzItMbgBA8gBAPgBAvgBAZgCA6ACEcICCBAAGLADGO8FwgILEAAYgAQYsAMYogSYAwCIBgGQBgKSBwEzoAdS&amp;sclient=gws-wiz-serp\">comprar comprimidos de Percocet 10 mg<\/a>, purchase <a href=\"https:\/\/www.google.com\/search?q=Buy+Percocet+10mg+pills+Online&amp;num=10&amp;sca_esv=1a2a07081c7891bb&amp;rlz=1C1RXQR_enIN1098IN1098&amp;sxsrf=AHTn8zqNsLNN5_a9d5VGglq_SFT90hsjgQ%3A1741767989425&amp;ei=NUXRZ4XTGfCC4-EPj7XLwAU&amp;ved=0ahUKEwjFwamyj4SMAxVwwTgGHY_aElgQ4dUDCBA&amp;uact=5&amp;oq=Buy+Percocet+10mg+pills+Online&amp;gs_lp=Egxnd3Mtd2l6LXNlcnAiHkJ1eSBQZXJjb2NldCAxMG1nIHBpbGxzIE9ubGluZUjED1D0CFj0CHADeACQAQCYAfkBoAH5AaoBAzItMbgBA8gBAPgBAvgBAZgCA6ACEcICCBAAGLADGO8FwgILEAAYgAQYsAMYogSYAwCIBgGQBgKSBwEzoAdS&amp;sclient=gws-wiz-serp\">Percocet pills online<\/a>, Where to Purchase 10 mg of Percocet pills, Percocet pills for sale, <a href=\"https:\/\/duckduckgo.com\/?q=Buy+Percocet+10mg+pills+Online&amp;t=h_&amp;ia=web\">comprar Percocet 10 mg online<\/a>, where to Purchase 10 mg of Percocet pills, purchase Percocet 10 mg online, Percocet 10 mg pills for sale in the United States, Canada, UK, <a href=\"https:\/\/duckduckgo.com\/?q=Buy+Percocet+10mg+pills+Online&amp;t=h_&amp;ia=web\">buy, online<\/a>, fornecedores, entrega segura, \u00c9 ainda poss\u00edvel obter <a href=\"https:\/\/en.wikipedia.org\/wiki\/Oxycodone\">Percocet<\/a> 10mg pills. Tamb\u00e9m pode perguntar se s\u00e3o legais nos Estados Unidos, como encomendar comprimidos de Percocet 10mg, e se s\u00e3o legais no Canad\u00e1.<\/p>","protected":false},"excerpt":{"rendered":"<p>Purchase Percocet online 10mg pills Online Order 10 mg tablets of Percocet online. There are more medications like oxycodone accessible. Cheap sleeping pills available for purchase over-the-counter. The purpose of this combo medication is to treat moderate to severe pain. includes acetaminophen, a non-opioid analgesic, and oxycodone, an opioid analgesic. Your body&#8217;s perception and response &hellip;<\/p>\n<p class=\"read-more\"> <a class=\"\" href=\"https:\/\/legitgrams.com\/pt\/produto\/percocet-10mg-comprimidos\/\"> <span class=\"screen-reader-text\">Compre comprimidos de Percocet 10mg online<\/span> Ler mais \"<\/a><\/p>","protected":false},"featured_media":5221,"comment_status":"open","ping_status":"closed","template":"","meta":{"_uag_custom_page_level_css":"","site-sidebar-layout":"default","site-content-layout":"default","ast-global-header-display":"","ast-main-header-display":"","ast-hfb-above-header-display":"","ast-hfb-below-header-display":"","ast-hfb-mobile-header-display":"","site-post-title":"","ast-breadcrumbs-content":"","ast-featured-img":"","footer-sml-layout":"","theme-transparent-header-meta":"default","adv-header-id-meta":"","stick-header-meta":"default","header-above-stick-meta":"","header-main-stick-meta":"","header-below-stick-meta":"","_joinchat":[]},"product_brand":[],"product_cat":[608,597],"product_tag":[4878,4868,617,4860,4875,4872,4867,4865,4859,4862,4870,4861,4863,4871,4873,4880,4881,4879,4876,4877,4874,625,4866,4869,4864],"class_list":{"0":"post-3828","1":"product","2":"type-product","3":"status-publish","4":"has-post-thumbnail","6":"product_cat-pain-pills","7":"product_cat-pain-sleeping-sex-pills","8":"product_tag-best-cheap-price-percocet-10mg-pills","9":"product_tag-best-place-to-buy-percocet-10mg-pills","10":"product_tag-bulk-online","11":"product_tag-buy-percocet-10mg-pills","12":"product_tag-cheap-percocet-10mg-pills","13":"product_tag-high-quality-percocet-10mg-pills","14":"product_tag-how-to-buy-percocet-10mg-pills","15":"product_tag-order-percocet-10mg-pills","16":"product_tag-percocet-10mg-pills","17":"product_tag-percocet-10mg-pills-for-sale","18":"product_tag-percocet-10mg-pills-legally","19":"product_tag-percocet-10mg-pills-online","20":"product_tag-percocet-10mg-pills-percocet-10mg-pills-supplier","21":"product_tag-percocet-10mg-pills-price","22":"product_tag-percocet-10mg-pills-store","23":"product_tag-percocet-10mg-pills-use","24":"product_tag-percocet-10mg-pills-wiki","25":"product_tag-percocet-10mg-pills-worldwide","26":"product_tag-percocet-10mg-pillss","27":"product_tag-purcharse-percocet-10mg-pills","28":"product_tag-shop-percocet-10mg-pills","29":"product_tag-top-quality","30":"product_tag-where-to-buy-percocet-10mg-pills","31":"product_tag-where-to-order-percocet-10mg-pills","32":"product_tag-wholesale-percocet-10mg-pills","33":"desktop-align-left","34":"tablet-align-left","35":"mobile-align-left","36":"ast-product-gallery-layout-horizontal","37":"ast-product-gallery-with-no-image","38":"ast-product-single-variable","39":"ast-product-tabs-layout-horizontal","40":"ast-qv-on-image","42":"first","43":"instock","44":"featured","45":"shipping-taxable","46":"purchasable","47":"product-type-variable"},"yoast_head":"<!-- This site is optimized with the Yoast SEO plugin v25.9 - https:\/\/yoast.com\/wordpress\/plugins\/seo\/ -->\n<title>Percocet 10mg Pills for Sale - Order Percocet 10mg Pills Online<\/title>\n<meta name=\"description\" content=\"Find premium Percocet 10mg pills for sale at our online store, providing a secure platform to buy Percocet 10mg pills online with ease, catering to your research needs. Hit your order now!\" \/>\n<meta name=\"robots\" content=\"index, follow, max-snippet:-1, max-image-preview:large, max-video-preview:-1\" \/>\n<link rel=\"canonical\" href=\"https:\/\/legitgrams.com\/pt\/produto\/percocet-10mg-comprimidos\/\" \/>\n<meta property=\"og:locale\" content=\"pt_PT\" \/>\n<meta property=\"og:type\" content=\"article\" \/>\n<meta property=\"og:title\" content=\"Percocet 10mg Pills for Sale - Order Percocet 10mg Pills Online\" \/>\n<meta property=\"og:description\" content=\"Find premium Percocet 10mg pills for sale at our online store, providing a secure platform to buy Percocet 10mg pills online with ease, catering to your research needs. Hit your order now!\" \/>\n<meta property=\"og:url\" content=\"https:\/\/legitgrams.com\/pt\/produto\/percocet-10mg-comprimidos\/\" \/>\n<meta property=\"og:site_name\" content=\"Legit Grams\" \/>\n<meta property=\"article:modified_time\" content=\"2025-03-12T08:28:59+00:00\" \/>\n<meta property=\"og:image\" content=\"https:\/\/legitgrams.com\/wp-content\/uploads\/2024\/09\/buy-percocet-10mg-pills-online.jpg\" \/>\n\t<meta property=\"og:image:width\" content=\"600\" \/>\n\t<meta property=\"og:image:height\" content=\"600\" \/>\n\t<meta property=\"og:image:type\" content=\"image\/jpeg\" \/>\n<meta name=\"twitter:card\" content=\"summary_large_image\" \/>\n<meta name=\"twitter:label1\" content=\"Tempo estimado de leitura\" \/>\n\t<meta name=\"twitter:data1\" content=\"1 minuto\" \/>\n<script type=\"application\/ld+json\" class=\"yoast-schema-graph\">{\"@context\":\"https:\/\/schema.org\",\"@graph\":[{\"@type\":\"WebPage\",\"@id\":\"https:\/\/legitgrams.com\/product\/percocet-10mg-pills\/\",\"url\":\"https:\/\/legitgrams.com\/product\/percocet-10mg-pills\/\",\"name\":\"Percocet 10mg Pills for Sale - Order Percocet 10mg Pills Online\",\"isPartOf\":{\"@id\":\"https:\/\/legitgrams.com\/#website\"},\"primaryImageOfPage\":{\"@id\":\"https:\/\/legitgrams.com\/product\/percocet-10mg-pills\/#primaryimage\"},\"image\":{\"@id\":\"https:\/\/legitgrams.com\/product\/percocet-10mg-pills\/#primaryimage\"},\"thumbnailUrl\":\"https:\/\/legitgrams.com\/wp-content\/uploads\/2024\/09\/buy-percocet-10mg-pills-online.jpg\",\"datePublished\":\"2024-09-20T06:34:26+00:00\",\"dateModified\":\"2025-03-12T08:28:59+00:00\",\"description\":\"Find premium Percocet 10mg pills for sale at our online store, providing a secure platform to buy Percocet 10mg pills online with ease, catering to your research needs. Hit your order now!\",\"breadcrumb\":{\"@id\":\"https:\/\/legitgrams.com\/product\/percocet-10mg-pills\/#breadcrumb\"},\"inLanguage\":\"pt-PT\",\"potentialAction\":[{\"@type\":\"ReadAction\",\"target\":[\"https:\/\/legitgrams.com\/product\/percocet-10mg-pills\/\"]}]},{\"@type\":\"ImageObject\",\"inLanguage\":\"pt-PT\",\"@id\":\"https:\/\/legitgrams.com\/product\/percocet-10mg-pills\/#primaryimage\",\"url\":\"https:\/\/legitgrams.com\/wp-content\/uploads\/2024\/09\/buy-percocet-10mg-pills-online.jpg\",\"contentUrl\":\"https:\/\/legitgrams.com\/wp-content\/uploads\/2024\/09\/buy-percocet-10mg-pills-online.jpg\",\"width\":600,\"height\":600,\"caption\":\"Percocet 10mg Pills for Sale\"},{\"@type\":\"BreadcrumbList\",\"@id\":\"https:\/\/legitgrams.com\/product\/percocet-10mg-pills\/#breadcrumb\",\"itemListElement\":[{\"@type\":\"ListItem\",\"position\":1,\"name\":\"Home\",\"item\":\"https:\/\/legitgrams.com\/\"},{\"@type\":\"ListItem\",\"position\":2,\"name\":\"Shop\",\"item\":\"https:\/\/legitgrams.com\/shop\/\"},{\"@type\":\"ListItem\",\"position\":3,\"name\":\"Buy Percocet 10mg pills Online\"}]},{\"@type\":\"WebSite\",\"@id\":\"https:\/\/legitgrams.com\/#website\",\"url\":\"https:\/\/legitgrams.com\/\",\"name\":\"Legit Grams\",\"description\":\"My WordPress Blog\",\"publisher\":{\"@id\":\"https:\/\/legitgrams.com\/#organization\"},\"potentialAction\":[{\"@type\":\"SearchAction\",\"target\":{\"@type\":\"EntryPoint\",\"urlTemplate\":\"https:\/\/legitgrams.com\/?s={search_term_string}\"},\"query-input\":{\"@type\":\"PropertyValueSpecification\",\"valueRequired\":true,\"valueName\":\"search_term_string\"}}],\"inLanguage\":\"pt-PT\"},{\"@type\":\"Organization\",\"@id\":\"https:\/\/legitgrams.com\/#organization\",\"name\":\"Legit Grams\",\"url\":\"https:\/\/legitgrams.com\/\",\"logo\":{\"@type\":\"ImageObject\",\"inLanguage\":\"pt-PT\",\"@id\":\"https:\/\/legitgrams.com\/#\/schema\/logo\/image\/\",\"url\":\"https:\/\/legitgrams.com\/wp-content\/uploads\/2024\/09\/main-logo.png\",\"contentUrl\":\"https:\/\/legitgrams.com\/wp-content\/uploads\/2024\/09\/main-logo.png\",\"width\":270,\"height\":75,\"caption\":\"Legit Grams\"},\"image\":{\"@id\":\"https:\/\/legitgrams.com\/#\/schema\/logo\/image\/\"}}]}<\/script>\n<!-- \/ Yoast SEO plugin. -->","yoast_head_json":{"title":"Percocet 10mg Pills for Sale - Encomendar Percocet 10mg Pills Online","description":"Encontre comprimidos de Percocet 10mg premium para venda na nossa loja online, fornecendo uma plataforma segura para comprar comprimidos de Percocet 10mg online com facilidade, atendendo \u00e0s suas necessidades de pesquisa. Fa\u00e7a a sua encomenda agora!","robots":{"index":"index","follow":"follow","max-snippet":"max-snippet:-1","max-image-preview":"max-image-preview:large","max-video-preview":"max-video-preview:-1"},"canonical":"https:\/\/legitgrams.com\/pt\/produto\/percocet-10mg-comprimidos\/","og_locale":"pt_PT","og_type":"article","og_title":"Percocet 10mg Pills for Sale - Order Percocet 10mg Pills Online","og_description":"Find premium Percocet 10mg pills for sale at our online store, providing a secure platform to buy Percocet 10mg pills online with ease, catering to your research needs. Hit your order now!","og_url":"https:\/\/legitgrams.com\/pt\/produto\/percocet-10mg-comprimidos\/","og_site_name":"Legit Grams","article_modified_time":"2025-03-12T08:28:59+00:00","og_image":[{"width":600,"height":600,"url":"https:\/\/legitgrams.com\/wp-content\/uploads\/2024\/09\/buy-percocet-10mg-pills-online.jpg","type":"image\/jpeg"}],"twitter_card":"summary_large_image","twitter_misc":{"Tempo estimado de leitura":"1 minuto"},"schema":{"@context":"https:\/\/schema.org","@graph":[{"@type":"WebPage","@id":"https:\/\/legitgrams.com\/product\/percocet-10mg-pills\/","url":"https:\/\/legitgrams.com\/product\/percocet-10mg-pills\/","name":"Percocet 10mg Pills for Sale - Encomendar Percocet 10mg Pills Online","isPartOf":{"@id":"https:\/\/legitgrams.com\/#website"},"primaryImageOfPage":{"@id":"https:\/\/legitgrams.com\/product\/percocet-10mg-pills\/#primaryimage"},"image":{"@id":"https:\/\/legitgrams.com\/product\/percocet-10mg-pills\/#primaryimage"},"thumbnailUrl":"https:\/\/legitgrams.com\/wp-content\/uploads\/2024\/09\/buy-percocet-10mg-pills-online.jpg","datePublished":"2024-09-20T06:34:26+00:00","dateModified":"2025-03-12T08:28:59+00:00","description":"Encontre comprimidos de Percocet 10mg premium para venda na nossa loja online, fornecendo uma plataforma segura para comprar comprimidos de Percocet 10mg online com facilidade, atendendo \u00e0s suas necessidades de pesquisa. Fa\u00e7a a sua encomenda agora!","breadcrumb":{"@id":"https:\/\/legitgrams.com\/product\/percocet-10mg-pills\/#breadcrumb"},"inLanguage":"pt-PT","potentialAction":[{"@type":"ReadAction","target":["https:\/\/legitgrams.com\/product\/percocet-10mg-pills\/"]}]},{"@type":"ImageObject","inLanguage":"pt-PT","@id":"https:\/\/legitgrams.com\/product\/percocet-10mg-pills\/#primaryimage","url":"https:\/\/legitgrams.com\/wp-content\/uploads\/2024\/09\/buy-percocet-10mg-pills-online.jpg","contentUrl":"https:\/\/legitgrams.com\/wp-content\/uploads\/2024\/09\/buy-percocet-10mg-pills-online.jpg","width":600,"height":600,"caption":"Percocet 10mg Pills for Sale"},{"@type":"BreadcrumbList","@id":"https:\/\/legitgrams.com\/product\/percocet-10mg-pills\/#breadcrumb","itemListElement":[{"@type":"ListItem","position":1,"name":"Home","item":"https:\/\/legitgrams.com\/"},{"@type":"ListItem","position":2,"name":"Shop","item":"https:\/\/legitgrams.com\/shop\/"},{"@type":"ListItem","position":3,"name":"Buy Percocet 10mg pills Online"}]},{"@type":"WebSite","@id":"https:\/\/legitgrams.com\/#website","url":"https:\/\/legitgrams.com\/","name":"Gramas leg\u00edtimas","description":"O meu blogue WordPress","publisher":{"@id":"https:\/\/legitgrams.com\/#organization"},"potentialAction":[{"@type":"SearchAction","target":{"@type":"EntryPoint","urlTemplate":"https:\/\/legitgrams.com\/?s={search_term_string}"},"query-input":{"@type":"PropertyValueSpecification","valueRequired":true,"valueName":"search_term_string"}}],"inLanguage":"pt-PT"},{"@type":"Organization","@id":"https:\/\/legitgrams.com\/#organization","name":"Gramas leg\u00edtimas","url":"https:\/\/legitgrams.com\/","logo":{"@type":"ImageObject","inLanguage":"pt-PT","@id":"https:\/\/legitgrams.com\/#\/schema\/logo\/image\/","url":"https:\/\/legitgrams.com\/wp-content\/uploads\/2024\/09\/main-logo.png","contentUrl":"https:\/\/legitgrams.com\/wp-content\/uploads\/2024\/09\/main-logo.png","width":270,"height":75,"caption":"Legit Grams"},"image":{"@id":"https:\/\/legitgrams.com\/#\/schema\/logo\/image\/"}}]}},"uagb_featured_image_src":{"full":["https:\/\/legitgrams.com\/wp-content\/uploads\/2024\/09\/buy-percocet-10mg-pills-online.jpg",600,600,false],"thumbnail":["https:\/\/legitgrams.com\/wp-content\/uploads\/2024\/09\/buy-percocet-10mg-pills-online-150x150.jpg",150,150,true],"medium":["https:\/\/legitgrams.com\/wp-content\/uploads\/2024\/09\/buy-percocet-10mg-pills-online-300x300.jpg",300,300,true],"medium_large":["https:\/\/legitgrams.com\/wp-content\/uploads\/2024\/09\/buy-percocet-10mg-pills-online.jpg",600,600,false],"large":["https:\/\/legitgrams.com\/wp-content\/uploads\/2024\/09\/buy-percocet-10mg-pills-online.jpg",600,600,false],"1536x1536":["https:\/\/legitgrams.com\/wp-content\/uploads\/2024\/09\/buy-percocet-10mg-pills-online.jpg",600,600,false],"2048x2048":["https:\/\/legitgrams.com\/wp-content\/uploads\/2024\/09\/buy-percocet-10mg-pills-online.jpg",600,600,false],"trp-custom-language-flag":["https:\/\/legitgrams.com\/wp-content\/uploads\/2024\/09\/buy-percocet-10mg-pills-online-12x12.jpg",12,12,true],"woocommerce_thumbnail":["https:\/\/legitgrams.com\/wp-content\/uploads\/2024\/09\/buy-percocet-10mg-pills-online-300x300.jpg",300,300,true],"woocommerce_single":["https:\/\/legitgrams.com\/wp-content\/uploads\/2024\/09\/buy-percocet-10mg-pills-online.jpg",600,600,false],"woocommerce_gallery_thumbnail":["https:\/\/legitgrams.com\/wp-content\/uploads\/2024\/09\/buy-percocet-10mg-pills-online-100x100.jpg",100,100,true]},"uagb_author_info":{"display_name":"cokeblog18","author_link":"https:\/\/legitgrams.com\/pt\/author\/"},"uagb_comment_info":0,"uagb_excerpt":"Purchase Percocet online 10mg pills Online Order 10 mg tablets of Percocet online. There are more medications like oxycodone accessible. Cheap sleeping pills available for purchase over-the-counter. The purpose of this combo medication is to treat moderate to severe pain. includes acetaminophen, a non-opioid analgesic, and oxycodone, an opioid analgesic. Your body&#8217;s perception and response&hellip;","_links":{"self":[{"href":"https:\/\/legitgrams.com\/pt\/wp-json\/wp\/v2\/product\/3828","targetHints":{"allow":["GET"]}}],"collection":[{"href":"https:\/\/legitgrams.com\/pt\/wp-json\/wp\/v2\/product"}],"about":[{"href":"https:\/\/legitgrams.com\/pt\/wp-json\/wp\/v2\/types\/product"}],"replies":[{"embeddable":true,"href":"https:\/\/legitgrams.com\/pt\/wp-json\/wp\/v2\/comments?post=3828"}],"wp:featuredmedia":[{"embeddable":true,"href":"https:\/\/legitgrams.com\/pt\/wp-json\/wp\/v2\/media\/5221"}],"wp:attachment":[{"href":"https:\/\/legitgrams.com\/pt\/wp-json\/wp\/v2\/media?parent=3828"}],"wp:term":[{"taxonomy":"product_brand","embeddable":true,"href":"https:\/\/legitgrams.com\/pt\/wp-json\/wp\/v2\/product_brand?post=3828"},{"taxonomy":"product_cat","embeddable":true,"href":"https:\/\/legitgrams.com\/pt\/wp-json\/wp\/v2\/product_cat?post=3828"},{"taxonomy":"product_tag","embeddable":true,"href":"https:\/\/legitgrams.com\/pt\/wp-json\/wp\/v2\/product_tag?post=3828"}],"curies":[{"name":"wp","href":"https:\/\/api.w.org\/{rel}","templated":true}]}}