{"id":3834,"date":"2024-09-20T06:32:23","date_gmt":"2024-09-20T06:32:23","guid":{"rendered":"https:\/\/legitgrams.com\/?post_type=product&#038;p=3834"},"modified":"2025-03-07T04:57:10","modified_gmt":"2025-03-07T04:57:10","slug":"1p-lsd-100mcg-blotters-cheap","status":"publish","type":"product","link":"https:\/\/legitgrams.com\/pt\/produto\/1p-lsd-100mcg-blotters-cheap\/","title":{"rendered":"Compre 1P-LSD 100mcg Blotters baratos online"},"content":{"rendered":"<h2>Blotters baratos de 100 mcg 1P-LSD para venda<\/h2>\n<p>A cepa dominante Indica <a href=\"https:\/\/legitgrams.com\/pt\/produto\/1p-lsd-100mcg-blotters-cheap\/\">L.S.D<\/a>. a \u00e9t\u00e9 nomm\u00e9 d'apr\u00e8s une substance hallucinog\u00e8ne puissante en raison de son incroyable potentiel intellectuel et <a href=\"https:\/\/www.bing.com\/search?q=Buy%201P-LSD%20100mcg%20Blotters%20cheap%20Online&amp;qs=n&amp;form=QBRE&amp;sp=-1&amp;lq=0&amp;pq=buy%201p-lsd%20100mcg%20blotters%20cheap%20online&amp;sc=0-39&amp;sk=&amp;cvid=CB9D41D5B6F844BEAAD6316CF564FD0F&amp;ghsh=0&amp;ghacc=0&amp;ghpl=\">psychedelic<\/a> high. Before the strain, there is a high-energy, joyful feeling that can induce psychological fog, leaving some people entirely confused and \u201cintellectually stuck.\u201d Several clients report that using <a href=\"https:\/\/www.bing.com\/search?q=Buy%201P-LSD%20100mcg%20Blotters%20cheap%20Online&amp;qs=n&amp;form=QBRE&amp;sp=-1&amp;lq=0&amp;pq=buy%201p-lsd%20100mcg%20blotters%20cheap%20online&amp;sc=0-39&amp;sk=&amp;cvid=CB9D41D5B6F844BEAAD6316CF564FD0F&amp;ghsh=0&amp;ghacc=0&amp;ghpl=\">LSD<\/a> faz com que se sintam mais criativos ou greg\u00e1rios, apesar da intensa estimula\u00e7\u00e3o cerebral.<\/p>\n<h3>Comprar 1P-LSD Blotters 100mcg baratos online<\/h3>\n<p>Para uma \u00cdndica, este grau de estimula\u00e7\u00e3o mental \u00e9 realmente invulgar. <a href=\"https:\/\/www.google.com\/search?q=Buy+1P-LSD+100mcg+Blotters+cheap+Online&amp;num=10&amp;sca_esv=1a2a07081c7891bb&amp;rlz=1C1RXQR_enIN1098IN1098&amp;sxsrf=AHTn8zr4KiQqQMeBWxMyIh4N-_SnSv1Bvg%3A1741323239722&amp;ei=53vKZ8jnK-3jseMP8MuJuQ8&amp;ved=0ahUKEwiI95HJlveLAxXtcWwGHfBlIvcQ4dUDCBA&amp;uact=5&amp;oq=Buy+1P-LSD+100mcg+Blotters+cheap+Online&amp;gs_lp=Egxnd3Mtd2l6LXNlcnAiJ0J1eSAxUC1MU0QgMTAwbWNnIEJsb3R0ZXJzIGNoZWFwIE9ubGluZUjTBlCMA1iMA3ACeACQAQCYAfsBoAH7AaoBAzItMbgBA8gBAPgBAvgBAZgCAKACAJgDAIgGAZIHAKAH8gE&amp;sclient=gws-wiz-serp\">L.S.D<\/a>Esse tipo de estimula\u00e7\u00e3o mental \u00e9 realmente incomum para uma Indica. Como se pode esperar, o L.S.D. tamb\u00e9m tem os efeitos f\u00edsicos usuais baseados na Indica. Os clientes frequentemente experimentam os efeitos revolucion\u00e1rios de dessensibiliza\u00e7\u00e3o do corpo uma a duas horas ap\u00f3s a ingest\u00e3o, depois que a maioria dos efeitos cerebrais diminu\u00edram. O algod\u00e3o pode estar entre as consequ\u00eancias prejudiciais, incluindo dores de cabe\u00e7a, sonol\u00eancia, olhos e l\u00e1bios secos e uma leve suspeita.<\/p>\n<p>Para a maioria das pessoas, esta estirpe pode ajudar a aliviar dores cr\u00f3nicas puls\u00e1teis a qualquer hora do dia. <a href=\"https:\/\/www.google.com\/search?q=Buy+1P-LSD+100mcg+Blotters+cheap+Online&amp;num=10&amp;sca_esv=1a2a07081c7891bb&amp;rlz=1C1RXQR_enIN1098IN1098&amp;sxsrf=AHTn8zr4KiQqQMeBWxMyIh4N-_SnSv1Bvg%3A1741323239722&amp;ei=53vKZ8jnK-3jseMP8MuJuQ8&amp;ved=0ahUKEwiI95HJlveLAxXtcWwGHfBlIvcQ4dUDCBA&amp;uact=5&amp;oq=Buy+1P-LSD+100mcg+Blotters+cheap+Online&amp;gs_lp=Egxnd3Mtd2l6LXNlcnAiJ0J1eSAxUC1MU0QgMTAwbWNnIEJsb3R0ZXJzIGNoZWFwIE9ubGluZUjTBlCMA1iMA3ACeACQAQCYAfsBoAH7AaoBAzItMbgBA8gBAPgBAvgBAZgCAKACAJgDAIgGAZIHAKAH8gE&amp;sclient=gws-wiz-serp\">LSD<\/a> Para a maioria das pessoas, essa cepa pode ajudar a aliviar dores cr\u00f4nicas latejantes a qualquer hora do dia. O LSD \u00e9 frequentemente recomendado para tratar melancolia, ansiedade ou tens\u00e3o. A cepa \u00e9 usada por algumas pessoas para tratar dores de cabe\u00e7a, enquanto outras a usam para tratar problemas de sono.<\/p>\n<p><a href=\"https:\/\/en.wikipedia.org\/wiki\/1P-LSD\">L.S.D.<\/a> \u00e9 um h\u00edbrido entre um Mazar e Skunk #1, uma antiga ra\u00e7a de skunk da Barney\u2019s Farm. Como pode ser cultivada tanto em ambientes internos quanto externos e \u00e9 resistente a muitas doen\u00e7as, essa variedade \u00e9 muito f\u00e1cil de cultivar, embora n\u00e3o seja recomendada para jardineiros inexperientes. Flores com um longo per\u00edodo de flora\u00e7\u00e3o de 65 a 78 dias podem ser produzidas por L.S.D. pelo menos 650 gramas por metro quadrado. A variedade normalmente para em outubro na regi\u00e3o \u00e1rtica e em abril na regi\u00e3o tropical, raramente ultrapassando 60 cent\u00edmetros. Essa variedade tem uma concentra\u00e7\u00e3o de THC de at\u00e9 24%. <a href=\"https:\/\/duckduckgo.com\/?q=Buy+1P-LSD+100mcg+Blotters+cheap+Online&amp;t=h_&amp;ia=web\">L.S.D.<\/a> pelo menos 650 gramas por metro quadrado. A estirpe cessa geralmente em outubro na regi\u00e3o \u00e1rtica e em abril na regi\u00e3o tropical, raramente ultrapassando os 60 cent\u00edmetros. Esta variedade tem uma concentra\u00e7\u00e3o de THC at\u00e9 24%.<\/p>\n<p>Comprar Blotters baratos de 100 mcg de 1P-LSD online \u2013 Comprar 1P-LSD, Comprar Blotters baratos de 100 mcg, <a href=\"https:\/\/duckduckgo.com\/?q=Buy+1P-LSD+100mcg+Blotters+cheap+Online&amp;t=h_&amp;ia=web\">Compre 1P-LSD Blotters online<\/a>Compre Blotters de 100 mcg baratos de 1P-LSD online \u2013 Compre 1P-LSD, Compre Blotters de 100 mcg baratos, Compre Blotters de 1P-LSD online, Onde comprar Blotters de 100 mcg baratos, Compre Blotters de 100 mcg baratos, Compre Blotters de 100 mcg baratos, Compre Blotters de 100 mcg baratos nos EUA, Canad\u00e1, Reino Unido, Compre online, Fornecedores, Entrega segura, Descubra se os Blotters de 100 mcg baratos de 1P-LSD s\u00e3o legais nos EUA, como obt\u00ea-los, se s\u00e3o legais no Canad\u00e1 e se ainda est\u00e3o dispon\u00edveis para compra online.<\/p>","protected":false},"excerpt":{"rendered":"<p>Cheap 100mcg 1P-LSD Blotters for Sale The Indica dominating strain L.S.D. was named after a strong hallucinogenic substance because of its incredibly intellectual and psychedelic high. Before the strain, there is a high-energy, joyful feeling that can induce psychological fog, leaving some people entirely confused and &#8220;intellectually stuck.&#8221; Several clients report that using LSD makes &hellip;<\/p>\n<p class=\"read-more\"> <a class=\"\" href=\"https:\/\/legitgrams.com\/pt\/produto\/1p-lsd-100mcg-blotters-cheap\/\"> <span class=\"screen-reader-text\">Compre 1P-LSD 100mcg Blotters baratos online<\/span> Ler mais \"<\/a><\/p>","protected":false},"featured_media":5177,"comment_status":"open","ping_status":"closed","template":"","meta":{"_uag_custom_page_level_css":"","site-sidebar-layout":"default","site-content-layout":"default","ast-global-header-display":"","ast-main-header-display":"","ast-hfb-above-header-display":"","ast-hfb-below-header-display":"","ast-hfb-mobile-header-display":"","site-post-title":"","ast-breadcrumbs-content":"","ast-featured-img":"","footer-sml-layout":"","theme-transparent-header-meta":"default","adv-header-id-meta":"","stick-header-meta":"default","header-above-stick-meta":"","header-main-stick-meta":"","header-below-stick-meta":"","_joinchat":[]},"product_brand":[],"product_cat":[595],"product_tag":[4882,4886,4885,4893,4884,4894,4896,4903,4904,4902,4899,4901,4891,617,4883,4898,4895,4890,4888,4900,4897,625,4889,4892,4887],"class_list":{"0":"post-3834","1":"product","2":"type-product","3":"status-publish","4":"has-post-thumbnail","6":"product_cat-psychedelic-drugs","7":"product_tag-1p-lsd-100mcg-blotters-cheap","8":"product_tag-1p-lsd-100mcg-blotters-cheap-1p-lsd-100mcg-blotters-cheap-supplier","9":"product_tag-1p-lsd-100mcg-blotters-cheap-for-sale","10":"product_tag-1p-lsd-100mcg-blotters-cheap-legally","11":"product_tag-1p-lsd-100mcg-blotters-cheap-online","12":"product_tag-1p-lsd-100mcg-blotters-cheap-price","13":"product_tag-1p-lsd-100mcg-blotters-cheap-store","14":"product_tag-1p-lsd-100mcg-blotters-cheap-use","15":"product_tag-1p-lsd-100mcg-blotters-cheap-wiki","16":"product_tag-1p-lsd-100mcg-blotters-cheap-worldwide","17":"product_tag-1p-lsd-100mcg-blotters-cheaps","18":"product_tag-best-cheap-price-1p-lsd-100mcg-blotters-cheap","19":"product_tag-best-place-to-buy-1p-lsd-100mcg-blotters-cheap","20":"product_tag-bulk-online","21":"product_tag-buy-1p-lsd-100mcg-blotters-cheap","22":"product_tag-cheap-1p-lsd-100mcg-blotters-cheap","23":"product_tag-high-quality-1p-lsd-100mcg-blotters-cheap","24":"product_tag-how-to-buy-1p-lsd-100mcg-blotters-cheap","25":"product_tag-order-1p-lsd-100mcg-blotters-cheap","26":"product_tag-purcharse-1p-lsd-100mcg-blotters-cheap","27":"product_tag-shop-1p-lsd-100mcg-blotters-cheap","28":"product_tag-top-quality","29":"product_tag-where-to-buy-1p-lsd-100mcg-blotters-cheap","30":"product_tag-where-to-order-1p-lsd-100mcg-blotters-cheap","31":"product_tag-wholesale-1p-lsd-100mcg-blotters-cheap","32":"desktop-align-left","33":"tablet-align-left","34":"mobile-align-left","35":"ast-product-gallery-layout-horizontal","36":"ast-product-gallery-with-no-image","37":"ast-product-single-variable","38":"ast-product-tabs-layout-horizontal","39":"ast-qv-on-image","41":"first","42":"instock","43":"shipping-taxable","44":"purchasable","45":"product-type-variable"},"yoast_head":"<!-- This site is optimized with the Yoast SEO plugin v25.9 - https:\/\/yoast.com\/wordpress\/plugins\/seo\/ -->\n<title>1P-LSD 100mcg Blotters for Sale - Buy 1P-LSD 100mcg Online<\/title>\n<meta name=\"description\" content=\"Looking for a reliable source to buy 1P-LSD 100mcg Blotters online? Your search ends here. Order 1P-LSD 100mcg Blotters for sale today and receive up to 50% off on selected items. Grab the deals Now!\" \/>\n<meta name=\"robots\" content=\"index, follow, max-snippet:-1, max-image-preview:large, max-video-preview:-1\" \/>\n<link rel=\"canonical\" href=\"https:\/\/legitgrams.com\/pt\/produto\/1p-lsd-100mcg-blotters-cheap\/\" \/>\n<meta property=\"og:locale\" content=\"pt_PT\" \/>\n<meta property=\"og:type\" content=\"article\" \/>\n<meta property=\"og:title\" content=\"1P-LSD 100mcg Blotters for Sale - Buy 1P-LSD 100mcg Online\" \/>\n<meta property=\"og:description\" content=\"Looking for a reliable source to buy 1P-LSD 100mcg Blotters online? Your search ends here. Order 1P-LSD 100mcg Blotters for sale today and receive up to 50% off on selected items. Grab the deals Now!\" \/>\n<meta property=\"og:url\" content=\"https:\/\/legitgrams.com\/pt\/produto\/1p-lsd-100mcg-blotters-cheap\/\" \/>\n<meta property=\"og:site_name\" content=\"Legit Grams\" \/>\n<meta property=\"article:modified_time\" content=\"2025-03-07T04:57:10+00:00\" \/>\n<meta property=\"og:image\" content=\"https:\/\/legitgrams.com\/wp-content\/uploads\/2024\/09\/Buy-1P-LSD-100mcg-Blotters-cheap-online.jpg\" \/>\n\t<meta property=\"og:image:width\" content=\"600\" \/>\n\t<meta property=\"og:image:height\" content=\"600\" \/>\n\t<meta property=\"og:image:type\" content=\"image\/jpeg\" \/>\n<meta name=\"twitter:card\" content=\"summary_large_image\" \/>\n<meta name=\"twitter:label1\" content=\"Tempo estimado de leitura\" \/>\n\t<meta name=\"twitter:data1\" content=\"2 minutos\" \/>\n<script type=\"application\/ld+json\" class=\"yoast-schema-graph\">{\"@context\":\"https:\/\/schema.org\",\"@graph\":[{\"@type\":\"WebPage\",\"@id\":\"https:\/\/legitgrams.com\/product\/1p-lsd-100mcg-blotters-cheap\/\",\"url\":\"https:\/\/legitgrams.com\/product\/1p-lsd-100mcg-blotters-cheap\/\",\"name\":\"1P-LSD 100mcg Blotters for Sale - Buy 1P-LSD 100mcg Online\",\"isPartOf\":{\"@id\":\"https:\/\/legitgrams.com\/#website\"},\"primaryImageOfPage\":{\"@id\":\"https:\/\/legitgrams.com\/product\/1p-lsd-100mcg-blotters-cheap\/#primaryimage\"},\"image\":{\"@id\":\"https:\/\/legitgrams.com\/product\/1p-lsd-100mcg-blotters-cheap\/#primaryimage\"},\"thumbnailUrl\":\"https:\/\/legitgrams.com\/wp-content\/uploads\/2024\/09\/Buy-1P-LSD-100mcg-Blotters-cheap-online.jpg\",\"datePublished\":\"2024-09-20T06:32:23+00:00\",\"dateModified\":\"2025-03-07T04:57:10+00:00\",\"description\":\"Looking for a reliable source to buy 1P-LSD 100mcg Blotters online? Your search ends here. Order 1P-LSD 100mcg Blotters for sale today and receive up to 50% off on selected items. Grab the deals Now!\",\"breadcrumb\":{\"@id\":\"https:\/\/legitgrams.com\/product\/1p-lsd-100mcg-blotters-cheap\/#breadcrumb\"},\"inLanguage\":\"pt-PT\",\"potentialAction\":[{\"@type\":\"ReadAction\",\"target\":[\"https:\/\/legitgrams.com\/product\/1p-lsd-100mcg-blotters-cheap\/\"]}]},{\"@type\":\"ImageObject\",\"inLanguage\":\"pt-PT\",\"@id\":\"https:\/\/legitgrams.com\/product\/1p-lsd-100mcg-blotters-cheap\/#primaryimage\",\"url\":\"https:\/\/legitgrams.com\/wp-content\/uploads\/2024\/09\/Buy-1P-LSD-100mcg-Blotters-cheap-online.jpg\",\"contentUrl\":\"https:\/\/legitgrams.com\/wp-content\/uploads\/2024\/09\/Buy-1P-LSD-100mcg-Blotters-cheap-online.jpg\",\"width\":600,\"height\":600,\"caption\":\"1P-LSD 100mcg Blotters cheap for Sale\"},{\"@type\":\"BreadcrumbList\",\"@id\":\"https:\/\/legitgrams.com\/product\/1p-lsd-100mcg-blotters-cheap\/#breadcrumb\",\"itemListElement\":[{\"@type\":\"ListItem\",\"position\":1,\"name\":\"Home\",\"item\":\"https:\/\/legitgrams.com\/\"},{\"@type\":\"ListItem\",\"position\":2,\"name\":\"Shop\",\"item\":\"https:\/\/legitgrams.com\/shop\/\"},{\"@type\":\"ListItem\",\"position\":3,\"name\":\"Buy 1P-LSD 100mcg Blotters cheap Online\"}]},{\"@type\":\"WebSite\",\"@id\":\"https:\/\/legitgrams.com\/#website\",\"url\":\"https:\/\/legitgrams.com\/\",\"name\":\"Legit Grams\",\"description\":\"My WordPress Blog\",\"publisher\":{\"@id\":\"https:\/\/legitgrams.com\/#organization\"},\"potentialAction\":[{\"@type\":\"SearchAction\",\"target\":{\"@type\":\"EntryPoint\",\"urlTemplate\":\"https:\/\/legitgrams.com\/?s={search_term_string}\"},\"query-input\":{\"@type\":\"PropertyValueSpecification\",\"valueRequired\":true,\"valueName\":\"search_term_string\"}}],\"inLanguage\":\"pt-PT\"},{\"@type\":\"Organization\",\"@id\":\"https:\/\/legitgrams.com\/#organization\",\"name\":\"Legit Grams\",\"url\":\"https:\/\/legitgrams.com\/\",\"logo\":{\"@type\":\"ImageObject\",\"inLanguage\":\"pt-PT\",\"@id\":\"https:\/\/legitgrams.com\/#\/schema\/logo\/image\/\",\"url\":\"https:\/\/legitgrams.com\/wp-content\/uploads\/2024\/09\/main-logo.png\",\"contentUrl\":\"https:\/\/legitgrams.com\/wp-content\/uploads\/2024\/09\/main-logo.png\",\"width\":270,\"height\":75,\"caption\":\"Legit Grams\"},\"image\":{\"@id\":\"https:\/\/legitgrams.com\/#\/schema\/logo\/image\/\"}}]}<\/script>\n<!-- \/ Yoast SEO plugin. -->","yoast_head_json":{"title":"1P-LSD 100mcg Blotters para venda - Comprar 1P-LSD 100mcg online","description":"Procura uma fonte fi\u00e1vel para comprar 1P-LSD 100mcg Blotters online? A sua pesquisa termina aqui. Encomende 1P-LSD 100mcg Blotters para venda hoje e receba at\u00e9 50% de desconto em itens selecionados. Agarre as ofertas agora!","robots":{"index":"index","follow":"follow","max-snippet":"max-snippet:-1","max-image-preview":"max-image-preview:large","max-video-preview":"max-video-preview:-1"},"canonical":"https:\/\/legitgrams.com\/pt\/produto\/1p-lsd-100mcg-blotters-cheap\/","og_locale":"pt_PT","og_type":"article","og_title":"1P-LSD 100mcg Blotters for Sale - Buy 1P-LSD 100mcg Online","og_description":"Looking for a reliable source to buy 1P-LSD 100mcg Blotters online? Your search ends here. Order 1P-LSD 100mcg Blotters for sale today and receive up to 50% off on selected items. Grab the deals Now!","og_url":"https:\/\/legitgrams.com\/pt\/produto\/1p-lsd-100mcg-blotters-cheap\/","og_site_name":"Legit Grams","article_modified_time":"2025-03-07T04:57:10+00:00","og_image":[{"width":600,"height":600,"url":"https:\/\/legitgrams.com\/wp-content\/uploads\/2024\/09\/Buy-1P-LSD-100mcg-Blotters-cheap-online.jpg","type":"image\/jpeg"}],"twitter_card":"summary_large_image","twitter_misc":{"Tempo estimado de leitura":"2 minutos"},"schema":{"@context":"https:\/\/schema.org","@graph":[{"@type":"WebPage","@id":"https:\/\/legitgrams.com\/product\/1p-lsd-100mcg-blotters-cheap\/","url":"https:\/\/legitgrams.com\/product\/1p-lsd-100mcg-blotters-cheap\/","name":"1P-LSD 100mcg Blotters para venda - Comprar 1P-LSD 100mcg online","isPartOf":{"@id":"https:\/\/legitgrams.com\/#website"},"primaryImageOfPage":{"@id":"https:\/\/legitgrams.com\/product\/1p-lsd-100mcg-blotters-cheap\/#primaryimage"},"image":{"@id":"https:\/\/legitgrams.com\/product\/1p-lsd-100mcg-blotters-cheap\/#primaryimage"},"thumbnailUrl":"https:\/\/legitgrams.com\/wp-content\/uploads\/2024\/09\/Buy-1P-LSD-100mcg-Blotters-cheap-online.jpg","datePublished":"2024-09-20T06:32:23+00:00","dateModified":"2025-03-07T04:57:10+00:00","description":"Procura uma fonte fi\u00e1vel para comprar 1P-LSD 100mcg Blotters online? A sua pesquisa termina aqui. Encomende 1P-LSD 100mcg Blotters para venda hoje e receba at\u00e9 50% de desconto em itens selecionados. Agarre as ofertas agora!","breadcrumb":{"@id":"https:\/\/legitgrams.com\/product\/1p-lsd-100mcg-blotters-cheap\/#breadcrumb"},"inLanguage":"pt-PT","potentialAction":[{"@type":"ReadAction","target":["https:\/\/legitgrams.com\/product\/1p-lsd-100mcg-blotters-cheap\/"]}]},{"@type":"ImageObject","inLanguage":"pt-PT","@id":"https:\/\/legitgrams.com\/product\/1p-lsd-100mcg-blotters-cheap\/#primaryimage","url":"https:\/\/legitgrams.com\/wp-content\/uploads\/2024\/09\/Buy-1P-LSD-100mcg-Blotters-cheap-online.jpg","contentUrl":"https:\/\/legitgrams.com\/wp-content\/uploads\/2024\/09\/Buy-1P-LSD-100mcg-Blotters-cheap-online.jpg","width":600,"height":600,"caption":"1P-LSD 100mcg Blotters cheap for Sale"},{"@type":"BreadcrumbList","@id":"https:\/\/legitgrams.com\/product\/1p-lsd-100mcg-blotters-cheap\/#breadcrumb","itemListElement":[{"@type":"ListItem","position":1,"name":"Home","item":"https:\/\/legitgrams.com\/"},{"@type":"ListItem","position":2,"name":"Shop","item":"https:\/\/legitgrams.com\/shop\/"},{"@type":"ListItem","position":3,"name":"Buy 1P-LSD 100mcg Blotters cheap Online"}]},{"@type":"WebSite","@id":"https:\/\/legitgrams.com\/#website","url":"https:\/\/legitgrams.com\/","name":"Gramas leg\u00edtimas","description":"O meu blogue WordPress","publisher":{"@id":"https:\/\/legitgrams.com\/#organization"},"potentialAction":[{"@type":"SearchAction","target":{"@type":"EntryPoint","urlTemplate":"https:\/\/legitgrams.com\/?s={search_term_string}"},"query-input":{"@type":"PropertyValueSpecification","valueRequired":true,"valueName":"search_term_string"}}],"inLanguage":"pt-PT"},{"@type":"Organization","@id":"https:\/\/legitgrams.com\/#organization","name":"Gramas leg\u00edtimas","url":"https:\/\/legitgrams.com\/","logo":{"@type":"ImageObject","inLanguage":"pt-PT","@id":"https:\/\/legitgrams.com\/#\/schema\/logo\/image\/","url":"https:\/\/legitgrams.com\/wp-content\/uploads\/2024\/09\/main-logo.png","contentUrl":"https:\/\/legitgrams.com\/wp-content\/uploads\/2024\/09\/main-logo.png","width":270,"height":75,"caption":"Legit Grams"},"image":{"@id":"https:\/\/legitgrams.com\/#\/schema\/logo\/image\/"}}]}},"uagb_featured_image_src":{"full":["https:\/\/legitgrams.com\/wp-content\/uploads\/2024\/09\/Buy-1P-LSD-100mcg-Blotters-cheap-online.jpg",600,600,false],"thumbnail":["https:\/\/legitgrams.com\/wp-content\/uploads\/2024\/09\/Buy-1P-LSD-100mcg-Blotters-cheap-online-150x150.jpg",150,150,true],"medium":["https:\/\/legitgrams.com\/wp-content\/uploads\/2024\/09\/Buy-1P-LSD-100mcg-Blotters-cheap-online-300x300.jpg",300,300,true],"medium_large":["https:\/\/legitgrams.com\/wp-content\/uploads\/2024\/09\/Buy-1P-LSD-100mcg-Blotters-cheap-online.jpg",600,600,false],"large":["https:\/\/legitgrams.com\/wp-content\/uploads\/2024\/09\/Buy-1P-LSD-100mcg-Blotters-cheap-online.jpg",600,600,false],"1536x1536":["https:\/\/legitgrams.com\/wp-content\/uploads\/2024\/09\/Buy-1P-LSD-100mcg-Blotters-cheap-online.jpg",600,600,false],"2048x2048":["https:\/\/legitgrams.com\/wp-content\/uploads\/2024\/09\/Buy-1P-LSD-100mcg-Blotters-cheap-online.jpg",600,600,false],"trp-custom-language-flag":["https:\/\/legitgrams.com\/wp-content\/uploads\/2024\/09\/Buy-1P-LSD-100mcg-Blotters-cheap-online-12x12.jpg",12,12,true],"woocommerce_thumbnail":["https:\/\/legitgrams.com\/wp-content\/uploads\/2024\/09\/Buy-1P-LSD-100mcg-Blotters-cheap-online-300x300.jpg",300,300,true],"woocommerce_single":["https:\/\/legitgrams.com\/wp-content\/uploads\/2024\/09\/Buy-1P-LSD-100mcg-Blotters-cheap-online.jpg",600,600,false],"woocommerce_gallery_thumbnail":["https:\/\/legitgrams.com\/wp-content\/uploads\/2024\/09\/Buy-1P-LSD-100mcg-Blotters-cheap-online-100x100.jpg",100,100,true]},"uagb_author_info":{"display_name":"cokeblog18","author_link":"https:\/\/legitgrams.com\/pt\/author\/"},"uagb_comment_info":0,"uagb_excerpt":"Cheap 100mcg 1P-LSD Blotters for Sale The Indica dominating strain L.S.D. was named after a strong hallucinogenic substance because of its incredibly intellectual and psychedelic high. Before the strain, there is a high-energy, joyful feeling that can induce psychological fog, leaving some people entirely confused and &#8220;intellectually stuck.&#8221; Several clients report that using LSD makes&hellip;","_links":{"self":[{"href":"https:\/\/legitgrams.com\/pt\/wp-json\/wp\/v2\/product\/3834","targetHints":{"allow":["GET"]}}],"collection":[{"href":"https:\/\/legitgrams.com\/pt\/wp-json\/wp\/v2\/product"}],"about":[{"href":"https:\/\/legitgrams.com\/pt\/wp-json\/wp\/v2\/types\/product"}],"replies":[{"embeddable":true,"href":"https:\/\/legitgrams.com\/pt\/wp-json\/wp\/v2\/comments?post=3834"}],"wp:featuredmedia":[{"embeddable":true,"href":"https:\/\/legitgrams.com\/pt\/wp-json\/wp\/v2\/media\/5177"}],"wp:attachment":[{"href":"https:\/\/legitgrams.com\/pt\/wp-json\/wp\/v2\/media?parent=3834"}],"wp:term":[{"taxonomy":"product_brand","embeddable":true,"href":"https:\/\/legitgrams.com\/pt\/wp-json\/wp\/v2\/product_brand?post=3834"},{"taxonomy":"product_cat","embeddable":true,"href":"https:\/\/legitgrams.com\/pt\/wp-json\/wp\/v2\/product_cat?post=3834"},{"taxonomy":"product_tag","embeddable":true,"href":"https:\/\/legitgrams.com\/pt\/wp-json\/wp\/v2\/product_tag?post=3834"}],"curies":[{"name":"wp","href":"https:\/\/api.w.org\/{rel}","templated":true}]}}