{"id":3840,"date":"2024-09-20T06:43:00","date_gmt":"2024-09-20T06:43:00","guid":{"rendered":"https:\/\/legitgrams.com\/?post_type=product&#038;p=3840"},"modified":"2025-01-14T10:11:44","modified_gmt":"2025-01-14T10:11:44","slug":"motrin-ibuprofeno-600mg-comprimidos","status":"publish","type":"product","link":"https:\/\/legitgrams.com\/pt\/produto\/motrin-ibuprofeno-600mg-comprimidos\/","title":{"rendered":"Motrin - Ibuprofeno 600mg comprimidos"},"content":{"rendered":"<h2>Compre 600 mg de comprimidos de Motrin-Ibuprofeno online Formul\u00e1rios de Medicamentos<\/h2>\n<p><a href=\"https:\/\/legitgrams.com\/pt\/produto\/motrin-ibuprofeno-600mg-comprimidos\/\">Motrin<\/a> pertence \u00e0 classe de medicamentos conhecidos como anti-inflamat\u00f3rios n\u00e3o esteroides, ou AINEs. Motrin combina efeitos anti-inflamat\u00f3rios, antipir\u00e9ticos e analg\u00e9sicos em um \u00fanico efeito terap\u00eautico.<\/p>\n<p>Motrin reduz dores de cabe\u00e7a, dores de dentes, dores musculares e articulares, e danos ou alongamentos do tecido conjuntivo. Al\u00e9m disso, Motrin pode reduzir a frequ\u00eancia e a dura\u00e7\u00e3o dos sintomas relacionados \u00e0 dismenorreia prim\u00e1ria ou secund\u00e1ria, gripe e resfriados. <a href=\"https:\/\/legitgrams.com\/pt\/\">LegitGrams<\/a><\/p>\n<p>Ap\u00f3s a administra\u00e7\u00e3o oral, Motrin atinge as suas reac\u00e7\u00f5es sintom\u00e1ticas m\u00e1ximas em cerca de 60 minutos. Motrin 300 mg ou 400 mg de 4 em 4 horas \u00e9 a dose sugerida para o tratamento sintom\u00e1tico da dor ligeira a moderada. As doses \u00fanicas de Motrin 600 mg podem ser utilizadas para aliviar a dor aguda.<\/p>\n<p>Motrin \u00e9 um membro da classe de medicamentos anti-inflamat\u00f3rios n\u00e3o ester\u00f3ides (NSAID). Motrin tem propriedades analg\u00e9sicas, antipir\u00e9ticas e anti-inflamat\u00f3rias integradas num \u00fanico efeito terap\u00eautico.<\/p>\n<p>Motrin alivia as dores nas articula\u00e7\u00f5es, m\u00fasculos, dores de cabe\u00e7a, dores de dentes e les\u00f5es ou distens\u00f5es do tecido conjuntivo. Al\u00e9m disso, Motrin ajuda a reduzir a frequ\u00eancia e a dura\u00e7\u00e3o dos sintomas de constipa\u00e7\u00e3o, gripe e dismenorreia prim\u00e1ria ou secund\u00e1ria.<\/p>\n<p>Ap\u00f3s dose oral, <a href=\"https:\/\/en.wikipedia.org\/?title=Motrin&amp;redirect=no\">Motrin<\/a> atinge as suas reac\u00e7\u00f5es sintom\u00e1ticas m\u00e1ximas em cerca de 60 minutos. Motrin 300 mg ou 400 mg de 4 em 4 horas \u00e9 a dose sugerida para o tratamento sintom\u00e1tico da dor ligeira a moderada. Podem ser utilizadas doses \u00fanicas de Motrin 800 mg para tratar a dor aguda.<\/p>\n<p>&nbsp;<\/p>","protected":false},"excerpt":{"rendered":"<p>Purchase 600 mg of Motrin-Ibuprofen tablets online Drug Applications Motrin belongs to the class of medications known as nonsteroidal anti-inflammatory drugs, or NSAIDs. Motrin combines anti-inflammatory, antipyretic, and analgesic effects into a single therapeutic effect. Motrin reduces headaches, teethaches, joint and muscle pain, and connective tissue damage or stretching. Additionally, Motrin can reduce the frequency &hellip;<\/p>\n<p class=\"read-more\"> <a class=\"\" href=\"https:\/\/legitgrams.com\/pt\/produto\/motrin-ibuprofeno-600mg-comprimidos\/\"> <span class=\"screen-reader-text\">Motrin - Ibuprofeno 600mg comprimidos<\/span> Ler mais \"<\/a><\/p>","protected":false},"featured_media":5237,"comment_status":"open","ping_status":"closed","template":"","meta":{"_uag_custom_page_level_css":"","site-sidebar-layout":"default","site-content-layout":"default","ast-global-header-display":"","ast-main-header-display":"","ast-hfb-above-header-display":"","ast-hfb-below-header-display":"","ast-hfb-mobile-header-display":"","site-post-title":"","ast-breadcrumbs-content":"","ast-featured-img":"","footer-sml-layout":"","theme-transparent-header-meta":"default","adv-header-id-meta":"","stick-header-meta":"default","header-above-stick-meta":"","header-main-stick-meta":"","header-below-stick-meta":"","_joinchat":[]},"product_brand":[],"product_cat":[608,597],"product_tag":[4809,4799,617,4791,4806,4803,4798,4790,4793,4801,4794,4792,4802,4804,4811,4812,4810,4807,4796,4808,4805,625,4797,4800,4795],"class_list":{"0":"post-3840","1":"product","2":"type-product","3":"status-publish","4":"has-post-thumbnail","6":"product_cat-pain-pills","7":"product_cat-pain-sleeping-sex-pills","8":"product_tag-best-cheap-price-motrin-ibuprofen-600mg-pills","9":"product_tag-best-place-to-buy-motrin-ibuprofen-600mg-pills","10":"product_tag-bulk-online","11":"product_tag-buy-motrin-ibuprofen-600mg-pills","12":"product_tag-cheap-motrin-ibuprofen-600mg-pills","13":"product_tag-high-quality-motrin-ibuprofen-600mg-pills","14":"product_tag-how-to-buy-motrin-ibuprofen-600mg-pills","15":"product_tag-motrin-ibuprofen-600mg-pills","16":"product_tag-motrin-ibuprofen-600mg-pills-for-sale","17":"product_tag-motrin-ibuprofen-600mg-pills-legally","18":"product_tag-motrin-ibuprofen-600mg-pills-motrin-ibuprofen-600mg-pills-supplier","19":"product_tag-motrin-ibuprofen-600mg-pills-online","20":"product_tag-motrin-ibuprofen-600mg-pills-price","21":"product_tag-motrin-ibuprofen-600mg-pills-store","22":"product_tag-motrin-ibuprofen-600mg-pills-use","23":"product_tag-motrin-ibuprofen-600mg-pills-wiki","24":"product_tag-motrin-ibuprofen-600mg-pills-worldwide","25":"product_tag-motrin-ibuprofen-600mg-pillss","26":"product_tag-order-motrin-ibuprofen-600mg-pills","27":"product_tag-purcharse-motrin-ibuprofen-600mg-pills","28":"product_tag-shop-motrin-ibuprofen-600mg-pills","29":"product_tag-top-quality","30":"product_tag-where-to-buy-motrin-ibuprofen-600mg-pills","31":"product_tag-where-to-order-motrin-ibuprofen-600mg-pills","32":"product_tag-wholesale-motrin-ibuprofen-600mg-pills","33":"desktop-align-left","34":"tablet-align-left","35":"mobile-align-left","36":"ast-product-gallery-layout-horizontal","37":"ast-product-gallery-with-no-image","38":"ast-product-single-variable","39":"ast-product-tabs-layout-horizontal","40":"ast-qv-on-image","42":"first","43":"instock","44":"shipping-taxable","45":"purchasable","46":"product-type-variable"},"yoast_head":"<!-- This site is optimized with the Yoast SEO plugin v25.9 - https:\/\/yoast.com\/wordpress\/plugins\/seo\/ -->\n<title>Buy Motrin Ibuprofen 600mg Pills Online @ Best Price | LegitGrams<\/title>\n<meta name=\"description\" content=\"Looking to further your research? Buy Motrin Ibuprofen 600mg pills conveniently and securely online, with a straightforward ordering process for Motrin Ibuprofen 600mg pills for sale. Explore the possibilities and buy Motrin Ibuprofen 600mg pills online for your research endeavors today.\" \/>\n<meta name=\"robots\" content=\"index, follow, max-snippet:-1, max-image-preview:large, max-video-preview:-1\" \/>\n<link rel=\"canonical\" href=\"https:\/\/legitgrams.com\/pt\/produto\/motrin-ibuprofeno-600mg-comprimidos\/\" \/>\n<meta property=\"og:locale\" content=\"pt_PT\" \/>\n<meta property=\"og:type\" content=\"article\" \/>\n<meta property=\"og:title\" content=\"Buy Motrin Ibuprofen 600mg Pills Online @ Best Price | LegitGrams\" \/>\n<meta property=\"og:description\" content=\"Looking to further your research? Buy Motrin Ibuprofen 600mg pills conveniently and securely online, with a straightforward ordering process for Motrin Ibuprofen 600mg pills for sale. Explore the possibilities and buy Motrin Ibuprofen 600mg pills online for your research endeavors today.\" \/>\n<meta property=\"og:url\" content=\"https:\/\/legitgrams.com\/pt\/produto\/motrin-ibuprofeno-600mg-comprimidos\/\" \/>\n<meta property=\"og:site_name\" content=\"Legit Grams\" \/>\n<meta property=\"article:modified_time\" content=\"2025-01-14T10:11:44+00:00\" \/>\n<meta property=\"og:image\" content=\"https:\/\/legitgrams.com\/wp-content\/uploads\/2024\/09\/buy-motrin-ibuprofen-600mg-pills-online.jpg\" \/>\n\t<meta property=\"og:image:width\" content=\"600\" \/>\n\t<meta property=\"og:image:height\" content=\"600\" \/>\n\t<meta property=\"og:image:type\" content=\"image\/jpeg\" \/>\n<meta name=\"twitter:card\" content=\"summary_large_image\" \/>\n<meta name=\"twitter:label1\" content=\"Tempo estimado de leitura\" \/>\n\t<meta name=\"twitter:data1\" content=\"2 minutos\" \/>\n<script type=\"application\/ld+json\" class=\"yoast-schema-graph\">{\"@context\":\"https:\/\/schema.org\",\"@graph\":[{\"@type\":\"WebPage\",\"@id\":\"https:\/\/legitgrams.com\/product\/motrin-ibuprofen-600mg-pills\/\",\"url\":\"https:\/\/legitgrams.com\/product\/motrin-ibuprofen-600mg-pills\/\",\"name\":\"Buy Motrin Ibuprofen 600mg Pills Online @ Best Price | LegitGrams\",\"isPartOf\":{\"@id\":\"https:\/\/legitgrams.com\/#website\"},\"primaryImageOfPage\":{\"@id\":\"https:\/\/legitgrams.com\/product\/motrin-ibuprofen-600mg-pills\/#primaryimage\"},\"image\":{\"@id\":\"https:\/\/legitgrams.com\/product\/motrin-ibuprofen-600mg-pills\/#primaryimage\"},\"thumbnailUrl\":\"https:\/\/legitgrams.com\/wp-content\/uploads\/2024\/09\/buy-motrin-ibuprofen-600mg-pills-online.jpg\",\"datePublished\":\"2024-09-20T06:43:00+00:00\",\"dateModified\":\"2025-01-14T10:11:44+00:00\",\"description\":\"Looking to further your research? Buy Motrin Ibuprofen 600mg pills conveniently and securely online, with a straightforward ordering process for Motrin Ibuprofen 600mg pills for sale. Explore the possibilities and buy Motrin Ibuprofen 600mg pills online for your research endeavors today.\",\"breadcrumb\":{\"@id\":\"https:\/\/legitgrams.com\/product\/motrin-ibuprofen-600mg-pills\/#breadcrumb\"},\"inLanguage\":\"pt-PT\",\"potentialAction\":[{\"@type\":\"ReadAction\",\"target\":[\"https:\/\/legitgrams.com\/product\/motrin-ibuprofen-600mg-pills\/\"]}]},{\"@type\":\"ImageObject\",\"inLanguage\":\"pt-PT\",\"@id\":\"https:\/\/legitgrams.com\/product\/motrin-ibuprofen-600mg-pills\/#primaryimage\",\"url\":\"https:\/\/legitgrams.com\/wp-content\/uploads\/2024\/09\/buy-motrin-ibuprofen-600mg-pills-online.jpg\",\"contentUrl\":\"https:\/\/legitgrams.com\/wp-content\/uploads\/2024\/09\/buy-motrin-ibuprofen-600mg-pills-online.jpg\",\"width\":600,\"height\":600,\"caption\":\"Motrin Ibuprofen 600mg Pills for Sale\"},{\"@type\":\"BreadcrumbList\",\"@id\":\"https:\/\/legitgrams.com\/product\/motrin-ibuprofen-600mg-pills\/#breadcrumb\",\"itemListElement\":[{\"@type\":\"ListItem\",\"position\":1,\"name\":\"Home\",\"item\":\"https:\/\/legitgrams.com\/\"},{\"@type\":\"ListItem\",\"position\":2,\"name\":\"Shop\",\"item\":\"https:\/\/legitgrams.com\/shop\/\"},{\"@type\":\"ListItem\",\"position\":3,\"name\":\"Motrin \u2013 Ibuprofen 600mg pills\"}]},{\"@type\":\"WebSite\",\"@id\":\"https:\/\/legitgrams.com\/#website\",\"url\":\"https:\/\/legitgrams.com\/\",\"name\":\"Legit Grams\",\"description\":\"My WordPress Blog\",\"publisher\":{\"@id\":\"https:\/\/legitgrams.com\/#organization\"},\"potentialAction\":[{\"@type\":\"SearchAction\",\"target\":{\"@type\":\"EntryPoint\",\"urlTemplate\":\"https:\/\/legitgrams.com\/?s={search_term_string}\"},\"query-input\":{\"@type\":\"PropertyValueSpecification\",\"valueRequired\":true,\"valueName\":\"search_term_string\"}}],\"inLanguage\":\"pt-PT\"},{\"@type\":\"Organization\",\"@id\":\"https:\/\/legitgrams.com\/#organization\",\"name\":\"Legit Grams\",\"url\":\"https:\/\/legitgrams.com\/\",\"logo\":{\"@type\":\"ImageObject\",\"inLanguage\":\"pt-PT\",\"@id\":\"https:\/\/legitgrams.com\/#\/schema\/logo\/image\/\",\"url\":\"https:\/\/legitgrams.com\/wp-content\/uploads\/2024\/09\/main-logo.png\",\"contentUrl\":\"https:\/\/legitgrams.com\/wp-content\/uploads\/2024\/09\/main-logo.png\",\"width\":270,\"height\":75,\"caption\":\"Legit Grams\"},\"image\":{\"@id\":\"https:\/\/legitgrams.com\/#\/schema\/logo\/image\/\"}}]}<\/script>\n<!-- \/ Yoast SEO plugin. -->","yoast_head_json":{"title":"Compre Motrin Ibuprofeno 600mg Comprimidos Online @ Melhor Pre\u00e7o | LegitGrams","description":"Quer continuar a sua pesquisa? Compre Motrin Ibuprofen 600mg comprimidos de forma conveniente e segura online, com um processo de encomenda simples para Motrin Ibuprofen 600mg comprimidos para venda. Explore as possibilidades e compre Motrin Ibuprofen 600mg comprimidos online para os seus esfor\u00e7os de investiga\u00e7\u00e3o hoje.","robots":{"index":"index","follow":"follow","max-snippet":"max-snippet:-1","max-image-preview":"max-image-preview:large","max-video-preview":"max-video-preview:-1"},"canonical":"https:\/\/legitgrams.com\/pt\/produto\/motrin-ibuprofeno-600mg-comprimidos\/","og_locale":"pt_PT","og_type":"article","og_title":"Buy Motrin Ibuprofen 600mg Pills Online @ Best Price | LegitGrams","og_description":"Looking to further your research? Buy Motrin Ibuprofen 600mg pills conveniently and securely online, with a straightforward ordering process for Motrin Ibuprofen 600mg pills for sale. Explore the possibilities and buy Motrin Ibuprofen 600mg pills online for your research endeavors today.","og_url":"https:\/\/legitgrams.com\/pt\/produto\/motrin-ibuprofeno-600mg-comprimidos\/","og_site_name":"Legit Grams","article_modified_time":"2025-01-14T10:11:44+00:00","og_image":[{"width":600,"height":600,"url":"https:\/\/legitgrams.com\/wp-content\/uploads\/2024\/09\/buy-motrin-ibuprofen-600mg-pills-online.jpg","type":"image\/jpeg"}],"twitter_card":"summary_large_image","twitter_misc":{"Tempo estimado de leitura":"2 minutos"},"schema":{"@context":"https:\/\/schema.org","@graph":[{"@type":"WebPage","@id":"https:\/\/legitgrams.com\/product\/motrin-ibuprofen-600mg-pills\/","url":"https:\/\/legitgrams.com\/product\/motrin-ibuprofen-600mg-pills\/","name":"Compre Motrin Ibuprofeno 600mg Comprimidos Online @ Melhor Pre\u00e7o | LegitGrams","isPartOf":{"@id":"https:\/\/legitgrams.com\/#website"},"primaryImageOfPage":{"@id":"https:\/\/legitgrams.com\/product\/motrin-ibuprofen-600mg-pills\/#primaryimage"},"image":{"@id":"https:\/\/legitgrams.com\/product\/motrin-ibuprofen-600mg-pills\/#primaryimage"},"thumbnailUrl":"https:\/\/legitgrams.com\/wp-content\/uploads\/2024\/09\/buy-motrin-ibuprofen-600mg-pills-online.jpg","datePublished":"2024-09-20T06:43:00+00:00","dateModified":"2025-01-14T10:11:44+00:00","description":"Quer continuar a sua pesquisa? Compre Motrin Ibuprofen 600mg comprimidos de forma conveniente e segura online, com um processo de encomenda simples para Motrin Ibuprofen 600mg comprimidos para venda. Explore as possibilidades e compre Motrin Ibuprofen 600mg comprimidos online para os seus esfor\u00e7os de investiga\u00e7\u00e3o hoje.","breadcrumb":{"@id":"https:\/\/legitgrams.com\/product\/motrin-ibuprofen-600mg-pills\/#breadcrumb"},"inLanguage":"pt-PT","potentialAction":[{"@type":"ReadAction","target":["https:\/\/legitgrams.com\/product\/motrin-ibuprofen-600mg-pills\/"]}]},{"@type":"ImageObject","inLanguage":"pt-PT","@id":"https:\/\/legitgrams.com\/product\/motrin-ibuprofen-600mg-pills\/#primaryimage","url":"https:\/\/legitgrams.com\/wp-content\/uploads\/2024\/09\/buy-motrin-ibuprofen-600mg-pills-online.jpg","contentUrl":"https:\/\/legitgrams.com\/wp-content\/uploads\/2024\/09\/buy-motrin-ibuprofen-600mg-pills-online.jpg","width":600,"height":600,"caption":"Motrin Ibuprofen 600mg Pills for Sale"},{"@type":"BreadcrumbList","@id":"https:\/\/legitgrams.com\/product\/motrin-ibuprofen-600mg-pills\/#breadcrumb","itemListElement":[{"@type":"ListItem","position":1,"name":"Home","item":"https:\/\/legitgrams.com\/"},{"@type":"ListItem","position":2,"name":"Shop","item":"https:\/\/legitgrams.com\/shop\/"},{"@type":"ListItem","position":3,"name":"Motrin \u2013 Ibuprofen 600mg pills"}]},{"@type":"WebSite","@id":"https:\/\/legitgrams.com\/#website","url":"https:\/\/legitgrams.com\/","name":"Gramas leg\u00edtimas","description":"O meu blogue WordPress","publisher":{"@id":"https:\/\/legitgrams.com\/#organization"},"potentialAction":[{"@type":"SearchAction","target":{"@type":"EntryPoint","urlTemplate":"https:\/\/legitgrams.com\/?s={search_term_string}"},"query-input":{"@type":"PropertyValueSpecification","valueRequired":true,"valueName":"search_term_string"}}],"inLanguage":"pt-PT"},{"@type":"Organization","@id":"https:\/\/legitgrams.com\/#organization","name":"Gramas leg\u00edtimas","url":"https:\/\/legitgrams.com\/","logo":{"@type":"ImageObject","inLanguage":"pt-PT","@id":"https:\/\/legitgrams.com\/#\/schema\/logo\/image\/","url":"https:\/\/legitgrams.com\/wp-content\/uploads\/2024\/09\/main-logo.png","contentUrl":"https:\/\/legitgrams.com\/wp-content\/uploads\/2024\/09\/main-logo.png","width":270,"height":75,"caption":"Legit Grams"},"image":{"@id":"https:\/\/legitgrams.com\/#\/schema\/logo\/image\/"}}]}},"uagb_featured_image_src":{"full":["https:\/\/legitgrams.com\/wp-content\/uploads\/2024\/09\/buy-motrin-ibuprofen-600mg-pills-online.jpg",600,600,false],"thumbnail":["https:\/\/legitgrams.com\/wp-content\/uploads\/2024\/09\/buy-motrin-ibuprofen-600mg-pills-online-150x150.jpg",150,150,true],"medium":["https:\/\/legitgrams.com\/wp-content\/uploads\/2024\/09\/buy-motrin-ibuprofen-600mg-pills-online-300x300.jpg",300,300,true],"medium_large":["https:\/\/legitgrams.com\/wp-content\/uploads\/2024\/09\/buy-motrin-ibuprofen-600mg-pills-online.jpg",600,600,false],"large":["https:\/\/legitgrams.com\/wp-content\/uploads\/2024\/09\/buy-motrin-ibuprofen-600mg-pills-online.jpg",600,600,false],"1536x1536":["https:\/\/legitgrams.com\/wp-content\/uploads\/2024\/09\/buy-motrin-ibuprofen-600mg-pills-online.jpg",600,600,false],"2048x2048":["https:\/\/legitgrams.com\/wp-content\/uploads\/2024\/09\/buy-motrin-ibuprofen-600mg-pills-online.jpg",600,600,false],"trp-custom-language-flag":["https:\/\/legitgrams.com\/wp-content\/uploads\/2024\/09\/buy-motrin-ibuprofen-600mg-pills-online-12x12.jpg",12,12,true],"woocommerce_thumbnail":["https:\/\/legitgrams.com\/wp-content\/uploads\/2024\/09\/buy-motrin-ibuprofen-600mg-pills-online-300x300.jpg",300,300,true],"woocommerce_single":["https:\/\/legitgrams.com\/wp-content\/uploads\/2024\/09\/buy-motrin-ibuprofen-600mg-pills-online.jpg",600,600,false],"woocommerce_gallery_thumbnail":["https:\/\/legitgrams.com\/wp-content\/uploads\/2024\/09\/buy-motrin-ibuprofen-600mg-pills-online-100x100.jpg",100,100,true]},"uagb_author_info":{"display_name":"cokeblog18","author_link":"https:\/\/legitgrams.com\/pt\/author\/"},"uagb_comment_info":0,"uagb_excerpt":"Purchase 600 mg of Motrin-Ibuprofen tablets online Drug Applications Motrin belongs to the class of medications known as nonsteroidal anti-inflammatory drugs, or NSAIDs. Motrin combines anti-inflammatory, antipyretic, and analgesic effects into a single therapeutic effect. Motrin reduces headaches, teethaches, joint and muscle pain, and connective tissue damage or stretching. Additionally, Motrin can reduce the frequency&hellip;","_links":{"self":[{"href":"https:\/\/legitgrams.com\/pt\/wp-json\/wp\/v2\/product\/3840","targetHints":{"allow":["GET"]}}],"collection":[{"href":"https:\/\/legitgrams.com\/pt\/wp-json\/wp\/v2\/product"}],"about":[{"href":"https:\/\/legitgrams.com\/pt\/wp-json\/wp\/v2\/types\/product"}],"replies":[{"embeddable":true,"href":"https:\/\/legitgrams.com\/pt\/wp-json\/wp\/v2\/comments?post=3840"}],"wp:featuredmedia":[{"embeddable":true,"href":"https:\/\/legitgrams.com\/pt\/wp-json\/wp\/v2\/media\/5237"}],"wp:attachment":[{"href":"https:\/\/legitgrams.com\/pt\/wp-json\/wp\/v2\/media?parent=3840"}],"wp:term":[{"taxonomy":"product_brand","embeddable":true,"href":"https:\/\/legitgrams.com\/pt\/wp-json\/wp\/v2\/product_brand?post=3840"},{"taxonomy":"product_cat","embeddable":true,"href":"https:\/\/legitgrams.com\/pt\/wp-json\/wp\/v2\/product_cat?post=3840"},{"taxonomy":"product_tag","embeddable":true,"href":"https:\/\/legitgrams.com\/pt\/wp-json\/wp\/v2\/product_tag?post=3840"}],"curies":[{"name":"wp","href":"https:\/\/api.w.org\/{rel}","templated":true}]}}