{"id":3852,"date":"2024-09-20T07:31:36","date_gmt":"2024-09-20T07:31:36","guid":{"rendered":"https:\/\/legitgrams.com\/?post_type=product&#038;p=3852"},"modified":"2025-04-05T06:24:32","modified_gmt":"2025-04-05T06:24:32","slug":"oxicodona-10mg","status":"publish","type":"product","link":"https:\/\/legitgrams.com\/pt\/produto\/oxicodona-10mg\/","title":{"rendered":"Compre Oxicodona 10mg Online"},"content":{"rendered":"<h2>Compre Oxycodone 10 mg online. Compre Oxycodone 10 mg e 30 mg online.<\/h2>\n<p>Um medicamento opi\u00f3ide para o tratamento da dor moderada a grave \u00e9 <a href=\"https:\/\/en.wikipedia.org\/wiki\/Oxycodone\">oxicodona<\/a>. \u00c9 um medicamento oral dispon\u00edvel em formula\u00e7\u00f5es de liberta\u00e7\u00e3o imediata e prolongada. Os efeitos da oxicodona de liberta\u00e7\u00e3o imediata passam normalmente em cerca de seis horas, com um tempo m\u00e9dio de in\u00edcio de a\u00e7\u00e3o de quinze minutos. Al\u00e9m disso, a oxicodona pode ser comprada online em combina\u00e7\u00e3o com aspirina ou acetaminofeno.<\/p>\n<p><a href=\"https:\/\/www.bing.com\/search?q=Buy%20Oxycodone%2010mg%20Online&amp;qs=n&amp;form=QBRE&amp;sp=-1&amp;lq=0&amp;pq=buy%20oxycodone%2010mg%20online&amp;sc=0-25&amp;sk=&amp;cvid=802B02329C1B4EC996D8AEE3F861180A&amp;ghsh=0&amp;ghacc=0&amp;ghpl=\">Oxycodone<\/a> \u00e9 mais potente que a morfina, como evidenciado por estudos que mostram que 5 mg de oxicodona s\u00e3o cerca de 1,5 vezes mais eficazes que 5 mg de morfina.<\/p>\n<p>Em 1916, foi realizada a primeira <a href=\"https:\/\/legitgrams.com\/pt\/produto\/oxicodona-10mg\/\">oxicodona<\/a> produzido a partir do bovino pelos alem\u00e3es. Uma vers\u00e3o gen\u00e9rica do medicamento, que custa menos de $0,30 por comprimido no atacado, tamb\u00e9m \u00e9 oferecida nos EUA.<\/p>\n<p>Com mais de 10 milh\u00f5es de prescri\u00e7\u00f5es escritas anualmente, <a href=\"https:\/\/www.google.com\/search?q=Compre+Oxicodona+10mg+Online&amp;sca_esv=eddefdb7b92e7545&amp;sxsrf=AHTn8zptBl6O7-lxtvgBwfTD_YdnOPHoBQ1743834576896&amp;ei=0M3wZ6u4Nv_00PEPwompwQY&amp;ved=0ahUKEwir4IKEosCMAxV_OjQIHcJEKmgQ4dUDCBA&amp;uact=5&amp;oq=Compre+Oxicodona+10mg+Online&amp;gs_lp=Egxnd3Mtd2l6LXNlcnAiHENvbXByZSBPeGljb2RvbmEgMTBtZyBPbmxpbmUyBxAhGKABGAoyBxAhGKABGAoyBxAhGKABGAoyBxAhGKABGApIxwRQAFgAcAB4AJABAJgBigOgAYoDqgEDMy0xuAEDyAEA-AEC-AEBmAIBoAKPA5gDAJIHAzMtMaAHwgWyBwMzLTG4B48D&amp;sclient=gws-wiz-serp\">oxicodona<\/a> \u00e9 um dos analg\u00e9sicos opioides mais frequentemente prescritos nos EUA.<\/p>\n<h3>Aplica\u00e7\u00f5es para Oxycodone<\/h3>\n<p>Para o tratamento da dor aguda ou cr\u00f3nica moderada a grave, pode comprar oxicodona online. Os m\u00e9dicos apenas recomendam a oxicodona quando os doentes n\u00e3o conseguem obter o al\u00edvio necess\u00e1rio da dor atrav\u00e9s de op\u00e7\u00f5es terap\u00eauticas alternativas, tais como opi\u00f3ides combinados ou analg\u00e9sicos n\u00e3o opi\u00f3ides. Em determinadas circunst\u00e2ncias, o medicamento pode tamb\u00e9m melhorar a qualidade de vida. <a href=\"https:\/\/legitgrams.com\/pt\/\">LegitGrams<\/a><\/p>\n<p>Al\u00e9m disso, a oxicodona tem efeitos analg\u00e9sicos que duram at\u00e9 12 horas e \u00e9 acess\u00edvel como comprimidos de libera\u00e7\u00e3o controlada. De acordo com um estudo independente conduzido em julho de 1996, a forma de libera\u00e7\u00e3o controlada da oxicodona tem uma meia-vida vari\u00e1vel de 10 a 12 horas.<\/p>\n<p>Uma an\u00e1lise de 2006 descobriu que, quando usada para tratar a dor do c\u00e2ncer, a oxicodona de libera\u00e7\u00e3o controlada tem menos efeitos colaterais do que a hidromorfona, a morfina e suas contrapartes de libera\u00e7\u00e3o imediata. De acordo com o estudo, a oxicodona de libera\u00e7\u00e3o controlada \u00e9 uma alternativa competitiva \u00e0 morfina e um bom tratamento de primeira linha para a dor do c\u00e2ncer. <a href=\"https:\/\/duckduckgo.com\/?q=Compre+Oxicodona+10mg+Online&amp;t=h_&amp;ia=web\">oxicodona<\/a> is a competitive alternative to morphine and a good first-line treatment for cancer pain.<\/p>\n<p>Nos EUA, a FDA s\u00f3 autoriza oxicodona de libera\u00e7\u00e3o prolongada para crian\u00e7as com 11 anos ou mais que estejam sofrendo de dor p\u00f3s-operat\u00f3ria, trauma ou c\u00e2ncer e que estejam atualmente em terapia analg\u00e9sica opioide e que sejam capazes de tomar pelo menos 20 mg do medicamento.<span style=\"font-size: 16px;\">\u00a0de oxicodona por dia.<\/span><\/p>\n<h3>Abordagem para a a\u00e7\u00e3o<\/h3>\n<p>Oxicodona \u00e9 um opioide artificial ou semissint\u00e9tico que funciona como um agonista seletivo total do receptor mu-opioide (MOR), o alvo biol\u00f3gico prim\u00e1rio do neuropept\u00eddeo opioide end\u00f3geno beta-endorfina. Embora o medicamento tenha uma afinidade modesta por esses receptores, ele \u00e9 um agonista do receptor delta opioide (DOR) e do receptor k-opioide (KOR). Ap\u00f3s se ligar ao MOR, a oxicodona forma um complexo de prote\u00edna G que reduz a produ\u00e7\u00e3o de AMPc, abre os canais de c\u00e1lcio e fecha os canais de pot\u00e1ssio, bloqueando assim a libera\u00e7\u00e3o de neurotransmissores celulares.<\/p>\n<p>Acredita-se que a ativa\u00e7\u00e3o do MOR nas \u00e1reas da medula ventromedial rostral (RVM) e da subst\u00e2ncia cinzenta periaquedutal (PAG) do mesenc\u00e9falo seja a causa dos efeitos analg\u00e9sicos da oxicodona. No entanto, eles induzem o v\u00edcio ao ativar o MOR no nucleus accumbens, ventral pallidum e na \u00e1rea tegmental ventral da via de recompensa mesol\u00edmbica.<\/p>\n<h3>Resultados adversos<\/h3>\n<p>A oxicodona tem v\u00e1rios efeitos negativos al\u00e9m de sua fun\u00e7\u00e3o terap\u00eautica essencial. Voc\u00ea s\u00f3 deve comprar oxicodona online com receita m\u00e9dica. O medicamento tem efeitos colaterais s\u00e9rios, incluindo depress\u00e3o respirat\u00f3ria, euforia, ansi\u00f3lise, sensibilidade reduzida \u00e0 dor e sensa\u00e7\u00f5es de relaxamento.<\/p>\n<h3>Entre os efeitos secund\u00e1rios frequentes da oxicodona contam-se<\/h3>\n<p>n\u00e1useas (23%).<br \/>\nobstipa\u00e7\u00e3o (23%).<\/p>\n<p>Sonol\u00eancia (23%).<br \/>\nComich\u00e3o (13%).<br \/>\nTonturas (13%)<br \/>\nRetching (12%)<br \/>\nSecura da boca (6%).<br \/>\nTranspira\u00e7\u00e3o (5%)<br \/>\nMenos de 5% dos doentes apresentam efeitos secund\u00e1rios menos comuns com a oxicodona, tais como solu\u00e7os, ansiedade, diarreia, dor abdominal, dispneia e falta de apetite.<\/p>\n<p>Com o tempo, a maioria dos efeitos negativos diminui de intensidade e acaba por desaparecer em poucos dias ou numa semana. No entanto, \u00e9 mais prov\u00e1vel que a obstipa\u00e7\u00e3o persista durante a utiliza\u00e7\u00e3o.<\/p>\n<h3>Intera\u00e7\u00f5es<\/h3>\n<p>O medicamento tem efeitos secund\u00e1rios indesej\u00e1veis quando se mistura com outros medicamentos. Para saber mais sobre todas as intera\u00e7\u00f5es medicamentosas poss\u00edveis, \u00e9 melhor comprar oxicodona online e ler atentamente as instru\u00e7\u00f5es do r\u00f3tulo.<\/p>\n<p>As enzimas CYP3A4 e CYP2D6 decomp\u00f5em a oxicodona. Por conseguinte, ao prolongar ou encurtar a semi-vida do f\u00e1rmaco, respetivamente, os indutores e inibidores destas enzimas podem alterar a taxa de elimina\u00e7\u00e3o da oxicodona do organismo. As variantes gen\u00e9ticas destas enzimas tamb\u00e9m afectam a quantidade de oxicodona que \u00e9 removida, o que est\u00e1 relacionado com a grande variabilidade interindividual na pot\u00eancia e meia-vida da oxicodona.<\/p>\n<p>Como o CYP2D6 e o CYP3A4 s\u00e3o inibidos pelo lopinavir\/ritonavir ou pelo ritonavir, as concentra\u00e7\u00f5es plasm\u00e1ticas da oxicodona aumentam drasticamente em indiv\u00edduos saud\u00e1veis.<\/p>\n<p>A capacidade da rifampicina para induzir o CYP3A4 ativo reduz os n\u00edveis plasm\u00e1ticos da oxicodona. A fosfenito\u00edna, um indutor do CYP2A4, diminui significativamente os efeitos analg\u00e9sicos da oxicodona num doente com dor cr\u00f3nica.<\/p>\n<p>Se houver intera\u00e7\u00f5es medicamentosas, o m\u00e9dico tem de alterar as dosagens ou as prescri\u00e7\u00f5es.<\/p>\n<p>&nbsp;<\/p>","protected":false},"excerpt":{"rendered":"<p>Purchase Oxycodone 10 mg online. Buy Oxycodone 10 mg and 30 mg online. One opioid medication for treating moderate to severe pain is oxycodone. It is an oral drug available in formulations for both immediate and prolonged release. The effects of immediate-release oxycodone usually wear off in about six hours, with an average start time &hellip;<\/p>\n<p class=\"read-more\"> <a class=\"\" href=\"https:\/\/legitgrams.com\/pt\/produto\/oxicodona-10mg\/\"> <span class=\"screen-reader-text\">Compre Oxicodona 10mg Online<\/span> Ler mais \"<\/a><\/p>","protected":false},"featured_media":5220,"comment_status":"open","ping_status":"closed","template":"","meta":{"_uag_custom_page_level_css":"","site-sidebar-layout":"default","site-content-layout":"default","ast-global-header-display":"","ast-main-header-display":"","ast-hfb-above-header-display":"","ast-hfb-below-header-display":"","ast-hfb-mobile-header-display":"","site-post-title":"","ast-breadcrumbs-content":"","ast-featured-img":"","footer-sml-layout":"","theme-transparent-header-meta":"default","adv-header-id-meta":"","stick-header-meta":"default","header-above-stick-meta":"","header-main-stick-meta":"","header-below-stick-meta":"","_joinchat":[]},"product_brand":[],"product_cat":[608,597],"product_tag":[4717,4707,617,4699,4714,4711,4706,4704,4698,4701,4709,4700,4702,4710,4712,4719,4720,4718,4715,4716,4713,625,4705,4708,4703],"class_list":{"0":"post-3852","1":"product","2":"type-product","3":"status-publish","4":"has-post-thumbnail","6":"product_cat-pain-pills","7":"product_cat-pain-sleeping-sex-pills","8":"product_tag-best-cheap-price-oxycodone-10mg","9":"product_tag-best-place-to-buy-oxycodone-10mg","10":"product_tag-bulk-online","11":"product_tag-buy-oxycodone-10mg","12":"product_tag-cheap-oxycodone-10mg","13":"product_tag-high-quality-oxycodone-10mg","14":"product_tag-how-to-buy-oxycodone-10mg","15":"product_tag-order-oxycodone-10mg","16":"product_tag-oxycodone-10mg","17":"product_tag-oxycodone-10mg-for-sale","18":"product_tag-oxycodone-10mg-legally","19":"product_tag-oxycodone-10mg-online","20":"product_tag-oxycodone-10mg-oxycodone-10mg-supplier","21":"product_tag-oxycodone-10mg-price","22":"product_tag-oxycodone-10mg-store","23":"product_tag-oxycodone-10mg-use","24":"product_tag-oxycodone-10mg-wiki","25":"product_tag-oxycodone-10mg-worldwide","26":"product_tag-oxycodone-10mgs","27":"product_tag-purcharse-oxycodone-10mg","28":"product_tag-shop-oxycodone-10mg","29":"product_tag-top-quality","30":"product_tag-where-to-buy-oxycodone-10mg","31":"product_tag-where-to-order-oxycodone-10mg","32":"product_tag-wholesale-oxycodone-10mg","33":"desktop-align-left","34":"tablet-align-left","35":"mobile-align-left","36":"ast-product-gallery-layout-horizontal","37":"ast-product-gallery-with-no-image","38":"ast-product-single-variable","39":"ast-product-tabs-layout-horizontal","40":"ast-qv-on-image","42":"first","43":"instock","44":"featured","45":"shipping-taxable","46":"purchasable","47":"product-type-variable"},"yoast_head":"<!-- This site is optimized with the Yoast SEO plugin v25.9 - https:\/\/yoast.com\/wordpress\/plugins\/seo\/ -->\n<title>Oxycodone 10mg for Sale - Order Oxycodone 10mg Pills Online<\/title>\n<meta name=\"description\" content=\"Discover top-notch Oxycodone 10mg for sale at our online store - buy Oxycodone 10mg conveniently and securely to fuel your research. Explore and buy Oxycodone 10mg online, advancing your scientific endeavors with ease. Order Now!\" \/>\n<meta name=\"robots\" content=\"index, follow, max-snippet:-1, max-image-preview:large, max-video-preview:-1\" \/>\n<link rel=\"canonical\" href=\"https:\/\/legitgrams.com\/pt\/produto\/oxicodona-10mg\/\" \/>\n<meta property=\"og:locale\" content=\"pt_PT\" \/>\n<meta property=\"og:type\" content=\"article\" \/>\n<meta property=\"og:title\" content=\"Oxycodone 10mg for Sale - Order Oxycodone 10mg Pills Online\" \/>\n<meta property=\"og:description\" content=\"Discover top-notch Oxycodone 10mg for sale at our online store - buy Oxycodone 10mg conveniently and securely to fuel your research. Explore and buy Oxycodone 10mg online, advancing your scientific endeavors with ease. Order Now!\" \/>\n<meta property=\"og:url\" content=\"https:\/\/legitgrams.com\/pt\/produto\/oxicodona-10mg\/\" \/>\n<meta property=\"og:site_name\" content=\"Legit Grams\" \/>\n<meta property=\"article:modified_time\" content=\"2025-04-05T06:24:32+00:00\" \/>\n<meta property=\"og:image\" content=\"https:\/\/legitgrams.com\/wp-content\/uploads\/2024\/09\/buy-roxicodone-30mg-pills-online.jpg\" \/>\n\t<meta property=\"og:image:width\" content=\"600\" \/>\n\t<meta property=\"og:image:height\" content=\"600\" \/>\n\t<meta property=\"og:image:type\" content=\"image\/jpeg\" \/>\n<meta name=\"twitter:card\" content=\"summary_large_image\" \/>\n<meta name=\"twitter:label1\" content=\"Tempo estimado de leitura\" \/>\n\t<meta name=\"twitter:data1\" content=\"4 minutos\" \/>\n<script type=\"application\/ld+json\" class=\"yoast-schema-graph\">{\"@context\":\"https:\/\/schema.org\",\"@graph\":[{\"@type\":\"WebPage\",\"@id\":\"https:\/\/legitgrams.com\/product\/oxycodone-10mg\/\",\"url\":\"https:\/\/legitgrams.com\/product\/oxycodone-10mg\/\",\"name\":\"Oxycodone 10mg for Sale - Order Oxycodone 10mg Pills Online\",\"isPartOf\":{\"@id\":\"https:\/\/legitgrams.com\/#website\"},\"primaryImageOfPage\":{\"@id\":\"https:\/\/legitgrams.com\/product\/oxycodone-10mg\/#primaryimage\"},\"image\":{\"@id\":\"https:\/\/legitgrams.com\/product\/oxycodone-10mg\/#primaryimage\"},\"thumbnailUrl\":\"https:\/\/legitgrams.com\/wp-content\/uploads\/2024\/09\/buy-roxicodone-30mg-pills-online.jpg\",\"datePublished\":\"2024-09-20T07:31:36+00:00\",\"dateModified\":\"2025-04-05T06:24:32+00:00\",\"description\":\"Discover top-notch Oxycodone 10mg for sale at our online store - buy Oxycodone 10mg conveniently and securely to fuel your research. Explore and buy Oxycodone 10mg online, advancing your scientific endeavors with ease. Order Now!\",\"breadcrumb\":{\"@id\":\"https:\/\/legitgrams.com\/product\/oxycodone-10mg\/#breadcrumb\"},\"inLanguage\":\"pt-PT\",\"potentialAction\":[{\"@type\":\"ReadAction\",\"target\":[\"https:\/\/legitgrams.com\/product\/oxycodone-10mg\/\"]}]},{\"@type\":\"ImageObject\",\"inLanguage\":\"pt-PT\",\"@id\":\"https:\/\/legitgrams.com\/product\/oxycodone-10mg\/#primaryimage\",\"url\":\"https:\/\/legitgrams.com\/wp-content\/uploads\/2024\/09\/buy-roxicodone-30mg-pills-online.jpg\",\"contentUrl\":\"https:\/\/legitgrams.com\/wp-content\/uploads\/2024\/09\/buy-roxicodone-30mg-pills-online.jpg\",\"width\":600,\"height\":600,\"caption\":\"Oxycodone 10mg for Sale\"},{\"@type\":\"BreadcrumbList\",\"@id\":\"https:\/\/legitgrams.com\/product\/oxycodone-10mg\/#breadcrumb\",\"itemListElement\":[{\"@type\":\"ListItem\",\"position\":1,\"name\":\"Home\",\"item\":\"https:\/\/legitgrams.com\/\"},{\"@type\":\"ListItem\",\"position\":2,\"name\":\"Shop\",\"item\":\"https:\/\/legitgrams.com\/shop\/\"},{\"@type\":\"ListItem\",\"position\":3,\"name\":\"Buy Oxycodone 10mg Online\"}]},{\"@type\":\"WebSite\",\"@id\":\"https:\/\/legitgrams.com\/#website\",\"url\":\"https:\/\/legitgrams.com\/\",\"name\":\"Legit Grams\",\"description\":\"My WordPress Blog\",\"publisher\":{\"@id\":\"https:\/\/legitgrams.com\/#organization\"},\"potentialAction\":[{\"@type\":\"SearchAction\",\"target\":{\"@type\":\"EntryPoint\",\"urlTemplate\":\"https:\/\/legitgrams.com\/?s={search_term_string}\"},\"query-input\":{\"@type\":\"PropertyValueSpecification\",\"valueRequired\":true,\"valueName\":\"search_term_string\"}}],\"inLanguage\":\"pt-PT\"},{\"@type\":\"Organization\",\"@id\":\"https:\/\/legitgrams.com\/#organization\",\"name\":\"Legit Grams\",\"url\":\"https:\/\/legitgrams.com\/\",\"logo\":{\"@type\":\"ImageObject\",\"inLanguage\":\"pt-PT\",\"@id\":\"https:\/\/legitgrams.com\/#\/schema\/logo\/image\/\",\"url\":\"https:\/\/legitgrams.com\/wp-content\/uploads\/2024\/09\/main-logo.png\",\"contentUrl\":\"https:\/\/legitgrams.com\/wp-content\/uploads\/2024\/09\/main-logo.png\",\"width\":270,\"height\":75,\"caption\":\"Legit Grams\"},\"image\":{\"@id\":\"https:\/\/legitgrams.com\/#\/schema\/logo\/image\/\"}}]}<\/script>\n<!-- \/ Yoast SEO plugin. -->","yoast_head_json":{"title":"Oxycodone 10mg for Sale - Encomendar Oxycodone 10mg Pills Online","description":"Descubra a melhor Oxycodone 10mg para venda na nossa loja online - compre Oxycodone 10mg de forma conveniente e segura para alimentar a sua investiga\u00e7\u00e3o. Explore e compre Oxycodone 10mg online, fazendo avan\u00e7ar os seus esfor\u00e7os cient\u00edficos com facilidade. Encomendar agora!","robots":{"index":"index","follow":"follow","max-snippet":"max-snippet:-1","max-image-preview":"max-image-preview:large","max-video-preview":"max-video-preview:-1"},"canonical":"https:\/\/legitgrams.com\/pt\/produto\/oxicodona-10mg\/","og_locale":"pt_PT","og_type":"article","og_title":"Oxycodone 10mg for Sale - Order Oxycodone 10mg Pills Online","og_description":"Discover top-notch Oxycodone 10mg for sale at our online store - buy Oxycodone 10mg conveniently and securely to fuel your research. Explore and buy Oxycodone 10mg online, advancing your scientific endeavors with ease. Order Now!","og_url":"https:\/\/legitgrams.com\/pt\/produto\/oxicodona-10mg\/","og_site_name":"Legit Grams","article_modified_time":"2025-04-05T06:24:32+00:00","og_image":[{"width":600,"height":600,"url":"https:\/\/legitgrams.com\/wp-content\/uploads\/2024\/09\/buy-roxicodone-30mg-pills-online.jpg","type":"image\/jpeg"}],"twitter_card":"summary_large_image","twitter_misc":{"Tempo estimado de leitura":"4 minutos"},"schema":{"@context":"https:\/\/schema.org","@graph":[{"@type":"WebPage","@id":"https:\/\/legitgrams.com\/product\/oxycodone-10mg\/","url":"https:\/\/legitgrams.com\/product\/oxycodone-10mg\/","name":"Oxycodone 10mg for Sale - Encomendar Oxycodone 10mg Pills Online","isPartOf":{"@id":"https:\/\/legitgrams.com\/#website"},"primaryImageOfPage":{"@id":"https:\/\/legitgrams.com\/product\/oxycodone-10mg\/#primaryimage"},"image":{"@id":"https:\/\/legitgrams.com\/product\/oxycodone-10mg\/#primaryimage"},"thumbnailUrl":"https:\/\/legitgrams.com\/wp-content\/uploads\/2024\/09\/buy-roxicodone-30mg-pills-online.jpg","datePublished":"2024-09-20T07:31:36+00:00","dateModified":"2025-04-05T06:24:32+00:00","description":"Descubra a melhor Oxycodone 10mg para venda na nossa loja online - compre Oxycodone 10mg de forma conveniente e segura para alimentar a sua investiga\u00e7\u00e3o. Explore e compre Oxycodone 10mg online, fazendo avan\u00e7ar os seus esfor\u00e7os cient\u00edficos com facilidade. Encomendar agora!","breadcrumb":{"@id":"https:\/\/legitgrams.com\/product\/oxycodone-10mg\/#breadcrumb"},"inLanguage":"pt-PT","potentialAction":[{"@type":"ReadAction","target":["https:\/\/legitgrams.com\/product\/oxycodone-10mg\/"]}]},{"@type":"ImageObject","inLanguage":"pt-PT","@id":"https:\/\/legitgrams.com\/product\/oxycodone-10mg\/#primaryimage","url":"https:\/\/legitgrams.com\/wp-content\/uploads\/2024\/09\/buy-roxicodone-30mg-pills-online.jpg","contentUrl":"https:\/\/legitgrams.com\/wp-content\/uploads\/2024\/09\/buy-roxicodone-30mg-pills-online.jpg","width":600,"height":600,"caption":"Oxycodone 10mg for Sale"},{"@type":"BreadcrumbList","@id":"https:\/\/legitgrams.com\/product\/oxycodone-10mg\/#breadcrumb","itemListElement":[{"@type":"ListItem","position":1,"name":"Home","item":"https:\/\/legitgrams.com\/"},{"@type":"ListItem","position":2,"name":"Shop","item":"https:\/\/legitgrams.com\/shop\/"},{"@type":"ListItem","position":3,"name":"Buy Oxycodone 10mg Online"}]},{"@type":"WebSite","@id":"https:\/\/legitgrams.com\/#website","url":"https:\/\/legitgrams.com\/","name":"Gramas leg\u00edtimas","description":"O meu blogue WordPress","publisher":{"@id":"https:\/\/legitgrams.com\/#organization"},"potentialAction":[{"@type":"SearchAction","target":{"@type":"EntryPoint","urlTemplate":"https:\/\/legitgrams.com\/?s={search_term_string}"},"query-input":{"@type":"PropertyValueSpecification","valueRequired":true,"valueName":"search_term_string"}}],"inLanguage":"pt-PT"},{"@type":"Organization","@id":"https:\/\/legitgrams.com\/#organization","name":"Gramas leg\u00edtimas","url":"https:\/\/legitgrams.com\/","logo":{"@type":"ImageObject","inLanguage":"pt-PT","@id":"https:\/\/legitgrams.com\/#\/schema\/logo\/image\/","url":"https:\/\/legitgrams.com\/wp-content\/uploads\/2024\/09\/main-logo.png","contentUrl":"https:\/\/legitgrams.com\/wp-content\/uploads\/2024\/09\/main-logo.png","width":270,"height":75,"caption":"Legit Grams"},"image":{"@id":"https:\/\/legitgrams.com\/#\/schema\/logo\/image\/"}}]}},"uagb_featured_image_src":{"full":["https:\/\/legitgrams.com\/wp-content\/uploads\/2024\/09\/buy-roxicodone-30mg-pills-online.jpg",600,600,false],"thumbnail":["https:\/\/legitgrams.com\/wp-content\/uploads\/2024\/09\/buy-roxicodone-30mg-pills-online-150x150.jpg",150,150,true],"medium":["https:\/\/legitgrams.com\/wp-content\/uploads\/2024\/09\/buy-roxicodone-30mg-pills-online-300x300.jpg",300,300,true],"medium_large":["https:\/\/legitgrams.com\/wp-content\/uploads\/2024\/09\/buy-roxicodone-30mg-pills-online.jpg",600,600,false],"large":["https:\/\/legitgrams.com\/wp-content\/uploads\/2024\/09\/buy-roxicodone-30mg-pills-online.jpg",600,600,false],"1536x1536":["https:\/\/legitgrams.com\/wp-content\/uploads\/2024\/09\/buy-roxicodone-30mg-pills-online.jpg",600,600,false],"2048x2048":["https:\/\/legitgrams.com\/wp-content\/uploads\/2024\/09\/buy-roxicodone-30mg-pills-online.jpg",600,600,false],"trp-custom-language-flag":["https:\/\/legitgrams.com\/wp-content\/uploads\/2024\/09\/buy-roxicodone-30mg-pills-online-12x12.jpg",12,12,true],"woocommerce_thumbnail":["https:\/\/legitgrams.com\/wp-content\/uploads\/2024\/09\/buy-roxicodone-30mg-pills-online-300x300.jpg",300,300,true],"woocommerce_single":["https:\/\/legitgrams.com\/wp-content\/uploads\/2024\/09\/buy-roxicodone-30mg-pills-online.jpg",600,600,false],"woocommerce_gallery_thumbnail":["https:\/\/legitgrams.com\/wp-content\/uploads\/2024\/09\/buy-roxicodone-30mg-pills-online-100x100.jpg",100,100,true]},"uagb_author_info":{"display_name":"cokeblog18","author_link":"https:\/\/legitgrams.com\/pt\/author\/"},"uagb_comment_info":0,"uagb_excerpt":"Purchase Oxycodone 10 mg online. Buy Oxycodone 10 mg and 30 mg online. One opioid medication for treating moderate to severe pain is oxycodone. It is an oral drug available in formulations for both immediate and prolonged release. The effects of immediate-release oxycodone usually wear off in about six hours, with an average start time&hellip;","_links":{"self":[{"href":"https:\/\/legitgrams.com\/pt\/wp-json\/wp\/v2\/product\/3852","targetHints":{"allow":["GET"]}}],"collection":[{"href":"https:\/\/legitgrams.com\/pt\/wp-json\/wp\/v2\/product"}],"about":[{"href":"https:\/\/legitgrams.com\/pt\/wp-json\/wp\/v2\/types\/product"}],"replies":[{"embeddable":true,"href":"https:\/\/legitgrams.com\/pt\/wp-json\/wp\/v2\/comments?post=3852"}],"wp:featuredmedia":[{"embeddable":true,"href":"https:\/\/legitgrams.com\/pt\/wp-json\/wp\/v2\/media\/5220"}],"wp:attachment":[{"href":"https:\/\/legitgrams.com\/pt\/wp-json\/wp\/v2\/media?parent=3852"}],"wp:term":[{"taxonomy":"product_brand","embeddable":true,"href":"https:\/\/legitgrams.com\/pt\/wp-json\/wp\/v2\/product_brand?post=3852"},{"taxonomy":"product_cat","embeddable":true,"href":"https:\/\/legitgrams.com\/pt\/wp-json\/wp\/v2\/product_cat?post=3852"},{"taxonomy":"product_tag","embeddable":true,"href":"https:\/\/legitgrams.com\/pt\/wp-json\/wp\/v2\/product_tag?post=3852"}],"curies":[{"name":"wp","href":"https:\/\/api.w.org\/{rel}","templated":true}]}}