{"id":3854,"date":"2024-09-20T07:55:06","date_gmt":"2024-09-20T07:55:06","guid":{"rendered":"https:\/\/legitgrams.com\/?post_type=product&#038;p=3854"},"modified":"2025-01-15T05:33:48","modified_gmt":"2025-01-15T05:33:48","slug":"roxicodona-30mg","status":"publish","type":"product","link":"https:\/\/legitgrams.com\/pt\/produto\/roxicodona-30mg\/","title":{"rendered":"Roxicodona 30mg"},"content":{"rendered":"<h2>Compre Roxicodone 30mg Online<\/h2>\n<h3>Comprar 30 mg de Roxicodone Online Que conhecimento tem do roxicodone?<\/h3>\n<p>Comprar <a href=\"https:\/\/legitgrams.com\/pt\/produto\/roxicodona-30mg\/\">30 mg de roxicodona<\/a> online. Roxicodona \u00e9 um medicamento que ajuda a tratar a dor moderada a grave. Este medicamento \u00e9 um membro da classe dos analg\u00e9sicos opi\u00f3ides e \u00e9 oferecido em formula\u00e7\u00f5es de liberta\u00e7\u00e3o prolongada e curta. Em quinze minutos, a forma de liberta\u00e7\u00e3o curta come\u00e7a a fazer efeito, e os seus efeitos podem prolongar-se at\u00e9 seis horas. Um analg\u00e9sico opi\u00f3ide com potencial de depend\u00eancia \u00e9 a roxicodona. Uma vez que a roxicodona \u00e9 uma subst\u00e2ncia proibida, \u00e9 necess\u00e1ria uma receita m\u00e9dica para a comprar online. Al\u00e9m disso, este medicamento pode ser comprado em conjunto com aspirina ou acetaminofeno.<\/p>\n<h3>Roxicodona: O que \u00e9?<\/h3>\n<p>Um analg\u00e9sico opi\u00f3ide chamado roxicodona \u00e9 um medicamento utilizado para tratar dores moderadas a graves. Para o tratamento do seu desconforto, Roxicodone est\u00e1 prontamente dispon\u00edvel online. Algumas pessoas referem-se aos medicamentos opi\u00f3ides como narc\u00f3ticos.<\/p>\n<p>A forma de liberta\u00e7\u00e3o prolongada da roxicodona n\u00e3o se destina a ser utilizada para o al\u00edvio da dor numa base pontual, mas sim para uso cont\u00ednuo. S\u00e3o disponibilizadas vers\u00f5es de liberta\u00e7\u00e3o controlada e de liberta\u00e7\u00e3o imediata. Normalmente, \u00e9 tomado por via oral. Comprar 30 mg de roxicodona online. <a href=\"https:\/\/legitgrams.com\/pt\/\">LegitGrams<\/a><\/p>\n<p>Compre Roxicodone online a um pre\u00e7o justo junto de um fornecedor fi\u00e1vel que ofere\u00e7a servi\u00e7os de entrega e envio sem complica\u00e7\u00f5es.<\/p>\n<h3>Como se toma Roxicodone?<\/h3>\n<p>As instru\u00e7\u00f5es no r\u00f3tulo da receita e as recomenda\u00e7\u00f5es do medicamento devem ser lidas e seguidas cuidadosamente. Nunca tome Roxicodona por mais tempo do que o recomendado ou em doses menores ou maiores. Informe o seu m\u00e9dico se sentir um desejo mais forte de utilizar este medicamento.<\/p>\n<p>Nunca d\u00ea a outra pessoa medicamentos opi\u00e1ceos, como <a href=\"https:\/\/en.wikipedia.org\/wiki\/Oxymorphone\">roxicodona<\/a>especialmente se tiverem um historial de toxicodepend\u00eancia ou de abuso de drogas. Quando a roxicodona \u00e9 utilizada incorretamente, pode provocar uma overdose, depend\u00eancia ou mesmo a morte. A lei pro\u00edbe a venda ou distribui\u00e7\u00e3o de medicamentos opi\u00f3ides.<\/p>\n<p>Quando come\u00e7ar a tomar Roxicodone de liberta\u00e7\u00e3o prolongada, pare de tomar qualquer outro analg\u00e9sico opi\u00e1ceo. Antes de tomar Roxicodone, coma alguma coisa.<\/p>\n<p>Para evitar a exposi\u00e7\u00e3o a uma sobredosagem potencialmente letal, engolir a c\u00e1psula inteira sem a mastigar, esmagar, partir, abrir ou dissolver.<\/p>\n<p>Se tiver dificuldade em tomar a c\u00e1psula inteira, abra-a e polvilhe o comprimido sobre uma colher de pudim ou de molho de ma\u00e7\u00e3. N\u00e3o mastigar nada; engolir imediatamente a mistura.<\/p>\n<p>Nunca esmague ou parta um comprimido para poder inalar o p\u00f3 ou combin\u00e1-lo com um l\u00edquido para o injetar diretamente na veia. Isso pode provocar a morte. Me\u00e7a cuidadosamente o medicamento l\u00edquido. Utilize um instrumento de medi\u00e7\u00e3o da dose do medicamento ou uma seringa.<\/p>\n<p>N\u00e3o pare de tomar roxicodona de uma s\u00f3 vez. Antes de reduzir a dose, fale com o seu m\u00e9dico.<\/p>\n<p>Mantenha-o \u00e0 temperatura ambiente e longe do calor e da humidade. Monitorize a sua medica\u00e7\u00e3o. Uma vez que a roxicodona \u00e9 uma droga de abuso, esteja atento a casos em que algu\u00e9m abuse da sua medica\u00e7\u00e3o ou a tome sem receita m\u00e9dica.<\/p>\n<p>Livrar-se de todas as receitas de opi\u00e1ceos n\u00e3o utilizadas. Uma \u00fanica dose de roxicodona tomada de forma incorrecta ou acidental pode ser fatal.<\/p>\n<h3>Antes de tomar Roxicodone, o que devo saber? Comprar 30 mg de Roxicodone online.<\/h3>\n<p>Se \u00e9 al\u00e9rgico \u00e0 roxicodona ou se tem alguma das seguintes condi\u00e7\u00f5es, n\u00e3o a deve utilizar:<\/p>\n<p>asma grave ou problemas respirat\u00f3rios; ou<br \/>\nobstru\u00e7\u00e3o dos intestinos ou do est\u00f4mago<br \/>\nSe n\u00e3o tolera os opi\u00e1ceos e j\u00e1 recebe um tratamento compar\u00e1vel, n\u00e3o deve utilizar roxicodona.<\/p>\n<p>A maioria das marcas de roxicodona n\u00e3o \u00e9 recomendada para uso por menores de 18 anos.<\/p>\n<h3>Informe o seu m\u00e9dico se j\u00e1 teve alguma experi\u00eancia:<\/h3>\n<p>problemas respirat\u00f3rios, apneia do sono, convuls\u00f5es, traumatismo craniano, doen\u00e7a renal ou hep\u00e1tica, depend\u00eancia de drogas ou \u00e1lcool, problemas urin\u00e1rios, ou<br \/>\nproblemas relacionados com a tiroide, a ves\u00edcula biliar ou o p\u00e2ncreas<br \/>\nSe utilizar medicamentos opi\u00e1ceos durante a gravidez, corre o risco de dar \u00e0 luz uma crian\u00e7a dependente de drogas. O rec\u00e9m-nascido pode sofrer sintomas de abstin\u00eancia potencialmente fatais. Um rec\u00e9m-nascido dependente de opi\u00e1ceos pode necessitar de tratamento durante algumas semanas. Comprar medicamentos para dormir<\/p>\n<p>Antes de utilizar um medicamento opi\u00f3ide enquanto amamenta um beb\u00e9, fale com o seu m\u00e9dico. Informe o m\u00e9dico se observar que o seu beb\u00e9 respira lentamente ou apresenta sinais de sonol\u00eancia extrema.<\/p>\n<h3>Que vantagens oferece a utiliza\u00e7\u00e3o de Roxicodone?<\/h3>\n<p>Este medicamento destina-se a ajudar no al\u00edvio da dor moderada a grave. \u00c9 um membro da classe farmacol\u00f3gica dos analg\u00e9sicos opi\u00f3ides. A vers\u00e3o ER da loxicodona n\u00e3o deve ser utilizada para tratar dores ligeiras ou desconforto que desaparecer\u00e3o em poucos dias. N\u00e3o \u00e9 utilizada com pouca frequ\u00eancia ou apenas quando necess\u00e1rio.<\/p>\n<h3>Cartaz de roxicodona<\/h3>\n<p>As dosagens mais elevadas deste medicamento s\u00f3 devem ser utilizadas por algu\u00e9m que tenha tomado regularmente doses moderadas a elevadas de analg\u00e9sicos opi\u00e1ceos. Se algu\u00e9m que n\u00e3o esteja a tomar opi\u00e1ceos por rotina tomar estes medicamentos, pode resultar numa overdose ou mesmo na morte.<\/p>\n<h3>Como \u00e9 administrada a Roxicodona?<\/h3>\n<p>A roxicodona altera a forma como o corpo percebe e reage \u00e0 dor, actuando no c\u00e9rebro. A principal fun\u00e7\u00e3o deste medicamento \u00e9 tratar a dor aguda ou cr\u00f3nica moderada a grave quando outras formas de tratamento n\u00e3o s\u00e3o suficientemente eficazes.<\/p>\n<p>Em alguns casos de dor, pode melhorar a qualidade de vida. Ainda n\u00e3o se sabe se a utiliza\u00e7\u00e3o para a dor cr\u00f3nica resulta numa melhor qualidade de vida ou no al\u00edvio cont\u00ednuo da dor.<\/p>\n<h3>Que efeitos adversos tem a roxicodona?<\/h3>\n<p>Se a utiliza\u00e7\u00e3o de Roxicodona lhe provocar reac\u00e7\u00f5es al\u00e9rgicas, consulte um m\u00e9dico de urg\u00eancia. Uma rea\u00e7\u00e3o al\u00e9rgica pode manifestar-se como dificuldades respirat\u00f3rias, urtic\u00e1ria, ou incha\u00e7o dos l\u00e1bios, l\u00edngua, garganta ou rosto.<\/p>\n<p>Os medicamentos opi\u00e1ceos, como a roxicodona, t\u00eam o potencial de causar mortalidade ao parar ou abrandar a respira\u00e7\u00e3o. Se tiver dificuldade em acordar, se a sua respira\u00e7\u00e3o for lenta e pausada ou se os seus l\u00e1bios estiverem azuis, o seu assistente deve dar-lhe naloxona e procurar cuidados imediatos.<\/p>\n<h3>Ligue rapidamente para o seu m\u00e9dico se tiver:<\/h3>\n<p>batimentos card\u00edacos ou frequ\u00eancia card\u00edaca fracos; respira\u00e7\u00e3o superficial, suspiros, respira\u00e7\u00e3o cacof\u00f3nica e paragem da respira\u00e7\u00e3o durante o sono;<br \/>\nideias ou ac\u00e7\u00f5es invulgares, perplexidade;<\/p>\n<p>tonturas; convuls\u00f5es;<\/p>\n<p>Febre, agita\u00e7\u00e3o, arrepios, suores, alucina\u00e7\u00f5es, m\u00fasculos tensos, batimentos card\u00edacos acelerados, n\u00e1useas, v\u00f3mitos, diarreia, perda de coordena\u00e7\u00e3o e tremores s\u00e3o sintomas de um n\u00edvel elevado de serotonina no organismo.<br \/>\nN\u00edveis baixos de cortisol podem causar v\u00f3mitos, n\u00e1useas, perda de apetite, deteriora\u00e7\u00e3o da fadiga ou fraqueza e tonturas.<br \/>\nAp\u00f3s a utiliza\u00e7\u00e3o de roxicodona, as pessoas com s\u00edndrome de definhamento, problemas respirat\u00f3rios cr\u00f3nicos, adultos mais velhos e doentes com peso a menos s\u00e3o mais propensos a ter problemas respirat\u00f3rios graves.<\/p>\n<h3>Os efeitos secund\u00e1rios t\u00edpicos da roxicodona s\u00e3o os seguintes<\/h3>\n<p>n\u00e1useas, v\u00f3mitos, diarreia ou dor no est\u00f4mago; ou<br \/>\ndor de cabe\u00e7a, fadiga, sonol\u00eancia e tonturas<br \/>\nPodem existir outros efeitos negativos; esta lista n\u00e3o \u00e9 exaustiva. Relativamente aos efeitos secund\u00e1rios, siga o conselho m\u00e9dico do seu m\u00e9dico. Ligue para 1-800-FDA-1088 para comunicar efeitos secund\u00e1rios \u00e0 FDA.<\/p>\n<h3>O que n\u00e3o devo fazer enquanto estiver a tomar roxicodona?<\/h3>\n<p>Evitar o consumo de \u00e1lcool, pois pode ter consequ\u00eancias fatais ou efeitos adversos graves.<\/p>\n<p>N\u00e3o conduza, utilize m\u00e1quinas, ou fa\u00e7a qualquer coisa que precise de aten\u00e7\u00e3o mental at\u00e9 saber como o Roxicodone o afecta. Tonturas graves ou sonol\u00eancia podem levar a quedas n\u00e3o intencionais ou ferimentos graves.<\/p>\n<p>Para evitar erros de medica\u00e7\u00e3o, verifique sempre a marca e a dosagem antes de comprar Roxicodone.<\/p>\n<p>&nbsp;<\/p>","protected":false},"excerpt":{"rendered":"<p>Purchase Roxicodone 30mg Online Buy 30 mg of Roxicodone Online How much are you aware of roxicodone? Purchase 30 mg of roxicodone online. Roxicodone is a medication that helps treat moderate to severe pain. This medication is a member of the opioid analgesics class and is offered in both extended- and short-release formulations. Within fifteen &hellip;<\/p>\n<p class=\"read-more\"> <a class=\"\" href=\"https:\/\/legitgrams.com\/pt\/produto\/roxicodona-30mg\/\"> <span class=\"screen-reader-text\">Roxicodona 30mg<\/span> Ler mais \"<\/a><\/p>","protected":false},"featured_media":5224,"comment_status":"open","ping_status":"closed","template":"","meta":{"_uag_custom_page_level_css":"","site-sidebar-layout":"default","site-content-layout":"default","ast-global-header-display":"","ast-main-header-display":"","ast-hfb-above-header-display":"","ast-hfb-below-header-display":"","ast-hfb-mobile-header-display":"","site-post-title":"","ast-breadcrumbs-content":"","ast-featured-img":"","footer-sml-layout":"","theme-transparent-header-meta":"default","adv-header-id-meta":"","stick-header-meta":"default","header-above-stick-meta":"","header-main-stick-meta":"","header-below-stick-meta":"","_joinchat":[]},"product_brand":[],"product_cat":[608,597],"product_tag":[4694,4684,617,4676,4691,4688,4683,4681,4693,4675,4678,4686,4677,4687,4679,4689,4696,4697,4695,4692,4690,625,4682,4685,4680],"class_list":{"0":"post-3854","1":"product","2":"type-product","3":"status-publish","4":"has-post-thumbnail","6":"product_cat-pain-pills","7":"product_cat-pain-sleeping-sex-pills","8":"product_tag-best-cheap-price-roxicodone-30mg","9":"product_tag-best-place-to-buy-roxicodone-30mg","10":"product_tag-bulk-online","11":"product_tag-buy-roxicodone-30mg","12":"product_tag-cheap-roxicodone-30mg","13":"product_tag-high-quality-roxicodone-30mg","14":"product_tag-how-to-buy-roxicodone-30mg","15":"product_tag-order-roxicodone-30mg","16":"product_tag-purcharse-roxicodone-30mg","17":"product_tag-roxicodone-30mg","18":"product_tag-roxicodone-30mg-for-sale","19":"product_tag-roxicodone-30mg-legally","20":"product_tag-roxicodone-30mg-online","21":"product_tag-roxicodone-30mg-price","22":"product_tag-roxicodone-30mg-roxicodone-30mg-supplier","23":"product_tag-roxicodone-30mg-store","24":"product_tag-roxicodone-30mg-use","25":"product_tag-roxicodone-30mg-wiki","26":"product_tag-roxicodone-30mg-worldwide","27":"product_tag-roxicodone-30mgs","28":"product_tag-shop-roxicodone-30mg","29":"product_tag-top-quality","30":"product_tag-where-to-buy-roxicodone-30mg","31":"product_tag-where-to-order-roxicodone-30mg","32":"product_tag-wholesale-roxicodone-30mg","33":"desktop-align-left","34":"tablet-align-left","35":"mobile-align-left","36":"ast-product-gallery-layout-horizontal","37":"ast-product-gallery-with-no-image","38":"ast-product-single-variable","39":"ast-product-tabs-layout-horizontal","40":"ast-qv-on-image","42":"first","43":"instock","44":"shipping-taxable","45":"purchasable","46":"product-type-variable"},"yoast_head":"<!-- This site is optimized with the Yoast SEO plugin v25.9 - https:\/\/yoast.com\/wordpress\/plugins\/seo\/ -->\n<title>Roxicodone 30mg Pills for Sale - Buy Roxicodone 30mg Online<\/title>\n<meta name=\"description\" content=\"Discover top-notch roxicodone 30mg pills for sale at our online store - buy roxicodone 30mg conveniently and securely to fuel your research. Order Now!\" \/>\n<meta name=\"robots\" content=\"index, follow, max-snippet:-1, max-image-preview:large, max-video-preview:-1\" \/>\n<link rel=\"canonical\" href=\"https:\/\/legitgrams.com\/pt\/produto\/roxicodona-30mg\/\" \/>\n<meta property=\"og:locale\" content=\"pt_PT\" \/>\n<meta property=\"og:type\" content=\"article\" \/>\n<meta property=\"og:title\" content=\"Roxicodone 30mg Pills for Sale - Buy Roxicodone 30mg Online\" \/>\n<meta property=\"og:description\" content=\"Discover top-notch roxicodone 30mg pills for sale at our online store - buy roxicodone 30mg conveniently and securely to fuel your research. Order Now!\" \/>\n<meta property=\"og:url\" content=\"https:\/\/legitgrams.com\/pt\/produto\/roxicodona-30mg\/\" \/>\n<meta property=\"og:site_name\" content=\"Legit Grams\" \/>\n<meta property=\"article:modified_time\" content=\"2025-01-15T05:33:48+00:00\" \/>\n<meta property=\"og:image\" content=\"https:\/\/legitgrams.com\/wp-content\/uploads\/2024\/09\/buy-restoril-30mg-temezepam-pills-online-1.jpg\" \/>\n\t<meta property=\"og:image:width\" content=\"600\" \/>\n\t<meta property=\"og:image:height\" content=\"600\" \/>\n\t<meta property=\"og:image:type\" content=\"image\/jpeg\" \/>\n<meta name=\"twitter:card\" content=\"summary_large_image\" \/>\n<meta name=\"twitter:label1\" content=\"Tempo estimado de leitura\" \/>\n\t<meta name=\"twitter:data1\" content=\"6 minutos\" \/>\n<script type=\"application\/ld+json\" class=\"yoast-schema-graph\">{\"@context\":\"https:\/\/schema.org\",\"@graph\":[{\"@type\":\"WebPage\",\"@id\":\"https:\/\/legitgrams.com\/product\/roxicodone-30mg\/\",\"url\":\"https:\/\/legitgrams.com\/product\/roxicodone-30mg\/\",\"name\":\"Roxicodone 30mg Pills for Sale - Buy Roxicodone 30mg Online\",\"isPartOf\":{\"@id\":\"https:\/\/legitgrams.com\/#website\"},\"primaryImageOfPage\":{\"@id\":\"https:\/\/legitgrams.com\/product\/roxicodone-30mg\/#primaryimage\"},\"image\":{\"@id\":\"https:\/\/legitgrams.com\/product\/roxicodone-30mg\/#primaryimage\"},\"thumbnailUrl\":\"https:\/\/legitgrams.com\/wp-content\/uploads\/2024\/09\/buy-restoril-30mg-temezepam-pills-online-1.jpg\",\"datePublished\":\"2024-09-20T07:55:06+00:00\",\"dateModified\":\"2025-01-15T05:33:48+00:00\",\"description\":\"Discover top-notch roxicodone 30mg pills for sale at our online store - buy roxicodone 30mg conveniently and securely to fuel your research. Order Now!\",\"breadcrumb\":{\"@id\":\"https:\/\/legitgrams.com\/product\/roxicodone-30mg\/#breadcrumb\"},\"inLanguage\":\"pt-PT\",\"potentialAction\":[{\"@type\":\"ReadAction\",\"target\":[\"https:\/\/legitgrams.com\/product\/roxicodone-30mg\/\"]}]},{\"@type\":\"ImageObject\",\"inLanguage\":\"pt-PT\",\"@id\":\"https:\/\/legitgrams.com\/product\/roxicodone-30mg\/#primaryimage\",\"url\":\"https:\/\/legitgrams.com\/wp-content\/uploads\/2024\/09\/buy-restoril-30mg-temezepam-pills-online-1.jpg\",\"contentUrl\":\"https:\/\/legitgrams.com\/wp-content\/uploads\/2024\/09\/buy-restoril-30mg-temezepam-pills-online-1.jpg\",\"width\":600,\"height\":600,\"caption\":\"Roxicodone 30mg Pills for Sale\"},{\"@type\":\"BreadcrumbList\",\"@id\":\"https:\/\/legitgrams.com\/product\/roxicodone-30mg\/#breadcrumb\",\"itemListElement\":[{\"@type\":\"ListItem\",\"position\":1,\"name\":\"Home\",\"item\":\"https:\/\/legitgrams.com\/\"},{\"@type\":\"ListItem\",\"position\":2,\"name\":\"Shop\",\"item\":\"https:\/\/legitgrams.com\/shop\/\"},{\"@type\":\"ListItem\",\"position\":3,\"name\":\"Roxicodone 30mg\"}]},{\"@type\":\"WebSite\",\"@id\":\"https:\/\/legitgrams.com\/#website\",\"url\":\"https:\/\/legitgrams.com\/\",\"name\":\"Legit Grams\",\"description\":\"My WordPress Blog\",\"publisher\":{\"@id\":\"https:\/\/legitgrams.com\/#organization\"},\"potentialAction\":[{\"@type\":\"SearchAction\",\"target\":{\"@type\":\"EntryPoint\",\"urlTemplate\":\"https:\/\/legitgrams.com\/?s={search_term_string}\"},\"query-input\":{\"@type\":\"PropertyValueSpecification\",\"valueRequired\":true,\"valueName\":\"search_term_string\"}}],\"inLanguage\":\"pt-PT\"},{\"@type\":\"Organization\",\"@id\":\"https:\/\/legitgrams.com\/#organization\",\"name\":\"Legit Grams\",\"url\":\"https:\/\/legitgrams.com\/\",\"logo\":{\"@type\":\"ImageObject\",\"inLanguage\":\"pt-PT\",\"@id\":\"https:\/\/legitgrams.com\/#\/schema\/logo\/image\/\",\"url\":\"https:\/\/legitgrams.com\/wp-content\/uploads\/2024\/09\/main-logo.png\",\"contentUrl\":\"https:\/\/legitgrams.com\/wp-content\/uploads\/2024\/09\/main-logo.png\",\"width\":270,\"height\":75,\"caption\":\"Legit Grams\"},\"image\":{\"@id\":\"https:\/\/legitgrams.com\/#\/schema\/logo\/image\/\"}}]}<\/script>\n<!-- \/ Yoast SEO plugin. -->","yoast_head_json":{"title":"Roxicodone 30mg Comprimidos para Venda - Comprar Roxicodone 30mg Online","description":"Descubra os melhores comprimidos de roxicodona 30mg para venda na nossa loja online - compre roxicodona 30mg de forma conveniente e segura para alimentar a sua pesquisa. Encomendar agora!","robots":{"index":"index","follow":"follow","max-snippet":"max-snippet:-1","max-image-preview":"max-image-preview:large","max-video-preview":"max-video-preview:-1"},"canonical":"https:\/\/legitgrams.com\/pt\/produto\/roxicodona-30mg\/","og_locale":"pt_PT","og_type":"article","og_title":"Roxicodone 30mg Pills for Sale - Buy Roxicodone 30mg Online","og_description":"Discover top-notch roxicodone 30mg pills for sale at our online store - buy roxicodone 30mg conveniently and securely to fuel your research. Order Now!","og_url":"https:\/\/legitgrams.com\/pt\/produto\/roxicodona-30mg\/","og_site_name":"Legit Grams","article_modified_time":"2025-01-15T05:33:48+00:00","og_image":[{"width":600,"height":600,"url":"https:\/\/legitgrams.com\/wp-content\/uploads\/2024\/09\/buy-restoril-30mg-temezepam-pills-online-1.jpg","type":"image\/jpeg"}],"twitter_card":"summary_large_image","twitter_misc":{"Tempo estimado de leitura":"6 minutos"},"schema":{"@context":"https:\/\/schema.org","@graph":[{"@type":"WebPage","@id":"https:\/\/legitgrams.com\/product\/roxicodone-30mg\/","url":"https:\/\/legitgrams.com\/product\/roxicodone-30mg\/","name":"Roxicodone 30mg Comprimidos para Venda - Comprar Roxicodone 30mg Online","isPartOf":{"@id":"https:\/\/legitgrams.com\/#website"},"primaryImageOfPage":{"@id":"https:\/\/legitgrams.com\/product\/roxicodone-30mg\/#primaryimage"},"image":{"@id":"https:\/\/legitgrams.com\/product\/roxicodone-30mg\/#primaryimage"},"thumbnailUrl":"https:\/\/legitgrams.com\/wp-content\/uploads\/2024\/09\/buy-restoril-30mg-temezepam-pills-online-1.jpg","datePublished":"2024-09-20T07:55:06+00:00","dateModified":"2025-01-15T05:33:48+00:00","description":"Descubra os melhores comprimidos de roxicodona 30mg para venda na nossa loja online - compre roxicodona 30mg de forma conveniente e segura para alimentar a sua pesquisa. Encomendar agora!","breadcrumb":{"@id":"https:\/\/legitgrams.com\/product\/roxicodone-30mg\/#breadcrumb"},"inLanguage":"pt-PT","potentialAction":[{"@type":"ReadAction","target":["https:\/\/legitgrams.com\/product\/roxicodone-30mg\/"]}]},{"@type":"ImageObject","inLanguage":"pt-PT","@id":"https:\/\/legitgrams.com\/product\/roxicodone-30mg\/#primaryimage","url":"https:\/\/legitgrams.com\/wp-content\/uploads\/2024\/09\/buy-restoril-30mg-temezepam-pills-online-1.jpg","contentUrl":"https:\/\/legitgrams.com\/wp-content\/uploads\/2024\/09\/buy-restoril-30mg-temezepam-pills-online-1.jpg","width":600,"height":600,"caption":"Roxicodone 30mg Pills for Sale"},{"@type":"BreadcrumbList","@id":"https:\/\/legitgrams.com\/product\/roxicodone-30mg\/#breadcrumb","itemListElement":[{"@type":"ListItem","position":1,"name":"Home","item":"https:\/\/legitgrams.com\/"},{"@type":"ListItem","position":2,"name":"Shop","item":"https:\/\/legitgrams.com\/shop\/"},{"@type":"ListItem","position":3,"name":"Roxicodone 30mg"}]},{"@type":"WebSite","@id":"https:\/\/legitgrams.com\/#website","url":"https:\/\/legitgrams.com\/","name":"Gramas leg\u00edtimas","description":"O meu blogue WordPress","publisher":{"@id":"https:\/\/legitgrams.com\/#organization"},"potentialAction":[{"@type":"SearchAction","target":{"@type":"EntryPoint","urlTemplate":"https:\/\/legitgrams.com\/?s={search_term_string}"},"query-input":{"@type":"PropertyValueSpecification","valueRequired":true,"valueName":"search_term_string"}}],"inLanguage":"pt-PT"},{"@type":"Organization","@id":"https:\/\/legitgrams.com\/#organization","name":"Gramas leg\u00edtimas","url":"https:\/\/legitgrams.com\/","logo":{"@type":"ImageObject","inLanguage":"pt-PT","@id":"https:\/\/legitgrams.com\/#\/schema\/logo\/image\/","url":"https:\/\/legitgrams.com\/wp-content\/uploads\/2024\/09\/main-logo.png","contentUrl":"https:\/\/legitgrams.com\/wp-content\/uploads\/2024\/09\/main-logo.png","width":270,"height":75,"caption":"Legit Grams"},"image":{"@id":"https:\/\/legitgrams.com\/#\/schema\/logo\/image\/"}}]}},"uagb_featured_image_src":{"full":["https:\/\/legitgrams.com\/wp-content\/uploads\/2024\/09\/buy-restoril-30mg-temezepam-pills-online-1.jpg",600,600,false],"thumbnail":["https:\/\/legitgrams.com\/wp-content\/uploads\/2024\/09\/buy-restoril-30mg-temezepam-pills-online-1-150x150.jpg",150,150,true],"medium":["https:\/\/legitgrams.com\/wp-content\/uploads\/2024\/09\/buy-restoril-30mg-temezepam-pills-online-1-300x300.jpg",300,300,true],"medium_large":["https:\/\/legitgrams.com\/wp-content\/uploads\/2024\/09\/buy-restoril-30mg-temezepam-pills-online-1.jpg",600,600,false],"large":["https:\/\/legitgrams.com\/wp-content\/uploads\/2024\/09\/buy-restoril-30mg-temezepam-pills-online-1.jpg",600,600,false],"1536x1536":["https:\/\/legitgrams.com\/wp-content\/uploads\/2024\/09\/buy-restoril-30mg-temezepam-pills-online-1.jpg",600,600,false],"2048x2048":["https:\/\/legitgrams.com\/wp-content\/uploads\/2024\/09\/buy-restoril-30mg-temezepam-pills-online-1.jpg",600,600,false],"trp-custom-language-flag":["https:\/\/legitgrams.com\/wp-content\/uploads\/2024\/09\/buy-restoril-30mg-temezepam-pills-online-1-12x12.jpg",12,12,true],"woocommerce_thumbnail":["https:\/\/legitgrams.com\/wp-content\/uploads\/2024\/09\/buy-restoril-30mg-temezepam-pills-online-1-300x300.jpg",300,300,true],"woocommerce_single":["https:\/\/legitgrams.com\/wp-content\/uploads\/2024\/09\/buy-restoril-30mg-temezepam-pills-online-1.jpg",600,600,false],"woocommerce_gallery_thumbnail":["https:\/\/legitgrams.com\/wp-content\/uploads\/2024\/09\/buy-restoril-30mg-temezepam-pills-online-1-100x100.jpg",100,100,true]},"uagb_author_info":{"display_name":"cokeblog18","author_link":"https:\/\/legitgrams.com\/pt\/author\/"},"uagb_comment_info":0,"uagb_excerpt":"Purchase Roxicodone 30mg Online Buy 30 mg of Roxicodone Online How much are you aware of roxicodone? Purchase 30 mg of roxicodone online. Roxicodone is a medication that helps treat moderate to severe pain. This medication is a member of the opioid analgesics class and is offered in both extended- and short-release formulations. Within fifteen&hellip;","_links":{"self":[{"href":"https:\/\/legitgrams.com\/pt\/wp-json\/wp\/v2\/product\/3854","targetHints":{"allow":["GET"]}}],"collection":[{"href":"https:\/\/legitgrams.com\/pt\/wp-json\/wp\/v2\/product"}],"about":[{"href":"https:\/\/legitgrams.com\/pt\/wp-json\/wp\/v2\/types\/product"}],"replies":[{"embeddable":true,"href":"https:\/\/legitgrams.com\/pt\/wp-json\/wp\/v2\/comments?post=3854"}],"wp:featuredmedia":[{"embeddable":true,"href":"https:\/\/legitgrams.com\/pt\/wp-json\/wp\/v2\/media\/5224"}],"wp:attachment":[{"href":"https:\/\/legitgrams.com\/pt\/wp-json\/wp\/v2\/media?parent=3854"}],"wp:term":[{"taxonomy":"product_brand","embeddable":true,"href":"https:\/\/legitgrams.com\/pt\/wp-json\/wp\/v2\/product_brand?post=3854"},{"taxonomy":"product_cat","embeddable":true,"href":"https:\/\/legitgrams.com\/pt\/wp-json\/wp\/v2\/product_cat?post=3854"},{"taxonomy":"product_tag","embeddable":true,"href":"https:\/\/legitgrams.com\/pt\/wp-json\/wp\/v2\/product_tag?post=3854"}],"curies":[{"name":"wp","href":"https:\/\/api.w.org\/{rel}","templated":true}]}}