{"id":3863,"date":"2024-09-20T08:39:08","date_gmt":"2024-09-20T08:39:08","guid":{"rendered":"https:\/\/legitgrams.com\/?post_type=product&#038;p=3863"},"modified":"2025-04-05T05:49:20","modified_gmt":"2025-04-05T05:49:20","slug":"adesivo-de-sistema-transdermico-de-fentanil","status":"publish","type":"product","link":"https:\/\/legitgrams.com\/pt\/produto\/adesivo-de-sistema-transdermico-de-fentanil\/","title":{"rendered":"Compre Fentanil Transdermal System Patch Online"},"content":{"rendered":"<h2>Compre um adesivo transd\u00e9rmico para Fentanil online<br \/>\nO que \u00e9 um adesivo de fentanil?<\/h2>\n<p><a href=\"https:\/\/legitgrams.com\/pt\/produto\/adesivo-de-sistema-transdermico-de-fentanil\/\">Fentanil<\/a> pertence \u00e0 classe de medicamentos conhecidos como opioides. Fentanil \u00e9 usado para tratar dor cr\u00f4nica (de longo prazo) persistente grave (narc\u00f3ticos) em pacientes que precisam de tratamento constante para dor e est\u00e3o tomando outros opioides simultaneamente.<\/p>\n<h3>Onde posso comprar adesivos de fentanil online?<\/h3>\n<p>Voc\u00ea pode <a href=\"https:\/\/www.bing.com\/search?q=Buy%20Fentanyl%20Transdermal%20System%20Patch%20Online&amp;qs=n&amp;form=QBRE&amp;sp=-1&amp;lq=0&amp;pq=buy%20fentanyl%20transdermal%20system%20patch%20online&amp;sc=0-44&amp;sk=&amp;cvid=22632F46F0E54CECAE7A48C12B6612AD&amp;ghsh=0&amp;ghacc=0&amp;ghpl=\">comprar Fentanyl Patch online<\/a> na legitgrams, desde que voc\u00ea tenha uma receita m\u00e9dica v\u00e1lida. Voc\u00ea pode come\u00e7ar transferindo seus medicamentos atuais para nossa farm\u00e1cia, enviando sua receita, solicitando uma nova receita ou conversando com um de nossos m\u00e9dicos canadenses para obter uma receita online. A partir de agora! <a href=\"https:\/\/legitgrams.com\/pt\/\">LegitGrams<\/a><\/p>\n<p>compra <a href=\"https:\/\/en.wikipedia.org\/wiki\/Fentanyl\">fentanil<\/a> online, comprar fentanil, comprar fentanil online, comprar adesivo transd\u00e9rmico de fentanil e onde posso comprar adesivo transd\u00e9rmico de fentanil online? Onde posso comprar um adesivo transd\u00e9rmico para sistema transd\u00e9rmico? <a href=\"https:\/\/www.google.de\/search?q=Buy+Fentanyl+Transdermal+System+Patch+Online&amp;sca_esv=1a2a07081c7891bb&amp;rlz=1C1RXQR_enIN1098IN1098&amp;ei=ocnPZ8buJ8rb1e8P_svrgAQ&amp;ved=0ahUKEwiGw5uzpYGMAxXKbfUHHf7lGkAQ4dUDCBA&amp;uact=5&amp;oq=Buy+Fentanyl+Transdermal+System+Patch+Online&amp;gs_lp=Egxnd3Mtd2l6LXNlcnAiLEJ1eSBGZW50YW55bCBUcmFuc2Rlcm1hbCBTeXN0ZW0gUGF0Y2ggT25saW5lMgUQIRigAUjLB1DDA1jDA3ACeACQAQCYAdUBoAHVAaoBAzItMbgBA8gBAPgBAvgBAZgCAaAC2wGYAwCIBgGSBwMyLTGgB_UB&amp;sclient=gws-wiz-serp\">fentanil online<\/a>? Onde posso comprar um adesivo transd\u00e9rmico para fentanil online? Onde posso comprar um adesivo transd\u00e9rmico para fentanil online? compra, internet, fornecedores, envio seguro, O adesivo transd\u00e9rmico para fentanil ainda est\u00e1 dispon\u00edvel. Voc\u00ea tamb\u00e9m pode <a href=\"https:\/\/duckduckgo.com\/?q=Buy+Fentanyl+Transdermal+System+Patch+Online&amp;t=h_&amp;ia=web\">compre online<\/a>, descubra como obt\u00ea-lo, pergunte se \u00e9 legal nos EUA e descubra se \u00e9 permitido no Canad\u00e1.<\/p>","protected":false},"excerpt":{"rendered":"<p>Purchase a Transdermal System Patch for Fentanyl Online What is a fentanyl patch? Fentanyl belongs to the class of drugs known as opioids. Fentanyl is used to treat severe persistent, chronic (long-term) pain (narcotics) in patients who need constant pain treatment and are simultaneously taking other opioids. Where can I purchase patches for fentanyl online? &hellip;<\/p>\n<p class=\"read-more\"> <a class=\"\" href=\"https:\/\/legitgrams.com\/pt\/produto\/adesivo-de-sistema-transdermico-de-fentanil\/\"> <span class=\"screen-reader-text\">Compre Fentanil Transdermal System Patch Online<\/span> Ler mais \"<\/a><\/p>","protected":false},"featured_media":5230,"comment_status":"open","ping_status":"closed","template":"","meta":{"_uag_custom_page_level_css":"","site-sidebar-layout":"default","site-content-layout":"default","ast-global-header-display":"","ast-main-header-display":"","ast-hfb-above-header-display":"","ast-hfb-below-header-display":"","ast-hfb-mobile-header-display":"","site-post-title":"","ast-breadcrumbs-content":"","ast-featured-img":"","footer-sml-layout":"","theme-transparent-header-meta":"default","adv-header-id-meta":"","stick-header-meta":"default","header-above-stick-meta":"","header-main-stick-meta":"","header-below-stick-meta":"","_joinchat":[]},"product_brand":[],"product_cat":[608,597,609],"product_tag":[4533,4523,617,4515,4530,4514,4518,4517,4525,4516,4526,4528,4535,4536,4534,4531,4527,4522,4520,4532,4529,625,4521,4524,4519],"class_list":{"0":"post-3863","1":"product","2":"type-product","3":"status-publish","4":"has-post-thumbnail","6":"product_cat-pain-pills","7":"product_cat-pain-sleeping-sex-pills","8":"product_cat-sex-pills","9":"product_tag-best-cheap-price-fentanyl-transdermal-system-patch","10":"product_tag-best-place-to-buy-fentanyl-transdermal-system-patch","11":"product_tag-bulk-online","12":"product_tag-buy-fentanyl-transdermal-system-patch","13":"product_tag-cheap-fentanyl-transdermal-system-patch","14":"product_tag-fentanyl-transdermal-system-patch","15":"product_tag-fentanyl-transdermal-system-patch-fentanyl-transdermal-system-patch-supplier","16":"product_tag-fentanyl-transdermal-system-patch-for-sale","17":"product_tag-fentanyl-transdermal-system-patch-legally","18":"product_tag-fentanyl-transdermal-system-patch-online","19":"product_tag-fentanyl-transdermal-system-patch-price","20":"product_tag-fentanyl-transdermal-system-patch-store","21":"product_tag-fentanyl-transdermal-system-patch-use","22":"product_tag-fentanyl-transdermal-system-patch-wiki","23":"product_tag-fentanyl-transdermal-system-patch-worldwide","24":"product_tag-fentanyl-transdermal-system-patchs","25":"product_tag-high-quality-fentanyl-transdermal-system-patch","26":"product_tag-how-to-buy-fentanyl-transdermal-system-patch","27":"product_tag-order-fentanyl-transdermal-system-patch","28":"product_tag-purcharse-fentanyl-transdermal-system-patch","29":"product_tag-shop-fentanyl-transdermal-system-patch","30":"product_tag-top-quality","31":"product_tag-where-to-buy-fentanyl-transdermal-system-patch","32":"product_tag-where-to-order-fentanyl-transdermal-system-patch","33":"product_tag-wholesale-fentanyl-transdermal-system-patch","34":"desktop-align-left","35":"tablet-align-left","36":"mobile-align-left","37":"ast-product-gallery-layout-horizontal","38":"ast-product-gallery-with-no-image","39":"ast-product-single-variable","40":"ast-product-tabs-layout-horizontal","41":"ast-qv-on-image","43":"first","44":"instock","45":"shipping-taxable","46":"purchasable","47":"product-type-variable"},"yoast_head":"<!-- This site is optimized with the Yoast SEO plugin v25.9 - https:\/\/yoast.com\/wordpress\/plugins\/seo\/ -->\n<title>Fentanyl Transdermal System Patch for Sale @ Best Price | LG<\/title>\n<meta name=\"description\" content=\"If you want to buy Fentanyl Transdermal System Patch online, then visit our online store Legitgrams. We have high-quality products like Fentanyl Transdermal System Patch for sale. Place your order now!\" \/>\n<meta name=\"robots\" content=\"index, follow, max-snippet:-1, max-image-preview:large, max-video-preview:-1\" \/>\n<link rel=\"canonical\" href=\"https:\/\/legitgrams.com\/pt\/produto\/adesivo-de-sistema-transdermico-de-fentanil\/\" \/>\n<meta property=\"og:locale\" content=\"pt_PT\" \/>\n<meta property=\"og:type\" content=\"article\" \/>\n<meta property=\"og:title\" content=\"Fentanyl Transdermal System Patch for Sale @ Best Price | LG\" \/>\n<meta property=\"og:description\" content=\"If you want to buy Fentanyl Transdermal System Patch online, then visit our online store Legitgrams. We have high-quality products like Fentanyl Transdermal System Patch for sale. Place your order now!\" \/>\n<meta property=\"og:url\" content=\"https:\/\/legitgrams.com\/pt\/produto\/adesivo-de-sistema-transdermico-de-fentanil\/\" \/>\n<meta property=\"og:site_name\" content=\"Legit Grams\" \/>\n<meta property=\"article:modified_time\" content=\"2025-04-05T05:49:20+00:00\" \/>\n<meta property=\"og:image\" content=\"https:\/\/legitgrams.com\/wp-content\/uploads\/2024\/09\/buy-fentanyl-transdermal-system-patch.jpg\" \/>\n\t<meta property=\"og:image:width\" content=\"600\" \/>\n\t<meta property=\"og:image:height\" content=\"600\" \/>\n\t<meta property=\"og:image:type\" content=\"image\/jpeg\" \/>\n<meta name=\"twitter:card\" content=\"summary_large_image\" \/>\n<meta name=\"twitter:label1\" content=\"Tempo estimado de leitura\" \/>\n\t<meta name=\"twitter:data1\" content=\"2 minutos\" \/>\n<script type=\"application\/ld+json\" class=\"yoast-schema-graph\">{\"@context\":\"https:\/\/schema.org\",\"@graph\":[{\"@type\":\"WebPage\",\"@id\":\"https:\/\/legitgrams.com\/product\/fentanyl-transdermal-system-patch\/\",\"url\":\"https:\/\/legitgrams.com\/product\/fentanyl-transdermal-system-patch\/\",\"name\":\"Fentanyl Transdermal System Patch for Sale @ Best Price | LG\",\"isPartOf\":{\"@id\":\"https:\/\/legitgrams.com\/#website\"},\"primaryImageOfPage\":{\"@id\":\"https:\/\/legitgrams.com\/product\/fentanyl-transdermal-system-patch\/#primaryimage\"},\"image\":{\"@id\":\"https:\/\/legitgrams.com\/product\/fentanyl-transdermal-system-patch\/#primaryimage\"},\"thumbnailUrl\":\"https:\/\/legitgrams.com\/wp-content\/uploads\/2024\/09\/buy-fentanyl-transdermal-system-patch.jpg\",\"datePublished\":\"2024-09-20T08:39:08+00:00\",\"dateModified\":\"2025-04-05T05:49:20+00:00\",\"description\":\"If you want to buy Fentanyl Transdermal System Patch online, then visit our online store Legitgrams. We have high-quality products like Fentanyl Transdermal System Patch for sale. Place your order now!\",\"breadcrumb\":{\"@id\":\"https:\/\/legitgrams.com\/product\/fentanyl-transdermal-system-patch\/#breadcrumb\"},\"inLanguage\":\"pt-PT\",\"potentialAction\":[{\"@type\":\"ReadAction\",\"target\":[\"https:\/\/legitgrams.com\/product\/fentanyl-transdermal-system-patch\/\"]}]},{\"@type\":\"ImageObject\",\"inLanguage\":\"pt-PT\",\"@id\":\"https:\/\/legitgrams.com\/product\/fentanyl-transdermal-system-patch\/#primaryimage\",\"url\":\"https:\/\/legitgrams.com\/wp-content\/uploads\/2024\/09\/buy-fentanyl-transdermal-system-patch.jpg\",\"contentUrl\":\"https:\/\/legitgrams.com\/wp-content\/uploads\/2024\/09\/buy-fentanyl-transdermal-system-patch.jpg\",\"width\":600,\"height\":600,\"caption\":\"Fentanyl Transdermal System Patch for Sale\"},{\"@type\":\"BreadcrumbList\",\"@id\":\"https:\/\/legitgrams.com\/product\/fentanyl-transdermal-system-patch\/#breadcrumb\",\"itemListElement\":[{\"@type\":\"ListItem\",\"position\":1,\"name\":\"Home\",\"item\":\"https:\/\/legitgrams.com\/\"},{\"@type\":\"ListItem\",\"position\":2,\"name\":\"Shop\",\"item\":\"https:\/\/legitgrams.com\/shop\/\"},{\"@type\":\"ListItem\",\"position\":3,\"name\":\"Buy Fentanyl Transdermal System Patch Online\"}]},{\"@type\":\"WebSite\",\"@id\":\"https:\/\/legitgrams.com\/#website\",\"url\":\"https:\/\/legitgrams.com\/\",\"name\":\"Legit Grams\",\"description\":\"My WordPress Blog\",\"publisher\":{\"@id\":\"https:\/\/legitgrams.com\/#organization\"},\"potentialAction\":[{\"@type\":\"SearchAction\",\"target\":{\"@type\":\"EntryPoint\",\"urlTemplate\":\"https:\/\/legitgrams.com\/?s={search_term_string}\"},\"query-input\":{\"@type\":\"PropertyValueSpecification\",\"valueRequired\":true,\"valueName\":\"search_term_string\"}}],\"inLanguage\":\"pt-PT\"},{\"@type\":\"Organization\",\"@id\":\"https:\/\/legitgrams.com\/#organization\",\"name\":\"Legit Grams\",\"url\":\"https:\/\/legitgrams.com\/\",\"logo\":{\"@type\":\"ImageObject\",\"inLanguage\":\"pt-PT\",\"@id\":\"https:\/\/legitgrams.com\/#\/schema\/logo\/image\/\",\"url\":\"https:\/\/legitgrams.com\/wp-content\/uploads\/2024\/09\/main-logo.png\",\"contentUrl\":\"https:\/\/legitgrams.com\/wp-content\/uploads\/2024\/09\/main-logo.png\",\"width\":270,\"height\":75,\"caption\":\"Legit Grams\"},\"image\":{\"@id\":\"https:\/\/legitgrams.com\/#\/schema\/logo\/image\/\"}}]}<\/script>\n<!-- \/ Yoast SEO plugin. -->","yoast_head_json":{"title":"Sistema transd\u00e9rmico de fentanil Patch \u00e0 venda @ Melhor pre\u00e7o | LG","description":"Se quiser comprar Fentanyl Transdermal System Patch online, ent\u00e3o visite a nossa loja online Legitgrams. Temos produtos de alta qualidade como Fentanyl Transdermal System Patch para venda. Fa\u00e7a a sua encomenda agora!","robots":{"index":"index","follow":"follow","max-snippet":"max-snippet:-1","max-image-preview":"max-image-preview:large","max-video-preview":"max-video-preview:-1"},"canonical":"https:\/\/legitgrams.com\/pt\/produto\/adesivo-de-sistema-transdermico-de-fentanil\/","og_locale":"pt_PT","og_type":"article","og_title":"Fentanyl Transdermal System Patch for Sale @ Best Price | LG","og_description":"If you want to buy Fentanyl Transdermal System Patch online, then visit our online store Legitgrams. We have high-quality products like Fentanyl Transdermal System Patch for sale. Place your order now!","og_url":"https:\/\/legitgrams.com\/pt\/produto\/adesivo-de-sistema-transdermico-de-fentanil\/","og_site_name":"Legit Grams","article_modified_time":"2025-04-05T05:49:20+00:00","og_image":[{"width":600,"height":600,"url":"https:\/\/legitgrams.com\/wp-content\/uploads\/2024\/09\/buy-fentanyl-transdermal-system-patch.jpg","type":"image\/jpeg"}],"twitter_card":"summary_large_image","twitter_misc":{"Tempo estimado de leitura":"2 minutos"},"schema":{"@context":"https:\/\/schema.org","@graph":[{"@type":"WebPage","@id":"https:\/\/legitgrams.com\/product\/fentanyl-transdermal-system-patch\/","url":"https:\/\/legitgrams.com\/product\/fentanyl-transdermal-system-patch\/","name":"Sistema transd\u00e9rmico de fentanil Patch \u00e0 venda @ Melhor pre\u00e7o | LG","isPartOf":{"@id":"https:\/\/legitgrams.com\/#website"},"primaryImageOfPage":{"@id":"https:\/\/legitgrams.com\/product\/fentanyl-transdermal-system-patch\/#primaryimage"},"image":{"@id":"https:\/\/legitgrams.com\/product\/fentanyl-transdermal-system-patch\/#primaryimage"},"thumbnailUrl":"https:\/\/legitgrams.com\/wp-content\/uploads\/2024\/09\/buy-fentanyl-transdermal-system-patch.jpg","datePublished":"2024-09-20T08:39:08+00:00","dateModified":"2025-04-05T05:49:20+00:00","description":"Se quiser comprar Fentanyl Transdermal System Patch online, ent\u00e3o visite a nossa loja online Legitgrams. Temos produtos de alta qualidade como Fentanyl Transdermal System Patch para venda. Fa\u00e7a a sua encomenda agora!","breadcrumb":{"@id":"https:\/\/legitgrams.com\/product\/fentanyl-transdermal-system-patch\/#breadcrumb"},"inLanguage":"pt-PT","potentialAction":[{"@type":"ReadAction","target":["https:\/\/legitgrams.com\/product\/fentanyl-transdermal-system-patch\/"]}]},{"@type":"ImageObject","inLanguage":"pt-PT","@id":"https:\/\/legitgrams.com\/product\/fentanyl-transdermal-system-patch\/#primaryimage","url":"https:\/\/legitgrams.com\/wp-content\/uploads\/2024\/09\/buy-fentanyl-transdermal-system-patch.jpg","contentUrl":"https:\/\/legitgrams.com\/wp-content\/uploads\/2024\/09\/buy-fentanyl-transdermal-system-patch.jpg","width":600,"height":600,"caption":"Fentanyl Transdermal System Patch for Sale"},{"@type":"BreadcrumbList","@id":"https:\/\/legitgrams.com\/product\/fentanyl-transdermal-system-patch\/#breadcrumb","itemListElement":[{"@type":"ListItem","position":1,"name":"Home","item":"https:\/\/legitgrams.com\/"},{"@type":"ListItem","position":2,"name":"Shop","item":"https:\/\/legitgrams.com\/shop\/"},{"@type":"ListItem","position":3,"name":"Buy Fentanyl Transdermal System Patch Online"}]},{"@type":"WebSite","@id":"https:\/\/legitgrams.com\/#website","url":"https:\/\/legitgrams.com\/","name":"Gramas leg\u00edtimas","description":"O meu blogue WordPress","publisher":{"@id":"https:\/\/legitgrams.com\/#organization"},"potentialAction":[{"@type":"SearchAction","target":{"@type":"EntryPoint","urlTemplate":"https:\/\/legitgrams.com\/?s={search_term_string}"},"query-input":{"@type":"PropertyValueSpecification","valueRequired":true,"valueName":"search_term_string"}}],"inLanguage":"pt-PT"},{"@type":"Organization","@id":"https:\/\/legitgrams.com\/#organization","name":"Gramas leg\u00edtimas","url":"https:\/\/legitgrams.com\/","logo":{"@type":"ImageObject","inLanguage":"pt-PT","@id":"https:\/\/legitgrams.com\/#\/schema\/logo\/image\/","url":"https:\/\/legitgrams.com\/wp-content\/uploads\/2024\/09\/main-logo.png","contentUrl":"https:\/\/legitgrams.com\/wp-content\/uploads\/2024\/09\/main-logo.png","width":270,"height":75,"caption":"Legit Grams"},"image":{"@id":"https:\/\/legitgrams.com\/#\/schema\/logo\/image\/"}}]}},"uagb_featured_image_src":{"full":["https:\/\/legitgrams.com\/wp-content\/uploads\/2024\/09\/buy-fentanyl-transdermal-system-patch.jpg",600,600,false],"thumbnail":["https:\/\/legitgrams.com\/wp-content\/uploads\/2024\/09\/buy-fentanyl-transdermal-system-patch-150x150.jpg",150,150,true],"medium":["https:\/\/legitgrams.com\/wp-content\/uploads\/2024\/09\/buy-fentanyl-transdermal-system-patch-300x300.jpg",300,300,true],"medium_large":["https:\/\/legitgrams.com\/wp-content\/uploads\/2024\/09\/buy-fentanyl-transdermal-system-patch.jpg",600,600,false],"large":["https:\/\/legitgrams.com\/wp-content\/uploads\/2024\/09\/buy-fentanyl-transdermal-system-patch.jpg",600,600,false],"1536x1536":["https:\/\/legitgrams.com\/wp-content\/uploads\/2024\/09\/buy-fentanyl-transdermal-system-patch.jpg",600,600,false],"2048x2048":["https:\/\/legitgrams.com\/wp-content\/uploads\/2024\/09\/buy-fentanyl-transdermal-system-patch.jpg",600,600,false],"trp-custom-language-flag":["https:\/\/legitgrams.com\/wp-content\/uploads\/2024\/09\/buy-fentanyl-transdermal-system-patch-12x12.jpg",12,12,true],"woocommerce_thumbnail":["https:\/\/legitgrams.com\/wp-content\/uploads\/2024\/09\/buy-fentanyl-transdermal-system-patch-300x300.jpg",300,300,true],"woocommerce_single":["https:\/\/legitgrams.com\/wp-content\/uploads\/2024\/09\/buy-fentanyl-transdermal-system-patch.jpg",600,600,false],"woocommerce_gallery_thumbnail":["https:\/\/legitgrams.com\/wp-content\/uploads\/2024\/09\/buy-fentanyl-transdermal-system-patch-100x100.jpg",100,100,true]},"uagb_author_info":{"display_name":"cokeblog18","author_link":"https:\/\/legitgrams.com\/pt\/author\/"},"uagb_comment_info":0,"uagb_excerpt":"Purchase a Transdermal System Patch for Fentanyl Online What is a fentanyl patch? Fentanyl belongs to the class of drugs known as opioids. Fentanyl is used to treat severe persistent, chronic (long-term) pain (narcotics) in patients who need constant pain treatment and are simultaneously taking other opioids. Where can I purchase patches for fentanyl online?&hellip;","_links":{"self":[{"href":"https:\/\/legitgrams.com\/pt\/wp-json\/wp\/v2\/product\/3863","targetHints":{"allow":["GET"]}}],"collection":[{"href":"https:\/\/legitgrams.com\/pt\/wp-json\/wp\/v2\/product"}],"about":[{"href":"https:\/\/legitgrams.com\/pt\/wp-json\/wp\/v2\/types\/product"}],"replies":[{"embeddable":true,"href":"https:\/\/legitgrams.com\/pt\/wp-json\/wp\/v2\/comments?post=3863"}],"wp:featuredmedia":[{"embeddable":true,"href":"https:\/\/legitgrams.com\/pt\/wp-json\/wp\/v2\/media\/5230"}],"wp:attachment":[{"href":"https:\/\/legitgrams.com\/pt\/wp-json\/wp\/v2\/media?parent=3863"}],"wp:term":[{"taxonomy":"product_brand","embeddable":true,"href":"https:\/\/legitgrams.com\/pt\/wp-json\/wp\/v2\/product_brand?post=3863"},{"taxonomy":"product_cat","embeddable":true,"href":"https:\/\/legitgrams.com\/pt\/wp-json\/wp\/v2\/product_cat?post=3863"},{"taxonomy":"product_tag","embeddable":true,"href":"https:\/\/legitgrams.com\/pt\/wp-json\/wp\/v2\/product_tag?post=3863"}],"curies":[{"name":"wp","href":"https:\/\/api.w.org\/{rel}","templated":true}]}}